{"id":1560,"date":"2022-12-12T16:08:59","date_gmt":"2022-12-12T08:08:59","guid":{"rendered":"http:\/\/www.zongdamining.com\/?post_type=product&#038;p=1560"},"modified":"2023-01-29T16:41:57","modified_gmt":"2023-01-29T08:41:57","slug":"fbd6-3-2x22-tunnel-fan-underground-mine-ventilation-blower","status":"publish","type":"product","link":"https:\/\/www.zongdamining.com\/fr\/product\/fbd6-3-2x22-tunnel-fan-underground-mine-ventilation-blower\/","title":{"rendered":"Ventilateur de tunnel Fbd6.3\/2X22, souffleur de ventilation de mine souterraine"},"content":{"rendered":"<div>\n<p>Nous avons une gestion et des tests de qualit\u00e9 professionnels. Nos produits sont produits gr\u00e2ce \u00e0 un syst\u00e8me strict de contr\u00f4le de qualit\u00e9. Notre entreprise se concentre sur l'aide \u00e0 nos clients pour atteindre un objectif commun qui est de produire une locomotive de batterie de mine de charbon de plus grande qualit\u00e9, chargeur de roche, forage de roche souterrain \u00e0 un prix bas. Notre entreprise a toujours centr\u00e9 sur la strat\u00e9gie de &#8216; Technologie pour l'\u00e9ternit\u00e9, innovation pour l'avenir&#8217; adh\u00e8re \u00e0 la technologie orient\u00e9e vers le march\u00e9 et sert les clients mondiaux avec des produits de haute qualit\u00e9 et d'excellents services. Nous continuons d'innover et d'am\u00e9liorer pour faire de notre entreprise une partie de notre gamme en croissance rapide et aider nos employ\u00e9s \u00e0 obtenir un avantage et \u00e0 am\u00e9liorer leur valeur personnelle. Nous esp\u00e9rons avoir des relations de coop\u00e9ration \u00e0 long terme avec nos clients. Notre entreprise peut r\u00e9duire efficacement les stocks, am\u00e9liorer l'efficacit\u00e9 op\u00e9rationnelle et la r\u00e9activit\u00e9 au march\u00e9 et avoir un impact profond sur l'ensemble de la gestion de l'entreprise.<\/p>\n<\/div>\n<div>\n<p><img fetchpriority=\"high\" decoding=\"async\" class=\"alignnone wp-image-1409 size-full\" src=\"http:\/\/www.zongdamining.com\/wp-content\/uploads\/2022\/12\/202005251737177cfa6404b79a4418b76a8de5ad2b504e.jpg\" alt=\"\" width=\"750\" height=\"750\" srcset=\"https:\/\/www.zongdamining.com\/wp-content\/uploads\/2022\/12\/202005251737177cfa6404b79a4418b76a8de5ad2b504e.jpg 750w, https:\/\/www.zongdamining.com\/wp-content\/uploads\/2022\/12\/202005251737177cfa6404b79a4418b76a8de5ad2b504e-300x300.jpg 300w, https:\/\/www.zongdamining.com\/wp-content\/uploads\/2022\/12\/202005251737177cfa6404b79a4418b76a8de5ad2b504e-150x150.jpg 150w, https:\/\/www.zongdamining.com\/wp-content\/uploads\/2022\/12\/202005251737177cfa6404b79a4418b76a8de5ad2b504e-600x600.jpg 600w, https:\/\/www.zongdamining.com\/wp-content\/uploads\/2022\/12\/202005251737177cfa6404b79a4418b76a8de5ad2b504e-100x100.jpg 100w\" sizes=\"(max-width: 750px) 100vw, 750px\" \/><\/p>\n<p><strong>Sp\u00e9cification<\/strong><\/p>\n<p>Ventilateur de ventilation de tunnel SDS utilis\u00e9 pour le syst\u00e8me de ventilation longitudinale du tunnel, les ventilateurs sont install\u00e9s suspendus sur le toit sup\u00e9rieur du tunnel ou des deux c\u00f4t\u00e9s, qui n'affectent pas le trafic, pas besoin de construire la voie d'\u00e9chappement. B\u00e2timent \u00e0 faible co\u00fbt, est tr\u00e8s parfait ventilateurs de ventilation.<\/p>\n<p><strong>Caract\u00e9ristiques principales<\/strong><\/p>\n<p>1) Structure simple en type lin\u00e9aire, facile dans l'installation et le maintien.<\/p>\n<p>2) Adopter des composants avanc\u00e9s de marque de renomm\u00e9e mondiale dans les pi\u00e8ces pneumatiques, les pi\u00e8ces \u00e9lectriques et les pi\u00e8ces d'exploitation.<\/p>\n<p>3) double manivelle haute pression pour contr\u00f4ler l'ouverture et la fermeture de la matrice.<\/p>\n<p>4) Ex\u00e9cution dans une automatisation et une intellectualisation \u00e9lev\u00e9es, aucune pollution<\/p>\n<p>5) Appliquer un connecteur pour se connecter au convoyeur d'air, qui peut directement en ligne avec la machine de remplissage.<\/p>\n<p><strong>Structure g\u00e9n\u00e9rale du ventilateur SDS<\/strong><\/p>\n<p>Le ventilateur SDS est une combinaison de ventilateur \u00e0 d\u00e9bit axial et silencieux externe. Le ventilateur \u00e0 jet de tunnel SDS est principalement compos\u00e9 d'un silencieux d'admission, d'un moteur principal, d'un silencieux de sortie et d'un moteur.<\/p>\n<p><img decoding=\"async\" class=\"alignnone wp-image-1408 size-full\" src=\"http:\/\/www.zongdamining.com\/wp-content\/uploads\/2022\/12\/20200525173750c36c150db78c43a292cabb6855fdf9d5.jpg\" alt=\"\" width=\"750\" height=\"750\" srcset=\"https:\/\/www.zongdamining.com\/wp-content\/uploads\/2022\/12\/20200525173750c36c150db78c43a292cabb6855fdf9d5.jpg 750w, https:\/\/www.zongdamining.com\/wp-content\/uploads\/2022\/12\/20200525173750c36c150db78c43a292cabb6855fdf9d5-300x300.jpg 300w, https:\/\/www.zongdamining.com\/wp-content\/uploads\/2022\/12\/20200525173750c36c150db78c43a292cabb6855fdf9d5-150x150.jpg 150w, https:\/\/www.zongdamining.com\/wp-content\/uploads\/2022\/12\/20200525173750c36c150db78c43a292cabb6855fdf9d5-600x600.jpg 600w, https:\/\/www.zongdamining.com\/wp-content\/uploads\/2022\/12\/20200525173750c36c150db78c43a292cabb6855fdf9d5-100x100.jpg 100w\" sizes=\"(max-width: 750px) 100vw, 750px\" \/><\/p>\n<p>Le ventilateur de tunnel \u00e0 haut rendement et \u00e0 faible bruit de la s\u00e9rie SDF est compos\u00e9 de trois sections: section silencieuse d'admission (collecteur d'air, filet de protection, d\u00e9flecteur, grille de redressement, silencieux); section de ventilateur (bo\u00eetier, roue (lame mobile), lame fixe (lame de guidage), moteur); section silencieuse de sortie (silencieux de sortie).<\/p>\n<p>1) Impulseur (lame mobile) : il est compos\u00e9 de lame et de moyeu. Le moyeu est en acier coul\u00e9 zg230-450. La lame est une lame r\u00e9glable en alliage de silicium en aluminium ZL104 coul\u00e9e de pr\u00e9cision. La racine et la queue de la lame sont con\u00e7ues. La coul\u00e9e de processus ajoute une correction d'\u00e9quilibre statique et dynamique stricte, un test de vitesse, un fonctionnement stable et fiable.<\/p>\n<p>2) pi\u00e8ce de coquille: il est fait de plaque d'acier ordinaire par soudage, et le cylindre int\u00e9rieur est \u00e9quip\u00e9 d'une palette de guidage arri\u00e8re statique, qui est trait\u00e9e en \u00e9liminant la contrainte de soudage.<\/p>\n<p><img decoding=\"async\" class=\"alignnone wp-image-1561 size-full\" src=\"http:\/\/www.zongdamining.com\/wp-content\/uploads\/2022\/12\/202005251738019b92d8b24ac94bffbff9fff5de631363-1.jpg\" alt=\"\" width=\"750\" height=\"750\" srcset=\"https:\/\/www.zongdamining.com\/wp-content\/uploads\/2022\/12\/202005251738019b92d8b24ac94bffbff9fff5de631363-1.jpg 750w, https:\/\/www.zongdamining.com\/wp-content\/uploads\/2022\/12\/202005251738019b92d8b24ac94bffbff9fff5de631363-1-300x300.jpg 300w, https:\/\/www.zongdamining.com\/wp-content\/uploads\/2022\/12\/202005251738019b92d8b24ac94bffbff9fff5de631363-1-150x150.jpg 150w, https:\/\/www.zongdamining.com\/wp-content\/uploads\/2022\/12\/202005251738019b92d8b24ac94bffbff9fff5de631363-1-600x600.jpg 600w, https:\/\/www.zongdamining.com\/wp-content\/uploads\/2022\/12\/202005251738019b92d8b24ac94bffbff9fff5de631363-1-100x100.jpg 100w\" sizes=\"(max-width: 750px) 100vw, 750px\" \/><\/p>\n<\/div>\n<div><\/div>\n<div>\n<p>Avec l'esprit de haute qualit\u00e9, d'excellent service et de d\u00e9veloppement, nous pr\u00eatons attention aux d\u00e9tails et poursuivons des concepts de gestion parfaits pour produire un ventilateur de tunnel Fbd6.3 \/ 2X22, un ventilateur de ventilation de mine souterraine avec des performances stables et fiables. Nous cr\u00e9erons un syst\u00e8me de marketing moderne pour vous, y compris le d\u00e9veloppement du march\u00e9, la gestion des ventes, la gestion de la satisfaction de la client\u00e8le, la formation professionnelle du personnel, l'innovation du mod\u00e8le de profit et d'autres syst\u00e8mes. Nous am\u00e9liorons globalement la pr\u00e9voyance et la syst\u00e9maticit\u00e9 de la gestion des risques, contr\u00f4lons strictement, pr\u00e9venons et \u00e9vitons les risques commerciaux, afin d'am\u00e9liorer continuellement la valeur de l'entreprise.<\/p>\n<\/div>","protected":false},"excerpt":{"rendered":"<p>Ventilateur de ventilation de tunnel SDS utilis\u00e9 pour le syst\u00e8me de ventilation longitudinale du tunnel, les ventilateurs sont install\u00e9s suspendus sur le toit sup\u00e9rieur du tunnel ou des deux c\u00f4t\u00e9s, qui n'affectent pas le trafic, pas besoin de construire la voie d'\u00e9chappement.<\/p>","protected":false},"featured_media":1296,"comment_status":"open","ping_status":"closed","template":"","meta":{"_acf_changed":false},"product_brand":[],"product_cat":[28],"product_tag":[],"class_list":{"0":"post-1560","1":"product","2":"type-product","3":"status-publish","4":"has-post-thumbnail","6":"product_cat-underground-ventilation-systems","8":"first","9":"instock","10":"shipping-taxable","11":"product-type-simple"},"acf":[],"_links":{"self":[{"href":"https:\/\/www.zongdamining.com\/fr\/wp-json\/wp\/v2\/product\/1560","targetHints":{"allow":["GET"]}}],"collection":[{"href":"https:\/\/www.zongdamining.com\/fr\/wp-json\/wp\/v2\/product"}],"about":[{"href":"https:\/\/www.zongdamining.com\/fr\/wp-json\/wp\/v2\/types\/product"}],"replies":[{"embeddable":true,"href":"https:\/\/www.zongdamining.com\/fr\/wp-json\/wp\/v2\/comments?post=1560"}],"wp:featuredmedia":[{"embeddable":true,"href":"https:\/\/www.zongdamining.com\/fr\/wp-json\/wp\/v2\/media\/1296"}],"wp:attachment":[{"href":"https:\/\/www.zongdamining.com\/fr\/wp-json\/wp\/v2\/media?parent=1560"}],"wp:term":[{"taxonomy":"product_brand","embeddable":true,"href":"https:\/\/www.zongdamining.com\/fr\/wp-json\/wp\/v2\/product_brand?post=1560"},{"taxonomy":"product_cat","embeddable":true,"href":"https:\/\/www.zongdamining.com\/fr\/wp-json\/wp\/v2\/product_cat?post=1560"},{"taxonomy":"product_tag","embeddable":true,"href":"https:\/\/www.zongdamining.com\/fr\/wp-json\/wp\/v2\/product_tag?post=1560"}],"curies":[{"name":"WP","href":"https:\/\/api.w.org\/{rel}","templated":true}]}}