{"id":1567,"date":"2022-12-12T16:15:23","date_gmt":"2022-12-12T08:15:23","guid":{"rendered":"http:\/\/www.zongdamining.com\/?post_type=product&#038;p=1567"},"modified":"2022-12-16T11:07:35","modified_gmt":"2022-12-16T03:07:35","slug":"underground-lhd-loader","status":"publish","type":"product","link":"https:\/\/www.zongdamining.com\/fr\/product\/underground-lhd-loader\/","title":{"rendered":"Chargeur LHD souterrain"},"content":{"rendered":"<p><img fetchpriority=\"high\" decoding=\"async\" class=\"alignnone wp-image-1511 size-full\" src=\"http:\/\/www.zongdamining.com\/wp-content\/uploads\/2022\/12\/underground-lhd-loader34383763888.jpg\" alt=\"\" width=\"730\" height=\"730\" srcset=\"https:\/\/www.zongdamining.com\/wp-content\/uploads\/2022\/12\/underground-lhd-loader34383763888.jpg 730w, https:\/\/www.zongdamining.com\/wp-content\/uploads\/2022\/12\/underground-lhd-loader34383763888-300x300.jpg 300w, https:\/\/www.zongdamining.com\/wp-content\/uploads\/2022\/12\/underground-lhd-loader34383763888-150x150.jpg 150w, https:\/\/www.zongdamining.com\/wp-content\/uploads\/2022\/12\/underground-lhd-loader34383763888-600x600.jpg 600w, https:\/\/www.zongdamining.com\/wp-content\/uploads\/2022\/12\/underground-lhd-loader34383763888-100x100.jpg 100w\" sizes=\"(max-width: 730px) 100vw, 730px\" \/><\/p>\n<p><strong>Donn\u00e9es techniques<\/strong><\/p>\n<p>Le chargeur LHD souterrain ZONGDA est sp\u00e9cialement utilis\u00e9 pour charger et transporter des mati\u00e8res autres que le charbon apr\u00e8s avoir explos\u00e9 sous la mine. L'environnement doit \u00eatre un tunnel sans mat\u00e9riau explosif, ferme \u00e0 l'arri\u00e8re plan, ventilation ad\u00e9quate, et toit et c\u00f4t\u00e9 de route sans pierre ponce.<\/p>\n<p>Il peut \u00e9galement \u00eatre utilis\u00e9 dans des projets de tunnel tels que les chemins de fer et les routes, en particulier ceux en mauvais \u00e9tat de travail, la zone de travail \u00e9troite, la plate-forme de travail basse et sale. La machine utilise le moteur \u00e0 combustion DEUTZ \u00e0 double \u00e9tape le plus avanc\u00e9, refroidi par vent, \u00e0 faible NOx, avec purificateur d'\u00e9chappement sec censur\u00e9 en platine du Canada. Le syst\u00e8me d'entra\u00eenement utilise le convertisseur de couple hydraulique CLARK et la transmission de d\u00e9calage de puissance, facile \u00e0 manipuler et stable. Le syst\u00e8me de freinage utilise un syst\u00e8me de freinage double hydraulique, avec frein multi-disque de type humide et diff\u00e9rentiel antid\u00e9rapant USA NO-SPIN pour assurer la s\u00e9curit\u00e9 dans un mauvais environnement de travail. Les pi\u00e8ces d\u00e9tach\u00e9es du syst\u00e8me hydraulique utilisent des pi\u00e8ces COMMERCIALES, tout d\u00e9tournement hydraulique et commande manuelle. Le cadre principal bien con\u00e7u et le m\u00e9canisme \u00e0 six barres assurent la bonne forme et la haute efficacit\u00e9.<\/p>\n<p><img decoding=\"async\" class=\"alignnone wp-image-1509 size-full\" src=\"http:\/\/www.zongdamining.com\/wp-content\/uploads\/2022\/12\/202004201737327bf7e68c1c304b70a0fc9e554400624c.jpg\" alt=\"\" width=\"750\" height=\"750\" srcset=\"https:\/\/www.zongdamining.com\/wp-content\/uploads\/2022\/12\/202004201737327bf7e68c1c304b70a0fc9e554400624c.jpg 750w, https:\/\/www.zongdamining.com\/wp-content\/uploads\/2022\/12\/202004201737327bf7e68c1c304b70a0fc9e554400624c-300x300.jpg 300w, https:\/\/www.zongdamining.com\/wp-content\/uploads\/2022\/12\/202004201737327bf7e68c1c304b70a0fc9e554400624c-150x150.jpg 150w, https:\/\/www.zongdamining.com\/wp-content\/uploads\/2022\/12\/202004201737327bf7e68c1c304b70a0fc9e554400624c-600x600.jpg 600w, https:\/\/www.zongdamining.com\/wp-content\/uploads\/2022\/12\/202004201737327bf7e68c1c304b70a0fc9e554400624c-100x100.jpg 100w\" sizes=\"(max-width: 750px) 100vw, 750px\" \/><\/p>\n<p>Le Diesel LHD a une capacit\u00e9 de 4 tonnes. Il est aliment\u00e9 par le moteur DEUTZ BF4L914, am\u00e9liore la productivit\u00e9 et le tunnel souterrain, et r\u00e9duit efficacement la pollution.<\/p>\n<p><strong>Caract\u00e9ristiques<\/strong><\/p>\n<p>\u25c6  Convertisseur de couple hydraulique Dana et bo\u00eete de vitesses \u00e0 changement de puissance sont adopt\u00e9s.<\/p>\n<p>\u25c6  Le frein multi-disque humide enti\u00e8rement ferm\u00e9, le frein \u00e0 ressort et les freins de lib\u00e9ration hydrauliques sont utilis\u00e9s pour le frein de travail.<\/p>\n<p>\u25c6  Le diff\u00e9rentiel antid\u00e9rapant No-Spin import\u00e9 des \u00c9tats-Unis est adopt\u00e9 pour l'essieu avant.<\/p>\n<p>\u25c6  Le cadre de bascule de type bo\u00eete est adopt\u00e9 pour la bascule de l'essieu arri\u00e8re, ce qui r\u00e9duit le taux de d\u00e9faillance.<\/p>\n<p>\u25c6  Le chargeur LHD souterrain ZONGDA adopte la charni\u00e8re centrale, la direction assist\u00e9e hydraulique compl\u00e8te.<\/p>\n<p><img decoding=\"async\" class=\"alignnone wp-image-1510 size-full\" src=\"http:\/\/www.zongdamining.com\/wp-content\/uploads\/2022\/12\/20200420173738999b3ef8f314439d816584608d7bc091.jpg\" alt=\"\" width=\"750\" height=\"750\" srcset=\"https:\/\/www.zongdamining.com\/wp-content\/uploads\/2022\/12\/20200420173738999b3ef8f314439d816584608d7bc091.jpg 750w, https:\/\/www.zongdamining.com\/wp-content\/uploads\/2022\/12\/20200420173738999b3ef8f314439d816584608d7bc091-300x300.jpg 300w, https:\/\/www.zongdamining.com\/wp-content\/uploads\/2022\/12\/20200420173738999b3ef8f314439d816584608d7bc091-150x150.jpg 150w, https:\/\/www.zongdamining.com\/wp-content\/uploads\/2022\/12\/20200420173738999b3ef8f314439d816584608d7bc091-600x600.jpg 600w, https:\/\/www.zongdamining.com\/wp-content\/uploads\/2022\/12\/20200420173738999b3ef8f314439d816584608d7bc091-100x100.jpg 100w\" sizes=\"(max-width: 750px) 100vw, 750px\" \/><\/p>\n<p><strong>Donn\u00e9es techniques<\/strong><\/p>\n<div class=\"table-responsive\">\n<table class=\"table\" border=\"0\" width=\"100%\" cellspacing=\"0\" cellpadding=\"0\">\n<tbody>\n<tr class=\"firstRow\">\n<td width=\"181\">Capacit\u00e9 nominale du seau<\/td>\n<td width=\"181\">2 m\u00b3<\/td>\n<td width=\"181\">Vitesse de fonctionnement<\/td>\n<td width=\"181\">0-18 m\/h<\/td>\n<\/tr>\n<tr>\n<td width=\"181\">Charge utile nominale<\/td>\n<td width=\"181\">4T<\/td>\n<td width=\"181\">D\u00e9gagement minimum<\/td>\n<td width=\"181\">280mm<\/td>\n<\/tr>\n<tr>\n<td width=\"181\">Force de rupture maximale<\/td>\n<td width=\"181\">102KN<\/td>\n<td width=\"181\">Angle de direction max.<\/td>\n<td width=\"181\">\u00b1 42\u00b0<\/td>\n<\/tr>\n<tr>\n<td width=\"181\">Force de traction maximale<\/td>\n<td width=\"181\">104KN<\/td>\n<td width=\"181\">Angle de bascule de l'essieu arri\u00e8re<\/td>\n<td width=\"181\">\u00b1 7\u00b0<\/td>\n<\/tr>\n<tr>\n<td width=\"181\">Max. Hauteur de dumping<\/td>\n<td width=\"181\">1743mm<\/td>\n<td width=\"181\">Angle de d\u00e9part<\/td>\n<td width=\"181\">16\u00b0<\/td>\n<\/tr>\n<tr>\n<td width=\"181\">Max. Gradabilit\u00e9<\/td>\n<td width=\"181\">\u2264 20\u00b0<\/td>\n<td width=\"181\">Type de pneu<\/td>\n<td width=\"181\">12.00-24<\/td>\n<\/tr>\n<tr>\n<td width=\"181\">Min. Hauteur de dumping<\/td>\n<td width=\"181\">860 mm<\/td>\n<td width=\"181\">Base de roues<\/td>\n<td width=\"181\">2540 mm<\/td>\n<\/tr>\n<tr>\n<td rowspan=\"2\" width=\"181\">Min. rayon de tournage<\/td>\n<td width=\"181\">4980 (ext\u00e9rieur)<\/td>\n<td rowspan=\"2\" width=\"181\">moteur<\/td>\n<td width=\"181\">Deutz BF4L914<\/td>\n<\/tr>\n<tr>\n<td width=\"181\">2500 (Int\u00e9rieur)<\/td>\n<td width=\"181\">Deutz BF4M1013EC<\/td>\n<\/tr>\n<tr>\n<td width=\"181\">Dimensions ext\u00e9rieures<\/td>\n<td width=\"181\">6900*1770*2050 mm\u00b3<\/td>\n<td width=\"181\">Poids d'op\u00e9ration<\/td>\n<td width=\"181\">12.5T<\/td>\n<\/tr>\n<\/tbody>\n<\/table>\n<\/div>\n<p><img loading=\"lazy\" decoding=\"async\" class=\"alignnone wp-image-1514 size-full\" src=\"http:\/\/www.zongdamining.com\/wp-content\/uploads\/2022\/12\/202004201738356ffa6b7706d84702a7a3b12380317ad6.jpg\" alt=\"\" width=\"750\" height=\"415\" srcset=\"https:\/\/www.zongdamining.com\/wp-content\/uploads\/2022\/12\/202004201738356ffa6b7706d84702a7a3b12380317ad6.jpg 750w, https:\/\/www.zongdamining.com\/wp-content\/uploads\/2022\/12\/202004201738356ffa6b7706d84702a7a3b12380317ad6-300x166.jpg 300w, https:\/\/www.zongdamining.com\/wp-content\/uploads\/2022\/12\/202004201738356ffa6b7706d84702a7a3b12380317ad6-600x332.jpg 600w\" sizes=\"(max-width: 750px) 100vw, 750px\" \/><\/p>\n<p><img loading=\"lazy\" decoding=\"async\" class=\"alignnone wp-image-1513 size-full\" src=\"http:\/\/www.zongdamining.com\/wp-content\/uploads\/2022\/12\/202004201738390ed35f4107b940d98b2c15ae93b2e7d8.jpg\" alt=\"\" width=\"750\" height=\"468\" srcset=\"https:\/\/www.zongdamining.com\/wp-content\/uploads\/2022\/12\/202004201738390ed35f4107b940d98b2c15ae93b2e7d8.jpg 750w, https:\/\/www.zongdamining.com\/wp-content\/uploads\/2022\/12\/202004201738390ed35f4107b940d98b2c15ae93b2e7d8-300x187.jpg 300w, https:\/\/www.zongdamining.com\/wp-content\/uploads\/2022\/12\/202004201738390ed35f4107b940d98b2c15ae93b2e7d8-600x374.jpg 600w\" sizes=\"(max-width: 750px) 100vw, 750px\" \/><\/p>","protected":false},"excerpt":{"rendered":"<p>Le chargeur LHD souterrain ZONGDA est sp\u00e9cialement utilis\u00e9 pour charger et transporter des mati\u00e8res autres que le charbon apr\u00e8s avoir explos\u00e9 sous la mine. L'environnement doit \u00eatre un tunnel sans mat\u00e9riau explosif, ferme \u00e0 l'arri\u00e8re plan, ventilation ad\u00e9quate, et toit et c\u00f4t\u00e9 de route sans pierre ponce.<\/p>","protected":false},"featured_media":1511,"comment_status":"open","ping_status":"closed","template":"","meta":{"_acf_changed":false},"product_brand":[],"product_cat":[15],"product_tag":[],"class_list":{"0":"post-1567","1":"product","2":"type-product","3":"status-publish","4":"has-post-thumbnail","6":"product_cat-trackless-mining-equipment","8":"first","9":"instock","10":"shipping-taxable","11":"product-type-simple"},"acf":[],"_links":{"self":[{"href":"https:\/\/www.zongdamining.com\/fr\/wp-json\/wp\/v2\/product\/1567","targetHints":{"allow":["GET"]}}],"collection":[{"href":"https:\/\/www.zongdamining.com\/fr\/wp-json\/wp\/v2\/product"}],"about":[{"href":"https:\/\/www.zongdamining.com\/fr\/wp-json\/wp\/v2\/types\/product"}],"replies":[{"embeddable":true,"href":"https:\/\/www.zongdamining.com\/fr\/wp-json\/wp\/v2\/comments?post=1567"}],"wp:featuredmedia":[{"embeddable":true,"href":"https:\/\/www.zongdamining.com\/fr\/wp-json\/wp\/v2\/media\/1511"}],"wp:attachment":[{"href":"https:\/\/www.zongdamining.com\/fr\/wp-json\/wp\/v2\/media?parent=1567"}],"wp:term":[{"taxonomy":"product_brand","embeddable":true,"href":"https:\/\/www.zongdamining.com\/fr\/wp-json\/wp\/v2\/product_brand?post=1567"},{"taxonomy":"product_cat","embeddable":true,"href":"https:\/\/www.zongdamining.com\/fr\/wp-json\/wp\/v2\/product_cat?post=1567"},{"taxonomy":"product_tag","embeddable":true,"href":"https:\/\/www.zongdamining.com\/fr\/wp-json\/wp\/v2\/product_tag?post=1567"}],"curies":[{"name":"WP","href":"https:\/\/api.w.org\/{rel}","templated":true}]}}