{"id":1568,"date":"2022-12-12T16:19:32","date_gmt":"2022-12-12T08:19:32","guid":{"rendered":"http:\/\/www.zongdamining.com\/?post_type=product&#038;p=1568"},"modified":"2026-01-27T09:50:53","modified_gmt":"2026-01-27T01:50:53","slug":"12ton-underground-mining-dump-truck-ku-12","status":"publish","type":"product","link":"https:\/\/www.zongdamining.com\/fr\/product\/12ton-underground-mining-dump-truck-ku-12\/","title":{"rendered":"Camion \u00e0 virure mini\u00e8re souterrain de 12 tonnes (KU-12)"},"content":{"rendered":"<div>\n<p>En tant qu'un de l'entreprise&#8217; Produits principaux, Loco d'exploitation mini\u00e8re souterraine \u00e0 l'\u00e9preuve de la flamme, Machine de pulv\u00e9risation souterraine \u00e0 l'\u00e9preuve de la flamme, Cannons \u00e0 air de mat\u00e9riau a des avantages de prix \u00e9vidents par rapport aux pairs et a cultiv\u00e9 un groupe de vieux clients qui se soutiennent mutuellement, ce qui fait que nos ventes continuent d'augmenter et de devenir stables. Vous trouverez le prix le plus bas ici. Notre r\u00e9seau de services de vente est partout dans le monde pour garantir que les marchandises sont livr\u00e9es aux clients dans les plus brefs d\u00e9lais.<\/p>\n<\/div>\n<div>\n<p><img fetchpriority=\"high\" decoding=\"async\" class=\"alignnone wp-image-1571 size-full\" src=\"http:\/\/www.zongdamining.com\/wp-content\/uploads\/2022\/12\/underground-dump-truck03369135924.jpg\" alt=\"\" width=\"730\" height=\"730\" srcset=\"https:\/\/www.zongdamining.com\/wp-content\/uploads\/2022\/12\/underground-dump-truck03369135924.jpg 730w, https:\/\/www.zongdamining.com\/wp-content\/uploads\/2022\/12\/underground-dump-truck03369135924-300x300.jpg 300w, https:\/\/www.zongdamining.com\/wp-content\/uploads\/2022\/12\/underground-dump-truck03369135924-150x150.jpg 150w, https:\/\/www.zongdamining.com\/wp-content\/uploads\/2022\/12\/underground-dump-truck03369135924-600x600.jpg 600w, https:\/\/www.zongdamining.com\/wp-content\/uploads\/2022\/12\/underground-dump-truck03369135924-100x100.jpg 100w\" sizes=\"(max-width: 730px) 100vw, 730px\" \/><\/p>\n<p><strong>ZDDK-20 Caract\u00e9ristiques<\/strong><\/p>\n<p>Camion de d\u00e9charge souterrain<\/p>\n<p>Charge nominale de 20t, adapt\u00e9e au tunnel \u22654.5\u00d74.5m<\/p>\n<p>Adopter cadre articul\u00e9 central<\/p>\n<p>Levage double cylindre pour le seau<\/p>\n<p>Le v\u00e9hicule adopte le syst\u00e8me de commande hydraulique complet, qui assure bien la s\u00e9curit\u00e9, le confort et la durabilit\u00e9 du contr\u00f4le.<\/p>\n<p><img decoding=\"async\" class=\"alignnone wp-image-1453 size-full\" src=\"http:\/\/www.zongdamining.com\/wp-content\/uploads\/2022\/12\/underground-mining-truck38176055494.jpg\" alt=\"\" width=\"730\" height=\"730\" srcset=\"https:\/\/www.zongdamining.com\/wp-content\/uploads\/2022\/12\/underground-mining-truck38176055494.jpg 730w, https:\/\/www.zongdamining.com\/wp-content\/uploads\/2022\/12\/underground-mining-truck38176055494-300x300.jpg 300w, https:\/\/www.zongdamining.com\/wp-content\/uploads\/2022\/12\/underground-mining-truck38176055494-150x150.jpg 150w, https:\/\/www.zongdamining.com\/wp-content\/uploads\/2022\/12\/underground-mining-truck38176055494-600x600.jpg 600w, https:\/\/www.zongdamining.com\/wp-content\/uploads\/2022\/12\/underground-mining-truck38176055494-100x100.jpg 100w\" sizes=\"(max-width: 730px) 100vw, 730px\" \/><\/p>\n<p><strong>Param\u00e8tre et sp\u00e9cification du mod\u00e8le standard<\/strong><\/p>\n<div class=\"table-responsive\">\n<table class=\"table\" border=\"0\" width=\"100%\" cellspacing=\"0\" cellpadding=\"0\">\n<tbody>\n<tr class=\"firstRow\">\n<td width=\"176\">Dimension<\/td>\n<td width=\"437\">9050\uff08\u00b1100\uff09mm\u00d72280\uff08\u00b150\uff09mm\u00d72400\uff08\u00b150\uff09mm<\/td>\n<\/tr>\n<tr>\n<td width=\"176\">moteur<\/td>\n<td width=\"437\">DEUTZ F12L413FW \/ 204kW (VOLVO TAD853VE \/ 235KW en option)<\/td>\n<\/tr>\n<tr>\n<td width=\"176\">Convertisseur de couple<\/td>\n<td width=\"437\">DANA C5000<\/td>\n<\/tr>\n<tr>\n<td width=\"176\">Transmission<\/td>\n<td width=\"437\">DANA R36000<\/td>\n<\/tr>\n<tr>\n<td width=\"168\">Essieu d'entra\u00eenement<\/td>\n<td width=\"437\">KESSLER Allemagne<\/td>\n<\/tr>\n<tr>\n<td width=\"168\">seau<\/td>\n<td width=\"437\">10m\u00b3<\/td>\n<\/tr>\n<tr>\n<td width=\"168\">Charge nominale<\/td>\n<td width=\"437\">20 tonnes<\/td>\n<\/tr>\n<tr>\n<td width=\"168\">Poids de d\u00e9chargement<\/td>\n<td width=\"437\">20.8t<\/td>\n<\/tr>\n<tr>\n<td width=\"168\">Capacit\u00e9 d'escalade<\/td>\n<td width=\"437\">15\u00b0<\/td>\n<\/tr>\n<tr>\n<td width=\"168\">D\u00e9gagement Min.Ground<\/td>\n<td width=\"437\">340 mm<\/td>\n<\/tr>\n<tr>\n<td width=\"168\">Vitesse<\/td>\n<td width=\"437\">0-30.9km\/h<\/td>\n<\/tr>\n<tr>\n<td width=\"168\">Angle de tournage<\/td>\n<td width=\"437\">\u00b1 42\u00b0<\/td>\n<\/tr>\n<tr>\n<td width=\"168\">Angle joint<\/td>\n<td width=\"437\">\u00b1 8\u00b0<\/td>\n<\/tr>\n<tr>\n<td rowspan=\"3\" width=\"168\">Min. rayon de direction<\/td>\n<td width=\"437\">5105 (\u00b150) mm (\u00e0 l'int\u00e9rieur)<\/td>\n<\/tr>\n<tr>\n<td colspan=\"1\" rowspan=\"2\" width=\"437\">8275 (\u00b150) mm (ext\u00e9rieur)<\/td>\n<\/tr>\n<\/tbody>\n<\/table>\n<\/div>\n<p><img decoding=\"async\" class=\"alignnone wp-image-1570 size-full\" src=\"http:\/\/www.zongdamining.com\/wp-content\/uploads\/2022\/12\/202004210902414f0b47be6ec3458f8369f7f7c8193642.jpg\" alt=\"\" width=\"750\" height=\"712\" srcset=\"https:\/\/www.zongdamining.com\/wp-content\/uploads\/2022\/12\/202004210902414f0b47be6ec3458f8369f7f7c8193642.jpg 750w, https:\/\/www.zongdamining.com\/wp-content\/uploads\/2022\/12\/202004210902414f0b47be6ec3458f8369f7f7c8193642-300x285.jpg 300w, https:\/\/www.zongdamining.com\/wp-content\/uploads\/2022\/12\/202004210902414f0b47be6ec3458f8369f7f7c8193642-600x570.jpg 600w\" sizes=\"(max-width: 750px) 100vw, 750px\" \/><\/p>\n<\/div>\n<div><\/div>\n<div>\n<p>Nous poursuivons l'excellence, nous effor\u00e7ons de la perfection dans chacun de vos produits, soyons m\u00e9ticuleux et vous fournissons le meilleur camion \u00e0 virure minier souterrain de 12 tonnes (KU-12). Afin de permettre aux utilisateurs de b\u00e9n\u00e9ficier de services de soutien complets, de consultation technique parfaite et de service apr\u00e8s-vente parfait, nos produits et services ont \u00e9t\u00e9 continuellement mis \u00e0 niveau au fil des ans, qui a re\u00e7u des \u00e9loges unanimes! \u00c9tant centr\u00e9 sur le client, nous avons mis en place un syst\u00e8me de r\u00e9ponse rapide, efficace et complet pour servir les clients dans les 24 heures.<\/p>\n<\/div>","protected":false},"excerpt":{"rendered":"<p>Charge nominale de 20t, adapt\u00e9e au tunnel \u22654.5\u00d74.5m. Adopter cadre articul\u00e9 central<\/p>","protected":false},"featured_media":1571,"comment_status":"open","ping_status":"closed","template":"","meta":{"_acf_changed":false},"product_brand":[],"product_cat":[15],"product_tag":[],"class_list":{"0":"post-1568","1":"product","2":"type-product","3":"status-publish","4":"has-post-thumbnail","6":"product_cat-trackless-mining-equipment","8":"first","9":"instock","10":"shipping-taxable","11":"product-type-simple"},"acf":[],"_links":{"self":[{"href":"https:\/\/www.zongdamining.com\/fr\/wp-json\/wp\/v2\/product\/1568","targetHints":{"allow":["GET"]}}],"collection":[{"href":"https:\/\/www.zongdamining.com\/fr\/wp-json\/wp\/v2\/product"}],"about":[{"href":"https:\/\/www.zongdamining.com\/fr\/wp-json\/wp\/v2\/types\/product"}],"replies":[{"embeddable":true,"href":"https:\/\/www.zongdamining.com\/fr\/wp-json\/wp\/v2\/comments?post=1568"}],"wp:featuredmedia":[{"embeddable":true,"href":"https:\/\/www.zongdamining.com\/fr\/wp-json\/wp\/v2\/media\/1571"}],"wp:attachment":[{"href":"https:\/\/www.zongdamining.com\/fr\/wp-json\/wp\/v2\/media?parent=1568"}],"wp:term":[{"taxonomy":"product_brand","embeddable":true,"href":"https:\/\/www.zongdamining.com\/fr\/wp-json\/wp\/v2\/product_brand?post=1568"},{"taxonomy":"product_cat","embeddable":true,"href":"https:\/\/www.zongdamining.com\/fr\/wp-json\/wp\/v2\/product_cat?post=1568"},{"taxonomy":"product_tag","embeddable":true,"href":"https:\/\/www.zongdamining.com\/fr\/wp-json\/wp\/v2\/product_tag?post=1568"}],"curies":[{"name":"WP","href":"https:\/\/api.w.org\/{rel}","templated":true}]}}