{"id":1575,"date":"2022-12-12T16:26:57","date_gmt":"2022-12-12T08:26:57","guid":{"rendered":"http:\/\/www.zongdamining.com\/?post_type=product&#038;p=1575"},"modified":"2026-01-27T10:01:56","modified_gmt":"2026-01-27T02:01:56","slug":"underground-electric-loader","status":"publish","type":"product","link":"https:\/\/www.zongdamining.com\/fr\/product\/underground-electric-loader\/","title":{"rendered":"Chargeur \u00e9lectrique souterrain ZDL202EC"},"content":{"rendered":"<p><img fetchpriority=\"high\" decoding=\"async\" class=\"alignnone wp-image-1576 size-full\" src=\"http:\/\/www.zongdamining.com\/wp-content\/uploads\/2022\/12\/underground-electric-loader39386419673-1.jpg\" alt=\"\" width=\"730\" height=\"730\" srcset=\"https:\/\/www.zongdamining.com\/wp-content\/uploads\/2022\/12\/underground-electric-loader39386419673-1.jpg 730w, https:\/\/www.zongdamining.com\/wp-content\/uploads\/2022\/12\/underground-electric-loader39386419673-1-300x300.jpg 300w, https:\/\/www.zongdamining.com\/wp-content\/uploads\/2022\/12\/underground-electric-loader39386419673-1-150x150.jpg 150w, https:\/\/www.zongdamining.com\/wp-content\/uploads\/2022\/12\/underground-electric-loader39386419673-1-600x600.jpg 600w, https:\/\/www.zongdamining.com\/wp-content\/uploads\/2022\/12\/underground-electric-loader39386419673-1-100x100.jpg 100w\" sizes=\"(max-width: 730px) 100vw, 730px\" \/><\/p>\n<p><strong>Donn\u00e9es techniques<\/strong><\/p>\n<p>Le chargeur \u00e9lectrique souterrain ZONGDA est une sorte de LHD souterrain d\u00e9velopp\u00e9 conjointement avec des instituts de recherche scientifique en fonction de la situation sp\u00e9cifique des \u00e9quipements miniers souterrains sans voie en Chine et des caract\u00e9ristiques de mod\u00e8les similaires \u00e0 l'int\u00e9rieur et \u00e0 l'\u00e9tranger. Cette machine convient \u00e0 toutes sortes de m\u00e9thodes d'exploitation mini\u00e8re dans les petites et moyennes mines, telles que l'exploitation mini\u00e8re \u00e0 l'int\u00e9rieur et \u00e0 l'ext\u00e9rieur du tunnel, la construction et le nivellement du site de travail et de la route, le transport de mat\u00e9riaux et d'autres op\u00e9rations auxiliaires.<\/p>\n<p>Le LHD a une structure raisonnable, un fonctionnement pratique, un prix raisonnable et un support pratique. La machine adopte 380V moteur AC comme puissance, transmission m\u00e9canique hydrostatique, conduite bidirectionnelle, r\u00e9gulation de vitesse sans pas, bonnes performances de traction, rendement de production \u00e9lev\u00e9, contr\u00f4le hydraulique, r\u00e9traction et lib\u00e9ration automatiques de c\u00e2bles, et ses param\u00e8tres de performance ont atteint le niveau de mod\u00e8les \u00e9trangers similaires.<\/p>\n<p><img decoding=\"async\" class=\"alignnone wp-image-1573 size-full\" src=\"http:\/\/www.zongdamining.com\/wp-content\/uploads\/2022\/12\/2020042017423315c2cd05f8ab4f6d957007a6a676543b.jpg\" alt=\"\" width=\"750\" height=\"750\" srcset=\"https:\/\/www.zongdamining.com\/wp-content\/uploads\/2022\/12\/2020042017423315c2cd05f8ab4f6d957007a6a676543b.jpg 750w, https:\/\/www.zongdamining.com\/wp-content\/uploads\/2022\/12\/2020042017423315c2cd05f8ab4f6d957007a6a676543b-300x300.jpg 300w, https:\/\/www.zongdamining.com\/wp-content\/uploads\/2022\/12\/2020042017423315c2cd05f8ab4f6d957007a6a676543b-150x150.jpg 150w, https:\/\/www.zongdamining.com\/wp-content\/uploads\/2022\/12\/2020042017423315c2cd05f8ab4f6d957007a6a676543b-600x600.jpg 600w, https:\/\/www.zongdamining.com\/wp-content\/uploads\/2022\/12\/2020042017423315c2cd05f8ab4f6d957007a6a676543b-100x100.jpg 100w\" sizes=\"(max-width: 750px) 100vw, 750px\" \/><\/p>\n<p><strong>Caract\u00e9ristiques<\/strong><\/p>\n<p>\u25c6  Le LHD est con\u00e7u pour balancer le cadre apr\u00e8s la connexion de la bague pivotante, ce qui r\u00e9duit consid\u00e9rablement le taux de d\u00e9faillance.<\/p>\n<p>\u25c6  Le syst\u00e8me de d\u00e9placement adopte un fonctionnement de contr\u00f4le hydraulique complet, ce qui rend le syst\u00e8me de d\u00e9placement du chargeur plus agile, r\u00e9duit efficacement le taux de d\u00e9faillance et am\u00e9liore l'efficacit\u00e9 de travail.<\/p>\n<p>\u25c6  Le syst\u00e8me de travail adopte le syst\u00e8me de commande hydraulique pilote, ce qui simplifie l'op\u00e9ration et rend le syst\u00e8me de travail plus efficace.<\/p>\n<p>\u25c6  Pour le frein de stationnement, la bo\u00eete de vitesses avec frein \u00e0 plaque de frottement de frein, frein \u00e0 ressort et frein \u00e0 contact hydraulique sont utilis\u00e9es pour rendre le frein de stationnement s\u00fbr et fiable.<\/p>\n<p>\u25c6  Le seau adopte la derni\u00e8re structure en forme de V du chargeur minier souterrain international, ce qui r\u00e9duit la r\u00e9sistance \u00e0 l'\u00e9puisement.<\/p>\n<p><img decoding=\"async\" class=\"alignnone wp-image-1572 size-full\" src=\"http:\/\/www.zongdamining.com\/wp-content\/uploads\/2022\/12\/20200420174238db3695239a544595a2e08952250efe07.jpg\" alt=\"\" width=\"750\" height=\"750\" srcset=\"https:\/\/www.zongdamining.com\/wp-content\/uploads\/2022\/12\/20200420174238db3695239a544595a2e08952250efe07.jpg 750w, https:\/\/www.zongdamining.com\/wp-content\/uploads\/2022\/12\/20200420174238db3695239a544595a2e08952250efe07-300x300.jpg 300w, https:\/\/www.zongdamining.com\/wp-content\/uploads\/2022\/12\/20200420174238db3695239a544595a2e08952250efe07-150x150.jpg 150w, https:\/\/www.zongdamining.com\/wp-content\/uploads\/2022\/12\/20200420174238db3695239a544595a2e08952250efe07-600x600.jpg 600w, https:\/\/www.zongdamining.com\/wp-content\/uploads\/2022\/12\/20200420174238db3695239a544595a2e08952250efe07-100x100.jpg 100w\" sizes=\"(max-width: 750px) 100vw, 750px\" \/><\/p>\n<p><strong>Donn\u00e9es techniques<\/strong><\/p>\n<div class=\"table-responsive\">\n<table class=\"table\" border=\"0\" width=\"100%\" cellspacing=\"0\" cellpadding=\"0\">\n<tbody>\n<tr class=\"firstRow\">\n<td width=\"181\">Capacit\u00e9 nominale du seau<\/td>\n<td width=\"181\">1 m\u00b3<\/td>\n<td width=\"181\">Vitesse de fonctionnement<\/td>\n<td width=\"181\">0-10 m\/h<\/td>\n<\/tr>\n<tr>\n<td width=\"181\">Charge utile nominale<\/td>\n<td width=\"181\">2T<\/td>\n<td width=\"181\">D\u00e9gagement minimum<\/td>\n<td width=\"181\">200 mm<\/td>\n<\/tr>\n<tr>\n<td width=\"181\">Force de rupture maximale<\/td>\n<td width=\"181\">45 KN<\/td>\n<td width=\"181\">Angle de direction max.<\/td>\n<td width=\"181\">\u00b1 38\u00b0<\/td>\n<\/tr>\n<tr>\n<td width=\"181\">Force de traction maximale<\/td>\n<td width=\"181\">52KN<\/td>\n<td width=\"181\">Angle de bascule de l'essieu arri\u00e8re<\/td>\n<td width=\"181\">\u00b1 8\u00b0<\/td>\n<\/tr>\n<tr>\n<td width=\"181\">Max. Hauteur de dumping<\/td>\n<td width=\"181\">1080 mm<\/td>\n<td width=\"181\">Angle de d\u00e9part<\/td>\n<td width=\"181\">15\u00b0<\/td>\n<\/tr>\n<tr>\n<td width=\"181\">Max. Gradabilit\u00e9<\/td>\n<td width=\"181\">\u2264 20\u00b0<\/td>\n<td width=\"181\">Type de pneu<\/td>\n<td width=\"181\">10.00-20<\/td>\n<\/tr>\n<tr>\n<td width=\"181\">Min. Hauteur de dumping<\/td>\n<td width=\"181\">860 mm<\/td>\n<td width=\"181\">Base de roues<\/td>\n<td width=\"181\">2200mm<\/td>\n<\/tr>\n<tr>\n<td rowspan=\"2\" width=\"181\">Min. rayon de tournage<\/td>\n<td width=\"181\">4260 (ext\u00e9rieur)<\/td>\n<td rowspan=\"2\" width=\"181\">moteur \u00e9lectrique<\/td>\n<td width=\"181\">380v<\/td>\n<\/tr>\n<tr>\n<td width=\"181\">2540 (Int\u00e9rieur)<\/td>\n<td width=\"181\">45kw 50 Hz<\/td>\n<\/tr>\n<tr>\n<td width=\"181\">Dimensions ext\u00e9rieures<\/td>\n<td width=\"181\">6090*1340*2000 mm\u00b3<\/td>\n<td width=\"181\">Poids d'op\u00e9ration<\/td>\n<td width=\"181\">7.2T<\/td>\n<\/tr>\n<\/tbody>\n<\/table>\n<\/div>","protected":false},"excerpt":{"rendered":"<p>Le chargeur \u00e9lectrique souterrain ZONGDA est une sorte de LHD souterrain d\u00e9velopp\u00e9 conjointement avec des instituts de recherche scientifique en fonction de la situation sp\u00e9cifique des \u00e9quipements miniers souterrains sans voie en Chine et des caract\u00e9ristiques de mod\u00e8les similaires \u00e0 l'int\u00e9rieur et \u00e0 l'\u00e9tranger.<\/p>","protected":false},"featured_media":1576,"comment_status":"open","ping_status":"closed","template":"","meta":{"_acf_changed":false},"product_brand":[],"product_cat":[15],"product_tag":[],"class_list":{"0":"post-1575","1":"product","2":"type-product","3":"status-publish","4":"has-post-thumbnail","6":"product_cat-trackless-mining-equipment","8":"first","9":"instock","10":"shipping-taxable","11":"product-type-simple"},"acf":[],"_links":{"self":[{"href":"https:\/\/www.zongdamining.com\/fr\/wp-json\/wp\/v2\/product\/1575","targetHints":{"allow":["GET"]}}],"collection":[{"href":"https:\/\/www.zongdamining.com\/fr\/wp-json\/wp\/v2\/product"}],"about":[{"href":"https:\/\/www.zongdamining.com\/fr\/wp-json\/wp\/v2\/types\/product"}],"replies":[{"embeddable":true,"href":"https:\/\/www.zongdamining.com\/fr\/wp-json\/wp\/v2\/comments?post=1575"}],"wp:featuredmedia":[{"embeddable":true,"href":"https:\/\/www.zongdamining.com\/fr\/wp-json\/wp\/v2\/media\/1576"}],"wp:attachment":[{"href":"https:\/\/www.zongdamining.com\/fr\/wp-json\/wp\/v2\/media?parent=1575"}],"wp:term":[{"taxonomy":"product_brand","embeddable":true,"href":"https:\/\/www.zongdamining.com\/fr\/wp-json\/wp\/v2\/product_brand?post=1575"},{"taxonomy":"product_cat","embeddable":true,"href":"https:\/\/www.zongdamining.com\/fr\/wp-json\/wp\/v2\/product_cat?post=1575"},{"taxonomy":"product_tag","embeddable":true,"href":"https:\/\/www.zongdamining.com\/fr\/wp-json\/wp\/v2\/product_tag?post=1575"}],"curies":[{"name":"WP","href":"https:\/\/api.w.org\/{rel}","templated":true}]}}