{"id":1803,"date":"2023-08-11T14:15:27","date_gmt":"2023-08-11T06:15:27","guid":{"rendered":"https:\/\/www.zongdamining.com\/?post_type=product&#038;p=1803"},"modified":"2026-03-13T14:05:58","modified_gmt":"2026-03-13T06:05:58","slug":"underground-loader","status":"publish","type":"product","link":"https:\/\/www.zongdamining.com\/fr\/product\/underground-loader\/","title":{"rendered":"Chargeur souterrain ZDL215 Chargeur souterrain cube 0,75\/1"},"content":{"rendered":"<p><img fetchpriority=\"high\" decoding=\"async\" class=\"alignnone size-medium wp-image-1801\" src=\"http:\/\/www.zongdamining.com\/wp-content\/uploads\/2023\/08\/1691551634122-300x225.png\" alt=\"\" width=\"300\" height=\"225\" srcset=\"https:\/\/www.zongdamining.com\/wp-content\/uploads\/2023\/08\/1691551634122-300x225.png 300w, https:\/\/www.zongdamining.com\/wp-content\/uploads\/2023\/08\/1691551634122.png 504w\" sizes=\"(max-width: 300px) 100vw, 300px\" \/><\/p>\n<p><strong><u><b>F<\/b><\/u><\/strong><strong><u><b>Eatures et Avantages:<\/b><\/u><\/strong><\/p>\n<ol>\n<li>\u00a0Le syst\u00e8me d'alimentation adopte Cummins ou Deutz avec des \u00e9missions plus faibles.<\/li>\n<li>\u00a0Oscillation par le biais d'un cadre pivotant, de la direction hydraulique, de la balan\u00e7age de l'essieu arri\u00e8re par rapport aux formes traditionnelles plus s\u00fbres.<\/li>\n<li>Le syst\u00e8me de transmission utilise un convertisseur de couple hydraulique, une transmission de d\u00e9calage de puissance et am\u00e9liore la fiabilit\u00e9.<\/li>\n<li>Le syst\u00e8me d'exploitation adopte le contr\u00f4le pilote, rendant l'op\u00e9ration plus simple, travailler plus efficacement.<\/li>\n<\/ol>\n<p>5. frein de service est un ressort appliqu\u00e9, lib\u00e9ration hydraulique, et est \u00e9quip\u00e9 d'un syst\u00e8me de freinage d'urgence, le frein est s\u00fbr et fiable.<\/p>\n<ol start=\"6\">\n<li>Le syst\u00e8me d'\u00e9chappement est \u00e9quip\u00e9 d'un syst\u00e8me de filtration d'eau purificateur import\u00e9, r\u00e9duisant consid\u00e9rablement la pollution atmosph\u00e9rique.<\/li>\n<li>Adoptez des pneus en caoutchouc lisses r\u00e9sistants \u00e0 la perforation 9.75-18,<\/li>\n<li>La machine peut \u00eatre la pelle, le chargement, le transport, le d\u00e9chargement d'une op\u00e9ration, la structure compacte, le fonctionnement pratique, l'op\u00e9ration \u00e0 haut rendement pour la r\u00e9cup\u00e9ration des mines et la boue de tunnel, et la formation de la construction de lieu de travail et de route, le transport des mat\u00e9riaux et d'autres op\u00e9rations auxiliaires.<\/li>\n<\/ol>\n<p>Liaison \u00e0 barre 9.Z pour une force de retour plus \u00e9lev\u00e9e et une articulation de seau plus rapide.<\/p>","protected":false},"excerpt":{"rendered":"<p><strong><b>SP\u00c9CIFICATIONS TECHNIQUES<\/b><\/strong><\/p>\n<p>Chargeur minier souterrain<\/p>\n<p><strong><b>\u00a0<\/b><\/strong><strong>ZDL215 0.75\/1<\/strong><strong>\u00a0chargeur souterrain cube<\/strong><\/p>","protected":false},"featured_media":3282,"comment_status":"closed","ping_status":"closed","template":"","meta":{"_acf_changed":false},"product_brand":[],"product_cat":[15],"product_tag":[],"class_list":{"0":"post-1803","1":"product","2":"type-product","3":"status-publish","4":"has-post-thumbnail","6":"product_cat-trackless-mining-equipment","8":"first","9":"instock","10":"shipping-taxable","11":"product-type-simple"},"acf":[],"_links":{"self":[{"href":"https:\/\/www.zongdamining.com\/fr\/wp-json\/wp\/v2\/product\/1803","targetHints":{"allow":["GET"]}}],"collection":[{"href":"https:\/\/www.zongdamining.com\/fr\/wp-json\/wp\/v2\/product"}],"about":[{"href":"https:\/\/www.zongdamining.com\/fr\/wp-json\/wp\/v2\/types\/product"}],"replies":[{"embeddable":true,"href":"https:\/\/www.zongdamining.com\/fr\/wp-json\/wp\/v2\/comments?post=1803"}],"wp:featuredmedia":[{"embeddable":true,"href":"https:\/\/www.zongdamining.com\/fr\/wp-json\/wp\/v2\/media\/3282"}],"wp:attachment":[{"href":"https:\/\/www.zongdamining.com\/fr\/wp-json\/wp\/v2\/media?parent=1803"}],"wp:term":[{"taxonomy":"product_brand","embeddable":true,"href":"https:\/\/www.zongdamining.com\/fr\/wp-json\/wp\/v2\/product_brand?post=1803"},{"taxonomy":"product_cat","embeddable":true,"href":"https:\/\/www.zongdamining.com\/fr\/wp-json\/wp\/v2\/product_cat?post=1803"},{"taxonomy":"product_tag","embeddable":true,"href":"https:\/\/www.zongdamining.com\/fr\/wp-json\/wp\/v2\/product_tag?post=1803"}],"curies":[{"name":"WP","href":"https:\/\/api.w.org\/{rel}","templated":true}]}}