{"id":1806,"date":"2023-09-18T10:43:57","date_gmt":"2023-09-18T02:43:57","guid":{"rendered":"https:\/\/www.zongdamining.com\/?post_type=product&#038;p=1806"},"modified":"2026-03-13T13:54:53","modified_gmt":"2026-03-13T05:54:53","slug":"mining-hoist","status":"publish","type":"product","link":"https:\/\/www.zongdamining.com\/fr\/product\/mining-hoist\/","title":{"rendered":"Elevateur minier pour les op\u00e9rations de levage d'arbre de mine souterraine"},"content":{"rendered":"<p>Le dispositif de broche est assembl\u00e9 par usinage de pr\u00e9cision de la broche, du tambour, du roulement et du si\u00e8ge du roulement, du moyeu de connexion, du double disque de frein, de la plaque de doublure du tambour, etc.<\/p>\n<p>La broche est une pi\u00e8ce finement usin\u00e9e en acier au carbone 45 # de haute qualit\u00e9, qui a \u00e9t\u00e9 forg\u00e9e, normalis\u00e9e, usin\u00e9e de pr\u00e9cision et inspect\u00e9e par d\u00e9tection de d\u00e9fauts; Le processus d'usinage de la broche est le suivant: forgeage et pressage \u2192  inspection vide \u2192  usinage brut \u2192  traitement thermique et inspection \u2192  test de performance m\u00e9canique \u2192  usinage de pr\u00e9cision. La broche a subi deux inspections et des tests de performance m\u00e9canique pour garantir son excellente qualit\u00e9.<\/p>\n<p>Les deux extr\u00e9mit\u00e9s de l'arbre principal sont soutenues par des roulements \u00e0 rouleaux sph\u00e9riques centrip\u00e9tes \u00e0 double rang\u00e9e, et le si\u00e8ge du roulement est en acier coul\u00e9, avec des capteurs de temp\u00e9rature install\u00e9s \u00e0 l'int\u00e9rieur du si\u00e8ge du roulement. La broche et le moyeu sont assembl\u00e9s avec interf\u00e9rence, et le moyeu est reli\u00e9 au tambour avec des boulons \u00e0 haute r\u00e9sistance, \u00e9vitant la concentration de contraintes caus\u00e9e par le fraisage des cl\u00e9s sur la broche et am\u00e9liorant sa r\u00e9sistance, am\u00e9liorant efficacement la dur\u00e9e de vie de la broche.<\/p>\n<p>Le tambour est constitu\u00e9 de 16 plaques d'acier au mangan\u00e8se avec d'excellentes performances de soudage, qui sont assembl\u00e9es et soud\u00e9es dans le tambour. Apr\u00e8s traitement de vieillissement par vibration, il est finement trait\u00e9;<\/p>\n<p>Le disque de frein est positionn\u00e9 du diam\u00e8tre de l'ensemble au tambour, avec des boulons \u00e0 charni\u00e8re pour le positionnement axial. Les boulons \u00e0 haute r\u00e9sistance sont utilis\u00e9s pour la connexion, ce qui est pratique pour le transport et le d\u00e9montage. Le disque de frein est boulonn\u00e9 au tambour et trait\u00e9 avec la surface de support en une seule fois, et est marqu\u00e9 avec des marques d'installation pour s'assurer que l'\u00e9cart du disque de frein est dans les exigences de conception. Une \u00e9paisseur suffisante du disque de frein assure sa r\u00e9sistance, sa raideur et sa capacit\u00e9 thermique \u00e9lev\u00e9e. Cela garantit que la chaleur g\u00e9n\u00e9r\u00e9e par le frottement de la chaussure de frein sur la surface du disque ne s'accumule pas trop, assurant les performances de freinage de la chaussure de frein, tout en veillant \u00e0 ce que le disque de frein ne se d\u00e9forme pas en raison de la surchauffage.<\/p>\n<h1><\/h1>","protected":false},"excerpt":{"rendered":"<pre data-v-561a92d2=\"\">Les \u00e9l\u00e9vateurs miniers sont des \u00e9quipements essentiels utilis\u00e9s dans l'industrie mini\u00e8re pour transporter les mineurs et les mat\u00e9riaux en haut et en bas des puits miniers. Ces \u00e9l\u00e9vateurs jouent un r\u00f4le crucial pour assurer le bon fonctionnement et l\u2019efficacit\u00e9 des activit\u00e9s mini\u00e8res.<\/pre>","protected":false},"featured_media":1807,"comment_status":"open","ping_status":"closed","template":"","meta":{"_acf_changed":false},"product_brand":[],"product_cat":[29],"product_tag":[],"class_list":{"0":"post-1806","1":"product","2":"type-product","3":"status-publish","4":"has-post-thumbnail","6":"product_cat-underground-hoisting-system","8":"first","9":"instock","10":"shipping-taxable","11":"product-type-simple"},"acf":[],"_links":{"self":[{"href":"https:\/\/www.zongdamining.com\/fr\/wp-json\/wp\/v2\/product\/1806","targetHints":{"allow":["GET"]}}],"collection":[{"href":"https:\/\/www.zongdamining.com\/fr\/wp-json\/wp\/v2\/product"}],"about":[{"href":"https:\/\/www.zongdamining.com\/fr\/wp-json\/wp\/v2\/types\/product"}],"replies":[{"embeddable":true,"href":"https:\/\/www.zongdamining.com\/fr\/wp-json\/wp\/v2\/comments?post=1806"}],"wp:featuredmedia":[{"embeddable":true,"href":"https:\/\/www.zongdamining.com\/fr\/wp-json\/wp\/v2\/media\/1807"}],"wp:attachment":[{"href":"https:\/\/www.zongdamining.com\/fr\/wp-json\/wp\/v2\/media?parent=1806"}],"wp:term":[{"taxonomy":"product_brand","embeddable":true,"href":"https:\/\/www.zongdamining.com\/fr\/wp-json\/wp\/v2\/product_brand?post=1806"},{"taxonomy":"product_cat","embeddable":true,"href":"https:\/\/www.zongdamining.com\/fr\/wp-json\/wp\/v2\/product_cat?post=1806"},{"taxonomy":"product_tag","embeddable":true,"href":"https:\/\/www.zongdamining.com\/fr\/wp-json\/wp\/v2\/product_tag?post=1806"}],"curies":[{"name":"WP","href":"https:\/\/api.w.org\/{rel}","templated":true}]}}