{"id":1836,"date":"2024-02-20T14:53:02","date_gmt":"2024-02-20T06:53:02","guid":{"rendered":"https:\/\/www.zongdamining.com\/?post_type=product&#038;p=1836"},"modified":"2026-01-30T14:29:03","modified_gmt":"2026-01-30T06:29:03","slug":"zdfl-0-5-personnel-and-material-carrier","status":"publish","type":"product","link":"https:\/\/www.zongdamining.com\/fr\/product\/zdfl-0-5-personnel-and-material-carrier\/","title":{"rendered":"ZDFL-0.5 Transporteur de personnel et de mat\u00e9riel \u2013 V\u00e9hicule utilitaire souterrain compact de 0,5 tonne"},"content":{"rendered":"<p><img fetchpriority=\"high\" decoding=\"async\" class=\"alignnone size-medium wp-image-1838\" src=\"http:\/\/www.zongdamining.com\/wp-content\/uploads\/2024\/02\/IMG_02fdcc84ed5446caa3575fe021f458d8-300x225.png\" alt=\"\" width=\"300\" height=\"225\" srcset=\"https:\/\/www.zongdamining.com\/wp-content\/uploads\/2024\/02\/IMG_02fdcc84ed5446caa3575fe021f458d8-300x225.png 300w, https:\/\/www.zongdamining.com\/wp-content\/uploads\/2024\/02\/IMG_02fdcc84ed5446caa3575fe021f458d8-1024x768.png 1024w, https:\/\/www.zongdamining.com\/wp-content\/uploads\/2024\/02\/IMG_02fdcc84ed5446caa3575fe021f458d8-768x576.png 768w, https:\/\/www.zongdamining.com\/wp-content\/uploads\/2024\/02\/IMG_02fdcc84ed5446caa3575fe021f458d8-600x450.png 600w, https:\/\/www.zongdamining.com\/wp-content\/uploads\/2024\/02\/IMG_02fdcc84ed5446caa3575fe021f458d8.png 1267w\" sizes=\"(max-width: 300px) 100vw, 300px\" \/> <img decoding=\"async\" class=\"alignnone size-medium wp-image-1839\" src=\"http:\/\/www.zongdamining.com\/wp-content\/uploads\/2024\/02\/IMG_ec2025011b994caeb93edbe9f6b4c09c-300x225.png\" alt=\"\" width=\"300\" height=\"225\" srcset=\"https:\/\/www.zongdamining.com\/wp-content\/uploads\/2024\/02\/IMG_ec2025011b994caeb93edbe9f6b4c09c-300x225.png 300w, https:\/\/www.zongdamining.com\/wp-content\/uploads\/2024\/02\/IMG_ec2025011b994caeb93edbe9f6b4c09c-1024x768.png 1024w, https:\/\/www.zongdamining.com\/wp-content\/uploads\/2024\/02\/IMG_ec2025011b994caeb93edbe9f6b4c09c-768x576.png 768w, https:\/\/www.zongdamining.com\/wp-content\/uploads\/2024\/02\/IMG_ec2025011b994caeb93edbe9f6b4c09c-600x450.png 600w, https:\/\/www.zongdamining.com\/wp-content\/uploads\/2024\/02\/IMG_ec2025011b994caeb93edbe9f6b4c09c.png 1267w\" sizes=\"(max-width: 300px) 100vw, 300px\" \/> <img decoding=\"async\" class=\"alignnone size-medium wp-image-1840\" src=\"http:\/\/www.zongdamining.com\/wp-content\/uploads\/2024\/02\/IMG_322b37082fd348ebb001056ee3cb41cc-300x225.png\" alt=\"\" width=\"300\" height=\"225\" srcset=\"https:\/\/www.zongdamining.com\/wp-content\/uploads\/2024\/02\/IMG_322b37082fd348ebb001056ee3cb41cc-300x225.png 300w, https:\/\/www.zongdamining.com\/wp-content\/uploads\/2024\/02\/IMG_322b37082fd348ebb001056ee3cb41cc-1024x767.png 1024w, https:\/\/www.zongdamining.com\/wp-content\/uploads\/2024\/02\/IMG_322b37082fd348ebb001056ee3cb41cc-768x575.png 768w, https:\/\/www.zongdamining.com\/wp-content\/uploads\/2024\/02\/IMG_322b37082fd348ebb001056ee3cb41cc-600x449.png 600w, https:\/\/www.zongdamining.com\/wp-content\/uploads\/2024\/02\/IMG_322b37082fd348ebb001056ee3cb41cc.png 1267w\" sizes=\"(max-width: 300px) 100vw, 300px\" \/><\/p>\n<p>Le v\u00e9hicule de manutention de mat\u00e9riaux ZDFL-0.5 est aliment\u00e9 par un moteur diesel, avec transmission m\u00e9canique hydraulique, traction \u00e0 quatre roues, entra\u00eenement vers l'avant, direction hydraulique de l'essieu avant, grand angle de direction, virage flexible et petit rayon. Il convient aux op\u00e9rations routi\u00e8res de sections moyennes et pr\u00e9sente les caract\u00e9ristiques techniques suivantes:<\/p>\n<p>\u25cf Le syst\u00e8me d'alimentation adopte le moteur \u00e0 faible pollution refroidi \u00e0 l'eau Yunnei National III;  \u25cf Le syst\u00e8me de transmission de puissance adopte une transmission de d\u00e9calage de puissance, un essieu d'entra\u00eenement DANA et des pneus gonflables r\u00e9sistants \u00e0 la coupe \u00e0 motif minier;  \u25cf  Le frein de conduite adopte des freins hydrauliques multi-disques humides; Le frein de stationnement adopte une vanne \u00e0 poign\u00e9e pour contr\u00f4ler le frein \u00e0 ressort de pont, qui est s\u00fbr et fiable;<\/p>\n<p>\u25cf Le cadre est une structure int\u00e9gr\u00e9e avec des performances fiables; Adopter une cabine ferm\u00e9e est plus s\u00fbr et plus confortable. Alerte de s\u00e9curit\u00e9 \u25cf L'op\u00e9rateur de cette machine doit porter un casque de s\u00e9curit\u00e9 et porter avec lui un dispositif d'auto-sauvetage et une lampe mini\u00e8re lors de l'entr\u00e9e dans le puits;  \u25cf Cette machine doit \u00eatre r\u00e9guli\u00e8rement entretenue et inspect\u00e9e, et tous les dangers cach\u00e9s doivent \u00eatre rapidement trait\u00e9s;  \u25cf Il est strictement interdit d'effectuer l'entretien pendant que la machine est en fonctionnement;  \u25cf Lorsque la machine est en cours d'entretien, l'alimentation doit \u00eatre coup\u00e9e et les mots &#8220; en cours d'entretien, aucun d\u00e9marrage&#8221; doit \u00eatre accroch\u00e9;  \u25cf  Pendant le fonctionnement du v\u00e9hicule, le personnel est interdit de monter ou de descendre;  \u25cf Lors de l'entr\u00e9e dans la machine pour le soudage et la coupe, des mesures de s\u00e9curit\u00e9 doivent \u00eatre prises apr\u00e8s avoir confirm\u00e9 qu'il n'y a pas de mati\u00e8res inflammables ou explosives pr\u00e9sentes Seules avec des mesures compl\u00e8tes peuvent \u00eatre effectu\u00e9es les op\u00e9rations;  \u25cf Lorsque le moteur fonctionne et que la tuyauterie d'\u00e9chappement n'a pas refroidi apr\u00e8s l'arr\u00eat, il est strictement interdit d'avoir un contact physique avec le purificateur d'\u00e9chappement \u25cf la surface du tuyau d'\u00e9chappement pour \u00e9viter de graves blessures telles que des br\u00fblures;  \u25cf Lors de la r\u00e9paration du syst\u00e8me hydraulique de cette machine, la pression doit \u00eatre compl\u00e8tement soulag\u00e9e avant de commencer l'op\u00e9ration. Conditions d'utilisation: 1) Cette machine convient \u00e0 l'utilisation dans les tunnels d'une taille en section transversale de 2,5 m\u00e8tres (hauteur) \u00d7 Dans les tunnels de 3 m\u00e8tres (largeur) et au-dessus Les devoirs n\u00e9cessitent une plaque sup\u00e9rieure ferme, un rayon de virage minimum de \u2265 6 m\u00e8tres \u00e0 l'ext\u00e9rieur et une pente routi\u00e8re de \u2264 14 \u00b0, Bonne ventilation et drainage sur le lieu de travail; 2) La temp\u00e9rature ambiante du tunnel est de -5 \u2103 \u00e0 40 \u2103, et l'humidit\u00e9 relative maximale n'est pas sup\u00e9rieure \u00e0 85% (temp\u00e9rature \u00e0 25 \u2103) Temps)<\/p>\n<p>2.1. Param\u00e8tres techniques de l'ensemble de la machine Capacit\u00e9 nominale de charge: 0,5 tonnes Capacit\u00e9 nominale de passagers: 4 personnes Taille de la bo\u00eete: 1050mm * 1840mm * 655mm Vitesse maximale de conduite dans le premier engrenage: 14 \u00b1 1,0 km\/h Deuxi\u00e8me engrenage: 23 \u00b1 2,0 km\/h Engagement inverse I: 14 \u00b1 1,0 km\/h Engagement inverse II: 23 \u00b1 2,0 km\/h Capacit\u00e9 maximale de mont\u00e9e (charge lourde): 14 \u00b0 Force de traction maximale: 35 kN Raison de virage: 8400 mm<\/p>\n<p>\u25cf  Frein de stationnement: frein \u00e0 ressort d'essieu 2.5. Syst\u00e8me de direction \u25cf  Type: roue avant direction hydraulique Pompe de direction: CBGJ2016\/2016 D\u00e9placement: 16ml\/r \u25cf  Pression maximale du syst\u00e8me de direction: 10 MPa Engagement de direction: BZZ1-E125 Vanne stable unique: FLD-F9.5W \u25cf  Diam\u00e8tre du cylindre de direction \/ diam\u00e8tre de la tige: \u03c6 55 \/ \u03c6 45 mm 2,6. Syst\u00e8me \u00e9lectrique Tension du syst\u00e8me: 24V DC<\/p>\n<p>&nbsp;<\/p>\n<p>&nbsp;<\/p>","protected":false},"excerpt":{"rendered":"<p><img loading=\"lazy\" decoding=\"async\" class=\"alignnone size-medium wp-image-1837\" src=\"http:\/\/www.zongdamining.com\/wp-content\/uploads\/2024\/02\/1708399430196-300x225.png\" alt=\"\" width=\"300\" height=\"225\" srcset=\"https:\/\/www.zongdamining.com\/wp-content\/uploads\/2024\/02\/1708399430196-300x225.png 300w, https:\/\/www.zongdamining.com\/wp-content\/uploads\/2024\/02\/1708399430196-1024x768.png 1024w, https:\/\/www.zongdamining.com\/wp-content\/uploads\/2024\/02\/1708399430196-768x576.png 768w, https:\/\/www.zongdamining.com\/wp-content\/uploads\/2024\/02\/1708399430196-600x450.png 600w, https:\/\/www.zongdamining.com\/wp-content\/uploads\/2024\/02\/1708399430196.png 1267w\" sizes=\"(max-width: 300px) 100vw, 300px\" \/><\/p>\n<p>Le v\u00e9hicule de manutention des mati\u00e8res ZDFL-0.5 est un type d'\u00e9quipement de manutention des mati\u00e8res con\u00e7u et fabriqu\u00e9 sp\u00e9cifiquement pour les mines souterraines non carboni\u00e8res.<\/p>","protected":false},"featured_media":3165,"comment_status":"closed","ping_status":"closed","template":"","meta":{"_acf_changed":false},"product_brand":[],"product_cat":[15],"product_tag":[],"class_list":{"0":"post-1836","1":"product","2":"type-product","3":"status-publish","4":"has-post-thumbnail","6":"product_cat-trackless-mining-equipment","8":"first","9":"instock","10":"shipping-taxable","11":"product-type-simple"},"acf":[],"_links":{"self":[{"href":"https:\/\/www.zongdamining.com\/fr\/wp-json\/wp\/v2\/product\/1836","targetHints":{"allow":["GET"]}}],"collection":[{"href":"https:\/\/www.zongdamining.com\/fr\/wp-json\/wp\/v2\/product"}],"about":[{"href":"https:\/\/www.zongdamining.com\/fr\/wp-json\/wp\/v2\/types\/product"}],"replies":[{"embeddable":true,"href":"https:\/\/www.zongdamining.com\/fr\/wp-json\/wp\/v2\/comments?post=1836"}],"wp:featuredmedia":[{"embeddable":true,"href":"https:\/\/www.zongdamining.com\/fr\/wp-json\/wp\/v2\/media\/3165"}],"wp:attachment":[{"href":"https:\/\/www.zongdamining.com\/fr\/wp-json\/wp\/v2\/media?parent=1836"}],"wp:term":[{"taxonomy":"product_brand","embeddable":true,"href":"https:\/\/www.zongdamining.com\/fr\/wp-json\/wp\/v2\/product_brand?post=1836"},{"taxonomy":"product_cat","embeddable":true,"href":"https:\/\/www.zongdamining.com\/fr\/wp-json\/wp\/v2\/product_cat?post=1836"},{"taxonomy":"product_tag","embeddable":true,"href":"https:\/\/www.zongdamining.com\/fr\/wp-json\/wp\/v2\/product_tag?post=1836"}],"curies":[{"name":"WP","href":"https:\/\/api.w.org\/{rel}","templated":true}]}}