{"id":1842,"date":"2024-02-20T15:51:38","date_gmt":"2024-02-20T07:51:38","guid":{"rendered":"https:\/\/www.zongdamining.com\/?post_type=product&#038;p=1842"},"modified":"2026-01-30T16:46:34","modified_gmt":"2026-01-30T08:46:34","slug":"zdl203-underground-loader","status":"publish","type":"product","link":"https:\/\/www.zongdamining.com\/fr\/product\/zdl203-underground-loader\/","title":{"rendered":"ZDL203BH Interrupteur mobile souterrain, Mini 1.5m3 LHD"},"content":{"rendered":"<p><span style=\"font-size: 18pt;\"><strong>Donn\u00e9es techniques\u00a0<\/strong><\/span><\/p>\n<p><span style=\"font-size: 18pt;\"><strong>ZONGDA ZDL203BH\u00a0<\/strong><\/span><\/p>\n<p><span style=\"font-size: 18pt;\"><strong>Interrupteur mobile souterrain,<\/strong><\/span><\/p>\n<p><span style=\"font-size: 18pt;\"><strong>Mini 1.5m3 LHD avec marteau hydraulique interchangeable GB GBN70T cor\u00e9en<\/strong><\/span><\/p>\n<p><span style=\"font-size: 18pt;\"><strong>\u00a0<\/strong><\/span><\/p>\n<p><strong><b>Chargeur souterrain ZDL203BH : am\u00e9lioration de l'efficacit\u00e9 de l'exploitation mini\u00e8re sans voie<\/b><\/strong><\/p>\n<p>Le <strong><b>Chargeur souterrain ZDL203BH<\/b><\/strong>\u00a0est sp\u00e9cialement con\u00e7u pour les mines souterraines, sp\u00e9cialement con\u00e7u pour am\u00e9liorer l'efficacit\u00e9 op\u00e9rationnelle en conjonction avec les camions miniers lors des op\u00e9rations d'excavation et d'exploitation mini\u00e8re. Voici ses principales caract\u00e9ristiques :<\/p>\n<ol>\n<li><b><\/b><strong><b>Caract\u00e9ristiques techniques<\/b><\/strong>:<\/li>\n<\/ol>\n<ul>\n<li><b><\/b><strong><b>Syst\u00e8me d'alimentation<\/b><\/strong>\u00c9quip\u00e9 d'un moteur refroidi \u00e0 air Deutz.<\/li>\n<li><b><\/b><strong><b>Transmission<\/b><\/strong>: Utilise une bo\u00eete de vitesses et un convertisseur de couple.<\/li>\n<li><b><\/b><strong><b>Syst\u00e8me de freinage<\/b><\/strong>:\n<ul>\n<li><b><\/b><strong><b>frein de conduite<\/b><\/strong>: frein \u00e0 ressort multi-disque humide avec lib\u00e9ration hydraulique.<\/li>\n<li><b><\/b><strong><b>frein de stationnement<\/b><\/strong>: frein \u00e0 ressort sur l'essieu moteur.<\/li>\n<\/ul>\n<\/li>\n<li><b><\/b><strong><b>Cadre<\/b><\/strong>: Structure \u00e0 charni\u00e8re centrale pour une meilleure performance d'adh\u00e9sion.<\/li>\n<li><b><\/b><strong><b>Direction<\/b><\/strong>: Direction assist\u00e9e hydraulique avec un seul cylindre de direction.\n<ol start=\"2\">\n<li><b><\/b><strong><b>Points saillants de la performance<\/b><\/strong>:<\/li>\n<\/ol>\n<\/li>\n<li><b><\/b><strong><b>moteur diesel<\/b><\/strong>Aliment\u00e9 par un moteur diesel fiable.<\/li>\n<li><b><\/b><strong><b>Traction \u00e0 quatre roues<\/b><\/strong>Assure la traction et la man\u0153uvrabilit\u00e9.<\/li>\n<li><b><\/b><strong><b>Conduction lat\u00e9rale<\/b><\/strong>Permet la flexibilit\u00e9 dans des espaces restreints.<\/li>\n<li><b><\/b><strong><b>Direction hydraulique articul\u00e9e centrale<\/b><\/strong>: Grand angle de direction pour un contr\u00f4le pr\u00e9cis.<\/li>\n<li><b><\/b><strong><b>Petit rayon de tournage<\/b><\/strong>Id\u00e9al pour les op\u00e9rations de tunnel de section moyenne.\n<ol start=\"3\">\n<li><b><\/b><strong><b>Mesures de s\u00e9curit\u00e9<\/b><\/strong>:<\/li>\n<\/ol>\n<\/li>\n<li><b><\/b><strong><b>\u00e9quipement de s\u00e9curit\u00e9<\/b><\/strong>Les op\u00e9rateurs doivent porter des casques de s\u00e9curit\u00e9, porter des dispositifs d'auto-sauvetage et utiliser des lampes mini\u00e8res lors de l'entr\u00e9e dans le puits.<\/li>\n<li><b><\/b><strong><b>Entretien r\u00e9gulier<\/b><\/strong>Inspections r\u00e9guli\u00e8res et r\u00e9ponse rapide aux dangers cach\u00e9s.<\/li>\n<li><b><\/b><strong><b>Pas d'entretien pendant l'exploitation<\/b><\/strong>: Il est strictement interdit d'effectuer l'entretien pendant que la machine fonctionne.<\/li>\n<li><b><\/b><strong><b>S\u00e9curit\u00e9 pendant la soudure\/coupe<\/b><\/strong>Confirmer l'absence de mati\u00e8res inflammables ou explosives avant la maintenance.<\/li>\n<li><b><\/b><strong><b>Pr\u00e9cautions pour les tuyaux d'\u00e9chappement<\/b><\/strong>\u00c9vitez le contact physique avec le tuyau d'\u00e9chappement chaud.<\/li>\n<li><b><\/b><strong><b>Entretien du syst\u00e8me hydraulique<\/b><\/strong>La pression doit \u00eatre soulag\u00e9e avant de commencer toute r\u00e9paration.<\/li>\n<\/ul>\n<p>Le chargeur ZDL203BH joue un r\u00f4le crucial pour r\u00e9aliser des op\u00e9rations mini\u00e8res sans voie efficaces et s\u00fbres.<\/p>\n<p>&nbsp;<\/p>\n<p><strong><b>Conditions d'utilisation du chargeur souterrain ZDL203BH<\/b><\/strong><\/p>\n<ol>\n<li><b><\/b><strong><b>Sp\u00e9cifications du tunnel<\/b><\/strong>:<\/li>\n<\/ol>\n<ul>\n<li>Convient pour les tunnels avec une taille en section transversale de <strong><b>5 m\u00e8tres (hauteur) \u00d7 2,5 m\u00e8tres (largeur) et plus<\/b><\/strong>.<\/li>\n<li>N\u00e9cessite un <strong><b>plaque sup\u00e9rieure ferme<\/b><\/strong>.<\/li>\n<li>rayon de tournure minimum de <strong><b>\u2265 4,3 m\u00e8tres<\/b><\/strong>\u00e0 l'ext\u00e9rieur.<\/li>\n<li>La pente routi\u00e8re doit \u00eatre <strong><b>\u2264 14\u00b0<\/b><\/strong>.<\/li>\n<li>ad\u00e9quate <strong><b>ventilation et drainage<\/b><\/strong>sur le lieu de travail.\n<ol start=\"2\">\n<li><b><\/b><strong><b>Facteurs environnementaux<\/b><\/strong>:<\/li>\n<\/ol>\n<\/li>\n<li>Temp\u00e9rature dans le tunnel : <strong><b>-5\u00b0C \u00e0 40\u00b0C<\/b><\/strong>.<\/li>\n<li>Humidit\u00e9 relative maximale (\u00e0 25\u00b0C): <strong><b>Pas plus de 85%<\/b><\/strong>.<\/li>\n<li>Altitude de l'emplacement d'utilisation: <strong><b>Pas plus de 1000 m\u00e8tres<\/b><\/strong>.<\/li>\n<li>Dans les zones de haute altitude (au-dessus de 1000 m\u00e8tres), <strong><b>r\u00e9duction de puissance<\/b><\/strong>n\u00e9cessaire pour l'op\u00e9ration.\n<ol start=\"3\">\n<li><b><\/b><strong><b>Exigences en carburant<\/b><\/strong>:<\/li>\n<\/ol>\n<\/li>\n<li>La teneur en soufre du carburant utilis\u00e9 dans cette machine doit <strong><b>ne pas d\u00e9passer 0,2 %<\/b><\/strong>.\n<ol start=\"4\">\n<li><b><\/b><strong><b>Pr\u00e9cautions de s\u00e9curit\u00e9<\/b><\/strong>:<\/li>\n<\/ol>\n<\/li>\n<li>Strictement <strong><b>interdit<\/b><\/strong>dans des lieux avec <strong><b>gaz inflammables et explosifs<\/b><\/strong>\u00a0(comme le gaz et la poussi\u00e8re de charbon).<\/li>\n<\/ul>\n<p>Assurer le respect de ces conditions pour un fonctionnement s\u00fbr et efficace de la chargeuse souterraine ZDL203BH.<\/p>\n<p><strong><b>DESIGN TECHNIQUE ET DIMENSIONS:<\/b><\/strong><\/p>\n<h2><strong>Chargeur souterrain ZDL203BH: Sp\u00e9cifications techniques<\/strong><\/h2>\n<h3><strong><b>1. Dimensions globales<\/b><\/strong><\/h3>\n<ul>\n<li><strong>Charge nominale<\/strong>: 3000 kg<\/li>\n<li><strong>Longueur totale<\/strong>: 6820 mm\/ 7135mm<\/li>\n<li><strong>Largeur de la machine enti\u00e8re<\/strong>: 1640 mm\/1540mm<\/li>\n<li><strong>Hauteur totale (cabine du conducteur incluse)<\/strong>: 2100 mm\/2150mm<\/li>\n<li><strong>Capacit\u00e9 du seau (SAE)<\/strong>: 1.5 m\u00b3<\/li>\n<li><strong>Angle de d\u00e9chargement<\/strong>: 40\u00b0<\/li>\n<li><strong>Base de roues<\/strong>: 2511 mm<\/li>\n<li><strong>D\u00e9gagement minimum au sol<\/strong>: \u2265 240 mm<\/li>\n<li><strong>Angle de d\u00e9part<\/strong>: 14\u00b0<\/li>\n<\/ul>\n<h3><strong><b>2. Poids de la machine<\/b><\/strong><\/h3>\n<ul>\n<li><strong>Poids vide<\/strong>: 10800 kg \u00b1 300 kg<\/li>\n<li><strong>Poids de charge compl\u00e8te<\/strong>: 13800 kg \u00b1 300 kg<\/li>\n<\/ul>\n<h3>3. <strong><b>Capacit\u00e9 op\u00e9rationnelle<\/b><\/strong><\/h3>\n<ul>\n<li><strong>Vitesse de voyage (engrenages)<\/strong>:<\/li>\n<\/ul>\n<ul>\n<li>Premi\u00e8re vitesse : 5 km\/h<\/li>\n<li>Deuxi\u00e8me vitesse : 9 km\/h<\/li>\n<li>Troisi\u00e8me vitesse : 19 km\/h<\/li>\n<li>Quatri\u00e8me vitesse : 20 km\/h\n<ul>\n<li><strong>Capacit\u00e9 d'escalade<\/strong>: 14\u00b0<\/li>\n<li><strong>Force de traction maximale<\/strong>: \u2265 80 kN<\/li>\n<li><strong>Force maximale de la pelle (SAE)<\/strong>: \u2265 70kN<\/li>\n<\/ul>\n<\/li>\n<\/ul>\n<h3>4. <strong><b>R\u00e9servoirs de carburant et hydrauliques<\/b><\/strong><\/h3>\n<ul>\n<li><strong>Capacit\u00e9 du r\u00e9servoir de carburant<\/strong>: 130 L<\/li>\n<li><strong>Capacit\u00e9 du r\u00e9servoir d'huile hydraulique<\/strong>: 130 L<\/li>\n<\/ul>\n<h3>5. <strong><b>Direction<\/b><\/strong><\/h3>\n<ul>\n<li><strong>Direction assist\u00e9e hydraulique articul\u00e9e centrale<\/strong><\/li>\n<li><strong>Radius de tournure minimum<\/strong>:<\/li>\n<\/ul>\n<ul>\n<li>Int\u00e9rieur: 2600\/2630\u00b1 200 mm<\/li>\n<li>Outer: 5000\/4650\u00b1 200 mm<\/li>\n<\/ul>\n<h2><strong>Configuration principale<\/strong><\/h2>\n<h3><strong><b>1. Moteur<\/b><\/strong><\/h3>\n<ul>\n<li><strong>usine de fabrication<\/strong>: Deutz<\/li>\n<li><strong>Mod\u00e8le<\/strong>: F6L914<\/li>\n<li><strong>Type<\/strong>: moteur diesel refroidi \u00e0 air, non turbocompresseur<\/li>\n<li><strong>Puissance nominale<\/strong>: 79 kW \u00e0 2300 tr\/min<\/li>\n<\/ul>\n<h3><strong><b>2. Convertisseur de couple hydraulique<\/b><\/strong><\/h3>\n<ul>\n<li><strong>Mod\u00e8le<\/strong>: YJ315,<\/li>\n<li>\u00c9quivalent chinoisMod\u00e8le de DANA 272<\/li>\n<\/ul>\n<h3><strong><b>3. Transmission<\/b><\/strong><\/h3>\n<ul>\n<li><strong>Mod\u00e8le<\/strong>: YD13 644 159A,<\/li>\n<li>\u00c9quivalent chinoisMod\u00e8le de la s\u00e9rie DANA 20000<\/li>\n<\/ul>\n<h3><strong><b>4. Axe d'entra\u00eenement<\/b><\/strong><\/h3>\n<ul>\n<li><strong>Mod\u00e8le<\/strong>: 5, MEITONG<\/li>\n<li><strong>Type<\/strong>: essieu d'entra\u00eenement plan\u00e9taire rigide sans diff\u00e9rentiel SPIN<\/li>\n<\/ul>\n<h3><strong><b>5. Syst\u00e8me hydraulique<\/b><\/strong><\/h3>\n<ul>\n<li><strong>Frein de travail<\/strong>: frein multi-disque humide avec ressort appliqu\u00e9 et lib\u00e9ration hydraulique<\/li>\n<li><strong>frein de stationnement<\/strong>: ressort appliqu\u00e9, hydraulique lib\u00e9r\u00e9<\/li>\n<li><strong>Valve multivoie<\/strong>: Force p\u00e9troli\u00e8re<\/li>\n<li><strong>Pompe \u00e0 engrenages<\/strong>: PERMCO<\/li>\n<\/ul>","protected":false},"excerpt":{"rendered":"<p><img decoding=\"async\" class=\"alignnone size-medium wp-image-1843\" src=\"http:\/\/www.zongdamining.com\/wp-content\/uploads\/2024\/02\/IMG_473b894a97c94352b477b4c0f69fa45c-300x157.png\" alt=\"\" width=\"300\" height=\"157\" srcset=\"https:\/\/www.zongdamining.com\/wp-content\/uploads\/2024\/02\/IMG_473b894a97c94352b477b4c0f69fa45c-300x157.png 300w, https:\/\/www.zongdamining.com\/wp-content\/uploads\/2024\/02\/IMG_473b894a97c94352b477b4c0f69fa45c-600x314.png 600w, https:\/\/www.zongdamining.com\/wp-content\/uploads\/2024\/02\/IMG_473b894a97c94352b477b4c0f69fa45c.png 650w\" sizes=\"(max-width: 300px) 100vw, 300px\" \/><\/p>\n<p>Le chargeur souterrain ZDL203 est un \u00e9quipement de chargement \u00e0 pelle sans voie et de transport \u00e0 courte distance con\u00e7u et fabriqu\u00e9 sp\u00e9cifiquement pour les mines souterraines<\/p>","protected":false},"featured_media":3096,"comment_status":"closed","ping_status":"closed","template":"","meta":{"_acf_changed":false},"product_brand":[],"product_cat":[15],"product_tag":[],"class_list":{"0":"post-1842","1":"product","2":"type-product","3":"status-publish","4":"has-post-thumbnail","6":"product_cat-trackless-mining-equipment","8":"first","9":"instock","10":"shipping-taxable","11":"product-type-simple"},"acf":[],"_links":{"self":[{"href":"https:\/\/www.zongdamining.com\/fr\/wp-json\/wp\/v2\/product\/1842","targetHints":{"allow":["GET"]}}],"collection":[{"href":"https:\/\/www.zongdamining.com\/fr\/wp-json\/wp\/v2\/product"}],"about":[{"href":"https:\/\/www.zongdamining.com\/fr\/wp-json\/wp\/v2\/types\/product"}],"replies":[{"embeddable":true,"href":"https:\/\/www.zongdamining.com\/fr\/wp-json\/wp\/v2\/comments?post=1842"}],"wp:featuredmedia":[{"embeddable":true,"href":"https:\/\/www.zongdamining.com\/fr\/wp-json\/wp\/v2\/media\/3096"}],"wp:attachment":[{"href":"https:\/\/www.zongdamining.com\/fr\/wp-json\/wp\/v2\/media?parent=1842"}],"wp:term":[{"taxonomy":"product_brand","embeddable":true,"href":"https:\/\/www.zongdamining.com\/fr\/wp-json\/wp\/v2\/product_brand?post=1842"},{"taxonomy":"product_cat","embeddable":true,"href":"https:\/\/www.zongdamining.com\/fr\/wp-json\/wp\/v2\/product_cat?post=1842"},{"taxonomy":"product_tag","embeddable":true,"href":"https:\/\/www.zongdamining.com\/fr\/wp-json\/wp\/v2\/product_tag?post=1842"}],"curies":[{"name":"WP","href":"https:\/\/api.w.org\/{rel}","templated":true}]}}