{"id":1844,"date":"2024-02-20T15:59:42","date_gmt":"2024-02-20T07:59:42","guid":{"rendered":"https:\/\/www.zongdamining.com\/?post_type=product&#038;p=1844"},"modified":"2026-01-27T17:14:22","modified_gmt":"2026-01-27T09:14:22","slug":"zdt105-underground-mining-truck","status":"publish","type":"product","link":"https:\/\/www.zongdamining.com\/fr\/product\/zdt105-underground-mining-truck\/","title":{"rendered":"ZDT105 camion d\u2019exploitation mini\u00e8re souterraine \u2013 camion \u00e0 vidange articul\u00e9 pour m\u00e9taux souterrains de taille moyenne"},"content":{"rendered":"<p><img decoding=\"async\" class=\"alignnone size-medium wp-image-1846\" src=\"http:\/\/www.zongdamining.com\/wp-content\/uploads\/2024\/02\/IMG_7349549375f14ae2b76f60f2767f1e4c-300x109.png\" alt=\"\" width=\"300\" height=\"109\" srcset=\"https:\/\/www.zongdamining.com\/wp-content\/uploads\/2024\/02\/IMG_7349549375f14ae2b76f60f2767f1e4c-300x109.png 300w, https:\/\/www.zongdamining.com\/wp-content\/uploads\/2024\/02\/IMG_7349549375f14ae2b76f60f2767f1e4c-1024x371.png 1024w, https:\/\/www.zongdamining.com\/wp-content\/uploads\/2024\/02\/IMG_7349549375f14ae2b76f60f2767f1e4c-768x278.png 768w, https:\/\/www.zongdamining.com\/wp-content\/uploads\/2024\/02\/IMG_7349549375f14ae2b76f60f2767f1e4c-600x217.png 600w, https:\/\/www.zongdamining.com\/wp-content\/uploads\/2024\/02\/IMG_7349549375f14ae2b76f60f2767f1e4c.png 1191w\" sizes=\"(max-width: 300px) 100vw, 300px\" \/><\/p>\n<p>Le v\u00e9hicule minier souterrain ZDT105 est aliment\u00e9 par un moteur diesel, avec transmission m\u00e9canique hydraulique, traction \u00e0 quatre roues, entra\u00eenement lat\u00e9ral, carrosserie arri\u00e8re de camion-poussi\u00e8re, direction hydraulique articul\u00e9e centrale, grand angle de direction, virage flexible et petit rayon. Il convient aux op\u00e9rations de tunnel de section moyenne et pr\u00e9sente les caract\u00e9ristiques techniques suivantes: \u25cf Le syst\u00e8me d'alimentation adopte Cummins et Top japonais et chinois national III refroidi \u00e0 l'eau moteur \u00e0 faible pollution;<\/p>\n<p>\u25cf Le syst\u00e8me de transmission de puissance adopte des transmissions de marque sup\u00e9rieure, des convertisseurs de couple, des essieux d'entra\u00eenement hydrauliques de frein et des pneus r\u00e9sistants \u00e0 la coupe \u00e0 motif minier;  \u25cf Le syst\u00e8me de freinage adopte une vanne de remplissage MICO import\u00e9e et une vanne de frein;  \u25cf Le ch\u00e2ssis est une structure \u00e0 charni\u00e8re centrale, avec l'essieu avant balan\u00e7ant \u00e0 gauche et \u00e0 droite autour du centre du ch\u00e2ssis pour am\u00e9liorer les performances globales d'adh\u00e9sion du v\u00e9hicule;  \u25cf Le syst\u00e8me de direction est un syst\u00e8me de direction assist\u00e9e hydraulique avec des cylindres de direction \u00e0 deux c\u00f4t\u00e9s;  \u25cf Adopter une cabine ferm\u00e9e est plus s\u00fbr et plus confortable. Avertissement de s\u00e9curit\u00e9 \u25cf L'op\u00e9rateur de cette machine doit porter un casque de s\u00e9curit\u00e9 et porter avec lui un dispositif d'auto-sauvetage et une lampe mini\u00e8re lors de l'entr\u00e9e dans le puits;  \u25cf Cette machine doit \u00eatre r\u00e9guli\u00e8rement entretenue et inspect\u00e9e, et tous les dangers cach\u00e9s doivent \u00eatre rapidement trait\u00e9s;  \u25cf Il est strictement interdit d'effectuer l'entretien pendant que la machine est en fonctionnement;  \u25cf Lorsque la machine est en cours d'entretien, l'alimentation doit \u00eatre coup\u00e9e et les mots &#8220; en cours d'entretien, aucun d\u00e9marrage&#8221; doit \u00eatre accroch\u00e9;  \u25cf Lorsque vous entrez dans la machine pour souder et couper, des mesures de s\u00e9curit\u00e9 doivent \u00eatre prises apr\u00e8s avoir confirm\u00e9 qu'il n'y a pas de mat\u00e9riaux inflammables ou explosifs avant l'op\u00e9ration;  \u25cf Lorsque le moteur fonctionne et que la tuyauterie d'\u00e9chappement n'a pas refroidi apr\u00e8s l'arr\u00eat, il est strictement interdit d'avoir un contact physique avec le purificateur d'\u00e9chappement \u25cf la surface du tuyau d'\u00e9chappement pour \u00e9viter de graves blessures telles que des br\u00fblures;  \u25cf Lors de la r\u00e9paration du syst\u00e8me hydraulique de cette machine, la pression doit \u00eatre compl\u00e8tement soulag\u00e9e avant de commencer l'op\u00e9ration.  1. Conditions d'application: 1) Cette machine convient \u00e0 l'utilisation dans les tunnels d'une taille en section transversale de 3 m\u00e8tres (hauteur) \u00d7 Travailler dans les tunnels d'une largeur de 3,5 m\u00e8tres ou plus, le toit doit \u00eatre ferme, le rayon minimum de virage \u00e0 l'ext\u00e9rieur devrait \u00eatre de \u2265 4,6 m\u00e8tres, la pente de la route devrait \u00eatre \u2264 14 \u00b0, et le lieu de travail devrait avoir une bonne ventilation et un drainage; 2) La temp\u00e9rature ambiante du tunnel est de -5 \u2103 \u00e0 40 \u2103, et l'humidit\u00e9 relative maximale n'est pas sup\u00e9rieure \u00e0 85% (\u00e0 une temp\u00e9rature de 25 \u2103); 3) L'altitude du lieu d'utilisation ne doit pas d\u00e9passer 1000 m\u00e8tres, et la puissance doit \u00eatre r\u00e9duite pour l'utilisation dans des environnements \u00e0 grande altitude avec une altitude sup\u00e9rieure \u00e0 1000 m\u00e8tres; 4) La teneur en soufre du carburant utilis\u00e9 dans cette machine ne doit pas d\u00e9passer 0,2%; Cette machine est strictement interdite d'\u00eatre utilis\u00e9e dans des endroits avec des gaz inflammables et explosifs tels que le gaz et la poussi\u00e8re de charbon;<\/p>\n<p>2.1. Param\u00e8tres techniques \u25cf  Capacit\u00e9 nominale de charge: 5 tonnes \u25cf  Capacit\u00e9 du seau (empilage): 3 m\u00e8tres \u00b3 \u25cf  Vitesse maximale de conduite dans la vitesse I: 5,8 km\/h Deuxi\u00e8me vitesse: 20 km\/h \u25cf  Temps de levage du v\u00e9hicule: 12 secondes \u25cf  Temps de descente de la bo\u00eete de voiture: 9 secondes \u25cf  Capacit\u00e9 maximale d'escalade (charge lourde): 25% \u25cf  Force de traction maximale : 40 kN \u25cf  Rayon de tournage: c\u00f4t\u00e9 int\u00e9rieur 3350 mm ext\u00e9rieur 5600 mm \u25cf  Hauteur maximale de la machine lors du d\u00e9chargement: 3400 mm \u25cf  Angle de d\u00e9chargement maximum: 42 \u00b0 \u25cf  Angle de direction: \u00b1 40 \u00b0 \u25cf  D\u00e9gagement minimum au sol : 300 mm \u25cf  Dimensions ext\u00e9rieures (longueur \u00d7 largeur \u00d7 hauteur) : 6500 mm \u00d7 1800 mm \u00d7 1800 mm \u25cf  Poids de fonctionnement de toute la machine: 8,5 t<\/p>\n<p>2.2. moteur \u25cf Moteur: Cummins National III refroidi \u00e0 l'eau moteur \u00e0 faible pollution \u25cf Puissance nominale\/vitesse nominale: 80 kW\/2200 r\/min \u25cf Couple de sortie maximum: 480 N \u00b7 m @ 1500 r \/ min 2.3. Syst\u00e8me de transmission \u25cf  Mod\u00e8le de transmission: ZL15 Rapport vitesse: F1: 2.16, F2: 0.77;  R1:2.21, R2:0.785  \u25cf  Mod\u00e8le d'essieu moteur: DANA112 \u25cf  Rapport vitesse total: 23.25 \u25cf  Pneumatiques: 9.00-20 pneumatiques gonflables 2.4. Syst\u00e8me de freinage \u25cf Pompe de frein: CBLZ2040\/0016, d\u00e9placement: 16ml\/r \u25cf Pression maximale du syst\u00e8me de freinage: 16 MPa \u25cf  Frein de conduite: frein hydraulique multi-disque humide \u25cf Mod\u00e8le de vanne de frein: MICO 03-460 \u25cf Pression de lib\u00e9ration: 6,9 bar \u25cf  Frein de stationnement: frein \u00e0 ressort sur l'essieu moteur \u25cf Frein \u00e0 ressort, frein de lib\u00e9ration hydraulique \u25cf Mod\u00e8le de vanne de frein de stationnement: RA3\/3\/2\/G-3 2.5. Syst\u00e8me de direction \u25cf  Type: Central articul\u00e9, direction hydraulique \u25cf Pompe de travail de direction: CBLZ2040\/0016 \u25cf D\u00e9placement: 40ml\/r \u25cf  Pression maximale du syst\u00e8me de direction: 14 MPa \u25cf Direction : BZZ-400 \u25cf Vanne prioritaire: YXZ-F160<\/p>\n<p>\u25cf  Diam\u00e8tre du cylindre de direction\/diam\u00e8tre de la tige \u00d7 Nombre de cylindres: \u03c6 80\/ \u03c6 45 mm \u00d7 deux 2,6. Syst\u00e8me de travail \u25cf  Vanne multivoie de travail: SN-4\/1S \u25cf  Diam\u00e8tre du cylindre de levage\/diam\u00e8tre de la tige \u00d7 Nombre de cylindres: \u03c6 100\/ \u03c6 55 mm \u00d7 deux \u25cf Pression maximale du syst\u00e8me de travail: 16MPa 2,7. Syst\u00e8me \u00e9lectrique \u25cf Voltage du syst\u00e8me: 24V DC \u25cf Tension\/puissance du moteur de d\u00e9marrage: 24V\/6kW \u25cf \u00c9clairage: 2 phares avant, 2 \u00d7 45W, 24V 2 phares arri\u00e8re, 2 \u00d7 45W, 24V 2 feux de signalisation mini\u00e8re, 24V 1 plafond de cabine, 24V 2.8. Capacit\u00e9 du r\u00e9servoir de carburant \u25cf R\u00e9servoir d'huile hydraulique: 120 L \u25cf R\u00e9serve de carburant: 120 L \u25cf Huile de transmission : 28 L \u25cf  Pi\u00e8ce de transmission principale de l'essieu moteur: 12L \u00d7 deux \u25cf Pi\u00e8ce de r\u00e9duction de roue d'essieu moteur: 3,5 L \u00d7 quatre \u25cf Huile de lubrification moteur (huile moteur): 28L \u25cf Liquide de refroidissement moteur: 18L<\/p>","protected":false},"excerpt":{"rendered":"<p><img fetchpriority=\"high\" decoding=\"async\" class=\"alignnone size-medium wp-image-1845\" src=\"http:\/\/www.zongdamining.com\/wp-content\/uploads\/2024\/02\/IMG_fe65e384c25c43dd9b6259acb07db516-300x194.png\" alt=\"\" width=\"300\" height=\"194\" srcset=\"https:\/\/www.zongdamining.com\/wp-content\/uploads\/2024\/02\/IMG_fe65e384c25c43dd9b6259acb07db516-300x194.png 300w, https:\/\/www.zongdamining.com\/wp-content\/uploads\/2024\/02\/IMG_fe65e384c25c43dd9b6259acb07db516-1024x663.png 1024w, https:\/\/www.zongdamining.com\/wp-content\/uploads\/2024\/02\/IMG_fe65e384c25c43dd9b6259acb07db516-768x497.png 768w, https:\/\/www.zongdamining.com\/wp-content\/uploads\/2024\/02\/IMG_fe65e384c25c43dd9b6259acb07db516-600x388.png 600w, https:\/\/www.zongdamining.com\/wp-content\/uploads\/2024\/02\/IMG_fe65e384c25c43dd9b6259acb07db516.png 1339w\" sizes=\"(max-width: 300px) 100vw, 300px\" \/><\/p>\n<p>Le v\u00e9hicule minier souterrain ZDT105 est un \u00e9quipement minier sans voie con\u00e7u et fabriqu\u00e9 sp\u00e9cifiquement pour les mines souterraines.<\/p>","protected":false},"featured_media":3161,"comment_status":"closed","ping_status":"closed","template":"","meta":{"_acf_changed":false},"product_brand":[],"product_cat":[15],"product_tag":[],"class_list":{"0":"post-1844","1":"product","2":"type-product","3":"status-publish","4":"has-post-thumbnail","6":"product_cat-trackless-mining-equipment","8":"first","9":"instock","10":"shipping-taxable","11":"product-type-simple"},"acf":[],"_links":{"self":[{"href":"https:\/\/www.zongdamining.com\/fr\/wp-json\/wp\/v2\/product\/1844","targetHints":{"allow":["GET"]}}],"collection":[{"href":"https:\/\/www.zongdamining.com\/fr\/wp-json\/wp\/v2\/product"}],"about":[{"href":"https:\/\/www.zongdamining.com\/fr\/wp-json\/wp\/v2\/types\/product"}],"replies":[{"embeddable":true,"href":"https:\/\/www.zongdamining.com\/fr\/wp-json\/wp\/v2\/comments?post=1844"}],"wp:featuredmedia":[{"embeddable":true,"href":"https:\/\/www.zongdamining.com\/fr\/wp-json\/wp\/v2\/media\/3161"}],"wp:attachment":[{"href":"https:\/\/www.zongdamining.com\/fr\/wp-json\/wp\/v2\/media?parent=1844"}],"wp:term":[{"taxonomy":"product_brand","embeddable":true,"href":"https:\/\/www.zongdamining.com\/fr\/wp-json\/wp\/v2\/product_brand?post=1844"},{"taxonomy":"product_cat","embeddable":true,"href":"https:\/\/www.zongdamining.com\/fr\/wp-json\/wp\/v2\/product_cat?post=1844"},{"taxonomy":"product_tag","embeddable":true,"href":"https:\/\/www.zongdamining.com\/fr\/wp-json\/wp\/v2\/product_tag?post=1844"}],"curies":[{"name":"WP","href":"https:\/\/api.w.org\/{rel}","templated":true}]}}