{"id":1847,"date":"2024-02-20T16:18:09","date_gmt":"2024-02-20T08:18:09","guid":{"rendered":"https:\/\/www.zongdamining.com\/?post_type=product&#038;p=1847"},"modified":"2026-01-22T11:20:30","modified_gmt":"2026-01-22T03:20:30","slug":"zusl-3x-underground-scissor-lift-utility-vehicle","status":"publish","type":"product","link":"https:\/\/www.zongdamining.com\/fr\/product\/zusl-3x-underground-scissor-lift-utility-vehicle\/","title":{"rendered":"V\u00e9hicule utilitaire d'ascenseur \u00e0 ciseaux souterrain ZUSL-3X pour l'exploitation du site de mine souterraine"},"content":{"rendered":"<p><img fetchpriority=\"high\" decoding=\"async\" class=\"alignnone size-medium wp-image-1849\" src=\"http:\/\/www.zongdamining.com\/wp-content\/uploads\/2024\/02\/IMG_12ad311039b646459870ebc4cc82e18c-300x200.png\" alt=\"\" width=\"300\" height=\"200\" srcset=\"https:\/\/www.zongdamining.com\/wp-content\/uploads\/2024\/02\/IMG_12ad311039b646459870ebc4cc82e18c-300x200.png 300w, https:\/\/www.zongdamining.com\/wp-content\/uploads\/2024\/02\/IMG_12ad311039b646459870ebc4cc82e18c-1024x682.png 1024w, https:\/\/www.zongdamining.com\/wp-content\/uploads\/2024\/02\/IMG_12ad311039b646459870ebc4cc82e18c-768x511.png 768w, https:\/\/www.zongdamining.com\/wp-content\/uploads\/2024\/02\/IMG_12ad311039b646459870ebc4cc82e18c-600x399.png 600w, https:\/\/www.zongdamining.com\/wp-content\/uploads\/2024\/02\/IMG_12ad311039b646459870ebc4cc82e18c.png 1140w\" sizes=\"(max-width: 300px) 100vw, 300px\" \/> <img decoding=\"async\" class=\"alignnone size-medium wp-image-1850\" src=\"http:\/\/www.zongdamining.com\/wp-content\/uploads\/2024\/02\/IMG_c1c3468011f347b2aa8313b8723e807e-300x200.png\" alt=\"\" width=\"300\" height=\"200\" srcset=\"https:\/\/www.zongdamining.com\/wp-content\/uploads\/2024\/02\/IMG_c1c3468011f347b2aa8313b8723e807e-300x200.png 300w, https:\/\/www.zongdamining.com\/wp-content\/uploads\/2024\/02\/IMG_c1c3468011f347b2aa8313b8723e807e-1024x682.png 1024w, https:\/\/www.zongdamining.com\/wp-content\/uploads\/2024\/02\/IMG_c1c3468011f347b2aa8313b8723e807e-768x511.png 768w, https:\/\/www.zongdamining.com\/wp-content\/uploads\/2024\/02\/IMG_c1c3468011f347b2aa8313b8723e807e-600x399.png 600w, https:\/\/www.zongdamining.com\/wp-content\/uploads\/2024\/02\/IMG_c1c3468011f347b2aa8313b8723e807e.png 1140w\" sizes=\"(max-width: 300px) 100vw, 300px\" \/><\/p>\n<p>Le v\u00e9hicule de plate-forme \u00e9l\u00e9vative ZUSL-3X est aliment\u00e9 par un moteur diesel, avec transmission m\u00e9canique hydraulique, traction \u00e0 quatre roues, entra\u00eenement vers l'avant, direction articul\u00e9e enti\u00e8rement hydraulique, grand angle de direction, virage flexible et petit rayon de virage. Il convient aux op\u00e9rations de tunnel de section moyenne et pr\u00e9sente les caract\u00e9ristiques techniques suivantes: \u25cf Le syst\u00e8me d'alimentation adopte le moteur \u00e0 faible pollution refroidi \u00e0 l'eau Deutz;  \u25cf Le syst\u00e8me de transmission de puissance adopte la transmission de d\u00e9calage de puissance DANA, l'essieu d'entra\u00eenement DANA et les pneus r\u00e9sistants \u00e0 la coupe du mod\u00e8le minier;  \u25cf  Le freinage de service adopte des freins hydrauliques multi-disques humides; vanne de remplissage MICO et vanne de frein; Le frein de stationnement adopte une vanne directionnelle manuelle pour contr\u00f4ler le frein \u00e0 ressort d'essieu, assurant la s\u00e9curit\u00e9 et la fiabilit\u00e9;  \u25cf Le cadre est une structure articul\u00e9e avec des performances fiables;  \u25cf Adopter une cabine ferm\u00e9e est plus s\u00fbr et plus confortable.<\/p>\n<p>Avertissement de s\u00e9curit\u00e9 \u25cf L'op\u00e9rateur de cette machine doit porter un casque de s\u00e9curit\u00e9 et porter un dispositif d'auto-sauvetage et miner&#8217; s lampe avec eux lors de l'entr\u00e9e dans le puits;  \u25cf Cette machine doit \u00eatre r\u00e9guli\u00e8rement entretenue et inspect\u00e9e, et tous les dangers cach\u00e9s doivent \u00eatre rapidement trait\u00e9s;  \u25cf Il est strictement interdit d'effectuer l'entretien pendant que la machine fonctionne;  \u25cf Lorsque la machine est en cours d'entretien, l'alimentation doit \u00eatre coup\u00e9e et les mots &#8220; en cours d'entretien, aucun d\u00e9marrage&#8221; doit \u00eatre accroch\u00e9;  \u25cf  La surcharge est interdite sur la plateforme;  \u25cf Lors de la soudure et de la coupe, il est n\u00e9cessaire de s'assurer qu'il n'y a pas de mati\u00e8res inflammables ou explosives sur le v\u00e9hicule avant l'op\u00e9ration;<\/p>\n<p>\u25cf Lorsque le moteur fonctionne et que le tuyau d'\u00e9chappement n'a pas refroidi apr\u00e8s l'arr\u00eat, il est strictement interdit de toucher la surface du purificateur d'\u00e9chappement et du tuyau d'\u00e9chappement pour \u00e9viter de graves blessures telles que des br\u00fblures;  \u25cf Lors de la r\u00e9paration du syst\u00e8me hydraulique de cette machine, la pression doit \u00eatre compl\u00e8tement soulag\u00e9e avant que le fonctionnement puisse commencer.<\/p>\n<p>1) Cette machine convient \u00e0 l'utilisation dans les tunnels d'une taille en section transversale de 3 m\u00e8tres (hauteur) \u00d7 Dans les tunnels de 3 m\u00e8tres (largeur) et au-dessus L'op\u00e9ration n\u00e9cessite une plaque sup\u00e9rieure ferme, un rayon de virage minimum de \u2265 6,25 m \u00e0 l'ext\u00e9rieur et une pente routi\u00e8re de \u2264 14 \u00b0, Recherche de bonne ventilation et de drainage sur le lieu de travail; 2) La temp\u00e9rature ambiante du tunnel est -5 \u2103 ~ 40 \u2103, et l'humidit\u00e9 relative maximale n'est pas sup\u00e9rieure \u00e0 85% (\u00e0 une temp\u00e9rature de 25 \u2103) Heure); 3) La teneur en soufre du carburant utilis\u00e9 dans cette machine ne doit pas d\u00e9passer 0,2%; 4) Cette machine est strictement interdite d'\u00eatre utilis\u00e9e dans des endroits avec des gaz inflammables et explosifs tels que le gaz et la poussi\u00e8re de charbon;<\/p>\n<p>2.1. Param\u00e8tres techniques \u25cf  Charge nominale de la plate-forme: 3000kg \u25cf  Hauteur maximale de la plateforme: 5000mm \u25cf  Vitesse maximale de conduite en vitesse I: 5 km\/h Deuxi\u00e8me vitesse: 11 km\/h Troisi\u00e8me vitesse: 26 km\/h R\u00e9verse I: 5 km\/h R\u00e9verse II: 11 km\/h R\u00e9verse troisi\u00e8me vitesse: 26 km\/h<\/p>\n<p>\u25cf  Capacit\u00e9 maximale d'escalade (charge lourde): 14 \u00b0 \u25cf  Force de traction maximale : 80 kN \u25cf  Rayon de tournure: 6610 mm \u25cf  Hauteur maximale de toute la machine : 2210 mm \u25cf  Angle de direction: \u00b1 40 \u00b0 \u25cf  D\u00e9gagement minimum au sol : 295 mm \u25cf  Dimensions globales (longueur \u00d7 largeur \u00d7 hauteur): 7850 mmx1800 mmx2210 mm \u25cf  Poids de fonctionnement de la machine enti\u00e8re: 9500Kg 2.2. moteur \u25cf Moteur: moteur \u00e0 faible pollution refroidi \u00e0 l'eau Deutz \u25cf Puissance nominale\/vitesse nominale: 115 kW\/2200 r\/min \u25cf Couple de sortie maximum: 750 N\u00b7m@1500 r\/min \u25cf  M\u00e9thode de d\u00e9marrage: d\u00e9marrage \u00e9lectrique \u25cf  M\u00e9thode d'\u00e9mission d'\u00e9chappement: purification ternaire, purification et r\u00e9duction du bruit \u25cf  Contr\u00f4le de l'acc\u00e9l\u00e9rateur: contr\u00f4leur d'acc\u00e9l\u00e9rateur hydraulique 2.3. Syst\u00e8me de transmission \u25cf Mod\u00e8le de transmission: DANA IT20320B \u25cf Mod\u00e8le d'essieu moteur: DANA112 Rapport de vitesse total: 23,25 \u25cf  Pneumatiques: Pneumatiques gonflables 2.4. Syst\u00e8me de freinage \u25cf Pompe de frein: P124ADUZA07 D\u00e9placement: 15.2ml\/r \u25cf Pression maximale du syst\u00e8me de freinage: 10,5 MPa \u25cf  Freinage de service: frein multi-disque mouill\u00e9 Mod\u00e8le de vanne de frein: GL810-244-069 Pression de lib\u00e9ration: 69 bar \u25cf  Frein de stationnement: frein \u00e0 ressort de bloc d'essieu 2.5. Syst\u00e8me de direction \u25cf  Type: direction hydraulique articul\u00e9e \u25cf Pompe de direction: PB5100A331 D\u00e9placement: 52.7ml\/r<\/p>\n<p>\u25cf Pression maximale du syst\u00e8me de direction: 16 MPa \u25cf Direction: BZZ-E630 \u25cf Vanne de stabilit\u00e9 unique: FLD-F48W \u25cf  Diam\u00e8tre du cylindre de direction \/ diam\u00e8tre de la tige: \u03c6 80 \/ \u03c6 45 mm 2,6. Syst\u00e8me \u00e9lectrique \u25cf Voltage du syst\u00e8me: 24V DC \u25cf Tension\/puissance du moteur de d\u00e9marrage: 24 V\/6 KW \u25cf  \u00c9clairage: 2 phares avant, 2 \u00d7 42W, 24V 2 phares arri\u00e8re, 2 \u00d7 42W, 24V 2 phares avant, 2 \u00d7 18W, 24V 2 feux de signal minier, 24 V 1 plafond de cabine, 24 V 2.7. Volume du r\u00e9servoir \u25cf R\u00e9servoir d'huile hydraulique: 120 L \u25cf R\u00e9serve de carburant: 120 L \u25cf Transmission : 25 L \u25cf  Pi\u00e8ce de transmission principale de l'essieu moteur: 17L \u00d7 deux \u25cf Pi\u00e8ce de r\u00e9duction de roue d'essieu moteur: 3,5 L \u00d7 quatre \u25cf Huile de lubrification moteur: 7.7L<\/p>","protected":false},"excerpt":{"rendered":"<p><img decoding=\"async\" class=\"alignnone size-medium wp-image-1848\" src=\"http:\/\/www.zongdamining.com\/wp-content\/uploads\/2024\/02\/IMG_1c504d5507f348d19739d33d8c1747e6-300x200.png\" alt=\"\" width=\"300\" height=\"200\" srcset=\"https:\/\/www.zongdamining.com\/wp-content\/uploads\/2024\/02\/IMG_1c504d5507f348d19739d33d8c1747e6-300x200.png 300w, https:\/\/www.zongdamining.com\/wp-content\/uploads\/2024\/02\/IMG_1c504d5507f348d19739d33d8c1747e6-1024x683.png 1024w, https:\/\/www.zongdamining.com\/wp-content\/uploads\/2024\/02\/IMG_1c504d5507f348d19739d33d8c1747e6-768x512.png 768w, https:\/\/www.zongdamining.com\/wp-content\/uploads\/2024\/02\/IMG_1c504d5507f348d19739d33d8c1747e6-600x400.png 600w, https:\/\/www.zongdamining.com\/wp-content\/uploads\/2024\/02\/IMG_1c504d5507f348d19739d33d8c1747e6.png 1140w\" sizes=\"(max-width: 300px) 100vw, 300px\" \/><\/p>\n<p>Le camion de plate-forme de levage ZUSL-3X est un \u00e9quipement de plate-forme de levage sans voie con\u00e7u et fabriqu\u00e9 sp\u00e9cifiquement pour les mines souterraines.<\/p>","protected":false},"featured_media":3082,"comment_status":"closed","ping_status":"closed","template":"","meta":{"_acf_changed":false},"product_brand":[],"product_cat":[15],"product_tag":[],"class_list":{"0":"post-1847","1":"product","2":"type-product","3":"status-publish","4":"has-post-thumbnail","6":"product_cat-trackless-mining-equipment","8":"first","9":"instock","10":"shipping-taxable","11":"product-type-simple"},"acf":[],"_links":{"self":[{"href":"https:\/\/www.zongdamining.com\/fr\/wp-json\/wp\/v2\/product\/1847","targetHints":{"allow":["GET"]}}],"collection":[{"href":"https:\/\/www.zongdamining.com\/fr\/wp-json\/wp\/v2\/product"}],"about":[{"href":"https:\/\/www.zongdamining.com\/fr\/wp-json\/wp\/v2\/types\/product"}],"replies":[{"embeddable":true,"href":"https:\/\/www.zongdamining.com\/fr\/wp-json\/wp\/v2\/comments?post=1847"}],"wp:featuredmedia":[{"embeddable":true,"href":"https:\/\/www.zongdamining.com\/fr\/wp-json\/wp\/v2\/media\/3082"}],"wp:attachment":[{"href":"https:\/\/www.zongdamining.com\/fr\/wp-json\/wp\/v2\/media?parent=1847"}],"wp:term":[{"taxonomy":"product_brand","embeddable":true,"href":"https:\/\/www.zongdamining.com\/fr\/wp-json\/wp\/v2\/product_brand?post=1847"},{"taxonomy":"product_cat","embeddable":true,"href":"https:\/\/www.zongdamining.com\/fr\/wp-json\/wp\/v2\/product_cat?post=1847"},{"taxonomy":"product_tag","embeddable":true,"href":"https:\/\/www.zongdamining.com\/fr\/wp-json\/wp\/v2\/product_tag?post=1847"}],"curies":[{"name":"WP","href":"https:\/\/api.w.org\/{rel}","templated":true}]}}