{"id":1854,"date":"2024-03-04T14:33:58","date_gmt":"2024-03-04T06:33:58","guid":{"rendered":"https:\/\/www.zongdamining.com\/?post_type=product&#038;p=1854"},"modified":"2026-04-24T14:22:31","modified_gmt":"2026-04-24T06:22:31","slug":"zdl201-underground-loader-0-6m%c2%b3bucket-volume-with-1-2-ton-tramming-capacity","status":"publish","type":"product","link":"https:\/\/www.zongdamining.com\/fr\/product\/zdl201-underground-loader-0-6m%c2%b3bucket-volume-with-1-2-ton-tramming-capacity\/","title":{"rendered":"ZDL201 chargeur souterrain 0.6m\u00b3 volume de seau avec 1,2 tonne de capacit\u00e9 de tramway"},"content":{"rendered":"<p><img fetchpriority=\"high\" decoding=\"async\" class=\"alignnone wp-image-1855 size-full\" src=\"http:\/\/www.zongdamining.com\/wp-content\/uploads\/2024\/03\/ZDL201-Underground-Loader.jpg\" alt=\"\" width=\"689\" height=\"459\" srcset=\"https:\/\/www.zongdamining.com\/wp-content\/uploads\/2024\/03\/ZDL201-Underground-Loader.jpg 689w, https:\/\/www.zongdamining.com\/wp-content\/uploads\/2024\/03\/ZDL201-Underground-Loader-300x200.jpg 300w, https:\/\/www.zongdamining.com\/wp-content\/uploads\/2024\/03\/ZDL201-Underground-Loader-600x400.jpg 600w\" sizes=\"(max-width: 689px) 100vw, 689px\" \/><\/p>\n<ol>\n<li><b><\/b><strong>Caract\u00e9ristiques de performance du produit et<\/strong><strong><strong>Caract\u00e9ristiques<br \/>\n<\/strong><\/strong><\/p>\n<ul>\n<li>ZDL201 est un LHD diesel de 1,2 t con\u00e7u pour l'exploitation mini\u00e8re et le transport souterrain de minerai m\u00e9tallique. L'\u00e9quipement est compact en taille et petit en rayon de tournure, ce qui convient pour le fonctionnement dans des tunnels \u00e9troits.<\/li>\n<\/ul>\n<p>&nbsp;<\/p>\n<ul>\n<li>Le moteur adopte la derni\u00e8re g\u00e9n\u00e9ration de moteur haute puissance \u00e0 faible pollution D914L04 de Deutz, avec une puissance forte et d'excellentes performances.<\/li>\n<\/ul>\n<p>&nbsp;<\/p>\n<p>3) 6.3 le silencieux adopte le purificateur de silencieux d'\u00e9chappement sec de platine canadien ECS, qui r\u00e9duit la pollution atmosph\u00e9rique et am\u00e9liore l'environnement d'exploitation du trou de bas<\/p>\n<ul>\n<li>La pompe \u00e0 d\u00e9placement variable Linde de la s\u00e9rie 55 d'Allemagne et le moteur hydraulique \u00e0 d\u00e9placement variable de la derni\u00e8re g\u00e9n\u00e9ration de la s\u00e9rie 55 de Sauer Danfoss des \u00c9tats-Unis sont adopt\u00e9s, ce qui est diff\u00e9rent des anciens fabricants de s\u00e9ries PV22 et MV23. Le syst\u00e8me hydraulique Linde d'Allemagne et le syst\u00e8me hydraulique Sauer des \u00c9tats-Unis sont des marques internationalement c\u00e9l\u00e8bres, avec un faible taux de d\u00e9faillance et une correspondance parfaite. Ils ont obtenu la meilleure correspondance avec le moteur DEUTZ, c'est-\u00e0-dire qu'ils peuvent donner pleinement \u00e0 l'efficacit\u00e9 maximale du moteur, garantir efficacement la dur\u00e9e de vie de l'ensemble du v\u00e9hicule et de l'essieu, r\u00e9duire les co\u00fbts d'entretien et am\u00e9liorer le taux de pr\u00e9sence de l'\u00e9quipement et l'efficacit\u00e9 d'extraction de minerai.<\/li>\n<\/ul>\n<p>&nbsp;<\/p>\n<p>5) L'acier bassement alli\u00e9 Q345B est choisi comme mat\u00e9riau principal pour le cadre et la plaque de l'ensemble du v\u00e9hicule. La limite inf\u00e9rieure de rendement de ce mat\u00e9riau est d'environ 345mpa, qui peut r\u00e9sister \u00e0 diverses charges \u00e0 l'int\u00e9rieur et \u00e0 l'ext\u00e9rieur du v\u00e9hicule. Il est non seulement garanti en r\u00e9sistance, mais aussi soud\u00e9 et form\u00e9 \u00e0 travers sept processus tels que la normalisation, le vieillissement, le sablage et l'anticorrosion. Par cons\u00e9quent, il r\u00e9pond aux exigences du cadre et du dispositif de travail pour la structure, la puissance et le mouvement.<\/p>\n<p>&nbsp;<\/p>\n<p>6) L'essieu PC15 lourd est choisi comme essieu moteur. Compar\u00e9 \u00e0 l'essieu l\u00e9ger d'autres fabricants, il est durable et a une r\u00e9sistance \u00e0 l'impact \u00e9lev\u00e9e, r\u00e9duisant le taux de d\u00e9faillance. L'essieu d'entra\u00eenement est un essieu d'entra\u00eenement humide normalement ferm\u00e9. Gr\u00e2ce au freinage \u00e0 ressort et au rel\u00e2chement hydraulique, la fiabilit\u00e9 et la s\u00e9curit\u00e9 sont am\u00e9lior\u00e9es. Il convient aux conditions routi\u00e8res souterraines complexes et aux conditions de chargement de la pelle.<br \/>\n<img decoding=\"async\" class=\"alignnone wp-image-1856 size-full\" src=\"http:\/\/www.zongdamining.com\/wp-content\/uploads\/2024\/03\/ZDL201-Underground-Loader-1.jpg\" alt=\"\" width=\"511\" height=\"341\" srcset=\"https:\/\/www.zongdamining.com\/wp-content\/uploads\/2024\/03\/ZDL201-Underground-Loader-1.jpg 511w, https:\/\/www.zongdamining.com\/wp-content\/uploads\/2024\/03\/ZDL201-Underground-Loader-1-300x200.jpg 300w\" sizes=\"(max-width: 511px) 100vw, 511px\" \/><\/p>\n<table>\n<tbody>\n<tr>\n<td width=\"41\">Non, non.<\/td>\n<td width=\"212\">Sp\u00e9cifications<\/td>\n<td width=\"207\">Param\u00e8tres<\/td>\n<\/tr>\n<tr>\n<td width=\"41\">1<\/td>\n<td width=\"212\">Capacit\u00e9 du seau<\/td>\n<td width=\"207\">0.6m\u00b3<\/td>\n<\/tr>\n<tr>\n<td width=\"41\">2<\/td>\n<td width=\"212\">Capacit\u00e9 nominale de charge<\/td>\n<td width=\"207\">1.2t<\/td>\n<\/tr>\n<tr>\n<td width=\"41\">3<\/td>\n<td width=\"212\">Force maximale de la pelle<\/td>\n<td width=\"207\">42 KN<\/td>\n<\/tr>\n<tr>\n<td width=\"41\">4<\/td>\n<td width=\"212\">Traction maximale<\/td>\n<td width=\"207\">40 KN<\/td>\n<\/tr>\n<tr>\n<td width=\"41\">5<\/td>\n<td width=\"212\">Hauteur maximale de d\u00e9chargement<\/td>\n<td width=\"207\">735 mm<\/td>\n<\/tr>\n<tr>\n<td width=\"41\">6<\/td>\n<td width=\"212\">Distance minimale de d\u00e9chargement<\/td>\n<td width=\"207\">1015\u00a0mm<\/td>\n<\/tr>\n<tr>\n<td width=\"41\">7<\/td>\n<td width=\"212\">Hauteur maximale de levage du seau<\/td>\n<td width=\"207\">2024 mm<\/td>\n<\/tr>\n<tr>\n<td width=\"41\">8<\/td>\n<td width=\"212\">Temps d'action du dispositif de travail<\/p>\n<p>Ermane<\/td>\n<td width=\"207\">10 secondes<\/p>\n<p>&nbsp;<\/p>\n<p>&nbsp;<\/td>\n<\/tr>\n<tr>\n<td width=\"41\">9<\/td>\n<td width=\"212\">Capacit\u00e9 d'escalade (pleine charge)<\/td>\n<td width=\"207\">\u2264 16\u00b0<\/td>\n<\/tr>\n<tr>\n<td width=\"41\">10<\/td>\n<td width=\"212\">Radius de tournage minimum<\/td>\n<td width=\"207\">Ext\u00e9rieur 3460 mm<\/p>\n<p>Int\u00e9rieur 1907 mm<\/td>\n<\/tr>\n<tr>\n<td width=\"41\">11<\/td>\n<td width=\"212\">Angle de direction maximum (gauche\/droite)<\/td>\n<td width=\"207\">38\u00b0<\/td>\n<\/tr>\n<tr>\n<td width=\"41\">12<\/td>\n<td width=\"212\">Angle de d\u00e9part<\/td>\n<td width=\"207\">16\u00b0<\/td>\n<\/tr>\n<tr>\n<td width=\"41\">13<\/td>\n<td width=\"212\">Vitesse de voyage (bidirectionnelle)<\/td>\n<td width=\"207\">0-6km\/h<\/td>\n<\/tr>\n<tr>\n<td width=\"41\">14<\/td>\n<td width=\"212\">Mod\u00e8le moteur diesel \/ puissance<\/td>\n<td width=\"207\">DEUTZ D914L04\/ 58kW,<\/td>\n<\/tr>\n<tr>\n<td width=\"41\">&nbsp;<\/p>\n<p>15<\/td>\n<td width=\"212\">&nbsp;<\/p>\n<p>Syst\u00e8me de freinage<\/td>\n<td width=\"207\">Il int\u00e8gre le frein de travail et le frein de stationnement, adopte le frein \u00e0 ressort et le frein de lib\u00e9ration hydraulique<\/td>\n<\/tr>\n<tr>\n<td width=\"41\">16<\/td>\n<td width=\"212\">Dimensions (L x L x H)<\/td>\n<td width=\"207\">5106x1160x1840 mm<\/td>\n<\/tr>\n<tr>\n<td width=\"41\">17<\/td>\n<td width=\"212\">Poids global de la machine<\/td>\n<td width=\"207\">5 tonnes<\/td>\n<\/tr>\n<\/tbody>\n<\/table>\n<p>7) Le manchon en cuivre de toute la machine est en laiton haute r\u00e9sistance et radialement incrust\u00e9 avec une charge de graphite cylindrique command\u00e9e comme mat\u00e9riau de frottement. La lubrification solide int\u00e9gr\u00e9e est facile \u00e0 former un film de lubrification, qui joue un grand r\u00f4le dans ses performances de frottement et d'usure. Il a les avantages de haute pr\u00e9cision, forte capacit\u00e9 de roulement et bonne r\u00e9sistance \u00e0 l'usure.<\/p>\n<p>&nbsp;<\/p>\n<p>8) L'arbre de broche est en acier alli\u00e9 40Cr, qui doit subir cinq processus, y compris le tournage brut, l'\u00e9teinte et le trempage, le tournage fin, l'\u00e9teinte et le broyage fin pour assurer la stabilit\u00e9 de l'arbre de broche de ZONGDA ZDL201 pendant la p\u00e9riode de travail.<\/p>\n<p>&nbsp;<\/p>\n<p>9) Le r\u00e9servoir d'huile hydraulique adopte la technologie de lavage \u00e0 l'acide et de traitement \u00e0 haute pression, qui est diff\u00e9rente du nettoyage manuel d'autres fabricants, assurant ainsi la propret\u00e9 du syst\u00e8me hydraulique et faisant durer plus longtemps la pompe et le moteur.<\/p>\n<p>10) la conception d'oscillation de l'essieu arri\u00e8re avec le roulement pivotant interm\u00e9diaire est adopt\u00e9e, ce qui rend la structure plus raisonnable et le confort de manipulation et la s\u00e9curit\u00e9 meilleures.<\/p>\n<p>&nbsp;<\/p>\n<p>11) le dispositif de protection de suivi de tout le processus est ajout\u00e9 au cylindre \u00e0 huile pour prot\u00e9ger la tige de piston du cylindre \u00e0 huile des pierres qui tombent, prot\u00e9ger efficacement le cylindre \u00e0 huile et prolonger la dur\u00e9e de vie.<\/p>\n<p>&nbsp;<\/p>\n<p>12) tous les tuyaux d'huile hydrauliques et les connecteurs sont fabriqu\u00e9s de marques bien connues import\u00e9es, telles que la marque Ma et Goodyear, et la dur\u00e9e de vie est grandement prolong\u00e9e.<\/p>\n<p>13) la lame est faite de plaque sp\u00e9ciale 500 r\u00e9sistante \u00e0 l'usure de Baosteel, qui est r\u00e9sistante \u00e0 l'usure et r\u00e9sistante au cisaillement, 1,5-2 fois la dur\u00e9e de vie de la plaque d'acier r\u00e9sistante \u00e0 l'usure ordinaire.<\/li>\n<li><strong>Dimension de contour<\/strong><strong><strong>dessins<br \/>\n<img decoding=\"async\" class=\"alignnone size-medium wp-image-1857\" src=\"http:\/\/www.zongdamining.com\/wp-content\/uploads\/2024\/03\/Outline-dimension-drawings-192x300.jpg\" alt=\"\" width=\"192\" height=\"300\" srcset=\"https:\/\/www.zongdamining.com\/wp-content\/uploads\/2024\/03\/Outline-dimension-drawings-192x300.jpg 192w, https:\/\/www.zongdamining.com\/wp-content\/uploads\/2024\/03\/Outline-dimension-drawings-655x1024.jpg 655w, https:\/\/www.zongdamining.com\/wp-content\/uploads\/2024\/03\/Outline-dimension-drawings-768x1201.jpg 768w, https:\/\/www.zongdamining.com\/wp-content\/uploads\/2024\/03\/Outline-dimension-drawings-600x938.jpg 600w, https:\/\/www.zongdamining.com\/wp-content\/uploads\/2024\/03\/Outline-dimension-drawings.jpg 798w\" sizes=\"(max-width: 192px) 100vw, 192px\" \/><br \/>\n<\/strong><\/strong><\/p>\n<h2><span style=\"font-size: 14pt;\"><b>4.\u00a0<\/b><strong><b>Technologie de traitement des produits ZONGDA<br \/>\n<\/b><\/strong><\/span><\/h2>\n<ol>\n<li><b><\/b><strong><b>l<\/b><\/strong>arge centre de coupe et de soudage pour assurer l'environnement de processus et les exigences d'\u00e9quipement pour le traitement des pi\u00e8ces structurelles.<\/li>\n<\/ol>\n<p>&nbsp;<\/p>\n<ol start=\"2\">\n<li><b><\/b>La structure du cadre est trait\u00e9e par un centre d'usinage CNC \u00e0 grande \u00e9chelle. Il est serr\u00e9 une fois et les doubles trous sont al\u00e9s\u00e9s une fois pour assurer la pr\u00e9cision d'usinage.<\/li>\n<\/ol>\n<p>&nbsp;<\/p>\n<ol start=\"3\">\n<li><strong><b>3<\/b><\/strong><strong><b>.<\/b><\/strong>grand four de recuit doit \u00eatre utilis\u00e9 pour effectuer un traitement thermique de recuit unique pour \u00e9viter la d\u00e9formation et la fissuration caus\u00e9es par la contrainte du cadre. Fabrication et traitement de pi\u00e8ces rivet\u00e9es et soud\u00e9es telles que cadre avant et arri\u00e8re, fl\u00e8che et seau:<\/li>\n<\/ol>\n<p><strong><b>Technologie de traitement des pi\u00e8ces principales du cylindre \u00e0 huile:<\/b><\/strong><\/p>\n<ul>\n<li>baril de cylindre: port d'huile soud\u00e9 honnage pour assurer le baril de cylindre hors de rondeur.<\/li>\n<li>tige de piston: en mat\u00e9riau 40CrMo, le processus est: forgeage &#8211; tournage rouge &#8211; \u00e9teindre et tremper &#8211; tournage fin &#8211; ennuyeux &#8211; broyage &#8211; chromage dur &#8211; polissage.  \u00fc<\/li>\n<\/ul>\n<p><strong><b>Technologie de traitement des pi\u00e8ces d'arbre principal:<\/b><\/strong><\/p>\n<ul>\n<li>\n<ol start=\"3\">\n<li>Le v\u00e9hicule doit \u00eatre inspect\u00e9 conform\u00e9ment aux exigences de s\u00e9curit\u00e9 gb25518-2010 et JB \/ t5500-2015 pour le LHD souterrain avant de quitter l'usine. La soci\u00e9t\u00e9 dispose d'un site d'essai \u00e0 grande \u00e9chelle pour simuler les conditions de travail et tester l'\u00e9quipement pour s'assurer que les produits livr\u00e9s r\u00e9pondent aux exigences de conception et sont livr\u00e9s au client. tournage rouge &#8211; \u00e9teindre et tremper &#8211; tournage fin &#8211; \u00e9teindre &#8211; broyage<br \/>\n<h2><span style=\"font-size: 14pt;\"><b>5. <\/b><strong><b>Processus d'assemblage et contr\u00f4le de qualit\u00e9<\/b><\/strong><\/span><\/h2>\n<p><img loading=\"lazy\" decoding=\"async\" class=\"alignnone size-medium wp-image-1858\" src=\"http:\/\/www.zongdamining.com\/wp-content\/uploads\/2024\/03\/Assembly-process-and-quality-control-300x212.jpg\" alt=\"\" width=\"300\" height=\"212\" srcset=\"https:\/\/www.zongdamining.com\/wp-content\/uploads\/2024\/03\/Assembly-process-and-quality-control-300x212.jpg 300w, https:\/\/www.zongdamining.com\/wp-content\/uploads\/2024\/03\/Assembly-process-and-quality-control-768x543.jpg 768w, https:\/\/www.zongdamining.com\/wp-content\/uploads\/2024\/03\/Assembly-process-and-quality-control-600x424.jpg 600w, https:\/\/www.zongdamining.com\/wp-content\/uploads\/2024\/03\/Assembly-process-and-quality-control.jpg 781w\" sizes=\"(max-width: 300px) 100vw, 300px\" \/><\/p>\n<ol>\n<li>Tous les produits de ZONGDA sont assembl\u00e9s en stricte conformit\u00e9 avec les documents de processus d'assemblage approuv\u00e9s et les instructions d'exploitation, et compl\u00e8tement suivis, inspect\u00e9s et enregistr\u00e9s. Chaque \u00e9quipement et pi\u00e8ce est tra\u00e7able.<\/li>\n<\/ol>\n<p>&nbsp;<\/p>\n<ol start=\"2\">\n<li>Tout le processus de production de ZONGDA est soumis \u00e0 un contr\u00f4le de qualit\u00e9 complet selon le syst\u00e8me ISO9001. Le processus d'assemblage pr\u00e9cis et le contr\u00f4le de qualit\u00e9 parfait sont fournis. Il a des ateliers normalis\u00e9s, des travailleurs d'assemblage strictement form\u00e9s et utilise strictement le syst\u00e8me de production ERP pour la gestion. Tout le processus est g\u00e9r\u00e9 de mani\u00e8re transparente et chaque lien est ma\u00eetris\u00e9 en temps r\u00e9el.<\/li>\n<\/ol>\n<ol start=\"3\">\n<li>Le v\u00e9hicule doit \u00eatre inspect\u00e9 conform\u00e9ment aux exigences de s\u00e9curit\u00e9 gb25518-2010 et JB \/ t5500-2015 pour le LHD souterrain avant de quitter l'usine. La soci\u00e9t\u00e9 dispose d'un site d'essai \u00e0 grande \u00e9chelle pour simuler les conditions de travail et tester l'\u00e9quipement pour s'assurer que les produits livr\u00e9s r\u00e9pondent aux exigences de conception et sont livr\u00e9s au client.<strong>6.La configuration principale de l'ensemble<\/strong><strong>machine<br \/>\n<\/strong><strong><b>7<\/b><\/strong><strong><b>. <\/b><\/strong><strong><strong><b>Service apr\u00e8s-vente<br \/>\n<\/b><\/strong><\/strong><strong><b>(1) Avant et apr\u00e8s la vente<\/b><\/strong>Pre-sale: According to the needs of customers, our company will arrange technicians to arrive at the mine site at the first time, communicate with customers to understand the customer&#8217;s requirements for the use of equipment, answer questions, and go down to the well to inspect the site conditions, put forward rationalization suggestions, help customers to prepare in advance and select equipment, so that the equipment can be put into use at the first time after arriving at the customer&#8217;s site. After-sales: After the equipment arrives at the demander site, our company dispatches after-sales service personnel to assist in the safe delivery of the equipment to the demander.Location of equipment and installation and commissioning of equipment until normal use.After the installation and commissioning of the LHD, our staff is responsible for training your driving and maintenance personnel until they are skilled in operating the equipment, master basic maintenance knowledge and daily precautions.<\/p>\n<p><strong><b>Horaire de formation :<\/b><\/strong><\/p>\n<ul>\n<li>Comprendre les LHD<\/li>\n<li>Explication des composants du LHD\n<ul>\n<li>D\u00e9montage du rasoir<\/li>\n<li>Sp\u00e9cifications de fonctionnement pour LHD<\/li>\n<li>R\u00e9novation et entretien de LHD<\/li>\n<li>D\u00e9pannage commun<\/li>\n<\/ul>\n<p>Si n\u00e9cessaire, vous pouvez envoyer du personnel d'entretien pour \u00e9tudier dans notre entreprise jusqu'\u00e0 ce que vous soyez comp\u00e9tent dans la r\u00e9paration de l'\u00e9quipement. Notre entreprise fournit des h\u00e9bergements et des repas. Si il y a un probl\u00e8me avec le produit pendant la p\u00e9riode de garantie, nous nous pr\u00e9cipiterons sur votre site le plus t\u00f4t possible pour la r\u00e9paration et le remplacement gratuits. En dehors de la p\u00e9riode de garantie<\/p>\n<p>Nous vous offrons un excellent service \u00e0 prix.<\/p>\n<p><strong><b>(2) Temps de r\u00e9ponse pour r\u00e9soudre les probl\u00e8mes de qualit\u00e9 et op\u00e9rationnels<\/b><\/strong><\/p>\n<p>Peu importe \u00e0 l'int\u00e9rieur ou en dehors de la p\u00e9riode de garantie, s'il y a un probl\u00e8me technique avec le rasoir \u00e0 l'avenir et que vous ne pouvez pas l'\u00e9liminer vous-m\u00eame, la soci\u00e9t\u00e9 enverra du personnel professionnel et technique sur le site pour la r\u00e9paration dans les 8-12 heures suivant la r\u00e9ception de votre avis. L'entreprise est toujours pr\u00eate \u00e0 fournir un support technique lorsque vous avez besoin de consulter sur des probl\u00e8mes techniques en cours d'utilisation. La soci\u00e9t\u00e9 m\u00e8ne un syst\u00e8me de visite r\u00e9guli\u00e8re de 3 mois et envoie du personnel apr\u00e8s-vente sur le site tous les trois mois pour v\u00e9rifier l'utilisation et aider \u00e0 r\u00e9soudre le probl\u00e8me.<\/p>\n<p><strong><b>(3) Programme de maintenance gratuit et dur\u00e9e<\/b><\/strong><\/p>\n<ul>\n<li>Les pi\u00e8ces de structure du produit (bras, cadre avant, cadre arri\u00e8re) sont garanties pour une utilisation normale pendant 24 mois;<\/li>\n<li>Les autres composants sont garantis pendant 12 mois \u00e0 compter de la date de livraison au demandeur&#8217; s locaux, sauf pour le fabricant du moteur&#8217; r\u00e9glementations et pi\u00e8ces fragiles.<\/li>\n<li><b><\/b><strong><strong><b>Horaire du service apr\u00e8s-vente<\/b><\/strong><\/strong><br \/>\n<table>\n<tbody>\n<tr>\n<td width=\"83\"><strong>SN.<\/strong><\/td>\n<td width=\"256\"><strong><b>Heures de service apr\u00e8s-vente<\/b><\/strong><\/td>\n<td width=\"438\"><strong><b>Contenu du service apr\u00e8s-vente<\/b><\/strong><\/td>\n<td width=\"168\"><strong><b>\u00a0\u00a0\u00a0\u00a0\u00a0<\/b><\/strong><strong><b>Remarques<\/b><\/strong><\/td>\n<\/tr>\n<tr>\n<td width=\"83\"><strong>\u00a0<\/strong><\/p>\n<p><strong>\u00a0<\/strong><\/p>\n<p><strong>1<\/strong><\/td>\n<td width=\"256\">&nbsp;<\/p>\n<p>Apr\u00e8s l'entr\u00e9e en vigueur du contrat<\/td>\n<td width=\"438\">Nos techniciens apr\u00e8s-vente arrivent sur le site d'utilisation avec l'\u00e9quipement pour l'installation et la mise en service, et participent \u00e0 l'essai, \u00e0 l'\u00e9valuation des performances et \u00e0 l'acceptation finale de l'\u00e9quipement organis\u00e9 par l'utilisation.<\/td>\n<td width=\"168\">Gratuit<\/p>\n<p>Admission<\/td>\n<\/tr>\n<tr>\n<td width=\"83\"><strong>\u00a0<\/strong><\/p>\n<p><strong>2<\/strong><\/td>\n<td width=\"256\">&nbsp;<\/p>\n<p>Apr\u00e8s acceptation<\/td>\n<td width=\"438\">Les op\u00e9rateurs sont form\u00e9s \u00e0 l'entretien et \u00e0 l'exploitation pour s'assurer qu'ils poss\u00e8dent des comp\u00e9tences de base.<\/td>\n<td width=\"168\">Entr\u00e9e gratuite<\/td>\n<\/tr>\n<tr>\n<td width=\"83\"><strong>\u00a0<\/strong><\/p>\n<p><strong>3<\/strong><\/td>\n<td width=\"256\">&nbsp;<\/p>\n<p>Syst\u00e8me de retour r\u00e9gulier<\/td>\n<td width=\"438\">Des visites r\u00e9guli\u00e8res chez les clients tous les 3 mois pour \u00e9couter attentivement les suggestions d'utilisation et aider \u00e0 r\u00e9soudre les probl\u00e8mes.<\/td>\n<td width=\"168\">Entr\u00e9e gratuite<\/td>\n<\/tr>\n<tr>\n<td width=\"83\"><strong>\u00a0<\/strong><\/p>\n<p><strong>\u00a0<\/strong><\/p>\n<p><strong>4<\/strong><\/td>\n<td width=\"256\">&nbsp;<\/p>\n<p>Faute d'urgence, service sur place<\/td>\n<td width=\"438\">En cas de d\u00e9faillance de l'\u00e9quipement, r\u00e9pondez dans les 1 heure suivant la r\u00e9ception de la notification et envoyez du personnel de maintenance professionnel pour utiliser le site dans les 12 heures.<\/td>\n<td width=\"168\">&nbsp;<\/p>\n<p>Entr\u00e9e gratuite<\/td>\n<\/tr>\n<\/tbody>\n<\/table>\n<\/li>\n<\/ul>\n<\/li>\n<\/ul>\n<p>&nbsp;<\/p>\n<p>&nbsp;<\/li>\n<\/ol>\n<\/li>\n<\/ol>\n<\/li>\n<\/ul>\n<h2><span style=\"font-size: 14pt;\"><strong><b>\u00a0<\/b><\/strong><\/span><\/h2>\n<\/li>\n<\/ol>","protected":false},"excerpt":{"rendered":"<div data-page-id=\"TuRhfMi8qdz6R2cFsDacK0eJnlg\" data-lark-html-role=\"root\" data-docx-has-block-data=\"false\">\n<div class=\"ace-line ace-line old-record-id-XsvCfwGTzdHtjpc4jiBcxKa3nTc\">ZDL201, a 1.2t diesel LHD, is an underground transportation equipment designed for underground metal ore mining and transportation, suitable for operation in narrow tunnels, featuring high-performance international brand hydraulic system and durable heavy-duty drive axle.<\/div>\n<\/div>","protected":false},"featured_media":3153,"comment_status":"open","ping_status":"closed","template":"","meta":{"_acf_changed":false},"product_brand":[],"product_cat":[15],"product_tag":[],"class_list":{"0":"post-1854","1":"product","2":"type-product","3":"status-publish","4":"has-post-thumbnail","6":"product_cat-trackless-mining-equipment","8":"first","9":"instock","10":"shipping-taxable","11":"product-type-simple"},"acf":[],"_links":{"self":[{"href":"https:\/\/www.zongdamining.com\/fr\/wp-json\/wp\/v2\/product\/1854","targetHints":{"allow":["GET"]}}],"collection":[{"href":"https:\/\/www.zongdamining.com\/fr\/wp-json\/wp\/v2\/product"}],"about":[{"href":"https:\/\/www.zongdamining.com\/fr\/wp-json\/wp\/v2\/types\/product"}],"replies":[{"embeddable":true,"href":"https:\/\/www.zongdamining.com\/fr\/wp-json\/wp\/v2\/comments?post=1854"}],"wp:featuredmedia":[{"embeddable":true,"href":"https:\/\/www.zongdamining.com\/fr\/wp-json\/wp\/v2\/media\/3153"}],"wp:attachment":[{"href":"https:\/\/www.zongdamining.com\/fr\/wp-json\/wp\/v2\/media?parent=1854"}],"wp:term":[{"taxonomy":"product_brand","embeddable":true,"href":"https:\/\/www.zongdamining.com\/fr\/wp-json\/wp\/v2\/product_brand?post=1854"},{"taxonomy":"product_cat","embeddable":true,"href":"https:\/\/www.zongdamining.com\/fr\/wp-json\/wp\/v2\/product_cat?post=1854"},{"taxonomy":"product_tag","embeddable":true,"href":"https:\/\/www.zongdamining.com\/fr\/wp-json\/wp\/v2\/product_tag?post=1854"}],"curies":[{"name":"WP","href":"https:\/\/api.w.org\/{rel}","templated":true}]}}