{"id":2612,"date":"2025-08-29T10:06:03","date_gmt":"2025-08-29T02:06:03","guid":{"rendered":"https:\/\/www.zongdamining.com\/?post_type=product&#038;p=2612"},"modified":"2026-01-27T13:46:32","modified_gmt":"2026-01-27T05:46:32","slug":"zdl203n-underground-loader","status":"publish","type":"product","link":"https:\/\/www.zongdamining.com\/fr\/product\/zdl203n-underground-loader\/","title":{"rendered":"Chargeur souterrain ZDL203N pour mine souterraine"},"content":{"rendered":"<p><span style=\"font-family: 'arial black', sans-serif;\"><strong><b>Chargeur souterrain ZDL203N : am\u00e9lioration de l'efficacit\u00e9 de l'exploitation mini\u00e8re sans voie<\/b><\/strong><\/span><\/p>\n<p><img fetchpriority=\"high\" decoding=\"async\" class=\"aligncenter wp-image-2613\" src=\"http:\/\/www.zongdamining.com\/wp-content\/uploads\/2025\/08\/\u56fe\u72472-1.png\" alt=\"\" width=\"593\" height=\"334\" srcset=\"https:\/\/www.zongdamining.com\/wp-content\/uploads\/2025\/08\/\u56fe\u72472-1.png 1489w, https:\/\/www.zongdamining.com\/wp-content\/uploads\/2025\/08\/\u56fe\u72472-1-300x169.png 300w, https:\/\/www.zongdamining.com\/wp-content\/uploads\/2025\/08\/\u56fe\u72472-1-1024x577.png 1024w, https:\/\/www.zongdamining.com\/wp-content\/uploads\/2025\/08\/\u56fe\u72472-1-768x433.png 768w, https:\/\/www.zongdamining.com\/wp-content\/uploads\/2025\/08\/\u56fe\u72472-1-600x338.png 600w\" sizes=\"(max-width: 593px) 100vw, 593px\" \/><\/p>\n<p><span style=\"font-family: arial, helvetica, sans-serif;\">Le <strong><b>Chargeur souterrain ZDL203N<\/b><\/strong>\u00a0est sp\u00e9cialement con\u00e7u pour les mines souterraines, sp\u00e9cialement con\u00e7u pour am\u00e9liorer l'efficacit\u00e9 op\u00e9rationnelle en conjonction avec les camions miniers lors des op\u00e9rations d'excavation et d'exploitation mini\u00e8re. Voici ses principales caract\u00e9ristiques :<\/span><\/p>\n<p><span style=\"font-family: arial, helvetica, sans-serif;\"><strong><b>\u00a0 \u00a0 \u00a01.Caract\u00e9ristiques techniques<\/b><\/strong>:<\/span><\/p>\n<ul>\n<li><span style=\"font-family: arial, helvetica, sans-serif;\"><b><\/b><strong><b>Syst\u00e8me d'alimentation<\/b><\/strong>\u00c9quip\u00e9 d'un moteur refroidi \u00e0 air Deutz.<\/span><\/li>\n<li><span style=\"font-family: arial, helvetica, sans-serif;\"><b><\/b><strong><b>Transmission<\/b><\/strong>: Utilise une bo\u00eete de vitesses et un convertisseur de couple.<\/span><\/li>\n<li><span style=\"font-family: arial, helvetica, sans-serif;\"><b><\/b><strong><b>Syst\u00e8me de freinage<\/b><\/strong>:<\/span><\/li>\n<\/ul>\n<p style=\"padding-left: 120px;\"><span style=\"font-family: arial, helvetica, sans-serif;\"><b><\/b><strong><b>frein de conduite<\/b><\/strong>: frein \u00e0 ressort multi-disque humide avec lib\u00e9ration hydraulique.<\/span><\/p>\n<p style=\"padding-left: 120px;\"><span style=\"font-family: arial, helvetica, sans-serif;\"><b><\/b><strong><b>frein de stationnement<\/b><\/strong>: frein \u00e0 ressort sur l'essieu moteur.<\/span><\/p>\n<ul>\n<li><span style=\"font-family: arial, helvetica, sans-serif;\"><b><\/b><strong><b>Cadre<\/b><\/strong>: Structure \u00e0 charni\u00e8re centrale pour une meilleure performance d'adh\u00e9sion.<\/span><\/li>\n<li><span style=\"font-family: arial, helvetica, sans-serif;\"><b><\/b><strong><b>Direction<\/b><\/strong>: Direction assist\u00e9e hydraulique avec un seul cylindre de direction.<\/span><\/li>\n<\/ul>\n<p><span style=\"font-family: arial, helvetica, sans-serif;\"><strong><b>\u00a0 \u00a0 \u00a02.Performance Faits saillants<\/b><\/strong>:<\/span><\/p>\n<ul>\n<li><span style=\"font-family: arial, helvetica, sans-serif;\"><b><\/b><strong><b>moteur diesel<\/b><\/strong>Aliment\u00e9 par un moteur diesel fiable.<\/span><\/li>\n<li><span style=\"font-family: arial, helvetica, sans-serif;\"><b><\/b><strong><b>Traction \u00e0 quatre roues<\/b><\/strong>Assure la traction et la man\u0153uvrabilit\u00e9.<\/span><\/li>\n<li><span style=\"font-family: arial, helvetica, sans-serif;\"><b><\/b><strong><b>Conduction lat\u00e9rale<\/b><\/strong>Permet la flexibilit\u00e9 dans des espaces restreints.<\/span><\/li>\n<li><span style=\"font-family: arial, helvetica, sans-serif;\"><b><\/b><strong><b>Direction hydraulique articul\u00e9e centrale<\/b><\/strong>: Grand angle de direction pour un contr\u00f4le pr\u00e9cis.<\/span><\/li>\n<li><span style=\"font-family: arial, helvetica, sans-serif;\"><b><\/b><strong><b>Petit rayon de tournage<\/b><\/strong>: Id\u00e9al pour les op\u00e9rations de tunnel de section moyenne.\u3001<\/span><\/li>\n<\/ul>\n<p><span style=\"font-family: arial, helvetica, sans-serif;\"><b><\/b><strong><b>\u00a0 \u00a0 \u00a03.Mesures de s\u00e9curit\u00e9<\/b><\/strong>:<\/span><\/p>\n<ul>\n<li><span style=\"font-family: arial, helvetica, sans-serif;\"><b><\/b><strong><b>\u00e9quipement de s\u00e9curit\u00e9<\/b><\/strong>Les op\u00e9rateurs doivent porter des casques de s\u00e9curit\u00e9, porter des dispositifs d'auto-sauvetage et utiliser des lampes mini\u00e8res lors de l'entr\u00e9e dans le puits.<\/span><\/li>\n<li><span style=\"font-family: arial, helvetica, sans-serif;\"><b><\/b><strong><b>Entretien r\u00e9gulier<\/b><\/strong>Inspections r\u00e9guli\u00e8res et r\u00e9ponse rapide aux dangers cach\u00e9s.<\/span><\/li>\n<li><span style=\"font-family: arial, helvetica, sans-serif;\"><b><\/b><strong><b>Pas d'entretien pendant l'exploitation<\/b><\/strong>: Il est strictement interdit d'effectuer l'entretien pendant que la machine fonctionne.<\/span><\/li>\n<li><span style=\"font-family: arial, helvetica, sans-serif;\"><b><\/b><strong><b>S\u00e9curit\u00e9 pendant la soudure\/coupe<\/b><\/strong>Confirmer l'absence de mati\u00e8res inflammables ou explosives avant la maintenance.<\/span><\/li>\n<li><span style=\"font-family: arial, helvetica, sans-serif;\"><b><\/b><strong><b>Pr\u00e9cautions pour les tuyaux d'\u00e9chappement<\/b><\/strong>\u00c9vitez le contact physique avec le tuyau d'\u00e9chappement chaud.<\/span><\/li>\n<li><span style=\"font-family: arial, helvetica, sans-serif;\"><b><\/b><strong><b>Entretien du syst\u00e8me hydraulique<\/b><\/strong>La pression doit \u00eatre soulag\u00e9e avant de commencer toute r\u00e9paration.<\/span><\/li>\n<\/ul>\n<p><span style=\"font-family: arial, helvetica, sans-serif;\">Le chargeur ZDL203N joue un r\u00f4le crucial pour r\u00e9aliser des op\u00e9rations mini\u00e8res sans voie efficaces et s\u00fbres.<\/span><\/p>\n<p>&nbsp;<\/p>\n<p>&nbsp;<\/p>\n<p><span style=\"font-family: arial, helvetica, sans-serif;\"><strong><b>Conditions d'utilisation du chargeur souterrain ZDL203N<\/b><\/strong><\/span><\/p>\n<p><span style=\"font-family: arial, helvetica, sans-serif;\"><b><\/b><strong><b>\u00a0 \u00a0 \u00a0Sp\u00e9cifications 1.Tunnel<\/b><\/strong>:<\/span><\/p>\n<ul>\n<li><span style=\"font-family: arial, helvetica, sans-serif;\">Convient pour les tunnels avec une taille en section transversale de <strong><b>5 m\u00e8tres (hauteur) \u00d7 2,5 m\u00e8tres (largeur) et plus<\/b><\/strong>.<\/span><\/li>\n<li><span style=\"font-family: arial, helvetica, sans-serif;\">N\u00e9cessite un <strong><b>plaque sup\u00e9rieure ferme<\/b><\/strong>.<\/span><\/li>\n<li><span style=\"font-family: arial, helvetica, sans-serif;\">rayon de tournure minimum de <strong><b>\u2265 4,3 m\u00e8tres<\/b><\/strong>\u00e0 l'ext\u00e9rieur.<\/span><\/li>\n<li><span style=\"font-family: arial, helvetica, sans-serif;\">La pente routi\u00e8re doit \u00eatre <strong><b>\u2264 14\u00b0<\/b><\/strong>.<\/span><\/li>\n<li><span style=\"font-family: arial, helvetica, sans-serif;\">ad\u00e9quate <strong><b>ventilation et drainage<\/b><\/strong>sur le lieu de travail.<\/span><b><\/b><\/li>\n<\/ul>\n<p><span style=\"font-family: arial, helvetica, sans-serif;\"><strong><b>\u00a0 \u00a0 \u00a02.Facteurs environnementaux<\/b><\/strong>:<\/span><\/p>\n<ul>\n<li><span style=\"font-family: arial, helvetica, sans-serif;\">Temp\u00e9rature dans le tunnel : <strong><b>-5\u00b0C \u00e0 40\u00b0C<\/b><\/strong>.<\/span><\/li>\n<li><span style=\"font-family: arial, helvetica, sans-serif;\">Humidit\u00e9 relative maximale (\u00e0 25\u00b0C): <strong><b>Pas plus de 85%<\/b><\/strong>.<\/span><\/li>\n<li><span style=\"font-family: arial, helvetica, sans-serif;\">Altitude de l'emplacement d'utilisation: <strong><b>Pas plus de 1000 m\u00e8tres<\/b><\/strong>.<\/span><\/li>\n<li><span style=\"font-family: arial, helvetica, sans-serif;\">Dans les zones de haute altitude (au-dessus de 1000 m\u00e8tres), <strong><b>r\u00e9duction de puissance<\/b><\/strong>n\u00e9cessaire pour l'op\u00e9ration.<\/span><b><\/b><\/li>\n<\/ul>\n<p><span style=\"font-family: arial, helvetica, sans-serif;\"><strong><b>\u00a0 \u00a0 \u00a0Exigences 3.Fuel<\/b><\/strong>:<\/span><\/p>\n<ul>\n<li><span style=\"font-family: arial, helvetica, sans-serif;\">La teneur en soufre du carburant utilis\u00e9 dans cette machine doit <strong><b>ne pas d\u00e9passer 0,2 %<\/b><\/strong>.<\/span><b><\/b><\/li>\n<\/ul>\n<p><span style=\"font-family: arial, helvetica, sans-serif;\"><strong><b>\u00a0 \u00a0 \u00a04.Pr\u00e9cautions de s\u00e9curit\u00e9<\/b><\/strong>:<\/span><\/p>\n<ul>\n<li><span style=\"font-family: arial, helvetica, sans-serif;\">Strictement <strong><b>interdit<\/b><\/strong>dans des lieux avec <strong><b>gaz inflammables et explosifs<\/b><\/strong>\u00a0(comme le gaz et la poussi\u00e8re de charbon).<\/span><\/li>\n<\/ul>\n<p><span style=\"font-family: arial, helvetica, sans-serif;\">\u00a0 \u00a0 \u00a0 \u00a0 \u00a0Assurer le respect de ces conditions pour un fonctionnement s\u00fbr et efficace de la chargeuse souterraine ZDL203N.<\/span><\/p>\n<p><span style=\"font-family: arial, helvetica, sans-serif; font-size: 12pt;\"><strong>Chargeur souterrain ZDL203N: Sp\u00e9cifications techniques<\/strong><\/span><\/p>\n<p><img decoding=\"async\" class=\"wp-image-2615 alignleft\" src=\"http:\/\/www.zongdamining.com\/wp-content\/uploads\/2025\/08\/\u56fe\u72474-1.png\" alt=\"\" width=\"543\" height=\"502\" srcset=\"https:\/\/www.zongdamining.com\/wp-content\/uploads\/2025\/08\/\u56fe\u72474-1.png 955w, https:\/\/www.zongdamining.com\/wp-content\/uploads\/2025\/08\/\u56fe\u72474-1-300x277.png 300w, https:\/\/www.zongdamining.com\/wp-content\/uploads\/2025\/08\/\u56fe\u72474-1-768x710.png 768w, https:\/\/www.zongdamining.com\/wp-content\/uploads\/2025\/08\/\u56fe\u72474-1-600x555.png 600w\" sizes=\"(max-width: 543px) 100vw, 543px\" \/><\/p>\n<p>&nbsp;<\/p>\n<h3 style=\"padding-left: 760px;\"><span style=\"font-family: arial, helvetica, sans-serif;\"><strong><b>1. Dimensions globales<\/b><\/strong><\/span><\/h3>\n<p style=\"padding-left: 760px;\"><span style=\"font-family: arial, helvetica, sans-serif;\"><strong>Charge nominale<\/strong>: 3000 kg<\/span><\/p>\n<p style=\"padding-left: 760px;\"><span style=\"font-family: arial, helvetica, sans-serif;\"><strong>Longueur totale<\/strong>: 7090 mm<\/span><\/p>\n<p style=\"padding-left: 760px;\"><span style=\"font-family: arial, helvetica, sans-serif;\"><strong>Largeur de la machine enti\u00e8re<\/strong>: 1580 mm<\/span><\/p>\n<p style=\"padding-left: 760px;\"><span style=\"font-family: arial, helvetica, sans-serif;\"><strong>Hauteur totale (cabine du conducteur incluse)<\/strong>: 1830-1970 mmajustable<\/span><\/p>\n<p style=\"padding-left: 760px;\"><span style=\"font-family: arial, helvetica, sans-serif;\"><strong>Capacit\u00e9 du seau (SAE)<\/strong>: 1.5 m\u00b3<\/span><\/p>\n<p style=\"padding-left: 760px;\"><span style=\"font-family: arial, helvetica, sans-serif;\"><strong>Angle de d\u00e9chargement<\/strong>: 40\u00b0<\/span><\/p>\n<p style=\"padding-left: 760px;\"><span style=\"font-family: arial, helvetica, sans-serif;\"><strong>Base de roues<\/strong>: 2395mm<\/span><\/p>\n<p style=\"padding-left: 760px;\"><span style=\"font-family: arial, helvetica, sans-serif;\"><strong>D\u00e9gagement minimum au sol<\/strong>: \u2265 190 mm<\/span><\/p>\n<p style=\"padding-left: 760px;\"><span style=\"font-family: arial, helvetica, sans-serif;\"><strong>Angle de d\u00e9part<\/strong>: 14\u00b0<\/span><\/p>\n<h3 style=\"padding-left: 760px;\"><span style=\"font-family: arial, helvetica, sans-serif;\"><strong><b>2. Poids de la machine<\/b><\/strong><\/span><\/h3>\n<p style=\"padding-left: 760px;\"><span style=\"font-family: arial, helvetica, sans-serif;\"><strong>Poids vide<\/strong>: 10,800 kg \u00b1 300 kg<\/span><\/p>\n<p style=\"padding-left: 760px;\"><span style=\"font-family: arial, helvetica, sans-serif;\"><strong>Poids de charge compl\u00e8te<\/strong>: 13,800 kg \u00b1 300 kg<\/span><\/p>\n<h3><strong><b>DESIGN TECHNIQUE ET DIMENSIONS:<\/b><\/strong><\/h3>\n<h3><span style=\"font-family: arial, helvetica, sans-serif;\">3. <strong><b>Capacit\u00e9 op\u00e9rationnelle<img decoding=\"async\" class=\"wp-image-2674 alignright\" src=\"http:\/\/www.zongdamining.com\/wp-content\/uploads\/2025\/08\/350A6831-\u62f7\u8d1d-scaled.jpg\" alt=\"\" width=\"545\" height=\"545\" srcset=\"https:\/\/www.zongdamining.com\/wp-content\/uploads\/2025\/08\/350A6831-\u62f7\u8d1d-scaled.jpg 2560w, https:\/\/www.zongdamining.com\/wp-content\/uploads\/2025\/08\/350A6831-\u62f7\u8d1d-300x300.jpg 300w, https:\/\/www.zongdamining.com\/wp-content\/uploads\/2025\/08\/350A6831-\u62f7\u8d1d-1024x1024.jpg 1024w, https:\/\/www.zongdamining.com\/wp-content\/uploads\/2025\/08\/350A6831-\u62f7\u8d1d-150x150.jpg 150w, https:\/\/www.zongdamining.com\/wp-content\/uploads\/2025\/08\/350A6831-\u62f7\u8d1d-768x768.jpg 768w, https:\/\/www.zongdamining.com\/wp-content\/uploads\/2025\/08\/350A6831-\u62f7\u8d1d-1536x1536.jpg 1536w, https:\/\/www.zongdamining.com\/wp-content\/uploads\/2025\/08\/350A6831-\u62f7\u8d1d-2048x2048.jpg 2048w, https:\/\/www.zongdamining.com\/wp-content\/uploads\/2025\/08\/350A6831-\u62f7\u8d1d-700x700.jpg 700w, https:\/\/www.zongdamining.com\/wp-content\/uploads\/2025\/08\/350A6831-\u62f7\u8d1d-600x600.jpg 600w, https:\/\/www.zongdamining.com\/wp-content\/uploads\/2025\/08\/350A6831-\u62f7\u8d1d-100x100.jpg 100w\" sizes=\"(max-width: 545px) 100vw, 545px\" \/><\/b><\/strong><\/span><\/h3>\n<ul>\n<li><span style=\"font-family: arial, helvetica, sans-serif;\"><strong>Vitesse de voyage (engrenages)<\/strong>:<\/span><\/li>\n<\/ul>\n<ul>\n<li><span style=\"font-family: arial, helvetica, sans-serif;\">Premi\u00e8re vitesse: 0-8km\/h<\/span><\/li>\n<li><span style=\"font-family: arial, helvetica, sans-serif;\">Deuxi\u00e8me vitesse: 0-9km\/h<\/span><\/li>\n<li><span style=\"font-family: arial, helvetica, sans-serif;\">Troisi\u00e8me vitesse : 0-19 km\/h<\/span><\/li>\n<li><span style=\"font-family: arial, helvetica, sans-serif;\">ForthGear : 0-20 km\/h<\/span><\/li>\n<\/ul>\n<p style=\"padding-left: 120px;\"><span style=\"font-family: arial, helvetica, sans-serif;\"><strong>Capacit\u00e9 d'escalade<\/strong>: 14\u00b0<\/span><\/p>\n<p style=\"padding-left: 120px;\"><span style=\"font-family: arial, helvetica, sans-serif;\"><strong>Force de traction maximale<\/strong>: \u2265 80kN<\/span><\/p>\n<p style=\"padding-left: 120px;\"><span style=\"font-family: arial, helvetica, sans-serif;\"><strong>Force maximale de la pelle (SAE)<\/strong>: \u2265 70kN<\/span><\/p>\n<h3><span style=\"font-family: arial, helvetica, sans-serif;\">4. <strong><b>R\u00e9servoirs de carburant et hydrauliques<\/b><\/strong><\/span><\/h3>\n<ul>\n<li><span style=\"font-family: arial, helvetica, sans-serif;\"><strong>Capacit\u00e9 du r\u00e9servoir de carburant<\/strong>: 130 L<\/span><\/li>\n<li><span style=\"font-family: arial, helvetica, sans-serif;\"><strong>Capacit\u00e9 du r\u00e9servoir d'huile hydraulique<\/strong>: 130 L<\/span><\/li>\n<\/ul>\n<h3><span style=\"font-family: arial, helvetica, sans-serif;\">5. <strong><b>Direction<\/b><\/strong><\/span><\/h3>\n<ul>\n<li><span style=\"font-family: arial, helvetica, sans-serif;\"><strong>Direction assist\u00e9e hydraulique articul\u00e9e centrale<\/strong><\/span><\/li>\n<li><span style=\"font-family: arial, helvetica, sans-serif;\"><strong>Radius de tournure minimum<\/strong>:<\/span><\/li>\n<\/ul>\n<ul>\n<li><span style=\"font-family: arial, helvetica, sans-serif;\">Int\u00e9rieur: 2600 \u00b1 200 mm<\/span><\/li>\n<li><span style=\"font-family: arial, helvetica, sans-serif;\">Ext\u00e9rieur: 4800 \u00b1 200 mm<\/span><\/li>\n<\/ul>\n<h2><span style=\"font-family: arial, helvetica, sans-serif; font-size: 14pt;\"><strong>Configuration principale<img loading=\"lazy\" decoding=\"async\" class=\"wp-image-2675 alignleft\" src=\"http:\/\/www.zongdamining.com\/wp-content\/uploads\/2025\/08\/350A6832-\u62f7\u8d1d-scaled.jpg\" alt=\"\" width=\"674\" height=\"674\" srcset=\"https:\/\/www.zongdamining.com\/wp-content\/uploads\/2025\/08\/350A6832-\u62f7\u8d1d-scaled.jpg 2560w, https:\/\/www.zongdamining.com\/wp-content\/uploads\/2025\/08\/350A6832-\u62f7\u8d1d-300x300.jpg 300w, https:\/\/www.zongdamining.com\/wp-content\/uploads\/2025\/08\/350A6832-\u62f7\u8d1d-1024x1024.jpg 1024w, https:\/\/www.zongdamining.com\/wp-content\/uploads\/2025\/08\/350A6832-\u62f7\u8d1d-150x150.jpg 150w, https:\/\/www.zongdamining.com\/wp-content\/uploads\/2025\/08\/350A6832-\u62f7\u8d1d-768x768.jpg 768w, https:\/\/www.zongdamining.com\/wp-content\/uploads\/2025\/08\/350A6832-\u62f7\u8d1d-1536x1536.jpg 1536w, https:\/\/www.zongdamining.com\/wp-content\/uploads\/2025\/08\/350A6832-\u62f7\u8d1d-2048x2048.jpg 2048w, https:\/\/www.zongdamining.com\/wp-content\/uploads\/2025\/08\/350A6832-\u62f7\u8d1d-700x700.jpg 700w, https:\/\/www.zongdamining.com\/wp-content\/uploads\/2025\/08\/350A6832-\u62f7\u8d1d-600x600.jpg 600w, https:\/\/www.zongdamining.com\/wp-content\/uploads\/2025\/08\/350A6832-\u62f7\u8d1d-100x100.jpg 100w\" sizes=\"(max-width: 674px) 100vw, 674px\" \/><\/strong><\/span><\/h2>\n<h3><span style=\"font-family: arial, helvetica, sans-serif;\"><strong><b>1. Moteur<\/b><\/strong><\/span><\/h3>\n<ul>\n<li><span style=\"font-family: arial, helvetica, sans-serif;\"><strong>usine de fabrication<\/strong>: Deutz<\/span><\/li>\n<li><span style=\"font-family: arial, helvetica, sans-serif;\"><strong>Mod\u00e8le<\/strong>: F6L914<\/span><\/li>\n<li><span style=\"font-family: arial, helvetica, sans-serif;\"><strong>Type<\/strong>: moteur diesel refroidi \u00e0 air, non turbocompresseur<\/span><\/li>\n<li><span style=\"font-family: arial, helvetica, sans-serif;\"><strong>Puissance nominale<\/strong>: 79 kW\/2300 tr\/min<\/span><\/li>\n<\/ul>\n<h3><span style=\"font-family: arial, helvetica, sans-serif;\"><strong><b>2. Convertisseur de couple hydraulique<\/b><\/strong><\/span><\/h3>\n<ul>\n<li><span style=\"font-family: arial, helvetica, sans-serif;\"><strong>Mod\u00e8le<\/strong>: YJ315,<\/span><\/li>\n<li><span style=\"font-family: arial, helvetica, sans-serif;\">\u00c9quivalent chinoisMod\u00e8le de DANA 272<\/span><\/li>\n<\/ul>\n<h3><span style=\"font-family: arial, helvetica, sans-serif;\"><strong><b>3. Transmission<\/b><\/strong><\/span><\/h3>\n<ul>\n<li><span style=\"font-family: arial, helvetica, sans-serif;\"><strong>Mod\u00e8le<\/strong>: YD13 644 159A,<\/span><\/li>\n<li><span style=\"font-family: arial, helvetica, sans-serif;\">\u00c9quivalent chinoisMod\u00e8le de la s\u00e9rie DANA 20000<\/span><\/li>\n<\/ul>\n<h3><span style=\"font-family: arial, helvetica, sans-serif;\"><strong><b>4. Axe d'entra\u00eenement<\/b><\/strong><\/span><\/h3>\n<ul>\n<li><span style=\"font-family: arial, helvetica, sans-serif;\"><strong>Mod\u00e8le<\/strong>: 5,<\/span><\/li>\n<li><span style=\"font-family: arial, helvetica, sans-serif;\"><strong>Type<\/strong>: essieu d'entra\u00eenement plan\u00e9taire rigide sans diff\u00e9rentiel SPIN<\/span><\/li>\n<\/ul>\n<h3><span style=\"font-family: arial, helvetica, sans-serif;\"><strong><b>5. Syst\u00e8me hydraulique<\/b><\/strong><\/span><\/h3>\n<ul>\n<li><span style=\"font-family: arial, helvetica, sans-serif;\"><strong>Frein de travail<\/strong>: frein multi-disque humide avec ressort appliqu\u00e9 et lib\u00e9ration hydraulique<\/span><\/li>\n<li><span style=\"font-family: arial, helvetica, sans-serif;\"><strong>frein de stationnement<\/strong>: ressort appliqu\u00e9, hydraulique lib\u00e9r\u00e9<\/span><\/li>\n<li><span style=\"font-family: arial, helvetica, sans-serif;\"><strong>Valve multivoie<\/strong>: Force p\u00e9troli\u00e8re<\/span><\/li>\n<li><span style=\"font-family: arial, helvetica, sans-serif;\"><strong>Pompe \u00e0 engrenages<\/strong>: PERMCO<\/span><\/li>\n<\/ul>\n<p>&nbsp;<\/p>","protected":false},"excerpt":{"rendered":"<p><span style=\"font-family: arial, helvetica, sans-serif;\">Le <strong><b>Chargeur souterrain ZDL203N<\/b><\/strong> est sp\u00e9cialement con\u00e7u pour les mines souterraines, sp\u00e9cialement con\u00e7u pour am\u00e9liorer l'efficacit\u00e9 op\u00e9rationnelle en conjonction avec les camions miniers lors des op\u00e9rations d'excavation et d'exploitation mini\u00e8re. Voici ses principales caract\u00e9ristiques<\/span><\/p>","protected":false},"featured_media":2672,"comment_status":"closed","ping_status":"closed","template":"","meta":{"_acf_changed":false},"product_brand":[],"product_cat":[15],"product_tag":[],"class_list":{"0":"post-2612","1":"product","2":"type-product","3":"status-publish","4":"has-post-thumbnail","6":"product_cat-trackless-mining-equipment","8":"first","9":"instock","10":"shipping-taxable","11":"product-type-simple"},"acf":[],"_links":{"self":[{"href":"https:\/\/www.zongdamining.com\/fr\/wp-json\/wp\/v2\/product\/2612","targetHints":{"allow":["GET"]}}],"collection":[{"href":"https:\/\/www.zongdamining.com\/fr\/wp-json\/wp\/v2\/product"}],"about":[{"href":"https:\/\/www.zongdamining.com\/fr\/wp-json\/wp\/v2\/types\/product"}],"replies":[{"embeddable":true,"href":"https:\/\/www.zongdamining.com\/fr\/wp-json\/wp\/v2\/comments?post=2612"}],"wp:featuredmedia":[{"embeddable":true,"href":"https:\/\/www.zongdamining.com\/fr\/wp-json\/wp\/v2\/media\/2672"}],"wp:attachment":[{"href":"https:\/\/www.zongdamining.com\/fr\/wp-json\/wp\/v2\/media?parent=2612"}],"wp:term":[{"taxonomy":"product_brand","embeddable":true,"href":"https:\/\/www.zongdamining.com\/fr\/wp-json\/wp\/v2\/product_brand?post=2612"},{"taxonomy":"product_cat","embeddable":true,"href":"https:\/\/www.zongdamining.com\/fr\/wp-json\/wp\/v2\/product_cat?post=2612"},{"taxonomy":"product_tag","embeddable":true,"href":"https:\/\/www.zongdamining.com\/fr\/wp-json\/wp\/v2\/product_tag?post=2612"}],"curies":[{"name":"WP","href":"https:\/\/api.w.org\/{rel}","templated":true}]}}