{"id":2618,"date":"2025-08-29T10:21:36","date_gmt":"2025-08-29T02:21:36","guid":{"rendered":"https:\/\/www.zongdamining.com\/?post_type=product&#038;p=2618"},"modified":"2026-01-27T11:33:02","modified_gmt":"2026-01-27T03:33:02","slug":"zdl204dd-underground-loader","status":"publish","type":"product","link":"https:\/\/www.zongdamining.com\/fr\/product\/zdl204dd-underground-loader\/","title":{"rendered":"Chargeur souterrain ZDL204DD"},"content":{"rendered":"<p><span style=\"font-family: 'arial black', sans-serif;\"><strong><b>Chargeur souterrain ZDL204DD <\/b><\/strong><strong><b>: \u00c9quipement de transport de courte distance de chargement de pelle sans voie.<\/b><\/strong><\/span><\/p>\n<p>&nbsp;<\/p>\n<p><img fetchpriority=\"high\" decoding=\"async\" class=\"aligncenter wp-image-2620\" src=\"http:\/\/www.zongdamining.com\/wp-content\/uploads\/2025\/08\/\u56fe\u72472-2.png\" alt=\"\" width=\"672\" height=\"448\" srcset=\"https:\/\/www.zongdamining.com\/wp-content\/uploads\/2025\/08\/\u56fe\u72472-2.png 885w, https:\/\/www.zongdamining.com\/wp-content\/uploads\/2025\/08\/\u56fe\u72472-2-300x200.png 300w, https:\/\/www.zongdamining.com\/wp-content\/uploads\/2025\/08\/\u56fe\u72472-2-768x512.png 768w, https:\/\/www.zongdamining.com\/wp-content\/uploads\/2025\/08\/\u56fe\u72472-2-600x400.png 600w\" sizes=\"(max-width: 672px) 100vw, 672px\" \/><\/p>\n<p><span style=\"font-family: arial, helvetica, sans-serif; font-size: 12pt;\">Le chargeur souterrain ZDL204DD est principalement utilis\u00e9 en conjonction avec des camions miniers dans les op\u00e9rations d'excavation souterraine et mini\u00e8re. Le chargement \u00e0 pelle du minerai et de divers mat\u00e9riaux peut grandement am\u00e9liorer l'efficacit\u00e9 op\u00e9rationnelle et est un \u00e9quipement important pour r\u00e9aliser l'exploitation mini\u00e8re sans voie.<\/span><\/p>\n<p>&nbsp;<\/p>\n<p><span style=\"font-family: arial, helvetica, sans-serif; font-size: 12pt;\"><strong><b>Caract\u00e9ristiques techniques<\/b><\/strong>:<\/span><\/p>\n<ul>\n<li><span style=\"font-family: arial, helvetica, sans-serif; font-size: 12pt;\"><strong><b>Syst\u00e8me d'alimentation<\/b><\/strong>: Le syst\u00e8me d'alimentation adopte le moteur \u00e0 faible vitesse \u00e0 faible pollution refroidi \u00e0 l'eau de Deutz AG;<\/span><\/li>\n<li><span style=\"font-family: arial, helvetica, sans-serif; font-size: 12pt;\"><strong><b>Transmission<\/b><\/strong>: Le syst\u00e8me de transmission de puissance adopte DANAor Top marques chinoises de bo\u00eete de vitesses et convertisseur de couple, essieu d'entra\u00eenement hydraulique de lib\u00e9ration de frein \u00e0 ressort domestique et pneus pneumatiques r\u00e9sistants \u00e0 la coupe mini\u00e8re;<\/span><\/li>\n<li><span style=\"font-family: arial, helvetica, sans-serif; font-size: 12pt;\"><strong><b>Syst\u00e8me de freinage<\/b><\/strong>: Le frein de service adopte le ressort multi-disque humide appliedand frein de lib\u00e9ration hydraulique ; vanne de charge MICO et vanne de frein; Le frein de stationnement adopte des freins \u00e0 ressort sur l'essieu moteur pour le freinage;<\/span><\/li>\n<li><span style=\"font-family: arial, helvetica, sans-serif; font-size: 12pt;\"><strong><b>Cadre<\/b><\/strong>Le cadre est une structure articul\u00e9e centrale, avec l'essieu arri\u00e8re balan\u00e7ant \u00e0 gauche et \u00e0 droite autour du centre du cadre pour am\u00e9liorer les performances d'adh\u00e9sion de l'ensemble de la machine;<\/span><\/li>\n<li><span style=\"font-family: arial, helvetica, sans-serif; font-size: 12pt;\"><strong><b>Direction<\/b><\/strong>Syst\u00e8me de direction assist\u00e9e hydraulique avec un seul cylindre de direction pour le syst\u00e8me de direction;<\/span><\/li>\n<\/ul>\n<p>&nbsp;<\/p>\n<p><span style=\"font-family: arial, helvetica, sans-serif; font-size: 12pt;\"><strong><b>Mesures de s\u00e9curit\u00e9 :<\/b><\/strong><\/span><\/p>\n<ul>\n<li><span style=\"font-family: arial, helvetica, sans-serif; font-size: 12pt;\"><strong><b>\u00e9quipement de s\u00e9curit\u00e9<\/b><\/strong>Les op\u00e9rateurs doivent porter des casques de s\u00e9curit\u00e9, porter des dispositifs d'auto-sauvetage et utiliser des lampes mini\u00e8res lors de l'entr\u00e9e dans le puits.<\/span><\/li>\n<li><span style=\"font-family: arial, helvetica, sans-serif; font-size: 12pt;\"><strong><b>Entretien r\u00e9gulier<\/b><\/strong>Inspections r\u00e9guli\u00e8res et r\u00e9ponse rapide aux dangers cach\u00e9s.<\/span><\/li>\n<li><span style=\"font-family: arial, helvetica, sans-serif; font-size: 12pt;\"><strong><b>Pas d'entretien pendant l'exploitation<\/b><\/strong>: Il est strictement interdit d'effectuer l'entretien pendant que la machine fonctionne.<\/span><\/li>\n<li><span style=\"font-family: arial, helvetica, sans-serif; font-size: 12pt;\"><strong><b>S\u00e9curit\u00e9 pendant la soudure\/coupe<\/b><\/strong>Confirmer l'absence de mati\u00e8res inflammables ou explosives avant la maintenance.<\/span><\/li>\n<li><span style=\"font-family: arial, helvetica, sans-serif; font-size: 12pt;\"><strong><b>Pr\u00e9cautions pour les tuyaux d'\u00e9chappement<\/b><\/strong>\u00c9vitez le contact physique avec le tuyau d'\u00e9chappement chaud.<\/span><\/li>\n<li><span style=\"font-family: arial, helvetica, sans-serif; font-size: 12pt;\"><strong><b>Entretien du syst\u00e8me hydraulique<\/b><\/strong>La pression doit \u00eatre soulag\u00e9e avant de commencer toute r\u00e9paration.<\/span><\/li>\n<\/ul>\n<p>&nbsp;<\/p>\n<p><span style=\"font-family: arial, helvetica, sans-serif; font-size: 12pt;\"><strong><b>Conditions d'application<\/b><\/strong><strong><b>\u00a0pour le <\/b><\/strong><strong><b>Chargeur souterrain ZDL204DD<\/b><\/strong><strong>:<\/strong><\/span><\/p>\n<ol>\n<li><span style=\"font-family: arial, helvetica, sans-serif; font-size: 12pt;\"><b><\/b><strong><b>Sp\u00e9cifications du tunnel<\/b><\/strong>:<\/span><\/li>\n<\/ol>\n<ul>\n<li><span style=\"font-family: arial, helvetica, sans-serif; font-size: 12pt;\">Convient pour les tunnels avec une taille en section transversale de <strong><b>2.5<\/b><\/strong><strong><b>m\u00e8tres (hauteur) \u00d7<\/b><\/strong><strong><b>2.5<\/b><\/strong><strong><b>m\u00e8tres (largeur) et plus<\/b><\/strong>.<\/span><\/li>\n<li><span style=\"font-family: arial, helvetica, sans-serif; font-size: 12pt;\">N\u00e9cessite un <strong><b>plaque sup\u00e9rieure ferme<\/b><\/strong>.<\/span><\/li>\n<li><span style=\"font-family: arial, helvetica, sans-serif; font-size: 12pt;\">rayon de tournure minimum de <strong><b>\u2265 <\/b><\/strong><strong><b>5.3 <\/b><\/strong><strong><b>m\u00e8tres<\/b><\/strong>\u00e0 l'ext\u00e9rieur.<\/span><\/li>\n<li><span style=\"font-family: arial, helvetica, sans-serif; font-size: 12pt;\">La pente routi\u00e8re doit \u00eatre <strong><b>\u2264 14\u00b0<\/b><\/strong>.<\/span><\/li>\n<li><span style=\"font-family: arial, helvetica, sans-serif; font-size: 12pt;\">ad\u00e9quate <strong><b>ventilation et drainage<\/b><\/strong>sur le lieu de travail.<\/span><\/li>\n<\/ul>\n<ol start=\"2\">\n<li><span style=\"font-family: arial, helvetica, sans-serif; font-size: 12pt;\"><b><\/b><strong><b>Facteurs environnementaux<\/b><\/strong>:<\/span><\/li>\n<\/ol>\n<ul>\n<li><span style=\"font-family: arial, helvetica, sans-serif; font-size: 12pt;\">Temp\u00e9rature dans le tunnel : <strong><b>-5\u00b0C \u00e0 40\u00b0C<\/b><\/strong>.<\/span><\/li>\n<li><span style=\"font-family: arial, helvetica, sans-serif; font-size: 12pt;\">Humidit\u00e9 relative maximale (\u00e0 25\u00b0C): <strong><b>Pas plus de 85%<\/b><\/strong>.<\/span><\/li>\n<li><span style=\"font-family: arial, helvetica, sans-serif; font-size: 12pt;\">Altitude de l'emplacement d'utilisation: <strong><b>Pas plus de 1000 m\u00e8tres<\/b><\/strong>.<\/span><\/li>\n<li><span style=\"font-family: arial, helvetica, sans-serif; font-size: 12pt;\">Dans les zones de haute altitude (au-dessus de 1000 m\u00e8tres), <strong><b>r\u00e9duction de puissance<\/b><\/strong>n\u00e9cessaire pour l'op\u00e9ration.<\/span><\/li>\n<\/ul>\n<ol start=\"3\">\n<li><span style=\"font-family: arial, helvetica, sans-serif; font-size: 12pt;\"><b><\/b><strong><b>Exigences en carburant<\/b><\/strong>:<\/span><\/li>\n<\/ol>\n<ul>\n<li><span style=\"font-family: arial, helvetica, sans-serif; font-size: 12pt;\">La teneur en soufre du carburant utilis\u00e9 dans cette machine doit <strong><b>ne pas d\u00e9passer 0,2 %<\/b><\/strong>.<\/span><\/li>\n<\/ul>\n<ol start=\"4\">\n<li><span style=\"font-family: arial, helvetica, sans-serif; font-size: 12pt;\"><b><\/b><strong><b>Pr\u00e9cautions de s\u00e9curit\u00e9<\/b><\/strong>:<\/span><\/li>\n<\/ol>\n<ul>\n<li><span style=\"font-family: arial, helvetica, sans-serif; font-size: 12pt;\">Strictement <strong><b>interdit<\/b><\/strong>dans des lieux avec <strong><b>gaz inflammables et explosifs<\/b><\/strong>(comme le gaz et la poussi\u00e8re de charbon).<\/span><\/li>\n<li><img decoding=\"async\" class=\"wp-image-2621 alignright\" src=\"http:\/\/www.zongdamining.com\/wp-content\/uploads\/2025\/08\/\u56fe\u72473-2.png\" alt=\"\" width=\"587\" height=\"723\" srcset=\"https:\/\/www.zongdamining.com\/wp-content\/uploads\/2025\/08\/\u56fe\u72473-2.png 577w, https:\/\/www.zongdamining.com\/wp-content\/uploads\/2025\/08\/\u56fe\u72473-2-243x300.png 243w\" sizes=\"(max-width: 587px) 100vw, 587px\" \/><\/li>\n<\/ul>\n<p><span style=\"font-family: arial, helvetica, sans-serif; font-size: 12pt;\"><strong><b>Technique<\/b><\/strong><strong><b>\u00a0<\/b><\/strong><strong><b>P<\/b><\/strong><strong><b>aram\u00e8tres<\/b><\/strong><\/span><\/p>\n<h3><span style=\"font-family: arial, helvetica, sans-serif; font-size: 12pt;\"><strong><b>1.1 Dimensions globales<\/b><\/strong><\/span><\/h3>\n<ul>\n<li><span style=\"font-family: arial, helvetica, sans-serif; font-size: 12pt;\"><strong><b>Charge nominale<\/b><\/strong><strong><b>:<\/b><\/strong>\u00a04000kg<\/span><\/li>\n<li><span style=\"font-family: arial, helvetica, sans-serif; font-size: 12pt;\"><strong><b>Globalement <\/b><\/strong><strong><b>longueur<\/b><\/strong><strong><b>:<\/b><\/strong>\u00a0\u00a07230mm<\/span><\/li>\n<li><span style=\"font-family: arial, helvetica, sans-serif; font-size: 12pt;\"><strong><b>O<\/b><\/strong><strong><b>largeur verall<\/b><\/strong><strong><b>: <\/b><\/strong><strong><b>\u00a0<\/b><\/strong>\u00a01750 mm<\/span><\/li>\n<li><span style=\"font-family: arial, helvetica, sans-serif; font-size: 12pt;\"><strong><b>O<\/b><\/strong><strong><b>hauteur verall (y compris le haut de la cabine du conducteur)<\/b><\/strong><strong><b>: <\/b><\/strong>\u00a02100mm<\/span><\/li>\n<li><span style=\"font-family: arial, helvetica, sans-serif; font-size: 12pt;\"><strong><b>Capacit\u00e9 du seau (empilage SAE) <\/b><\/strong><strong><b>:<\/b><\/strong>\u00a02m3<\/span><\/li>\n<li><span style=\"font-family: arial, helvetica, sans-serif; font-size: 12pt;\"><strong><b>Hauteur maximale de levage<\/b><\/strong><strong><b>:<\/b><\/strong>\u00a04075mm<\/span><\/li>\n<li><span style=\"font-family: arial, helvetica, sans-serif; font-size: 12pt;\"><strong><b>Hauteur maximale de d\u00e9chargement<\/b><\/strong><strong><b>:<\/b><\/strong>\u00a01790 mm<\/span><\/li>\n<li><span style=\"font-family: arial, helvetica, sans-serif; font-size: 12pt;\"><strong><b>Angle de d\u00e9chargement<\/b><\/strong><strong><b>Pour:<\/b><\/strong>\u00a040\u00b0<\/span><\/li>\n<li><span style=\"font-family: arial, helvetica, sans-serif; font-size: 12pt;\"><strong><b>Base de roues<\/b><\/strong>\u00a0\uff1a2580mm<\/span><\/li>\n<li><span style=\"font-family: arial, helvetica, sans-serif; font-size: 12pt;\"><strong><b>D\u00e9gagement minimum au sol \u2265<\/b><\/strong>\u00a0240 mm<\/span><\/li>\n<li><span style=\"font-family: arial, helvetica, sans-serif; font-size: 12pt;\"><strong><b>Angle de d\u00e9part<\/b><\/strong><strong><b>Pour:<\/b><\/strong>\u00a014\u00b0<\/span><\/li>\n<\/ul>\n<p>&nbsp;<\/p>\n<h3><span style=\"font-family: arial, helvetica, sans-serif; font-size: 12pt;\"><strong><b>1.2 Poids de la machine<\/b><\/strong><\/span><\/h3>\n<ul>\n<li><span style=\"font-family: arial, helvetica, sans-serif; font-size: 12pt;\"><strong><b>Op\u00e9ration<\/b><\/strong><strong><b>\u00a0poids<\/b><\/strong><strong><b>Pour:<\/b><\/strong>\u00a013100kg<\/span><\/li>\n<li><span style=\"font-family: arial, helvetica, sans-serif; font-size: 12pt;\"><strong><b>F<\/b><\/strong><strong><b>poids de charge ull<\/b><\/strong><strong><b>Pour:<\/b><\/strong>\u00a0\u00a0\u00a0\u00a017100kg<\/span><\/li>\n<\/ul>\n<p>&nbsp;<\/p>\n<h3><span style=\"font-family: arial, helvetica, sans-serif; font-size: 12pt;\"><strong><b>1.3 Capacit\u00e9 op\u00e9rationnelle<\/b><\/strong><\/span><\/h3>\n<ul>\n<li><span style=\"font-family: arial, helvetica, sans-serif; font-size: 12pt;\"><strong><b>Vitesse de voyage<\/b><\/strong><\/span><\/li>\n<li><span style=\"font-family: arial, helvetica, sans-serif; font-size: 12pt;\"><strong><b>Avant<\/b><\/strong><strong><b>\/<\/b><\/strong><strong><b>Inverse : <\/b><\/strong>\u00a00 ~ 25km \/ h<\/span><\/li>\n<li><span style=\"font-family: arial, helvetica, sans-serif; font-size: 12pt;\"><strong><b>Capacit\u00e9 d'escalade 14 \u00b0<\/b><\/strong><strong><b>:<\/b><\/strong><strong><b>\u00a0<\/b><\/strong>3.4km\/h<\/span><\/li>\n<li><span style=\"font-family: arial, helvetica, sans-serif; font-size: 12pt;\"><strong><b>Force de traction maximale<\/b><\/strong><strong><b>:<\/b><\/strong>\u00a0110 KN<\/span><\/li>\n<li><span style=\"font-family: arial, helvetica, sans-serif; font-size: 12pt;\"><strong><b>Force de grattage maximale<\/b><\/strong><strong><b>: <\/b><\/strong>(SAE) 90KN<\/span><\/li>\n<\/ul>\n<p>&nbsp;<\/p>\n<h3><span style=\"font-family: arial, helvetica, sans-serif; font-size: 12pt;\"><strong><b>1.4 R\u00e9serve de carburant<img decoding=\"async\" class=\"wp-image-2774 alignleft\" src=\"http:\/\/www.zongdamining.com\/wp-content\/uploads\/2025\/09\/350A6813-\u62f7\u8d1d-1-scaled.png\" alt=\"\" width=\"529\" height=\"529\" srcset=\"https:\/\/www.zongdamining.com\/wp-content\/uploads\/2025\/09\/350A6813-\u62f7\u8d1d-1-scaled.png 2560w, https:\/\/www.zongdamining.com\/wp-content\/uploads\/2025\/09\/350A6813-\u62f7\u8d1d-1-300x300.png 300w, https:\/\/www.zongdamining.com\/wp-content\/uploads\/2025\/09\/350A6813-\u62f7\u8d1d-1-1024x1024.png 1024w, https:\/\/www.zongdamining.com\/wp-content\/uploads\/2025\/09\/350A6813-\u62f7\u8d1d-1-150x150.png 150w, https:\/\/www.zongdamining.com\/wp-content\/uploads\/2025\/09\/350A6813-\u62f7\u8d1d-1-768x768.png 768w, https:\/\/www.zongdamining.com\/wp-content\/uploads\/2025\/09\/350A6813-\u62f7\u8d1d-1-1536x1536.png 1536w, https:\/\/www.zongdamining.com\/wp-content\/uploads\/2025\/09\/350A6813-\u62f7\u8d1d-1-2048x2048.png 2048w, https:\/\/www.zongdamining.com\/wp-content\/uploads\/2025\/09\/350A6813-\u62f7\u8d1d-1-700x700.png 700w, https:\/\/www.zongdamining.com\/wp-content\/uploads\/2025\/09\/350A6813-\u62f7\u8d1d-1-600x600.png 600w, https:\/\/www.zongdamining.com\/wp-content\/uploads\/2025\/09\/350A6813-\u62f7\u8d1d-1-100x100.png 100w\" sizes=\"(max-width: 529px) 100vw, 529px\" \/><\/b><\/strong><\/span><\/h3>\n<ul>\n<li><span style=\"font-family: arial, helvetica, sans-serif; font-size: 12pt;\"><strong><b>R\u00e9servoir de carburant (L) <\/b><\/strong><strong><b>:<\/b><\/strong>130<\/span><\/li>\n<li><span style=\"font-family: arial, helvetica, sans-serif; font-size: 12pt;\"><strong><b>R\u00e9servoir d'huile hydraulique (L)<\/b><\/strong><strong><b>:<\/b><\/strong>\u00a0160<\/span><\/li>\n<\/ul>\n<p>&nbsp;<\/p>\n<h3><span style=\"font-family: arial, helvetica, sans-serif; font-size: 12pt;\"><strong><b>1.5 Direction<\/b><\/strong><\/span><\/h3>\n<ul>\n<li><span style=\"font-family: arial, helvetica, sans-serif; font-size: 12pt;\"><strong><b>Direction assist\u00e9e hydraulique articul\u00e9e centrale<\/b><\/strong><\/span><\/li>\n<li><span style=\"font-family: arial, helvetica, sans-serif; font-size: 12pt;\"><strong><b>Radius de tournage minimum<\/b><\/strong><strong><b>&#8211;<\/b><\/strong><strong><b>\u00a0\u00e0 l'int\u00e9rieur<\/b><\/strong>:\u00a0\u00a0\u00a0\u00a0\u00a0\u00a0\u00a02860 \u00b1 200mm<\/span><\/li>\n<li><span style=\"font-family: arial, helvetica, sans-serif; font-size: 12pt;\"><strong><b>En dehors<\/b><\/strong>\uff1a \u00a05300 \u00b1 200mm<\/span><\/li>\n<\/ul>\n<p>&nbsp;<\/p>\n<p><span style=\"font-family: arial, helvetica, sans-serif; font-size: 12pt;\"><strong><b>2\u3001Configuration principale de toute la machine<\/b><\/strong><\/span><\/p>\n<h3><span style=\"font-family: arial, helvetica, sans-serif; font-size: 12pt;\"><strong><b>2.1 Moteur<\/b><\/strong><\/span><\/h3>\n<ul>\n<li><span style=\"font-family: arial, helvetica, sans-serif; font-size: 12pt;\"><strong><b>Fabricant<\/b><\/strong><strong><b>:<\/b><\/strong><strong><b>\u00a0<\/b><\/strong>DEUTZ<\/span><\/li>\n<li><span style=\"font-family: arial, helvetica, sans-serif; font-size: 12pt;\"><strong><b>Mod\u00e8le<\/b><\/strong><strong><b>:<\/b><\/strong>\u00a0F6L914 (Import\u00e9 fabriqu\u00e9 en Allemagne)<\/span><\/li>\n<li><span style=\"font-family: arial, helvetica, sans-serif; font-size: 12pt;\"><strong><b>Type :<\/b><\/strong>\u00a0Moteur diesel refroidi par air<\/span><\/li>\n<li><span style=\"font-family: arial, helvetica, sans-serif; font-size: 12pt;\"><strong><b>Puissance nominale<\/b><\/strong><strong><b>:<\/b><\/strong>\u00a0\u00a084KW \/ 2300rpm<\/span><\/li>\n<\/ul>\n<p>&nbsp;<\/p>\n<h3><span style=\"font-family: arial, helvetica, sans-serif; font-size: 12pt;\"><strong><b>2.2 Convertisseur de couple hydraulique<img loading=\"lazy\" decoding=\"async\" class=\"wp-image-2772 alignright\" src=\"http:\/\/www.zongdamining.com\/wp-content\/uploads\/2025\/09\/350A6809-\u62f7\u8d1d-scaled.png\" alt=\"\" width=\"641\" height=\"641\" srcset=\"https:\/\/www.zongdamining.com\/wp-content\/uploads\/2025\/09\/350A6809-\u62f7\u8d1d-scaled.png 2560w, https:\/\/www.zongdamining.com\/wp-content\/uploads\/2025\/09\/350A6809-\u62f7\u8d1d-300x300.png 300w, https:\/\/www.zongdamining.com\/wp-content\/uploads\/2025\/09\/350A6809-\u62f7\u8d1d-1024x1024.png 1024w, https:\/\/www.zongdamining.com\/wp-content\/uploads\/2025\/09\/350A6809-\u62f7\u8d1d-150x150.png 150w, https:\/\/www.zongdamining.com\/wp-content\/uploads\/2025\/09\/350A6809-\u62f7\u8d1d-768x768.png 768w, https:\/\/www.zongdamining.com\/wp-content\/uploads\/2025\/09\/350A6809-\u62f7\u8d1d-1536x1536.png 1536w, https:\/\/www.zongdamining.com\/wp-content\/uploads\/2025\/09\/350A6809-\u62f7\u8d1d-2048x2048.png 2048w, https:\/\/www.zongdamining.com\/wp-content\/uploads\/2025\/09\/350A6809-\u62f7\u8d1d-700x700.png 700w, https:\/\/www.zongdamining.com\/wp-content\/uploads\/2025\/09\/350A6809-\u62f7\u8d1d-600x600.png 600w, https:\/\/www.zongdamining.com\/wp-content\/uploads\/2025\/09\/350A6809-\u62f7\u8d1d-100x100.png 100w\" sizes=\"(max-width: 641px) 100vw, 641px\" \/><\/b><\/strong><\/span><\/h3>\n<ul>\n<li><span style=\"font-family: arial, helvetica, sans-serif; font-size: 12pt;\">Mod\u00e8le C272 (USA DANA)<\/span><\/li>\n<\/ul>\n<p>&nbsp;<\/p>\n<h3><span style=\"font-family: arial, helvetica, sans-serif; font-size: 12pt;\"><strong><b>2.3 Transmission<\/b><\/strong><\/span><\/h3>\n<ul>\n<li><span style=\"font-family: arial, helvetica, sans-serif; font-size: 12pt;\">Mod\u00e8le RT32000 (USA DANA)<\/span><\/li>\n<li><span style=\"font-family: arial, helvetica, sans-serif; font-size: 12pt;\">Type: D\u00e9placement de puissance<\/span><\/li>\n<\/ul>\n<p>&nbsp;<\/p>\n<h3><span style=\"font-family: arial, helvetica, sans-serif; font-size: 12pt;\"><strong><b>2.4 Essieu moteur<\/b><\/strong><\/span><\/h3>\n<ul>\n<li><span style=\"font-family: arial, helvetica, sans-serif; font-size: 12pt;\"><strong><b>fabrication<\/b><\/strong><strong><b>er : <\/b><\/strong>Axe de Xuzhou<\/span><\/li>\n<li><span style=\"font-family: arial, helvetica, sans-serif; font-size: 12pt;\"><strong><b>Mod\u00e8le<\/b><\/strong>: WJ2DN-F\/R<\/span><\/li>\n<li><span style=\"font-family: arial, helvetica, sans-serif; font-size: 12pt;\"><strong><b>Essieu de transmission plan\u00e9taire rigide avec diff\u00e9rentiel antid\u00e9rapant de type NO-SPIN<\/b><\/strong><strong><b>s<\/b><\/strong><\/span><\/li>\n<\/ul>\n<p>&nbsp;<\/p>\n<h3><span style=\"font-family: arial, helvetica, sans-serif; font-size: 12pt;\"><strong><b>2.5 Syst\u00e8me hydraulique<\/b><\/strong><\/span><\/h3>\n<ul>\n<li><span style=\"font-family: arial, helvetica, sans-serif; font-size: 12pt;\"><strong><b>Fren multi-disque humide avec frein de travail<\/b><\/strong><\/span><\/li>\n<li><span style=\"font-family: arial, helvetica, sans-serif; font-size: 12pt;\"><strong><b>Frein de stationnement<\/b><\/strong><strong><b>: S<\/b><\/strong><strong><b>prince <\/b><\/strong><strong><b>Appliqu\u00e9 H<\/b><\/strong><strong><b>hydraulique <\/b><\/strong><strong><b>R<\/b><\/strong><strong><b>\u00e9l\u00e9ase<\/b><\/strong><\/span><\/li>\n<li><span style=\"font-family: arial, helvetica, sans-serif; font-size: 12pt;\"><strong><b>Vanne multivoie<\/b><\/strong><strong><b>: \u00c9tats-Unis<\/b><\/strong><strong><b>\u00a0P<\/b><\/strong><strong><b>ARKER<\/b><\/strong><\/span><\/li>\n<li><span style=\"font-family: arial, helvetica, sans-serif; font-size: 12pt;\"><strong><b>pompe<\/b><\/strong><strong><b>: marque europ\u00e9enne PERMCO<\/b><\/strong><\/span><\/li>\n<\/ul>\n<p>&nbsp;<\/p>","protected":false},"excerpt":{"rendered":"<p><span style=\"font-family: arial, helvetica, sans-serif; font-size: 12pt;\">Le chargeur souterrain ZDL204DD est principalement utilis\u00e9 en conjonction avec des camions miniers dans les op\u00e9rations d'excavation souterraine et mini\u00e8re. Le chargement \u00e0 pelle du minerai et de divers mat\u00e9riaux peut grandement am\u00e9liorer l'efficacit\u00e9 op\u00e9rationnelle et est un \u00e9quipement important pour r\u00e9aliser l'exploitation mini\u00e8re sans voie.<\/span><\/p>","protected":false},"featured_media":3138,"comment_status":"closed","ping_status":"closed","template":"","meta":{"_acf_changed":false},"product_brand":[],"product_cat":[15],"product_tag":[],"class_list":{"0":"post-2618","1":"product","2":"type-product","3":"status-publish","4":"has-post-thumbnail","6":"product_cat-trackless-mining-equipment","8":"first","9":"instock","10":"shipping-taxable","11":"product-type-simple"},"acf":[],"_links":{"self":[{"href":"https:\/\/www.zongdamining.com\/fr\/wp-json\/wp\/v2\/product\/2618","targetHints":{"allow":["GET"]}}],"collection":[{"href":"https:\/\/www.zongdamining.com\/fr\/wp-json\/wp\/v2\/product"}],"about":[{"href":"https:\/\/www.zongdamining.com\/fr\/wp-json\/wp\/v2\/types\/product"}],"replies":[{"embeddable":true,"href":"https:\/\/www.zongdamining.com\/fr\/wp-json\/wp\/v2\/comments?post=2618"}],"wp:featuredmedia":[{"embeddable":true,"href":"https:\/\/www.zongdamining.com\/fr\/wp-json\/wp\/v2\/media\/3138"}],"wp:attachment":[{"href":"https:\/\/www.zongdamining.com\/fr\/wp-json\/wp\/v2\/media?parent=2618"}],"wp:term":[{"taxonomy":"product_brand","embeddable":true,"href":"https:\/\/www.zongdamining.com\/fr\/wp-json\/wp\/v2\/product_brand?post=2618"},{"taxonomy":"product_cat","embeddable":true,"href":"https:\/\/www.zongdamining.com\/fr\/wp-json\/wp\/v2\/product_cat?post=2618"},{"taxonomy":"product_tag","embeddable":true,"href":"https:\/\/www.zongdamining.com\/fr\/wp-json\/wp\/v2\/product_tag?post=2618"}],"curies":[{"name":"WP","href":"https:\/\/api.w.org\/{rel}","templated":true}]}}