{"id":2657,"date":"2025-09-08T14:24:06","date_gmt":"2025-09-08T06:24:06","guid":{"rendered":"https:\/\/www.zongdamining.com\/?post_type=product&#038;p=2657"},"modified":"2026-03-10T14:12:39","modified_gmt":"2026-03-10T06:12:39","slug":"zongda-zdl410-underground-loader","status":"publish","type":"product","link":"https:\/\/www.zongdamining.com\/fr\/product\/zongda-zdl410-underground-loader\/","title":{"rendered":"Chargeur souterrain ZDL410"},"content":{"rendered":"<p><span style=\"font-family: arial, helvetica, sans-serif;\"><strong><b>ZDL410 souterrain<\/b><\/strong><strong><b>\u00a0<\/b><\/strong><strong><b>chargeur <\/b><\/strong><strong><b>: <\/b><\/strong><strong><b>\u00c9quipement de transport \u00e0 courte distance de chargement de pelle sans voie.<\/b><\/strong><\/span><\/p>\n<p><img fetchpriority=\"high\" decoding=\"async\" class=\"aligncenter wp-image-2658\" src=\"http:\/\/www.zongdamining.com\/wp-content\/uploads\/2025\/09\/\u56fe\u72471-1.png\" alt=\"\" width=\"794\" height=\"595\" srcset=\"https:\/\/www.zongdamining.com\/wp-content\/uploads\/2025\/09\/\u56fe\u72471-1.png 1386w, https:\/\/www.zongdamining.com\/wp-content\/uploads\/2025\/09\/\u56fe\u72471-1-300x225.png 300w, https:\/\/www.zongdamining.com\/wp-content\/uploads\/2025\/09\/\u56fe\u72471-1-1024x768.png 1024w, https:\/\/www.zongdamining.com\/wp-content\/uploads\/2025\/09\/\u56fe\u72471-1-768x576.png 768w, https:\/\/www.zongdamining.com\/wp-content\/uploads\/2025\/09\/\u56fe\u72471-1-600x450.png 600w\" sizes=\"(max-width: 794px) 100vw, 794px\" \/><\/p>\n<p><span style=\"font-family: arial, helvetica, sans-serif;\"><strong><b>Chargeur souterrain ZDL410<\/b><\/strong>\u00a0principalement utilis\u00e9 en conjonction avec les camions miniers dans les excavations souterraines et les op\u00e9rations mini\u00e8res. Le chargement \u00e0 pelle du minerai et de divers mat\u00e9riaux peut grandement am\u00e9liorer l'efficacit\u00e9 op\u00e9rationnelle et est un \u00e9quipement important pour r\u00e9aliser l'exploitation mini\u00e8re sans voie.<\/span><\/p>\n<p><span style=\"font-family: arial, helvetica, sans-serif;\"><strong><b>1.<\/b><\/strong><strong><b>Caract\u00e9ristiques techniques<\/b><\/strong>:<\/span><\/p>\n<ul>\n<li><span style=\"font-family: arial, helvetica, sans-serif;\"><strong><b>Syst\u00e8me d'alimentation<\/b><\/strong>: Le syst\u00e8me d'alimentation adopte un moteur VOLVO refroidi \u00e0 l'eau \u00e0 faible pollution, \u00e0 faible vitesse et \u00e0 couple \u00e9lev\u00e9;<\/span><\/li>\n<li><span style=\"font-family: arial, helvetica, sans-serif;\"><strong><b>Transmission<\/b><\/strong>: Le syst\u00e8me de transmission de puissance adopte la bo\u00eete de vitesses DANA et le convertisseur de couple, l'essieu d'entra\u00eenement hydraulique de lib\u00e9ration de frein \u00e0 ressort DANA, les pneus pneumatiques r\u00e9sistants \u00e0 la coupe mini\u00e8re et a un syst\u00e8me de transmission automatique ;<\/span><\/li>\n<li><span style=\"font-family: arial, helvetica, sans-serif;\"><strong><b>Syst\u00e8me de freinage<\/b><\/strong>: Le frein de service adopte le frein \u00e0 ressort multi-disque humide et le frein de lib\u00e9ration hydraulique; vanne de remplissage MICO et vanne de frein; Le frein de stationnement adopte des freins \u00e0 ressort sur l'essieu moteur pour le freinage;<\/span><\/li>\n<li><span style=\"font-family: arial, helvetica, sans-serif;\"><strong><b>Cadre<\/b><\/strong>Le cadre est une structure articul\u00e9e centrale, avec l'essieu arri\u00e8re balan\u00e7ant \u00e0 gauche et \u00e0 droite autour du centre du cadre pour am\u00e9liorer les performances d'adh\u00e9sion de l'ensemble de la machine;<\/span><\/li>\n<li><span style=\"font-family: arial, helvetica, sans-serif;\"><strong><b>Direction<\/b><\/strong>: Le syst\u00e8me de direction est un syst\u00e8me de direction assist\u00e9e hydraulique avec des cylindres de direction \u00e0 deux c\u00f4t\u00e9s;<\/span><\/li>\n<\/ul>\n<p><span style=\"font-family: arial, helvetica, sans-serif;\"><strong><b>2.<\/b><\/strong><strong><b>Mesures de s\u00e9curit\u00e9 :<\/b><\/strong><\/span><\/p>\n<ul>\n<li><span style=\"font-family: arial, helvetica, sans-serif;\"><strong><b>\u00e9quipement de s\u00e9curit\u00e9<\/b><\/strong>Les op\u00e9rateurs doivent porter des casques de s\u00e9curit\u00e9, porter des dispositifs d'auto-sauvetage et utiliser des lampes mini\u00e8res lors de l'entr\u00e9e dans le puits.<\/span><\/li>\n<li><span style=\"font-family: arial, helvetica, sans-serif;\"><strong><b>Entretien r\u00e9gulier<\/b><\/strong>Inspections r\u00e9guli\u00e8res et r\u00e9ponse rapide aux dangers cach\u00e9s.<\/span><\/li>\n<li><span style=\"font-family: arial, helvetica, sans-serif;\"><strong><b>Pas d'entretien pendant l'exploitation<\/b><\/strong>: Il est strictement interdit d'effectuer l'entretien pendant que la machine fonctionne.<\/span><\/li>\n<li><span style=\"font-family: arial, helvetica, sans-serif;\"><strong><b>S\u00e9curit\u00e9 pendant la soudure\/coupe<\/b><\/strong>Confirmer l'absence de mati\u00e8res inflammables ou explosives avant la maintenance.<\/span><\/li>\n<li><span style=\"font-family: arial, helvetica, sans-serif;\"><strong><b>Pr\u00e9cautions pour les tuyaux d'\u00e9chappement<\/b><\/strong>\u00c9vitez le contact physique avec le tuyau d'\u00e9chappement chaud.<\/span><\/li>\n<li><span style=\"font-family: arial, helvetica, sans-serif;\"><strong><b>Entretien du syst\u00e8me hydraulique<\/b><\/strong>La pression doit \u00eatre soulag\u00e9e avant de commencer toute r\u00e9paration.<\/span><\/li>\n<\/ul>\n<p>&nbsp;<\/p>\n<p><span style=\"font-family: arial, helvetica, sans-serif;\"><strong><b>Conditions d'application<\/b><\/strong><strong><b>\u00a0pour le <\/b><\/strong><strong><b>Chargeur souterrain \u00e0 combustion interne ZDL410<\/b><\/strong><strong>:<\/strong><\/span><\/p>\n<p><span style=\"font-family: arial, helvetica, sans-serif;\"><b><\/b><strong><b>\u00a0 \u00a0 \u00a0Sp\u00e9cifications 1.Tunnel<\/b><\/strong>:<\/span><\/p>\n<ul>\n<li><span style=\"font-family: arial, helvetica, sans-serif;\">Convient pour les tunnels avec une taille en section transversale de <strong><b>5<\/b><\/strong><strong><b>m\u00e8tres (hauteur) \u00d7<\/b><\/strong><strong><b>5<\/b><\/strong><strong><b>m\u00e8tres (largeur) et plus<\/b><\/strong>.<\/span><\/li>\n<li><span style=\"font-family: arial, helvetica, sans-serif;\">N\u00e9cessite un <strong><b>plaque sup\u00e9rieure ferme<\/b><\/strong>.<\/span><\/li>\n<li><span style=\"font-family: arial, helvetica, sans-serif;\">rayon de tournure minimum de <strong><b>\u2265 <\/b><\/strong><strong><b>9<\/b><\/strong><strong><b>m\u00e8tres<\/b><\/strong>\u00e0 l'ext\u00e9rieur.<\/span><\/li>\n<li><span style=\"font-family: arial, helvetica, sans-serif;\">La pente routi\u00e8re doit \u00eatre <strong><b>\u2264 14\u00b0<\/b><\/strong>.<\/span><\/li>\n<li><span style=\"font-family: arial, helvetica, sans-serif;\">ad\u00e9quate <strong><b>ventilation et drainage<\/b><\/strong>sur le lieu de travail.<\/span><\/li>\n<\/ul>\n<p><span style=\"font-family: arial, helvetica, sans-serif;\"><b><\/b><strong><b>\u00a0 \u00a0 \u00a02.Facteurs environnementaux<\/b><\/strong>:<\/span><\/p>\n<ul>\n<li><span style=\"font-family: arial, helvetica, sans-serif;\">Temp\u00e9rature dans le tunnel : <strong><b>-5\u00b0C \u00e0 40\u00b0C<\/b><\/strong>.<\/span><\/li>\n<li><span style=\"font-family: arial, helvetica, sans-serif;\">Humidit\u00e9 relative maximale (\u00e0 25\u00b0C): <strong><b>Pas plus de 85%<\/b><\/strong>.<\/span><\/li>\n<li><span style=\"font-family: arial, helvetica, sans-serif;\">Altitude de l'emplacement d'utilisation: <strong><b>Pas plus de 1000 m\u00e8tres<\/b><\/strong>.<\/span><\/li>\n<li><span style=\"font-family: arial, helvetica, sans-serif;\">Dans les zones de haute altitude (au-dessus de 1000 m\u00e8tres), <strong><b>r\u00e9duction de puissance<\/b><\/strong>n\u00e9cessaire pour l'op\u00e9ration.<\/span><\/li>\n<\/ul>\n<p><span style=\"font-family: arial, helvetica, sans-serif;\"><b><\/b><strong><b>\u00a0 \u00a0 \u00a0Exigences 3.Fuel<\/b><\/strong>:<\/span><\/p>\n<ul>\n<li><span style=\"font-family: arial, helvetica, sans-serif;\">La teneur en soufre du carburant utilis\u00e9 dans cette machine doit <strong><b>ne pas d\u00e9passer 0,2 %<\/b><\/strong>.<\/span><\/li>\n<\/ul>\n<p><span style=\"font-family: arial, helvetica, sans-serif;\"><b><\/b><strong><b>\u00a0 \u00a0 \u00a04.Pr\u00e9cautions de s\u00e9curit\u00e9<\/b><\/strong>:<\/span><\/p>\n<ul>\n<li><span style=\"font-family: arial, helvetica, sans-serif;\">Strictement <strong><b>interdit<\/b><\/strong>dans des lieux avec <strong><b>gaz inflammables et explosifs<\/b><\/strong>(comme le gaz et la poussi\u00e8re de charbon).<\/span><\/li>\n<\/ul>\n<p style=\"text-align: left;\"><strong><b>Dimensions de contour:<\/b><\/strong><\/p>\n<figure id=\"attachment_2659\" aria-describedby=\"caption-attachment-2659\" style=\"width: 531px\" class=\"wp-caption alignleft\"><img decoding=\"async\" class=\"wp-image-2659\" src=\"http:\/\/www.zongdamining.com\/wp-content\/uploads\/2025\/09\/\u56fe\u72472-1.png\" alt=\"Dimensions de contour\" width=\"531\" height=\"635\" srcset=\"https:\/\/www.zongdamining.com\/wp-content\/uploads\/2025\/09\/\u56fe\u72472-1.png 760w, https:\/\/www.zongdamining.com\/wp-content\/uploads\/2025\/09\/\u56fe\u72472-1-251x300.png 251w, https:\/\/www.zongdamining.com\/wp-content\/uploads\/2025\/09\/\u56fe\u72472-1-600x718.png 600w\" sizes=\"(max-width: 531px) 100vw, 531px\" \/><figcaption id=\"caption-attachment-2659\" class=\"wp-caption-text\">Param\u00e8tres techniques du produit<\/figcaption><\/figure>\n<p><span style=\"font-family: arial, helvetica, sans-serif;\"><strong><b>1.Param\u00e8tres techniques <\/b><\/strong><\/span><\/p>\n<ul>\n<li><span style=\"font-family: arial, helvetica, sans-serif;\"><strong> Capacit\u00e9 nominale de charge<\/strong>10 t (pleine charge)<\/span><\/li>\n<li><span style=\"font-family: arial, helvetica, sans-serif;\"><strong> Capacit\u00e9 du seau<\/strong>:4.5 m \u00b3<\/span><\/li>\n<li><span style=\"font-family: arial, helvetica, sans-serif;\"><strong> Vitesse maximale de conduite en premi\u00e8re vitesse<\/strong>:5,5 km\/h<\/span><\/li>\n<\/ul>\n<p><span style=\"font-family: arial, helvetica, sans-serif;\">\u00a0 \u00a0 \u00a0 \u00a0 \u00a0Deuxi\u00e8me vitesse:10,2 km\/h<\/span><\/p>\n<p><span style=\"font-family: arial, helvetica, sans-serif;\">\u00a0 \u00a0 \u00a0 \u00a0 \u00a0Troisi\u00e8me vitesse : 17,5 km\/h<\/span><\/p>\n<p><span style=\"font-family: arial, helvetica, sans-serif;\">\u00a0 \u00a0 \u00a0 \u00a0 \u00a0Quatri\u00e8me vitesse : 31,7 km\/h<\/span><\/p>\n<p><span style=\"font-family: arial, helvetica, sans-serif;\">\u00a0 \u00a0 \u00a0 \u00a0 \u00a0Temps de travail:14 secondes<\/span><\/p>\n<ul>\n<li><span style=\"font-family: arial, helvetica, sans-serif;\"><strong>Force de traction maximale<\/strong>:200 kN<\/span><\/li>\n<li><span style=\"font-family: arial, helvetica, sans-serif;\"><strong>Force maximale de la pelle<\/strong>:188 kN<\/span><\/li>\n<li><span style=\"font-family: arial, helvetica, sans-serif;\"><strong>Rayon de tournage :<\/strong>3408 \u00b1 200 mm sur le c\u00f4t\u00e9 int\u00e9rieur<\/span><\/li>\n<\/ul>\n<p><span style=\"font-family: arial, helvetica, sans-serif;\">\u00a0 \u00a0 \u00a0 \u00a0 \u00a0 Ext\u00e9rieur 6700 \u00b1 200 mm<\/span><\/p>\n<ul>\n<li><span style=\"font-family: arial, helvetica, sans-serif;\"><strong>Hauteur maximale de d\u00e9chargement :<\/strong>2050 mm<\/span><\/li>\n<li><span style=\"font-family: arial, helvetica, sans-serif;\"><strong>Distance minimale de d\u00e9chargement :<\/strong>1650 mm<\/span><\/li>\n<li><span style=\"font-family: arial, helvetica, sans-serif;\"><strong>Angle de d\u00e9chargement maximum :<\/strong>39\u00b0<\/span><\/li>\n<li><span style=\"font-family: arial, helvetica, sans-serif;\"><strong>Angle de direction:<\/strong>\u00b1 42 \u00b0<\/span><\/li>\n<li><span style=\"font-family: arial, helvetica, sans-serif;\"><strong>D\u00e9gagement minimum au sol :<\/strong>380 mm<\/span><\/li>\n<li><span style=\"font-family: arial, helvetica, sans-serif;\"><strong> Dimensions globales (longueur \u00d7 largeur \u00d7 hauteur) <\/strong>9850 mm \u00d7 2588 mm \u00d7 2380 mm<\/span><\/li>\n<li><span style=\"font-family: arial, helvetica, sans-serif;\"><strong>Poids de fonctionnement de toute la machine:<\/strong>29000 \u00b1 500 kg<\/span><\/li>\n<\/ul>\n<p><span style=\"font-family: arial, helvetica, sans-serif;\"><strong><b>\u00a0 \u00a0 \u00a0<\/b><\/strong><\/span><\/p>\n<p><strong style=\"font-family: arial, helvetica, sans-serif;\">\u00a0<\/strong><\/p>\n<p><span style=\"font-family: arial, helvetica, sans-serif;\"><b>\u00a0<\/b><\/span><\/p>\n<p><span style=\"font-family: arial, helvetica, sans-serif;\"><strong><b>\u00a0 \u00a0 \u00a02.Engine\u00a0 \u00a0 \u00a0 \u00a0 \u00a0 \u00a0 \u00a0 \u00a0 \u00a0 \u00a0 \u00a0 \u00a0 \u00a0 \u00a0 \u00a0 \u00a0 \u00a0 \u00a0 \u00a0 \u00a0 \u00a0 \u00a0 \u00a0 \u00a0 \u00a0 \u00a0 \u00a0 \u00a0 \u00a0 \u00a0 \u00a0 \u00a0 \u00a0 \u00a0 \u00a0 \u00a0 \u00a0 \u00a0 \u00a0 \u00a0 \u00a0 \u00a0 \u00a0 \u00a0 \u00a0 \u00a0 \u00a0 \u00a0 \u00a0 \u00a0 \u00a0 \u00a0 \u00a0<\/b><\/strong><\/span><\/p>\n<ul>\n<li><span style=\"font-family: arial, helvetica, sans-serif;\"><strong>Moteur :<\/strong>VOLVO TAD1151VE moteur \u00e0 faible pollution refroidi par eau<\/span><\/li>\n<li><span style=\"font-family: arial, helvetica, sans-serif;\"><strong>Puissance nominale\/vitesse nominale:<\/strong>265 kW\/2100 r\/min<\/span><\/li>\n<li><span style=\"font-family: arial, helvetica, sans-serif;\"><strong> M\u00e9thode de d\u00e9marrage :<\/strong>D\u00e9marrage \u00e9lectrique<\/span><\/li>\n<li><span style=\"font-family: arial, helvetica, sans-serif;\"><strong> M\u00e9thode de purification des gaz d'\u00e9chappement: <\/strong>m\u00e9thode de purification catalytique<\/span><\/li>\n<li><span style=\"font-family: arial, helvetica, sans-serif;\"><strong> Contr\u00f4le de l'acc\u00e9l\u00e9rateur:<\/strong>Contr\u00f4leur \u00e9lectronique de gaz Williams<\/span><\/li>\n<\/ul>\n<p>&nbsp;<\/p>\n<p style=\"text-align: left;\"><span style=\"font-family: arial, helvetica, sans-serif;\"><strong><b>\u00a0 \u00a0 \u00a0Syst\u00e8me 3.Transmission<\/b><\/strong><\/span><\/p>\n<ul style=\"text-align: left;\">\n<li><span style=\"font-family: arial, helvetica, sans-serif;\"><strong>Mod\u00e8le de transmission:<\/strong>R36000<\/span><\/li>\n<li><span style=\"font-family: arial, helvetica, sans-serif;\"><strong>Convertisseur de couple mod\u00e8le:<\/strong>C5500<\/span><\/li>\n<li><span style=\"font-family: arial, helvetica, sans-serif;\"><strong>Mod\u00e8le d'essieu moteur:<\/strong>DANA 20D<\/span><\/li>\n<li><span style=\"font-family: arial, helvetica, sans-serif;\"><strong> Pneumatique : <\/strong>Pneumatique de fil d'acier gonfl\u00e9 lisse 18.0-25R<\/span><\/li>\n<\/ul>\n<p><span style=\"font-family: arial, helvetica, sans-serif;\"><strong><b>\u00a0 \u00a0 \u00a04.Syst\u00e8me de freinage<\/b><\/strong><\/span><\/p>\n<ul>\n<li><span style=\"font-family: arial, helvetica, sans-serif;\"><strong>Pompe de frein:<\/strong>28 ml\/r<\/span><\/li>\n<li><span style=\"font-family: arial, helvetica, sans-serif;\"><strong> Freinage de service :<\/strong>Fren \u00e0 ressort multi-disque humide<\/span><\/li>\n<li><span style=\"font-family: arial, helvetica, sans-serif;\"><strong>Mod\u00e8le de vanne de frein:<\/strong>MICO<\/span><\/li>\n<li><span style=\"font-family: arial, helvetica, sans-serif;\"><strong> Frein de stationnement :<\/strong>Frein \u00e0 ressort sur l'essieu moteur<\/span><\/li>\n<li><span style=\"font-family: arial, helvetica, sans-serif;\"><strong>printemps <\/strong><strong>Appliquer<\/strong><strong>, lib\u00e9ration hydraulique du frein<\/strong><\/span><\/li>\n<\/ul>\n<p>&nbsp;<\/p>\n<p><span style=\"font-family: arial, helvetica, sans-serif;\"><strong><b>\u00a0 \u00a0 \u00a05.Syst\u00e8me de direction<\/b><\/strong><\/span><\/p>\n<ul>\n<li><span style=\"font-family: arial, helvetica, sans-serif;\"><strong> Type :<\/strong>Charni\u00e8re centrale, direction hydraulique<\/span><\/li>\n<li><span style=\"font-family: arial, helvetica, sans-serif;\"><strong>Pompe de direction:<\/strong>75 ml\/r<\/span><\/li>\n<li><span style=\"font-family: arial, helvetica, sans-serif;\"><strong> Diam\u00e8tre du cylindre de direction\/diam\u00e8tre de la tige \u00d7 Nombre de cylindres: <\/strong>\u03c6 125\/\u03c6 70 mm \u00d7 deux<\/span><\/li>\n<li><span style=\"font-family: arial, helvetica, sans-serif;\"><strong>Valve multivoie de direction:<\/strong>Contr\u00f4le \u00e9lectro-hydraulique Parker K170LS<\/span><\/li>\n<\/ul>\n<p>&nbsp;<\/p>\n<p style=\"text-align: left;\"><span style=\"font-family: arial, helvetica, sans-serif;\"><strong><b>\u00a0 \u00a0 \u00a0 \u00a0 6.Syst\u00e8me de travail<\/b><\/strong><\/span><\/p>\n<ul>\n<li style=\"list-style-type: none;\">\n<ul>\n<li style=\"list-style-type: none;\">\n<ul>\n<li style=\"list-style-type: none;\">\n<ul>\n<li style=\"list-style-type: none;\">\n<ul>\n<li style=\"list-style-type: none;\">\n<ul>\n<li style=\"list-style-type: none;\">\n<ul>\n<li style=\"list-style-type: none;\">\n<ul>\n<li style=\"list-style-type: none;\">\n<ul>\n<li style=\"list-style-type: none;\">\n<ul>\n<li style=\"list-style-type: none;\">\n<ul>\n<li style=\"list-style-type: none;\">\n<ul>\n<li style=\"list-style-type: none;\">\n<ul>\n<li style=\"list-style-type: none;\">\n<ul>\n<li style=\"list-style-type: none;\">\n<ul>\n<li style=\"list-style-type: none;\">\n<ul>\n<li style=\"list-style-type: none;\">\n<ul>\n<li><span style=\"font-family: arial, helvetica, sans-serif;\"><strong>Pompe de travail:<\/strong>75 ml\/r<\/span><\/li>\n<li><span style=\"font-family: arial, helvetica, sans-serif;\"><strong> Valve multi-voie de travail:<\/strong>Contr\u00f4le \u00e9lectro-hydraulique Parker M200LS<\/span><\/li>\n<li><span style=\"font-family: arial, helvetica, sans-serif;\"><strong> Diam\u00e8tre du cylindre de levage\/diam\u00e8tre de la tige \u00d7 Nombre de cylindres: <\/strong>\u03c6 160\/\u03c6 90 mm \u00d7 deux<\/span><\/li>\n<li><span style=\"font-family: arial, helvetica, sans-serif;\"><strong> Diam\u00e8tre du cylindre du seau\/diam\u00e8tre de la tige \u00d7 Nombre de cylindres: <\/strong>\u03c6 200\/\u03c6 110 mm \u00d7 un<\/span><\/li>\n<\/ul>\n<\/li>\n<\/ul>\n<\/li>\n<\/ul>\n<\/li>\n<\/ul>\n<\/li>\n<\/ul>\n<\/li>\n<\/ul>\n<\/li>\n<\/ul>\n<\/li>\n<\/ul>\n<\/li>\n<\/ul>\n<\/li>\n<\/ul>\n<\/li>\n<\/ul>\n<\/li>\n<\/ul>\n<\/li>\n<\/ul>\n<\/li>\n<\/ul>\n<\/li>\n<\/ul>\n<\/li>\n<\/ul>\n<\/li>\n<\/ul>\n<p style=\"padding-left: 640px;\"><span style=\"font-family: arial, helvetica, sans-serif;\"><strong><b>\u00a0 \u00a0 \u00a0Syst\u00e8me 7.Electrical<\/b><\/strong><\/span><\/p>\n<ul>\n<li style=\"list-style-type: none;\">\n<ul>\n<li style=\"list-style-type: none;\">\n<ul>\n<li style=\"list-style-type: none;\">\n<ul>\n<li style=\"list-style-type: none;\">\n<ul>\n<li style=\"list-style-type: none;\">\n<ul>\n<li style=\"list-style-type: none;\">\n<ul>\n<li style=\"list-style-type: none;\">\n<ul>\n<li style=\"list-style-type: none;\">\n<ul>\n<li style=\"list-style-type: none;\">\n<ul>\n<li style=\"list-style-type: none;\">\n<ul>\n<li style=\"list-style-type: none;\">\n<ul>\n<li style=\"list-style-type: none;\">\n<ul>\n<li style=\"list-style-type: none;\">\n<ul>\n<li style=\"list-style-type: none;\">\n<ul>\n<li style=\"list-style-type: none;\">\n<ul>\n<li style=\"list-style-type: none;\">\n<ul>\n<li><span style=\"font-family: arial, helvetica, sans-serif;\"><strong>Tension du syst\u00e8me:<\/strong>24 V DC<\/span><\/li>\n<li><span style=\"font-family: arial, helvetica, sans-serif;\"><strong>Tension\/puissance du moteur de d\u00e9marrage:<\/strong>24V \/ 6kW<\/span><\/li>\n<li><span style=\"font-family: arial, helvetica, sans-serif;\"><strong> \u00c9clairage :<\/strong>4 Phares avant, 2 \u00d7 75W, 24V<\/span><\/li>\n<\/ul>\n<\/li>\n<\/ul>\n<\/li>\n<\/ul>\n<\/li>\n<\/ul>\n<\/li>\n<\/ul>\n<\/li>\n<\/ul>\n<\/li>\n<\/ul>\n<\/li>\n<\/ul>\n<\/li>\n<\/ul>\n<\/li>\n<\/ul>\n<\/li>\n<\/ul>\n<\/li>\n<\/ul>\n<\/li>\n<\/ul>\n<\/li>\n<\/ul>\n<\/li>\n<\/ul>\n<\/li>\n<\/ul>\n<\/li>\n<\/ul>\n<p style=\"padding-left: 640px;\"><span style=\"font-family: arial, helvetica, sans-serif;\">\u00a0 \u00a0 \u00a0 \u00a0 \u00a0 2 phares arri\u00e8re, 2 \u00d7 75W, 24V<\/span><\/p>\n<p style=\"padding-left: 640px;\"><span style=\"font-family: arial, helvetica, sans-serif;\">\u00a0 \u00a0 \u00a0 \u00a0 \u00a0 1 Lampe de plafond de cabine, 24 V<\/span><\/p>\n<p style=\"padding-left: 640px;\"><span style=\"font-family: arial, helvetica, sans-serif;\"><strong><b>\u00a0 \u00a0 \u00a0Capacit\u00e9 du r\u00e9servoir 8.Fuel<\/b><\/strong><\/span><\/p>\n<ul>\n<li style=\"list-style-type: none;\">\n<ul>\n<li style=\"list-style-type: none;\">\n<ul>\n<li style=\"list-style-type: none;\">\n<ul>\n<li style=\"list-style-type: none;\">\n<ul>\n<li style=\"list-style-type: none;\">\n<ul>\n<li style=\"list-style-type: none;\">\n<ul>\n<li style=\"list-style-type: none;\">\n<ul>\n<li style=\"list-style-type: none;\">\n<ul>\n<li style=\"list-style-type: none;\">\n<ul>\n<li style=\"list-style-type: none;\">\n<ul>\n<li style=\"list-style-type: none;\">\n<ul>\n<li style=\"list-style-type: none;\">\n<ul>\n<li style=\"list-style-type: none;\">\n<ul>\n<li style=\"list-style-type: none;\">\n<ul>\n<li style=\"list-style-type: none;\">\n<ul>\n<li style=\"list-style-type: none;\">\n<ul>\n<li><span style=\"font-family: arial, helvetica, sans-serif;\"><strong>R\u00e9servoir d'huile hydraulique:<\/strong>300 L<\/span><\/li>\n<li><span style=\"font-family: arial, helvetica, sans-serif;\"><strong>R\u00e9serve de carburant:<\/strong>300 L<\/span><\/li>\n<li><span style=\"font-family: arial, helvetica, sans-serif;\"><strong>Transmission :<\/strong>36 L<\/span><\/li>\n<li><span style=\"font-family: arial, helvetica, sans-serif;\"><strong> Pi\u00e8ce de transmission principale de l'essieu moteur: <\/strong>17L \u00d7 deux<\/span><\/li>\n<li><span style=\"font-family: arial, helvetica, sans-serif;\"><strong>Pi\u00e8ce de r\u00e9duction de roue d'essieu moteur:<\/strong>3,5 L \u00d7 quatre<\/span><\/li>\n<li><span style=\"font-family: arial, helvetica, sans-serif;\"><strong>Huile lubrifiante moteur:<\/strong>28L<\/span><\/li>\n<\/ul>\n<\/li>\n<\/ul>\n<\/li>\n<\/ul>\n<\/li>\n<\/ul>\n<\/li>\n<\/ul>\n<\/li>\n<\/ul>\n<\/li>\n<\/ul>\n<\/li>\n<\/ul>\n<\/li>\n<\/ul>\n<\/li>\n<\/ul>\n<\/li>\n<\/ul>\n<\/li>\n<\/ul>\n<\/li>\n<\/ul>\n<\/li>\n<\/ul>\n<\/li>\n<\/ul>\n<\/li>\n<\/ul>\n<\/li>\n<\/ul>","protected":false},"excerpt":{"rendered":"<p><span style=\"font-family: arial, helvetica, sans-serif;\"><strong><b>Chargeur souterrain ZDL410<\/b><\/strong>\u00a0principalement utilis\u00e9 en conjonction avec les camions miniers dans les excavations souterraines et les op\u00e9rations mini\u00e8res. Le chargement \u00e0 pelle du minerai et de divers mat\u00e9riaux peut grandement am\u00e9liorer l'efficacit\u00e9 op\u00e9rationnelle et est un \u00e9quipement important pour r\u00e9aliser l'exploitation mini\u00e8re sans voie.<\/span><\/p>","protected":false},"featured_media":2774,"comment_status":"closed","ping_status":"closed","template":"","meta":{"_acf_changed":false},"product_brand":[],"product_cat":[15],"product_tag":[],"class_list":{"0":"post-2657","1":"product","2":"type-product","3":"status-publish","4":"has-post-thumbnail","6":"product_cat-trackless-mining-equipment","8":"first","9":"instock","10":"shipping-taxable","11":"product-type-simple"},"acf":[],"_links":{"self":[{"href":"https:\/\/www.zongdamining.com\/fr\/wp-json\/wp\/v2\/product\/2657","targetHints":{"allow":["GET"]}}],"collection":[{"href":"https:\/\/www.zongdamining.com\/fr\/wp-json\/wp\/v2\/product"}],"about":[{"href":"https:\/\/www.zongdamining.com\/fr\/wp-json\/wp\/v2\/types\/product"}],"replies":[{"embeddable":true,"href":"https:\/\/www.zongdamining.com\/fr\/wp-json\/wp\/v2\/comments?post=2657"}],"wp:featuredmedia":[{"embeddable":true,"href":"https:\/\/www.zongdamining.com\/fr\/wp-json\/wp\/v2\/media\/2774"}],"wp:attachment":[{"href":"https:\/\/www.zongdamining.com\/fr\/wp-json\/wp\/v2\/media?parent=2657"}],"wp:term":[{"taxonomy":"product_brand","embeddable":true,"href":"https:\/\/www.zongdamining.com\/fr\/wp-json\/wp\/v2\/product_brand?post=2657"},{"taxonomy":"product_cat","embeddable":true,"href":"https:\/\/www.zongdamining.com\/fr\/wp-json\/wp\/v2\/product_cat?post=2657"},{"taxonomy":"product_tag","embeddable":true,"href":"https:\/\/www.zongdamining.com\/fr\/wp-json\/wp\/v2\/product_tag?post=2657"}],"curies":[{"name":"WP","href":"https:\/\/api.w.org\/{rel}","templated":true}]}}