{"id":1847,"date":"2024-02-20T16:18:09","date_gmt":"2024-02-20T08:18:09","guid":{"rendered":"https:\/\/www.zongdamining.com\/?post_type=product&#038;p=1847"},"modified":"2026-01-22T11:20:30","modified_gmt":"2026-01-22T03:20:30","slug":"zusl-3x-underground-scissor-lift-utility-vehicle","status":"publish","type":"product","link":"https:\/\/www.zongdamining.com\/id\/product\/zusl-3x-underground-scissor-lift-utility-vehicle\/","title":{"rendered":"ZUSL-3X Heavy Duty Underground Scissor Lift Utility Vehicle untuk Operasi Situs Tambang Bawah Tanah"},"content":{"rendered":"<p><img fetchpriority=\"high\" decoding=\"async\" class=\"alignnone size-medium wp-image-1849\" src=\"http:\/\/www.zongdamining.com\/wp-content\/uploads\/2024\/02\/IMG_12ad311039b646459870ebc4cc82e18c-300x200.png\" alt=\"\" width=\"300\" height=\"200\" srcset=\"https:\/\/www.zongdamining.com\/wp-content\/uploads\/2024\/02\/IMG_12ad311039b646459870ebc4cc82e18c-300x200.png 300w, https:\/\/www.zongdamining.com\/wp-content\/uploads\/2024\/02\/IMG_12ad311039b646459870ebc4cc82e18c-1024x682.png 1024w, https:\/\/www.zongdamining.com\/wp-content\/uploads\/2024\/02\/IMG_12ad311039b646459870ebc4cc82e18c-768x511.png 768w, https:\/\/www.zongdamining.com\/wp-content\/uploads\/2024\/02\/IMG_12ad311039b646459870ebc4cc82e18c-600x399.png 600w, https:\/\/www.zongdamining.com\/wp-content\/uploads\/2024\/02\/IMG_12ad311039b646459870ebc4cc82e18c.png 1140w\" sizes=\"(max-width: 300px) 100vw, 300px\" \/> <img decoding=\"async\" class=\"alignnone size-medium wp-image-1850\" src=\"http:\/\/www.zongdamining.com\/wp-content\/uploads\/2024\/02\/IMG_c1c3468011f347b2aa8313b8723e807e-300x200.png\" alt=\"\" width=\"300\" height=\"200\" srcset=\"https:\/\/www.zongdamining.com\/wp-content\/uploads\/2024\/02\/IMG_c1c3468011f347b2aa8313b8723e807e-300x200.png 300w, https:\/\/www.zongdamining.com\/wp-content\/uploads\/2024\/02\/IMG_c1c3468011f347b2aa8313b8723e807e-1024x682.png 1024w, https:\/\/www.zongdamining.com\/wp-content\/uploads\/2024\/02\/IMG_c1c3468011f347b2aa8313b8723e807e-768x511.png 768w, https:\/\/www.zongdamining.com\/wp-content\/uploads\/2024\/02\/IMG_c1c3468011f347b2aa8313b8723e807e-600x399.png 600w, https:\/\/www.zongdamining.com\/wp-content\/uploads\/2024\/02\/IMG_c1c3468011f347b2aa8313b8723e807e.png 1140w\" sizes=\"(max-width: 300px) 100vw, 300px\" \/><\/p>\n<p>Kendaraan platform pengangkatan ZUSL-3X didukung oleh mesin diesel, dengan transmisi mekanis hidrolik, penggerak roda empat, mengemudi ke depan, kemudi yang diartikulasikan sepenuhnya hidrolik, sudut kemudi yang besar, memutar fleksibel, dan radius memutar kecil. Cocok untuk operasi terowongan persimpangan menengah dan memiliki karakteristik teknis berikut: \u25cf Sistem daya mengadopsi mesin polusi rendah yang didinginkan air Deutz;  \u25cf Sistem transmisi daya mengadopsi transmisi pergeseran daya DANA, poros drive DANA, dan ban tahan pemotongan pola pertambangan;  \u25cf  Rem layanan mengadopsi rem hidrolik multi disk basah; Katup pengisian MICO dan katup rem; Rem parkir mengadopsi katup arah manual untuk mengontrol rem pegas poros, memastikan keamanan dan keandalan;  \u25cf Bingkai adalah struktur yang diartikulasikan dengan kinerja yang dapat diandalkan;  \u25cf Mengadopsi taksi tertutup lebih aman dan nyaman.<\/p>\n<p>Peringatan keselamatan \u25cf Operator mesin ini harus memakai helm keselamatan dan membawa perangkat penyelamatan diri dan penambang&#8217; lampu dengan mereka ketika memasuki sumur;  \u25cf Mesin ini harus dipelihara dan diperiksa secara teratur, dan bahaya tersembunyi harus segera ditangani;  \u25cf Sangat dilarang melakukan pemeliharaan saat mesin berjalan;  \u25cf Ketika mesin sedang menjalani pemeliharaan, catu daya harus dipotong dan kata-kata &#8220; di bawah pemeliharaan, tidak memulai&#8221; harus digantung;  \u25cf  Overload dilarang di platform;  \u25cf Saat pengelasan dan pemotongan, perlu memastikan bahwa tidak ada bahan yang mudah terbakar atau peledak pada kendaraan sebelum operasi;<\/p>\n<p>\u25cf Ketika mesin berjalan dan pipa knalpot belum mendinginkan setelah mati, dilarang secara ketat untuk menyentuh permukaan pemurni knalpot dan pipa knalpot untuk menghindari cedera serius seperti luka bakar;  \u25cf Saat memperbaiki sistem hidrolik mesin ini, tekanan harus benar-benar dilegakan sebelum operasi dapat dimulai.<\/p>\n<p>1) Mesin ini cocok untuk digunakan di terowongan dengan ukuran cross-sectional 3 meter (tinggi) \u00d7 Di terowongan 3 meter (lebar) dan di atas Operasi membutuhkan pelat atas yang kuat, radius putar minimum \u2265 6,25 m di luar, dan lereng jalan \u2264 14 \u00b0, Mencari ventilasi dan drainase yang baik di tempat kerja; 2) Suhu sekitar terowongan adalah -5 \u2103 ~ 40 \u2103, dan kelembaban relatif maksimum tidak lebih dari 85% (pada suhu 25 \u2103) Jam); 3) Kandungan belerang bahan bakar yang digunakan dalam mesin ini tidak boleh melebihi 0,2%; 4) Mesin ini sangat dilarang digunakan di tempat dengan gas mudah terbakar dan ledak seperti gas dan debu batubara;<\/p>\n<p>2.1. Parameter teknis \u25cf  Beban nominal platform: 3000kg \u25cf  Tinggi platform maksimum: 5000mm \u25cf  Kecepatan mengemudi maksimum dalam gear I: 5 km\/jam Gear kedua: 11 km\/jam Gear ketiga: 26 km\/jam Gear terbalik I: 5 km\/jam Gear terbalik II: 11 km\/jam Gear ketiga terbalik: 26 km\/jam<\/p>\n<p>\u25cf  Kapasitas pendakian maksimum (beban berat): 14 \u00b0 \u25cf  Daya tarik maksimum: 80 kN \u25cf  Radius memutar: 6610 mm \u25cf  Tinggi maksimum seluruh mesin: 2210 mm \u25cf  Sudut kemudi: \u00b1 40 \u00b0 \u25cf  Minimum clearance tanah: 295 mm \u25cf  Dimensi keseluruhan (panjang \u00d7 lebar \u00d7 tinggi: 7850 mmx1800 mmx2210 mm \u25cf  Berat operasi seluruh mesin: 9500Kg 2.2. Mesin \u25cf Mesin: Mesin polusi rendah yang didinginkan air Deutz \u25cf Kekuatan nominal \/ kecepatan nominal: 115 kW \/ 2200 r \/ min \u25cf Torsi output maksimum: 750 N \u00b7 m @ 1500 r \/ min \u25cf  Metode memulai: memulai listrik \u25cf  Metode emisi knalpot: pemurnian ternari, pemurnian dan pengurangan kebisingan \u25cf  Kontrol throttle: kontroler throttle hidrolik 2.3. Sistem transmisi \u25cf Model transmisi: DANA IT20320B \u25cf Model poros drive: DANA112 Rasio kecepatan total: 23,25 \u25cf  Ban: Ban inflatable 2.4. Sistem pengereman \u25cf Pompa rem: P124ADUZA07 Perpindahan: 15.2ml \/ r \u25cf Tekanan maksimum sistem rem: 10,5 MPa \u25cf  Rem layanan: rem multi disk basah Model katup rem: GL810-244-069 Tekanan pelepasan: 69 bar \u25cf  Rem parkir: rem musim semi paket poros 2,5. Sistem kemudi \u25cf  Jenis: kemudi hidrolik yang diartikulasikan \u25cf Pompa kemudi: PB5100A331 Perpindahan: 52.7ml \/ r<\/p>\n<p>\u25cf Tekanan maksimum sistem kemudi: 16 MPa \u25cf Peralatan kemudi: BZZ-E630 \u25cf Katup stabilitas tunggal: FLD-F48W \u25cf  Diameter silinder kemudi \/ diameter batang: \u03c6 80 \/ \u03c6 45 mm 2,6. Sistem listrik \u25cf Tegangan sistem: 24V DC \u25cf Tegangan \/ daya motor mulai: 24 V \/ 6 KW \u25cf  Pencahayaan: 2 lampu depan, 2 \u00d7 42W, 24V 2 lampu belakang, 2 \u00d7 42W, 24V 2 lampu depan, 2 \u00d7 18W, 24V 2 lampu sinyal pertambangan, 24 V 1 lampu langit-langit kabin, 24 V 2.7. Volume tangki \u25cf Tangki minyak hidrolik: 120 L \u25cf Tangki bahan bakar: 120 L \u25cf Transmisi: 25 L \u25cf  Bagian transmisi utama poros drive: 17L \u00d7 dua \u25cf Bagian pengurangan roda poros drive: 3,5 L \u00d7 empat \u25cf Minyak pelumas mesin: 7.7L<\/p>","protected":false},"excerpt":{"rendered":"<p><img decoding=\"async\" class=\"alignnone size-medium wp-image-1848\" src=\"http:\/\/www.zongdamining.com\/wp-content\/uploads\/2024\/02\/IMG_1c504d5507f348d19739d33d8c1747e6-300x200.png\" alt=\"\" width=\"300\" height=\"200\" srcset=\"https:\/\/www.zongdamining.com\/wp-content\/uploads\/2024\/02\/IMG_1c504d5507f348d19739d33d8c1747e6-300x200.png 300w, https:\/\/www.zongdamining.com\/wp-content\/uploads\/2024\/02\/IMG_1c504d5507f348d19739d33d8c1747e6-1024x683.png 1024w, https:\/\/www.zongdamining.com\/wp-content\/uploads\/2024\/02\/IMG_1c504d5507f348d19739d33d8c1747e6-768x512.png 768w, https:\/\/www.zongdamining.com\/wp-content\/uploads\/2024\/02\/IMG_1c504d5507f348d19739d33d8c1747e6-600x400.png 600w, https:\/\/www.zongdamining.com\/wp-content\/uploads\/2024\/02\/IMG_1c504d5507f348d19739d33d8c1747e6.png 1140w\" sizes=\"(max-width: 300px) 100vw, 300px\" \/><\/p>\n<p>Truk platform angkat ZUSL-3X adalah peralatan platform angkat tanpa jalur yang dirancang dan diproduksi khusus untuk tambang bawah tanah.<\/p>","protected":false},"featured_media":3082,"comment_status":"closed","ping_status":"closed","template":"","meta":{"_acf_changed":false},"product_brand":[],"product_cat":[15],"product_tag":[],"class_list":{"0":"post-1847","1":"product","2":"type-product","3":"status-publish","4":"has-post-thumbnail","6":"product_cat-trackless-mining-equipment","8":"first","9":"instock","10":"shipping-taxable","11":"product-type-simple"},"acf":[],"_links":{"self":[{"href":"https:\/\/www.zongdamining.com\/id\/wp-json\/wp\/v2\/product\/1847","targetHints":{"allow":["GET"]}}],"collection":[{"href":"https:\/\/www.zongdamining.com\/id\/wp-json\/wp\/v2\/product"}],"about":[{"href":"https:\/\/www.zongdamining.com\/id\/wp-json\/wp\/v2\/types\/product"}],"replies":[{"embeddable":true,"href":"https:\/\/www.zongdamining.com\/id\/wp-json\/wp\/v2\/comments?post=1847"}],"wp:featuredmedia":[{"embeddable":true,"href":"https:\/\/www.zongdamining.com\/id\/wp-json\/wp\/v2\/media\/3082"}],"wp:attachment":[{"href":"https:\/\/www.zongdamining.com\/id\/wp-json\/wp\/v2\/media?parent=1847"}],"wp:term":[{"taxonomy":"product_brand","embeddable":true,"href":"https:\/\/www.zongdamining.com\/id\/wp-json\/wp\/v2\/product_brand?post=1847"},{"taxonomy":"product_cat","embeddable":true,"href":"https:\/\/www.zongdamining.com\/id\/wp-json\/wp\/v2\/product_cat?post=1847"},{"taxonomy":"product_tag","embeddable":true,"href":"https:\/\/www.zongdamining.com\/id\/wp-json\/wp\/v2\/product_tag?post=1847"}],"curies":[{"name":"wp","href":"https:\/\/api.w.org\/{rel}","templated":true}]}}