{"id":1844,"date":"2024-02-20T15:59:42","date_gmt":"2024-02-20T07:59:42","guid":{"rendered":"https:\/\/www.zongdamining.com\/?post_type=product&#038;p=1844"},"modified":"2026-01-27T17:14:22","modified_gmt":"2026-01-27T09:14:22","slug":"zdt105-underground-mining-truck","status":"publish","type":"product","link":"https:\/\/www.zongdamining.com\/sr\/product\/zdt105-underground-mining-truck\/","title":{"rendered":"\u0417\u0414\u0422105 \u043f\u043e\u0434\u0437\u0435\u043c\u043d\u0438 \u0440\u0443\u0434\u0430\u0440\u0441\u043a\u0438 \u043a\u0430\u043c\u0438\u043e\u043d - \u0442\u0435\u0448\u043a\u0438 \u0442\u0435\u0440\u0435\u0442\u043d\u0438 \u0437\u0433\u043b\u043e\u0431\u043d\u0438 \u0442\u0435\u0440\u0435\u0442\u043d\u0438 \u043a\u0430\u043c\u0438\u043e\u043d \u0437\u0430 \u0441\u0440\u0435\u0434\u045a\u0438 \u0432\u0435\u043b\u0438\u043a\u0438 \u043f\u043e\u0434\u0437\u0435\u043c\u043d\u0438 \u043c\u0435\u0442\u0430\u043b"},"content":{"rendered":"<p><img decoding=\"async\" class=\"alignnone size-medium wp-image-1846\" src=\"http:\/\/www.zongdamining.com\/wp-content\/uploads\/2024\/02\/IMG_7349549375f14ae2b76f60f2767f1e4c-300x109.png\" alt=\"\" width=\"300\" height=\"109\" srcset=\"https:\/\/www.zongdamining.com\/wp-content\/uploads\/2024\/02\/IMG_7349549375f14ae2b76f60f2767f1e4c-300x109.png 300w, https:\/\/www.zongdamining.com\/wp-content\/uploads\/2024\/02\/IMG_7349549375f14ae2b76f60f2767f1e4c-1024x371.png 1024w, https:\/\/www.zongdamining.com\/wp-content\/uploads\/2024\/02\/IMG_7349549375f14ae2b76f60f2767f1e4c-768x278.png 768w, https:\/\/www.zongdamining.com\/wp-content\/uploads\/2024\/02\/IMG_7349549375f14ae2b76f60f2767f1e4c-600x217.png 600w, https:\/\/www.zongdamining.com\/wp-content\/uploads\/2024\/02\/IMG_7349549375f14ae2b76f60f2767f1e4c.png 1191w\" sizes=\"(max-width: 300px) 100vw, 300px\" \/><\/p>\n<p>\u041f\u043e\u0434\u0437\u0435\u043c\u043d\u043e \u0440\u0443\u0434\u0430\u0440\u0441\u043a\u043e \u0432\u043e\u0437\u0438\u043b\u043e \u0417\u0414\u0422105 \u043f\u043e\u043a\u0440\u0435\u045b\u0435 \u0434\u0438\u0437\u0435\u043b \u043c\u043e\u0442\u043e\u0440, \u0441\u0430 \u0445\u0438\u0434\u0440\u0430\u0443\u043b\u0438\u0447\u043a\u0438\u043c \u043c\u0435\u0445\u0430\u043d\u0438\u0447\u043a\u0438\u043c \u043c\u0435\u045a\u0430\u0447\u0435\u043c, \u043f\u043e\u0433\u043e\u043d\u043e\u043c \u043d\u0430 \u0447\u0435\u0442\u0438\u0440\u0438 \u0442\u043e\u0447\u043a\u0430, \u0431\u043e\u0447\u043d\u043e\u043c \u0432\u043e\u0436\u045a\u043e\u043c, \u043a\u0430\u0440\u043e\u0441\u0435\u0440\u0438\u0458\u043e\u043c \u0437\u0430\u0434\u045a\u0435\u0433 \u043a\u0438\u043f\u0435\u0440\u0430, \u0446\u0435\u043d\u0442\u0440\u0430\u043b\u043d\u0438\u043c \u0437\u0433\u043b\u043e\u0431\u043d\u0438\u043c \u0445\u0438\u0434\u0440\u0430\u0443\u043b\u0438\u0447\u043a\u0438\u043c \u0443\u043f\u0440\u0430\u0432\u0459\u0430\u0447\u0435\u043c, \u0432\u0435\u043b\u0438\u043a\u0438\u043c \u0443\u0433\u043b\u043e\u043c \u0443\u043f\u0440\u0430\u0432\u0459\u0430\u045a\u0430, \u0444\u043b\u0435\u043a\u0441\u0438\u0431\u0438\u043b\u043d\u0438\u043c \u043e\u043a\u0440\u0435\u0442\u0430\u045a\u0435\u043c \u0438 \u043c\u0430\u043b\u0438\u043c \u0440\u0430\u0434\u0438\u0458\u0443\u0441\u043e\u043c. \u00a0\u041f\u043e\u0433\u043e\u0434\u0430\u043d \u0458\u0435 \u0437\u0430 \u0440\u0430\u0434 \u0442\u0443\u043d\u0435\u043b\u0430 \u0441\u0440\u0435\u0434\u045a\u0435\u0433 \u043f\u0440\u0435\u0441\u0435\u043a\u0430 \u0438 \u0438\u043c\u0430 \u0441\u043b\u0435\u0434\u0435\u045b\u0435 \u0442\u0435\u0445\u043d\u0438\u0447\u043a\u0435 \u043a\u0430\u0440\u0430\u043a\u0442\u0435\u0440\u0438\u0441\u0442\u0438\u043a\u0435: \u25cf \u0415\u043b\u0435\u043a\u0442\u0440\u0438\u0447\u043d\u0438 \u0441\u0438\u0441\u0442\u0435\u043c \u043f\u0440\u0438\u0445\u0432\u0430\u0442\u0430 \u0426\u0443\u043c\u043c\u0438\u043d\u0441 \u0438 \u0442\u043e\u043f \u0458\u0430\u043f\u0430\u043d\u0441\u043a\u0438 \u0438 \u043a\u0438\u043d\u0435\u0441\u043a\u0438 \u043d\u0430\u0446\u0438\u043e\u043d\u0430\u043b\u043d\u0438 \u0418\u0418\u0418 \u0432\u043e\u0434\u0435\u043d\u0438 \u0445\u043b\u0430\u0452\u0435\u043d\u0438 \u043c\u043e\u0442\u043e\u0440 \u0441\u0430 \u043d\u0438\u0441\u043a\u0438\u043c \u0437\u0430\u0433\u0430\u0452\u0435\u045a\u0435\u043c;<\/p>\n<p>\u25cf \u0421\u0438\u0441\u0442\u0435\u043c \u0437\u0430 \u043f\u0440\u0435\u043d\u043e\u0441 \u0435\u043b\u0435\u043a\u0442\u0440\u0438\u0447\u043d\u0435 \u0435\u043d\u0435\u0440\u0433\u0438\u0458\u0435 \u043f\u0440\u0438\u0445\u0432\u0430\u0442\u0430 \u043f\u0440\u0435\u043d\u043e\u0441\u0435 \u0432\u0440\u0445\u0443\u043d\u0441\u043a\u0438\u0445 \u0431\u0440\u0435\u043d\u0434\u043e\u0432\u0430, \u043f\u0440\u0435\u0442\u0432\u0430\u0440\u0430\u0447\u0435 \u043e\u0431\u0440\u0442\u043d\u043e\u0433 \u043c\u043e\u043c\u0435\u043d\u0442\u0430, \u0445\u0438\u0434\u0440\u0430\u0443\u043b\u0438\u0447\u043a\u0435 \u043e\u0441\u043e\u0432\u0438\u043d\u0435 \u043a\u043e\u0447\u043d\u0438\u0446\u0435 \u0438 \u0440\u0443\u0434\u0430\u0440\u0441\u043a\u0435 \u0433\u0443\u043c\u0435 \u043e\u0442\u043f\u043e\u0440\u043d\u0435 \u043d\u0430 \u0440\u0435\u0437\u0430\u045a\u0435;  \u25cf \u041a\u043e\u0447\u0438\u043e\u043d\u0438 \u0441\u0438\u0441\u0442\u0435\u043c \u043f\u0440\u0438\u0445\u0432\u0430\u0442\u0430 \u0443\u0432\u0435\u0437\u0435\u043d\u0438 \u041c\u0418\u0426\u041e \u0432\u0435\u043d\u0442\u0438\u043b \u0437\u0430 \u043f\u0443\u045a\u0435\u045a\u0435 \u0438 \u043a\u043e\u0447\u0438\u043e\u043d\u0438 \u0432\u0435\u043d\u0442\u0438\u043b;  \u25cf \u041e\u043a\u0432\u0438\u0440 \u0458\u0435 \u0446\u0435\u043d\u0442\u0440\u0430\u043b\u043d\u043e \u0437\u0433\u043b\u043e\u0431\u043d\u0430 \u043a\u043e\u043d\u0441\u0442\u0440\u0443\u043a\u0446\u0438\u0458\u0430, \u043f\u0440\u0438 \u0447\u0435\u043c\u0443 \u0441\u0435 \u043f\u0440\u0435\u0434\u045a\u0430 \u043e\u0441\u043e\u0432\u0438\u043d\u0430 \u0459\u0443\u0459\u0430 \u043b\u0435\u0432\u043e \u0438 \u0434\u0435\u0441\u043d\u043e \u043e\u043a\u043e \u0441\u0440\u0435\u0434\u0438\u0448\u0442\u0430 \u043e\u043a\u0432\u0438\u0440\u0430 \u043a\u0430\u043a\u043e \u0431\u0438 \u0441\u0435 \u043f\u043e\u0431\u043e\u0459\u0448\u0430\u043b\u0435 \u0443\u043a\u0443\u043f\u043d\u0435 \u043f\u0435\u0440\u0444\u043e\u0440\u043c\u0430\u043d\u0441\u0435 \u043f\u0440\u0438\u0458\u0430\u045a\u0430\u045a\u0430 \u0432\u043e\u0437\u0438\u043b\u0430;  \u25cf \u0423\u043f\u0440\u0430\u0432\u0459\u0430\u0447\u043a\u0438 \u0441\u0438\u0441\u0442\u0435\u043c \u0458\u0435 \u0445\u0438\u0434\u0440\u0430\u0443\u043b\u0438\u0447\u043a\u0438 \u0441\u0435\u0440\u0432\u043e \u0443\u043f\u0440\u0430\u0432\u0459\u0430\u0447 \u0441\u0430 \u0434\u0432\u043e\u0441\u0442\u0440\u0430\u043d\u0438\u043c \u0446\u0438\u043b\u0438\u043d\u0434\u0440\u0438\u043c\u0430 \u0443\u043f\u0440\u0430\u0432\u0459\u0430\u045a\u0430;  \u25cf \u0423\u0441\u0432\u0430\u0458\u0430\u045a\u0435 \u0437\u0430\u0442\u0432\u043e\u0440\u0435\u043d\u0435 \u0442\u0430\u043a\u0441\u0438\u0458\u0435 \u0458\u0435 \u0441\u0438\u0433\u0443\u0440\u043d\u0438\u0458\u0435 \u0438 \u0443\u0434\u043e\u0431\u043d\u0438\u0458\u0435. \u00a0\u0421\u0438\u0433\u0443\u0440\u043d\u043e\u0441\u043d\u043e \u0443\u043f\u043e\u0437\u043e\u0440\u0435\u045a\u0435 \u25cf \u041e\u043f\u0435\u0440\u0430\u0442\u043e\u0440 \u043e\u0432\u0435 \u043c\u0430\u0448\u0438\u043d\u0435 \u043c\u043e\u0440\u0430 \u043d\u043e\u0441\u0438\u0442\u0438 \u0441\u0438\u0433\u0443\u0440\u043d\u043e\u0441\u043d\u0443 \u043a\u0430\u0446\u0438\u0433\u0443 \u0438 \u0441\u0430 \u0441\u043e\u0431\u043e\u043c \u043d\u043e\u0441\u0438\u0442\u0438 \u0443\u0440\u0435\u0452\u0430\u0458 \u0437\u0430 \u0441\u0430\u043c\u043e\u0441\u043f\u0430\u0448\u0430\u0432\u0430\u045a\u0435 \u0438 \u0440\u0443\u0434\u0430\u0440\u0441\u043a\u0443 \u043b\u0430\u043c\u043f\u0443;  \u25cf \u041e\u0432\u0430 \u043c\u0430\u0448\u0438\u043d\u0430 \u0441\u0435 \u043c\u043e\u0440\u0430 \u0440\u0435\u0434\u043e\u0432\u043d\u043e \u043e\u0434\u0440\u0436\u0430\u0432\u0430\u0442\u0438 \u0438 \u043f\u0440\u0435\u0433\u043b\u0435\u0434\u0430\u0432\u0430\u0442\u0438, \u0430 \u0441\u0432\u0435 \u0441\u043a\u0440\u0438\u0432\u0435\u043d\u0435 \u043e\u043f\u0430\u0441\u043d\u043e\u0441\u0442\u0438 \u0442\u0440\u0435\u0431\u0430 \u043e\u0434\u043c\u0430\u0445 \u0440\u0435\u0448\u0438\u0442\u0438;  \u25cf \u0421\u0442\u0440\u043e\u0433\u043e \u0458\u0435 \u0437\u0430\u0431\u0440\u0430\u045a\u0435\u043d\u043e \u043e\u0434\u0440\u0436\u0430\u0432\u0430\u045a\u0435 \u0434\u043e\u043a \u043c\u0430\u0448\u0438\u043d\u0430 \u0440\u0430\u0434\u0438;  \u25cf \u041a\u0430\u0434\u0430 \u0441\u0435 \u043c\u0430\u0448\u0438\u043d\u0430 \u043e\u0434\u0440\u0436\u0430\u0432\u0430, \u043d\u0430\u043f\u0430\u0458\u0430\u045a\u0435 \u0441\u0435 \u043c\u043e\u0440\u0430 \u0438\u0441\u043a\u0459\u0443\u0447\u0438\u0442\u0438 \u0438 \u0440\u0435\u0447\u0438 8220; \u0443 \u043e\u0434\u0440\u0436\u0430\u0432\u0430\u045a\u0443, \u0431\u0435\u0437 \u0441\u0442\u0430\u0440\u0442\u0430 8221; \u043c\u043e\u0440\u0430 \u0431\u0438\u0442\u0438 \u043e\u0431\u0435\u0448\u0435\u043d;  \u25cf \u041f\u0440\u0438\u043b\u0438\u043a\u043e\u043c \u0443\u043b\u0430\u0441\u043a\u0430 \u0443 \u043c\u0430\u0448\u0438\u043d\u0443 \u0437\u0430 \u0437\u0430\u0432\u0430\u0440\u0438\u0432\u0430\u045a\u0435 \u0438 \u0441\u0435\u0447\u0435\u045a\u0435 \u043c\u043e\u0440\u0430\u0458\u0443 \u0441\u0435 \u043f\u0440\u0435\u0434\u0443\u0437\u0435\u0442\u0438 \u043c\u0435\u0440\u0435 \u0431\u0435\u0437\u0431\u0435\u0434\u043d\u043e\u0441\u0442\u0438 \u043d\u0430\u043a\u043e\u043d \u0448\u0442\u043e \u0441\u0435 \u043f\u043e\u0442\u0432\u0440\u0434\u0438 \u0434\u0430 \u043d\u0435\u043c\u0430 \u0437\u0430\u043f\u0430\u0459\u0438\u0432\u0438\u0445 \u0438\u043b\u0438 \u0435\u043a\u0441\u043f\u043b\u043e\u0437\u0438\u0432\u043d\u0438\u0445 \u043c\u0430\u0442\u0435\u0440\u0438\u0458\u0430\u043b\u0430 \u043f\u0440\u0435 \u0440\u0430\u0434\u0430;  \u25cf \u041a\u0430\u0434\u0430 \u043c\u043e\u0442\u043e\u0440 \u0440\u0430\u0434\u0438 \u0438 \u0438\u0437\u0434\u0443\u0432\u043d\u0430 \u0446\u0435\u0432 \u0441\u0435 \u043d\u0430\u043a\u043e\u043d \u0433\u0430\u0448\u0435\u045a\u0430 \u043d\u0438\u0458\u0435 \u043e\u0445\u043b\u0430\u0434\u0438\u043b\u0430, \u0441\u0442\u0440\u043e\u0433\u043e \u0458\u0435 \u0437\u0430\u0431\u0440\u0430\u045a\u0435\u043d\u043e \u0444\u0438\u0437\u0438\u0447\u043a\u0438 \u043a\u043e\u043d\u0442\u0430\u043a\u0442 \u0441\u0430 \u043f\u0440\u0435\u0447\u0438\u0448\u045b\u0438\u0432\u0430\u0447\u0435\u043c \u0438\u0437\u0434\u0443\u0432\u043d\u0438\u0445 \u0433\u0430\u0441\u043e\u0432\u0430 \u25cf \u041f\u043e\u0432\u0440\u0448\u0438\u043d\u0430 \u0438\u0437\u0434\u0443\u0432\u043d\u0435 \u0446\u0435\u0432\u0438 \u043a\u0430\u043a\u043e \u0431\u0438 \u0441\u0435 \u0438\u0437\u0431\u0435\u0433\u043b\u0435 \u043e\u0437\u0431\u0438\u0459\u043d\u0435 \u043f\u043e\u0432\u0440\u0435\u0434\u0435 \u043f\u043e\u043f\u0443\u0442 \u043e\u043f\u0435\u043a\u043e\u0442\u0438\u043d\u0430;  \u25cf \u041f\u0440\u0438\u043b\u0438\u043a\u043e\u043c \u043f\u043e\u043f\u0440\u0430\u0432\u043a\u0435 \u0445\u0438\u0434\u0440\u0430\u0443\u043b\u0438\u0447\u043a\u043e\u0433 \u0441\u0438\u0441\u0442\u0435\u043c\u0430 \u043e\u0432\u0435 \u043c\u0430\u0448\u0438\u043d\u0435 \u043f\u0440\u0438\u0442\u0438\u0441\u0430\u043a \u0441\u0435 \u043c\u043e\u0440\u0430 \u0443 \u043f\u043e\u0442\u043f\u0443\u043d\u043e\u0441\u0442\u0438 \u043e\u0441\u043b\u043e\u0431\u043e\u0434\u0438\u0442\u0438 \u043f\u0440\u0435 \u043f\u043e\u043a\u0440\u0435\u0442\u0430\u045a\u0430 \u0440\u0430\u0434\u0430.  1. \u0423\u0441\u043b\u043e\u0432\u0438 \u043f\u0440\u0438\u043c\u0435\u043d\u0435: 1) \u041e\u0432\u0430 \u043c\u0430\u0448\u0438\u043d\u0430 \u0458\u0435 \u043f\u043e\u0433\u043e\u0434\u043d\u0430 \u0437\u0430 \u0443\u043f\u043e\u0442\u0440\u0435\u0431\u0443 \u0443 \u0442\u0443\u043d\u0435\u043b\u0438\u043c\u0430 \u043f\u043e\u043f\u0440\u0435\u0447\u043d\u043e\u0433 \u043f\u0440\u0435\u0441\u0435\u043a\u0430 \u0432\u0435\u043b\u0438\u0447\u0438\u043d\u0435 3 \u043c\u0435\u0442\u0440\u0430 (\u0432\u0438\u0441\u0438\u043d\u0435) \u00d7 \u0420\u0430\u0434\u0435\u045b\u0438 \u0443 \u0442\u0443\u043d\u0435\u043b\u0438\u043c\u0430 \u0448\u0438\u0440\u0438\u043d\u0435 3,5 \u043c\u0435\u0442\u0430\u0440\u0430 \u0438\u043b\u0438 \u0432\u0438\u0448\u0435, \u043a\u0440\u043e\u0432 \u043c\u043e\u0440\u0430 \u0431\u0438\u0442\u0438 \u0447\u0432\u0440\u0441\u0442, \u043c\u0438\u043d\u0438\u043c\u0430\u043b\u043d\u0438 \u0440\u0430\u0434\u0438\u0458\u0443\u0441 \u043e\u043a\u0440\u0435\u0442\u0430\u045a\u0430 \u0441\u043f\u043e\u0459\u0430 \u0442\u0440\u0435\u0431\u0430 \u0434\u0430 \u0431\u0443\u0434\u0435 \u2265 4,6 \u043c\u0435\u0442\u0430\u0440\u0430, \u043d\u0430\u0433\u0438\u0431 \u043f\u0443\u0442\u0430 \u0442\u0440\u0435\u0431\u0430 \u0434\u0430 \u0431\u0443\u0434\u0435 \u2264 14 \u00b0, \u0430 \u0440\u0430\u0434\u043d\u043e \u043c\u0435\u0441\u0442\u043e \u0442\u0440\u0435\u0431\u0430 \u0434\u0430 \u0438\u043c\u0430 \u0434\u043e\u0431\u0440\u0443 \u0432\u0435\u043d\u0442\u0438\u043b\u0430\u0446\u0438\u0458\u0443 \u0438 \u043e\u0434\u0432\u043e\u0434\u045a\u0443; \u00a02) \u0442\u0435\u043c\u043f\u0435\u0440\u0430\u0442\u0443\u0440\u0430 \u043e\u043a\u043e\u043b\u0438\u043d\u0435 \u0442\u0443\u043d\u0435\u043b\u0430 \u0458\u0435 -5 \u2103 \u0434\u043e 40 \u2103, \u0430 \u043c\u0430\u043a\u0441\u0438\u043c\u0430\u043b\u043d\u0430 \u0440\u0435\u043b\u0430\u0442\u0438\u0432\u043d\u0430 \u0432\u043b\u0430\u0433\u0430 \u043d\u0438\u0458\u0435 \u0432\u0435\u045b\u0430 \u043e\u0434 85 (\u043d\u0430 \u0442\u0435\u043c\u043f\u0435\u0440\u0430\u0442\u0443\u0440\u0438 \u043e\u0434 25 \u2103); \u00a03) \u043d\u0430\u0434\u043c\u043e\u0440\u0441\u043a\u0430 \u0432\u0438\u0441\u0438\u043d\u0430 \u043b\u043e\u043a\u0430\u0446\u0438\u0458\u0435 \u0437\u0430 \u0443\u043f\u043e\u0442\u0440\u0435\u0431\u0443 \u043d\u0435 \u0441\u043c\u0435 \u0431\u0438\u0442\u0438 \u0432\u0435\u045b\u0430 \u043e\u0434 1000 \u043c\u0435\u0442\u0430\u0440\u0430, \u0430 \u0441\u043d\u0430\u0433\u0430 \u0441\u0435 \u0441\u043c\u0430\u045a\u0443\u0458\u0435 \u0437\u0430 \u0443\u043f\u043e\u0442\u0440\u0435\u0431\u0443 \u0443 \u043e\u043a\u0440\u0443\u0436\u0435\u045a\u0438\u043c\u0430 \u0432\u0435\u043b\u0438\u043a\u0435 \u0432\u0438\u0441\u0438\u043d\u0435 \u0441\u0430 \u043d\u0430\u0434\u043c\u043e\u0440\u0441\u043a\u043e\u043c \u0432\u0438\u0441\u0438\u043d\u043e\u043c \u0432\u0435\u045b\u043e\u043c \u043e\u0434 1000 \u043c\u0435\u0442\u0430\u0440\u0430; \u00a04) \u0421\u0430\u0434\u0440\u0436\u0430\u0458 \u0441\u0443\u043c\u043f\u043e\u0440\u0430 \u0443 \u0433\u043e\u0440\u0438\u0432\u0443 \u043a\u043e\u0458\u0435 \u0441\u0435 \u043a\u043e\u0440\u0438\u0441\u0442\u0438 \u0443 \u043e\u0432\u043e\u0458 \u043c\u0430\u0448\u0438\u043d\u0438 \u043d\u0435 \u0441\u043c\u0435 \u0431\u0438\u0442\u0438 \u0432\u0435\u045b\u0438 \u043e\u0434 0,2; \u00a0\u041e\u0432\u0430 \u043c\u0430\u0448\u0438\u043d\u0430 \u0458\u0435 \u0441\u0442\u0440\u043e\u0433\u043e \u0437\u0430\u0431\u0440\u0430\u045a\u0435\u043d\u0430 \u0434\u0430 \u0441\u0435 \u043a\u043e\u0440\u0438\u0441\u0442\u0438 \u043d\u0430 \u043c\u0435\u0441\u0442\u0438\u043c\u0430 \u0441\u0430 \u0437\u0430\u043f\u0430\u0459\u0438\u0432\u0438\u043c \u0438 \u0435\u043a\u0441\u043f\u043b\u043e\u0437\u0438\u0432\u043d\u0438\u043c \u0433\u0430\u0441\u043e\u0432\u0438\u043c\u0430 \u043a\u0430\u043e \u0448\u0442\u043e \u0441\u0443 \u0433\u0430\u0441 \u0438 \u0443\u0433\u0459\u0435\u043d\u0430 \u043f\u0440\u0430\u0448\u0438\u043d\u0430;<\/p>\n<p>2.1.\nTechnical parameters \u25cf Rated load capacity: 5 tons \u25cf Bucket capacity (stacking): 3 meters \u00b3 \u25cf Maximum driving speed in gear I: 5.8 km\/h Second gear: 20 km\/\nh \u25cf Vehicle lifting time: 12 seconds \u25cf Car box descent time: 9 seconds \u25cf Maximum climbing capacity (heavy load): 25% \u25cf Maximum traction force: 40 kN \u25cf Turning\n radius: Inner side 3350 mm Outer 5600 mm \u25cf Maximum height of the machine during unloading: 3400 mm \u25cf Maximum unloading angle: 42 \u00b0 \u25cf Steering angle: \u00b1 40 \u00b0\n \u25cf Minimum ground clearance: 300 mm \u25cf External dimensions (length \u00d7 wide \u00d7 Height): 6500 mm \u00d7 1800 mm \u00d7 1800 mm \u25cf Operating weight of the whole machine: \n8.5 t<\/p>\n<p>2.2.\nEngine \u25cfEngine: Cummins National III water-cooled low pollution engine \u25cfRated power\/rated speed: 80 kW\/2200 r\/min \u25cfMaximum output torque: 480 N \u00b7 m @ 1500 r\/\nmin 2.3. \nTransmission system \u25cf Transmission model: ZL15 Speed ratio: F1: 2.16, F2: 0.77; R1:2.21, R2:0.785 \u25cf Drive axle model: DANA112 \u25cf Total speed ratio: 23.25 \u25cf Tires\n: 9.00-20 inflatable tires 2.4. \nBraking system \u25cfBrake pump: CBLZ2040\/0016, displacement: 16ml\/r \u25cfMaximum pressure of braking system: 16 MPa \u25cf Driving brake: Wet multi disc hydraulic brake \u25cfBrake valve model: MICO\n 03-460 \u25cfRelease pressure: 6.9 bar \u25cf Parking brake: Spring brake on the drive axle \u25cfSpring brake, hydraulic release brake \u25cfPark brake valve model: RA3\/3\/2\/G-\n3 2.5. \nSteering system \u25cf Type: Central articulated, hydraulic steering \u25cfSteering working pump: CBLZ2040\/0016 \u25cfDisplacement: 40ml\/r \u25cf Maximum pressure of steering system: 14 MPa \u25cfSteering gear: BZZ-400\n \u25cfPriority valve: YXZ-F160<\/p>\n<p>\u25cf Steering cylinder diameter\/rod diameter \u00d7 Number of cylinders: \u03c6 80\/ \u03c6 45 mm \u00d7 two 2.6.\nWorking System \u25cf Working multi way valve: SN-4\/1S \u25cf Lift cylinder diameter\/rod diameter \u00d7 Number of cylinders: \u03c6 100\/ \u03c6 55 mm \u00d7 two \u25cfMaximum pressure of \nthe working system: 16MPa 2.7. \nElectrical system \u25cfSystem voltage: 24V DC \u25cfStarting motor voltage\/power: 24V\/6kW \u25cfLighting: 2 front headlights, 2 \u00d7 45W, 24V 2 rear headlights, 2 \u00d7 45W, 24V \n2 mining signal lights, 24V 1 cab ceiling light, 24V 2.8. \nFuel tank capacity \u25cfHydraulic oil tank: 120 L \u25cfFuel tank: 120 L \u25cfTransmission gear oil: 28 L \u25cf Drive axle main transmission part: 12L \u00d7 two \u25cfDrive axle \nwheel reduction part: 3.5 L \u00d7 four \u25cfEngine lubricating oil (engine oil): 28L \u25cfEngine coolant: 18L<\/p>","protected":false},"excerpt":{"rendered":"<p><img fetchpriority=\"high\" decoding=\"async\" class=\"alignnone size-medium wp-image-1845\" src=\"http:\/\/www.zongdamining.com\/wp-content\/uploads\/2024\/02\/IMG_fe65e384c25c43dd9b6259acb07db516-300x194.png\" alt=\"\" width=\"300\" height=\"194\" srcset=\"https:\/\/www.zongdamining.com\/wp-content\/uploads\/2024\/02\/IMG_fe65e384c25c43dd9b6259acb07db516-300x194.png 300w, https:\/\/www.zongdamining.com\/wp-content\/uploads\/2024\/02\/IMG_fe65e384c25c43dd9b6259acb07db516-1024x663.png 1024w, https:\/\/www.zongdamining.com\/wp-content\/uploads\/2024\/02\/IMG_fe65e384c25c43dd9b6259acb07db516-768x497.png 768w, https:\/\/www.zongdamining.com\/wp-content\/uploads\/2024\/02\/IMG_fe65e384c25c43dd9b6259acb07db516-600x388.png 600w, https:\/\/www.zongdamining.com\/wp-content\/uploads\/2024\/02\/IMG_fe65e384c25c43dd9b6259acb07db516.png 1339w\" sizes=\"(max-width: 300px) 100vw, 300px\" \/><\/p>\n<p>\u041f\u043e\u0434\u0437\u0435\u043c\u043d\u043e \u0440\u0443\u0434\u0430\u0440\u0441\u043a\u043e \u0432\u043e\u0437\u0438\u043b\u043e \u0417\u0414\u0422105 \u0458\u0435 \u0440\u0443\u0434\u0430\u0440\u0441\u043a\u0430 \u043e\u043f\u0440\u0435\u043c\u0430 \u0431\u0435\u0437 \u0442\u0440\u0430\u0433\u043e\u0432\u0430 \u0434\u0438\u0437\u0430\u0458\u043d\u0438\u0440\u0430\u043d\u0430 \u0438 \u043f\u0440\u043e\u0438\u0437\u0432\u0435\u0434\u0435\u043d\u0430 \u043f\u043e\u0441\u0435\u0431\u043d\u043e \u0437\u0430 \u043f\u043e\u0434\u0437\u0435\u043c\u043d\u0435 \u0440\u0443\u0434\u043d\u0438\u043a\u0435.<\/p>","protected":false},"featured_media":3161,"comment_status":"closed","ping_status":"closed","template":"","meta":{"_acf_changed":false},"product_brand":[],"product_cat":[15],"product_tag":[],"class_list":{"0":"post-1844","1":"product","2":"type-product","3":"status-publish","4":"has-post-thumbnail","6":"product_cat-trackless-mining-equipment","8":"first","9":"instock","10":"shipping-taxable","11":"product-type-simple"},"acf":[],"_links":{"self":[{"href":"https:\/\/www.zongdamining.com\/sr\/wp-json\/wp\/v2\/product\/1844","targetHints":{"allow":["GET"]}}],"collection":[{"href":"https:\/\/www.zongdamining.com\/sr\/wp-json\/wp\/v2\/product"}],"about":[{"href":"https:\/\/www.zongdamining.com\/sr\/wp-json\/wp\/v2\/types\/product"}],"replies":[{"embeddable":true,"href":"https:\/\/www.zongdamining.com\/sr\/wp-json\/wp\/v2\/comments?post=1844"}],"wp:featuredmedia":[{"embeddable":true,"href":"https:\/\/www.zongdamining.com\/sr\/wp-json\/wp\/v2\/media\/3161"}],"wp:attachment":[{"href":"https:\/\/www.zongdamining.com\/sr\/wp-json\/wp\/v2\/media?parent=1844"}],"wp:term":[{"taxonomy":"product_brand","embeddable":true,"href":"https:\/\/www.zongdamining.com\/sr\/wp-json\/wp\/v2\/product_brand?post=1844"},{"taxonomy":"product_cat","embeddable":true,"href":"https:\/\/www.zongdamining.com\/sr\/wp-json\/wp\/v2\/product_cat?post=1844"},{"taxonomy":"product_tag","embeddable":true,"href":"https:\/\/www.zongdamining.com\/sr\/wp-json\/wp\/v2\/product_tag?post=1844"}],"curies":[{"name":"\u0432\u043f","href":"https:\/\/api.w.org\/{rel}","templated":true}]}}