{"id":1833,"date":"2024-02-20T11:01:02","date_gmt":"2024-02-20T03:01:02","guid":{"rendered":"https:\/\/www.zongdamining.com\/?post_type=product&#038;p=1833"},"modified":"2026-01-22T11:10:05","modified_gmt":"2026-01-22T03:10:05","slug":"zdt210-underground-mining-truck","status":"publish","type":"product","link":"https:\/\/www.zongdamining.com\/sw\/product\/zdt210-underground-mining-truck\/","title":{"rendered":"ZDT210 Chini ya ardhi Madini Lori High Utendaji Chini ya ardhi Dump Lori"},"content":{"rendered":"<p><img fetchpriority=\"high\" decoding=\"async\" class=\"alignnone size-medium wp-image-1834\" src=\"http:\/\/www.zongdamining.com\/wp-content\/uploads\/2024\/02\/1708396827870-300x200.png\" alt=\"\" width=\"300\" height=\"200\" srcset=\"https:\/\/www.zongdamining.com\/wp-content\/uploads\/2024\/02\/1708396827870-300x200.png 300w, https:\/\/www.zongdamining.com\/wp-content\/uploads\/2024\/02\/1708396827870-768x511.png 768w, https:\/\/www.zongdamining.com\/wp-content\/uploads\/2024\/02\/1708396827870-600x400.png 600w, https:\/\/www.zongdamining.com\/wp-content\/uploads\/2024\/02\/1708396827870.png 856w\" sizes=\"(max-width: 300px) 100vw, 300px\" \/><\/p>\n<p>ZDT210 Underground Mining Truck ni vifaa vya usafirishaji vya trackless vilivyoundwa na kutengenezwa hasa kwa ajili ya migodi ya chini ya ardhi. Hasa kutumika kwa kushirikiana na scrapers katika kuchimba chini ya ardhi na shughuli za madini. Usafirishaji wa madini na vifaa mbalimbali unaweza kuboresha ufanisi wa uendeshaji na ni vifaa muhimu kwa ajili ya kufikia madini ya trackless. ZDT210 Chini ya ardhi Madini Lori ni powered na injini ya dizeli, na hydraulic mitambo maambukizi, magurudumu nne gari, upande kuendesha gari, nyuma dump lori mwili, katikati articulated hydraulic steering, kubwa steering angle, kubadilika kugeuka, na radius ndogo. Ni sahihi kwa ajili ya shughuli ya kitengo cha katikati na ina sifa zifuatazo za kiufundi:<\/p>\n<p>\u25cf  Mfumo wa nguvu inachukua injini ya uchafuzi wa chini ya maji ya Deutz;  \u25cf  Mfumo wa maambukizi ya nguvu unatumia maambukizi ya gear ya DANA, spring brake hydraulic release drive axle, na matairi ya kukata sugu ya madini;;  \u25cf  Breki ya kuendesha gari inachukua breki ya kutolewa ya hydraulic ya diski nyingi za spring; MICO kujaza valve na breki valve; Breki ya maegesho inachukua breki ya spring kwenye gari la gari kwa ajili ya braking;  \u25cf  sura inachukua muundo wa kati hinged rotary kuboresha utendaji adhesion ya mashine nzima;  \u25cf  Mfumo wa kuendesha ni mfumo wa kuendesha umeme wa hydraulic na silinda mbili za kuendesha;  \u25cf  Nyuma dump lori, rahisi kwa ajili ya kutupa madini na vifaa. Onyo la usalama \u25cf  Mendeshaji wa mashine hii lazima avae kioo cha usalama na kubeba kifaa cha kujiokoa na taa ya madini pamoja nao wakati wa kuingia kwenye kisima;  \u25cf  Mashine hii lazima mara kwa mara kudumishwa na kukaguliwa, na hatari yoyote siri lazima kushughulikiwa haraka;  \u25cf  Ni marufuku sana kufanya matengenezo wakati mashine ni katika kazi;  \u25cf  Wakati mashine ni kupitia matengenezo, nguvu lazima kukatwa na maneno &#8220; chini ya matengenezo, hakuna kuanza&#8221; Lazima imewekwa;  \u25cf  Wakati wa kufanya matengenezo chini ya mwili wa gari iliyoinuliwa, mwili wa gari lazima uwe na msaada imara na wa kuaminika;  \u25cf  Wakati wa kuingia mashine kwa ajili ya kulehemu na kukata, hatua za usalama lazima kuchukuliwa baada ya kuthibitisha kwamba hakuna vifaa vya moto au mlipuko zilizopo Tu kwa hatua kamili inaweza kufanywa shughuli;<\/p>\n<p>\u25cf  Wakati injini ni kuendesha na bomba ya utoaji si baridi chini baada ya kufunga, ni kikamilifu marufuku kuwa na mawasiliano ya kimwili na muffler \u25cf  uso wa bomba la kutoa ili kuepuka majeraha makubwa kama vile kuchoma;  \u25cf  Wakati wa kukarabati mfumo wa hydraulic wa mashine hii, shinikizo lazima kabisa relieved kabla ya kuanza operesheni. Masharti ya maombi: 1) Mashine hii ni sahihi kwa ajili ya matumizi katika mitoro na ukubwa wa msalaba wa 3m (juu) \u00d7 Katika mitoro ya mita 3.5 (upana) na juu. Inahitaji sahani ya juu imara, kiwango cha chini cha kugeuka radius ya \u2265 7.3 m nje, na mtiririko wa barabara wa \u2264 14 \u00b0, hewa nzuri na maji ya maji mahali pa kazi; 2) Joto la tunnel ni -5 \u2103 kwa 40 \u2103, na unyevu wa juu wa jamaa si zaidi ya 85% (joto katika 25 \u2103) Muda); 3) Urefu wa eneo la matumizi hauwezi kuzidi mita 1000, na katika eneo la milima na urefu kuzidi mita 1000, kupunguza nguvu inahitajika kwa matumizi; 4) Maudhui ya sulfuri ya mafuta kutumika katika mashine hii haitakuwa kuzidi 0.2%; 5) Mashine hii ni makali marufuku kutumika katika maeneo na gesi moto na mlipuko kama vile gesi na vumbi makaa ya mawe;<\/p>\n<p>2.1. vigezo kiufundi \u25cf Rated mzigo uwezo: 10t (mzigo kamili) \u25cf  Uwezo wa bucket (stacking): 5 m \u00b3 \u25cf  Kiwango cha juu cha kasi ya kuendesha gari mbele \/ nyuma gear I: 5.00 km \/ h \u25cf Mbele \/ nyuma gear II: 9.70 km \/ h \u25cf Mbele \/ nyuma gear III: 21.60km \/ h \u25cf Mbele IV gear: 28.90km \/ h \u25cf Muda wa kuinua gari: sekunde 13 \u25cf Muda wa kushuka kwa sanduku la gari: sekunde 10 \u25cf Uwezo wa juu wa kupanda (mzigo mzito): 25% \u25cf Nguvu ya juu ya kuvutia: 100 kN \u25cf Kugeuka radius: Ndani 4500 mm<\/p>\n<p>\u25cf Urefu wa juu wa mashine wakati wa unloading: 3875mm \u25cf Maximum unloading angle: 65 \u00b0 \u25cf Anga ya kuendesha: \u00b1 40 \u00b0 \u25cf Kiwango cha chini cha usafirishaji wa ardhi: 296 mm \u25cf Vipimo vya nje L \u00d7 W \u00d7 H: 8031 mm \u00d7 1900mm \u00d7 2230 mm (\u00b1 100) \u25cf Uzito wa uendeshaji wa mashine nzima: tani 13.5 2.2. Injini \u25cf Injini: Deutz BF6L914 hewa baridi injini \u25cf Nguvu iliyopimwa \/ kasi iliyopimwa: 112 kW \/ 2300 r \/ min \u25cf  Njia ya kuanza: umeme kuanza \u25cf  Njia ya utakaso wa gesi ya kutokwa: Njia ya utakaso wa catalytic \u25cf  Udhibiti wa Accelerator: Hydraulic throttle controller 2.3. Mfumo wa uhamisho \u25cf Mfano wa uhamisho: DANA R32420 \u25cf Mfano wa kubadilisha torque: DANA C273.7 \u25cf Mfano wa gari la gari: 15T \u25cf Uwiano wa mwisho wa gari: 5.286 \u25cf Uwiano wa kasi ya magurudumu: 4.94 \u25cf Jumla ya kasi uwiano: 26.11 \u25cf  Matairi: 14.00 matairi inflatable 2.4. Mfumo wa braking (mtengenezaji maarufu wa ndani) \u25cf Pampu ya breki: CBLZ632016 \u25cf Uhamiaji: 16ml \/ r \u25cf Shinikizo la juu la mfumo wa braking: 16 MPa \u25cf  Kuendesha breki: Wet multi disk spring breki \u25cf Mfano wa valve ya breki: MICO<\/p>\n<p>\u25cf Shinikizo la kutolewa: 103 bar \u25cf  Breki ya maegesho: Breki ya spring kwenye gari la gari \u25cf Spring breki, hydraulic kutolewa breki \u25cf Park breki valve mfano: RA3\/3\/2\/G-3 2.5. Mfumo wa kuendesha (mtengenezaji maarufu wa ndani) \u25cf  Aina: Central rotary hinge, hydraulic steering \u25cf Pampu ya kazi ya kuendesha: CBLZ632016 \u25cf Uhamiaji: 63ml \/ r \u25cf  Shinikizo la juu la mfumo wa kuendesha: 14 MPa \u25cf Gea ya kuendesha: BZZ-1000 \u25cf Valve ya kipaumbele: YXZ-F250 \u25cf  Ukubwa wa silinda ya kuendesha \/ ukubwa wa fimbo \u00d7 Idadi ya silinda: \u03c6 100 \/ \u03c6 55 mm \u00d7 mbili 2.6. Mfumo wa Kazi \u25cf  Kufanya kazi mwelekeo valve: SN-6 \u25cf  Lift silinda kipenyo \/ fimbo kipenyo \u00d7 Idadi ya silinda: \u03c6 160 \/ \u03c6 70mm \u00d7 mbili \u25cf Shinikizo la juu la mfumo wa kazi: 16MPa 2.7. Mfumo wa umeme \u25cf Mfumo voltage: 24V DC \u25cf Kuanza motor voltage \/ nguvu: 24V \/ 6kW \u25cf Taa: 6 mataa ya mbele, 2 \u00d7 75W, 24V \u25cf1  Mwanga wa nyuma, 2 \u00d7 75W, 24V \u25cf Taa mbili za upande, mbili \u00d7 75W, 24V \u25cf2  taa ishara ya madini, 24V \u25cf1  mwanga wa sufu ya cab, 24V 2.8. Uwezo wa tanki ya mafuta \u25cf Tanki ya mafuta ya hydraulic: 180 L \u25cf Tanki ya mafuta: 180 L<\/p>\n<p>\u25cf Usafirishaji: 28L \u25cf  Drive axle kuu maambukizi sehemu: 17L \u00d7 mbili \u25cf Drive axle gurudumu kupunguza sehemu: 3.5 L \u00d7 nne \u25cf Mafuta ya mafuta ya injini: 28L<\/p>","protected":false},"excerpt":{"rendered":"<p><img decoding=\"async\" class=\"alignnone size-medium wp-image-1835\" src=\"http:\/\/www.zongdamining.com\/wp-content\/uploads\/2024\/02\/1708396982595-300x200.png\" alt=\"\" width=\"300\" height=\"200\" srcset=\"https:\/\/www.zongdamining.com\/wp-content\/uploads\/2024\/02\/1708396982595-300x200.png 300w, https:\/\/www.zongdamining.com\/wp-content\/uploads\/2024\/02\/1708396982595.png 548w\" sizes=\"(max-width: 300px) 100vw, 300px\" \/><\/p>\n<p>Lori za madini za chini ya ardhi ni magari muhimu katika sekta ya madini, yanayotumiwa kusafirisha vifaa na vifaa vya chini ya ardhi.<\/p>","protected":false},"featured_media":3074,"comment_status":"closed","ping_status":"closed","template":"","meta":{"_acf_changed":false},"product_brand":[],"product_cat":[15],"product_tag":[],"class_list":{"0":"post-1833","1":"product","2":"type-product","3":"status-publish","4":"has-post-thumbnail","6":"product_cat-trackless-mining-equipment","8":"first","9":"instock","10":"shipping-taxable","11":"product-type-simple"},"acf":[],"_links":{"self":[{"href":"https:\/\/www.zongdamining.com\/sw\/wp-json\/wp\/v2\/product\/1833","targetHints":{"allow":["GET"]}}],"collection":[{"href":"https:\/\/www.zongdamining.com\/sw\/wp-json\/wp\/v2\/product"}],"about":[{"href":"https:\/\/www.zongdamining.com\/sw\/wp-json\/wp\/v2\/types\/product"}],"replies":[{"embeddable":true,"href":"https:\/\/www.zongdamining.com\/sw\/wp-json\/wp\/v2\/comments?post=1833"}],"wp:featuredmedia":[{"embeddable":true,"href":"https:\/\/www.zongdamining.com\/sw\/wp-json\/wp\/v2\/media\/3074"}],"wp:attachment":[{"href":"https:\/\/www.zongdamining.com\/sw\/wp-json\/wp\/v2\/media?parent=1833"}],"wp:term":[{"taxonomy":"product_brand","embeddable":true,"href":"https:\/\/www.zongdamining.com\/sw\/wp-json\/wp\/v2\/product_brand?post=1833"},{"taxonomy":"product_cat","embeddable":true,"href":"https:\/\/www.zongdamining.com\/sw\/wp-json\/wp\/v2\/product_cat?post=1833"},{"taxonomy":"product_tag","embeddable":true,"href":"https:\/\/www.zongdamining.com\/sw\/wp-json\/wp\/v2\/product_tag?post=1833"}],"curies":[{"name":"ya WP","href":"https:\/\/api.w.org\/{rel}","templated":true}]}}