{"id":1844,"date":"2024-02-20T15:59:42","date_gmt":"2024-02-20T07:59:42","guid":{"rendered":"https:\/\/www.zongdamining.com\/?post_type=product&#038;p=1844"},"modified":"2026-01-27T17:14:22","modified_gmt":"2026-01-27T09:14:22","slug":"zdt105-underground-mining-truck","status":"publish","type":"product","link":"https:\/\/www.zongdamining.com\/sw\/product\/zdt105-underground-mining-truck\/","title":{"rendered":"ZDT105 Underground Mining Truck  Heavy-Duty Articulated Dump Truck kwa ajili ya Medium-Large Underground Metal"},"content":{"rendered":"<p><img decoding=\"async\" class=\"alignnone size-medium wp-image-1846\" src=\"http:\/\/www.zongdamining.com\/wp-content\/uploads\/2024\/02\/IMG_7349549375f14ae2b76f60f2767f1e4c-300x109.png\" alt=\"\" width=\"300\" height=\"109\" srcset=\"https:\/\/www.zongdamining.com\/wp-content\/uploads\/2024\/02\/IMG_7349549375f14ae2b76f60f2767f1e4c-300x109.png 300w, https:\/\/www.zongdamining.com\/wp-content\/uploads\/2024\/02\/IMG_7349549375f14ae2b76f60f2767f1e4c-1024x371.png 1024w, https:\/\/www.zongdamining.com\/wp-content\/uploads\/2024\/02\/IMG_7349549375f14ae2b76f60f2767f1e4c-768x278.png 768w, https:\/\/www.zongdamining.com\/wp-content\/uploads\/2024\/02\/IMG_7349549375f14ae2b76f60f2767f1e4c-600x217.png 600w, https:\/\/www.zongdamining.com\/wp-content\/uploads\/2024\/02\/IMG_7349549375f14ae2b76f60f2767f1e4c.png 1191w\" sizes=\"(max-width: 300px) 100vw, 300px\" \/><\/p>\n<p>Gari la madini la chini ya ardhi la ZDT105 linatumiwa na injini ya dizeli, na maambukizi ya mitambo ya hydraulic, gari la magurudumu manene, kuendesha gari upande, mwili wa lori la nyuma, kuendesha hydraulic ya kati, pembe kubwa ya kuendesha, kugeuka kubadilika, na radius ndogo. Ni sahihi kwa ajili ya shughuli ya kitengo cha katikati na ina sifa zifuatazo za kiufundi: \u25cf Mfumo wa nguvu inatumia Cummins na Juu Kijapani na Kichina Taifa III watercooled chini ya uchafuzi injini;<\/p>\n<p>\u25cf Mfumo wa uhamisho wa nguvu unatumia uhamisho wa juu wa bidhaa, mabadiliko ya torque, axils za gari la breki ya hydraulic, na matairi ya kukata sugu ya madini;  \u25cf Mfumo wa braking inachukua kuagizwa MICO kujaza valve na brake valve;  \u25cf sura ni muundo katikati hinged, na mbele axle swinging kushoto na kulia karibu na katikati ya sura kuboresha utendaji wa jumla adhesion ya gari;  \u25cf Mfumo wa kuendesha ni mfumo wa kuendesha umeme wa hydraulic na silinda mbili za kuendesha;  \u25cf Kuchukua kabini iliyofungwa ni salama na starehe zaidi. Onyo la usalama \u25cf Mendeshaji wa mashine hii lazima avae kioo cha usalama na kubeba kifaa cha kujiokoa na taa ya madini pamoja nao wakati wa kuingia kwenye kisima;  \u25cf Mashine hii lazima mara kwa mara kudumishwa na kukaguliwa, na hatari yoyote siri lazima kushughulikiwa haraka;  \u25cf Ni marufuku sana kufanya matengenezo wakati mashine ni katika kazi;  \u25cf Wakati mashine ni kupitia matengenezo, nguvu lazima kukatwa na maneno &#8220; chini ya matengenezo, hakuna kuanza&#8221; Lazima imewekwa;  \u25cf Wakati wa kuingia mashine kwa ajili ya kulehemu na kukata, hatua za usalama lazima kuchukuliwa baada ya kuthibitisha kwamba hakuna vifaa vya moto au mlipuko kabla ya operesheni;  \u25cf Wakati injini ni kuendesha na bomba ya utoaji si baridi chini baada ya kufunga, ni kikamilifu marufuku kuwa na mawasiliano ya kimwili na utoaji purifier \u25cf uso wa bomba la kutoa ili kuepuka majeraha makubwa kama vile kuchoma;  \u25cf Wakati wa kukarabati mfumo wa hydraulic wa mashine hii, shinikizo lazima kabisa relieved kabla ya kuanza operesheni.  1. Masharti ya maombi: 1) Mashine hii ni sahihi kwa ajili ya matumizi katika tunnels na ukubwa wa msalaba-sehemu ya mita 3 (urefu) \u00d7 Kufanya kazi katika tunnels na upana wa mita 3.5 au zaidi, paa lazima kuwa imara, chini ya kugeuka radius nje inapaswa kuwa \u2265 mita 4.6, mtiririko barabara inapaswa kuwa \u2264 14 \u00b0, na mahali pa kazi lazima kuwa na hewa nzuri na maji; 2) Joto la mazingira ya tunnel ni -5 \u2103 kwa 40 \u2103, na unyevu wa juu wa jamaa si zaidi ya 85% (katika joto la 25 \u2103); 3) Urefu wa eneo la matumizi hauwezi kuzidi mita 1000, na nguvu itapunguzwa kwa matumizi katika mazingira ya urefu mkubwa na urefu kuzidi mita 1000; 4) Maudhui ya sulfuri ya mafuta kutumika katika mashine hii haitakuwa kuzidi 0.2%; Mashine hii ni makali marufuku kutumika katika maeneo na gesi moto na mlipuko kama vile gesi na vumbi makaa ya mawe;<\/p>\n<p>2.1. vigezo kiufundi \u25cf  Uwezo wa mzigo: tani 5 \u25cf  Uwezo wa bucket (stacking): mita 3 \u00b3 \u25cf  Kiwango cha juu cha kuendesha gari katika gear I: 5.8 km \/ h Gear ya pili: 20 km \/ h \u25cf  Muda wa kuinua gari: sekunde 12 \u25cf  Muda wa kushuka kwa sanduku la gari: sekunde 9 \u25cf  Uwezo wa juu wa kupanda (mzigo mzito): 25% \u25cf  Nguvu ya juu ya kuvutia: 40 kN \u25cf  Kugeuka radius: upande wa ndani 3350 mm nje 5600 mm \u25cf  Urefu wa juu wa mashine wakati wa unloading: 3400 mm \u25cf  Maximum unloading angle: 42 \u00b0 \u25cf  Anga ya kuendesha: \u00b1 40 \u00b0 \u25cf  Kiwango cha chini cha usafirishaji wa ardhi: 300 mm \u25cf  Vipimo vya nje (urefu \u00d7 pana \u00d7 urefu): 6500 mm \u00d7 1800 mm \u00d7 1800 mm \u25cf  Uzito wa uendeshaji wa mashine nzima: 8.5 t<\/p>\n<p>2.2. Injini \u25cf Injini: Cummins National III maji baridi chini ya uchafuzi injini \u25cf Nguvu iliyopimwa \/ kasi iliyopimwa: 80 kW \/ 2200 r \/ min \u25cf Maximum pato torque: 480 N \u00b7 m @ 1500 r \/ dakika 2.3. Mfumo wa uhamisho \u25cf  Mfano wa uhamisho: ZL15 Uwiano wa kasi: F1: 2.16, F2: 0.77;  R1:2.21, R2:0.785  \u25cf  Mfano wa gari la gari: DANA112 \u25cf  Jumla ya kasi uwiano: 23.25 \u25cf  Matairi: 9.00-20 matairi inflatable 2.4. Mfumo wa braking \u25cf Pampu ya breki: CBLZ2040\/0016, uhamisho: 16ml \/ r \u25cf Shinikizo la juu la mfumo wa braking: 16 MPa \u25cf  Kuendesha breki: Wet multi disk hydraulic breki \u25cf Mfano wa valve ya breki: MICO 03-460 \u25cf Shinikizo la kutolewa: 6.9 bar \u25cf  Breki ya maegesho: Breki ya spring kwenye gari la gari \u25cf Spring breki, hydraulic kutolewa breki \u25cf Park breki valve mfano: RA3\/3\/2\/G-3 2.5. Mfumo wa kuendesha \u25cf  Aina: Kati articulated, hydraulic steering \u25cf Pampu ya kazi ya kuendesha: CBLZ2040\/0016 \u25cf Uhamiaji: 40ml \/ r \u25cf  Shinikizo la juu la mfumo wa kuendesha: 14 MPa \u25cf Gea ya kuendesha: BZZ-400 \u25cf Valve ya kipaumbele: YXZ-F160<\/p>\n<p>\u25cf  Ukubwa wa silinda ya kuendesha \/ ukubwa wa fimbo \u00d7 Idadi ya silinda: \u03c6 80 \/ \u03c6 45 mm \u00d7 mbili 2.6. Mfumo wa Kazi \u25cf  Kazi mbalimbali njia valve: SN-4 \/ 1S \u25cf  Lift silinda kipenyo \/ fimbo kipenyo \u00d7 Idadi ya silinda: \u03c6 100 \/ \u03c6 55 mm \u00d7 mbili \u25cf Shinikizo la juu la mfumo wa kazi: 16MPa 2.7. Mfumo wa umeme \u25cf Mfumo voltage: 24V DC \u25cf Kuanza motor voltage \/ nguvu: 24V \/ 6kW \u25cf Taa: 2 headlights mbele, 2 \u00d7 45W, 24V 2 nyuma headlights, 2 \u00d7 45W, 24V 2 madini ishara taa, 24V 1 cab taa, 24V 2.8. Uwezo wa tanki ya mafuta \u25cf Tanki ya mafuta ya hydraulic: 120 L \u25cf Tanki ya mafuta: 120 L \u25cf Mafuta ya gear ya usafirishaji: 28 L \u25cf  Drive axle kuu maambukizi sehemu: 12L \u00d7 mbili \u25cf Drive axle gurudumu kupunguza sehemu: 3.5 L \u00d7 nne \u25cf Mafuta ya mafuta ya injini (mafuta ya injini): 28L \u25cf Injini baridi: 18L<\/p>","protected":false},"excerpt":{"rendered":"<p><img fetchpriority=\"high\" decoding=\"async\" class=\"alignnone size-medium wp-image-1845\" src=\"http:\/\/www.zongdamining.com\/wp-content\/uploads\/2024\/02\/IMG_fe65e384c25c43dd9b6259acb07db516-300x194.png\" alt=\"\" width=\"300\" height=\"194\" srcset=\"https:\/\/www.zongdamining.com\/wp-content\/uploads\/2024\/02\/IMG_fe65e384c25c43dd9b6259acb07db516-300x194.png 300w, https:\/\/www.zongdamining.com\/wp-content\/uploads\/2024\/02\/IMG_fe65e384c25c43dd9b6259acb07db516-1024x663.png 1024w, https:\/\/www.zongdamining.com\/wp-content\/uploads\/2024\/02\/IMG_fe65e384c25c43dd9b6259acb07db516-768x497.png 768w, https:\/\/www.zongdamining.com\/wp-content\/uploads\/2024\/02\/IMG_fe65e384c25c43dd9b6259acb07db516-600x388.png 600w, https:\/\/www.zongdamining.com\/wp-content\/uploads\/2024\/02\/IMG_fe65e384c25c43dd9b6259acb07db516.png 1339w\" sizes=\"(max-width: 300px) 100vw, 300px\" \/><\/p>\n<p>Gari la madini ya chini ya ardhi la ZDT105 ni vifaa vya madini vya chini ya ardhi vilivyoundwa na kutengenezwa hasa kwa ajili ya madini ya chini ya ardhi.<\/p>","protected":false},"featured_media":3161,"comment_status":"closed","ping_status":"closed","template":"","meta":{"_acf_changed":false},"product_brand":[],"product_cat":[15],"product_tag":[],"class_list":{"0":"post-1844","1":"product","2":"type-product","3":"status-publish","4":"has-post-thumbnail","6":"product_cat-trackless-mining-equipment","8":"first","9":"instock","10":"shipping-taxable","11":"product-type-simple"},"acf":[],"_links":{"self":[{"href":"https:\/\/www.zongdamining.com\/sw\/wp-json\/wp\/v2\/product\/1844","targetHints":{"allow":["GET"]}}],"collection":[{"href":"https:\/\/www.zongdamining.com\/sw\/wp-json\/wp\/v2\/product"}],"about":[{"href":"https:\/\/www.zongdamining.com\/sw\/wp-json\/wp\/v2\/types\/product"}],"replies":[{"embeddable":true,"href":"https:\/\/www.zongdamining.com\/sw\/wp-json\/wp\/v2\/comments?post=1844"}],"wp:featuredmedia":[{"embeddable":true,"href":"https:\/\/www.zongdamining.com\/sw\/wp-json\/wp\/v2\/media\/3161"}],"wp:attachment":[{"href":"https:\/\/www.zongdamining.com\/sw\/wp-json\/wp\/v2\/media?parent=1844"}],"wp:term":[{"taxonomy":"product_brand","embeddable":true,"href":"https:\/\/www.zongdamining.com\/sw\/wp-json\/wp\/v2\/product_brand?post=1844"},{"taxonomy":"product_cat","embeddable":true,"href":"https:\/\/www.zongdamining.com\/sw\/wp-json\/wp\/v2\/product_cat?post=1844"},{"taxonomy":"product_tag","embeddable":true,"href":"https:\/\/www.zongdamining.com\/sw\/wp-json\/wp\/v2\/product_tag?post=1844"}],"curies":[{"name":"ya WP","href":"https:\/\/api.w.org\/{rel}","templated":true}]}}