{"id":1847,"date":"2024-02-20T16:18:09","date_gmt":"2024-02-20T08:18:09","guid":{"rendered":"https:\/\/www.zongdamining.com\/?post_type=product&#038;p=1847"},"modified":"2026-01-22T11:20:30","modified_gmt":"2026-01-22T03:20:30","slug":"zusl-3x-underground-scissor-lift-utility-vehicle","status":"publish","type":"product","link":"https:\/\/www.zongdamining.com\/sw\/product\/zusl-3x-underground-scissor-lift-utility-vehicle\/","title":{"rendered":"ZUSL-3X Heavy Duty Chini ya ardhi Scissor Lift Utility Gari kwa ajili ya Chini ya ardhi Mine Site Operation"},"content":{"rendered":"<p><img fetchpriority=\"high\" decoding=\"async\" class=\"alignnone size-medium wp-image-1849\" src=\"http:\/\/www.zongdamining.com\/wp-content\/uploads\/2024\/02\/IMG_12ad311039b646459870ebc4cc82e18c-300x200.png\" alt=\"\" width=\"300\" height=\"200\" srcset=\"https:\/\/www.zongdamining.com\/wp-content\/uploads\/2024\/02\/IMG_12ad311039b646459870ebc4cc82e18c-300x200.png 300w, https:\/\/www.zongdamining.com\/wp-content\/uploads\/2024\/02\/IMG_12ad311039b646459870ebc4cc82e18c-1024x682.png 1024w, https:\/\/www.zongdamining.com\/wp-content\/uploads\/2024\/02\/IMG_12ad311039b646459870ebc4cc82e18c-768x511.png 768w, https:\/\/www.zongdamining.com\/wp-content\/uploads\/2024\/02\/IMG_12ad311039b646459870ebc4cc82e18c-600x399.png 600w, https:\/\/www.zongdamining.com\/wp-content\/uploads\/2024\/02\/IMG_12ad311039b646459870ebc4cc82e18c.png 1140w\" sizes=\"(max-width: 300px) 100vw, 300px\" \/> <img decoding=\"async\" class=\"alignnone size-medium wp-image-1850\" src=\"http:\/\/www.zongdamining.com\/wp-content\/uploads\/2024\/02\/IMG_c1c3468011f347b2aa8313b8723e807e-300x200.png\" alt=\"\" width=\"300\" height=\"200\" srcset=\"https:\/\/www.zongdamining.com\/wp-content\/uploads\/2024\/02\/IMG_c1c3468011f347b2aa8313b8723e807e-300x200.png 300w, https:\/\/www.zongdamining.com\/wp-content\/uploads\/2024\/02\/IMG_c1c3468011f347b2aa8313b8723e807e-1024x682.png 1024w, https:\/\/www.zongdamining.com\/wp-content\/uploads\/2024\/02\/IMG_c1c3468011f347b2aa8313b8723e807e-768x511.png 768w, https:\/\/www.zongdamining.com\/wp-content\/uploads\/2024\/02\/IMG_c1c3468011f347b2aa8313b8723e807e-600x399.png 600w, https:\/\/www.zongdamining.com\/wp-content\/uploads\/2024\/02\/IMG_c1c3468011f347b2aa8313b8723e807e.png 1140w\" sizes=\"(max-width: 300px) 100vw, 300px\" \/><\/p>\n<p>Gari la jukwaa la kuinua la ZUSL-3X linatumiwa na injini ya dizeli, na maambukizi ya mitambo ya hydraulic, gari la gurudumu nne, kuendesha gari mbele, kuendesha kikamilifu hydraulic articulated, pembe kubwa ya kuendesha, kugeuka kubadilika, na radius ndogo ya kugeuka. Ni sahihi kwa ajili ya shughuli za msalaba wa katikati na ina sifa zifuatazo za kiufundi: \u25cf Mfumo wa nguvu inachukua Deutz maji baridi chini ya uchafuzi injini;  \u25cf Mfumo wa uhamisho wa nguvu unatumia uhamisho wa nguvu ya DANA, gari la gari la DANA, na muundo wa madini wa kukata matairi sugu;  \u25cf  Huduma braking inachukua nyembamba mbalimbali disk hydraulic brakes; MICO kujaza valve na breki valve; Breki ya maegesho inatumia valve ya mwelekeo wa mwongozo kudhibiti breki ya spring ya axle, kuhakikisha usalama na uaminifu;  \u25cf sura ni muundo articulated na utendaji wa kuaminika;  \u25cf Kuchukua kabini iliyofungwa ni salama na starehe zaidi.<\/p>\n<p>Onyo la usalama \u25cf Operator ya mashine hii lazima kuvaa helmet usalama na kubeba kifaa binafsi kuokoa na mchini&#8217; Wakati wa kuingia kwenye mazingira hayo,  \u25cf Mashine hii lazima mara kwa mara kudumishwa na kukaguliwa, na hatari yoyote siri lazima kushughulikiwa haraka;  \u25cf Ni marufuku sana kufanya matengenezo wakati mashine ni kuendesha;  \u25cf Wakati mashine ni chini ya matengenezo, ugavi wa umeme lazima kukatwa na maneno &#8220; chini ya matengenezo, hakuna kuanza&#8221; Lazima imewekwa;  \u25cf  Upatikanaji ni marufuku kwenye jukwaa;  \u25cf Wakati kulehemu na kukata, ni muhimu kuhakikisha kwamba hakuna vifaa vya kuvuka au mlipuko kwenye gari kabla ya operesheni;<\/p>\n<p>\u25cf Wakati injini inaendesha na bomba la utoaji haijabaridi baada ya kufungwa, ni marufuku sana kugusa uso wa utakaso wa utoaji na bomba la utoaji ili kuepuka majeraha makubwa kama vile kuchoma;  \u25cf Wakati wa kukarabati mfumo wa hydraulic wa mashine hii, shinikizo lazima kabisa relieved kabla ya operesheni inaweza kuanza.<\/p>\n<p>1) Mashine hii ni sahihi kwa ajili ya matumizi katika tunnels na ukubwa wa msalaba-sehemu ya mita 3 (juu) \u00d7 Katika tunnels ya mita 3 (upana) na juu ya operesheni inahitaji sahani ya juu imara, kiwango cha chini cha kugeuka radius ya \u2265 6.25 m nje, na mtiririko wa barabara ya \u2264 14 \u00b0, Kutafuta hewa nzuri na maji ya maji katika mahali pa kazi; 2) Joto la mazingira ya tunnel ni -5 \u2103 ~ 40 \u2103, na unyevu wa juu wa jamaa si zaidi ya 85% (katika joto la 25 \u2103) Saa); 3) Maudhui ya sulfuri ya mafuta kutumika katika mashine hii haitakuwa kuzidi 0.2%; 4) Mashine hii ni makali marufuku kutumika katika maeneo na gesi moto na mlipuko kama vile gesi na vumbi makaa ya mawe;<\/p>\n<p>2.1. vigezo kiufundi \u25cf  Mzigo wa jukwaa: 3000kg \u25cf  Urefu wa jukwaa la juu: 5000mm \u25cf  Kiwango cha juu cha kuendesha gari katika gear I: 5 km \/ h Gear ya pili: 11 km \/ h Gear ya tatu: 26 km \/ h Gear ya nyuma I: 5 km \/ h Gear ya nyuma II: 11 km \/ h Gear ya tatu ya nyuma: 26 km \/ h<\/p>\n<p>\u25cf  Uwezo wa juu wa kupanda (mzigo mzito): 14 \u00b0 \u25cf  Nguvu ya juu ya kuvutia: 80 kN \u25cf  Kugeuka radius: 6610 mm \u25cf  Urefu wa juu wa mashine nzima: 2210 mm \u25cf  Anga ya kuendesha: \u00b1 40 \u00b0 \u25cf  Kiwango cha chini cha usafirishaji wa ardhi: 295 mm \u25cf  Vipimo vya jumla (urefu \u00d7 pana \u00d7 urefu: 7850 mmx1800 mmx2210 mm \u25cf  Uzito wa uendeshaji wa mashine nzima: 9500Kg 2.2. Injini \u25cf Injini: Deutz maji baridi chini uchafuzi injini \u25cf Nguvu iliyopimwa \/ kasi iliyopimwa: 115 kW \/ 2200 r \/ min \u25cf Maximum pato torque: 750 N \u00b7 m @ 1500 r \/ dakika \u25cf  Njia ya kuanza: umeme kuanza \u25cf  Njia ya uzalishaji wa utoaji: utakaso wa ternary, utakaso na kupunguza kelele \u25cf  Udhibiti wa throttle: hydraulic throttle controller 2.3. Mfumo wa uhamisho \u25cf Mfano wa uhamisho: DANA IT20320B \u25cf Mfano wa gari la gari: DANA112 Jumla ya uwiano wa kasi: 23.25 \u25cf  Matairi: Matairi ya inflatable 2.4. Mfumo wa braking \u25cf Pampu ya breki: P124ADUZA07 Ukamaji: 15.2ml \/ r \u25cf Shinikizo la juu la mfumo wa braking: 10.5 MPa \u25cf  Huduma braking: nyembamba mbalimbali disk breki breki valve mfano: GL810-244-069 Release shinikizo: 69 bar \u25cf  Breki ya maegesho: breki ya spring ya pakiti ya axle 2.5. Mfumo wa kuendesha \u25cf  Aina: articulated hydraulic steering \u25cf Pampu ya kuendesha: PB5100A331 Ukamaji: 52.7ml \/ r<\/p>\n<p>\u25cf Shinikizo la juu la mfumo wa kuendesha: 16 MPa \u25cf Gea ya kuendesha: BZZ-E630 \u25cf Single utulivu valve: FLD-F48W \u25cf  Ukubwa wa silinda ya kuendesha \/ kipenyo cha fimbo: \u03c6 80 \/ \u03c6 45 mm 2.6. Mfumo wa umeme \u25cf Mfumo voltage: 24V DC \u25cf Kuanza motor voltage \/ nguvu: 24 V \/ 6 KW \u25cf  Taa: 2 headlights mbele, 2 \u00d7 42W, 24V 2 nyuma headlights, 2 \u00d7 42W, 24V 2 headlights mbele, 2 \u00d7 18W, 24V 2 madini ishara taa, 24 V 1 cab taa, 24 V 2.7. Kiwango cha tank \u25cf Tanki ya mafuta ya hydraulic: 120 L \u25cf Tanki ya mafuta: 120 L \u25cf Usafirishaji: 25 L \u25cf  Drive axle kuu maambukizi sehemu: 17L \u00d7 mbili \u25cf Drive axle gurudumu kupunguza sehemu: 3.5 L \u00d7 nne \u25cf Mafuta ya mafuta ya injini: 7.7L<\/p>","protected":false},"excerpt":{"rendered":"<p><img decoding=\"async\" class=\"alignnone size-medium wp-image-1848\" src=\"http:\/\/www.zongdamining.com\/wp-content\/uploads\/2024\/02\/IMG_1c504d5507f348d19739d33d8c1747e6-300x200.png\" alt=\"\" width=\"300\" height=\"200\" srcset=\"https:\/\/www.zongdamining.com\/wp-content\/uploads\/2024\/02\/IMG_1c504d5507f348d19739d33d8c1747e6-300x200.png 300w, https:\/\/www.zongdamining.com\/wp-content\/uploads\/2024\/02\/IMG_1c504d5507f348d19739d33d8c1747e6-1024x683.png 1024w, https:\/\/www.zongdamining.com\/wp-content\/uploads\/2024\/02\/IMG_1c504d5507f348d19739d33d8c1747e6-768x512.png 768w, https:\/\/www.zongdamining.com\/wp-content\/uploads\/2024\/02\/IMG_1c504d5507f348d19739d33d8c1747e6-600x400.png 600w, https:\/\/www.zongdamining.com\/wp-content\/uploads\/2024\/02\/IMG_1c504d5507f348d19739d33d8c1747e6.png 1140w\" sizes=\"(max-width: 300px) 100vw, 300px\" \/><\/p>\n<p>ZUSL-3X lifting jukwaa lori ni trackless lifting jukwaa vifaa iliyoundwa na viwanda hasa kwa ajili ya migodi ya chini ya ardhi.<\/p>","protected":false},"featured_media":3082,"comment_status":"closed","ping_status":"closed","template":"","meta":{"_acf_changed":false},"product_brand":[],"product_cat":[15],"product_tag":[],"class_list":{"0":"post-1847","1":"product","2":"type-product","3":"status-publish","4":"has-post-thumbnail","6":"product_cat-trackless-mining-equipment","8":"first","9":"instock","10":"shipping-taxable","11":"product-type-simple"},"acf":[],"_links":{"self":[{"href":"https:\/\/www.zongdamining.com\/sw\/wp-json\/wp\/v2\/product\/1847","targetHints":{"allow":["GET"]}}],"collection":[{"href":"https:\/\/www.zongdamining.com\/sw\/wp-json\/wp\/v2\/product"}],"about":[{"href":"https:\/\/www.zongdamining.com\/sw\/wp-json\/wp\/v2\/types\/product"}],"replies":[{"embeddable":true,"href":"https:\/\/www.zongdamining.com\/sw\/wp-json\/wp\/v2\/comments?post=1847"}],"wp:featuredmedia":[{"embeddable":true,"href":"https:\/\/www.zongdamining.com\/sw\/wp-json\/wp\/v2\/media\/3082"}],"wp:attachment":[{"href":"https:\/\/www.zongdamining.com\/sw\/wp-json\/wp\/v2\/media?parent=1847"}],"wp:term":[{"taxonomy":"product_brand","embeddable":true,"href":"https:\/\/www.zongdamining.com\/sw\/wp-json\/wp\/v2\/product_brand?post=1847"},{"taxonomy":"product_cat","embeddable":true,"href":"https:\/\/www.zongdamining.com\/sw\/wp-json\/wp\/v2\/product_cat?post=1847"},{"taxonomy":"product_tag","embeddable":true,"href":"https:\/\/www.zongdamining.com\/sw\/wp-json\/wp\/v2\/product_tag?post=1847"}],"curies":[{"name":"ya WP","href":"https:\/\/api.w.org\/{rel}","templated":true}]}}