{"id":1218,"date":"2022-12-12T10:43:54","date_gmt":"2022-12-12T02:43:54","guid":{"rendered":"http:\/\/www.zongdamining.com\/?post_type=product&#038;p=1218"},"modified":"2024-04-28T15:56:33","modified_gmt":"2024-04-28T07:56:33","slug":"crawler-mucking-machine","status":"publish","type":"product","link":"https:\/\/www.zongdamining.com\/vi\/product\/crawler-mucking-machine\/","title":{"rendered":"M\u00e1y b\u00f2 k\u00e9o Mucking"},"content":{"rendered":"<p><strong><img fetchpriority=\"high\" decoding=\"async\" class=\"alignnone wp-image-1231 size-full\" src=\"http:\/\/www.zongdamining.com\/wp-content\/uploads\/2022\/12\/crawler-mucking-machine15039559282-1.jpg\" alt=\"\" width=\"730\" height=\"730\" srcset=\"https:\/\/www.zongdamining.com\/wp-content\/uploads\/2022\/12\/crawler-mucking-machine15039559282-1.jpg 730w, https:\/\/www.zongdamining.com\/wp-content\/uploads\/2022\/12\/crawler-mucking-machine15039559282-1-300x300.jpg 300w, https:\/\/www.zongdamining.com\/wp-content\/uploads\/2022\/12\/crawler-mucking-machine15039559282-1-150x150.jpg 150w, https:\/\/www.zongdamining.com\/wp-content\/uploads\/2022\/12\/crawler-mucking-machine15039559282-1-600x600.jpg 600w, https:\/\/www.zongdamining.com\/wp-content\/uploads\/2022\/12\/crawler-mucking-machine15039559282-1-100x100.jpg 100w\" sizes=\"(max-width: 730px) 100vw, 730px\" \/><\/strong><\/p>\n<p><strong>M\u00e1y \u0111i\u1ec1u khi\u1ec3n t\u1eeb xa crawler mucking<\/strong><\/p>\n<p>C\u00e1c chuy\u00ean gia an to\u00e0n cho gi\u1ea3i ph\u00e1p \u0111\u01b0\u1eddng h\u1ea7m!<\/p>\n<p>\u0110\u01b0a v\u1ecb tr\u00ed h\u00e0ng \u0111\u1ea7u v\u1ec1 an ninh!<\/p>\n<p>M\u00e1y m\u00f3c Crawler truy\u1ec1n th\u1ed1ng \u0111\u00e3 \u0111\u01b0\u1ee3c gi\u1edbi thi\u1ec7u v\u00e0o Trung Qu\u1ed1c c\u00e1ch \u0111\u00e2y 60 n\u0103m. Th\u1ebf h\u1ec7 \u0111\u1ea7u ti\u00ean \u0111\u01b0\u1ee3c s\u1eed d\u1ee5ng \u0111\u1ec3 kh\u1ea3o s\u00e1t v\u00e0 l\u1eadp b\u1ea3n \u0111\u1ed3 \u1edf t\u1ec9nh H\u00e0 B\u1eafc \u1edf Trung Qu\u1ed1c v\u00e0o n\u0103m 1954. Sau 30 n\u0103m th\u0103ng ch\u1ee9c, th\u1ebf h\u1ec7 th\u1ee9 hai \u0111\u00e3 tr\u1edf th\u00e0nh th\u1ebf h\u1ec7 kh\u00f4ng cu\u1ed9n.<\/p>\n<p>V\u1edbi kinh nghi\u1ec7m, ZONGDA \u0111\u00e3 nghi\u00ean c\u1ee9u v\u00e0 ph\u00e1t tri\u1ec3n m\u00e1y \u0111i\u1ec1u khi\u1ec3n t\u1eeb xa M\u00e1y t\u1ea3i \u0111\u00e1 Mucking Machine n\u00e2ng cao hi\u1ec7u qu\u1ea3 ba m\u01b0\u01a1i ph\u1ea7n tr\u0103m \u0111\u1ec3 \u0111\u1ea1t \u0111\u01b0\u1ee3c y\u00eau c\u1ea7u khai th\u00e1c m\u1ecf.<\/p>\n<p><strong>C\u1ea5u tr\u00fac<\/strong><\/p>\n<p>1. hai h\u1ed9p \u0111i\u1ec1u khi\u1ec3n \u0111i\u1ec7n ban \u0111\u1ea7u \u0111\u00e3 tr\u1edf th\u00e0nh ch\u1ec9 m\u1ed9t. V\u00e0 m\u1ed9t n\u01a1i kh\u00e1c \u0111\u00e3 \u0111\u01b0\u1ee3c thay th\u1ebf b\u1eb1ng thi\u1ebft b\u1ecb th\u1ee7y l\u1ef1c. M\u1ed9t b\u1ed9 \u0111\u1ed9ng c\u01a1 th\u1ee7y l\u1ef1c \u0111\u01b0\u1ee3c th\u00eam v\u00e0o gi\u1eefa b\u00e0n quay v\u00e0 khay, l\u00e1i b\u00e0n quay \u0111\u1ec3 quay.<\/p>\n<p>2.Via m\u1ed9t b\u1ed9 \u0111i\u1ec1u khi\u1ec3n t\u1eeb xa, m\u00e1y c\u00f3 th\u1ec3 \u0111\u01b0\u1ee3c \u0111i\u1ec1u khi\u1ec3n t\u1eeb xa ho\u1ea1t \u0111\u1ed9ng.<\/p>\n<p><strong>T\u00ednh n\u0103ng<\/strong><\/p>\n<p>1. Kho\u1ea3ng c\u00e1ch d\u00e0i (gi\u1eefa 5m-20 m) gi\u1eef cho c\u00e1c nh\u00e0 v\u1eadn h\u00e0nh tr\u00e1nh xa c\u00e1c m\u1ed1i nguy hi\u1ec3m, gi\u1ea3m r\u1ee7i ro l\u1eadt.<\/p>\n<p>2. Nh\u00e0 \u0111i\u1ec1u h\u00e0nh \u0111\u01b0\u1ee3c s\u1ed1ng l\u1ea1i t\u1eeb lao \u0111\u1ed9ng nh\u00e0m ch\u00e1n v\u1edbi vi\u1ec7c n\u00e2ng cao m\u00f4i tr\u01b0\u1eddng l\u00e0m vi\u1ec7c.<\/p>\n<p>3. Hi\u1ec7u qu\u1ea3 \u0111\u01b0\u1ee3c t\u0103ng l\u00ean h\u01a1n 30% do ho\u1ea1t \u0111\u1ed9ng tr\u1ef1c quan c\u1ee7a n\u00f3.<\/p>\n<p>4. Thi\u1ebft b\u1ecb chi\u1ebfu s\u00e1ng \u0111\u01b0\u1ee3c th\u00eam v\u00e0o \u0111\u1ea7u m\u00e1y<\/p>\n<p>5. C\u00f3 ba ch\u1ebf \u0111\u1ed9 \u0111i\u1ec1u khi\u1ec3n:<\/p>\n<p>\u0110i\u1ec1u khi\u1ec3n t\u1eeb xa<\/p>\n<p>\u0110i\u1ec1u khi\u1ec3n n\u00fat<\/p>\n<p>\u0110i\u1ec1u khi\u1ec3n th\u1ee7 c\u00f4ng cho ch\u1ebf \u0111\u1ed9 ch\u1edd<\/p>\n<p><strong>D\u1eef li\u1ec7u k\u1ef9 thu\u1eadt<\/strong><\/p>\n<div class=\"table-responsive\">\n<table class=\"table\" style=\"width: 100%;\" border=\"0\" width=\"100%\" cellspacing=\"0\" cellpadding=\"0\">\n<tbody>\n<tr class=\"firstRow\">\n<td style=\"width: 14.0266%;\" colspan=\"2\" width=\"92\">M\u00f4 h\u00ecnh<\/td>\n<td style=\"width: 5.80411%;\" width=\"32\">S\u1ea3n ph\u1ea9m Z-17W<\/td>\n<td style=\"width: 7.85973%;\" width=\"46\">S\u1ea3n ph\u1ea9m Z-17WYK<\/td>\n<td style=\"width: 11.2455%;\" width=\"57\">S\u1ea3n ph\u1ea9m ZLKY20<\/td>\n<td style=\"width: 5.92503%;\" width=\"32\">S\u1ea3n ph\u1ea9m Z-20W<\/td>\n<td style=\"width: 8.34341%;\" width=\"46\">S\u1ea3n ph\u1ea9m Z-20WYK<\/td>\n<td style=\"width: 11.2455%;\" width=\"57\">S\u1ea3n ph\u1ea9m ZLKY26<\/td>\n<td style=\"width: 7.85973%;\" width=\"43\">S\u1ea3n ph\u1ea9m Z-30W<\/td>\n<td style=\"width: 8.34341%;\" width=\"46\">S\u1ea3n ph\u1ea9m Z-30WYK<\/td>\n<td style=\"width: 11.2455%;\" width=\"57\">S\u1ea3n ph\u1ea9m ZLKY45<\/td>\n<td style=\"width: 7.85973%;\" width=\"43\">S\u1ea3n ph\u1ea9m ZQ26<\/td>\n<\/tr>\n<tr>\n<td style=\"width: 14.0266%;\" colspan=\"2\" width=\"92\">K\u00edch th\u01b0\u1edbc \u0111\u01b0\u1eddng b\u1ed9 \u00e1p d\u1ee5ng W * H \/ m<\/td>\n<td style=\"width: 5.80411%;\" width=\"32\">1.7*2<\/td>\n<td style=\"width: 7.85973%;\" width=\"46\">1.7*2<\/td>\n<td style=\"width: 11.2455%;\" width=\"57\">2*2.2<\/td>\n<td style=\"width: 5.92503%;\" width=\"32\">2*2.2<\/td>\n<td style=\"width: 8.34341%;\" width=\"46\">2*2.2<\/td>\n<td style=\"width: 11.2455%;\" width=\"57\">2.2*2.5<\/td>\n<td style=\"width: 7.85973%;\" width=\"43\">2.2*2.5<\/td>\n<td style=\"width: 8.34341%;\" width=\"46\">2.2*2.5<\/td>\n<td style=\"width: 11.2455%;\" width=\"57\">2.2*2.5<\/td>\n<td style=\"width: 7.85973%;\" width=\"43\">2.2*2.5<\/td>\n<\/tr>\n<tr>\n<td style=\"width: 14.0266%;\" colspan=\"2\" width=\"92\">M\u00e1y \u0111o<\/td>\n<td style=\"width: 85.7316%;\" colspan=\"10\" width=\"461\">600 \/ \/ 762 \/ 900mm (t\u00f9y ch\u1ec9nh)<\/td>\n<\/tr>\n<tr>\n<td style=\"width: 14.0266%;\" colspan=\"2\" width=\"92\">C\u00f4ng su\u1ea5t t\u1ea3i m\u00b3 \/ h<\/td>\n<td style=\"width: 5.80411%;\" width=\"32\">20-30<\/td>\n<td style=\"width: 7.85973%;\" width=\"46\">30-40<\/td>\n<td style=\"width: 11.2455%;\" width=\"57\">35-45<\/td>\n<td style=\"width: 5.92503%;\" width=\"32\">30-40<\/td>\n<td style=\"width: 8.34341%;\" width=\"46\">40-50<\/td>\n<td style=\"width: 11.2455%;\" width=\"57\">50-60<\/td>\n<td style=\"width: 7.85973%;\" width=\"43\">50-60<\/td>\n<td style=\"width: 8.34341%;\" width=\"46\">60-70<\/td>\n<td style=\"width: 11.2455%;\" width=\"57\">80-100<\/td>\n<td style=\"width: 7.85973%;\" width=\"43\">50-60<\/td>\n<\/tr>\n<tr>\n<td style=\"width: 14.0266%;\" colspan=\"2\" width=\"92\">Kh\u1ed1i l\u01b0\u1ee3ng x\u00f4 \u33a1<\/td>\n<td style=\"width: 5.80411%;\" width=\"32\">0.17<\/td>\n<td style=\"width: 7.85973%;\" width=\"46\">0.17<\/td>\n<td style=\"width: 11.2455%;\" width=\"57\">0.2<\/td>\n<td style=\"width: 5.92503%;\" width=\"32\">0.2<\/td>\n<td style=\"width: 8.34341%;\" width=\"46\">0.2<\/td>\n<td style=\"width: 11.2455%;\" width=\"57\">0.26<\/td>\n<td style=\"width: 7.85973%;\" width=\"43\">0.3<\/td>\n<td style=\"width: 8.34341%;\" width=\"46\">0.3<\/td>\n<td style=\"width: 11.2455%;\" width=\"57\">0.45<\/td>\n<td style=\"width: 7.85973%;\" width=\"43\">0.26<\/td>\n<\/tr>\n<tr>\n<td style=\"width: 14.0266%;\" colspan=\"2\" width=\"92\">Chi\u1ec1u r\u1ed9ng t\u1ea3i mm<\/td>\n<td style=\"width: 5.80411%;\" width=\"32\">1700<\/td>\n<td style=\"width: 7.85973%;\" width=\"46\">1700<\/td>\n<td style=\"width: 11.2455%;\" width=\"57\">T\u00f9y \u00fd<\/td>\n<td style=\"width: 5.92503%;\" width=\"32\">2000<\/td>\n<td style=\"width: 8.34341%;\" width=\"46\">2000<\/td>\n<td style=\"width: 11.2455%;\" width=\"57\">T\u00f9y \u00fd<\/td>\n<td style=\"width: 7.85973%;\" width=\"43\">2400<\/td>\n<td style=\"width: 8.34341%;\" width=\"46\">2400<\/td>\n<td style=\"width: 11.2455%;\" width=\"57\">T\u00f9y \u00fd<\/td>\n<td style=\"width: 7.85973%;\" width=\"43\">2700<\/td>\n<\/tr>\n<tr>\n<td style=\"width: 14.0266%;\" colspan=\"2\" width=\"92\">Chi\u1ec1u cao l\u00e0m vi\u1ec7c x\u00f4 mm<\/td>\n<td style=\"width: 5.80411%;\" width=\"32\">1920<\/td>\n<td style=\"width: 7.85973%;\" width=\"46\">1920<\/td>\n<td style=\"width: 11.2455%;\" width=\"57\">1920<\/td>\n<td style=\"width: 5.92503%;\" width=\"32\">2180<\/td>\n<td style=\"width: 8.34341%;\" width=\"46\">2180<\/td>\n<td style=\"width: 11.2455%;\" width=\"57\">2240<\/td>\n<td style=\"width: 7.85973%;\" width=\"43\">2240<\/td>\n<td style=\"width: 8.34341%;\" width=\"46\">2240<\/td>\n<td style=\"width: 11.2455%;\" width=\"57\">2240<\/td>\n<td style=\"width: 7.85973%;\" width=\"43\">2240<\/td>\n<\/tr>\n<tr>\n<td style=\"width: 14.0266%;\" colspan=\"2\" width=\"92\">Chi\u1ec1u cao xu\u1ed1ng x\u00f4 mm<\/td>\n<td style=\"width: 5.80411%;\" width=\"32\">1320<\/td>\n<td style=\"width: 7.85973%;\" width=\"46\">1320<\/td>\n<td style=\"width: 11.2455%;\" width=\"57\">1210<\/td>\n<td style=\"width: 5.92503%;\" width=\"32\">1360<\/td>\n<td style=\"width: 8.34341%;\" width=\"46\">1360<\/td>\n<td style=\"width: 11.2455%;\" width=\"57\"><\/td>\n<td style=\"width: 7.85973%;\" width=\"43\">1360<\/td>\n<td style=\"width: 8.34341%;\" width=\"46\">1360<\/td>\n<td style=\"width: 11.2455%;\" width=\"57\">1460<\/td>\n<td style=\"width: 7.85973%;\" width=\"43\">1250<\/td>\n<\/tr>\n<tr>\n<td style=\"width: 14.0266%;\" colspan=\"2\" width=\"92\">\u0110\u1ed9 ph\u00e2n c\u1ea5p<\/td>\n<td style=\"width: 5.80411%;\" width=\"32\"><\/td>\n<td style=\"width: 7.85973%;\" width=\"46\"><\/td>\n<td style=\"width: 11.2455%;\" width=\"57\">25\u00b0<\/td>\n<td style=\"width: 5.92503%;\" width=\"32\"><\/td>\n<td style=\"width: 8.34341%;\" width=\"46\"><\/td>\n<td style=\"width: 11.2455%;\" width=\"57\">25\u00b0<\/td>\n<td style=\"width: 7.85973%;\" width=\"43\"><\/td>\n<td style=\"width: 8.34341%;\" width=\"46\"><\/td>\n<td style=\"width: 11.2455%;\" width=\"57\">25\u00b0<\/td>\n<td style=\"width: 7.85973%;\" width=\"43\"><\/td>\n<\/tr>\n<tr>\n<td style=\"width: 5.44135%;\" width=\"35\">K\u00edch th\u01b0\u1edbc<\/td>\n<td style=\"width: 8.58525%;\" width=\"57\">L\u1edbp mm<\/td>\n<td style=\"width: 5.80411%;\" width=\"32\">2120<\/td>\n<td style=\"width: 7.85973%;\" width=\"46\">2120<\/td>\n<td style=\"width: 11.2455%;\" width=\"57\">2287<\/td>\n<td style=\"width: 5.92503%;\" width=\"32\">2480<\/td>\n<td style=\"width: 8.34341%;\" width=\"46\">2480<\/td>\n<td style=\"width: 11.2455%;\" width=\"57\"><\/td>\n<td style=\"width: 7.85973%;\" width=\"43\"><\/td>\n<td style=\"width: 8.34341%;\" width=\"46\">2620<\/td>\n<td style=\"width: 11.2455%;\" width=\"57\">2660<\/td>\n<td style=\"width: 7.85973%;\" width=\"43\">2400<\/td>\n<\/tr>\n<tr>\n<td style=\"width: 5.44135%;\" width=\"35\"><\/td>\n<td style=\"width: 8.58525%;\" width=\"57\">L\u1edbp mm<\/td>\n<td style=\"width: 5.80411%;\" width=\"32\">1130<\/td>\n<td style=\"width: 7.85973%;\" width=\"46\">1130<\/td>\n<td style=\"width: 11.2455%;\" width=\"57\">1372<\/td>\n<td style=\"width: 5.92503%;\" width=\"32\">1380<\/td>\n<td style=\"width: 8.34341%;\" width=\"46\">1380<\/td>\n<td style=\"width: 11.2455%;\" width=\"57\"><\/td>\n<td style=\"width: 7.85973%;\" width=\"43\">1380<\/td>\n<td style=\"width: 8.34341%;\" width=\"46\">1380<\/td>\n<td style=\"width: 11.2455%;\" width=\"57\">1520<\/td>\n<td style=\"width: 7.85973%;\" width=\"43\">1090-1380<\/td>\n<\/tr>\n<tr>\n<td style=\"width: 5.44135%;\" width=\"35\"><\/td>\n<td style=\"width: 8.58525%;\" width=\"57\">\u0110\u1ed9 cao mm<\/td>\n<td style=\"width: 5.80411%;\" width=\"32\">1200<\/td>\n<td style=\"width: 7.85973%;\" width=\"46\">1200<\/td>\n<td style=\"width: 11.2455%;\" width=\"57\">1415<\/td>\n<td style=\"width: 5.92503%;\" width=\"32\">1460<\/td>\n<td style=\"width: 8.34341%;\" width=\"46\">1460<\/td>\n<td style=\"width: 11.2455%;\" width=\"57\"><\/td>\n<td style=\"width: 7.85973%;\" width=\"43\">1545<\/td>\n<td style=\"width: 8.34341%;\" width=\"46\">1650<\/td>\n<td style=\"width: 11.2455%;\" width=\"57\">1650<\/td>\n<td style=\"width: 7.85973%;\" width=\"43\">1500<\/td>\n<\/tr>\n<tr>\n<td style=\"width: 14.0266%;\" colspan=\"2\" width=\"92\">C\u00f4ng su\u1ea5t \u0111\u1ed9ng c\u01a1 du l\u1ecbch kw<\/td>\n<td style=\"width: 5.80411%;\" width=\"32\">10.5<\/td>\n<td style=\"width: 7.85973%;\" width=\"46\">10.5<\/td>\n<td style=\"width: 11.2455%;\" width=\"57\">\u0110\u1ed9ng c\u01a1 th\u1ee7y l\u1ef1c 5000N \/ 2units<\/td>\n<td style=\"width: 5.92503%;\" width=\"32\">10.5<\/td>\n<td style=\"width: 8.34341%;\" width=\"46\">10.5<\/td>\n<td style=\"width: 11.2455%;\" width=\"57\">\u0110\u1ed9ng c\u01a1 th\u1ee7y l\u1ef1c 5000N \/ 2units<\/td>\n<td style=\"width: 7.85973%;\" width=\"43\">13<\/td>\n<td style=\"width: 8.34341%;\" width=\"46\">13<\/td>\n<td style=\"width: 11.2455%;\" width=\"57\">\u0110\u1ed9ng c\u01a1 th\u1ee7y l\u1ef1c 5000N \/ 2units<\/td>\n<td style=\"width: 7.85973%;\" width=\"43\">8.83<\/td>\n<\/tr>\n<tr>\n<td style=\"width: 14.0266%;\" colspan=\"2\" width=\"92\">C\u00f4ng su\u1ea5t \u0111\u1ed9ng c\u01a1 x\u00f4 kw<\/td>\n<td style=\"width: 5.80411%;\" width=\"32\">10.5<\/td>\n<td style=\"width: 7.85973%;\" width=\"46\">10.5<\/td>\n<td style=\"width: 11.2455%;\" width=\"57\">13<\/td>\n<td style=\"width: 5.92503%;\" width=\"32\">13<\/td>\n<td style=\"width: 8.34341%;\" width=\"46\">13<\/td>\n<td style=\"width: 11.2455%;\" width=\"57\">13<\/td>\n<td style=\"width: 7.85973%;\" width=\"43\">15<\/td>\n<td style=\"width: 8.34341%;\" width=\"46\">15<\/td>\n<td style=\"width: 11.2455%;\" width=\"57\">15<\/td>\n<td style=\"width: 7.85973%;\" width=\"43\">14.71<\/td>\n<\/tr>\n<tr>\n<td style=\"width: 14.0266%;\" colspan=\"2\" width=\"92\">C\u00f4ng su\u1ea5t \u0111\u1ed9ng c\u01a1 th\u1ee7y l\u1ef1c<\/td>\n<td style=\"width: 5.80411%;\" width=\"32\"><\/td>\n<td style=\"width: 7.85973%;\" width=\"46\">1.5<\/td>\n<td style=\"width: 11.2455%;\" width=\"57\">7.5<\/td>\n<td style=\"width: 5.92503%;\" width=\"32\"><\/td>\n<td style=\"width: 8.34341%;\" width=\"46\">1.5<\/td>\n<td style=\"width: 11.2455%;\" width=\"57\">7.5<\/td>\n<td style=\"width: 7.85973%;\" width=\"43\"><\/td>\n<td style=\"width: 8.34341%;\" width=\"46\">2.2<\/td>\n<td style=\"width: 11.2455%;\" width=\"57\">11<\/td>\n<td style=\"width: 7.85973%;\" width=\"43\"><\/td>\n<\/tr>\n<tr>\n<td style=\"width: 14.0266%;\" colspan=\"2\" width=\"92\">C\u00e2n n\u1eb7ng kg<\/td>\n<td style=\"width: 5.80411%;\" width=\"32\">3200<\/td>\n<td style=\"width: 7.85973%;\" width=\"46\">3300<\/td>\n<td style=\"width: 11.2455%;\" width=\"57\">3700<\/td>\n<td style=\"width: 5.92503%;\" width=\"32\">3750<\/td>\n<td style=\"width: 8.34341%;\" width=\"46\">3800<\/td>\n<td style=\"width: 11.2455%;\" width=\"57\">3900<\/td>\n<td style=\"width: 7.85973%;\" width=\"43\">4500<\/td>\n<td style=\"width: 8.34341%;\" width=\"46\">4500<\/td>\n<td style=\"width: 11.2455%;\" width=\"57\">4800<\/td>\n<td style=\"width: 7.85973%;\" width=\"43\">2700<\/td>\n<\/tr>\n<tr>\n<td style=\"width: 99.7583%;\" colspan=\"12\" align=\"center\" valign=\"middle\" width=\"553\">M\u00e1y t\u1ea3i \u0111\u00e1 Z; W-Kh\u00f4ng c\u00f3 d\u00e2y r\u1eafc r\u1ed1i; \u0110i\u1ec1u khi\u1ec3n t\u1eeb xa YK; Lo\u1ea1i L-Crawler;<\/p>\n<p>ZLKY-Th\u1ee7y l\u1ef1c \u0111i\u1ec1u khi\u1ec3n t\u1eeb xa m\u00e1y t\u1ea3i \u0111\u00e1<\/td>\n<\/tr>\n<\/tbody>\n<\/table>\n<p><strong>Giao h\u00e0ng<\/strong><\/p>\n<p><img decoding=\"async\" class=\"alignnone wp-image-1229 size-full\" src=\"http:\/\/www.zongdamining.com\/wp-content\/uploads\/2022\/12\/crawler-mucking-machine19232989850.jpg\" alt=\"\" width=\"730\" height=\"730\" srcset=\"https:\/\/www.zongdamining.com\/wp-content\/uploads\/2022\/12\/crawler-mucking-machine19232989850.jpg 730w, https:\/\/www.zongdamining.com\/wp-content\/uploads\/2022\/12\/crawler-mucking-machine19232989850-300x300.jpg 300w, https:\/\/www.zongdamining.com\/wp-content\/uploads\/2022\/12\/crawler-mucking-machine19232989850-150x150.jpg 150w, https:\/\/www.zongdamining.com\/wp-content\/uploads\/2022\/12\/crawler-mucking-machine19232989850-600x600.jpg 600w, https:\/\/www.zongdamining.com\/wp-content\/uploads\/2022\/12\/crawler-mucking-machine19232989850-100x100.jpg 100w\" sizes=\"(max-width: 730px) 100vw, 730px\" \/> <img decoding=\"async\" class=\"alignnone wp-image-1228 size-full\" src=\"http:\/\/www.zongdamining.com\/wp-content\/uploads\/2022\/12\/crawler-mucking-machine19234083364.jpg\" alt=\"\" width=\"730\" height=\"730\" srcset=\"https:\/\/www.zongdamining.com\/wp-content\/uploads\/2022\/12\/crawler-mucking-machine19234083364.jpg 730w, https:\/\/www.zongdamining.com\/wp-content\/uploads\/2022\/12\/crawler-mucking-machine19234083364-300x300.jpg 300w, https:\/\/www.zongdamining.com\/wp-content\/uploads\/2022\/12\/crawler-mucking-machine19234083364-150x150.jpg 150w, https:\/\/www.zongdamining.com\/wp-content\/uploads\/2022\/12\/crawler-mucking-machine19234083364-600x600.jpg 600w, https:\/\/www.zongdamining.com\/wp-content\/uploads\/2022\/12\/crawler-mucking-machine19234083364-100x100.jpg 100w\" sizes=\"(max-width: 730px) 100vw, 730px\" \/><\/p>\n<\/div>","protected":false},"excerpt":{"rendered":"<p>M\u00e1y m\u00f3c Crawler truy\u1ec1n th\u1ed1ng \u0111\u00e3 \u0111\u01b0\u1ee3c gi\u1edbi thi\u1ec7u v\u00e0o Trung Qu\u1ed1c c\u00e1ch \u0111\u00e2y 60 n\u0103m. Th\u1ebf h\u1ec7 \u0111\u1ea7u ti\u00ean \u0111\u01b0\u1ee3c s\u1eed d\u1ee5ng \u0111\u1ec3 kh\u1ea3o s\u00e1t v\u00e0 l\u1eadp b\u1ea3n \u0111\u1ed3 \u1edf t\u1ec9nh H\u00e0 B\u1eafc \u1edf Trung Qu\u1ed1c v\u00e0o n\u0103m 1954. Sau 30 n\u0103m th\u0103ng ch\u1ee9c, th\u1ebf h\u1ec7 th\u1ee9 hai \u0111\u00e3 tr\u1edf th\u00e0nh th\u1ebf h\u1ec7 kh\u00f4ng cu\u1ed9n.<\/p>","protected":false},"featured_media":1227,"comment_status":"open","ping_status":"closed","template":"","meta":{"_acf_changed":false},"product_brand":[],"product_cat":[15],"product_tag":[],"class_list":{"0":"post-1218","1":"product","2":"type-product","3":"status-publish","4":"has-post-thumbnail","6":"product_cat-trackless-mining-equipment","8":"first","9":"instock","10":"shipping-taxable","11":"product-type-simple"},"acf":[],"_links":{"self":[{"href":"https:\/\/www.zongdamining.com\/vi\/wp-json\/wp\/v2\/product\/1218","targetHints":{"allow":["GET"]}}],"collection":[{"href":"https:\/\/www.zongdamining.com\/vi\/wp-json\/wp\/v2\/product"}],"about":[{"href":"https:\/\/www.zongdamining.com\/vi\/wp-json\/wp\/v2\/types\/product"}],"replies":[{"embeddable":true,"href":"https:\/\/www.zongdamining.com\/vi\/wp-json\/wp\/v2\/comments?post=1218"}],"wp:featuredmedia":[{"embeddable":true,"href":"https:\/\/www.zongdamining.com\/vi\/wp-json\/wp\/v2\/media\/1227"}],"wp:attachment":[{"href":"https:\/\/www.zongdamining.com\/vi\/wp-json\/wp\/v2\/media?parent=1218"}],"wp:term":[{"taxonomy":"product_brand","embeddable":true,"href":"https:\/\/www.zongdamining.com\/vi\/wp-json\/wp\/v2\/product_brand?post=1218"},{"taxonomy":"product_cat","embeddable":true,"href":"https:\/\/www.zongdamining.com\/vi\/wp-json\/wp\/v2\/product_cat?post=1218"},{"taxonomy":"product_tag","embeddable":true,"href":"https:\/\/www.zongdamining.com\/vi\/wp-json\/wp\/v2\/product_tag?post=1218"}],"curies":[{"name":"WP","href":"https:\/\/api.w.org\/{rel}","templated":true}]}}