{"id":1241,"date":"2022-12-12T11:08:43","date_gmt":"2022-12-12T03:08:43","guid":{"rendered":"http:\/\/www.zongdamining.com\/?post_type=product&#038;p=1241"},"modified":"2025-03-17T11:53:27","modified_gmt":"2025-03-17T03:53:27","slug":"geophysical-exploration-instrument-geological-resistivity-survey-and-geologic-prospecting-equipment-for-underground-water-detector-locator","status":"publish","type":"product","link":"https:\/\/www.zongdamining.com\/vi\/product\/geophysical-exploration-instrument-geological-resistivity-survey-and-geologic-prospecting-equipment-for-underground-water-detector-locator\/","title":{"rendered":"D\u1ee5ng c\u1ee5 kh\u00e1m ph\u00e1 \u0111\u1ecba l\u00fd Kh\u1ea3o s\u00e1t kh\u00e1ng c\u1ef1 \u0111\u1ecba l\u00fd v\u00e0 thi\u1ebft b\u1ecb th\u0103m d\u00f2 \u0111\u1ecba l\u00fd cho m\u00e1y d\u00f2 n\u01b0\u1edbc ng\u1ea7m"},"content":{"rendered":"<div>\n<p>\u0110\u1ed9ng c\u01a1 m\u00e1y m\u00f3c pin ch\u1ed1ng ch\u00e1y c\u1ee7a ch\u00fang t\u00f4i, m\u00e1y tr\u1ed9n b\u00ea t\u00f4ng ng\u1ea7m, m\u00e1y t\u1ea3i \u0111i\u1ec7n ng\u1ea7m thu h\u00fat v\u00e0 thu th\u1eadp ng\u00e0y c\u00e0ng nhi\u1ec1u kh\u00e1ch h\u00e0ng ch\u1ea5t l\u01b0\u1ee3ng cao, nh\u00e2n vi\u00ean tuy\u1ec7t v\u1eddi v\u00e0 nh\u00e0 cung c\u1ea5p ch\u1ea5t l\u01b0\u1ee3ng cao \u0111\u1ec3 t\u1ea1o ra s\u1ef1 t\u01b0\u01a1i s\u00e1ng. K\u1ec3 t\u1eeb khi th\u00e0nh l\u1eadp c\u00f4ng ty c\u1ee7a ch\u00fang t\u00f4i, ch\u00fang t\u00f4i \u0111\u00e3 thi\u1ebft l\u1eadp v\u1eefng ch\u1eafc ch\u00ednh s\u00e1ch th\u00fac \u0111\u1ea9y ph\u00e1t tri\u1ec3n s\u1ea3n ph\u1ea9m v\u1edbi c\u00f4ng ngh\u1ec7 v\u00e0 gi\u00e0nh \u0111\u01b0\u1ee3c ni\u1ec1m tin c\u1ee7a th\u1ecb tr\u01b0\u1eddng v\u1edbi hi\u1ec7u \u1ee9ng ch\u1ea5t l\u01b0\u1ee3ng. Chi\u1ebfn l\u01b0\u1ee3c \u0111a d\u1ea1ng h\u00f3a cho c\u00f4ng ty ch\u00fang t\u00f4i trong ph\u00e1t tri\u1ec3n s\u1ea3n ph\u1ea9m, ph\u00e1t tri\u1ec3n th\u1ecb tr\u01b0\u1eddng, th\u00e2m nh\u1eadp th\u1ecb tr\u01b0\u1eddng cung c\u1ea5p m\u1ed9t \u0111\u1ea3m b\u1ea3o t\u1ed1t. V\u1edbi ch\u00fang t\u00f4i ti\u1ec1n c\u1ee7a b\u1ea1n an to\u00e0n kinh doanh c\u1ee7a b\u1ea1n an to\u00e0n. Trong th\u1ebf k\u1ef7 21, c\u00f4ng ty c\u1ee7a ch\u00fang t\u00f4i \u0111ang \u0111\u1ed1i m\u1eb7t v\u1edbi th\u00e1ch th\u1ee9c c\u1ee7a to\u00e0n c\u1ea7u h\u00f3a, l\u00e0m cho c\u00f4ng ty c\u1ee7a ch\u00fang t\u00f4i&#8217; ti\u1ebfp th\u1ecb \u0111\u01b0\u1ee3c k\u1ebft n\u1ed1i ch\u1eb7t ch\u1ebd h\u01a1n v\u1edbi n\u1ec1n kinh t\u1ebf th\u1ebf gi\u1edbi, l\u00e0m cho s\u1ef1 c\u1ea1nh tranh th\u1ecb tr\u01b0\u1eddng c\u1ef1c k\u1ef3 kh\u1eafc nghi\u1ec7t, c\u00e1c ph\u01b0\u01a1ng ti\u1ec7n ti\u1ebfp th\u1ecb t\u01b0\u01a1ng \u1ee9ng v\u00e0 ch\u1ebf \u0111\u1ed9 d\u1ecbch v\u1ee5 c\u1ee7a c\u00f4ng ty ch\u00fang t\u00f4i \u0111\u01b0a ra nh\u1eefng th\u00e1ch th\u1ee9c m\u1edbi.<\/p>\n<\/div>\n<div>\n<p><img fetchpriority=\"high\" decoding=\"async\" class=\"alignnone wp-image-1240 size-full\" src=\"http:\/\/www.zongdamining.com\/wp-content\/uploads\/2022\/12\/flame-proof-mining-battery-locomotive32250486774.jpg\" alt=\"\" width=\"750\" height=\"750\" srcset=\"https:\/\/www.zongdamining.com\/wp-content\/uploads\/2022\/12\/flame-proof-mining-battery-locomotive32250486774.jpg 750w, https:\/\/www.zongdamining.com\/wp-content\/uploads\/2022\/12\/flame-proof-mining-battery-locomotive32250486774-300x300.jpg 300w, https:\/\/www.zongdamining.com\/wp-content\/uploads\/2022\/12\/flame-proof-mining-battery-locomotive32250486774-150x150.jpg 150w, https:\/\/www.zongdamining.com\/wp-content\/uploads\/2022\/12\/flame-proof-mining-battery-locomotive32250486774-600x600.jpg 600w, https:\/\/www.zongdamining.com\/wp-content\/uploads\/2022\/12\/flame-proof-mining-battery-locomotive32250486774-100x100.jpg 100w\" sizes=\"(max-width: 750px) 100vw, 750px\" \/><\/p>\n<p><strong>M\u1eabu s\u1ed1: CTY12\/610\/GB192<\/strong><\/p>\n<p><strong>D\u1eef li\u1ec7u k\u1ef9 thu\u1eadt c\u1ee7a \u0111\u1ed9ng c\u01a1 pin khai th\u00e1c 12t<\/strong><\/p>\n<p>\u0110\u1ed9ng c\u01a1 m\u00e1y m\u00f3c pin ch\u1ed1ng ch\u00e1y 12t, ch\u1ebf \u0111\u1ed9 \u0111i\u1ec1u ch\u1ec9nh t\u1ed1c \u0111\u1ed9 \u0111\u01b0\u1ee3c chia th\u00e0nh \u0111i\u1ec1u ch\u1ec9nh t\u1ed1c \u0111\u1ed9 chopper, phanh c\u01a1 h\u1ecdc, \u1ed5 \u0111\u0129a h\u1ed9p s\u1ed1 hai giai \u0111o\u1ea1n, gi\u1ea3m t\u1ed1c l\u00f2 xo cao su, \u0111i\u1ec7n \u00e1p 192v. T\u00ednh n\u0103ng c\u1ee7a n\u00f3: l\u1ef1c k\u00e9o l\u1edbn, hi\u1ec7u su\u1ea5t t\u0103ng t\u1ed1c t\u1ed1t, ho\u1ea1t \u0111\u1ed9ng d\u1ec5 d\u00e0ng, b\u1ea3o tr\u00ec \u0111\u01a1n gi\u1ea3n, ho\u1ea1t \u0111\u1ed9ng \u1ed5n \u0111\u1ecbnh.<\/p>\n<p><img decoding=\"async\" class=\"alignnone wp-image-1245 size-full\" src=\"http:\/\/www.zongdamining.com\/wp-content\/uploads\/2022\/12\/20200421115425d0623defb4e3422da44e92af20968ffe.jpg\" alt=\"\" width=\"750\" height=\"644\" srcset=\"https:\/\/www.zongdamining.com\/wp-content\/uploads\/2022\/12\/20200421115425d0623defb4e3422da44e92af20968ffe.jpg 750w, https:\/\/www.zongdamining.com\/wp-content\/uploads\/2022\/12\/20200421115425d0623defb4e3422da44e92af20968ffe-300x258.jpg 300w, https:\/\/www.zongdamining.com\/wp-content\/uploads\/2022\/12\/20200421115425d0623defb4e3422da44e92af20968ffe-600x515.jpg 600w\" sizes=\"(max-width: 750px) 100vw, 750px\" \/><\/p>\n<p>&nbsp;<\/p>\n<table class=\"table\" border=\"0\" width=\"100%\" cellspacing=\"0\" cellpadding=\"0\">\n<tbody>\n<tr class=\"firstRow\">\n<td width=\"243\">Tr\u1ecdng l\u01b0\u1ee3ng keo<\/td>\n<td width=\"189\">t<\/td>\n<td width=\"217\">12<\/td>\n<\/tr>\n<tr>\n<td width=\"243\">M\u00e1y \u0111o<\/td>\n<td width=\"189\">mm<\/td>\n<td width=\"217\">610<\/td>\n<\/tr>\n<tr>\n<td width=\"243\">\u0110i\u1ec7n \u00e1p \u0111\u1ecbnh m\u1ee9c<\/td>\n<td width=\"189\">v<\/td>\n<td width=\"217\">192<\/td>\n<\/tr>\n<tr>\n<td width=\"243\">L\u1ef1c k\u00e9o \u0111\u01b0\u1ee3c \u0111\u00e1nh gi\u00e1 gi\u1edd<\/td>\n<td width=\"189\">KN<\/td>\n<td width=\"217\">16.46<\/td>\n<\/tr>\n<tr>\n<td width=\"243\">T\u1ed1c \u0111\u1ed9 \u0111\u00e1nh gi\u00e1 gi\u1edd<\/td>\n<td width=\"189\">Km \/ gi\u1edd<\/td>\n<td width=\"217\">8.7<\/td>\n<\/tr>\n<tr>\n<td width=\"243\">\u0110\u1ed9ng c\u01a1 \u0111i\u1ec7n v\u00e0 \u0111i\u1ec7n<\/td>\n<td width=\"189\">KW<\/td>\n<td width=\"217\">22*2<\/td>\n<\/tr>\n<tr>\n<td width=\"243\">Pin<\/td>\n<td width=\"189\">D560KT<\/td>\n<td width=\"217\">96 chi\u1ebfc<\/td>\n<\/tr>\n<tr>\n<td width=\"243\">C\u01a1 s\u1edf b\u00e1nh xe<\/td>\n<td width=\"189\">mm<\/td>\n<td width=\"217\">1180<\/td>\n<\/tr>\n<tr>\n<td width=\"243\">Min. b\u00e1n k\u00ednh cong<\/td>\n<td width=\"189\">m<\/td>\n<td width=\"217\">7<\/td>\n<\/tr>\n<tr>\n<td width=\"243\">Dia. c\u1ee7a b\u00e1nh xe<\/td>\n<td width=\"189\">mm<\/td>\n<td width=\"217\">680<\/td>\n<\/tr>\n<tr>\n<td width=\"243\">Lo\u1ea1i \u0111i\u1ec1u khi\u1ec3n<\/td>\n<td width=\"189\"><\/td>\n<td width=\"217\">Ki\u1ec3m so\u00e1t chopper<\/td>\n<\/tr>\n<tr>\n<td width=\"243\">Lo\u1ea1i phanh<\/td>\n<td width=\"189\"><\/td>\n<td width=\"217\">Phanh c\u01a1 h\u1ecdc ho\u1eb7c phanh kh\u00ed n\u00e9n<\/td>\n<\/tr>\n<tr>\n<td width=\"243\">Lo\u1ea1i \u1ed5 \u0111\u0129a<\/td>\n<td width=\"189\"><\/td>\n<td width=\"217\">H\u1ed9p s\u1ed1 hai giai \u0111o\u1ea1n Drive<\/td>\n<\/tr>\n<tr>\n<td width=\"243\">Chi\u1ec1u cao k\u00e9o<\/td>\n<td width=\"189\">mm<\/td>\n<td width=\"217\">320\uff0c 430<\/td>\n<\/tr>\n<tr>\n<td width=\"243\">K\u00edch th\u01b0\u1edbc b\u00ean ngo\u00e0i<\/td>\n<td width=\"189\">mm<\/td>\n<td width=\"217\">\u0110\u1ed9 d\u00e0i: 5100mm<br \/>\nW: 1080mm<br \/>\nH: 1660mm<\/td>\n<\/tr>\n<\/tbody>\n<\/table>\n<p>&nbsp;<\/p>\n<p><img decoding=\"async\" class=\"alignnone wp-image-1246 size-full\" src=\"http:\/\/www.zongdamining.com\/wp-content\/uploads\/2022\/12\/20200421115601a173c61feacb4171ba18273d24999833.jpg\" alt=\"\" width=\"750\" height=\"629\" srcset=\"https:\/\/www.zongdamining.com\/wp-content\/uploads\/2022\/12\/20200421115601a173c61feacb4171ba18273d24999833.jpg 750w, https:\/\/www.zongdamining.com\/wp-content\/uploads\/2022\/12\/20200421115601a173c61feacb4171ba18273d24999833-300x252.jpg 300w, https:\/\/www.zongdamining.com\/wp-content\/uploads\/2022\/12\/20200421115601a173c61feacb4171ba18273d24999833-600x503.jpg 600w\" sizes=\"(max-width: 750px) 100vw, 750px\" \/><\/p>\n<\/div>\n<div><\/div>\n<div>\n<p>Th\u00f4ng qua kh\u00e1m ph\u00e1 v\u00e0 kh\u00e1m ph\u00e1 li\u00ean t\u1ee5c, Thi\u1ebft b\u1ecb kh\u00e1m ph\u00e1 \u0111\u1ecba l\u00fd c\u1ee7a ch\u00fang t\u00f4i Kh\u1ea3o s\u00e1t kh\u00e1ng c\u1ef1 \u0111\u1ecba l\u00fd v\u00e0 Thi\u1ebft b\u1ecb khai th\u00e1c \u0111\u1ecba l\u00fd cho m\u00e1y d\u00f2 n\u01b0\u1edbc ng\u1ea7m lu\u00f4n duy tr\u00ec l\u1ee3i th\u1ebf \u0111\u1ed9c \u0111\u00e1o v\u00e0 \u0111\u01b0\u1ee3c kh\u00e1ch h\u00e0ng \u01b0a th\u00edch s\u00e2u s\u1eafc. Ch\u00fang t\u00f4i s\u1eb5n s\u00e0ng cung c\u1ea5p c\u00e1c s\u1ea3n ph\u1ea9m t\u1ed1t h\u01a1n cho kh\u00e1ch h\u00e0ng c\u1ee7a ch\u00fang t\u00f4i. Ch\u00fang t\u00f4i t\u1eadp trung v\u00e0o ph\u00e1t tri\u1ec3n nh\u00e2n vi\u00ean, t\u1ea1o ra m\u1ed9t v\u0103n h\u00f3a doanh nghi\u1ec7p t\u00f4n tr\u1ecdng l\u1eabn nhau v\u00e0 theo \u0111u\u1ed5i chuy\u00ean nghi\u1ec7p.<\/p>\n<\/div>","protected":false},"excerpt":{"rendered":"<p>\u0110\u1ed9ng c\u01a1 m\u00e1y m\u00f3c pin ch\u1ed1ng ch\u00e1y 12t, ch\u1ebf \u0111\u1ed9 \u0111i\u1ec1u ch\u1ec9nh t\u1ed1c \u0111\u1ed9 \u0111\u01b0\u1ee3c chia th\u00e0nh \u0111i\u1ec1u ch\u1ec9nh t\u1ed1c \u0111\u1ed9 chopper, phanh c\u01a1 h\u1ecdc, \u1ed5 \u0111\u0129a h\u1ed9p s\u1ed1 hai giai \u0111o\u1ea1n, gi\u1ea3m t\u1ed1c l\u00f2 xo cao su, \u0111i\u1ec7n \u00e1p 192v.<\/p>","protected":false},"featured_media":1240,"comment_status":"open","ping_status":"closed","template":"","meta":{"_acf_changed":false},"product_brand":[],"product_cat":[27],"product_tag":[],"class_list":{"0":"post-1241","1":"product","2":"type-product","3":"status-publish","4":"has-post-thumbnail","6":"product_cat-underground-mining-locomotives","8":"first","9":"instock","10":"shipping-taxable","11":"product-type-simple"},"acf":[],"_links":{"self":[{"href":"https:\/\/www.zongdamining.com\/vi\/wp-json\/wp\/v2\/product\/1241","targetHints":{"allow":["GET"]}}],"collection":[{"href":"https:\/\/www.zongdamining.com\/vi\/wp-json\/wp\/v2\/product"}],"about":[{"href":"https:\/\/www.zongdamining.com\/vi\/wp-json\/wp\/v2\/types\/product"}],"replies":[{"embeddable":true,"href":"https:\/\/www.zongdamining.com\/vi\/wp-json\/wp\/v2\/comments?post=1241"}],"wp:featuredmedia":[{"embeddable":true,"href":"https:\/\/www.zongdamining.com\/vi\/wp-json\/wp\/v2\/media\/1240"}],"wp:attachment":[{"href":"https:\/\/www.zongdamining.com\/vi\/wp-json\/wp\/v2\/media?parent=1241"}],"wp:term":[{"taxonomy":"product_brand","embeddable":true,"href":"https:\/\/www.zongdamining.com\/vi\/wp-json\/wp\/v2\/product_brand?post=1241"},{"taxonomy":"product_cat","embeddable":true,"href":"https:\/\/www.zongdamining.com\/vi\/wp-json\/wp\/v2\/product_cat?post=1241"},{"taxonomy":"product_tag","embeddable":true,"href":"https:\/\/www.zongdamining.com\/vi\/wp-json\/wp\/v2\/product_tag?post=1241"}],"curies":[{"name":"WP","href":"https:\/\/api.w.org\/{rel}","templated":true}]}}