{"id":1249,"date":"2022-12-12T11:14:49","date_gmt":"2022-12-12T03:14:49","guid":{"rendered":"http:\/\/www.zongdamining.com\/?post_type=product&#038;p=1249"},"modified":"2024-04-28T15:56:23","modified_gmt":"2024-04-28T07:56:23","slug":"electric-rock-loaders","status":"publish","type":"product","link":"https:\/\/www.zongdamining.com\/vi\/product\/electric-rock-loaders\/","title":{"rendered":"M\u00e1y t\u1ea3i \u0111\u00e1 \u0111i\u1ec7n"},"content":{"rendered":"<p><img fetchpriority=\"high\" decoding=\"async\" class=\"alignnone wp-image-1253 size-full\" src=\"http:\/\/www.zongdamining.com\/wp-content\/uploads\/2022\/12\/electric-rock-loaders07197692919.jpg\" alt=\"\" width=\"730\" height=\"730\" srcset=\"https:\/\/www.zongdamining.com\/wp-content\/uploads\/2022\/12\/electric-rock-loaders07197692919.jpg 730w, https:\/\/www.zongdamining.com\/wp-content\/uploads\/2022\/12\/electric-rock-loaders07197692919-300x300.jpg 300w, https:\/\/www.zongdamining.com\/wp-content\/uploads\/2022\/12\/electric-rock-loaders07197692919-150x150.jpg 150w, https:\/\/www.zongdamining.com\/wp-content\/uploads\/2022\/12\/electric-rock-loaders07197692919-600x600.jpg 600w, https:\/\/www.zongdamining.com\/wp-content\/uploads\/2022\/12\/electric-rock-loaders07197692919-100x100.jpg 100w\" sizes=\"(max-width: 730px) 100vw, 730px\" \/><\/p>\n<p>M\u00e1y t\u1ea3i \u0111\u00e1 \u0111i\u1ec7n c\u00f3 \u0111\u1eb7c \u0111i\u1ec3m hi\u1ec7u qu\u1ea3 cao, c\u1ea5u tr\u00fac \u0111\u01a1n gi\u1ea3n, \u0111\u1ed9 tin c\u1eady t\u1ed1t, ho\u1ea1t \u0111\u1ed9ng thu\u1eadn ti\u1ec7n v\u00e0 ph\u1ea1m vi \u1ee9ng d\u1ee5ng r\u1ed9ng r\u00e3i. N\u00f3 c\u00f3 th\u1ec3 \u0111\u01b0\u1ee3c s\u1eed d\u1ee5ng kh\u00f4ng ch\u1ec9 cho h\u1ea7m, m\u00e0 c\u00f2n trong con \u0111\u01b0\u1eddng nghi\u00eang d\u01b0\u1edbi 30 \u00b0. \u0110\u00f3 l\u00e0 \u0111\u1ec3 c\u1ea3i thi\u1ec7n t\u1ed1c \u0111\u1ed9 \u0111\u01b0\u1eddng h\u1ea7m. C\u01a1 kh\u00ed h\u00f3a m\u1ed9t thi\u1ebft b\u1ecb c\u01a1 kh\u00ed l\u1edbn.<\/p>\n<p><img decoding=\"async\" class=\"alignnone wp-image-1252 size-full\" src=\"http:\/\/www.zongdamining.com\/wp-content\/uploads\/2022\/12\/electric-rock-loaders11135878153.jpg\" alt=\"\" width=\"730\" height=\"730\" srcset=\"https:\/\/www.zongdamining.com\/wp-content\/uploads\/2022\/12\/electric-rock-loaders11135878153.jpg 730w, https:\/\/www.zongdamining.com\/wp-content\/uploads\/2022\/12\/electric-rock-loaders11135878153-300x300.jpg 300w, https:\/\/www.zongdamining.com\/wp-content\/uploads\/2022\/12\/electric-rock-loaders11135878153-150x150.jpg 150w, https:\/\/www.zongdamining.com\/wp-content\/uploads\/2022\/12\/electric-rock-loaders11135878153-600x600.jpg 600w, https:\/\/www.zongdamining.com\/wp-content\/uploads\/2022\/12\/electric-rock-loaders11135878153-100x100.jpg 100w\" sizes=\"(max-width: 730px) 100vw, 730px\" \/><\/p>\n<table class=\"table\" style=\"width: 100%;\" border=\"0\" width=\"100%\" cellspacing=\"0\" cellpadding=\"0\">\n<tbody>\n<tr class=\"firstRow\">\n<td style=\"width: 62.9988%;\" colspan=\"3\" width=\"589\">S\u1ea3n ph\u1ea9m ZLD-20<\/td>\n<\/tr>\n<tr>\n<td style=\"width: 44.0145%;\" colspan=\"2\" width=\"417\">C\u00f4ng su\u1ea5t t\u1ea3i m\u00b3h<\/td>\n<td style=\"width: 18.9843%;\" width=\"172\">30-40<\/td>\n<\/tr>\n<tr>\n<td style=\"width: 44.0145%;\" colspan=\"2\" width=\"417\">Kh\u1ed1i l\u01b0\u1ee3ng x\u00f4 m\u00b3<\/td>\n<td style=\"width: 18.9843%;\" width=\"172\">0.2<\/td>\n<\/tr>\n<tr>\n<td style=\"width: 44.0145%;\" colspan=\"2\" width=\"417\">S\u1ee9c m\u1ea1nh<\/td>\n<td style=\"width: 18.9843%;\" width=\"172\">\u0110\u1ed9ng c\u01a1 \u0111i\u1ec7n<\/td>\n<\/tr>\n<tr>\n<td style=\"width: 44.0145%;\" colspan=\"2\" width=\"417\">C\u00f4ng su\u1ea5t \u0111i b\u1ed9 kW<\/td>\n<td style=\"width: 18.9843%;\" width=\"172\">9\u00d72<\/td>\n<\/tr>\n<tr>\n<td style=\"width: 44.0145%;\" colspan=\"2\" width=\"417\">Chi\u1ec1u cao t\u1ea3i mm<\/td>\n<td style=\"width: 18.9843%;\" width=\"172\">1360<\/td>\n<\/tr>\n<tr>\n<td style=\"width: 44.0145%;\" colspan=\"2\" width=\"417\">Chi\u1ec1u r\u1ed9ng t\u1ea3i mm<\/td>\n<td style=\"width: 18.9843%;\" width=\"172\">Kh\u00f4ng c\u00f3<\/td>\n<\/tr>\n<tr>\n<td style=\"width: 21.4027%;\" rowspan=\"5\" width=\"208\">K\u00edch th\u01b0\u1edbc m\u00e1y (mm)<\/td>\n<td style=\"width: 22.6119%;\" rowspan=\"2\" width=\"209\">Chi\u1ec1u d\u00e0i<\/p>\n<p>(khi th\u00f9ng \u0111\u01b0\u1ee3c \u0111\u1eb7t xu\u1ed1ng)<\/td>\n<td style=\"width: 18.9843%;\" rowspan=\"2\" width=\"172\">2530<\/td>\n<\/tr>\n<tr>\n<td style=\"width: 20.1935%;\" width=\"209\">Chi\u1ec1u r\u1ed9ng (khi b\u00e0n \u0111\u1ea1p \u0111\u01b0\u1ee3c \u0111\u1eb7t xu\u1ed1ng)<\/td>\n<td style=\"width: 16.5659%;\" width=\"172\">1370<\/td>\n<\/tr>\n<tr>\n<td style=\"width: 22.6119%;\" width=\"209\">Chi\u1ec1u cao (khi x\u00f4 \u0111ang l\u00e0m vi\u1ec7c)<\/td>\n<td style=\"width: 18.9843%;\" width=\"172\">2260<\/td>\n<\/tr>\n<tr>\n<td style=\"width: 22.6119%;\" width=\"209\">Chi\u1ec1u cao (khi x\u00f4 \u0111\u01b0\u1ee3c \u0111\u1eb7t xu\u1ed1ng)<\/td>\n<td style=\"width: 18.9843%;\" width=\"172\">1510<\/td>\n<\/tr>\n<tr>\n<td style=\"width: 41.5961%;\" colspan=\"2\" width=\"417\">M\u00e1y t\u1ea3i \u0111\u00e1 \u0111i\u1ec7n Tr\u1ecdng l\u01b0\u1ee3ng kg<\/td>\n<td style=\"width: 20.1935%;\" width=\"172\">4500<\/td>\n<\/tr>\n<\/tbody>\n<\/table>\n<p><img decoding=\"async\" class=\"alignnone wp-image-1251 size-full\" src=\"http:\/\/www.zongdamining.com\/wp-content\/uploads\/2022\/12\/electric-rock-loaders11136758140.jpg\" alt=\"\" width=\"730\" height=\"730\" srcset=\"https:\/\/www.zongdamining.com\/wp-content\/uploads\/2022\/12\/electric-rock-loaders11136758140.jpg 730w, https:\/\/www.zongdamining.com\/wp-content\/uploads\/2022\/12\/electric-rock-loaders11136758140-300x300.jpg 300w, https:\/\/www.zongdamining.com\/wp-content\/uploads\/2022\/12\/electric-rock-loaders11136758140-150x150.jpg 150w, https:\/\/www.zongdamining.com\/wp-content\/uploads\/2022\/12\/electric-rock-loaders11136758140-600x600.jpg 600w, https:\/\/www.zongdamining.com\/wp-content\/uploads\/2022\/12\/electric-rock-loaders11136758140-100x100.jpg 100w\" sizes=\"(max-width: 730px) 100vw, 730px\" \/><\/p>","protected":false},"excerpt":{"rendered":"<p>M\u00e1y t\u1ea3i \u0111\u00e1 \u0111i\u1ec7n c\u00f3 \u0111\u1eb7c \u0111i\u1ec3m hi\u1ec7u qu\u1ea3 cao, c\u1ea5u tr\u00fac \u0111\u01a1n gi\u1ea3n, \u0111\u1ed9 tin c\u1eady t\u1ed1t, ho\u1ea1t \u0111\u1ed9ng thu\u1eadn ti\u1ec7n v\u00e0 ph\u1ea1m vi \u1ee9ng d\u1ee5ng r\u1ed9ng r\u00e3i. N\u00f3 c\u00f3 th\u1ec3 \u0111\u01b0\u1ee3c s\u1eed d\u1ee5ng kh\u00f4ng ch\u1ec9 cho h\u1ea7m, m\u00e0 c\u00f2n trong con \u0111\u01b0\u1eddng nghi\u00eang d\u01b0\u1edbi 30 \u00b0.<\/p>","protected":false},"featured_media":1253,"comment_status":"open","ping_status":"closed","template":"","meta":{"_acf_changed":false},"product_brand":[],"product_cat":[15],"product_tag":[],"class_list":{"0":"post-1249","1":"product","2":"type-product","3":"status-publish","4":"has-post-thumbnail","6":"product_cat-trackless-mining-equipment","8":"first","9":"instock","10":"shipping-taxable","11":"product-type-simple"},"acf":[],"_links":{"self":[{"href":"https:\/\/www.zongdamining.com\/vi\/wp-json\/wp\/v2\/product\/1249","targetHints":{"allow":["GET"]}}],"collection":[{"href":"https:\/\/www.zongdamining.com\/vi\/wp-json\/wp\/v2\/product"}],"about":[{"href":"https:\/\/www.zongdamining.com\/vi\/wp-json\/wp\/v2\/types\/product"}],"replies":[{"embeddable":true,"href":"https:\/\/www.zongdamining.com\/vi\/wp-json\/wp\/v2\/comments?post=1249"}],"wp:featuredmedia":[{"embeddable":true,"href":"https:\/\/www.zongdamining.com\/vi\/wp-json\/wp\/v2\/media\/1253"}],"wp:attachment":[{"href":"https:\/\/www.zongdamining.com\/vi\/wp-json\/wp\/v2\/media?parent=1249"}],"wp:term":[{"taxonomy":"product_brand","embeddable":true,"href":"https:\/\/www.zongdamining.com\/vi\/wp-json\/wp\/v2\/product_brand?post=1249"},{"taxonomy":"product_cat","embeddable":true,"href":"https:\/\/www.zongdamining.com\/vi\/wp-json\/wp\/v2\/product_cat?post=1249"},{"taxonomy":"product_tag","embeddable":true,"href":"https:\/\/www.zongdamining.com\/vi\/wp-json\/wp\/v2\/product_tag?post=1249"}],"curies":[{"name":"WP","href":"https:\/\/api.w.org\/{rel}","templated":true}]}}