{"id":1254,"date":"2022-12-12T15:30:09","date_gmt":"2022-12-12T07:30:09","guid":{"rendered":"http:\/\/www.zongdamining.com\/?post_type=product&#038;p=1254"},"modified":"2025-03-17T11:50:23","modified_gmt":"2025-03-17T03:50:23","slug":"trolley-electric-locomotive-for-coal-mining","status":"publish","type":"product","link":"https:\/\/www.zongdamining.com\/vi\/product\/trolley-electric-locomotive-for-coal-mining\/","title":{"rendered":"Xe \u0111\u1ea9y \u0110\u1ed9ng c\u01a1 \u0111i\u1ec7n cho khai th\u00e1c than"},"content":{"rendered":"<div class=\"pro-details\">\n<div class=\"pro-details-tit\"><\/div>\n<div class=\"pro-details\">\n<p><img fetchpriority=\"high\" decoding=\"async\" class=\"alignnone wp-image-1258 size-full\" src=\"http:\/\/www.zongdamining.com\/wp-content\/uploads\/2022\/12\/trolley-electric-locomotive-for-coal-mining52364381800.jpg\" alt=\"\" width=\"730\" height=\"730\" srcset=\"https:\/\/www.zongdamining.com\/wp-content\/uploads\/2022\/12\/trolley-electric-locomotive-for-coal-mining52364381800.jpg 730w, https:\/\/www.zongdamining.com\/wp-content\/uploads\/2022\/12\/trolley-electric-locomotive-for-coal-mining52364381800-300x300.jpg 300w, https:\/\/www.zongdamining.com\/wp-content\/uploads\/2022\/12\/trolley-electric-locomotive-for-coal-mining52364381800-150x150.jpg 150w, https:\/\/www.zongdamining.com\/wp-content\/uploads\/2022\/12\/trolley-electric-locomotive-for-coal-mining52364381800-600x600.jpg 600w, https:\/\/www.zongdamining.com\/wp-content\/uploads\/2022\/12\/trolley-electric-locomotive-for-coal-mining52364381800-100x100.jpg 100w\" sizes=\"(max-width: 730px) 100vw, 730px\" \/><\/p>\n<p><strong>M\u1eabu s\u1ed1: CJY3\/6,7,9G<\/strong><\/p>\n<p><strong>D\u1eef li\u1ec7u k\u1ef9 thu\u1eadt<\/strong><\/p>\n<p>Xe \u0111\u1ea9y \u0111i\u1ec7n 3t cho khai th\u00e1c than \u00e1p d\u1ee5ng quy \u0111\u1ecbnh t\u1ed1c \u0111\u1ed9 IGBT, v\u1edbi \u0111i\u1ec7n \u00e1p 250v v\u00e0 h\u1ec7 th\u1ed1ng phanh c\u01a1 kh\u00ed v\u00e0 \u0111i\u1ec7n. T\u00ednh n\u0103ng c\u1ee7a n\u00f3: B\u1eaft \u0111\u1ea7u \u1ed5n \u0111\u1ecbnh, l\u1ef1c k\u00e9o cao, ho\u1ea1t \u0111\u1ed9ng \u1ed5n \u0111\u1ecbnh v\u00e0 linh ho\u1ea1t, c\u01a1 kh\u00ed ch\u1ea1y th\u00f4ng qua b\u00e1nh r\u0103ng h\u00ecnh n\u00f3n v\u00e0 k\u00edch th\u00edch hai giai \u0111o\u1ea1n truy\u1ec1n t\u1ea3i, v\u1edbi tu\u1ed5i th\u1ecd d\u00e0i h\u01a1n v\u00e0 hi\u1ec7u qu\u1ea3 cao. Ch\u1ee9c n\u0103ng: Th\u1eddi gian ch\u1eadm tr\u1ec5 kh\u1edfi \u0111\u1ed9ng m\u1ec1m v\u00e0 h\u1ec7 th\u1ed1ng b\u1ea3o v\u1ec7 cho d\u01b0\u1edbi \u0111i\u1ec7n \u00e1p, qu\u00e1 \u0111i\u1ec7n \u00e1p v\u00e0 qu\u00e1 d\u00f2ng \u0111i\u1ec7n. \u0110\u00e8n c\u1ee7a locos v\u1edbi c\u00f4ng t\u1eafc t\u1ef1 \u0111\u1ed9ng c\u1ee7a \u0111\u00e8n \u0111\u1ecf v\u00e0 tr\u1eafng v\u00e0 ho\u1ea1t \u0111\u1ed9ng kh\u00f3a l\u1eabn nhau.<\/p>\n<p><img decoding=\"async\" class=\"alignnone wp-image-1257 size-full\" src=\"http:\/\/www.zongdamining.com\/wp-content\/uploads\/2022\/12\/trolley-electric-locomotive-for-coal-mining56336881718.jpg\" alt=\"\" width=\"730\" height=\"730\" srcset=\"https:\/\/www.zongdamining.com\/wp-content\/uploads\/2022\/12\/trolley-electric-locomotive-for-coal-mining56336881718.jpg 730w, https:\/\/www.zongdamining.com\/wp-content\/uploads\/2022\/12\/trolley-electric-locomotive-for-coal-mining56336881718-300x300.jpg 300w, https:\/\/www.zongdamining.com\/wp-content\/uploads\/2022\/12\/trolley-electric-locomotive-for-coal-mining56336881718-150x150.jpg 150w, https:\/\/www.zongdamining.com\/wp-content\/uploads\/2022\/12\/trolley-electric-locomotive-for-coal-mining56336881718-600x600.jpg 600w, https:\/\/www.zongdamining.com\/wp-content\/uploads\/2022\/12\/trolley-electric-locomotive-for-coal-mining56336881718-100x100.jpg 100w\" sizes=\"(max-width: 730px) 100vw, 730px\" \/><\/p>\n<p>&nbsp;<\/p>\n<table class=\"table\" border=\"0\" width=\"100%\" cellspacing=\"0\" cellpadding=\"0\">\n<tbody>\n<tr class=\"firstRow\">\n<td width=\"243\">Tr\u1ecdng l\u01b0\u1ee3ng keo<\/td>\n<td width=\"78\">t<\/td>\n<td width=\"371\">3<\/td>\n<\/tr>\n<tr>\n<td width=\"243\">M\u00e1y \u0111o<\/td>\n<td width=\"78\">mm<\/td>\n<td width=\"371\">600\/762\/900<\/td>\n<\/tr>\n<tr>\n<td width=\"243\">\u0110i\u1ec7n \u00e1p \u0111\u1ecbnh m\u1ee9c<\/td>\n<td width=\"78\">v<\/td>\n<td width=\"371\">250<\/td>\n<\/tr>\n<tr>\n<td width=\"243\">L\u1ef1c k\u00e9o \u0111\u01b0\u1ee3c \u0111\u00e1nh gi\u00e1 gi\u1edd<\/td>\n<td width=\"78\">KN<\/td>\n<td width=\"371\">6.1\/5.79<\/td>\n<\/tr>\n<tr>\n<td width=\"243\">T\u1ed1c \u0111\u1ed9 \u0111\u00e1nh gi\u00e1 gi\u1edd<\/td>\n<td width=\"78\">Km \/ gi\u1edd<\/td>\n<td width=\"371\">10.6\/7.5<\/td>\n<\/tr>\n<tr>\n<td width=\"243\">\u0110\u1ed9ng c\u01a1 \u0111i\u1ec7n v\u00e0 \u0111i\u1ec7n<\/td>\n<td width=\"78\">KW<\/td>\n<td width=\"371\">1*12 \/ 2*6.5<\/td>\n<\/tr>\n<tr>\n<td width=\"243\">C\u01a1 s\u1edf b\u00e1nh xe<\/td>\n<td width=\"78\">mm<\/td>\n<td width=\"371\">816\/850<\/td>\n<\/tr>\n<tr>\n<td width=\"243\">Min. b\u00e1n k\u00ednh cong<\/td>\n<td width=\"78\">m<\/td>\n<td width=\"371\">5.7\/6<\/td>\n<\/tr>\n<tr>\n<td width=\"243\">Dia. c\u1ee7a b\u00e1nh xe<\/td>\n<td width=\"78\">mm<\/td>\n<td width=\"371\">650\/520<\/td>\n<\/tr>\n<tr>\n<td width=\"243\">Lo\u1ea1i \u0111i\u1ec1u khi\u1ec3n<\/td>\n<td width=\"78\"><\/td>\n<td width=\"371\">Ki\u1ec3m so\u00e1t kh\u00e1ng ho\u1eb7c Ki\u1ec3m so\u00e1t chopper<\/td>\n<\/tr>\n<tr>\n<td width=\"243\">Lo\u1ea1i phanh<\/td>\n<td width=\"78\"><\/td>\n<td width=\"371\">Phanh c\u01a1 kh\u00ed<\/td>\n<\/tr>\n<tr>\n<td width=\"243\">Lo\u1ea1i \u1ed5 \u0111\u0129a<\/td>\n<td width=\"78\"><\/td>\n<td width=\"371\">M\u1ed9t ho\u1eb7c hai giai \u0111o\u1ea1n Gear Drive<\/td>\n<\/tr>\n<tr>\n<td width=\"243\">Pantograph b\u1ed9 s\u01b0u t\u1eadp<\/td>\n<td width=\"78\"><\/td>\n<td width=\"371\">T\u00f9y ch\u1ec9nh<\/td>\n<\/tr>\n<tr>\n<td width=\"243\">K\u00edch th\u01b0\u1edbc b\u00ean ngo\u00e0i<\/td>\n<td width=\"78\">mm<\/td>\n<td width=\"371\">L: 2960\/2750<br \/>\nW: 920\/1082\/1220<br \/>\nH:1550<\/td>\n<\/tr>\n<\/tbody>\n<\/table>\n<p>&nbsp;<\/p>\n<p><img decoding=\"async\" class=\"alignnone wp-image-1256 size-full\" src=\"http:\/\/www.zongdamining.com\/wp-content\/uploads\/2022\/12\/trolley-electric-locomotive-for-coal-mining56338444114.jpg\" alt=\"\" width=\"730\" height=\"730\" srcset=\"https:\/\/www.zongdamining.com\/wp-content\/uploads\/2022\/12\/trolley-electric-locomotive-for-coal-mining56338444114.jpg 730w, https:\/\/www.zongdamining.com\/wp-content\/uploads\/2022\/12\/trolley-electric-locomotive-for-coal-mining56338444114-300x300.jpg 300w, https:\/\/www.zongdamining.com\/wp-content\/uploads\/2022\/12\/trolley-electric-locomotive-for-coal-mining56338444114-150x150.jpg 150w, https:\/\/www.zongdamining.com\/wp-content\/uploads\/2022\/12\/trolley-electric-locomotive-for-coal-mining56338444114-600x600.jpg 600w, https:\/\/www.zongdamining.com\/wp-content\/uploads\/2022\/12\/trolley-electric-locomotive-for-coal-mining56338444114-100x100.jpg 100w\" sizes=\"(max-width: 730px) 100vw, 730px\" \/><\/p>\n<\/div>\n<\/div>","protected":false},"excerpt":{"rendered":"<p>Xe \u0111\u1ea9y \u0111i\u1ec7n 3t cho khai th\u00e1c than \u00e1p d\u1ee5ng quy \u0111\u1ecbnh t\u1ed1c \u0111\u1ed9 IGBT, v\u1edbi \u0111i\u1ec7n \u00e1p 250v v\u00e0 h\u1ec7 th\u1ed1ng phanh c\u01a1 kh\u00ed v\u00e0 \u0111i\u1ec7n.<\/p>","protected":false},"featured_media":1258,"comment_status":"open","ping_status":"closed","template":"","meta":{"_acf_changed":false},"product_brand":[],"product_cat":[27],"product_tag":[],"class_list":{"0":"post-1254","1":"product","2":"type-product","3":"status-publish","4":"has-post-thumbnail","6":"product_cat-underground-mining-locomotives","8":"first","9":"instock","10":"shipping-taxable","11":"product-type-simple"},"acf":[],"_links":{"self":[{"href":"https:\/\/www.zongdamining.com\/vi\/wp-json\/wp\/v2\/product\/1254","targetHints":{"allow":["GET"]}}],"collection":[{"href":"https:\/\/www.zongdamining.com\/vi\/wp-json\/wp\/v2\/product"}],"about":[{"href":"https:\/\/www.zongdamining.com\/vi\/wp-json\/wp\/v2\/types\/product"}],"replies":[{"embeddable":true,"href":"https:\/\/www.zongdamining.com\/vi\/wp-json\/wp\/v2\/comments?post=1254"}],"wp:featuredmedia":[{"embeddable":true,"href":"https:\/\/www.zongdamining.com\/vi\/wp-json\/wp\/v2\/media\/1258"}],"wp:attachment":[{"href":"https:\/\/www.zongdamining.com\/vi\/wp-json\/wp\/v2\/media?parent=1254"}],"wp:term":[{"taxonomy":"product_brand","embeddable":true,"href":"https:\/\/www.zongdamining.com\/vi\/wp-json\/wp\/v2\/product_brand?post=1254"},{"taxonomy":"product_cat","embeddable":true,"href":"https:\/\/www.zongdamining.com\/vi\/wp-json\/wp\/v2\/product_cat?post=1254"},{"taxonomy":"product_tag","embeddable":true,"href":"https:\/\/www.zongdamining.com\/vi\/wp-json\/wp\/v2\/product_tag?post=1254"}],"curies":[{"name":"WP","href":"https:\/\/api.w.org\/{rel}","templated":true}]}}