{"id":1275,"date":"2022-12-12T11:35:13","date_gmt":"2022-12-12T03:35:13","guid":{"rendered":"http:\/\/www.zongdamining.com\/?post_type=product&#038;p=1275"},"modified":"2022-12-12T15:21:28","modified_gmt":"2022-12-12T07:21:28","slug":"flameproof-mining-trolley-locomotive","status":"publish","type":"product","link":"https:\/\/www.zongdamining.com\/vi\/product\/flameproof-mining-trolley-locomotive\/","title":{"rendered":"\u0110\u1ed9ng c\u01a1 xe \u0111\u1ea9y ch\u1ed1ng ch\u00e1y"},"content":{"rendered":"<p><img fetchpriority=\"high\" decoding=\"async\" class=\"alignnone wp-image-1258 size-full\" src=\"http:\/\/www.zongdamining.com\/wp-content\/uploads\/2022\/12\/trolley-electric-locomotive-for-coal-mining52364381800.jpg\" alt=\"\" width=\"730\" height=\"730\" srcset=\"https:\/\/www.zongdamining.com\/wp-content\/uploads\/2022\/12\/trolley-electric-locomotive-for-coal-mining52364381800.jpg 730w, https:\/\/www.zongdamining.com\/wp-content\/uploads\/2022\/12\/trolley-electric-locomotive-for-coal-mining52364381800-300x300.jpg 300w, https:\/\/www.zongdamining.com\/wp-content\/uploads\/2022\/12\/trolley-electric-locomotive-for-coal-mining52364381800-150x150.jpg 150w, https:\/\/www.zongdamining.com\/wp-content\/uploads\/2022\/12\/trolley-electric-locomotive-for-coal-mining52364381800-600x600.jpg 600w, https:\/\/www.zongdamining.com\/wp-content\/uploads\/2022\/12\/trolley-electric-locomotive-for-coal-mining52364381800-100x100.jpg 100w\" sizes=\"(max-width: 730px) 100vw, 730px\" \/><\/p>\n<p><strong>D\u1eef li\u1ec7u k\u1ef9 thu\u1eadt<\/strong><\/p>\n<p>Xe \u0111\u1ea9y khai th\u00e1c m\u1ecf ch\u1ed1ng ch\u00e1y 10t \u0110\u1ed9ng c\u01a1 \u0111\u01b0\u1ee3c chia th\u00e0nh 4 lo\u1ea1i: truy\u1ec1n m\u1ed9t b\u01b0\u1edbc th\u00f4ng th\u01b0\u1eddng, l\u00e0m d\u00e0y t\u1ea5m t\u01b0\u1eddng, truy\u1ec1n hai b\u01b0\u1edbc th\u00f4ng th\u01b0\u1eddng v\u00e0 c\u00e1c lo\u1ea1i k\u00e9o \u0111\u1ed9ng c\u01a1 k\u00e9p. \u0110i\u1ec7n \u00e1p c\u1ee7a n\u00f3 l\u00e0 250v v\u00e0 550v. C\u00e1ch \u0111i\u1ec1u ch\u1ec9nh t\u1ed1c \u0111\u1ed9 c\u00f3 kh\u00e1ng, IGBT Chopper v\u00e0 \u0111i\u1ec1u ch\u1ec9nh t\u1ed1c \u0111\u1ed9 chuy\u1ec3n \u0111\u1ed5i t\u1ea7n s\u1ed1 3 lo\u1ea1i. T\u00ednh n\u0103ng c\u1ee7a n\u00f3: Tr\u1ea1m b\u00e1nh ng\u1eafn, \u0111\u1ed9 c\u1ee9ng t\u1ed1t v\u00e0 hi\u1ec7u su\u1ea5t \u0111\u1ec7m.<\/p>\n<p><img decoding=\"async\" class=\"alignnone wp-image-1278 size-full\" src=\"http:\/\/www.zongdamining.com\/wp-content\/uploads\/2022\/12\/flameproof-mining-trolley-locomotive52307975405.jpg\" alt=\"\" width=\"730\" height=\"730\" srcset=\"https:\/\/www.zongdamining.com\/wp-content\/uploads\/2022\/12\/flameproof-mining-trolley-locomotive52307975405.jpg 730w, https:\/\/www.zongdamining.com\/wp-content\/uploads\/2022\/12\/flameproof-mining-trolley-locomotive52307975405-300x300.jpg 300w, https:\/\/www.zongdamining.com\/wp-content\/uploads\/2022\/12\/flameproof-mining-trolley-locomotive52307975405-150x150.jpg 150w, https:\/\/www.zongdamining.com\/wp-content\/uploads\/2022\/12\/flameproof-mining-trolley-locomotive52307975405-600x600.jpg 600w, https:\/\/www.zongdamining.com\/wp-content\/uploads\/2022\/12\/flameproof-mining-trolley-locomotive52307975405-100x100.jpg 100w\" sizes=\"(max-width: 730px) 100vw, 730px\" \/><\/p>\n<p>&nbsp;<\/p>\n<table class=\"table\" border=\"0\" width=\"100%\" cellspacing=\"0\" cellpadding=\"0\">\n<tbody>\n<tr class=\"firstRow\">\n<td width=\"243\">Tr\u1ecdng l\u01b0\u1ee3ng keo<\/td>\n<td width=\"189\">t<\/td>\n<td width=\"217\">10<\/td>\n<\/tr>\n<tr>\n<td width=\"243\">M\u00e1y \u0111o<\/td>\n<td width=\"189\">mm<\/td>\n<td width=\"217\">600\/762\/900<\/td>\n<\/tr>\n<tr>\n<td width=\"243\">\u0110i\u1ec7n \u00e1p \u0111\u1ecbnh m\u1ee9c<\/td>\n<td width=\"189\">v<\/td>\n<td width=\"217\">250\/550<\/td>\n<\/tr>\n<tr>\n<td width=\"243\">L\u1ef1c k\u00e9o \u0111\u01b0\u1ee3c \u0111\u00e1nh gi\u00e1 gi\u1edd<\/td>\n<td width=\"189\">KN<\/td>\n<td width=\"217\">13.05\/15.09\/18.93<\/td>\n<\/tr>\n<tr>\n<td width=\"243\">T\u1ed1c \u0111\u1ed9 \u0111\u00e1nh gi\u00e1 gi\u1edd<\/td>\n<td width=\"189\">Km \/ gi\u1edd<\/td>\n<td width=\"217\">10.05\/11<\/td>\n<\/tr>\n<tr>\n<td width=\"243\">\u0110\u1ed9ng c\u01a1 \u0111i\u1ec7n v\u00e0 \u0111i\u1ec7n<\/td>\n<td width=\"189\">KW<\/td>\n<td width=\"217\">2*24 \/ 2*30<\/td>\n<\/tr>\n<tr>\n<td width=\"243\">C\u01a1 s\u1edf b\u00e1nh xe<\/td>\n<td width=\"189\">mm<\/td>\n<td width=\"217\">1100\/1220\/1180<\/td>\n<\/tr>\n<tr>\n<td width=\"243\">Min. b\u00e1n k\u00ednh cong<\/td>\n<td width=\"189\">m<\/td>\n<td width=\"217\">7\/9\/10<\/td>\n<\/tr>\n<tr>\n<td width=\"243\">Dia. c\u1ee7a b\u00e1nh xe<\/td>\n<td width=\"189\">mm<\/td>\n<td width=\"217\">680<\/td>\n<\/tr>\n<tr>\n<td width=\"243\">Lo\u1ea1i \u0111i\u1ec1u khi\u1ec3n<\/td>\n<td width=\"189\"><\/td>\n<td width=\"217\">Ki\u1ec3m so\u00e1t kh\u00e1ng ho\u1eb7c Ki\u1ec3m so\u00e1t chopper<\/td>\n<\/tr>\n<tr>\n<td width=\"243\">Lo\u1ea1i phanh<\/td>\n<td width=\"189\"><\/td>\n<td width=\"217\">Phanh c\u01a1 kh\u00ed<\/td>\n<\/tr>\n<tr>\n<td width=\"243\">Lo\u1ea1i \u1ed5 \u0111\u0129a<\/td>\n<td width=\"189\"><\/td>\n<td width=\"217\">\u0110\u00f3ng hai giai \u0111o\u1ea1n Gear Drive<\/td>\n<\/tr>\n<tr>\n<td width=\"243\">Pantograph b\u1ed9 s\u01b0u t\u1eadp<\/td>\n<td width=\"189\"><\/td>\n<td width=\"217\">T\u00f9y ch\u1ec9nh<\/td>\n<\/tr>\n<tr>\n<td width=\"243\">K\u00edch th\u01b0\u1edbc b\u00ean ngo\u00e0i<\/td>\n<td width=\"189\">mm<\/td>\n<td width=\"217\">L: 4660\/4470<br \/>\nW: 1050\/1212\/1350<br \/>\nH:1550\/1660\/<\/td>\n<\/tr>\n<\/tbody>\n<\/table>\n<p>&nbsp;<\/p>\n<p><img decoding=\"async\" class=\"alignnone wp-image-1257 size-full\" src=\"http:\/\/www.zongdamining.com\/wp-content\/uploads\/2022\/12\/trolley-electric-locomotive-for-coal-mining56336881718.jpg\" alt=\"\" width=\"730\" height=\"730\" srcset=\"https:\/\/www.zongdamining.com\/wp-content\/uploads\/2022\/12\/trolley-electric-locomotive-for-coal-mining56336881718.jpg 730w, https:\/\/www.zongdamining.com\/wp-content\/uploads\/2022\/12\/trolley-electric-locomotive-for-coal-mining56336881718-300x300.jpg 300w, https:\/\/www.zongdamining.com\/wp-content\/uploads\/2022\/12\/trolley-electric-locomotive-for-coal-mining56336881718-150x150.jpg 150w, https:\/\/www.zongdamining.com\/wp-content\/uploads\/2022\/12\/trolley-electric-locomotive-for-coal-mining56336881718-600x600.jpg 600w, https:\/\/www.zongdamining.com\/wp-content\/uploads\/2022\/12\/trolley-electric-locomotive-for-coal-mining56336881718-100x100.jpg 100w\" sizes=\"(max-width: 730px) 100vw, 730px\" \/><\/p>","protected":false},"excerpt":{"rendered":"<p>Xe \u0111\u1ea9y khai th\u00e1c m\u1ecf ch\u1ed1ng ch\u00e1y 10t \u0110\u1ed9ng c\u01a1 \u0111\u01b0\u1ee3c chia th\u00e0nh 4 lo\u1ea1i: truy\u1ec1n m\u1ed9t b\u01b0\u1edbc th\u00f4ng th\u01b0\u1eddng, l\u00e0m d\u00e0y t\u1ea5m t\u01b0\u1eddng, truy\u1ec1n hai b\u01b0\u1edbc th\u00f4ng th\u01b0\u1eddng v\u00e0 c\u00e1c lo\u1ea1i k\u00e9o \u0111\u1ed9ng c\u01a1 k\u00e9p. \u0110i\u1ec7n \u00e1p c\u1ee7a n\u00f3 l\u00e0 250v v\u00e0 550v.<\/p>","protected":false},"featured_media":1258,"comment_status":"open","ping_status":"closed","template":"","meta":{"_acf_changed":false},"product_brand":[],"product_cat":[27],"product_tag":[],"class_list":{"0":"post-1275","1":"product","2":"type-product","3":"status-publish","4":"has-post-thumbnail","6":"product_cat-underground-mining-locomotives","8":"first","9":"instock","10":"shipping-taxable","11":"product-type-simple"},"acf":[],"_links":{"self":[{"href":"https:\/\/www.zongdamining.com\/vi\/wp-json\/wp\/v2\/product\/1275","targetHints":{"allow":["GET"]}}],"collection":[{"href":"https:\/\/www.zongdamining.com\/vi\/wp-json\/wp\/v2\/product"}],"about":[{"href":"https:\/\/www.zongdamining.com\/vi\/wp-json\/wp\/v2\/types\/product"}],"replies":[{"embeddable":true,"href":"https:\/\/www.zongdamining.com\/vi\/wp-json\/wp\/v2\/comments?post=1275"}],"wp:featuredmedia":[{"embeddable":true,"href":"https:\/\/www.zongdamining.com\/vi\/wp-json\/wp\/v2\/media\/1258"}],"wp:attachment":[{"href":"https:\/\/www.zongdamining.com\/vi\/wp-json\/wp\/v2\/media?parent=1275"}],"wp:term":[{"taxonomy":"product_brand","embeddable":true,"href":"https:\/\/www.zongdamining.com\/vi\/wp-json\/wp\/v2\/product_brand?post=1275"},{"taxonomy":"product_cat","embeddable":true,"href":"https:\/\/www.zongdamining.com\/vi\/wp-json\/wp\/v2\/product_cat?post=1275"},{"taxonomy":"product_tag","embeddable":true,"href":"https:\/\/www.zongdamining.com\/vi\/wp-json\/wp\/v2\/product_tag?post=1275"}],"curies":[{"name":"WP","href":"https:\/\/api.w.org\/{rel}","templated":true}]}}