{"id":1276,"date":"2022-12-12T11:32:54","date_gmt":"2022-12-12T03:32:54","guid":{"rendered":"http:\/\/www.zongdamining.com\/?post_type=product&#038;p=1276"},"modified":"2023-01-29T16:51:43","modified_gmt":"2023-01-29T08:51:43","slug":"underground-rock-mining-drilling-machine","status":"publish","type":"product","link":"https:\/\/www.zongdamining.com\/vi\/product\/underground-rock-mining-drilling-machine\/","title":{"rendered":"M\u00e1y khoan khai th\u00e1c \u0111\u00e1 ng\u1ea7m"},"content":{"rendered":"<p>V\u1edbi s\u1ef1 c\u1ea1nh tranh ng\u00e0y c\u00e0ng kh\u1eafc nghi\u1ec7t trong xe l\u1eeda \u0111i\u1ec7n pin cho khai th\u00e1c m\u1ecf, qu\u1ea1t th\u00f4ng gi\u00f3 m\u1ecf than, th\u1ecb tr\u01b0\u1eddng xe ti\u1ec7n \u00edch ng\u1ea7m, c\u00f4ng ty c\u1ee7a ch\u00fang t\u00f4i n\u1ed7 l\u1ef1c ch\u0103m ch\u1ec9, kh\u00f4ng bao gi\u1edd b\u1ecf cu\u1ed9c v\u00e0 li\u00ean t\u1ee5c c\u1ed1 g\u1eafng t\u00ecm tri\u1ebft l\u00fd kinh doanh t\u1ed1t nh\u1ea5t. Ch\u00fang t\u00f4i kh\u00f4ng ch\u1ec9 cung c\u1ea5p thi\u1ebft b\u1ecb ch\u1ea5t l\u01b0\u1ee3ng cao, \u0111\u00e1ng tin c\u1eady, hi\u1ec7u qu\u1ea3 v\u1ec1 chi ph\u00ed, m\u00e0 c\u00f2n cung c\u1ea5p h\u1ed7 tr\u1ee3 t\u1ec9 m\u1ec9 v\u00e0 ki\u00ean nh\u1eabn cho t\u1ea5t c\u1ea3 c\u00e1c lo\u1ea1i v\u1ea5n \u0111\u1ec1 b\u1ea1n g\u1eb7p ph\u1ea3i trong khi s\u1eed d\u1ee5ng. V\u1edbi m\u1ed9t ph\u1ea1m vi r\u1ed9ng, ch\u1ea5t l\u01b0\u1ee3ng t\u1ed1t, gi\u00e1 c\u1ea3 h\u1ee3p l\u00fd v\u00e0 thi\u1ebft k\u1ebf phong c\u00e1ch, s\u1ea3n ph\u1ea9m c\u1ee7a ch\u00fang t\u00f4i \u0111\u01b0\u1ee3c s\u1eed d\u1ee5ng r\u1ed9ng r\u00e3i trong c\u00e1c ng\u00e0nh c\u00f4ng nghi\u1ec7p n\u00e0y v\u00e0 c\u00e1c ng\u00e0nh c\u00f4ng nghi\u1ec7p kh\u00e1c. Ch\u1ea5t l\u01b0\u1ee3ng \u0111\u1ecbnh h\u01b0\u1edbng l\u00e0 ch\u00ednh s\u00e1ch kinh doanh nh\u1ea5t qu\u00e1n c\u1ee7a ch\u00fang t\u00f4i v\u00e0 danh ti\u1ebfng t\u1ed1t c\u1ee7a ch\u00fang t\u00f4i \u0111\u00e3 ti\u00eam s\u1ee9c m\u1ea1nh li\u00ean t\u1ee5c v\u00e0o s\u1ef1 ph\u00e1t tri\u1ec3n c\u1ee7a doanh nghi\u1ec7p.<\/p>\n<p><img fetchpriority=\"high\" decoding=\"async\" class=\"alignnone wp-image-1280 size-full\" src=\"http:\/\/www.zongdamining.com\/wp-content\/uploads\/2022\/12\/flame-proof-mining-battery-locomotive32250486774-1.jpg\" alt=\"\" width=\"750\" height=\"750\" srcset=\"https:\/\/www.zongdamining.com\/wp-content\/uploads\/2022\/12\/flame-proof-mining-battery-locomotive32250486774-1.jpg 750w, https:\/\/www.zongdamining.com\/wp-content\/uploads\/2022\/12\/flame-proof-mining-battery-locomotive32250486774-1-300x300.jpg 300w, https:\/\/www.zongdamining.com\/wp-content\/uploads\/2022\/12\/flame-proof-mining-battery-locomotive32250486774-1-150x150.jpg 150w, https:\/\/www.zongdamining.com\/wp-content\/uploads\/2022\/12\/flame-proof-mining-battery-locomotive32250486774-1-600x600.jpg 600w, https:\/\/www.zongdamining.com\/wp-content\/uploads\/2022\/12\/flame-proof-mining-battery-locomotive32250486774-1-100x100.jpg 100w\" sizes=\"(max-width: 750px) 100vw, 750px\" \/><\/p>\n<p><strong>M\u1eabu s\u1ed1: CTY12\/610\/GB192<\/strong><\/p>\n<p><strong>D\u1eef li\u1ec7u k\u1ef9 thu\u1eadt c\u1ee7a \u0111\u1ed9ng c\u01a1 pin khai th\u00e1c 12t<\/strong><\/p>\n<p>\u0110\u1ed9ng c\u01a1 m\u00e1y m\u00f3c pin ch\u1ed1ng ch\u00e1y 12t, ch\u1ebf \u0111\u1ed9 \u0111i\u1ec1u ch\u1ec9nh t\u1ed1c \u0111\u1ed9 \u0111\u01b0\u1ee3c chia th\u00e0nh \u0111i\u1ec1u ch\u1ec9nh t\u1ed1c \u0111\u1ed9 chopper, phanh c\u01a1 h\u1ecdc, \u1ed5 \u0111\u0129a h\u1ed9p s\u1ed1 hai giai \u0111o\u1ea1n, gi\u1ea3m t\u1ed1c l\u00f2 xo cao su, \u0111i\u1ec7n \u00e1p 192v. T\u00ednh n\u0103ng c\u1ee7a n\u00f3: l\u1ef1c k\u00e9o l\u1edbn, hi\u1ec7u su\u1ea5t t\u0103ng t\u1ed1c t\u1ed1t, ho\u1ea1t \u0111\u1ed9ng d\u1ec5 d\u00e0ng, b\u1ea3o tr\u00ec \u0111\u01a1n gi\u1ea3n, ho\u1ea1t \u0111\u1ed9ng \u1ed5n \u0111\u1ecbnh.<\/p>\n<p><img decoding=\"async\" class=\"alignnone wp-image-1281 size-full\" src=\"http:\/\/www.zongdamining.com\/wp-content\/uploads\/2022\/12\/20200421115425d0623defb4e3422da44e92af20968ffe-1.jpg\" alt=\"\" width=\"750\" height=\"644\" srcset=\"https:\/\/www.zongdamining.com\/wp-content\/uploads\/2022\/12\/20200421115425d0623defb4e3422da44e92af20968ffe-1.jpg 750w, https:\/\/www.zongdamining.com\/wp-content\/uploads\/2022\/12\/20200421115425d0623defb4e3422da44e92af20968ffe-1-300x258.jpg 300w, https:\/\/www.zongdamining.com\/wp-content\/uploads\/2022\/12\/20200421115425d0623defb4e3422da44e92af20968ffe-1-600x515.jpg 600w\" sizes=\"(max-width: 750px) 100vw, 750px\" \/><\/p>\n<div class=\"table-responsive\">\n<table class=\"table\" border=\"0\" width=\"100%\" cellspacing=\"0\" cellpadding=\"0\">\n<tbody>\n<tr class=\"firstRow\">\n<td width=\"243\">Tr\u1ecdng l\u01b0\u1ee3ng keo<\/td>\n<td width=\"189\">t<\/td>\n<td width=\"217\">12<\/td>\n<\/tr>\n<tr>\n<td width=\"243\">M\u00e1y \u0111o<\/td>\n<td width=\"189\">mm<\/td>\n<td width=\"217\">610<\/td>\n<\/tr>\n<tr>\n<td width=\"243\">\u0110i\u1ec7n \u00e1p \u0111\u1ecbnh m\u1ee9c<\/td>\n<td width=\"189\">v<\/td>\n<td width=\"217\">192<\/td>\n<\/tr>\n<tr>\n<td width=\"243\">L\u1ef1c k\u00e9o \u0111\u01b0\u1ee3c \u0111\u00e1nh gi\u00e1 gi\u1edd<\/td>\n<td width=\"189\">KN<\/td>\n<td width=\"217\">16.46<\/td>\n<\/tr>\n<tr>\n<td width=\"243\">T\u1ed1c \u0111\u1ed9 \u0111\u00e1nh gi\u00e1 gi\u1edd<\/td>\n<td width=\"189\">Km \/ gi\u1edd<\/td>\n<td width=\"217\">8.7<\/td>\n<\/tr>\n<tr>\n<td width=\"243\">\u0110\u1ed9ng c\u01a1 \u0111i\u1ec7n v\u00e0 \u0111i\u1ec7n<\/td>\n<td width=\"189\">KW<\/td>\n<td width=\"217\">22*2<\/td>\n<\/tr>\n<tr>\n<td width=\"243\">Pin<\/td>\n<td width=\"189\">D560KT<\/td>\n<td width=\"217\">96 chi\u1ebfc<\/td>\n<\/tr>\n<tr>\n<td width=\"243\">C\u01a1 s\u1edf b\u00e1nh xe<\/td>\n<td width=\"189\">mm<\/td>\n<td width=\"217\">1180<\/td>\n<\/tr>\n<tr>\n<td width=\"243\">Min. b\u00e1n k\u00ednh cong<\/td>\n<td width=\"189\">m<\/td>\n<td width=\"217\">7<\/td>\n<\/tr>\n<tr>\n<td width=\"243\">Dia. c\u1ee7a b\u00e1nh xe<\/td>\n<td width=\"189\">mm<\/td>\n<td width=\"217\">680<\/td>\n<\/tr>\n<tr>\n<td width=\"243\">Lo\u1ea1i \u0111i\u1ec1u khi\u1ec3n<\/td>\n<td width=\"189\"><\/td>\n<td width=\"217\">Ki\u1ec3m so\u00e1t chopper<\/td>\n<\/tr>\n<tr>\n<td width=\"243\">Lo\u1ea1i phanh<\/td>\n<td width=\"189\"><\/td>\n<td width=\"217\">Phanh c\u01a1 h\u1ecdc ho\u1eb7c phanh kh\u00ed n\u00e9n<\/td>\n<\/tr>\n<tr>\n<td width=\"243\">Lo\u1ea1i \u1ed5 \u0111\u0129a<\/td>\n<td width=\"189\"><\/td>\n<td width=\"217\">H\u1ed9p s\u1ed1 hai giai \u0111o\u1ea1n Drive<\/td>\n<\/tr>\n<tr>\n<td width=\"243\">Chi\u1ec1u cao k\u00e9o<\/td>\n<td width=\"189\">mm<\/td>\n<td width=\"217\">320\uff0c 430<\/td>\n<\/tr>\n<tr>\n<td width=\"243\">K\u00edch th\u01b0\u1edbc b\u00ean ngo\u00e0i<\/td>\n<td width=\"189\">mm<\/td>\n<td width=\"217\">\u0110\u1ed9 d\u00e0i: 5100mm<br \/>\nW: 1080mm<br \/>\nH: 1660mm<\/td>\n<\/tr>\n<\/tbody>\n<\/table>\n<\/div>\n<p><img decoding=\"async\" class=\"alignnone wp-image-1279 size-full\" src=\"http:\/\/www.zongdamining.com\/wp-content\/uploads\/2022\/12\/20200421115601a173c61feacb4171ba18273d24999833-1.jpg\" alt=\"\" width=\"750\" height=\"629\" srcset=\"https:\/\/www.zongdamining.com\/wp-content\/uploads\/2022\/12\/20200421115601a173c61feacb4171ba18273d24999833-1.jpg 750w, https:\/\/www.zongdamining.com\/wp-content\/uploads\/2022\/12\/20200421115601a173c61feacb4171ba18273d24999833-1-300x252.jpg 300w, https:\/\/www.zongdamining.com\/wp-content\/uploads\/2022\/12\/20200421115601a173c61feacb4171ba18273d24999833-1-600x503.jpg 600w\" sizes=\"(max-width: 750px) 100vw, 750px\" \/><\/p>\n<p>Y\u00eau c\u1ea7u c\u1ee7a b\u1ea1n l\u00e0 c\u00f4ng vi\u1ec7c c\u1ee7a ch\u00fang t\u00f4i, ch\u00fang t\u00f4i s\u1ebd cung c\u1ea5p cho b\u1ea1n v\u1edbi ch\u1ea5t l\u01b0\u1ee3ng t\u1ed1t nh\u1ea5t m\u00e1y khoan m\u1ecf \u0111\u00e1 d\u01b0\u1edbi l\u00f2ng \u0111\u1ea5t v\u00e0 d\u1ecbch v\u1ee5 th\u1ecfa m\u00e3n nh\u1ea5t! Ch\u00fang t\u00f4i \u0111\u00e3 \u0111\u1ea1t \u0111\u01b0\u1ee3c s\u1ef1 gia t\u0103ng \u0111\u1ed3ng th\u1eddi trong s\u1ef1 ph\u1ed5 bi\u1ebfn v\u00e0 danh ti\u1ebfng trong tr\u00e1i tim c\u1ee7a ng\u01b0\u1eddi ti\u00eau d\u00f9ng. S\u1ea3n ph\u1ea9m c\u1ee7a ch\u00fang t\u00f4i \u0111\u01b0\u1ee3c ph\u1ed5 bi\u1ebfn t\u1ed1t trong s\u1ed1 kh\u00e1ch h\u00e0ng c\u1ee7a ch\u00fang t\u00f4i.<\/p>","protected":false},"excerpt":{"rendered":"<p>\u0110\u1ed9ng c\u01a1 m\u00e1y m\u00f3c pin ch\u1ed1ng ch\u00e1y 12t, ch\u1ebf \u0111\u1ed9 \u0111i\u1ec1u ch\u1ec9nh t\u1ed1c \u0111\u1ed9 \u0111\u01b0\u1ee3c chia th\u00e0nh \u0111i\u1ec1u ch\u1ec9nh t\u1ed1c \u0111\u1ed9 chopper, phanh c\u01a1 h\u1ecdc, \u1ed5 \u0111\u0129a h\u1ed9p s\u1ed1 hai giai \u0111o\u1ea1n, gi\u1ea3m t\u1ed1c l\u00f2 xo cao su, \u0111i\u1ec7n \u00e1p 192v.<\/p>","protected":false},"featured_media":1280,"comment_status":"open","ping_status":"closed","template":"","meta":{"_acf_changed":false},"product_brand":[],"product_cat":[27],"product_tag":[],"class_list":{"0":"post-1276","1":"product","2":"type-product","3":"status-publish","4":"has-post-thumbnail","6":"product_cat-underground-mining-locomotives","8":"first","9":"instock","10":"shipping-taxable","11":"product-type-simple"},"acf":[],"_links":{"self":[{"href":"https:\/\/www.zongdamining.com\/vi\/wp-json\/wp\/v2\/product\/1276","targetHints":{"allow":["GET"]}}],"collection":[{"href":"https:\/\/www.zongdamining.com\/vi\/wp-json\/wp\/v2\/product"}],"about":[{"href":"https:\/\/www.zongdamining.com\/vi\/wp-json\/wp\/v2\/types\/product"}],"replies":[{"embeddable":true,"href":"https:\/\/www.zongdamining.com\/vi\/wp-json\/wp\/v2\/comments?post=1276"}],"wp:featuredmedia":[{"embeddable":true,"href":"https:\/\/www.zongdamining.com\/vi\/wp-json\/wp\/v2\/media\/1280"}],"wp:attachment":[{"href":"https:\/\/www.zongdamining.com\/vi\/wp-json\/wp\/v2\/media?parent=1276"}],"wp:term":[{"taxonomy":"product_brand","embeddable":true,"href":"https:\/\/www.zongdamining.com\/vi\/wp-json\/wp\/v2\/product_brand?post=1276"},{"taxonomy":"product_cat","embeddable":true,"href":"https:\/\/www.zongdamining.com\/vi\/wp-json\/wp\/v2\/product_cat?post=1276"},{"taxonomy":"product_tag","embeddable":true,"href":"https:\/\/www.zongdamining.com\/vi\/wp-json\/wp\/v2\/product_tag?post=1276"}],"curies":[{"name":"WP","href":"https:\/\/api.w.org\/{rel}","templated":true}]}}