{"id":1284,"date":"2022-12-12T11:46:05","date_gmt":"2022-12-12T03:46:05","guid":{"rendered":"http:\/\/www.zongdamining.com\/?post_type=product&#038;p=1284"},"modified":"2022-12-12T11:46:05","modified_gmt":"2022-12-12T03:46:05","slug":"tunnel-ventilation-fan","status":"publish","type":"product","link":"https:\/\/www.zongdamining.com\/vi\/product\/tunnel-ventilation-fan\/","title":{"rendered":"Qu\u1ea1t th\u00f4ng gi\u00f3 \u0111\u01b0\u1eddng h\u1ea7m"},"content":{"rendered":"<p><img fetchpriority=\"high\" decoding=\"async\" class=\"alignnone wp-image-1296 size-full\" src=\"http:\/\/www.zongdamining.com\/wp-content\/uploads\/2022\/12\/tunnel-ventilation-fan35492934396.jpg\" alt=\"\" width=\"730\" height=\"730\" srcset=\"https:\/\/www.zongdamining.com\/wp-content\/uploads\/2022\/12\/tunnel-ventilation-fan35492934396.jpg 730w, https:\/\/www.zongdamining.com\/wp-content\/uploads\/2022\/12\/tunnel-ventilation-fan35492934396-300x300.jpg 300w, https:\/\/www.zongdamining.com\/wp-content\/uploads\/2022\/12\/tunnel-ventilation-fan35492934396-150x150.jpg 150w, https:\/\/www.zongdamining.com\/wp-content\/uploads\/2022\/12\/tunnel-ventilation-fan35492934396-600x600.jpg 600w, https:\/\/www.zongdamining.com\/wp-content\/uploads\/2022\/12\/tunnel-ventilation-fan35492934396-100x100.jpg 100w\" sizes=\"(max-width: 730px) 100vw, 730px\" \/><\/p>\n<p><strong>Th\u00f4ng s\u1ed1 k\u1ef9 thu\u1eadt<\/strong><\/p>\n<p>Qu\u1ea1t th\u00f4ng gi\u00f3 \u0111\u01b0\u1eddng h\u1ea7m SDS \u0111\u01b0\u1ee3c s\u1eed d\u1ee5ng cho h\u1ec7 th\u1ed1ng th\u00f4ng gi\u00f3 \u0111\u01b0\u1eddng h\u1ea7m, qu\u1ea1t \u0111\u01b0\u1ee3c l\u1eafp \u0111\u1eb7t treo tr\u00ean m\u00e1i nh\u00e0 tr\u00ean c\u00f9ng c\u1ee7a \u0111\u01b0\u1eddng h\u1ea7m ho\u1eb7c c\u1ea3 hai b\u00ean, kh\u00f4ng \u1ea3nh h\u01b0\u1edfng \u0111\u1ebfn giao th\u00f4ng, kh\u00f4ng c\u1ea7n x\u00e2y d\u1ef1ng c\u00e1ch th\u1ea3i. T\u00f2a nh\u00e0 chi ph\u00ed th\u1ea5p, l\u00e0 qu\u1ea1t th\u00f4ng gi\u00f3 r\u1ea5t ho\u00e0n h\u1ea3o.<\/p>\n<p><strong>\u0110\u1eb7c \u0111i\u1ec3m ch\u00ednh<\/strong><\/p>\n<p>1) C\u1ea5u tr\u00fac \u0111\u01a1n gi\u1ea3n trong lo\u1ea1i tuy\u1ebfn t\u00ednh, d\u1ec5 d\u00e0ng l\u1eafp \u0111\u1eb7t v\u00e0 b\u1ea3o tr\u00ec.<\/p>\n<p>2) \u00c1p d\u1ee5ng c\u00e1c th\u00e0nh ph\u1ea7n th\u01b0\u01a1ng hi\u1ec7u n\u1ed5i ti\u1ebfng th\u1ebf gi\u1edbi ti\u00ean ti\u1ebfn trong c\u00e1c b\u1ed9 ph\u1eadn kh\u00ed n\u00e9n, b\u1ed9 ph\u1eadn \u0111i\u1ec7n v\u00e0 b\u1ed9 ph\u1eadn ho\u1ea1t \u0111\u1ed9ng.<\/p>\n<p>3) M\u00e1y quay k\u00e9p \u00e1p su\u1ea5t cao \u0111\u1ec3 ki\u1ec3m so\u00e1t vi\u1ec7c m\u1edf v\u00e0 \u0111\u00f3ng die.<\/p>\n<p>4) Ch\u1ea1y trong m\u1ed9t t\u1ef1 \u0111\u1ed9ng h\u00f3a cao v\u00e0 tr\u00ed tu\u1ec7 h\u00f3a, kh\u00f4ng \u00f4 nhi\u1ec5m<\/p>\n<p>5) \u00c1p d\u1ee5ng m\u1ed9t k\u1ebft n\u1ed1i \u0111\u1ec3 k\u1ebft n\u1ed1i v\u1edbi b\u0103ng t\u1ea3i kh\u00f4ng kh\u00ed, c\u00f3 th\u1ec3 tr\u1ef1c ti\u1ebfp inline v\u1edbi m\u00e1y l\u00e0m \u0111\u1ea7y.<\/p>\n<p><strong>C\u1ea5u tr\u00fac chung c\u1ee7a qu\u1ea1t SDS<\/strong><\/p>\n<p>Qu\u1ea1t SDS l\u00e0 s\u1ef1 k\u1ebft h\u1ee3p c\u1ee7a qu\u1ea1t d\u00f2ng ch\u1ea3y tr\u1ee5c v\u00e0 mu\u1ed9n d\u1eady b\u00ean ngo\u00e0i. Qu\u1ea1t ph\u1ea3n l\u1ef1c \u0111\u01b0\u1eddng h\u1ea7m SDS ch\u1ee7 y\u1ebfu bao g\u1ed3m m\u00e1y t\u1eaft \u0111\u1ea7u v\u00e0o, \u0111\u1ed9ng c\u01a1 ch\u00ednh, m\u00e1y t\u1eaft \u0111\u1ea7u ra v\u00e0 \u0111\u1ed9ng c\u01a1.<\/p>\n<p><img decoding=\"async\" class=\"alignnone wp-image-1294 size-full\" src=\"http:\/\/www.zongdamining.com\/wp-content\/uploads\/2022\/12\/tunnel-ventilation-fan38368457893.jpg\" alt=\"\" width=\"730\" height=\"730\" srcset=\"https:\/\/www.zongdamining.com\/wp-content\/uploads\/2022\/12\/tunnel-ventilation-fan38368457893.jpg 730w, https:\/\/www.zongdamining.com\/wp-content\/uploads\/2022\/12\/tunnel-ventilation-fan38368457893-300x300.jpg 300w, https:\/\/www.zongdamining.com\/wp-content\/uploads\/2022\/12\/tunnel-ventilation-fan38368457893-150x150.jpg 150w, https:\/\/www.zongdamining.com\/wp-content\/uploads\/2022\/12\/tunnel-ventilation-fan38368457893-600x600.jpg 600w, https:\/\/www.zongdamining.com\/wp-content\/uploads\/2022\/12\/tunnel-ventilation-fan38368457893-100x100.jpg 100w\" sizes=\"(max-width: 730px) 100vw, 730px\" \/><\/p>\n<p>Qu\u1ea1t th\u00f4ng gi\u00f3 \u0111\u01b0\u1eddng h\u1ea7m hi\u1ec7u qu\u1ea3 cao v\u00e0 ti\u1ebfng \u1ed3n th\u1ea5p c\u1ee7a lo\u1ea1t SDF bao g\u1ed3m ba ph\u1ea7n: ph\u1ea7n gi\u1ea3m \u00e2m (b\u1ed9 thu kh\u00f4ng kh\u00ed, l\u01b0\u1edbi b\u1ea3o v\u1ec7, b\u1ed9 bi\u1ebfn h\u01b0\u1edbng, l\u01b0\u1edbi s\u1eeda ch\u1eefa, b\u1ed9 gi\u1ea3m \u00e2m); ph\u1ea7n qu\u1ea1t (v\u1ecf, c\u00e1nh qu\u1ea1t (l\u01b0\u1ee1i di chuy\u1ec3n), l\u01b0\u1ee1i t\u0129nh (l\u01b0\u1ee1i h\u01b0\u1edbng d\u1eabn), \u0111\u1ed9ng c\u01a1); ph\u1ea7n t\u1eaft \u0111\u1ea7u ra (\u0111\u1ea7u ra muffler).<\/p>\n<p>1) Qu\u1ea1t (l\u01b0\u1ee1i di chuy\u1ec3n): n\u00f3 bao g\u1ed3m l\u01b0\u1ee1i v\u00e0 trung t\u00e2m. Trung t\u00e2m \u0111\u01b0\u1ee3c l\u00e0m b\u1eb1ng th\u00e9p \u0111\u00fac zg230-450. L\u01b0\u1ee1i l\u00e0 m\u1ed9t l\u01b0\u1ee1i airfoil c\u00f3 th\u1ec3 \u0111i\u1ec1u ch\u1ec9nh \u0111\u01b0\u1ee3c l\u00e0m b\u1eb1ng \u0111\u00fac ch\u00ednh x\u00e1c h\u1ee3p kim nh\u00f4m silicon ZL104. R\u1ec5 v\u00e0 \u0111u\u00f4i c\u1ee7a l\u01b0\u1ee1i \u0111\u01b0\u1ee3c thi\u1ebft k\u1ebf. Qu\u00e1 tr\u00ecnh \u0111\u00fac th\u00eam \u0111i\u1ec1u ch\u1ec9nh c\u00e2n b\u1eb1ng t\u0129nh v\u00e0 \u0111\u1ed9ng nghi\u00eam ng\u1eb7t, ki\u1ec3m tra t\u1ed1c \u0111\u1ed9 qu\u00e1, ho\u1ea1t \u0111\u1ed9ng \u1ed5n \u0111\u1ecbnh v\u00e0 \u0111\u00e1ng tin c\u1eady.<\/p>\n<p>2) Ph\u1ea7n v\u1ecf: n\u00f3 \u0111\u01b0\u1ee3c l\u00e0m b\u1eb1ng t\u1ea5m th\u00e9p th\u00f4ng th\u01b0\u1eddng b\u1eb1ng c\u00e1ch h\u00e0n, v\u00e0 xi lanh b\u00ean trong \u0111\u01b0\u1ee3c trang b\u1ecb c\u00e1nh h\u01b0\u1edbng d\u1eabn ph\u00eda sau t\u0129nh, \u0111\u01b0\u1ee3c \u0111i\u1ec1u tr\u1ecb b\u1eb1ng c\u00e1ch lo\u1ea1i b\u1ecf c\u0103ng th\u1eb3ng h\u00e0n.<\/p>\n<p><img decoding=\"async\" class=\"alignnone wp-image-1295 size-full\" src=\"http:\/\/www.zongdamining.com\/wp-content\/uploads\/2022\/12\/tunnel-ventilation-fan38369551623.jpg\" alt=\"\" width=\"730\" height=\"730\" srcset=\"https:\/\/www.zongdamining.com\/wp-content\/uploads\/2022\/12\/tunnel-ventilation-fan38369551623.jpg 730w, https:\/\/www.zongdamining.com\/wp-content\/uploads\/2022\/12\/tunnel-ventilation-fan38369551623-300x300.jpg 300w, https:\/\/www.zongdamining.com\/wp-content\/uploads\/2022\/12\/tunnel-ventilation-fan38369551623-150x150.jpg 150w, https:\/\/www.zongdamining.com\/wp-content\/uploads\/2022\/12\/tunnel-ventilation-fan38369551623-600x600.jpg 600w, https:\/\/www.zongdamining.com\/wp-content\/uploads\/2022\/12\/tunnel-ventilation-fan38369551623-100x100.jpg 100w\" sizes=\"(max-width: 730px) 100vw, 730px\" \/><\/p>","protected":false},"excerpt":{"rendered":"<p>Qu\u1ea1t th\u00f4ng gi\u00f3 \u0111\u01b0\u1eddng h\u1ea7m SDS \u0111\u01b0\u1ee3c s\u1eed d\u1ee5ng cho h\u1ec7 th\u1ed1ng th\u00f4ng gi\u00f3 \u0111\u01b0\u1eddng h\u1ea7m, qu\u1ea1t \u0111\u01b0\u1ee3c l\u1eafp \u0111\u1eb7t treo tr\u00ean m\u00e1i nh\u00e0 tr\u00ean c\u00f9ng c\u1ee7a \u0111\u01b0\u1eddng h\u1ea7m ho\u1eb7c c\u1ea3 hai b\u00ean, kh\u00f4ng \u1ea3nh h\u01b0\u1edfng \u0111\u1ebfn giao th\u00f4ng, kh\u00f4ng c\u1ea7n x\u00e2y d\u1ef1ng c\u00e1ch th\u1ea3i.<\/p>","protected":false},"featured_media":1296,"comment_status":"open","ping_status":"closed","template":"","meta":{"_acf_changed":false},"product_brand":[],"product_cat":[28],"product_tag":[],"class_list":{"0":"post-1284","1":"product","2":"type-product","3":"status-publish","4":"has-post-thumbnail","6":"product_cat-underground-ventilation-systems","8":"first","9":"instock","10":"shipping-taxable","11":"product-type-simple"},"acf":[],"_links":{"self":[{"href":"https:\/\/www.zongdamining.com\/vi\/wp-json\/wp\/v2\/product\/1284","targetHints":{"allow":["GET"]}}],"collection":[{"href":"https:\/\/www.zongdamining.com\/vi\/wp-json\/wp\/v2\/product"}],"about":[{"href":"https:\/\/www.zongdamining.com\/vi\/wp-json\/wp\/v2\/types\/product"}],"replies":[{"embeddable":true,"href":"https:\/\/www.zongdamining.com\/vi\/wp-json\/wp\/v2\/comments?post=1284"}],"wp:featuredmedia":[{"embeddable":true,"href":"https:\/\/www.zongdamining.com\/vi\/wp-json\/wp\/v2\/media\/1296"}],"wp:attachment":[{"href":"https:\/\/www.zongdamining.com\/vi\/wp-json\/wp\/v2\/media?parent=1284"}],"wp:term":[{"taxonomy":"product_brand","embeddable":true,"href":"https:\/\/www.zongdamining.com\/vi\/wp-json\/wp\/v2\/product_brand?post=1284"},{"taxonomy":"product_cat","embeddable":true,"href":"https:\/\/www.zongdamining.com\/vi\/wp-json\/wp\/v2\/product_cat?post=1284"},{"taxonomy":"product_tag","embeddable":true,"href":"https:\/\/www.zongdamining.com\/vi\/wp-json\/wp\/v2\/product_tag?post=1284"}],"curies":[{"name":"WP","href":"https:\/\/api.w.org\/{rel}","templated":true}]}}