{"id":1298,"date":"2022-12-12T11:51:27","date_gmt":"2022-12-12T03:51:27","guid":{"rendered":"http:\/\/www.zongdamining.com\/?post_type=product&#038;p=1298"},"modified":"2026-01-27T09:53:25","modified_gmt":"2026-01-27T01:53:25","slug":"15kw-explosion-proof-scraper-winch","status":"publish","type":"product","link":"https:\/\/www.zongdamining.com\/vi\/product\/15kw-explosion-proof-scraper-winch\/","title":{"rendered":"15kw ch\u1ed1ng n\u1ed5 Scraper Winch"},"content":{"rendered":"<p>Ch\u00fang t\u00f4i \u0111\u1ecbnh h\u00ecnh v\u00e0 n\u00e2ng cao h\u00ecnh \u1ea3nh th\u01b0\u01a1ng hi\u1ec7u c\u1ee7a m\u00e1y m\u00f3c b\u00e1nh xe doanh nghi\u1ec7p, b\u1ed9 l\u1ecdc h\u1ea1t diesel, m\u00e1y t\u1ea3i khai th\u00e1c than ng\u1ea7m nh\u01b0 h\u01b0\u1edbng ph\u00e1t tri\u1ec3n c\u1ee7a ch\u00fang t\u00f4i v\u00e0 cung c\u1ea5p cho kh\u00e1ch h\u00e0ng c\u00e1c d\u1ecbch v\u1ee5 c\u00f3 gi\u00e1 tr\u1ecb gia t\u0103ng hi\u1ec7u qu\u1ea3. V\u1edbi s\u1ef1 ph\u00e1t tri\u1ec3n nhanh ch\u00f3ng c\u1ee7a to\u00e0n c\u1ea7u h\u00f3a kinh t\u1ebf v\u00e0 s\u1ef1 h\u00ecnh th\u00e0nh c\u1ee7a c\u00e1c th\u1ecb tr\u01b0\u1eddng m\u1edbi n\u1ed5i, ch\u00fang ta ph\u1ea3i n\u1ed7 l\u1ef1c ph\u00e1t tri\u1ec3n s\u1ef1 \u0111\u1ed5i m\u1edbi v\u00e0 d\u1ef1a v\u00e0o c\u00f4ng ngh\u1ec7 \u0111\u1ec3 gi\u00e0nh chi\u1ebfn th\u1eafng n\u1ebfu ch\u00fang ta mu\u1ed1n t\u1eadn d\u1ee5ng l\u1ee3i th\u1ebf. Trong th\u1ecb tr\u01b0\u1eddng ng\u00e0y c\u00e0ng c\u1ea1nh tranh, V\u1edbi d\u1ecbch v\u1ee5 ch\u00e2n th\u00e0nh s\u1ea3n ph\u1ea9m ch\u1ea5t l\u01b0\u1ee3ng cao v\u00e0 danh ti\u1ebfng x\u1ee9ng \u0111\u00e1ng, ch\u00fang t\u00f4i lu\u00f4n cung c\u1ea5p h\u1ed7 tr\u1ee3 cho kh\u00e1ch h\u00e0ng v\u1ec1 s\u1ea3n ph\u1ea9m v\u00e0 k\u1ef9 thu\u1eadt \u0111\u1ec3 \u0111\u1ea1t \u0111\u01b0\u1ee3c s\u1ef1 h\u1ee3p t\u00e1c l\u00e2u d\u00e0i. Ch\u00e0o m\u1eebng kh\u00e1ch h\u00e0ng m\u1edbi v\u00e0 c\u0169 \u0111\u1ebfn th\u0103m v\u00e0 th\u1ea3o lu\u1eadn, nhu c\u1ea7u c\u1ee7a b\u1ea1n l\u00e0 ngu\u1ed3n s\u00e1ng t\u1ea1o c\u1ee7a ch\u00fang t\u00f4i, s\u1ef1 h\u1ed7 tr\u1ee3 c\u1ee7a b\u1ea1n l\u00e0 s\u1ef1 \u0111\u1ea3m b\u1ea3o c\u1ee7a s\u1ef1 ph\u00e1t tri\u1ec3n c\u1ee7a ch\u00fang t\u00f4i. S\u1ef1 h\u00e0i l\u00f2ng v\u00e0 th\u00e0nh c\u00f4ng c\u1ee7a kh\u00e1ch h\u00e0ng l\u00e0 s\u1ef1 theo \u0111u\u1ed5i c\u1ee7a ch\u00fang t\u00f4i, ch\u00fang t\u00f4i s\u1ebd n\u1ed7 l\u1ef1c kh\u00f4ng ng\u1eebng \u0111\u1ec3 \u0111\u1ea1t \u0111\u01b0\u1ee3c m\u1ee5c \u0111\u00edch n\u00e0y. T\u1ea5t c\u1ea3 c\u00e1c s\u1ea3n ph\u1ea9m v\u00e0 d\u1ecbch v\u1ee5 c\u1ee7a ch\u00fang t\u00f4i \u0111\u1ec1u d\u1ef1a tr\u00ean vi\u1ec7c \u0111\u00e1p \u1ee9ng nhu c\u1ea7u c\u1ee7a kh\u00e1ch h\u00e0ng.<\/p>\n<p><img fetchpriority=\"high\" decoding=\"async\" class=\"alignnone wp-image-1302 size-full\" src=\"http:\/\/www.zongdamining.com\/wp-content\/uploads\/2022\/12\/202005260901078eb89ff0ef8543c7a88e07770de49c4f.jpg\" alt=\"\" width=\"750\" height=\"750\" srcset=\"https:\/\/www.zongdamining.com\/wp-content\/uploads\/2022\/12\/202005260901078eb89ff0ef8543c7a88e07770de49c4f.jpg 750w, https:\/\/www.zongdamining.com\/wp-content\/uploads\/2022\/12\/202005260901078eb89ff0ef8543c7a88e07770de49c4f-300x300.jpg 300w, https:\/\/www.zongdamining.com\/wp-content\/uploads\/2022\/12\/202005260901078eb89ff0ef8543c7a88e07770de49c4f-150x150.jpg 150w, https:\/\/www.zongdamining.com\/wp-content\/uploads\/2022\/12\/202005260901078eb89ff0ef8543c7a88e07770de49c4f-600x600.jpg 600w, https:\/\/www.zongdamining.com\/wp-content\/uploads\/2022\/12\/202005260901078eb89ff0ef8543c7a88e07770de49c4f-100x100.jpg 100w\" sizes=\"(max-width: 750px) 100vw, 750px\" \/><\/p>\n<p>ZJTP Series Ng\u1ea7m khai th\u00e1c m\u1ecf Scraper Winch<\/p>\n<p>T\u0103ng khai th\u00e1c m\u1ecf ZJTP ch\u1ee7 y\u1ebfu \u0111\u01b0\u1ee3c s\u1eed d\u1ee5ng cho tr\u1ee5c s\u00e0n m\u1ecf v\u00e0 v\u1eadt li\u1ec7u n\u00e2ng tr\u1ee5c nghi\u00eang, nh\u00e2n vi\u00ean v\u00e0 thi\u1ebft b\u1ecb, c\u0169ng c\u00f3 th\u1ec3 \u0111\u01b0\u1ee3c s\u1eed d\u1ee5ng cho v\u1eadn chuy\u1ec3n ng\u1ea7m v\u00e0 n\u00e2ng x\u00f4 ch\u00ecm.<\/p>\n<p>N\u00f3 c\u00f3 th\u1ec3 l\u00e0 m\u00e1y k\u00e9o tr\u1ed1ng \u0111\u01a1n v\u00e0 m\u00e1y k\u00e9o tr\u1ed1ng k\u00e9p.<\/p>\n<p><strong>D\u1eef li\u1ec7u k\u1ef9 thu\u1eadt<\/strong><\/p>\n<p><img decoding=\"async\" class=\"alignnone wp-image-1303 size-full\" src=\"http:\/\/www.zongdamining.com\/wp-content\/uploads\/2022\/12\/2020052609024899d27606d7ff461d9ffad5495c07cd58.jpg\" alt=\"\" width=\"750\" height=\"1025\" srcset=\"https:\/\/www.zongdamining.com\/wp-content\/uploads\/2022\/12\/2020052609024899d27606d7ff461d9ffad5495c07cd58.jpg 750w, https:\/\/www.zongdamining.com\/wp-content\/uploads\/2022\/12\/2020052609024899d27606d7ff461d9ffad5495c07cd58-220x300.jpg 220w, https:\/\/www.zongdamining.com\/wp-content\/uploads\/2022\/12\/2020052609024899d27606d7ff461d9ffad5495c07cd58-600x820.jpg 600w\" sizes=\"(max-width: 750px) 100vw, 750px\" \/><img decoding=\"async\" class=\"alignnone wp-image-1304 size-full\" src=\"http:\/\/www.zongdamining.com\/wp-content\/uploads\/2022\/12\/underground-mining-scraper-winch00025053060.jpg\" alt=\"\" width=\"730\" height=\"730\" srcset=\"https:\/\/www.zongdamining.com\/wp-content\/uploads\/2022\/12\/underground-mining-scraper-winch00025053060.jpg 730w, https:\/\/www.zongdamining.com\/wp-content\/uploads\/2022\/12\/underground-mining-scraper-winch00025053060-300x300.jpg 300w, https:\/\/www.zongdamining.com\/wp-content\/uploads\/2022\/12\/underground-mining-scraper-winch00025053060-150x150.jpg 150w, https:\/\/www.zongdamining.com\/wp-content\/uploads\/2022\/12\/underground-mining-scraper-winch00025053060-600x600.jpg 600w, https:\/\/www.zongdamining.com\/wp-content\/uploads\/2022\/12\/underground-mining-scraper-winch00025053060-100x100.jpg 100w\" sizes=\"(max-width: 730px) 100vw, 730px\" \/><\/p>\n<p>Ch\u00fang t\u00f4i hy v\u1ecdng r\u1eb1ng ch\u00fang t\u00f4i s\u1ebd tr\u1edf th\u00e0nh nh\u00e0 cung c\u1ea5p b\u1ea1n mong \u0111\u1ee3i v\u1edbi thi\u1ebft k\u1ebf th\u1eddi trang, s\u1ea3n ph\u1ea9m ch\u1ea5t l\u01b0\u1ee3ng cao, d\u1ecbch v\u1ee5 c\u00e2n nh\u1eafc v\u00e0 gi\u00e1 c\u1ea3 c\u1ea1nh tranh c\u1ee7a 15kw Explosion Proof Scraper Winch c\u1ee7a ch\u00fang t\u00f4i. Ch\u00fang t\u00f4i s\u1eb5n s\u00e0ng thi\u1ebft l\u1eadp m\u1ed9t m\u1ed1i quan h\u1ec7 kinh doanh \u1ed5n \u0111\u1ecbnh, b\u00ecnh \u0111\u1eb3ng v\u00e0 c\u00f3 l\u1ee3i cho nhau v\u1edbi kh\u00e1ch h\u00e0ng tr\u00ean to\u00e0n th\u1ebf gi\u1edbi, \u0111\u1ec3 ch\u00fang t\u00f4i c\u00f3 th\u1ec3 ph\u00e1t tri\u1ec3n v\u00e0 th\u1ecbnh v\u01b0\u1ee3ng c\u00f9ng nhau. C\u00f4ng ty c\u1ee7a ch\u00fang t\u00f4i nghi\u00eam t\u00fac h\u1ee9a r\u1eb1ng \u0111\u1ed1i v\u1edbi kh\u00e1ch h\u00e0ng c\u0169 c\u1ee7a ch\u00fang t\u00f4i v\u00e0 b\u1ea1n s\u1ebd tr\u1edf th\u00e0nh \u0111\u1ed1i t\u00e1c m\u1edbi c\u1ee7a ch\u00fang t\u00f4i, nhu c\u1ea7u c\u1ee7a b\u1ea1n l\u00e0 tr\u00e1ch nhi\u1ec7m c\u1ee7a ch\u00fang t\u00f4i.<\/p>","protected":false},"excerpt":{"rendered":"<p>T\u0103ng khai th\u00e1c m\u1ecf ZJTP ch\u1ee7 y\u1ebfu \u0111\u01b0\u1ee3c s\u1eed d\u1ee5ng cho tr\u1ee5c s\u00e0n m\u1ecf v\u00e0 v\u1eadt li\u1ec7u n\u00e2ng tr\u1ee5c nghi\u00eang, nh\u00e2n vi\u00ean v\u00e0 thi\u1ebft b\u1ecb, c\u0169ng c\u00f3 th\u1ec3 \u0111\u01b0\u1ee3c s\u1eed d\u1ee5ng cho v\u1eadn chuy\u1ec3n ng\u1ea7m v\u00e0 n\u00e2ng x\u00f4 ch\u00ecm.<\/p>","protected":false},"featured_media":1304,"comment_status":"open","ping_status":"closed","template":"","meta":{"_acf_changed":false},"product_brand":[],"product_cat":[29],"product_tag":[],"class_list":{"0":"post-1298","1":"product","2":"type-product","3":"status-publish","4":"has-post-thumbnail","6":"product_cat-underground-hoisting-system","8":"first","9":"instock","10":"shipping-taxable","11":"product-type-simple"},"acf":[],"_links":{"self":[{"href":"https:\/\/www.zongdamining.com\/vi\/wp-json\/wp\/v2\/product\/1298","targetHints":{"allow":["GET"]}}],"collection":[{"href":"https:\/\/www.zongdamining.com\/vi\/wp-json\/wp\/v2\/product"}],"about":[{"href":"https:\/\/www.zongdamining.com\/vi\/wp-json\/wp\/v2\/types\/product"}],"replies":[{"embeddable":true,"href":"https:\/\/www.zongdamining.com\/vi\/wp-json\/wp\/v2\/comments?post=1298"}],"wp:featuredmedia":[{"embeddable":true,"href":"https:\/\/www.zongdamining.com\/vi\/wp-json\/wp\/v2\/media\/1304"}],"wp:attachment":[{"href":"https:\/\/www.zongdamining.com\/vi\/wp-json\/wp\/v2\/media?parent=1298"}],"wp:term":[{"taxonomy":"product_brand","embeddable":true,"href":"https:\/\/www.zongdamining.com\/vi\/wp-json\/wp\/v2\/product_brand?post=1298"},{"taxonomy":"product_cat","embeddable":true,"href":"https:\/\/www.zongdamining.com\/vi\/wp-json\/wp\/v2\/product_cat?post=1298"},{"taxonomy":"product_tag","embeddable":true,"href":"https:\/\/www.zongdamining.com\/vi\/wp-json\/wp\/v2\/product_tag?post=1298"}],"curies":[{"name":"WP","href":"https:\/\/api.w.org\/{rel}","templated":true}]}}