{"id":1307,"date":"2022-12-12T11:57:38","date_gmt":"2022-12-12T03:57:38","guid":{"rendered":"http:\/\/www.zongdamining.com\/?post_type=product&#038;p=1307"},"modified":"2026-01-27T09:46:20","modified_gmt":"2026-01-27T01:46:20","slug":"underground-mining-scraper-winch","status":"publish","type":"product","link":"https:\/\/www.zongdamining.com\/vi\/product\/underground-mining-scraper-winch\/","title":{"rendered":"Ng\u1ea7m khai th\u00e1c m\u1ecf Scraper Winch"},"content":{"rendered":"<p><img fetchpriority=\"high\" decoding=\"async\" class=\"alignnone wp-image-1302 size-full\" src=\"http:\/\/www.zongdamining.com\/wp-content\/uploads\/2022\/12\/202005260901078eb89ff0ef8543c7a88e07770de49c4f.jpg\" alt=\"\" width=\"750\" height=\"750\" srcset=\"https:\/\/www.zongdamining.com\/wp-content\/uploads\/2022\/12\/202005260901078eb89ff0ef8543c7a88e07770de49c4f.jpg 750w, https:\/\/www.zongdamining.com\/wp-content\/uploads\/2022\/12\/202005260901078eb89ff0ef8543c7a88e07770de49c4f-300x300.jpg 300w, https:\/\/www.zongdamining.com\/wp-content\/uploads\/2022\/12\/202005260901078eb89ff0ef8543c7a88e07770de49c4f-150x150.jpg 150w, https:\/\/www.zongdamining.com\/wp-content\/uploads\/2022\/12\/202005260901078eb89ff0ef8543c7a88e07770de49c4f-600x600.jpg 600w, https:\/\/www.zongdamining.com\/wp-content\/uploads\/2022\/12\/202005260901078eb89ff0ef8543c7a88e07770de49c4f-100x100.jpg 100w\" sizes=\"(max-width: 750px) 100vw, 750px\" \/><\/p>\n<p>ZJTP Series Ng\u1ea7m khai th\u00e1c m\u1ecf Scraper Winch<\/p>\n<p>T\u0103ng khai th\u00e1c m\u1ecf ZJTP ch\u1ee7 y\u1ebfu \u0111\u01b0\u1ee3c s\u1eed d\u1ee5ng cho tr\u1ee5c s\u00e0n m\u1ecf v\u00e0 v\u1eadt li\u1ec7u n\u00e2ng tr\u1ee5c nghi\u00eang, nh\u00e2n vi\u00ean v\u00e0 thi\u1ebft b\u1ecb, c\u0169ng c\u00f3 th\u1ec3 \u0111\u01b0\u1ee3c s\u1eed d\u1ee5ng cho v\u1eadn chuy\u1ec3n ng\u1ea7m v\u00e0 n\u00e2ng x\u00f4 ch\u00ecm.<\/p>\n<p>N\u00f3 c\u00f3 th\u1ec3 l\u00e0 m\u00e1y k\u00e9o tr\u1ed1ng \u0111\u01a1n v\u00e0 m\u00e1y k\u00e9o tr\u1ed1ng k\u00e9p.<\/p>\n<p><strong>D\u1eef li\u1ec7u k\u1ef9 thu\u1eadt<\/strong><\/p>\n<p><img decoding=\"async\" class=\"alignnone wp-image-1303 size-full\" src=\"http:\/\/www.zongdamining.com\/wp-content\/uploads\/2022\/12\/2020052609024899d27606d7ff461d9ffad5495c07cd58.jpg\" alt=\"\" width=\"750\" height=\"1025\" srcset=\"https:\/\/www.zongdamining.com\/wp-content\/uploads\/2022\/12\/2020052609024899d27606d7ff461d9ffad5495c07cd58.jpg 750w, https:\/\/www.zongdamining.com\/wp-content\/uploads\/2022\/12\/2020052609024899d27606d7ff461d9ffad5495c07cd58-220x300.jpg 220w, https:\/\/www.zongdamining.com\/wp-content\/uploads\/2022\/12\/2020052609024899d27606d7ff461d9ffad5495c07cd58-600x820.jpg 600w\" sizes=\"(max-width: 750px) 100vw, 750px\" \/><img decoding=\"async\" class=\"alignnone wp-image-1304 size-full\" src=\"http:\/\/www.zongdamining.com\/wp-content\/uploads\/2022\/12\/underground-mining-scraper-winch00025053060.jpg\" alt=\"\" width=\"730\" height=\"730\" srcset=\"https:\/\/www.zongdamining.com\/wp-content\/uploads\/2022\/12\/underground-mining-scraper-winch00025053060.jpg 730w, https:\/\/www.zongdamining.com\/wp-content\/uploads\/2022\/12\/underground-mining-scraper-winch00025053060-300x300.jpg 300w, https:\/\/www.zongdamining.com\/wp-content\/uploads\/2022\/12\/underground-mining-scraper-winch00025053060-150x150.jpg 150w, https:\/\/www.zongdamining.com\/wp-content\/uploads\/2022\/12\/underground-mining-scraper-winch00025053060-600x600.jpg 600w, https:\/\/www.zongdamining.com\/wp-content\/uploads\/2022\/12\/underground-mining-scraper-winch00025053060-100x100.jpg 100w\" sizes=\"(max-width: 730px) 100vw, 730px\" \/><\/p>","protected":false},"excerpt":{"rendered":"<p>T\u0103ng khai th\u00e1c m\u1ecf ZJTP ch\u1ee7 y\u1ebfu \u0111\u01b0\u1ee3c s\u1eed d\u1ee5ng cho tr\u1ee5c s\u00e0n m\u1ecf v\u00e0 v\u1eadt li\u1ec7u n\u00e2ng tr\u1ee5c nghi\u00eang, nh\u00e2n vi\u00ean v\u00e0 thi\u1ebft b\u1ecb, c\u0169ng c\u00f3 th\u1ec3 \u0111\u01b0\u1ee3c s\u1eed d\u1ee5ng cho v\u1eadn chuy\u1ec3n ng\u1ea7m v\u00e0 n\u00e2ng x\u00f4 ch\u00ecm.<\/p>","protected":false},"featured_media":1304,"comment_status":"open","ping_status":"closed","template":"","meta":{"_acf_changed":false},"product_brand":[],"product_cat":[29],"product_tag":[],"class_list":{"0":"post-1307","1":"product","2":"type-product","3":"status-publish","4":"has-post-thumbnail","6":"product_cat-underground-hoisting-system","8":"first","9":"instock","10":"shipping-taxable","11":"product-type-simple"},"acf":[],"_links":{"self":[{"href":"https:\/\/www.zongdamining.com\/vi\/wp-json\/wp\/v2\/product\/1307","targetHints":{"allow":["GET"]}}],"collection":[{"href":"https:\/\/www.zongdamining.com\/vi\/wp-json\/wp\/v2\/product"}],"about":[{"href":"https:\/\/www.zongdamining.com\/vi\/wp-json\/wp\/v2\/types\/product"}],"replies":[{"embeddable":true,"href":"https:\/\/www.zongdamining.com\/vi\/wp-json\/wp\/v2\/comments?post=1307"}],"wp:featuredmedia":[{"embeddable":true,"href":"https:\/\/www.zongdamining.com\/vi\/wp-json\/wp\/v2\/media\/1304"}],"wp:attachment":[{"href":"https:\/\/www.zongdamining.com\/vi\/wp-json\/wp\/v2\/media?parent=1307"}],"wp:term":[{"taxonomy":"product_brand","embeddable":true,"href":"https:\/\/www.zongdamining.com\/vi\/wp-json\/wp\/v2\/product_brand?post=1307"},{"taxonomy":"product_cat","embeddable":true,"href":"https:\/\/www.zongdamining.com\/vi\/wp-json\/wp\/v2\/product_cat?post=1307"},{"taxonomy":"product_tag","embeddable":true,"href":"https:\/\/www.zongdamining.com\/vi\/wp-json\/wp\/v2\/product_tag?post=1307"}],"curies":[{"name":"WP","href":"https:\/\/api.w.org\/{rel}","templated":true}]}}