{"id":1308,"date":"2022-12-12T11:59:16","date_gmt":"2022-12-12T03:59:16","guid":{"rendered":"http:\/\/www.zongdamining.com\/?post_type=product&#038;p=1308"},"modified":"2022-12-16T11:06:23","modified_gmt":"2022-12-16T03:06:23","slug":"battery-electric-locomotive-for-mining","status":"publish","type":"product","link":"https:\/\/www.zongdamining.com\/vi\/product\/battery-electric-locomotive-for-mining\/","title":{"rendered":"\u0110\u1ed9ng c\u01a1 \u0111i\u1ec7n pin cho khai th\u00e1c m\u1ecf"},"content":{"rendered":"<p><img fetchpriority=\"high\" decoding=\"async\" class=\"alignnone wp-image-1311 size-full\" src=\"http:\/\/www.zongdamining.com\/wp-content\/uploads\/2022\/12\/battery-electric-locomotive-for-mining23411599450.jpg\" alt=\"\" width=\"750\" height=\"750\" srcset=\"https:\/\/www.zongdamining.com\/wp-content\/uploads\/2022\/12\/battery-electric-locomotive-for-mining23411599450.jpg 750w, https:\/\/www.zongdamining.com\/wp-content\/uploads\/2022\/12\/battery-electric-locomotive-for-mining23411599450-300x300.jpg 300w, https:\/\/www.zongdamining.com\/wp-content\/uploads\/2022\/12\/battery-electric-locomotive-for-mining23411599450-150x150.jpg 150w, https:\/\/www.zongdamining.com\/wp-content\/uploads\/2022\/12\/battery-electric-locomotive-for-mining23411599450-600x600.jpg 600w, https:\/\/www.zongdamining.com\/wp-content\/uploads\/2022\/12\/battery-electric-locomotive-for-mining23411599450-100x100.jpg 100w\" sizes=\"(max-width: 750px) 100vw, 750px\" \/><\/p>\n<p><strong>D\u1eef li\u1ec7u k\u1ef9 thu\u1eadt c\u1ee7a \u0111\u1ed9ng c\u01a1 \u0111i\u1ec7n pin 8t cho khai th\u00e1c m\u1ecf<\/strong><\/p>\n<p>M\u1eabu s\u1ed1: CTY8\/610GB110<\/p>\n<p>8t pin \u0110\u1ed9ng c\u01a1 \u0111i\u1ec7n cho khai th\u00e1c m\u1ecf \u00e1p d\u1ee5ng h\u1ed9p s\u1ed1 c\u01a1 kh\u00ed m\u1ed9t \u1ed5 \u0111\u0129a giai \u0111o\u1ea1n. C\u00e1c t\u00ednh n\u0103ng c\u1ee7a n\u00f3: k\u00e9o, ho\u1ea1t \u0111\u1ed9ng thu\u1eadn ti\u1ec7n, b\u1ea3o tr\u00ec \u0111\u01a1n gi\u1ea3n, ho\u1ea1t \u0111\u1ed9ng \u0111\u00e1ng tin c\u1eady, th\u00edch h\u1ee3p cho giao th\u00f4ng ng\u1ea7m trong m\u00f4i tr\u01b0\u1eddng ch\u1ed1ng n\u1ed5.<\/p>\n<p><img decoding=\"async\" class=\"alignnone wp-image-1309 size-full\" src=\"http:\/\/www.zongdamining.com\/wp-content\/uploads\/2022\/12\/202004211059043a4360655b314305aeb90210922132fe.jpg\" alt=\"\" width=\"750\" height=\"666\" srcset=\"https:\/\/www.zongdamining.com\/wp-content\/uploads\/2022\/12\/202004211059043a4360655b314305aeb90210922132fe.jpg 750w, https:\/\/www.zongdamining.com\/wp-content\/uploads\/2022\/12\/202004211059043a4360655b314305aeb90210922132fe-300x266.jpg 300w, https:\/\/www.zongdamining.com\/wp-content\/uploads\/2022\/12\/202004211059043a4360655b314305aeb90210922132fe-600x533.jpg 600w\" sizes=\"(max-width: 750px) 100vw, 750px\" \/><\/p>\n<p><strong>D\u1eef li\u1ec7u k\u1ef9 thu\u1eadt c\u1ee7a \u0111\u1ed9ng c\u01a1 \u0111i\u1ec7n pin 8t cho khai th\u00e1c m\u1ecf<\/strong><\/p>\n<p>&nbsp;<\/p>\n<div class=\"table-responsive\">\n<table class=\"table\" border=\"0\" width=\"100%\" cellspacing=\"0\" cellpadding=\"0\">\n<tbody>\n<tr class=\"firstRow\">\n<td colspan=\"3\" width=\"650\">M\u1eabu s\u1ed1: CTY8\/610GB110<\/td>\n<\/tr>\n<tr>\n<td width=\"243\">Tr\u1ecdng l\u01b0\u1ee3ng keo<\/td>\n<td width=\"189\">t<\/td>\n<td width=\"217\">8<\/td>\n<\/tr>\n<tr>\n<td width=\"243\">M\u00e1y \u0111o<\/td>\n<td width=\"189\">mm<\/td>\n<td width=\"217\">610<\/td>\n<\/tr>\n<tr>\n<td width=\"243\">\u0110i\u1ec7n \u00e1p \u0111\u1ecbnh m\u1ee9c<\/td>\n<td width=\"189\">v<\/td>\n<td width=\"217\">110<\/td>\n<\/tr>\n<tr>\n<td width=\"243\">L\u1ef1c k\u00e9o \u0111\u01b0\u1ee3c \u0111\u00e1nh gi\u00e1 gi\u1edd<\/td>\n<td width=\"189\">KN<\/td>\n<td width=\"217\">11.8<\/td>\n<\/tr>\n<tr>\n<td width=\"243\">T\u1ed1c \u0111\u1ed9 \u0111\u00e1nh gi\u00e1 gi\u1edd<\/td>\n<td width=\"189\">Km \/ gi\u1edd<\/td>\n<td width=\"217\">6.2<\/td>\n<\/tr>\n<tr>\n<td width=\"243\">\u0110\u1ed9ng c\u01a1 \u0111i\u1ec7n v\u00e0 \u0111i\u1ec7n<\/td>\n<td width=\"189\">KW<\/td>\n<td width=\"217\">11*2<\/td>\n<\/tr>\n<tr>\n<td width=\"243\">Pin<\/td>\n<td width=\"189\">D-44KT<\/td>\n<td width=\"217\">55 chi\u1ebfc<\/td>\n<\/tr>\n<tr>\n<td width=\"243\">C\u01a1 s\u1edf b\u00e1nh xe<\/td>\n<td width=\"189\">mm<\/td>\n<td width=\"217\">1100<\/td>\n<\/tr>\n<tr>\n<td width=\"243\">Min. b\u00e1n k\u00ednh cong<\/td>\n<td width=\"189\">m<\/td>\n<td width=\"217\">7<\/td>\n<\/tr>\n<tr>\n<td width=\"243\">Dia. c\u1ee7a b\u00e1nh xe<\/td>\n<td width=\"189\">mm<\/td>\n<td width=\"217\">680<\/td>\n<\/tr>\n<tr>\n<td width=\"243\">Lo\u1ea1i \u0111i\u1ec1u khi\u1ec3n<\/td>\n<td width=\"189\"><\/td>\n<td width=\"217\">Ki\u1ec3m so\u00e1t chopper<\/td>\n<\/tr>\n<tr>\n<td width=\"243\">Lo\u1ea1i phanh<\/td>\n<td width=\"189\"><\/td>\n<td width=\"217\">Phanh c\u01a1 kh\u00ed<\/td>\n<\/tr>\n<tr>\n<td width=\"243\">Lo\u1ea1i \u1ed5 \u0111\u0129a<\/td>\n<td width=\"189\"><\/td>\n<td width=\"217\">H\u1ed9p s\u1ed1 \u1ed5 \u0111\u0129a m\u1ed9t giai \u0111o\u1ea1n<\/td>\n<\/tr>\n<tr>\n<td width=\"243\">Chi\u1ec1u cao k\u00e9o<\/td>\n<td width=\"189\">mm<\/td>\n<td width=\"217\">320, 430<\/td>\n<\/tr>\n<tr>\n<td width=\"243\">K\u00edch th\u01b0\u1edbc b\u00ean ngo\u00e0i<\/td>\n<td width=\"189\">mm<\/td>\n<td width=\"217\">\u0110\u1ed9 d\u00e0i: 4450mm<br \/>\n\u0110\u1ed9 r\u1ed9ng: 1060mm<br \/>\nH: 1600mm<\/td>\n<\/tr>\n<\/tbody>\n<\/table>\n<\/div>\n<p>&nbsp;<\/p>\n<p><img decoding=\"async\" class=\"alignnone wp-image-1310 size-full\" src=\"http:\/\/www.zongdamining.com\/wp-content\/uploads\/2022\/12\/2020042111003447a494a9a1fc4bce8872cfee49ab7274.jpg\" alt=\"\" width=\"750\" height=\"629\" srcset=\"https:\/\/www.zongdamining.com\/wp-content\/uploads\/2022\/12\/2020042111003447a494a9a1fc4bce8872cfee49ab7274.jpg 750w, https:\/\/www.zongdamining.com\/wp-content\/uploads\/2022\/12\/2020042111003447a494a9a1fc4bce8872cfee49ab7274-300x252.jpg 300w, https:\/\/www.zongdamining.com\/wp-content\/uploads\/2022\/12\/2020042111003447a494a9a1fc4bce8872cfee49ab7274-600x503.jpg 600w\" sizes=\"(max-width: 750px) 100vw, 750px\" \/><\/p>","protected":false},"excerpt":{"rendered":"<p>8t pin \u0110\u1ed9ng c\u01a1 \u0111i\u1ec7n cho khai th\u00e1c m\u1ecf \u00e1p d\u1ee5ng h\u1ed9p s\u1ed1 c\u01a1 kh\u00ed m\u1ed9t \u1ed5 \u0111\u0129a giai \u0111o\u1ea1n. C\u00e1c t\u00ednh n\u0103ng c\u1ee7a n\u00f3: k\u00e9o, ho\u1ea1t \u0111\u1ed9ng thu\u1eadn ti\u1ec7n, b\u1ea3o tr\u00ec \u0111\u01a1n gi\u1ea3n, ho\u1ea1t \u0111\u1ed9ng \u0111\u00e1ng tin c\u1eady, th\u00edch h\u1ee3p cho giao th\u00f4ng ng\u1ea7m trong m\u00f4i tr\u01b0\u1eddng ch\u1ed1ng n\u1ed5.<\/p>","protected":false},"featured_media":1311,"comment_status":"open","ping_status":"closed","template":"","meta":{"_acf_changed":false},"product_brand":[],"product_cat":[27],"product_tag":[],"class_list":{"0":"post-1308","1":"product","2":"type-product","3":"status-publish","4":"has-post-thumbnail","6":"product_cat-underground-mining-locomotives","8":"first","9":"instock","10":"shipping-taxable","11":"product-type-simple"},"acf":[],"_links":{"self":[{"href":"https:\/\/www.zongdamining.com\/vi\/wp-json\/wp\/v2\/product\/1308","targetHints":{"allow":["GET"]}}],"collection":[{"href":"https:\/\/www.zongdamining.com\/vi\/wp-json\/wp\/v2\/product"}],"about":[{"href":"https:\/\/www.zongdamining.com\/vi\/wp-json\/wp\/v2\/types\/product"}],"replies":[{"embeddable":true,"href":"https:\/\/www.zongdamining.com\/vi\/wp-json\/wp\/v2\/comments?post=1308"}],"wp:featuredmedia":[{"embeddable":true,"href":"https:\/\/www.zongdamining.com\/vi\/wp-json\/wp\/v2\/media\/1311"}],"wp:attachment":[{"href":"https:\/\/www.zongdamining.com\/vi\/wp-json\/wp\/v2\/media?parent=1308"}],"wp:term":[{"taxonomy":"product_brand","embeddable":true,"href":"https:\/\/www.zongdamining.com\/vi\/wp-json\/wp\/v2\/product_brand?post=1308"},{"taxonomy":"product_cat","embeddable":true,"href":"https:\/\/www.zongdamining.com\/vi\/wp-json\/wp\/v2\/product_cat?post=1308"},{"taxonomy":"product_tag","embeddable":true,"href":"https:\/\/www.zongdamining.com\/vi\/wp-json\/wp\/v2\/product_tag?post=1308"}],"curies":[{"name":"WP","href":"https:\/\/api.w.org\/{rel}","templated":true}]}}