{"id":1313,"date":"2022-12-12T12:08:25","date_gmt":"2022-12-12T04:08:25","guid":{"rendered":"http:\/\/www.zongdamining.com\/?post_type=product&#038;p=1313"},"modified":"2022-12-12T15:18:44","modified_gmt":"2022-12-12T07:18:44","slug":"underground-concrete-mixing-truck-for-coal-mine","status":"publish","type":"product","link":"https:\/\/www.zongdamining.com\/vi\/product\/underground-concrete-mixing-truck-for-coal-mine\/","title":{"rendered":"Xe t\u1ea3i tr\u1ed9n b\u00ea t\u00f4ng ng\u1ea7m cho m\u1ecf than"},"content":{"rendered":"<p><img fetchpriority=\"high\" decoding=\"async\" class=\"alignnone wp-image-1315 size-full\" src=\"http:\/\/www.zongdamining.com\/wp-content\/uploads\/2022\/12\/underground-concrete-mixing-truck-for-coal42368241315.jpg\" alt=\"\" width=\"730\" height=\"730\" srcset=\"https:\/\/www.zongdamining.com\/wp-content\/uploads\/2022\/12\/underground-concrete-mixing-truck-for-coal42368241315.jpg 730w, https:\/\/www.zongdamining.com\/wp-content\/uploads\/2022\/12\/underground-concrete-mixing-truck-for-coal42368241315-300x300.jpg 300w, https:\/\/www.zongdamining.com\/wp-content\/uploads\/2022\/12\/underground-concrete-mixing-truck-for-coal42368241315-150x150.jpg 150w, https:\/\/www.zongdamining.com\/wp-content\/uploads\/2022\/12\/underground-concrete-mixing-truck-for-coal42368241315-600x600.jpg 600w, https:\/\/www.zongdamining.com\/wp-content\/uploads\/2022\/12\/underground-concrete-mixing-truck-for-coal42368241315-100x100.jpg 100w\" sizes=\"(max-width: 730px) 100vw, 730px\" \/><\/p>\n<p><strong>Xe t\u1ea3i tr\u1ed9n b\u00ea t\u00f4ng ng\u1ea7m JC4.5 cho m\u1ecf than<\/strong><\/p>\n<p>Xe t\u1ea3i tr\u1ed9n b\u00ea t\u00f4ng ng\u1ea7m cho m\u1ecf than ch\u1ee7 y\u1ebfu \u0111\u01b0\u1ee3c s\u1eed d\u1ee5ng cho v\u1eadn chuy\u1ec3n b\u00ea t\u00f4ng trong vi\u1ec7c l\u00e0m c\u1ee9ng b\u1ec1 m\u1eb7t \u0111\u01b0\u1eddng b\u1ed9 c\u1ee7a m\u1ecf than ng\u1ea7m.<\/p>\n<p>Hi\u1ec7n t\u1ea1i, c\u00f4ng ngh\u1ec7 c\u1ee7a xe t\u1ea3i tr\u1ed9n b\u00ea t\u00f4ng tr\u00ean m\u1eb7t \u0111\u1ea5t \u0111\u00e3 ho\u00e0n to\u00e0n tr\u01b0\u1edfng th\u00e0nh tr\u00ean th\u1ecb tr\u01b0\u1eddng, v\u00e0 c\u00e1c s\u1ea3n ph\u1ea9m \u0111\u01b0\u1ee3c \u0111a d\u1ea1ng h\u00f3a v\u00e0 \u00e1p d\u1ee5ng cho nhi\u1ec1u ng\u00e0nh c\u00f4ng nghi\u1ec7p v\u00e0 d\u1ef1 \u00e1n, c\u00f3 th\u1ec3 c\u1ea3i thi\u1ec7n \u0111\u00e1ng k\u1ec3 hi\u1ec7u qu\u1ea3 l\u00e0m vi\u1ec7c. C\u00f3 m\u1ed9t lo\u1ea1t c\u00e1c l\u1ee3i th\u1ebf. Tuy nhi\u00ean, trong ng\u00e0nh c\u00f4ng nghi\u1ec7p than, ch\u1ebf \u0111\u1ed9 v\u1eadn chuy\u1ec3n c\u1ee7a b\u00ea t\u00f4ng ng\u1ea7m v\u1eabn \u1edf trong tr\u1ea1ng th\u00e1i ban \u0111\u1ea7u c\u1ee7a ch\u1ebf \u0111\u1ed9 v\u1eadn chuy\u1ec3n xe t\u1ea3i m\u1edf, \u0111\u00f3 l\u00e0 b\u00ean v\u1eadn chuy\u1ec3n N\u00f3 kh\u00f4ng ch\u1ec9 nh\u1ecf v\u1ec1 kh\u1ed1i l\u01b0\u1ee3ng v\u1eadn chuy\u1ec3n v\u00e0 hi\u1ec7u qu\u1ea3 th\u1ea5p, m\u00e0 c\u00f2n d\u1ec5 d\u00e0ng phun v\u00e0 l\u1edbp b\u00ea t\u00f4ng trong v\u1eadn chuy\u1ec3n \u0111\u01b0\u1eddng d\u00e0i. N\u00f3 c\u0169ng c\u1ea7n r\u1ea5t nhi\u1ec1u s\u1ef1 h\u1ed7 tr\u1ee3 nh\u00e2n l\u1ef1c. Tuy nhi\u00ean, vi\u1ec7c s\u1eed d\u1ee5ng xe t\u1ea3i tr\u1ed9n b\u00ea t\u00f4ng ng\u1ea7m v\u1eabn tr\u1ed1ng r\u1ed7ng trong ng\u00e0nh c\u00f4ng nghi\u1ec7p than trong n\u01b0\u1edbc v\u00e0 to\u00e0n c\u1ea7u.<\/p>\n<p>D\u1ef1a tr\u00ean ti\u1ec1n \u0111\u1ec1 n\u00e0y, c\u00f4ng ty c\u1ee7a ch\u00fang t\u00f4i, c\u00f9ng v\u1edbi Vi\u1ec7n Nghi\u00ean c\u1ee9u T\u1eadp \u0111o\u00e0n Shenhua Shendong, \u0111\u00e3 c\u00f9ng ph\u00e1t tri\u1ec3n m\u1ed9t chi\u1ebfc xe t\u1ea3i tr\u1ed9n b\u00ea t\u00f4ng ch\u1ed1ng n\u1ed5 ph\u00f9 h\u1ee3p cho c\u00e1c m\u1ecf than ng\u1ea7m. M\u1ed9t khi s\u1ea3n ph\u1ea9m n\u00e0y \u0111\u01b0\u1ee3c xu\u1ea5t b\u1ea3n, n\u00f3 \u0111\u01b0\u1ee3c quan t\u00e2m r\u1ed9ng r\u00e3i v\u00e0 hoan ngh\u00eanh. Hi\u1ec7n t\u1ea1i, c\u00f4ng ngh\u1ec7 c\u1ee7a s\u1ea3n ph\u1ea9m n\u00e0y \u0111\u00e3 ho\u00e0n to\u00e0n tr\u01b0\u1edfng th\u00e0nh v\u00e0 \u0111\u01b0\u1ee3c s\u1eed d\u1ee5ng trong nhi\u1ec1u m\u1ecf than \u1edf S\u01a1n T\u00e2y, S\u01a1n T\u00e2y v\u00e0 N\u1ed9i M\u00f4ng C\u1ed5, v\u00e0 n\u00f3 \u0111\u00e3 \u0111\u01b0\u1ee3c \u0111\u00e1nh gi\u00e1 t\u1ed1t.<\/p>\n<p>Hi\u1ec7n t\u1ea1i, c\u00f4ng ty ch\u00fang t\u00f4i \u0111ang ph\u00e1t tri\u1ec3n b\u1ed1n lo\u1ea1i s\u1ea3n ph\u1ea9m sau v\u1edbi th\u00f4ng s\u1ed1 k\u1ef9 thu\u1eadt kh\u00e1c nhau theo m\u00f4i tr\u01b0\u1eddng th\u1ef1c t\u1ebf c\u1ee7a c\u00e1c m\u1ecf than ch\u01b0a s\u1eed d\u1ee5ng v\u00e0 y\u00eau c\u1ea7u c\u1ee7a ng\u01b0\u1eddi d\u00f9ng.<\/p>\n<p>h\u1ec7 th\u1ed1ng kh\u00ed th\u1ea3i;<\/p>\n<p><strong>T\u00ednh n\u0103ng<\/strong><\/p>\n<p><img decoding=\"async\" class=\"alignnone wp-image-1317 size-full\" src=\"http:\/\/www.zongdamining.com\/wp-content\/uploads\/2022\/12\/underground-concrete-mixing-truck-for-coal50251002151.jpg\" alt=\"\" width=\"730\" height=\"730\" srcset=\"https:\/\/www.zongdamining.com\/wp-content\/uploads\/2022\/12\/underground-concrete-mixing-truck-for-coal50251002151.jpg 730w, https:\/\/www.zongdamining.com\/wp-content\/uploads\/2022\/12\/underground-concrete-mixing-truck-for-coal50251002151-300x300.jpg 300w, https:\/\/www.zongdamining.com\/wp-content\/uploads\/2022\/12\/underground-concrete-mixing-truck-for-coal50251002151-150x150.jpg 150w, https:\/\/www.zongdamining.com\/wp-content\/uploads\/2022\/12\/underground-concrete-mixing-truck-for-coal50251002151-600x600.jpg 600w, https:\/\/www.zongdamining.com\/wp-content\/uploads\/2022\/12\/underground-concrete-mixing-truck-for-coal50251002151-100x100.jpg 100w\" sizes=\"(max-width: 730px) 100vw, 730px\" \/><\/p>\n<p>1. Cab \u0111\u00f3ng c\u1eeda, l\u00e1i xe tho\u1ea3i m\u00e1i v\u00e0 an to\u00e0n, t\u1ea7m nh\u00ecn r\u1ed9ng;<\/p>\n<p>2. H\u1ed9p \u0111i\u1ec1u khi\u1ec3n \u0111i\u1ec7n ch\u1ed1ng n\u1ed5, li\u00ean t\u1ee5c theo d\u00f5i &#8220; s\u1ee9c kh\u1ecfe&#8221; c\u1ee7a to\u00e0n b\u1ed9 xe;<\/p>\n<p>3. B\u01a1m p\u00edt t\u00f4ng nh\u1eadp kh\u1ea9u, b\u01a1m b\u00e1nh r\u0103ng, &#8220; tr\u00e1i tim th\u1ee9 hai&#8221; c\u1ee7a to\u00e0n b\u1ed9 xe, v\u1edbi hi\u1ec7u su\u1ea5t \u1ed5n \u0111\u1ecbnh h\u01a1n;<\/p>\n<p>4. \u0110\u01b0\u1ee3c trang b\u1ecb thi\u1ebft b\u1ecb l\u00e0m s\u1ea1ch, thu\u1eadn ti\u1ec7n \u0111\u1ec3 l\u00e0m s\u1ea1ch b\u1ec3 v\u00e0 c\u00e1c b\u1ed9 ph\u1eadn kh\u00e1c b\u1ea5t c\u1ee9 l\u00fac n\u00e0o v\u00e0 b\u1ea5t c\u1ee9 n\u01a1i n\u00e0o;<\/p>\n<p>5. M\u00e1y gi\u1ea3m \u0111\u1ed9ng c\u01a1 nh\u1eadp kh\u1ea9u, thi\u1ebft b\u1ecb l\u00e1i con l\u0103n;<\/p>\n<p>6. Thi\u1ebft b\u1ecb ni\u00eam phong quay t\u1ef1 ph\u00e1t tri\u1ec3n t\u1ea1i mi\u1ec7ng b\u1ec3 cho ph\u00e9p c\u01a1 th\u1ec3 b\u1ec3 t\u1ea3i b\u00ea t\u00f4ng nhi\u1ec1u h\u01a1n;<\/p>\n<p>7. B\u1ed9 \u0111i\u1ec1u khi\u1ec3n gi\u00e1m s\u00e1t, c\u00e1c d\u1ee5ng c\u1ee5 kh\u00e1c nhau v\u00e0 m\u00e0n h\u00ecnh gi\u00e1m s\u00e1t l\u00e0m cho n\u00f3 thu\u1eadn ti\u1ec7n h\u01a1n cho t\u00e0i x\u1ebf \u0111\u1ec3 gi\u00e1m s\u00e1t tr\u1ef1c ti\u1ebfp t\u00ecnh tr\u1ea1ng xe;<\/p>\n<p>8. n\u00f3 \u0111\u01b0\u1ee3c trang b\u1ecb thi\u1ebft b\u1ecb gi\u00e1m s\u00e1t v\u00e0 b\u00e1o \u0111\u1ed9ng \u0111\u1ea3o ng\u01b0\u1ee3c, thu\u1eadn ti\u1ec7n cho t\u00e0i x\u1ebf \u0111\u1ea3o ng\u01b0\u1ee3c trong m\u00f4i tr\u01b0\u1eddng ng\u1ea7m ho\u1eb7c h\u1eb9p v\u00e0 \u0111\u1ea3m b\u1ea3o an to\u00e0n c\u1ee7a nh\u00e2n vi\u00ean x\u00e2y d\u1ef1ng.<\/p>\n<p><strong>Th\u00f4ng s\u1ed1 k\u1ef9 thu\u1eadt<\/strong><\/p>\n<p>(1) Th\u00f4ng s\u1ed1 k\u1ef9 thu\u1eadt xe<\/p>\n<table class=\"table\" border=\"0\" width=\"100%\" cellspacing=\"0\" cellpadding=\"0\">\n<tbody>\n<tr class=\"firstRow\">\n<td width=\"45\">Kh\u00f4ng.<\/td>\n<td colspan=\"2\" width=\"250\">T\u00f9y ch\u1ecdn<\/td>\n<td width=\"269\">Th\u00f4ng s\u1ed1 k\u1ef9 thu\u1eadt<\/td>\n<\/tr>\n<tr>\n<td width=\"45\">1<\/td>\n<td colspan=\"2\" width=\"250\">Ki\u1ec3u<\/td>\n<td width=\"269\">JC4.5<\/td>\n<\/tr>\n<tr>\n<td width=\"45\">2<\/td>\n<td colspan=\"2\" width=\"250\">Kh\u1ed1i l\u01b0\u1ee3ng hi\u1ec7u qu\u1ea3 (m\u00b3)<\/td>\n<td width=\"269\">4.5<\/td>\n<\/tr>\n<tr>\n<td width=\"45\">3<\/td>\n<td colspan=\"2\" width=\"250\">Tr\u1ecdng l\u01b0\u1ee3ng (kg)<\/td>\n<td width=\"269\">13000<\/td>\n<\/tr>\n<tr>\n<td width=\"45\">4<\/td>\n<td colspan=\"2\" width=\"250\">Kh\u1ed1i l\u01b0\u1ee3ng t\u1ea3i \u0111\u1ecbnh m\u1ee9c (kg)<\/td>\n<td width=\"269\">11000<\/td>\n<\/tr>\n<tr>\n<td width=\"45\">5<\/td>\n<td colspan=\"2\" width=\"250\">K\u00edch th\u01b0\u1edbc t\u1ed5ng th\u1ec3 c\u1ee7a xe (L \u00d7 W \u00d7 H) (mm)<\/td>\n<td width=\"269\">6750\u00d72360\u00d72550<\/td>\n<\/tr>\n<tr>\n<td width=\"45\">6<\/td>\n<td colspan=\"2\" width=\"250\">T\u1ed1c \u0111\u1ed9 t\u1ed1i \u0111a c\u1ee7a tr\u1ed1ng tr\u1ed9n (r \/ min)<\/td>\n<td width=\"269\">18<\/td>\n<\/tr>\n<tr>\n<td width=\"45\">7<\/td>\n<td colspan=\"2\" width=\"250\">T\u1ed1c \u0111\u1ed9 b\u00e1nh r\u0103ng c\u1ee7a b\u1ec3 tr\u1ed9n<\/td>\n<td width=\"269\">B\u00e1nh r\u0103ng th\u1ee9 ba (ph\u00eda tr\u01b0\u1edbc, gi\u1eefa, ng\u01b0\u1ee3c)<\/td>\n<\/tr>\n<tr>\n<td width=\"45\">8<\/td>\n<td colspan=\"2\" width=\"250\">T\u1ed1c \u0111\u1ed9 t\u1ea3i (m\u00b3 \/ ph\u00fat)<\/td>\n<td width=\"269\">\u22650-0,8 \u0111i\u1ec1u ch\u1ec9nh kh\u00f4ng b\u01b0\u1edbc<\/td>\n<\/tr>\n<tr>\n<td width=\"45\">9<\/td>\n<td colspan=\"2\" width=\"250\">Ch\u1ebf \u0111\u1ed9 chuy\u1ec3n xe t\u0103ng kh\u1ea9n c\u1ea5p<\/td>\n<td width=\"269\">\u0110\u01b0\u1eddng \u1ed1ng kh\u1ea9n c\u1ea5p, b\u1ec3 kh\u1ea9n c\u1ea5p th\u1ee7 c\u00f4ng<\/td>\n<\/tr>\n<tr>\n<td width=\"45\">10<\/td>\n<td colspan=\"2\" width=\"250\">L\u00e0m s\u1ea1ch xe<\/td>\n<td width=\"269\">V\u1edbi thi\u1ebft b\u1ecb r\u1eeda xe (thi\u1ebft b\u1ecb)<\/td>\n<\/tr>\n<tr>\n<td width=\"45\">11<\/td>\n<td colspan=\"2\" width=\"250\">Ch\u1ebf \u0111\u1ed9 l\u00e1i xe<\/td>\n<td width=\"269\">4\u00d74<\/td>\n<\/tr>\n<tr>\n<td width=\"45\">12<\/td>\n<td colspan=\"2\" width=\"250\">B\u00f4i tr\u01a1n xe t\u1ea3i<\/td>\n<td width=\"269\">B\u1ea3o v\u1ec7 ni\u00eam phong, m\u1ee1 molybdenum disulfide<\/td>\n<\/tr>\n<tr>\n<td width=\"45\">13<\/td>\n<td colspan=\"2\" width=\"250\">Kh\u1ea3 n\u0103ng leo thang (\u00b0) (d\u1ecdc \/ ngang)<\/td>\n<td width=\"269\">14\/7<\/td>\n<\/tr>\n<tr>\n<td width=\"45\">14<\/td>\n<td colspan=\"2\" width=\"250\">B\u00e1nh xe (mm)<\/td>\n<td width=\"269\">3300<\/td>\n<\/tr>\n<tr>\n<td width=\"45\">15<\/td>\n<td colspan=\"2\" width=\"250\">\u0110\u01b0\u1eddng b\u0103ng (mm)<\/td>\n<td width=\"269\">2045<\/td>\n<\/tr>\n<tr>\n<td rowspan=\"6\" width=\"45\">16<\/td>\n<td rowspan=\"2\" width=\"181\">B\u00e1n k\u00ednh c\u00f4ng su\u1ea5t th\u00f4ng qua t\u1ed1i thi\u1ec3u (mm) (mm)<\/td>\n<td width=\"69\">b\u00ean trong<\/td>\n<td width=\"269\">2750<\/td>\n<\/tr>\n<tr>\n<td width=\"69\">b\u00ean ngo\u00e0i<\/td>\n<td width=\"269\">5300<\/td>\n<\/tr>\n<tr>\n<td rowspan=\"4\" width=\"181\">T\u1ed1c \u0111\u1ed9 di chuy\u1ec3n (km \/ h)<br \/>\n(kh\u00f4 v\u00e0 c\u1ee9ng)<\/td>\n<td width=\"69\">\u2160<\/td>\n<td width=\"269\">4<\/td>\n<\/tr>\n<tr>\n<td width=\"69\">\u2161<\/td>\n<td width=\"269\">9<\/td>\n<\/tr>\n<tr>\n<td width=\"69\">\u2162<\/td>\n<td width=\"269\"><\/td>\n<\/tr>\n<tr>\n<td width=\"69\">\u2163<\/td>\n<td width=\"269\"><\/td>\n<\/tr>\n<tr>\n<td width=\"45\">17<\/td>\n<td colspan=\"2\" width=\"250\">Kh\u1ea3 n\u0103ng k\u00e9o t\u1ed1i \u0111a (KN)<\/td>\n<td width=\"269\">140<\/td>\n<\/tr>\n<tr>\n<td width=\"45\">18<\/td>\n<td colspan=\"2\" width=\"250\">H\u1ec7 th\u1ed1ng treo<\/td>\n<td width=\"269\">Ch\u00f9m dao c\u1ee9ng<\/td>\n<\/tr>\n<tr>\n<td width=\"45\">19<\/td>\n<td colspan=\"2\" width=\"250\">Chi\u1ec1u cao t\u1ea3i (mm)<\/td>\n<td width=\"269\">1800<\/td>\n<\/tr>\n<tr>\n<td width=\"45\">20<\/td>\n<td colspan=\"2\" width=\"250\">Kho\u1ea3ng c\u00e1ch m\u1eb7t \u0111\u1ea5t t\u1ed1i thi\u1ec3u (mm)<\/td>\n<td width=\"269\">300<\/td>\n<\/tr>\n<\/tbody>\n<\/table>\n<p>(2) C\u1ea5u h\u00ecnh cabin<\/p>\n<table class=\"table\" border=\"0\" width=\"100%\" cellspacing=\"0\" cellpadding=\"0\">\n<tbody>\n<tr class=\"firstRow\">\n<td width=\"44\">Kh\u00f4ng.<\/td>\n<td colspan=\"2\" width=\"251\">T\u00f9y ch\u1ecdn<\/td>\n<td width=\"266\">Th\u00f4ng s\u1ed1 k\u1ef9 thu\u1eadt<\/td>\n<\/tr>\n<tr>\n<td width=\"44\">1<\/td>\n<td colspan=\"2\" width=\"251\">Taxi<\/td>\n<td width=\"266\">Cab kim lo\u1ea1i \u0111\u01a1n<\/td>\n<\/tr>\n<tr>\n<td width=\"44\">2<\/td>\n<td colspan=\"2\" width=\"251\">Thi\u1ebft b\u1ecb \u0111i\u1ec1u khi\u1ec3n<\/td>\n<td width=\"266\">B\u1eaft \u0111\u1ea7u, l\u00e1i, t\u0103ng t\u1ed1c, phanh, \u0111\u1ed7 xe, chuy\u1ec3n \u0111\u1ed9ng v\u00e0 c\u00e1c thi\u1ebft b\u1ecb d\u1ecdc kh\u00e1c<\/td>\n<\/tr>\n<tr>\n<td rowspan=\"3\" width=\"44\">3<\/td>\n<td rowspan=\"3\" width=\"117\">Thi\u1ebft b\u1ecb \u0111i\u1ec1u khi\u1ec3n<br \/>\nL\u1ef1c ki\u1ec3m so\u00e1t (n)<\/td>\n<td width=\"134\">B\u00e1nh l\u00e1i<\/td>\n<td width=\"266\">\u226450<\/td>\n<\/tr>\n<tr>\n<td width=\"134\">B\u00e0n ch\u00e2n<\/td>\n<td width=\"266\">\u2264350<\/td>\n<\/tr>\n<tr>\n<td width=\"134\">\u0110i\u1ec1u khi\u1ec3n x\u1eed l\u00fd<\/td>\n<td width=\"266\">\u2264120<\/td>\n<\/tr>\n<tr>\n<td width=\"44\">4<\/td>\n<td colspan=\"2\" width=\"251\">D\u1ee5ng c\u1ee5 hi\u1ec3n th\u1ecb<\/td>\n<td width=\"266\">M\u00e1y \u0111o \u00e1p su\u1ea5t d\u1ea7u, \u0111i\u1ec7n \u00e1p, m\u00e1y \u0111o nhi\u1ec7t \u0111\u1ed9 n\u01b0\u1edbc, m\u00e1y \u0111o t\u1ed1c \u0111\u1ed9 \u0111\u1ed9ng c\u01a1, m\u00e1y \u0111o t\u1ed1c \u0111\u1ed9, m\u00e1y \u0111o nhi\u00ean li\u1ec7u, m\u00e1y \u0111o \u00e1p su\u1ea5t phanh, v.v.<\/td>\n<\/tr>\n<tr>\n<td width=\"44\">5<\/td>\n<td colspan=\"2\" width=\"251\">M\u1eabu gh\u1ebf<\/td>\n<td width=\"266\">M\u00f9a xu\u00e2n, c\u00f3 th\u1ec3 \u0111i\u1ec1u ch\u1ec9nh ph\u00eda tr\u01b0\u1edbc v\u00e0 ph\u00eda sau<\/td>\n<\/tr>\n<\/tbody>\n<\/table>\n<p>(3) H\u1ec7 th\u1ed1ng \u0111\u1ed9ng c\u01a1 diesel<\/p>\n<table class=\"table\" border=\"0\" width=\"100%\" cellspacing=\"0\" cellpadding=\"0\">\n<tbody>\n<tr class=\"firstRow\">\n<td width=\"43\">Kh\u00f4ng.<\/td>\n<td width=\"268\">T\u00f9y ch\u1ecdn<\/td>\n<td width=\"249\">Th\u00f4ng s\u1ed1 k\u1ef9 thu\u1eadt<\/td>\n<\/tr>\n<tr>\n<td width=\"43\">1<\/td>\n<td width=\"268\">Ki\u1ec3u<\/td>\n<td width=\"249\">6CTAA8.3-C215<\/td>\n<\/tr>\n<tr>\n<td width=\"43\">2<\/td>\n<td width=\"268\">S\u1eafp x\u1ebfp xi lanh<\/td>\n<td width=\"249\">Trong m\u1ea1ng<\/td>\n<\/tr>\n<tr>\n<td width=\"43\">3<\/td>\n<td width=\"268\">C\u00f4ng su\u1ea5t \u0111\u1ecbnh m\u1ee9c \/ t\u1ed1c \u0111\u1ed9 (kW \/ rpm)<\/td>\n<td width=\"249\">160\/2200<\/td>\n<\/tr>\n<tr>\n<td width=\"43\">4<\/td>\n<td width=\"268\">M\u00f4-men t\u1ed1i \u0111a (Nm) \/ (r \/ min)<\/td>\n<td width=\"249\">980\/1500<\/td>\n<\/tr>\n<tr>\n<td width=\"43\">5<\/td>\n<td width=\"268\">H\u01b0\u1edbng quay (\u0111\u1ed1i m\u1eb7t v\u1edbi b\u00e1nh xe)<\/td>\n<td width=\"249\">Ch\u1ed1ng chi\u1ec1u h\u01b0\u1edbng \u0111\u1ed3ng h\u1ed3<\/td>\n<\/tr>\n<tr>\n<td width=\"43\">6<\/td>\n<td width=\"268\">T\u1ed1c \u0111\u1ed9 ho\u1ea1t \u0111\u1ed9ng \u1ed5n \u0111\u1ecbnh t\u1ed1i thi\u1ec3u (r \/ min)<\/td>\n<td width=\"249\">800\u00b150<\/td>\n<\/tr>\n<tr>\n<td width=\"43\">7<\/td>\n<td width=\"268\">Ch\u1ebf \u0111\u1ed9 cung c\u1ea5p nhi\u00ean li\u1ec7u<\/td>\n<td width=\"249\">Ti\u00eam tr\u1ef1c ti\u1ebfp<\/td>\n<\/tr>\n<tr>\n<td width=\"43\">8<\/td>\n<td width=\"268\">Di chuy\u1ec3n (L)<\/td>\n<td width=\"249\">8.3<\/td>\n<\/tr>\n<tr>\n<td width=\"43\">9<\/td>\n<td width=\"268\">T\u1ef7 l\u1ec7 ti\u00eau th\u1ee5 nhi\u00ean li\u1ec7u trung b\u00ecnh (g \/ KWh)<\/td>\n<td width=\"249\">212<\/td>\n<\/tr>\n<tr>\n<td width=\"43\">10<\/td>\n<td width=\"268\">Khoan \/ \u0111\u1ed9t qu\u1ef5 (mm)<\/td>\n<td width=\"249\">114\/135<\/td>\n<\/tr>\n<tr>\n<td width=\"43\">11<\/td>\n<td width=\"268\">T\u1ef7 l\u1ec7 n\u00e9n<\/td>\n<td width=\"249\">17.3\uff1a1<\/td>\n<\/tr>\n<tr>\n<td width=\"43\">12<\/td>\n<td width=\"268\">Ch\u1ebf \u0111\u1ed9 h\u00fat<\/td>\n<td width=\"249\">S\u1ea1c turbo, l\u00e0m m\u00e1t li\u00ean ti\u1ebfp ti\u1ebfp<\/td>\n<\/tr>\n<tr>\n<td width=\"43\">13<\/td>\n<td width=\"268\">Ch\u1ebf \u0111\u1ed9 kh\u00ed th\u1ea3i<\/td>\n<td width=\"249\">L\u1ecdc kh\u00ed \u0111u\u00f4i v\u00e0 l\u00e0m im l\u1eb7ng<\/td>\n<\/tr>\n<tr>\n<td width=\"43\">14<\/td>\n<td width=\"268\">Th\u00f4ng s\u1ed1 k\u1ef9 thu\u1eadt nhi\u00ean li\u1ec7u<\/td>\n<td width=\"249\">0 ~ 35 d\u1ea7u diesel<\/td>\n<\/tr>\n<\/tbody>\n<\/table>\n<p>(4) Th\u00f4ng s\u1ed1 truy\u1ec1n<\/p>\n<table class=\"table\" border=\"0\" width=\"100%\" cellspacing=\"0\" cellpadding=\"0\">\n<tbody>\n<tr class=\"firstRow\">\n<td width=\"43\">Kh\u00f4ng.<\/td>\n<td colspan=\"2\" width=\"252\">T\u00f9y ch\u1ecdn<\/td>\n<td width=\"264\">Th\u00f4ng s\u1ed1 k\u1ef9 thu\u1eadt<\/td>\n<\/tr>\n<tr>\n<td width=\"43\">1<\/td>\n<td colspan=\"2\" width=\"252\">M\u00f4 h\u00ecnh truy\u1ec1n<\/td>\n<td width=\"264\">R32421-679<\/td>\n<\/tr>\n<tr>\n<td width=\"43\">2<\/td>\n<td colspan=\"2\" width=\"252\">Nh\u00e0 s\u1ea3n xu\u1ea5t h\u1ed9p s\u1ed1<\/td>\n<td width=\"264\">Dana<\/td>\n<\/tr>\n<tr>\n<td width=\"43\">3<\/td>\n<td colspan=\"2\" width=\"252\">Lo\u1ea1i h\u1ed9p s\u1ed1<\/td>\n<td width=\"264\">H\u1ed9p s\u1ed1 chuy\u1ec3n \u0111\u1ed9ng \u0111i\u1ec7n<\/td>\n<\/tr>\n<tr>\n<td width=\"43\">4<\/td>\n<td rowspan=\"7\" width=\"85\">T\u1ef7 l\u1ec7 b\u00e1nh r\u0103ng \/ t\u1ed1c \u0111\u1ed9<\/td>\n<td width=\"167\">\u2160<\/td>\n<td width=\"264\">4.64<\/td>\n<\/tr>\n<tr>\n<td width=\"43\">5<\/td>\n<td width=\"167\">\u2161<\/td>\n<td width=\"264\">2.24<\/td>\n<\/tr>\n<tr>\n<td width=\"43\">6<\/td>\n<td width=\"167\">\u2162<\/td>\n<td width=\"264\">1.29<\/td>\n<\/tr>\n<tr>\n<td width=\"43\">7<\/td>\n<td width=\"167\">\u2163<\/td>\n<td width=\"264\">0.75<\/td>\n<\/tr>\n<tr>\n<td width=\"43\">8<\/td>\n<td width=\"167\">R1<\/td>\n<td width=\"264\">4.64<\/td>\n<\/tr>\n<tr>\n<td width=\"43\">9<\/td>\n<td width=\"167\">S\u1ed1 R2<\/td>\n<td width=\"264\">2.24<\/td>\n<\/tr>\n<tr>\n<td width=\"43\">10<\/td>\n<td width=\"167\">R3<\/td>\n<td width=\"264\">1.29<\/td>\n<\/tr>\n<tr>\n<td width=\"43\">11<\/td>\n<td width=\"85\"><\/td>\n<td width=\"167\">R4<\/td>\n<td width=\"264\">0.75<\/td>\n<\/tr>\n<\/tbody>\n<\/table>\n<p>(5) H\u1ec7 th\u1ed1ng l\u00e1i xe<\/p>\n<table class=\"table\" border=\"0\" width=\"100%\" cellspacing=\"0\" cellpadding=\"0\">\n<tbody>\n<tr class=\"firstRow\">\n<td width=\"46\">Kh\u00f4ng.<\/td>\n<td width=\"251\">T\u00f9y ch\u1ecdn<\/td>\n<td width=\"263\">Th\u00f4ng s\u1ed1 k\u1ef9 thu\u1eadt<\/td>\n<\/tr>\n<tr>\n<td width=\"46\">1<\/td>\n<td width=\"251\">Ch\u1ebf \u0111\u1ed9 truy\u1ec1n<\/td>\n<td width=\"263\">Truy\u1ec1n th\u1ee7y c\u01a1 kh\u00ed<\/td>\n<\/tr>\n<tr>\n<td width=\"46\">2<\/td>\n<td width=\"251\">M\u00f4 h\u00ecnh tr\u1ee5c (ph\u00eda tr\u01b0\u1edbc \/ ph\u00eda sau)<\/td>\n<td width=\"263\">10052406<\/td>\n<\/tr>\n<tr>\n<td width=\"46\">3<\/td>\n<td width=\"251\">T\u1ef7 l\u1ec7 t\u1ed1c \u0111\u1ed9 tr\u1ee5c (ph\u00eda tr\u01b0\u1edbc \/ ph\u00eda sau)<\/td>\n<td width=\"263\">18.6\/18.6<\/td>\n<\/tr>\n<tr>\n<td width=\"46\">4<\/td>\n<td width=\"251\">Nh\u00e0 s\u1ea3n xu\u1ea5t tr\u1ee5c (ph\u00eda tr\u01b0\u1edbc \/ ph\u00eda sau)<\/td>\n<td width=\"263\">Dana<\/td>\n<\/tr>\n<tr>\n<td width=\"46\">5<\/td>\n<td width=\"251\">K\u00edch th\u01b0\u1edbc l\u1ed1p xe v\u00e0 m\u00f4 h\u00ecnh (ph\u00eda tr\u01b0\u1edbc \/ ph\u00eda sau)<\/td>\n<td width=\"263\">12.00-20<\/td>\n<\/tr>\n<tr>\n<td width=\"46\">6<\/td>\n<td width=\"251\">Lo\u1ea1i l\u1ed1p xe (ph\u00eda tr\u01b0\u1edbc \/ ph\u00eda sau)<\/td>\n<td width=\"263\">L\u1ed1p kh\u00ed n\u00e9n<\/td>\n<\/tr>\n<\/tbody>\n<\/table>\n<p>(6) H\u1ec7 th\u1ed1ng phanh<\/p>\n<table class=\"table\" border=\"0\" width=\"100%\" cellspacing=\"0\" cellpadding=\"0\">\n<tbody>\n<tr class=\"firstRow\">\n<td width=\"47\">Kh\u00f4ng.<\/td>\n<td width=\"272\">T\u00f9y ch\u1ecdn<\/td>\n<td width=\"241\">Th\u00f4ng s\u1ed1 k\u1ef9 thu\u1eadt<\/td>\n<\/tr>\n<tr>\n<td width=\"47\">1<\/td>\n<td width=\"272\">Lo\u1ea1i phanh<\/td>\n<td width=\"241\">Phanh \u01b0\u1edbt<\/td>\n<\/tr>\n<tr>\n<td width=\"47\">2<\/td>\n<td width=\"272\">Di chuy\u1ec3n b\u01a1m phanh (ml \/ R) \/ \u00e1p su\u1ea5t (MPA)<\/td>\n<td width=\"241\">30\/20<\/td>\n<\/tr>\n<tr>\n<td width=\"47\">3<\/td>\n<td width=\"272\">L\u00e0m vi\u1ec7c phanh<\/td>\n<td width=\"241\">Phanh th\u1ee7y l\u1ef1c \/ gi\u1ea3i ph\u00f3ng m\u00f9a xu\u00e2n<\/td>\n<\/tr>\n<tr>\n<td width=\"47\">4<\/td>\n<td width=\"272\">Lo\u1ea1i phanh kh\u1ea9n c\u1ea5p \/ \u0111\u1ed7 xe<\/td>\n<td width=\"241\">Phanh m\u00f9a xu\u00e2n \/ gi\u1ea3i ph\u00f3ng th\u1ee7y l\u1ef1c<\/td>\n<\/tr>\n<tr>\n<td width=\"47\">5<\/td>\n<td width=\"272\">Kho\u1ea3ng c\u00e1ch phanh (m) (20km \/ h \u0111\u01b0\u1eddng c\u1ee9ng kh\u00f4)<\/td>\n<td width=\"241\">&lt;  8<\/td>\n<\/tr>\n<\/tbody>\n<\/table>\n<p><img decoding=\"async\" class=\"alignnone wp-image-1316 size-full\" src=\"http:\/\/www.zongdamining.com\/wp-content\/uploads\/2022\/12\/underground-concrete-mixing-truck-for-coal50248970766.jpg\" alt=\"\" width=\"730\" height=\"730\" srcset=\"https:\/\/www.zongdamining.com\/wp-content\/uploads\/2022\/12\/underground-concrete-mixing-truck-for-coal50248970766.jpg 730w, https:\/\/www.zongdamining.com\/wp-content\/uploads\/2022\/12\/underground-concrete-mixing-truck-for-coal50248970766-300x300.jpg 300w, https:\/\/www.zongdamining.com\/wp-content\/uploads\/2022\/12\/underground-concrete-mixing-truck-for-coal50248970766-150x150.jpg 150w, https:\/\/www.zongdamining.com\/wp-content\/uploads\/2022\/12\/underground-concrete-mixing-truck-for-coal50248970766-600x600.jpg 600w, https:\/\/www.zongdamining.com\/wp-content\/uploads\/2022\/12\/underground-concrete-mixing-truck-for-coal50248970766-100x100.jpg 100w\" sizes=\"(max-width: 730px) 100vw, 730px\" \/><\/p>\n<p>Xe t\u1ea3i tr\u1ed9n b\u00ea t\u00f4ng ng\u1ea7m \u0111\u01b0\u1ee3c s\u1eed d\u1ee5ng r\u1ed9ng r\u00e3i tr\u00ean c\u00e1c m\u1ecf \u1edf Trung Qu\u1ed1c v\u00e0 tr\u00ean kh\u1eafp th\u1ebf gi\u1edbi.<\/p>","protected":false},"excerpt":{"rendered":"<p>Xe t\u1ea3i tr\u1ed9n b\u00ea t\u00f4ng ng\u1ea7m cho m\u1ecf than ch\u1ee7 y\u1ebfu \u0111\u01b0\u1ee3c s\u1eed d\u1ee5ng cho v\u1eadn chuy\u1ec3n b\u00ea t\u00f4ng trong vi\u1ec7c l\u00e0m c\u1ee9ng b\u1ec1 m\u1eb7t \u0111\u01b0\u1eddng b\u1ed9 c\u1ee7a m\u1ecf than ng\u1ea7m.<\/p>\n<div class=\"btn clearfix\"><\/div>","protected":false},"featured_media":1321,"comment_status":"open","ping_status":"closed","template":"","meta":{"_acf_changed":false},"product_brand":[],"product_cat":[15],"product_tag":[],"class_list":{"0":"post-1313","1":"product","2":"type-product","3":"status-publish","4":"has-post-thumbnail","6":"product_cat-trackless-mining-equipment","8":"first","9":"instock","10":"shipping-taxable","11":"product-type-simple"},"acf":[],"_links":{"self":[{"href":"https:\/\/www.zongdamining.com\/vi\/wp-json\/wp\/v2\/product\/1313","targetHints":{"allow":["GET"]}}],"collection":[{"href":"https:\/\/www.zongdamining.com\/vi\/wp-json\/wp\/v2\/product"}],"about":[{"href":"https:\/\/www.zongdamining.com\/vi\/wp-json\/wp\/v2\/types\/product"}],"replies":[{"embeddable":true,"href":"https:\/\/www.zongdamining.com\/vi\/wp-json\/wp\/v2\/comments?post=1313"}],"wp:featuredmedia":[{"embeddable":true,"href":"https:\/\/www.zongdamining.com\/vi\/wp-json\/wp\/v2\/media\/1321"}],"wp:attachment":[{"href":"https:\/\/www.zongdamining.com\/vi\/wp-json\/wp\/v2\/media?parent=1313"}],"wp:term":[{"taxonomy":"product_brand","embeddable":true,"href":"https:\/\/www.zongdamining.com\/vi\/wp-json\/wp\/v2\/product_brand?post=1313"},{"taxonomy":"product_cat","embeddable":true,"href":"https:\/\/www.zongdamining.com\/vi\/wp-json\/wp\/v2\/product_cat?post=1313"},{"taxonomy":"product_tag","embeddable":true,"href":"https:\/\/www.zongdamining.com\/vi\/wp-json\/wp\/v2\/product_tag?post=1313"}],"curies":[{"name":"WP","href":"https:\/\/api.w.org\/{rel}","templated":true}]}}