{"id":1329,"date":"2022-12-12T12:26:07","date_gmt":"2022-12-12T04:26:07","guid":{"rendered":"http:\/\/www.zongdamining.com\/?post_type=product&#038;p=1329"},"modified":"2022-12-12T15:16:07","modified_gmt":"2022-12-12T07:16:07","slug":"diesel-chinese-engine-underground-mining-dump-truck","status":"publish","type":"product","link":"https:\/\/www.zongdamining.com\/vi\/product\/diesel-chinese-engine-underground-mining-dump-truck\/","title":{"rendered":"\u0110\u1ed9ng c\u01a1 diesel Trung Qu\u1ed1c Xe t\u1ea3i th\u1ea3i m\u1ecf ng\u1ea7m"},"content":{"rendered":"<p><img fetchpriority=\"high\" decoding=\"async\" class=\"alignnone wp-image-1332 size-full\" src=\"http:\/\/www.zongdamining.com\/wp-content\/uploads\/2022\/12\/diesel-chinese-engine-underground-mining-dump20550619451.jpg\" alt=\"\" width=\"730\" height=\"730\" srcset=\"https:\/\/www.zongdamining.com\/wp-content\/uploads\/2022\/12\/diesel-chinese-engine-underground-mining-dump20550619451.jpg 730w, https:\/\/www.zongdamining.com\/wp-content\/uploads\/2022\/12\/diesel-chinese-engine-underground-mining-dump20550619451-300x300.jpg 300w, https:\/\/www.zongdamining.com\/wp-content\/uploads\/2022\/12\/diesel-chinese-engine-underground-mining-dump20550619451-150x150.jpg 150w, https:\/\/www.zongdamining.com\/wp-content\/uploads\/2022\/12\/diesel-chinese-engine-underground-mining-dump20550619451-600x600.jpg 600w, https:\/\/www.zongdamining.com\/wp-content\/uploads\/2022\/12\/diesel-chinese-engine-underground-mining-dump20550619451-100x100.jpg 100w\" sizes=\"(max-width: 730px) 100vw, 730px\" \/><\/p>\n<p><strong>M\u00f4i tr\u01b0\u1eddng \u1ee9ng d\u1ee5ng<\/strong><\/p>\n<p>1. N\u00f3 c\u00f3 th\u1ec3 \u0111\u01b0\u1ee3c s\u1eed d\u1ee5ng \u1edf nhi\u1ec7t \u0111\u1ed9 xung quanh (- 15 \u2103 ~ 40 \u2103).<\/p>\n<p>2. N\u00f3 \u0111\u01b0\u1ee3c s\u1eed d\u1ee5ng \u1edf c\u00e1c khu v\u1ef1c c\u00f3 \u0111\u1ed9 cao kh\u00f4ng qu\u00e1 (2000) M.<\/p>\n<p>3. S\u1eed d\u1ee5ng b\u00ecnh th\u01b0\u1eddng trong m\u00f4i tr\u01b0\u1eddng v\u1edbi \u0111\u1ed9 \u1ea9m kh\u00f4ng qu\u00e1 95% (25 \u2103).<\/p>\n<p>4. N\u00f3 c\u00f3 th\u1ec3 \u0111\u01b0\u1ee3c s\u1eed d\u1ee5ng b\u00ecnh th\u01b0\u1eddng trong c\u00e1c m\u1ecf kim lo\u1ea1i ho\u1eb7c phi kim lo\u1ea1i.<\/p>\n<p>5. Ph\u1ea3i c\u00f3 \u0111\u1ee7 c\u00f4ng su\u1ea5t th\u00f4ng gi\u00f3 d\u01b0\u1edbi m\u1ecf, v\u00e0 th\u00e0nh ph\u1ea7n kh\u00f4ng kh\u00ed xung quanh c\u1ee7a n\u00f3 n\u00ean \u0111\u00e1p \u1ee9ng c\u00e1c y\u00eau c\u1ea7u c\u1ee7a &lt;  &lt; c\u00e1c quy \u0111\u1ecbnh an to\u00e0n cho c\u00e1c m\u1ecf kim lo\u1ea1i v\u00e0 phi kim lo\u1ea1i &gt;  &gt; (2006).<\/p>\n<p><strong>C\u00e1c th\u00f4ng s\u1ed1 k\u1ef9 thu\u1eadt ch\u00ednh<\/strong><\/p>\n<p>&nbsp;<\/p>\n<table class=\"table\" border=\"0\" width=\"100%\" cellspacing=\"0\" cellpadding=\"0\">\n<tbody>\n<tr class=\"firstRow\">\n<td width=\"52\"><strong>Kh\u00f4ng.<\/strong><\/td>\n<td colspan=\"2\" width=\"212\"><strong>L\u01afU C\u00c1CH<\/strong><\/td>\n<td colspan=\"2\" width=\"280\"><strong>Th\u00f4ng s\u1ed1 k\u1ef9 thu\u1eadt<\/strong><\/td>\n<\/tr>\n<tr>\n<td align=\"center\" valign=\"middle\" width=\"52\">1<\/td>\n<td colspan=\"2\" align=\"center\" valign=\"middle\" width=\"212\">Ki\u1ec3u<\/td>\n<td colspan=\"2\" width=\"280\">Anh-20<\/td>\n<\/tr>\n<tr>\n<td align=\"center\" valign=\"middle\" width=\"52\">2<\/td>\n<td colspan=\"2\" align=\"center\" valign=\"middle\" width=\"212\">T\u1ea3i tr\u1ecdng \u0111\u1ecbnh m\u1ee9c (kg)<\/td>\n<td colspan=\"2\" width=\"280\">20000<\/td>\n<\/tr>\n<tr>\n<td align=\"center\" valign=\"middle\" width=\"52\">3<\/td>\n<td colspan=\"2\" align=\"center\" valign=\"middle\" width=\"212\">Tr\u1ecdng l\u01b0\u1ee3ng (kg)<\/td>\n<td colspan=\"2\" width=\"280\">13000<\/td>\n<\/tr>\n<tr>\n<td align=\"center\" valign=\"middle\" width=\"52\">4<\/td>\n<td colspan=\"2\" align=\"center\" valign=\"middle\" width=\"212\">K\u00edch th\u01b0\u1edbc t\u1ed5ng th\u1ec3 (L \u00d7 W \u00d7 H) (mm)<\/td>\n<td colspan=\"2\" width=\"280\">7656\u00d72570\u00d72573<\/td>\n<\/tr>\n<tr>\n<td align=\"center\" valign=\"middle\" width=\"52\">5<\/td>\n<td colspan=\"2\" align=\"center\" valign=\"middle\" width=\"212\">Kh\u1ea3 n\u0103ng k\u00e9o t\u1ed1i \u0111a (KN)<\/td>\n<td colspan=\"2\" width=\"280\">198<\/td>\n<\/tr>\n<tr>\n<td align=\"center\" valign=\"middle\" width=\"52\">6<\/td>\n<td colspan=\"2\" align=\"center\" valign=\"middle\" width=\"212\">Ch\u1ebf \u0111\u1ed9 l\u00e1i xe<\/td>\n<td colspan=\"2\" width=\"280\">6 \u00d7 4 \u0110\u1ed9ng c\u01a1 b\u1ed1n b\u00e1nh<\/td>\n<\/tr>\n<tr>\n<td align=\"center\" valign=\"middle\" width=\"52\">7<\/td>\n<td colspan=\"2\" align=\"center\" valign=\"middle\" width=\"212\">Ch\u1ebf \u0111\u1ed9 truy\u1ec1n<\/td>\n<td colspan=\"2\" width=\"280\">\u0110\u1ed9ng c\u01a1 c\u01a1 kh\u00ed<\/td>\n<\/tr>\n<tr>\n<td align=\"center\" valign=\"middle\" width=\"52\">8<\/td>\n<td colspan=\"2\" align=\"center\" valign=\"middle\" width=\"212\">Kho\u1ea3ng c\u00e1ch m\u1eb7t \u0111\u1ea5t t\u1ed1i thi\u1ec3u (mm)<\/td>\n<td colspan=\"2\" width=\"280\">280<\/td>\n<\/tr>\n<tr>\n<td rowspan=\"2\" align=\"center\" valign=\"middle\" width=\"52\">9<\/td>\n<td rowspan=\"2\" align=\"center\" valign=\"middle\" width=\"123\">Ch\u1ebf \u0111\u1ed9 phanh<\/td>\n<td align=\"center\" valign=\"middle\" width=\"89\">L\u00e0m vi\u1ec7c phanh<\/td>\n<td colspan=\"2\" width=\"280\">Phanh m\u00f9a xu\u00e2n, gi\u1ea3i ph\u00f3ng th\u1ee7y l\u1ef1c<\/td>\n<\/tr>\n<tr>\n<td align=\"center\" valign=\"middle\" width=\"89\">Phanh \u0111\u1ed7 xe<\/td>\n<td colspan=\"2\" width=\"280\">Phanh m\u00f9a xu\u00e2n, gi\u1ea3i ph\u00f3ng th\u1ee7y l\u1ef1c<\/td>\n<\/tr>\n<tr>\n<td align=\"center\" valign=\"middle\" width=\"52\">10<\/td>\n<td colspan=\"2\" align=\"center\" valign=\"middle\" width=\"212\">Kh\u1ea3 n\u0103ng leo thang (\u00b0) (d\u1ecdc \/ ngang)<\/td>\n<td colspan=\"2\" width=\"280\">14\/5<\/td>\n<\/tr>\n<tr>\n<td align=\"center\" valign=\"middle\" width=\"52\">11<\/td>\n<td colspan=\"2\" align=\"center\" valign=\"middle\" width=\"212\">B\u00e1nh xe (mm)<\/td>\n<td colspan=\"2\" width=\"280\">3650+1350<\/td>\n<\/tr>\n<tr>\n<td align=\"center\" valign=\"middle\" width=\"52\">12<\/td>\n<td colspan=\"2\" align=\"center\" valign=\"middle\" width=\"212\">Chi\u1ec1u r\u1ed9ng theo d\u00f5i (ph\u00eda tr\u01b0\u1edbc \/ ph\u00eda sau) (mm)<\/td>\n<td colspan=\"2\" width=\"280\">2060\/1860<\/td>\n<\/tr>\n<tr>\n<td rowspan=\"2\" align=\"center\" valign=\"middle\" width=\"52\">13<\/td>\n<td rowspan=\"2\" align=\"center\" valign=\"middle\" width=\"123\">B\u00e1n k\u00ednh c\u00f4ng su\u1ea5t th\u00f4ng qua t\u1ed1i thi\u1ec3u (mm)<\/td>\n<td align=\"center\" valign=\"middle\" width=\"89\">b\u00ean trong<\/td>\n<td colspan=\"2\" width=\"280\">5600<\/td>\n<\/tr>\n<tr>\n<td align=\"center\" valign=\"middle\" width=\"89\">B\u00ean ngo\u00e0i<\/td>\n<td colspan=\"2\" width=\"280\">9500<\/td>\n<\/tr>\n<tr>\n<td rowspan=\"6\" align=\"center\" valign=\"middle\" width=\"52\">14<\/td>\n<td colspan=\"2\" rowspan=\"6\" align=\"center\" valign=\"middle\" width=\"212\">T\u1ed1c \u0111\u1ed9 di chuy\u1ec3n (km \/ h) (\u0111\u01b0\u1eddng b\u1ed9 kh\u00f4 v\u00e0 c\u1ee9ng)<\/td>\n<td width=\"136\">I<\/td>\n<td width=\"144\">7.2<\/td>\n<\/tr>\n<tr>\n<td width=\"136\">II<\/td>\n<td width=\"144\">12.2<\/td>\n<\/tr>\n<tr>\n<td width=\"136\">III<\/td>\n<td width=\"144\"><\/td>\n<\/tr>\n<tr>\n<td width=\"136\">IV<\/td>\n<td width=\"144\"><\/td>\n<\/tr>\n<tr>\n<td width=\"136\">V<\/td>\n<td width=\"144\"><\/td>\n<\/tr>\n<tr>\n<td width=\"136\">B\u00e1nh r\u0103ng ng\u01b0\u1ee3c<\/td>\n<td width=\"144\"><\/td>\n<\/tr>\n<tr>\n<td align=\"center\" valign=\"middle\" width=\"52\">15<\/td>\n<td colspan=\"2\" align=\"center\" valign=\"middle\" width=\"212\">Ti\u00eau chu\u1ea9n ph\u00e1t th\u1ea3i<\/td>\n<td colspan=\"2\" width=\"280\">GB 17691-2005 ti\u00eau chu\u1ea9n ph\u00e1t th\u1ea3i giai \u0111o\u1ea1n III<\/td>\n<\/tr>\n<tr>\n<td align=\"center\" valign=\"middle\" width=\"52\">16<\/td>\n<td colspan=\"2\" align=\"center\" valign=\"middle\" width=\"212\">Ch\u1ebf \u0111\u1ed9 b\u1eaft \u0111\u1ea7u<\/td>\n<td colspan=\"2\" width=\"280\">B\u1eaft \u0111\u1ea7u \u0111i\u1ec7n<\/td>\n<\/tr>\n<tr>\n<td align=\"center\" valign=\"middle\" width=\"52\">17<\/td>\n<td colspan=\"2\" align=\"center\" valign=\"middle\" width=\"212\">\u0110i\u1ec1u ch\u1ec9nh v\u1edbi ph\u1ea1m vi nhi\u1ec7t \u0111\u1ed9 m\u00f4i tr\u01b0\u1eddng xung quanh (\u00b0C)<\/td>\n<td colspan=\"2\" width=\"280\">-15\uff5e40<\/td>\n<\/tr>\n<tr>\n<td align=\"center\" valign=\"middle\" width=\"52\">18<\/td>\n<td colspan=\"2\" align=\"center\" valign=\"middle\" width=\"212\">K\u00edch th\u01b0\u1edbc kh\u00f4ng t\u00e1ch ra t\u1ed1i \u0111a (L \u00d7 W \u00d7 H) (mm)<\/td>\n<td colspan=\"2\" width=\"280\">5868\u00d72570\u00d71680<\/td>\n<\/tr>\n<tr>\n<td align=\"center\" valign=\"middle\" width=\"52\">19<\/td>\n<td colspan=\"2\" align=\"center\" valign=\"middle\" width=\"212\">S\u1eed d\u1ee5ng c\u00e1c b\u1ed9 ph\u1eadn b\u1ecb h\u01b0 h\u1ea1i v\u00e0 c\u00e1c b\u1ed9 ph\u1eadn chung<\/td>\n<td colspan=\"2\" width=\"280\">\u0110\u1ea3m b\u1ea3o kh\u1ea3 n\u0103ng trao \u0111\u1ed5i trong vi\u1ec7c s\u1eed d\u1ee5ng<\/td>\n<\/tr>\n<tr>\n<td align=\"center\" valign=\"middle\" width=\"52\">20<\/td>\n<td colspan=\"2\" align=\"center\" valign=\"middle\" width=\"212\">C\u00e1p \u0111\u1ebfn thi\u1ebft b\u1ecb \u0111i\u1ec7n<\/td>\n<td colspan=\"2\" width=\"280\">Thi\u1ebft k\u1ebf, s\u1ea3n xu\u1ea5t v\u00e0 l\u1eafp \u0111\u1eb7t thi\u1ebft b\u1ecb \u0111i\u1ec7n h\u1ed7 tr\u1ee3 ph\u1ea3i ph\u00f9 h\u1ee3p v\u1edbi c\u00e1c quy \u0111\u1ecbnh li\u00ean quan c\u1ee7a GB5226.1<\/td>\n<\/tr>\n<tr>\n<td align=\"center\" valign=\"middle\" width=\"52\">21<\/td>\n<td colspan=\"2\" align=\"center\" valign=\"middle\" width=\"212\">H\u1ec7 th\u1ed1ng h\u1ea5p th\u1ee5 s\u1ed1c<\/td>\n<td colspan=\"2\" width=\"280\">Tr\u01b0\u1edbc \/ sau l\u00e1 m\u00f9a xu\u00e2n treo<\/td>\n<\/tr>\n<tr>\n<td align=\"center\" valign=\"middle\" width=\"52\">22<\/td>\n<td colspan=\"2\" align=\"center\" valign=\"middle\" width=\"212\">khung xe<\/td>\n<td colspan=\"2\" width=\"280\">T\u1ef1 ki\u1ec3m so\u00e1t<\/td>\n<\/tr>\n<tr>\n<td align=\"center\" valign=\"middle\" width=\"52\">23<\/td>\n<td colspan=\"2\" align=\"center\" valign=\"middle\" width=\"212\">Thi\u1ebft b\u1ecb d\u1eadp ch\u00e1y<\/td>\n<td colspan=\"2\" width=\"280\">Hai m\u00e1y d\u1eadp ch\u00e1y b\u1ed9t kh\u00f4 di \u0111\u1ed9ng 4kg<\/td>\n<\/tr>\n<tr>\n<td align=\"center\" valign=\"middle\" width=\"52\">24<\/td>\n<td colspan=\"2\" align=\"center\" valign=\"middle\" width=\"212\">C\u1ea5u h\u00ecnh \u0111u\u00f4i<\/td>\n<td colspan=\"2\" width=\"280\">\u0110\u01b0\u1ee3c trang b\u1ecb k\u00e9o<\/td>\n<\/tr>\n<tr>\n<td align=\"center\" valign=\"middle\" width=\"52\">25<\/td>\n<td colspan=\"2\" align=\"center\" valign=\"middle\" width=\"212\">M\u00e0u s\u1eafc c\u01a1 th\u1ec3<\/td>\n<td colspan=\"2\" width=\"280\">K\u1ef9 thu\u1eadt v\u00e0ng<\/td>\n<\/tr>\n<\/tbody>\n<\/table>\n<p>&nbsp;<\/p>\n<p>(2) C\u1ea5u h\u00ecnh xe h\u01a1i v\u00e0 cabin<\/p>\n<p>&nbsp;<\/p>\n<table class=\"table\" border=\"0\" width=\"100%\" cellspacing=\"0\" cellpadding=\"0\">\n<tbody>\n<tr class=\"firstRow\">\n<td width=\"53\"><strong>Kh\u00f4ng.<\/strong><\/td>\n<td width=\"204\"><strong>L\u01afU C\u00c1CH<\/strong><\/td>\n<td width=\"287\"><strong>Th\u00f4ng s\u1ed1 k\u1ef9 thu\u1eadt<\/strong><\/td>\n<\/tr>\n<tr>\n<td align=\"center\" valign=\"middle\" width=\"53\">1<\/td>\n<td align=\"center\" valign=\"middle\" width=\"204\">Thao t\u00fang n\u1ed9i dung<\/td>\n<td width=\"287\">Kh\u1edfi \u0111\u1ed9ng, l\u00e1i, t\u0103ng t\u1ed1c, l\u00e0m vi\u1ec7c v\u00e0 phanh kh\u1ea9n c\u1ea5p, chuy\u1ec3n<\/td>\n<\/tr>\n<tr>\n<td align=\"center\" valign=\"middle\" width=\"53\">2<\/td>\n<td align=\"center\" valign=\"middle\" width=\"204\">D\u1ee5ng c\u1ee5 hi\u1ec3n th\u1ecb<\/td>\n<td width=\"287\">Kh\u1ed1i l\u01b0\u1ee3ng d\u1ea7u, t\u1ed1c \u0111\u1ed9, t\u1ed1c \u0111\u1ed9, \u00e1nh s\u00e1ng l\u1ed7i \u0111\u1ed9ng c\u01a1, m\u00e1y \u0111o \u00e1p su\u1ea5t h\u1ec7 th\u1ed1ng, m\u00e1y \u0111o \u00e1p su\u1ea5t phanh<\/td>\n<\/tr>\n<tr>\n<td align=\"center\" valign=\"middle\" width=\"53\">3<\/td>\n<td align=\"center\" valign=\"middle\" width=\"204\">C\u1eeda xe<\/td>\n<td width=\"287\">C\u1eeda \u0111\u01a1n<\/td>\n<\/tr>\n<tr>\n<td align=\"center\" valign=\"middle\" width=\"53\">4<\/td>\n<td align=\"center\" valign=\"middle\" width=\"204\">Thi\u1ebft b\u1ecb c\u1ea3nh b\u00e1o<\/td>\n<td width=\"287\">Thi\u1ebft l\u1eadp c\u00e1c d\u1ea5u hi\u1ec7u c\u1ea3nh b\u00e1o, ch\u1ee7 y\u1ebfu bao g\u1ed3m: c\u00e1c m\u1ee5c c\u1ea3nh b\u00e1o trong khi l\u00e1i xe, c\u00e1c m\u1ee5c c\u1ea3nh b\u00e1o trong khi b\u1eaft \u0111\u1ea7u v\u00e0 d\u1eebng, c\u00e1c m\u1eb9o ho\u1ea1t \u0111\u1ed9ng c\u1ea7n thi\u1ebft \u0111\u1ec3 phanh, v.v.<\/td>\n<\/tr>\n<tr>\n<td align=\"center\" valign=\"middle\" width=\"53\">5<\/td>\n<td align=\"center\" valign=\"middle\" width=\"204\">M\u00e1y s\u01b0\u1edfi \u1ea5m<\/td>\n<td width=\"287\">V\u00e2ng<\/td>\n<\/tr>\n<tr>\n<td align=\"center\" valign=\"middle\" width=\"53\">6<\/td>\n<td align=\"center\" valign=\"middle\" width=\"204\">\u0110i\u1ec1u h\u00f2a kh\u00f4ng kh\u00ed<\/td>\n<td width=\"287\">V\u00e2ng<\/td>\n<\/tr>\n<\/tbody>\n<\/table>\n<p>&nbsp;<\/p>\n<p>(3) H\u1ec7 th\u1ed1ng \u0111\u1ed9ng c\u01a1 diesel<\/p>\n<p>&nbsp;<\/p>\n<table class=\"table\" border=\"0\" width=\"100%\" cellspacing=\"0\" cellpadding=\"0\">\n<tbody>\n<tr class=\"firstRow\">\n<td width=\"52\"><strong>Kh\u00f4ng.<\/strong><\/td>\n<td width=\"204\"><strong>T\u00f9y ch\u1ecdn<\/strong><\/td>\n<td width=\"289\"><strong>Th\u00f4ng s\u1ed1 k\u1ef9 thu\u1eadt<\/strong><\/td>\n<\/tr>\n<tr>\n<td align=\"center\" valign=\"middle\" width=\"52\">1<\/td>\n<td align=\"center\" valign=\"middle\" width=\"204\">Ki\u1ec3u<\/td>\n<td width=\"289\">S\u1ea3n ph\u1ea9m YC6L290-T300<\/td>\n<\/tr>\n<tr>\n<td align=\"center\" valign=\"middle\" width=\"52\">2<\/td>\n<td align=\"center\" valign=\"middle\" width=\"204\">S\u1eafp x\u1ebfp xi lanh<\/td>\n<td width=\"289\">Trong m\u1ea1ng<\/td>\n<\/tr>\n<tr>\n<td align=\"center\" valign=\"middle\" width=\"52\">3<\/td>\n<td align=\"center\" valign=\"middle\" width=\"204\">(kW\/rpm)<\/td>\n<td width=\"289\">213\/2200<\/td>\n<\/tr>\n<tr>\n<td align=\"center\" valign=\"middle\" width=\"52\">4<\/td>\n<td align=\"center\" valign=\"middle\" width=\"204\">M\u00f4-men t\u1ed1i \u0111a (nm) \/ t\u1ed1c \u0111\u1ed9 (r \/ min)<\/td>\n<td width=\"289\">1100\/1200-1400<\/td>\n<\/tr>\n<tr>\n<td align=\"center\" valign=\"middle\" width=\"52\">5<\/td>\n<td align=\"center\" valign=\"middle\" width=\"204\">H\u01b0\u1edbng quay (\u0111\u1ed1i m\u1eb7t v\u1edbi b\u00e1nh xe)<\/td>\n<td width=\"289\">Ch\u1ed1ng chi\u1ec1u h\u01b0\u1edbng \u0111\u1ed3ng h\u1ed3<\/td>\n<\/tr>\n<tr>\n<td align=\"center\" valign=\"middle\" width=\"52\">6<\/td>\n<td align=\"center\" valign=\"middle\" width=\"204\">T\u1ed1c \u0111\u1ed9 ho\u1ea1t \u0111\u1ed9ng \u1ed5n \u0111\u1ecbnh t\u1ed1i thi\u1ec3u (r \/ min)<\/td>\n<td width=\"289\">600-650<\/td>\n<\/tr>\n<tr>\n<td align=\"center\" valign=\"middle\" width=\"52\">7<\/td>\n<td align=\"center\" valign=\"middle\" width=\"204\">displacement (L)<\/td>\n<td width=\"289\">8.424<\/td>\n<\/tr>\n<tr>\n<td align=\"center\" valign=\"middle\" width=\"52\">8<\/td>\n<td align=\"center\" valign=\"middle\" width=\"204\">T\u1ef7 l\u1ec7 ti\u00eau th\u1ee5 nhi\u00ean li\u1ec7u trung b\u00ecnh (g \/ KWh)<\/td>\n<td width=\"289\">210<\/td>\n<\/tr>\n<tr>\n<td align=\"center\" valign=\"middle\" width=\"52\">9<\/td>\n<td align=\"center\" valign=\"middle\" width=\"204\">S\u1ed1 l\u01b0\u1ee3ng xi lanh &#8211; khoan \/ \u0111\u1ed9t qu\u1ef5 (mm)<\/td>\n<td width=\"289\">6-113\/140<\/td>\n<\/tr>\n<tr>\n<td align=\"center\" valign=\"middle\" width=\"52\">10<\/td>\n<td align=\"center\" valign=\"middle\" width=\"204\">T\u1ef7 l\u1ec7 n\u00e9n<\/td>\n<td width=\"289\">17.5\uff1a1<\/td>\n<\/tr>\n<tr>\n<td align=\"center\" valign=\"middle\" width=\"52\">11<\/td>\n<td align=\"center\" valign=\"middle\" width=\"204\">Ch\u1ebf \u0111\u1ed9 h\u00fat<\/td>\n<td width=\"289\">Turbo<\/td>\n<\/tr>\n<tr>\n<td align=\"center\" valign=\"middle\" width=\"52\">12<\/td>\n<td align=\"center\" valign=\"middle\" width=\"204\">Th\u00f4ng s\u1ed1 k\u1ef9 thu\u1eadt nhi\u00ean li\u1ec7u<\/td>\n<td width=\"289\">0 ~ 35 # Diesel<\/td>\n<\/tr>\n<tr>\n<td align=\"center\" valign=\"middle\" width=\"52\">13<\/td>\n<td align=\"center\" valign=\"middle\" width=\"204\">Ch\u1ebf \u0111\u1ed9 b\u1eaft \u0111\u1ea7u<\/td>\n<td width=\"289\">B\u1eaft \u0111\u1ea7u \u0111i\u1ec7n<\/td>\n<\/tr>\n<\/tbody>\n<\/table>\n<p>&nbsp;<\/p>\n<p>(4) H\u1ec7 th\u1ed1ng l\u00e1i xe<\/p>\n<p>&nbsp;<\/p>\n<table class=\"table\" border=\"0\" width=\"100%\" cellspacing=\"0\" cellpadding=\"0\">\n<tbody>\n<tr class=\"firstRow\">\n<td width=\"52\"><strong>Kh\u00f4ng.<\/strong><\/td>\n<td width=\"204\"><strong>T\u00f9y ch\u1ecdn<\/strong><\/td>\n<td width=\"288\"><strong>Th\u00f4ng s\u1ed1 k\u1ef9 thu\u1eadt<\/strong><\/td>\n<\/tr>\n<tr>\n<td align=\"center\" valign=\"middle\" width=\"52\">1<\/td>\n<td align=\"center\" valign=\"middle\" width=\"204\">K\u00edch th\u01b0\u1edbc l\u1ed1p xe v\u00e0 m\u00f4 h\u00ecnh (ph\u00eda tr\u01b0\u1edbc \/ ph\u00eda sau)<\/td>\n<td width=\"288\">10.00-20-24PR<\/td>\n<\/tr>\n<tr>\n<td align=\"center\" valign=\"middle\" width=\"52\">2<\/td>\n<td align=\"center\" valign=\"middle\" width=\"204\">Lo\u1ea1i l\u1ed1p xe (ph\u00eda tr\u01b0\u1edbc \/ ph\u00eda sau)<\/td>\n<td width=\"288\">L\u1ed1p xe b\u00e1n k\u00ednh<\/td>\n<\/tr>\n<\/tbody>\n<\/table>\n<p>&nbsp;<\/p>\n<p>(5) L\u1eafp r\u00e1p phanh<\/p>\n<p>&nbsp;<\/p>\n<table class=\"table\" border=\"0\" width=\"100%\" cellspacing=\"0\" cellpadding=\"0\">\n<tbody>\n<tr class=\"firstRow\">\n<td width=\"52\"><strong>Kh\u00f4ng.<\/strong><\/td>\n<td width=\"204\"><strong>T\u00f9y ch\u1ecdn<\/strong><\/td>\n<td width=\"288\"><strong>Th\u00f4ng s\u1ed1 k\u1ef9 thu\u1eadt<\/strong><\/td>\n<\/tr>\n<tr>\n<td align=\"center\" valign=\"middle\" width=\"52\">1<\/td>\n<td align=\"center\" valign=\"middle\" width=\"204\">L\u00e0m vi\u1ec7c \/ kh\u1ea9n c\u1ea5p \/ lo\u1ea1i phanh \u0111\u1ed7 xe<\/td>\n<td width=\"288\">Phanh \u01b0\u1edbt \u0111a \u0111\u0129a<\/td>\n<\/tr>\n<tr>\n<td align=\"center\" valign=\"middle\" width=\"52\">2<\/td>\n<td align=\"center\" valign=\"middle\" width=\"204\">Phanh<\/td>\n<td width=\"288\">T\u00edch h\u1ee3p v\u1edbi c\u1ea7u<\/td>\n<\/tr>\n<tr>\n<td align=\"center\" valign=\"middle\" width=\"52\">3<\/td>\n<td align=\"center\" valign=\"middle\" width=\"204\">Lo\u1ea1i phanh d\u1ecbch v\u1ee5<\/td>\n<td width=\"288\">Phanh m\u00f9a xu\u00e2n, gi\u1ea3i ph\u00f3ng th\u1ee7y l\u1ef1c<\/td>\n<\/tr>\n<tr>\n<td align=\"center\" valign=\"middle\" width=\"52\">4<\/td>\n<td align=\"center\" valign=\"middle\" width=\"204\">Lo\u1ea1i phanh kh\u1ea9n c\u1ea5p \/ \u0111\u1ed7 xe<\/td>\n<td width=\"288\">Phanh m\u00f9a xu\u00e2n, gi\u1ea3i ph\u00f3ng th\u1ee7y l\u1ef1c<\/td>\n<\/tr>\n<tr>\n<td align=\"center\" valign=\"middle\" width=\"52\">5<\/td>\n<td align=\"center\" valign=\"middle\" width=\"204\">Kho\u1ea3ng c\u00e1ch phanh 20km \/ h (m) (\u0111\u01b0\u1eddng ph\u1ed1 kh\u00f4 v\u00e0 c\u1ee9ng)<\/td>\n<td width=\"288\">\u2264 8<\/td>\n<\/tr>\n<\/tbody>\n<\/table>\n<p>&nbsp;<\/p>\n<p>(6) H\u1ec7 th\u1ed1ng th\u1ee7y l\u1ef1c<\/p>\n<p>&nbsp;<\/p>\n<table class=\"table\" border=\"0\" width=\"100%\" cellspacing=\"0\" cellpadding=\"0\">\n<tbody>\n<tr class=\"firstRow\">\n<td width=\"49\"><strong>Kh\u00f4ng.<\/strong><\/td>\n<td width=\"216\"><strong>T\u00f9y ch\u1ecdn<\/strong><\/td>\n<td width=\"276\"><strong>Th\u00f4ng s\u1ed1 k\u1ef9 thu\u1eadt<\/strong><\/td>\n<\/tr>\n<tr>\n<td align=\"center\" valign=\"middle\" width=\"49\">1<\/td>\n<td align=\"center\" valign=\"middle\" width=\"216\">H\u00ecnh th\u1ee9c b\u01a1m<\/td>\n<td width=\"276\">M\u00e1y b\u01a1m b\u00e1nh r\u0103ng \u0111\u00f4i<\/td>\n<\/tr>\n<tr>\n<td align=\"center\" valign=\"middle\" width=\"49\">2<\/td>\n<td align=\"center\" valign=\"middle\" width=\"216\">Di chuy\u1ec3n (tr\u01b0\u1edbc \/ sau) (ml \/ R)<\/td>\n<td width=\"276\">52+14<\/td>\n<\/tr>\n<tr>\n<td align=\"center\" valign=\"middle\" width=\"49\">3<\/td>\n<td align=\"center\" valign=\"middle\" width=\"216\">Kh\u1ed1i l\u01b0\u1ee3ng b\u1ec3 ch\u1ee9a d\u1ea7u th\u1ee7y l\u1ef1c (L)<\/td>\n<td width=\"276\">110<\/td>\n<\/tr>\n<tr>\n<td align=\"center\" valign=\"middle\" width=\"49\">4<\/td>\n<td align=\"center\" valign=\"middle\" width=\"216\">Ch\u1ebf \u0111\u1ed9 l\u1ecdc<\/td>\n<td width=\"276\">L\u1ecdc \u00e1p su\u1ea5t cao \/ l\u1ecdc d\u1ea7u tr\u1edf l\u1ea1i<\/td>\n<\/tr>\n<tr>\n<td align=\"center\" valign=\"middle\" width=\"49\">5<\/td>\n<td align=\"center\" valign=\"middle\" width=\"216\">\u0110\u1ed9 ch\u00ednh x\u00e1c l\u1ecdc (\u03bc m) (\u03bc m)<\/td>\n<td width=\"276\">10\/20<\/td>\n<\/tr>\n<\/tbody>\n<\/table>\n<p>&nbsp;<\/p>\n<p>(7) H\u1ec7 th\u1ed1ng l\u00e1i<\/p>\n<p>&nbsp;<\/p>\n<table class=\"table\" border=\"0\" width=\"100%\" cellspacing=\"0\" cellpadding=\"0\">\n<tbody>\n<tr class=\"firstRow\">\n<td width=\"61\"><strong>Kh\u00f4ng.<\/strong><\/td>\n<td width=\"204\"><strong>T\u00f9y ch\u1ecdn<\/strong><\/td>\n<td width=\"273\"><strong>Th\u00f4ng s\u1ed1 k\u1ef9 thu\u1eadt<\/strong><\/td>\n<\/tr>\n<tr>\n<td align=\"center\" valign=\"middle\" width=\"61\">1<\/td>\n<td align=\"center\" valign=\"middle\" width=\"204\">Ch\u1ebf \u0111\u1ed9 \u0111i\u1ec1u khi\u1ec3n l\u00e1i<\/td>\n<td width=\"273\"><\/td>\n<\/tr>\n<\/tbody>\n<\/table>\n<p>&nbsp;<\/p>\n<p>(8) \u00c1nh s\u00e1ng<\/p>\n<p>&nbsp;<\/p>\n<table class=\"table\" border=\"0\" width=\"100%\" cellspacing=\"0\" cellpadding=\"0\">\n<tbody>\n<tr class=\"firstRow\">\n<td width=\"60\"><strong>Kh\u00f4ng.<\/strong><\/td>\n<td width=\"203\"><strong>T\u00f9y ch\u1ecdn<\/strong><\/td>\n<td width=\"277\"><strong>Th\u00f4ng s\u1ed1 k\u1ef9 thu\u1eadt<\/strong><\/td>\n<\/tr>\n<tr>\n<td align=\"center\" valign=\"middle\" width=\"60\">1<\/td>\n<td align=\"center\" valign=\"middle\" width=\"203\">Lo\u1ea1i \u0111\u00e8n tr\u01b0\u1edbc<\/td>\n<td width=\"277\">Ch\u00f9m cao v\u00e0 th\u1ea5p<\/td>\n<\/tr>\n<tr>\n<td align=\"center\" valign=\"middle\" width=\"60\">2<\/td>\n<td align=\"center\" valign=\"middle\" width=\"203\">S\u1ed1 l\u01b0\u1ee3ng (\u0111\u01a1n v\u1ecb)<\/td>\n<td width=\"277\">2<\/td>\n<\/tr>\n<tr>\n<td align=\"center\" valign=\"middle\" width=\"60\">3<\/td>\n<td align=\"center\" valign=\"middle\" width=\"203\">Ch\u1ec9 b\u00e1o phanh, t\u00edn hi\u1ec7u quay<\/td>\n<td width=\"277\">V\u00e2ng<\/td>\n<\/tr>\n<tr>\n<td align=\"center\" valign=\"middle\" width=\"60\">4<\/td>\n<td align=\"center\" valign=\"middle\" width=\"203\">\u0110\u00e8n \u0111\u1ea3o ng\u01b0\u1ee3c (m\u1ea3nh)<\/td>\n<td width=\"277\">2<\/td>\n<\/tr>\n<\/tbody>\n<\/table>\n<p>&nbsp;<\/p>\n<p>(9) Thi\u1ebft b\u1ecb c\u1ea3nh b\u00e1o t\u00edn hi\u1ec7u \u00e2m thanh<\/p>\n<table class=\"table\" border=\"0\" width=\"100%\" cellspacing=\"0\" cellpadding=\"0\">\n<tbody>\n<tr class=\"firstRow\">\n<td width=\"52\"><strong>Kh\u00f4ng.<\/strong><\/td>\n<td width=\"216\"><strong>T\u00f9y ch\u1ecdn<\/strong><\/td>\n<td width=\"276\"><strong>Th\u00f4ng s\u1ed1 k\u1ef9 thu\u1eadt<\/strong><\/td>\n<\/tr>\n<tr>\n<td align=\"center\" valign=\"middle\" width=\"52\">1<\/td>\n<td align=\"center\" valign=\"middle\" width=\"216\">Ki\u1ec3u<\/td>\n<td width=\"276\">S\u1eebng \u0111i\u1ec7n<\/td>\n<\/tr>\n<tr>\n<td align=\"center\" valign=\"middle\" width=\"52\">2<\/td>\n<td align=\"center\" valign=\"middle\" width=\"216\">Ch\u1ebf \u0111\u1ed9 ho\u1ea1t \u0111\u1ed9ng<\/td>\n<td width=\"276\">N\u00fat th\u1ee7 c\u00f4ng tr\u00ean tay l\u00e1i<\/td>\n<\/tr>\n<\/tbody>\n<\/table>","protected":false},"excerpt":{"rendered":"<p>1. N\u00f3 c\u00f3 th\u1ec3 \u0111\u01b0\u1ee3c s\u1eed d\u1ee5ng \u1edf nhi\u1ec7t \u0111\u1ed9 xung quanh (- 15 \u2103 ~ 40 \u2103).<br \/>\n2. N\u00f3 \u0111\u01b0\u1ee3c s\u1eed d\u1ee5ng \u1edf c\u00e1c khu v\u1ef1c c\u00f3 \u0111\u1ed9 cao kh\u00f4ng qu\u00e1 (2000) M.<\/p>","protected":false},"featured_media":1332,"comment_status":"open","ping_status":"closed","template":"","meta":{"_acf_changed":false},"product_brand":[],"product_cat":[15],"product_tag":[],"class_list":{"0":"post-1329","1":"product","2":"type-product","3":"status-publish","4":"has-post-thumbnail","6":"product_cat-trackless-mining-equipment","8":"first","9":"instock","10":"shipping-taxable","11":"product-type-simple"},"acf":[],"_links":{"self":[{"href":"https:\/\/www.zongdamining.com\/vi\/wp-json\/wp\/v2\/product\/1329","targetHints":{"allow":["GET"]}}],"collection":[{"href":"https:\/\/www.zongdamining.com\/vi\/wp-json\/wp\/v2\/product"}],"about":[{"href":"https:\/\/www.zongdamining.com\/vi\/wp-json\/wp\/v2\/types\/product"}],"replies":[{"embeddable":true,"href":"https:\/\/www.zongdamining.com\/vi\/wp-json\/wp\/v2\/comments?post=1329"}],"wp:featuredmedia":[{"embeddable":true,"href":"https:\/\/www.zongdamining.com\/vi\/wp-json\/wp\/v2\/media\/1332"}],"wp:attachment":[{"href":"https:\/\/www.zongdamining.com\/vi\/wp-json\/wp\/v2\/media?parent=1329"}],"wp:term":[{"taxonomy":"product_brand","embeddable":true,"href":"https:\/\/www.zongdamining.com\/vi\/wp-json\/wp\/v2\/product_brand?post=1329"},{"taxonomy":"product_cat","embeddable":true,"href":"https:\/\/www.zongdamining.com\/vi\/wp-json\/wp\/v2\/product_cat?post=1329"},{"taxonomy":"product_tag","embeddable":true,"href":"https:\/\/www.zongdamining.com\/vi\/wp-json\/wp\/v2\/product_tag?post=1329"}],"curies":[{"name":"WP","href":"https:\/\/api.w.org\/{rel}","templated":true}]}}