{"id":1330,"date":"2022-12-12T12:21:34","date_gmt":"2022-12-12T04:21:34","guid":{"rendered":"http:\/\/www.zongdamining.com\/?post_type=product&#038;p=1330"},"modified":"2022-12-12T12:21:34","modified_gmt":"2022-12-12T04:21:34","slug":"underground-exploration-drill-rig","status":"publish","type":"product","link":"https:\/\/www.zongdamining.com\/vi\/product\/underground-exploration-drill-rig\/","title":{"rendered":"Gi\u00e0n khoan kh\u00e1m ph\u00e1 ng\u1ea7m"},"content":{"rendered":"<p><img fetchpriority=\"high\" decoding=\"async\" class=\"alignnone wp-image-1325 size-full\" src=\"http:\/\/www.zongdamining.com\/wp-content\/uploads\/2022\/12\/underground-exploration-drill-rig39180121774.jpg\" alt=\"\" width=\"730\" height=\"730\" srcset=\"https:\/\/www.zongdamining.com\/wp-content\/uploads\/2022\/12\/underground-exploration-drill-rig39180121774.jpg 730w, https:\/\/www.zongdamining.com\/wp-content\/uploads\/2022\/12\/underground-exploration-drill-rig39180121774-300x300.jpg 300w, https:\/\/www.zongdamining.com\/wp-content\/uploads\/2022\/12\/underground-exploration-drill-rig39180121774-150x150.jpg 150w, https:\/\/www.zongdamining.com\/wp-content\/uploads\/2022\/12\/underground-exploration-drill-rig39180121774-600x600.jpg 600w, https:\/\/www.zongdamining.com\/wp-content\/uploads\/2022\/12\/underground-exploration-drill-rig39180121774-100x100.jpg 100w\" sizes=\"(max-width: 730px) 100vw, 730px\" \/> <img decoding=\"async\" class=\"alignnone wp-image-1328 size-full\" src=\"http:\/\/www.zongdamining.com\/wp-content\/uploads\/2022\/12\/20200525174113c5d732f2484249c793c36cc2a061c5af.jpg\" alt=\"\" width=\"750\" height=\"610\" srcset=\"https:\/\/www.zongdamining.com\/wp-content\/uploads\/2022\/12\/20200525174113c5d732f2484249c793c36cc2a061c5af.jpg 750w, https:\/\/www.zongdamining.com\/wp-content\/uploads\/2022\/12\/20200525174113c5d732f2484249c793c36cc2a061c5af-300x244.jpg 300w, https:\/\/www.zongdamining.com\/wp-content\/uploads\/2022\/12\/20200525174113c5d732f2484249c793c36cc2a061c5af-600x488.jpg 600w\" sizes=\"(max-width: 750px) 100vw, 750px\" \/><\/p>\n<p><strong>T\u00ednh n\u0103ng s\u1ea3n ph\u1ea9m<\/strong><\/p>\n<p>1, \u0111\u1ea7u \u0111i\u1ec7n v\u1edbi m\u00f9a xu\u00e2n c\u01a1 h\u1ecdc v\u00e0 kh\u1ed1i n\u00f3n k\u1eb9p \/ ch\u1ebf \u0111\u1ed9 gi\u1ea3i ph\u00f3ng th\u1ee7y l\u1ef1c, k\u1eb9p \u0111\u00e1ng tin c\u1eady cho chu k\u1ef3 b\u1ea3o tr\u00ec d\u00e0i.<\/p>\n<p>2, H\u1ec7 th\u1ed1ng cho \u0103n \u0111\u01b0\u1ee3c \u0111i\u1ec1u khi\u1ec3n tr\u1ef1c ti\u1ebfp b\u1edfi xi lanh, v\u00ec v\u1eady c\u1ea5u tr\u00fac \u0111\u01a1n gi\u1ea3n v\u00e0 nh\u1ecf g\u1ecdn, v\u00e0 l\u1ef1c cho \u0103n \/ k\u00e9o l\u1edbn h\u01a1n.<\/p>\n<p>3, H\u1ec7 th\u1ed1ng th\u1ee7y l\u1ef1c nh\u1ea1y c\u1ea3m t\u1ea3i, ti\u1ebft ki\u1ec7m n\u0103ng l\u01b0\u1ee3ng v\u00e0 b\u1ea3o v\u1ec7 m\u00f4i tr\u01b0\u1eddng;<\/p>\n<p>4, c\u01a1 s\u1edf th\u1ee7y l\u1ef1c ti\u00eau chu\u1ea9n c\u00f3 th\u1ec3 \u0111\u1ea1t \u0111\u01b0\u1ee3c \u0111i\u1ec1u ch\u1ec9nh nghi\u00eang 0-180 \u00b0, thu\u1eadn ti\u1ec7n, nhanh ch\u00f3ng v\u00e0 \u0111\u00e1ng tin c\u1eady.<\/p>\n<p>5, t\u00f9y ch\u1ecdn th\u1ee7y l\u1ef1c \/ \u0111i\u1ec7n c\u1ed1t l\u00f5i winch;<\/p>\n<p>6, b\u1ea3ng \u0111i\u1ec1u khi\u1ec3n ergonomic c\u00f3 th\u1ec3 \u0111\u1ea1t \u0111\u01b0\u1ee3c \u0111i\u1ec1u khi\u1ec3n t\u1eadp trung v\u00e0 th\u00f4ng s\u1ed1 khoan hi\u1ec3n th\u1ecb. Ho\u1ea1t \u0111\u1ed9ng thu\u1eadn ti\u1ec7n, an to\u00e0n v\u00e0 \u0111\u00e1ng tin c\u1eady d\u01b0\u1edbi c\u01b0\u1eddng \u0111\u1ed9 lao \u0111\u1ed9ng th\u1ea5p.<\/p>\n<p>&nbsp;<\/p>\n<table class=\"table\" border=\"0\" width=\"100%\" cellspacing=\"0\" cellpadding=\"0\">\n<tbody>\n<tr class=\"firstRow\">\n<td colspan=\"2\" width=\"521\"><strong>Th\u00f4ng s\u1ed1 k\u1ef9 thu\u1eadt<\/strong><\/td>\n<\/tr>\n<tr>\n<td width=\"317\">C\u00f4ng su\u1ea5t khoan<\/td>\n<td width=\"203\">850 m *<\/td>\n<\/tr>\n<tr>\n<td width=\"317\">Ph\u1ea1m vi kh\u1ea9u \u0111\u1ed9<\/td>\n<td width=\"203\">BQ-HQ<\/td>\n<\/tr>\n<tr>\n<td width=\"317\">M\u00f4-men t\u1ed1i \u0111a<\/td>\n<td width=\"203\">700 Nm<\/td>\n<\/tr>\n<tr>\n<td width=\"317\">T\u1ed1c \u0111\u1ed9 t\u1ed1i \u0111a<\/td>\n<td width=\"203\">1000 r \/ ph\u00fat<\/td>\n<\/tr>\n<tr>\n<td width=\"317\">L\u1ef1c th\u1ee9c \u0103n<\/td>\n<td width=\"203\">65 KN<\/td>\n<\/tr>\n<tr>\n<td width=\"317\">K\u00e9o l\u00ean<\/td>\n<td width=\"203\">65 KN<\/td>\n<\/tr>\n<tr>\n<td width=\"317\">\u0110\u1ed9t qu\u1ef5 th\u1ee9c \u0103n<\/td>\n<td width=\"203\">1600 mm<\/td>\n<\/tr>\n<tr>\n<td width=\"317\">G\u00f3c khoan<\/td>\n<td width=\"203\">0-180\u00b0<\/td>\n<\/tr>\n<tr>\n<td width=\"317\">C\u00f4ng su\u1ea5t \u0111\u1ed9ng c\u01a1<\/td>\n<td width=\"203\">55 KW<\/td>\n<\/tr>\n<tr>\n<td width=\"317\">Chi\u1ec1u d\u00e0i m\u00e1y ch\u1ee7<\/td>\n<td width=\"203\">3200 mm<\/td>\n<\/tr>\n<tr>\n<td width=\"317\">Chi\u1ec1u r\u1ed9ng m\u00e1y ch\u1ee7<\/td>\n<td width=\"203\">1500 mm<\/td>\n<\/tr>\n<tr>\n<td width=\"317\">Chi\u1ec1u cao m\u00e1y ch\u1ee7<\/td>\n<td width=\"203\">1500 mm<\/td>\n<\/tr>\n<tr>\n<td width=\"317\">Tr\u1ecdng l\u01b0\u1ee3ng m\u00e1y ch\u1ee7<\/td>\n<td width=\"203\">1.2 t<\/td>\n<\/tr>\n<\/tbody>\n<\/table>\n<p>&nbsp;<\/p>\n<p>* L\u01b0u \u00fd: D\u1eef li\u1ec7u trong b\u1ea3ng l\u00e0 d\u1eef li\u1ec7u khoan kh\u1ea9u \u0111\u1ed9 BQ d\u1ecdc xu\u1ed1ng trong \u0111\u00e1 \u0111\u1ed3ng nh\u1ea5t, ch\u1ec9 \u0111\u1ec3 tham kh\u1ea3o.<\/p>\n<p>M\u1ed1i quan h\u1ec7 gi\u1eefa chi\u1ec1u s\u00e2u khoan, \u0111\u01b0\u1eddng k\u00ednh khoan v\u00e0 v\u1eadt li\u1ec7u tr\u1ee5c khoan<\/p>\n<p>&nbsp;<\/p>\n<table class=\"table\" border=\"0\" width=\"100%\" cellspacing=\"0\" cellpadding=\"0\">\n<tbody>\n<tr class=\"firstRow\">\n<td rowspan=\"2\" width=\"108\"><strong>\u0110\u01b0\u1eddng k\u00ednh l\u1ed7 khoan<\/strong><strong>\uff08<\/strong><strong>mm<\/strong><strong>\uff09<\/strong><\/td>\n<td rowspan=\"2\" width=\"108\"><strong>\u0110\u01b0\u1eddng k\u00ednh thanh<\/strong><strong>\uff08<\/strong><strong>mm<\/strong><strong>\uff09<\/strong><\/td>\n<td rowspan=\"2\" width=\"108\"><strong>V\u1eadt li\u1ec7u thanh<\/strong><\/td>\n<td colspan=\"3\" width=\"324\"><strong>\u0110\u1ed9 s\u00e2u khoan<\/strong><strong>\uff08<\/strong><strong>m<\/strong><strong>\uff09<\/strong><\/td>\n<\/tr>\n<tr>\n<td width=\"108\"><strong>L\u1ed7 xu\u1ed1ng<\/strong><\/td>\n<td width=\"108\"><strong>M\u1ee9c n\u01b0\u1edbc<\/strong><\/td>\n<td width=\"108\"><strong>Uphole<\/strong><\/td>\n<\/tr>\n<tr>\n<td nowrap=\"nowrap\" width=\"108\">95 (HQ)<\/td>\n<td nowrap=\"nowrap\" width=\"108\">89<\/td>\n<td nowrap=\"nowrap\" width=\"108\">th\u00e9p<\/td>\n<td nowrap=\"nowrap\" width=\"108\">400<\/td>\n<td nowrap=\"nowrap\" width=\"108\">300<\/td>\n<td nowrap=\"nowrap\" width=\"108\">200<\/td>\n<\/tr>\n<tr>\n<td nowrap=\"nowrap\" width=\"108\">75 (NQ)<\/td>\n<td nowrap=\"nowrap\" width=\"108\">71<\/td>\n<td nowrap=\"nowrap\" width=\"108\">th\u00e9p<\/td>\n<td nowrap=\"nowrap\" width=\"108\">600<\/td>\n<td nowrap=\"nowrap\" width=\"108\">400<\/td>\n<td nowrap=\"nowrap\" width=\"108\">300<\/td>\n<\/tr>\n<tr>\n<td nowrap=\"nowrap\" width=\"108\">59 (BQ)<\/td>\n<td nowrap=\"nowrap\" width=\"108\">55.5<\/td>\n<td nowrap=\"nowrap\" width=\"108\">th\u00e9p<\/td>\n<td nowrap=\"nowrap\" width=\"108\">850<\/td>\n<td nowrap=\"nowrap\" width=\"108\">550<\/td>\n<td nowrap=\"nowrap\" width=\"108\">400<\/td>\n<\/tr>\n<\/tbody>\n<\/table>\n<p>&nbsp;<\/p>\n<p><strong>C\u01a1 th\u1ec3 ch\u00ednh<\/strong><\/p>\n<p>C\u01a1 th\u1ec3 ch\u00ednh bao g\u1ed3m khung th\u1ee9c \u0103n, \u0111\u01a1n v\u1ecb quay, ng\u01b0\u1eddi gi\u1eef c\u01a1 s\u1edf thanh, xi lanh v.v.  It&#8217; s d\u1ec5 d\u00e0ng \u0111\u1ec3 th\u00e1o r\u1eddi v\u00e0 l\u1eafp r\u00e1p. Nh\u1edd c\u01a1 s\u1edf th\u1ee7y l\u1ef1c ti\u00eau chu\u1ea9n c\u00f3 th\u1ec3 \u0111\u1ea1t \u0111\u01b0\u1ee3c \u0111i\u1ec1u ch\u1ec9nh nghi\u00eang 0-180 \u00b0.<\/p>\n<p><img decoding=\"async\" class=\"alignnone wp-image-1326 size-full\" src=\"http:\/\/www.zongdamining.com\/wp-content\/uploads\/2022\/12\/202005251741162d4a18ffb5364d82b763a60cc0e60d23.jpg\" alt=\"\" width=\"750\" height=\"750\" srcset=\"https:\/\/www.zongdamining.com\/wp-content\/uploads\/2022\/12\/202005251741162d4a18ffb5364d82b763a60cc0e60d23.jpg 750w, https:\/\/www.zongdamining.com\/wp-content\/uploads\/2022\/12\/202005251741162d4a18ffb5364d82b763a60cc0e60d23-300x300.jpg 300w, https:\/\/www.zongdamining.com\/wp-content\/uploads\/2022\/12\/202005251741162d4a18ffb5364d82b763a60cc0e60d23-150x150.jpg 150w, https:\/\/www.zongdamining.com\/wp-content\/uploads\/2022\/12\/202005251741162d4a18ffb5364d82b763a60cc0e60d23-600x600.jpg 600w, https:\/\/www.zongdamining.com\/wp-content\/uploads\/2022\/12\/202005251741162d4a18ffb5364d82b763a60cc0e60d23-100x100.jpg 100w\" sizes=\"(max-width: 750px) 100vw, 750px\" \/><\/p>\n<p>Thi\u1ebft k\u1ebf b\u1ea3ng \u0111i\u1ec1u khi\u1ec3n \u0111\u01a1n gi\u1ea3n v\u00e0 d\u1ec5 v\u1eadn h\u00e0nh.<\/p>\n<p><strong>\u0110\u01a1n v\u1ecb \u0111i\u1ec7n<\/strong><\/p>\n<p>\u0110\u01a1n v\u1ecb \u0111i\u1ec7n c\u1ee7a m\u00e1y khoan kh\u00e1m ph\u00e1 d\u01b0\u1edbi l\u00f2ng \u0111\u1ea5t \u0111\u01b0\u1ee3c g\u1eafn tr\u00ean khung g\u1eafn, d\u1ec5 di chuy\u1ec3n v\u00e0 c\u00f3 th\u1ec3 c\u00e1ch xa c\u01a1 th\u1ec3 l\u00e0m vi\u1ec7c khi n\u00f3 \u0111ang l\u00e0m vi\u1ec7c.<\/p>\n<p><img loading=\"lazy\" decoding=\"async\" class=\"alignnone wp-image-1327 size-full\" src=\"http:\/\/www.zongdamining.com\/wp-content\/uploads\/2022\/12\/20200525174119a654a8feb4454a149963e7607aa74021.jpg\" alt=\"\" width=\"750\" height=\"680\" srcset=\"https:\/\/www.zongdamining.com\/wp-content\/uploads\/2022\/12\/20200525174119a654a8feb4454a149963e7607aa74021.jpg 750w, https:\/\/www.zongdamining.com\/wp-content\/uploads\/2022\/12\/20200525174119a654a8feb4454a149963e7607aa74021-300x272.jpg 300w, https:\/\/www.zongdamining.com\/wp-content\/uploads\/2022\/12\/20200525174119a654a8feb4454a149963e7607aa74021-600x544.jpg 600w\" sizes=\"(max-width: 750px) 100vw, 750px\" \/><\/p>","protected":false},"excerpt":{"rendered":"<p>\u0110\u1ea7u \u0111i\u1ec7n v\u1edbi l\u00f2 xo c\u01a1 h\u1ecdc v\u00e0 kh\u1ed1i n\u00f3n k\u1eb9p \/ ch\u1ebf \u0111\u1ed9 gi\u1ea3i ph\u00f3ng th\u1ee7y l\u1ef1c, k\u1eb9p \u0111\u00e1ng tin c\u1eady cho chu k\u1ef3 b\u1ea3o tr\u00ec d\u00e0i.<\/p>","protected":false},"featured_media":1325,"comment_status":"open","ping_status":"closed","template":"","meta":{"_acf_changed":false},"product_brand":[],"product_cat":[88],"product_tag":[],"class_list":{"0":"post-1330","1":"product","2":"type-product","3":"status-publish","4":"has-post-thumbnail","6":"product_cat-underground-exploration-machine","8":"first","9":"instock","10":"shipping-taxable","11":"product-type-simple"},"acf":[],"_links":{"self":[{"href":"https:\/\/www.zongdamining.com\/vi\/wp-json\/wp\/v2\/product\/1330","targetHints":{"allow":["GET"]}}],"collection":[{"href":"https:\/\/www.zongdamining.com\/vi\/wp-json\/wp\/v2\/product"}],"about":[{"href":"https:\/\/www.zongdamining.com\/vi\/wp-json\/wp\/v2\/types\/product"}],"replies":[{"embeddable":true,"href":"https:\/\/www.zongdamining.com\/vi\/wp-json\/wp\/v2\/comments?post=1330"}],"wp:featuredmedia":[{"embeddable":true,"href":"https:\/\/www.zongdamining.com\/vi\/wp-json\/wp\/v2\/media\/1325"}],"wp:attachment":[{"href":"https:\/\/www.zongdamining.com\/vi\/wp-json\/wp\/v2\/media?parent=1330"}],"wp:term":[{"taxonomy":"product_brand","embeddable":true,"href":"https:\/\/www.zongdamining.com\/vi\/wp-json\/wp\/v2\/product_brand?post=1330"},{"taxonomy":"product_cat","embeddable":true,"href":"https:\/\/www.zongdamining.com\/vi\/wp-json\/wp\/v2\/product_cat?post=1330"},{"taxonomy":"product_tag","embeddable":true,"href":"https:\/\/www.zongdamining.com\/vi\/wp-json\/wp\/v2\/product_tag?post=1330"}],"curies":[{"name":"WP","href":"https:\/\/api.w.org\/{rel}","templated":true}]}}