{"id":1375,"date":"2022-12-12T13:42:24","date_gmt":"2022-12-12T05:42:24","guid":{"rendered":"http:\/\/www.zongdamining.com\/?post_type=product&#038;p=1375"},"modified":"2026-01-27T09:54:07","modified_gmt":"2026-01-27T01:54:07","slug":"2-ton-side-dumping-low-profile-mining-underground-wheel-loader","status":"publish","type":"product","link":"https:\/\/www.zongdamining.com\/vi\/product\/2-ton-side-dumping-low-profile-mining-underground-wheel-loader\/","title":{"rendered":"2 t\u1ea5n Side Dumping Low Profile Mining Underground Wheel Loader"},"content":{"rendered":"<div>\n<p>K\u1ec3 t\u1eeb khi th\u00e0nh l\u1eadp c\u00f4ng ty c\u1ee7a ch\u00fang t\u00f4i, Xe t\u1ea3i \u0111\u1ed5 ng\u1ea7m, H\u1ed7 tr\u1ee3 m\u00e1i ch\u1ed1ng ch\u00e1y ng\u1ea7m, Thi\u1ebft b\u1ecb h\u1ed7 tr\u1ee3 d\u00f2ng ch\u1ea3y v\u1eadt li\u1ec7u \u0111\u01b0\u1ee3c ng\u01b0\u1eddi d\u00f9ng ch\u1ea5p nh\u1eadn t\u1ed1t b\u1edfi v\u00ec ch\u00fang t\u00f4i c\u00f3 kinh nghi\u1ec7m phong ph\u00fa trong s\u1ea3n xu\u1ea5t s\u1ea3n ph\u1ea9m v\u00e0 n\u1eafm b\u1eaft c\u01a1 h\u1ed9i th\u1ecb tr\u01b0\u1eddng. Ch\u00fang t\u00f4i th\u1ef1c hi\u1ec7n \u0111\u00e0o t\u1ea1o th\u01b0\u1eddng xuy\u00ean cho m\u1ed7i nh\u00e2n vi\u00ean, kh\u00f4ng ch\u1ec9 c\u1ea3i thi\u1ec7n hi\u1ec7u qu\u1ea3 s\u1ea3n xu\u1ea5t h\u01a1n n\u1eefa, m\u00e0 c\u00f2n c\u1ea3i thi\u1ec7n \u0111\u00e1ng k\u1ec3 ch\u1ea5t l\u01b0\u1ee3ng s\u1ea3n ph\u1ea9m, \u0111\u1eb7t n\u1ec1n t\u1ea3ng v\u1eefng ch\u1eafc c\u1ee7a ph\u1ea7n m\u1ec1m v\u00e0 ph\u1ea7n c\u1ee9ng cho s\u1ef1 ph\u00e1t tri\u1ec3n quy m\u00f4 l\u1edbn trong t\u01b0\u01a1ng lai c\u1ee7a c\u00f4ng ty ch\u00fang t\u00f4i. Ch\u00fang t\u00f4i coi \u0111\u00f3 l\u00e0 s\u1ee9 m\u1ec7nh c\u1ee7a ch\u00fang t\u00f4i \u0111\u1ec3 cung c\u1ea5p cho th\u1ecb tr\u01b0\u1eddng c\u00e1c s\u1ea3n ph\u1ea9m li\u00ean quan hi\u1ec7u qu\u1ea3 n\u0103ng l\u01b0\u1ee3ng v\u00e0 th\u00e2n thi\u1ec7n v\u1edbi m\u00f4i tr\u01b0\u1eddng h\u01a1n. C\u00f4ng ty ch\u00fa \u00fd \u0111\u1ebfn b\u1ea3o v\u1ec7 m\u00f4i tr\u01b0\u1eddng v\u00e0 con ng\u01b0\u1eddi&#8217; sinh t\u1ed3n, v\u00e0 l\u00e0 m\u1ed9t doanh nghi\u1ec7p hi\u1ec7n \u0111\u1ea1i v\u1edbi \u00fd th\u1ee9c cao v\u1ec1 tr\u00e1ch nhi\u1ec7m x\u00e3 h\u1ed9i. C\u00f4ng ty ch\u00fang t\u00f4i \u0111\u00e3 thi\u1ebft l\u1eadp m\u1ed1i quan h\u1ec7 h\u1ee3p t\u00e1c chi\u1ebfn l\u01b0\u1ee3c t\u1ed1t v\u1edbi nhi\u1ec1u doanh nghi\u1ec7p n\u1ed5i ti\u1ebfng v\u00e0 c\u00f3 m\u1ed9t nh\u00f3m nh\u00e2n vi\u00ean d\u1ecbch v\u1ee5 sau b\u00e1n h\u00e0ng ch\u1ea5t l\u01b0\u1ee3ng cao. Th\u01b0\u01a1ng hi\u1ec7u c\u1ee7a ch\u00fang t\u00f4i \u0111\u01b0\u1ee3c kh\u00e1ch h\u00e0ng trong n\u01b0\u1edbc v\u00e0 n\u01b0\u1edbc ngo\u00e0i \u0111\u00f3n nh\u1eadn t\u1ed1t, v\u00e0 c\u00f3 danh ti\u1ebfng t\u1ed1t trong c\u00f9ng m\u1ed9t ng\u00e0nh c\u00f4ng nghi\u1ec7p.<\/p>\n<\/div>\n<div>\n<p><img fetchpriority=\"high\" decoding=\"async\" class=\"alignnone wp-image-1385 size-full\" src=\"http:\/\/www.zongdamining.com\/wp-content\/uploads\/2022\/12\/underground-mining-loader57236310478.jpg\" alt=\"\" width=\"730\" height=\"730\" srcset=\"https:\/\/www.zongdamining.com\/wp-content\/uploads\/2022\/12\/underground-mining-loader57236310478.jpg 730w, https:\/\/www.zongdamining.com\/wp-content\/uploads\/2022\/12\/underground-mining-loader57236310478-300x300.jpg 300w, https:\/\/www.zongdamining.com\/wp-content\/uploads\/2022\/12\/underground-mining-loader57236310478-150x150.jpg 150w, https:\/\/www.zongdamining.com\/wp-content\/uploads\/2022\/12\/underground-mining-loader57236310478-600x600.jpg 600w, https:\/\/www.zongdamining.com\/wp-content\/uploads\/2022\/12\/underground-mining-loader57236310478-100x100.jpg 100w\" sizes=\"(max-width: 730px) 100vw, 730px\" \/><\/p>\n<p>M\u00e1y t\u1ea3i m\u1ecf ng\u1ea7m ZONGDA \u0111\u01b0\u1ee3c ph\u00e1t tri\u1ec3n theo ti\u00eau chu\u1ea9n qu\u1ed1c t\u1ebf, \u00e1p d\u1ee5ng c\u00f4ng ngh\u1ec7 ti\u00ean ti\u1ebfn n\u01b0\u1edbc ngo\u00e0i, theo t\u00ecnh h\u00ecnh th\u1ef1c t\u1ebf c\u1ee7a m\u1ecf \u1edf trong n\u01b0\u1edbc v\u00e0 n\u01b0\u1edbc ngo\u00e0i, k\u1ebft h\u1ee3p v\u1edbi kinh nghi\u1ec7m th\u1ef1c t\u1ebf c\u1ee7a nhi\u1ec1u n\u0103m s\u1ea3n xu\u1ea5t LHD. N\u00f3 ch\u1ee7 y\u1ebfu \u0111\u01b0\u1ee3c s\u1eed d\u1ee5ng cho Load Haul v\u00e0 Dump c\u1ee7a c\u00e1c m\u1ecf ng\u1ea7m \u0111\u1ec3 t\u1ea3i v\u1eadt li\u1ec7u l\u1ecfng l\u1ecfng \u0111\u1ec3 v\u1eadn chuy\u1ec3n sau khi n\u1ed5, c\u0169ng c\u00f3 th\u1ec3 \u0111\u01b0\u1ee3c s\u1eed d\u1ee5ng trong k\u1ef9 thu\u1eadt \u0111\u01b0\u1eddng s\u1eaft, \u0111\u01b0\u1eddng cao t\u1ed1c v\u00e0 \u0111\u01b0\u1eddng h\u1ea7m b\u1ea3o t\u1ed3n n\u01b0\u1edbc, \u0111\u1eb7c bi\u1ec7t ph\u00f9 h\u1ee3p cho c\u00f4ng vi\u1ec7c trong \u0111i\u1ec1u ki\u1ec7n x\u1ea5u. N\u01a1i l\u00e0m vi\u1ec7c l\u00e0 h\u1eb9p, b\u00f9n v\u00e0 t\u00ecnh hu\u1ed1ng m\u1eb7t l\u00e0m vi\u1ec7c th\u1ea5p.<\/p>\n<p>ZDWJ-1 l\u00e0 m\u1ed9t m\u00e1y t\u1ea3i m\u1ecf ng\u1ea7m nh\u1ecf cho \u0111\u01b0\u1eddng h\u1ea7m m\u1ecf 2,5 x 2,5 m. N\u00f3 s\u1eed d\u1ee5ng l\u00e1i xe b\u00ean v\u00e0 ho\u1ea1t \u0111\u1ed9ng. Cabin r\u1ed9ng r\u00e3i, c\u00f3 t\u1ea7m nh\u00ecn r\u1ed9ng r\u00e3i v\u00e0 ho\u1ea1t \u0111\u1ed9ng tho\u1ea3i m\u00e1i.<\/p>\n<p>To\u00e0n b\u1ed9 m\u00e1y \u00e1p d\u1ee5ng c\u1ea5u tr\u00fac dao \u0111\u1ed9ng c\u01a1 th\u1ec3 lo\u1ea1i v\u00f2ng bi c\u00f3 b\u1ea3n l\u1ec1 trung t\u00e2m v\u00e0 xoay, c\u00f3 kh\u1ea3 n\u0103ng \u1ed5n \u0111\u1ecbnh v\u00e0 v\u01b0\u1ee3t qua t\u1ed1t h\u01a1n.<\/p>\n<p>H\u1ec7 th\u1ed1ng truy\u1ec1n t\u1ea3i s\u1eed d\u1ee5ng m\u1ed9t h\u1ec7 th\u1ed1ng truy\u1ec1n t\u1ea3i th\u1ee7y t\u0129nh (b\u01a1m &amp; \u0111\u1ed9ng c\u01a1) cho t\u1ed1c \u0111\u1ed9 thay \u0111\u1ed5i li\u00ean t\u1ee5c.<\/p>\n<p><img decoding=\"async\" class=\"alignnone wp-image-1384 size-full\" src=\"http:\/\/www.zongdamining.com\/wp-content\/uploads\/2022\/12\/2020042013323943679076cd414495a54acd542789a143.jpg\" alt=\"\" width=\"750\" height=\"573\" srcset=\"https:\/\/www.zongdamining.com\/wp-content\/uploads\/2022\/12\/2020042013323943679076cd414495a54acd542789a143.jpg 750w, https:\/\/www.zongdamining.com\/wp-content\/uploads\/2022\/12\/2020042013323943679076cd414495a54acd542789a143-300x229.jpg 300w, https:\/\/www.zongdamining.com\/wp-content\/uploads\/2022\/12\/2020042013323943679076cd414495a54acd542789a143-600x458.jpg 600w\" sizes=\"(max-width: 750px) 100vw, 750px\" \/><\/p>\n<p>Diesel LHD c\u00f3 c\u00f4ng su\u1ea5t 2 t\u1ea5n. N\u00f3 \u0111\u01b0\u1ee3c \u0111i\u1ec1u khi\u1ec3n b\u1edfi \u0111\u1ed9ng c\u01a1 DEUTZ BF4L914, c\u1ea3i thi\u1ec7n n\u0103ng su\u1ea5t v\u00e0 \u0111\u01b0\u1eddng h\u1ea7m d\u01b0\u1edbi l\u00f2ng \u0111\u1ea5t, v\u00e0 gi\u1ea3m \u00f4 nhi\u1ec5m m\u1ed9t c\u00e1ch hi\u1ec7u qu\u1ea3.<\/p>\n<p><strong>\u0110\u1eb7c \u0111i\u1ec3m<\/strong><\/p>\n<p>\u25c6  LHD \u0111\u01b0\u1ee3c thi\u1ebft k\u1ebf \u0111\u1ec3 xoay khung sau khi v\u00f2ng quay \u0111\u01b0\u1ee3c k\u1ebft n\u1ed1i, l\u00e0m gi\u1ea3m \u0111\u00e1ng k\u1ec3 t\u1ef7 l\u1ec7 th\u1ea5t b\u1ea1i.<\/p>\n<p>\u25c6  H\u1ec7 th\u1ed1ng \u0111i du l\u1ecbch \u00e1p d\u1ee5ng ho\u1ea1t \u0111\u1ed9ng \u0111i\u1ec1u khi\u1ec3n th\u1ee7y l\u1ef1c \u0111\u1ea7y \u0111\u1ee7, l\u00e0m cho h\u1ec7 th\u1ed1ng \u0111i du l\u1ecbch c\u1ee7a m\u00e1y t\u1ea3i linh ho\u1ea1t h\u01a1n, gi\u1ea3m t\u1ef7 l\u1ec7 th\u1ea5t b\u1ea1i hi\u1ec7u qu\u1ea3 v\u00e0 c\u1ea3i thi\u1ec7n hi\u1ec7u qu\u1ea3 l\u00e0m vi\u1ec7c.<\/p>\n<p>\u25c6  H\u1ec7 th\u1ed1ng l\u00e0m vi\u1ec7c \u00e1p d\u1ee5ng h\u1ec7 th\u1ed1ng \u0111i\u1ec1u khi\u1ec3n th\u1ee7y l\u1ef1c th\u00ed \u0111i\u1ec3m, l\u00e0m cho ho\u1ea1t \u0111\u1ed9ng \u0111\u01a1n gi\u1ea3n h\u01a1n v\u00e0 h\u1ec7 th\u1ed1ng l\u00e0m vi\u1ec7c hi\u1ec7u qu\u1ea3 h\u01a1n.<\/p>\n<p>\u25c6  \u0110\u1ed1i v\u1edbi phanh \u0111\u1ed7 xe, h\u1ed9p s\u1ed1 truy\u1ec1n t\u1ea3i v\u1edbi phanh t\u1ea5m ma s\u00e1t phanh, phanh m\u00f9a xo v\u00e0 phanh ti\u1ebfp x\u00fac th\u1ee7y l\u1ef1c \u0111\u01b0\u1ee3c s\u1eed d\u1ee5ng \u0111\u1ec3 l\u00e0m cho phanh \u0111\u1ed7 xe an to\u00e0n v\u00e0 \u0111\u00e1ng tin c\u1eady.<\/p>\n<p>\u25c6  X\u00f4 ch\u1ea5p nh\u1eadn c\u1ea5u tr\u00fac h\u00ecnh V m\u1edbi nh\u1ea5t c\u1ee7a m\u00e1y t\u1ea3i m\u1ecf ng\u1ea7m qu\u1ed1c t\u1ebf, l\u00e0m gi\u1ea3m s\u1ee9c \u0111\u1ec1 kh\u00e1ng c\u1ee7a vi\u1ec7c l\u1ea5y.<\/p>\n<p><img decoding=\"async\" class=\"alignnone wp-image-1381 size-full\" src=\"http:\/\/www.zongdamining.com\/wp-content\/uploads\/2022\/12\/20200420132107a925beb383564d9eb0b36be9e479c9d3.jpg\" alt=\"\" width=\"750\" height=\"750\" srcset=\"https:\/\/www.zongdamining.com\/wp-content\/uploads\/2022\/12\/20200420132107a925beb383564d9eb0b36be9e479c9d3.jpg 750w, https:\/\/www.zongdamining.com\/wp-content\/uploads\/2022\/12\/20200420132107a925beb383564d9eb0b36be9e479c9d3-300x300.jpg 300w, https:\/\/www.zongdamining.com\/wp-content\/uploads\/2022\/12\/20200420132107a925beb383564d9eb0b36be9e479c9d3-150x150.jpg 150w, https:\/\/www.zongdamining.com\/wp-content\/uploads\/2022\/12\/20200420132107a925beb383564d9eb0b36be9e479c9d3-600x600.jpg 600w, https:\/\/www.zongdamining.com\/wp-content\/uploads\/2022\/12\/20200420132107a925beb383564d9eb0b36be9e479c9d3-100x100.jpg 100w\" sizes=\"(max-width: 750px) 100vw, 750px\" \/><\/p>\n<p><strong>D\u1eef li\u1ec7u k\u1ef9 thu\u1eadt<\/strong><\/p>\n<table class=\"table\" border=\"0\" width=\"100%\" cellspacing=\"0\" cellpadding=\"0\">\n<tbody>\n<tr class=\"firstRow\">\n<td width=\"181\">C\u00f4ng su\u1ea5t x\u00f4 x\u1ebfp h\u1ea1ng<\/td>\n<td width=\"181\">1 m\u00b3<\/td>\n<td width=\"181\">T\u1ed1c \u0111\u1ed9 ch\u1ea1y<\/td>\n<td width=\"181\">0-10 m\/h<\/td>\n<\/tr>\n<tr>\n<td width=\"181\">T\u1ea3i tr\u1ecdng \u0111\u01b0\u1ee3c x\u1ebfp h\u1ea1ng<\/td>\n<td width=\"181\">2T<\/td>\n<td width=\"181\">T\u1ed1i thi\u1ec3u thanh to\u00e1n<\/td>\n<td width=\"181\">200mm<\/td>\n<\/tr>\n<tr>\n<td width=\"181\">L\u1ef1c l\u01b0\u1ee3ng ph\u00e1 v\u1ee1 t\u1ed1i \u0111a<\/td>\n<td width=\"181\">48KN<\/td>\n<td width=\"181\">T\u1ed1i \u0111a. G\u00f3c l\u00e1i<\/td>\n<td width=\"181\">\u00b138\u00b0<\/td>\n<\/tr>\n<tr>\n<td width=\"181\">L\u1ef1c k\u00e9o t\u1ed1i \u0111a<\/td>\n<td width=\"181\">56 KN<\/td>\n<td width=\"181\">G\u00f3c c\u1ee7a tr\u1ee5c sau Swing<\/td>\n<td width=\"181\">\u00b18\u00b0<\/td>\n<\/tr>\n<tr>\n<td width=\"181\">T\u1ed1i \u0111a. Chi\u1ec1u cao \u0111\u1ed5<\/td>\n<td width=\"181\">1050mm<\/td>\n<td width=\"181\">G\u00f3c kh\u1edfi h\u00e0nh<\/td>\n<td width=\"181\">15\u00b0<\/td>\n<\/tr>\n<tr>\n<td width=\"181\">T\u1ed1i \u0111a. Gradeability<\/td>\n<td width=\"181\">\u226420\u00b0<\/td>\n<td width=\"181\">Lo\u1ea1i l\u1ed1p<\/td>\n<td width=\"181\">10.00-20<\/td>\n<\/tr>\n<tr>\n<td width=\"181\">Chi\u1ec1u cao t\u1ed1i thi\u1ec3u<\/td>\n<td width=\"181\">860mm<\/td>\n<td width=\"181\">B\u00e1nh xe<\/td>\n<td width=\"181\">T\u1eeb 2200mm<\/td>\n<\/tr>\n<tr>\n<td rowspan=\"2\" width=\"181\">Min. B\u00e1n k\u00ednh xoay<\/td>\n<td width=\"181\">4260 (B\u00ean ngo\u00e0i)<\/td>\n<td rowspan=\"2\" width=\"181\">\u0110\u1ed9ng c\u01a1<\/td>\n<td width=\"181\">\u0110i\u1ec7n tho\u1ea1i Deutz BF4L914<\/td>\n<\/tr>\n<tr>\n<td width=\"181\">2540 (B\u00ean trong)<\/td>\n<td width=\"181\">S\u1ea3n ph\u1ea9m Deutz D914L04<\/td>\n<\/tr>\n<tr>\n<td width=\"181\">K\u00edch th\u01b0\u1edbc b\u00ean ngo\u00e0i<\/td>\n<td width=\"181\">6030*1340*2000 mm\u00b3<\/td>\n<td width=\"181\">Tr\u1ecdng l\u01b0\u1ee3ng ho\u1ea1t \u0111\u1ed9ng<\/td>\n<td width=\"181\">6.8T<\/td>\n<\/tr>\n<\/tbody>\n<\/table>\n<p><img loading=\"lazy\" decoding=\"async\" class=\"alignnone wp-image-1383 size-full\" src=\"http:\/\/www.zongdamining.com\/wp-content\/uploads\/2022\/12\/2020042013211942466dfcb2fb40aab214bb11d245d6be.jpg\" alt=\"\" width=\"629\" height=\"619\" srcset=\"https:\/\/www.zongdamining.com\/wp-content\/uploads\/2022\/12\/2020042013211942466dfcb2fb40aab214bb11d245d6be.jpg 629w, https:\/\/www.zongdamining.com\/wp-content\/uploads\/2022\/12\/2020042013211942466dfcb2fb40aab214bb11d245d6be-300x295.jpg 300w, https:\/\/www.zongdamining.com\/wp-content\/uploads\/2022\/12\/2020042013211942466dfcb2fb40aab214bb11d245d6be-600x590.jpg 600w\" sizes=\"(max-width: 629px) 100vw, 629px\" \/><\/p>\n<\/div>\n<div><\/div>\n<div>\n<p>\u0110\u1ec3 t\u1ea1o ra nhi\u1ec1u l\u1ee3i \u00edch h\u01a1n cho 2 t\u1ea5n Side Dumping Low Profile Mining Underground Wheel Loader. Trong khi ch\u00fa \u00fd \u0111\u1ebfn \u0111\u1ea7u t\u01b0 khoa h\u1ecdc v\u00e0 c\u00f4ng ngh\u1ec7, ch\u00fang t\u00f4i c\u0169ng d\u00e0nh ri\u00eang cho kh\u00e1i ni\u1ec7m qu\u1ea3n l\u00fd hi\u1ec7n \u0111\u1ea1i c\u1ee7a &#8216; \u0111\u1ecbnh h\u01b0\u1edbng ng\u01b0\u1eddi&#8217;  . Ch\u00fang t\u00f4i l\u1ea5y &#8216; th\u00e2n thi\u1ec7n v\u1edbi kh\u00e1ch h\u00e0ng, \u0111\u1ecbnh h\u01b0\u1edbng ch\u1ea5t l\u01b0\u1ee3ng, t\u00edch h\u1ee3p, s\u00e1ng t\u1ea1o&#8217; nh\u01b0 m\u1ee5c ti\u00eau.<\/p>\n<\/div>","protected":false},"excerpt":{"rendered":"<p>M\u00e1y t\u1ea3i m\u1ecf ng\u1ea7m ZONGDA \u0111\u01b0\u1ee3c ph\u00e1t tri\u1ec3n theo ti\u00eau chu\u1ea9n qu\u1ed1c t\u1ebf, \u00e1p d\u1ee5ng c\u00f4ng ngh\u1ec7 ti\u00ean ti\u1ebfn n\u01b0\u1edbc ngo\u00e0i, theo t\u00ecnh h\u00ecnh th\u1ef1c t\u1ebf c\u1ee7a m\u1ecf \u1edf trong n\u01b0\u1edbc v\u00e0 n\u01b0\u1edbc ngo\u00e0i, k\u1ebft h\u1ee3p v\u1edbi kinh nghi\u1ec7m th\u1ef1c t\u1ebf c\u1ee7a nhi\u1ec1u n\u0103m s\u1ea3n xu\u1ea5t LHD.<\/p>","protected":false},"featured_media":1385,"comment_status":"open","ping_status":"closed","template":"","meta":{"_acf_changed":false},"product_brand":[],"product_cat":[15],"product_tag":[],"class_list":{"0":"post-1375","1":"product","2":"type-product","3":"status-publish","4":"has-post-thumbnail","6":"product_cat-trackless-mining-equipment","8":"first","9":"instock","10":"shipping-taxable","11":"product-type-simple"},"acf":[],"_links":{"self":[{"href":"https:\/\/www.zongdamining.com\/vi\/wp-json\/wp\/v2\/product\/1375","targetHints":{"allow":["GET"]}}],"collection":[{"href":"https:\/\/www.zongdamining.com\/vi\/wp-json\/wp\/v2\/product"}],"about":[{"href":"https:\/\/www.zongdamining.com\/vi\/wp-json\/wp\/v2\/types\/product"}],"replies":[{"embeddable":true,"href":"https:\/\/www.zongdamining.com\/vi\/wp-json\/wp\/v2\/comments?post=1375"}],"wp:featuredmedia":[{"embeddable":true,"href":"https:\/\/www.zongdamining.com\/vi\/wp-json\/wp\/v2\/media\/1385"}],"wp:attachment":[{"href":"https:\/\/www.zongdamining.com\/vi\/wp-json\/wp\/v2\/media?parent=1375"}],"wp:term":[{"taxonomy":"product_brand","embeddable":true,"href":"https:\/\/www.zongdamining.com\/vi\/wp-json\/wp\/v2\/product_brand?post=1375"},{"taxonomy":"product_cat","embeddable":true,"href":"https:\/\/www.zongdamining.com\/vi\/wp-json\/wp\/v2\/product_cat?post=1375"},{"taxonomy":"product_tag","embeddable":true,"href":"https:\/\/www.zongdamining.com\/vi\/wp-json\/wp\/v2\/product_tag?post=1375"}],"curies":[{"name":"WP","href":"https:\/\/api.w.org\/{rel}","templated":true}]}}