{"id":1390,"date":"2022-12-12T13:47:15","date_gmt":"2022-12-12T05:47:15","guid":{"rendered":"http:\/\/www.zongdamining.com\/?post_type=product&#038;p=1390"},"modified":"2022-12-12T13:47:15","modified_gmt":"2022-12-12T05:47:15","slug":"scooptram-mining-15","status":"publish","type":"product","link":"https:\/\/www.zongdamining.com\/vi\/product\/scooptram-mining-15\/","title":{"rendered":"M\u1ecf Scooptram"},"content":{"rendered":"<p><strong>\u0110\u1eb7c \u0111i\u1ec3m k\u1ef9 thu\u1eadt<\/strong><\/p>\n<p><img decoding=\"async\" class=\"alignnone wp-image-1402 size-full\" src=\"http:\/\/www.zongdamining.com\/wp-content\/uploads\/2022\/12\/20220823104440bfbfdcd10a6e4af5b87a3577482503c9.jpg\" alt=\"\" width=\"448\" height=\"103\" srcset=\"https:\/\/www.zongdamining.com\/wp-content\/uploads\/2022\/12\/20220823104440bfbfdcd10a6e4af5b87a3577482503c9.jpg 448w, https:\/\/www.zongdamining.com\/wp-content\/uploads\/2022\/12\/20220823104440bfbfdcd10a6e4af5b87a3577482503c9-300x69.jpg 300w\" sizes=\"(max-width: 448px) 100vw, 448px\" \/><\/p>\n<p>\u0110\u1ed1t trong LHD<\/p>\n<p><strong>Gi\u1edbi thi\u1ec7u m\u00e1y t\u1ea3i ng\u1ea7m diesel ZDL203<\/strong><\/p>\n<p><strong>\u00a0<\/strong><\/p>\n<p>&nbsp;<\/p>\n<p>T\u00f4i.\u00a0<strong>T\u00ednh n\u0103ng k\u1ef9 thu\u1eadt<\/strong><\/p>\n<ul class=\"list-paddingleft-2\">\n<li>H\u1ed9p s\u1ed1 c\u01a1 kh\u00ed th\u1ee7y l\u1ef1c, c\u00f3 th\u1ec3 cho ph\u00e9p ch\u01a1i \u0111\u1ea7y \u0111\u1ee7 v\u1edbi s\u1ee9c m\u1ea1nh c\u1ee7a \u0111\u1ed9ng c\u01a1, v\u00e0 t\u1ef1 \u0111\u1ed9ng th\u00edch \u1ee9ng v\u1edbi s\u1ef1 thay \u0111\u1ed5i c\u1ee7a t\u1ea3i trong m\u1ed9t ph\u1ea1m vi nh\u1ea5t \u0111\u1ecbnh, \u0111\u1ec3 \u0111i\u1ec1u ch\u1ec9nh t\u1ed1c \u0111\u1ed9 t\u1ef1 \u0111\u1ed9ng.<\/li>\n<li>\u0110\u1ed9ng c\u01a1 b\u1ed1n b\u00e1nh, tr\u1ee5c tr\u01b0\u1edbc v\u1edbi ch\u00eanh l\u1ec7ch ch\u1ed1ng tr\u01b0\u1ee3t, xoay tr\u1ee5c sau, l\u00e1i xe v\u00e0 kh\u1ea3 n\u0103ng ph\u00e2n c\u1ea5p t\u1ed1t, th\u00edch \u1ee9ng v\u1edbi t\u1ea5t c\u1ea3 c\u00e1c lo\u1ea1i \u0111i\u1ec1u ki\u1ec7n \u0111\u01b0\u1eddng x\u1ea5u.<\/li>\n<li>L\u1ed1p ch\u1ed1ng c\u1eaft m\u1ecbn, tu\u1ed5i th\u1ecd d\u00e0i.<\/li>\n<li>Khung n\u1ed1i, b\u00e1n k\u00ednh xoay nh\u1ecf, c\u01a1 ch\u1ebf linh ho\u1ea1t.<\/li>\n<li>Thi\u1ebft b\u1ecb l\u00e1i th\u1ee7y l\u1ef1c \u0111\u1ea7y \u0111\u1ee7, c\u1ea5u tr\u00fac nh\u1ecf g\u1ecdn v\u00e0 b\u1ea3o tr\u00ec m\u01b0\u1ee3t m\u00e0 d\u1ec5 d\u00e0ng.<\/li>\n<li>Phanh \u0111a \u0111\u0129a \u01b0\u1edbt th\u1ee7y l\u1ef1c \u0111\u1ea7y \u0111\u1ee7, h\u1ec7 th\u1ed1ng phanh d\u00f2ng k\u00e9p, c\u1ea5u tr\u00fac \u0111\u01a1n gi\u1ea3n v\u00e0 \u0111\u1ed9 tin c\u1eady phanh cao, kh\u00f4ng c\u1ea7n b\u1ea3o tr\u00ec.<\/li>\n<li>Thi\u1ebft b\u1ecb l\u00e0m vi\u1ec7c ng\u01b0\u1ee3c s\u00e1u li\u00ean k\u1ebft v\u00e0 \u0111i\u1ec1u khi\u1ec3n th\u1ee7y l\u1ef1c th\u00ed \u0111i\u1ec3m, b\u00e0n giao nh\u1eb9 v\u00e0 nh\u1ea1y c\u1ea3m, l\u1ef1c ph\u00e1 v\u1ee1 m\u1ea1nh m\u1ebd, chuy\u1ec3n \u0111\u1ed9ng c\u00e2n b\u1eb1ng t\u1ed1t.<\/li>\n<\/ul>\n<p><img fetchpriority=\"high\" decoding=\"async\" class=\"alignnone wp-image-1397 size-full\" src=\"http:\/\/www.zongdamining.com\/wp-content\/uploads\/2022\/12\/20220823104539cec067faed6e4809ad2afba8df07a915.jpg\" alt=\"\" width=\"705\" height=\"370\" srcset=\"https:\/\/www.zongdamining.com\/wp-content\/uploads\/2022\/12\/20220823104539cec067faed6e4809ad2afba8df07a915.jpg 705w, https:\/\/www.zongdamining.com\/wp-content\/uploads\/2022\/12\/20220823104539cec067faed6e4809ad2afba8df07a915-300x157.jpg 300w, https:\/\/www.zongdamining.com\/wp-content\/uploads\/2022\/12\/20220823104539cec067faed6e4809ad2afba8df07a915-600x315.jpg 600w\" sizes=\"(max-width: 705px) 100vw, 705px\" \/><\/p>\n<p>II.\u00a0<strong>\u0110\u1eb7c \u0111i\u1ec3m k\u1ef9 thu\u1eadt<\/strong><strong>\u00a0<\/strong><\/p>\n<table width=\"786\" data-sort=\"sortDisabled\">\n<tbody>\n<tr class=\"firstRow\">\n<td><strong>1<\/strong><\/td>\n<td><strong>M\u00f4 h\u00ecnh \u0111\u1ed9ng c\u01a1<\/strong><\/td>\n<td colspan=\"2\" rowspan=\"1\"><strong>YUCHAI YCD4J33T6-110, 81KW, \/ DEUTZ F6LD914, 86KW<\/strong><\/td>\n<\/tr>\n<tr>\n<td><strong>2<\/strong><\/td>\n<td><strong>B\u1ed9 chuy\u1ec3n \u0111\u1ed5i m\u00f4-men xo\u1eafn<\/strong><\/td>\n<td colspan=\"2\" rowspan=\"1\"><strong>S\u1ea3n ph\u1ea9m SHANTUI YJ315LG<\/strong><\/td>\n<\/tr>\n<tr>\n<td><strong>3<\/strong><\/td>\n<td><strong>Truy\u1ec1n t\u1ea3i<\/strong><\/td>\n<td colspan=\"2\" rowspan=\"1\"><strong>H\u01b0\u01a1ng Ch\u00e2u YD13044159<\/strong><\/td>\n<\/tr>\n<tr>\n<td><strong>4<\/strong><\/td>\n<td><strong>Tr\u1ee5c<\/strong><\/td>\n<td colspan=\"2\" rowspan=\"1\"><strong>XUZHOU QINGFENG Kh\u00f4ng SPIN kh\u00e1c bi\u1ec7t<\/strong><\/td>\n<\/tr>\n<tr>\n<td><strong>5<\/strong><\/td>\n<td><strong>Phanh<\/strong><\/td>\n<td colspan=\"2\" rowspan=\"1\"><strong>POSI-STOP M\u00f9a xu\u00e2n \u00e1p d\u1ee5ng th\u1ee7y l\u1ef1c ph\u00e1t h\u00e0nh phanh<\/strong><\/td>\n<\/tr>\n<tr>\n<td><strong>6<\/strong><\/td>\n<td><strong>C\u00f4ng su\u1ea5t<\/strong><\/td>\n<td colspan=\"2\" rowspan=\"1\"><strong>1.5m<sup>3<\/sup>(SAE Stacking)<\/strong><\/td>\n<\/tr>\n<tr>\n<td><strong>7<\/strong><\/td>\n<td><strong>T\u1ea3i tr\u1ecdng \u0111\u01b0\u1ee3c \u0111\u00e1nh gi\u00e1<\/strong><\/td>\n<td colspan=\"2\" rowspan=\"1\"><strong>3t<\/strong><\/td>\n<\/tr>\n<tr>\n<td><strong>8<\/strong><\/td>\n<td><strong>T\u1ed1i \u0111a chi\u1ec1u cao n\u00e2ng<\/strong><\/td>\n<td colspan=\"2\" rowspan=\"1\"><strong>3650mm<\/strong><\/td>\n<\/tr>\n<tr>\n<td><strong>9<\/strong><\/td>\n<td><strong>Chi\u1ec1u cao Max.unloading<\/strong><\/td>\n<td colspan=\"2\" rowspan=\"1\"><strong>S\u1ed1 l\u01b0\u1ee3ng: 1350mm<\/strong><\/td>\n<\/tr>\n<tr>\n<td><strong>10<\/strong><\/td>\n<td><strong>Min.unloading kho\u1ea3ng c\u00e1ch<\/strong><\/td>\n<td colspan=\"2\" rowspan=\"1\"><strong>1000mm<\/strong><\/td>\n<\/tr>\n<tr>\n<td><strong>11<\/strong><\/td>\n<td><strong>M\u00e1y l\u1ecdc kh\u00ed th\u1ea3i<\/strong><\/td>\n<td colspan=\"2\" rowspan=\"1\"><strong>B\u1ed9 d\u1eadm t\u1eaft DOC<\/strong><\/td>\n<\/tr>\n<tr>\n<td><strong>12<\/strong><\/td>\n<td><strong>\u0110\u1ed9 ph\u00e2n c\u1ea5p t\u1ed1i \u0111a<\/strong><\/td>\n<td colspan=\"2\" rowspan=\"1\"><strong>15\u00b0<\/strong><\/td>\n<\/tr>\n<tr>\n<td><strong>13<\/strong><\/td>\n<td><strong>Gi\u1ea3i ph\u00f3ng m\u1eb7t \u0111\u1ea5t<\/strong><\/td>\n<td colspan=\"2\" rowspan=\"1\"><strong>240mm<\/strong><\/td>\n<\/tr>\n<tr>\n<td colspan=\"1\" rowspan=\"3\"><strong>\u00a0<\/strong><\/p>\n<p><strong>14<\/strong><\/p>\n<p><strong>\u00a0<\/strong><\/td>\n<td colspan=\"1\" rowspan=\"3\"><strong>\u00a0<\/strong><\/p>\n<p><strong>T\u1ed1c \u0111\u1ed9 du l\u1ecbch<\/strong><\/td>\n<td colspan=\"2\" rowspan=\"1\"><strong>1<sup>st<\/sup>\u00a0b\u00e1nh r\u0103ng 0-4km \/ h<\/strong><\/td>\n<\/tr>\n<tr>\n<td colspan=\"2\" rowspan=\"1\"><strong>2<sup>ND<\/sup>\u00a0b\u00e1nh r\u0103ng 0-9km \/ h<\/strong><\/td>\n<\/tr>\n<tr>\n<td colspan=\"2\" rowspan=\"1\"><strong>3<sup>Rd<\/sup>\u00a0b\u00e1nh r\u0103ng 0-15km \/ h<\/strong><\/td>\n<\/tr>\n<tr>\n<td><strong>15<\/strong><\/td>\n<td><strong>G\u00f3c l\u00e1i<\/strong><\/td>\n<td><strong>\u00b138\u00b0<\/strong><\/td>\n<td><\/td>\n<\/tr>\n<tr>\n<td colspan=\"1\" rowspan=\"3\"><strong>\u00a0<\/strong><\/p>\n<p><strong>16<\/strong><\/td>\n<td colspan=\"1\" rowspan=\"3\"><strong>\u00a0<\/strong><\/p>\n<p><strong>K\u00edch th\u01b0\u1edbc<\/strong><\/td>\n<td><strong>Chi\u1ec1u d\u00e0i<\/strong><\/td>\n<td><strong>6800mm<\/strong><\/td>\n<\/tr>\n<tr>\n<td><strong>Chi\u1ec1u r\u1ed9ng<\/strong><\/td>\n<td><strong>1640mm<\/strong><\/td>\n<\/tr>\n<tr>\n<td><strong>Chi\u1ec1u cao cabin<\/strong><\/td>\n<td><strong>T\u1eeb 2000mm<\/strong><\/td>\n<\/tr>\n<\/tbody>\n<\/table>\n<p>III.\u00a0<strong>K\u00edch th\u01b0\u1edbc b\u00ean ngo\u00e0i c\u1ee7a khai th\u00e1c m\u1ecf SCOOPTRAM<\/strong><\/p>\n<p><img decoding=\"async\" class=\"alignnone wp-image-1400 size-full\" src=\"http:\/\/www.zongdamining.com\/wp-content\/uploads\/2022\/12\/202208231053273d9ee48edb9747309eead0d01fee9ce9-1.jpg\" alt=\"\" width=\"705\" height=\"814\" srcset=\"https:\/\/www.zongdamining.com\/wp-content\/uploads\/2022\/12\/202208231053273d9ee48edb9747309eead0d01fee9ce9-1.jpg 705w, https:\/\/www.zongdamining.com\/wp-content\/uploads\/2022\/12\/202208231053273d9ee48edb9747309eead0d01fee9ce9-1-260x300.jpg 260w, https:\/\/www.zongdamining.com\/wp-content\/uploads\/2022\/12\/202208231053273d9ee48edb9747309eead0d01fee9ce9-1-600x693.jpg 600w\" sizes=\"(max-width: 705px) 100vw, 705px\" \/><\/p>","protected":false},"excerpt":{"rendered":"<p>Scooptram Mining c\u00f3 m\u1ee9c b\u1ea3o v\u1ec7 cao v\u00e0 ph\u00f9 h\u1ee3p cho c\u00e1c m\u1ecf ng\u1ea7m \u00d7 Trong m\u00f4i tr\u01b0\u1eddng \u1ea9m \u01b0\u1edbt v\u00e0 b\u1ee5i c\u1ee7a \u0111\u01b0\u1eddng b\u1ed9 5m, m\u00e1y r\u1ea5t th\u00f4ng minh, an to\u00e0n v\u00e0 \u0111\u00e1ng tin c\u1eady, c\u00f3 s\u1ef1 \u1ed5n \u0111\u1ecbnh t\u1ed5ng th\u1ec3 t\u1ed1t v\u00e0 c\u00f3 th\u1ec3 c\u1ea3i thi\u1ec7n \u0111\u00e1ng k\u1ec3 n\u0103ng su\u1ea5t v\u00e0 l\u1ee3i nhu\u1eadn c\u1ee7a m\u1ecf.<\/p>","protected":false},"featured_media":1397,"comment_status":"open","ping_status":"closed","template":"","meta":{"_acf_changed":false},"product_brand":[],"product_cat":[15],"product_tag":[],"class_list":{"0":"post-1390","1":"product","2":"type-product","3":"status-publish","4":"has-post-thumbnail","6":"product_cat-trackless-mining-equipment","8":"first","9":"instock","10":"shipping-taxable","11":"product-type-simple"},"acf":[],"_links":{"self":[{"href":"https:\/\/www.zongdamining.com\/vi\/wp-json\/wp\/v2\/product\/1390","targetHints":{"allow":["GET"]}}],"collection":[{"href":"https:\/\/www.zongdamining.com\/vi\/wp-json\/wp\/v2\/product"}],"about":[{"href":"https:\/\/www.zongdamining.com\/vi\/wp-json\/wp\/v2\/types\/product"}],"replies":[{"embeddable":true,"href":"https:\/\/www.zongdamining.com\/vi\/wp-json\/wp\/v2\/comments?post=1390"}],"wp:featuredmedia":[{"embeddable":true,"href":"https:\/\/www.zongdamining.com\/vi\/wp-json\/wp\/v2\/media\/1397"}],"wp:attachment":[{"href":"https:\/\/www.zongdamining.com\/vi\/wp-json\/wp\/v2\/media?parent=1390"}],"wp:term":[{"taxonomy":"product_brand","embeddable":true,"href":"https:\/\/www.zongdamining.com\/vi\/wp-json\/wp\/v2\/product_brand?post=1390"},{"taxonomy":"product_cat","embeddable":true,"href":"https:\/\/www.zongdamining.com\/vi\/wp-json\/wp\/v2\/product_cat?post=1390"},{"taxonomy":"product_tag","embeddable":true,"href":"https:\/\/www.zongdamining.com\/vi\/wp-json\/wp\/v2\/product_tag?post=1390"}],"curies":[{"name":"WP","href":"https:\/\/api.w.org\/{rel}","templated":true}]}}