{"id":1392,"date":"2022-12-12T13:46:32","date_gmt":"2022-12-12T05:46:32","guid":{"rendered":"http:\/\/www.zongdamining.com\/?post_type=product&#038;p=1392"},"modified":"2022-12-16T11:11:08","modified_gmt":"2022-12-16T03:11:08","slug":"70-ton-underground-mining-dump-truck-howo-6x4-dumper-truck","status":"publish","type":"product","link":"https:\/\/www.zongdamining.com\/vi\/product\/70-ton-underground-mining-dump-truck-howo-6x4-dumper-truck\/","title":{"rendered":"Xe t\u1ea3i th\u1ea3i m\u1ecf ng\u1ea7m 70 t\u1ea5n Xe t\u1ea3i th\u1ea3i HOWO 6X4"},"content":{"rendered":"<div>\n<p>Ch\u00fang t\u00f4i mu\u1ed1n t\u1ea1o ra m\u1ed9t doanh nghi\u1ec7p h\u1ea1ng nh\u1ea5t, nu\u00f4i d\u01b0\u1ee1ng t\u00e0i n\u0103ng chuy\u00ean nghi\u1ec7p, th\u00fac \u0111\u1ea9y s\u1ef1 ph\u00e1t tri\u1ec3n c\u1ee7a m\u00e1y tr\u1ed9n b\u00ea t\u00f4ng ng\u1ea7m to\u00e0n c\u1ea7u, m\u00e1y phun b\u00ea t\u00f4ng ng\u1ea7m, c\u00f4ng nghi\u1ec7p khoan \u0111\u00e1 ch\u00e2n kh\u00f4ng kh\u00ed v\u00e0 tr\u1edf th\u00e0nh m\u1ed9t nh\u00e0 l\u00e3nh \u0111\u1ea1o \u0111\u01b0\u1ee3c t\u00f4n tr\u1ecdng. S\u1ef1 h\u00e0i l\u00f2ng c\u1ee7a kh\u00e1ch h\u00e0ng l\u00e0 v\u1ed1n c\u1ee7a nh\u1eefng n\u1ed7 l\u1ef1c li\u00ean t\u1ee5c c\u1ee7a ch\u00fang t\u00f4i, ch\u00fang t\u00f4i s\u1eb5n s\u00e0ng ph\u1ee5c v\u1ee5 kh\u00e1ch h\u00e0ng v\u1edbi c\u00f4ng ngh\u1ec7 chuy\u00ean nghi\u1ec7p v\u00e0 tinh th\u1ea7n t\u1eadn t\u00e2m. Ch\u00fang t\u00f4i t\u1ea1o ra m\u1ed9t n\u1ec1n t\u1ea3ng ph\u00e1t tri\u1ec3n cho nh\u00e2n vi\u00ean, t\u1ea1o ra s\u1ef1 gi\u00e0u c\u00f3 v\u00e0 gi\u00e1 tr\u1ecb cho c\u00e1c \u0111\u1ed1i t\u00e1c, v\u00e0 h\u00ecnh th\u00e0nh m\u1ed9t cu\u1ed9c s\u1ed1ng t\u1ed1t h\u01a1n cho ng\u01b0\u1eddi d\u00f9ng.<\/p>\n<\/div>\n<div>\n<p><img fetchpriority=\"high\" decoding=\"async\" class=\"alignnone wp-image-1306 size-full\" src=\"http:\/\/www.zongdamining.com\/wp-content\/uploads\/2022\/12\/underground-articulated-truck06507488102.jpg\" alt=\"\" width=\"730\" height=\"730\" srcset=\"https:\/\/www.zongdamining.com\/wp-content\/uploads\/2022\/12\/underground-articulated-truck06507488102.jpg 730w, https:\/\/www.zongdamining.com\/wp-content\/uploads\/2022\/12\/underground-articulated-truck06507488102-300x300.jpg 300w, https:\/\/www.zongdamining.com\/wp-content\/uploads\/2022\/12\/underground-articulated-truck06507488102-150x150.jpg 150w, https:\/\/www.zongdamining.com\/wp-content\/uploads\/2022\/12\/underground-articulated-truck06507488102-600x600.jpg 600w, https:\/\/www.zongdamining.com\/wp-content\/uploads\/2022\/12\/underground-articulated-truck06507488102-100x100.jpg 100w\" sizes=\"(max-width: 730px) 100vw, 730px\" \/><\/p>\n<p><strong>T\u00ednh n\u0103ng<\/strong><\/p>\n<p>T\u1ea3i tr\u1ecdng \u0111\u1ecbnh m\u1ee9c 20t, th\u00edch h\u1ee3p cho \u0111\u01b0\u1eddng h\u1ea7m \u22654.5 \u00d7 4.5m<\/p>\n<p><img decoding=\"async\" class=\"alignnone wp-image-1403 size-full\" src=\"http:\/\/www.zongdamining.com\/wp-content\/uploads\/2022\/12\/202005251533500ccd64ce14184aef884cb49a34cff608.jpg\" alt=\"\" width=\"748\" height=\"677\" srcset=\"https:\/\/www.zongdamining.com\/wp-content\/uploads\/2022\/12\/202005251533500ccd64ce14184aef884cb49a34cff608.jpg 748w, https:\/\/www.zongdamining.com\/wp-content\/uploads\/2022\/12\/202005251533500ccd64ce14184aef884cb49a34cff608-300x272.jpg 300w, https:\/\/www.zongdamining.com\/wp-content\/uploads\/2022\/12\/202005251533500ccd64ce14184aef884cb49a34cff608-600x543.jpg 600w\" sizes=\"(max-width: 748px) 100vw, 748px\" \/><\/p>\n<p>Ch\u1ea5p nh\u1eadn khung kh\u1edbp n\u1ed1i trung t\u00e2m<\/p>\n<p>N\u00e2ng xi lanh \u0111\u00f4i cho x\u00f4<\/p>\n<p>Xe \u00e1p d\u1ee5ng h\u1ec7 th\u1ed1ng \u0111i\u1ec1u khi\u1ec3n th\u1ee7y l\u1ef1c \u0111\u1ea7y \u0111\u1ee7, \u0111\u1ea3m b\u1ea3o an to\u00e0n, tho\u1ea3i m\u00e1i v\u00e0 b\u1ec1n c\u1ee7a \u0111i\u1ec1u khi\u1ec3n.<\/p>\n<p><strong>D\u1eef li\u1ec7u k\u1ef9 thu\u1eadt<\/strong><\/p>\n<p>&nbsp;<\/p>\n<table class=\"table\" border=\"0\" width=\"100%\" cellspacing=\"0\" cellpadding=\"0\">\n<tbody>\n<tr class=\"firstRow\">\n<td width=\"177\">K\u00edch th\u01b0\u1edbc<\/td>\n<td width=\"439\">9050\uff08\u00b1100\uff09mm\u00d72280\uff08\u00b150\uff09mm\u00d72400\uff08\u00b150\uff09mm<\/td>\n<\/tr>\n<tr>\n<td width=\"177\">\u0110\u1ed9ng c\u01a1<\/td>\n<td width=\"439\">DEUTZ F12L413FW \/ 204kW (VOLVO TAD853VE \/ 235KW t\u00f9y ch\u1ecdn)<\/td>\n<\/tr>\n<tr>\n<td width=\"177\">B\u1ed9 chuy\u1ec3n \u0111\u1ed5i m\u00f4-men xo\u1eafn<\/td>\n<td width=\"439\">\u0110i\u1ec7n \u00edch c\u1ee7a DANA C5000<\/td>\n<\/tr>\n<tr>\n<td width=\"177\">Truy\u1ec1n t\u1ea3i<\/td>\n<td width=\"439\">\u0110i\u1ec7n tho\u1ea1i DANA R36000<\/td>\n<\/tr>\n<\/tbody>\n<\/table>\n<p>&nbsp;<\/p>\n<table class=\"table\" border=\"0\" width=\"100%\" cellspacing=\"0\" cellpadding=\"0\">\n<tbody>\n<tr class=\"firstRow\">\n<td width=\"168\">Tr\u1ee5c l\u00e1i xe<\/td>\n<td width=\"437\">KESSLER \u0110\u1ee9c<\/td>\n<\/tr>\n<tr>\n<td width=\"168\">H\u1ed9p<\/td>\n<td width=\"437\">10m\u00b3<\/td>\n<\/tr>\n<tr>\n<td width=\"168\">T\u1ea3i tr\u1ecdng \u0111\u1ecbnh m\u1ee9c<\/td>\n<td width=\"437\">20 t\u1ea5n<\/td>\n<\/tr>\n<tr>\n<td width=\"168\">T\u1ea3i tr\u1ecdng l\u01b0\u1ee3ng<\/td>\n<td width=\"437\">20.8t<\/td>\n<\/tr>\n<tr>\n<td width=\"168\">Kh\u1ea3 n\u0103ng leo n\u00fai<\/td>\n<td width=\"437\">15\u00b0<\/td>\n<\/tr>\n<tr>\n<td width=\"168\">Min.Ground thanh to\u00e1n<\/td>\n<td width=\"437\">340mm<\/td>\n<\/tr>\n<tr>\n<td width=\"168\">T\u1ed1c \u0111\u1ed9<\/td>\n<td width=\"437\">0-30.9km\/h<\/td>\n<\/tr>\n<tr>\n<td width=\"168\">Quay g\u00f3c<\/td>\n<td width=\"437\">\u00b142\u00b0<\/td>\n<\/tr>\n<tr>\n<td width=\"168\">G\u00f3c chung<\/td>\n<td width=\"437\">\u00b18\u00b0<\/td>\n<\/tr>\n<tr>\n<td rowspan=\"3\" width=\"168\">B\u00e1n k\u00ednh l\u00e1i t\u1ed1i thi\u1ec3u<\/td>\n<td width=\"437\">5105 (\u00b1 50) mm (b\u00ean trong)<\/td>\n<\/tr>\n<tr>\n<td colspan=\"1\" rowspan=\"2\" width=\"437\">8275 (\u00b1 50) mm (b\u00ean ngo\u00e0i)<\/td>\n<\/tr>\n<\/tbody>\n<\/table>\n<p><img decoding=\"async\" class=\"alignnone wp-image-1305 size-full\" src=\"http:\/\/www.zongdamining.com\/wp-content\/uploads\/2022\/12\/2020052516091315dfea2381604b1a987edb291c63b565.jpg\" alt=\"\" width=\"750\" height=\"669\" srcset=\"https:\/\/www.zongdamining.com\/wp-content\/uploads\/2022\/12\/2020052516091315dfea2381604b1a987edb291c63b565.jpg 750w, https:\/\/www.zongdamining.com\/wp-content\/uploads\/2022\/12\/2020052516091315dfea2381604b1a987edb291c63b565-300x268.jpg 300w, https:\/\/www.zongdamining.com\/wp-content\/uploads\/2022\/12\/2020052516091315dfea2381604b1a987edb291c63b565-600x535.jpg 600w\" sizes=\"(max-width: 750px) 100vw, 750px\" \/><\/p>\n<\/div>\n<div><\/div>\n<div>\n<p>V\u1edbi s\u1ee9c m\u1ea1nh c\u00f4ng ty m\u1ea1nh m\u1ebd v\u00e0 m\u1ed1i quan h\u1ec7 h\u1ee3p t\u00e1c ch\u00ednh x\u00e1c v\u1edbi c\u00e1c nh\u00e0 s\u1ea3n xu\u1ea5t l\u1edbn, ch\u00fang t\u00f4i c\u00f3 th\u1ec3 cung c\u1ea5p cho b\u1ea1n ch\u1ea5t l\u01b0\u1ee3ng t\u1ed1t nh\u1ea5t 70 t\u1ea5n xe t\u1ea3i m\u1ecf ng\u1ea7m HOWO 6X4 Dumper Truck v\u1edbi gi\u00e1 thu\u1eadn l\u1ee3i nh\u1ea5t. Ch\u00fang t\u00f4i \u0111\u00e3 thi\u1ebft l\u1eadp m\u1ed9t h\u1ec7 th\u1ed1ng qu\u1ea3n l\u00fd ho\u00e0n ch\u1ec9nh t\u00edch h\u1ee3p ch\u1eb7t ch\u1ebd b\u00e1n h\u00e0ng s\u1ea3n ph\u1ea9m, h\u1ee3p \u0111\u1ed3ng, kho, t\u00e0i ch\u00ednh v\u00e0 hi\u1ec7u qu\u1ea3 nh\u00e2n s\u1ef1 nh\u01b0 m\u1ed9t t\u1ed5ng th\u1ec3 \u0111\u1ec3 \u0111\u1ea3m b\u1ea3o nghi\u00eam ng\u1eb7t ch\u1ea5t l\u01b0\u1ee3ng s\u1ea3n ph\u1ea9m. Trong m\u1ed9t th\u1eddi gian d\u00e0i, c\u00f4ng ty c\u1ee7a ch\u00fang t\u00f4i \u0111\u00e3 tu\u00e2n th\u1ee7 tri\u1ebft l\u00fd kinh doanh c\u1ee7a &#8216; Ch\u1ea5t l\u01b0\u1ee3ng l\u00e0 cu\u1ed9c s\u1ed1ng, s\u1ef1 to\u00e0n v\u1eb9n d\u1ef1a tr\u00ean, kh\u00e1ch h\u00e0ng \u0111\u1ea7u ti\u00ean&#8217;  , li\u00ean t\u1ee5c ph\u00e1t tri\u1ec3n c\u00e1c s\u1ea3n ph\u1ea9m m\u1edbi, m\u1edf r\u1ed9ng quy m\u00f4 c\u1ee7a c\u00f4ng ty, v\u00e0 ph\u1ee5c v\u1ee5 m\u1ed7i kh\u00e1ch h\u00e0ng v\u1edbi s\u1ef1 ch\u0103m s\u00f3c, do \u0111\u00f3 gi\u00e0nh \u0111\u01b0\u1ee3c s\u1ef1 khen ng\u1ee3i c\u1ee7a kh\u00e1ch h\u00e0ng c\u1ee7a ch\u00fang t\u00f4i.<\/p>\n<\/div>","protected":false},"excerpt":{"rendered":"<p>Xe \u00e1p d\u1ee5ng h\u1ec7 th\u1ed1ng \u0111i\u1ec1u khi\u1ec3n th\u1ee7y l\u1ef1c \u0111\u1ea7y \u0111\u1ee7, \u0111\u1ea3m b\u1ea3o an to\u00e0n, tho\u1ea3i m\u00e1i v\u00e0 b\u1ec1n c\u1ee7a \u0111i\u1ec1u khi\u1ec3n.<\/p>","protected":false},"featured_media":1305,"comment_status":"open","ping_status":"closed","template":"","meta":{"_acf_changed":false},"product_brand":[],"product_cat":[15],"product_tag":[],"class_list":{"0":"post-1392","1":"product","2":"type-product","3":"status-publish","4":"has-post-thumbnail","6":"product_cat-trackless-mining-equipment","8":"first","9":"instock","10":"shipping-taxable","11":"product-type-simple"},"acf":[],"_links":{"self":[{"href":"https:\/\/www.zongdamining.com\/vi\/wp-json\/wp\/v2\/product\/1392","targetHints":{"allow":["GET"]}}],"collection":[{"href":"https:\/\/www.zongdamining.com\/vi\/wp-json\/wp\/v2\/product"}],"about":[{"href":"https:\/\/www.zongdamining.com\/vi\/wp-json\/wp\/v2\/types\/product"}],"replies":[{"embeddable":true,"href":"https:\/\/www.zongdamining.com\/vi\/wp-json\/wp\/v2\/comments?post=1392"}],"wp:featuredmedia":[{"embeddable":true,"href":"https:\/\/www.zongdamining.com\/vi\/wp-json\/wp\/v2\/media\/1305"}],"wp:attachment":[{"href":"https:\/\/www.zongdamining.com\/vi\/wp-json\/wp\/v2\/media?parent=1392"}],"wp:term":[{"taxonomy":"product_brand","embeddable":true,"href":"https:\/\/www.zongdamining.com\/vi\/wp-json\/wp\/v2\/product_brand?post=1392"},{"taxonomy":"product_cat","embeddable":true,"href":"https:\/\/www.zongdamining.com\/vi\/wp-json\/wp\/v2\/product_cat?post=1392"},{"taxonomy":"product_tag","embeddable":true,"href":"https:\/\/www.zongdamining.com\/vi\/wp-json\/wp\/v2\/product_tag?post=1392"}],"curies":[{"name":"WP","href":"https:\/\/api.w.org\/{rel}","templated":true}]}}