{"id":1407,"date":"2022-12-12T13:51:35","date_gmt":"2022-12-12T05:51:35","guid":{"rendered":"http:\/\/www.zongdamining.com\/?post_type=product&#038;p=1407"},"modified":"2023-01-29T16:46:44","modified_gmt":"2023-01-29T08:46:44","slug":"hydro-electric-power-plant-tunnel-fan-for-tunnel-ventilation-system","status":"publish","type":"product","link":"https:\/\/www.zongdamining.com\/vi\/product\/hydro-electric-power-plant-tunnel-fan-for-tunnel-ventilation-system\/","title":{"rendered":"Qu\u1ea1t \u0111\u01b0\u1eddng h\u1ea7m nh\u00e0 m\u00e1y th\u1ee7y \u0111i\u1ec7n cho h\u1ec7 th\u1ed1ng th\u00f4ng gi\u00f3 \u0111\u01b0\u1eddng h\u1ea7m"},"content":{"rendered":"<div>\n<p>Sau nhi\u1ec1u n\u0103m ho\u1ea1t \u0111\u1ed9ng c\u1ea9n th\u1eadn, xi lanh th\u1ee7y l\u1ef1c k\u1ef9 thu\u1eadt, Scooptram, xe t\u1ea3i k\u00e9o d\u01b0\u1edbi l\u00f2ng \u0111\u1ea5t hi\u1ec7n \u0111\u01b0\u1ee3c c\u00f4ng ty ch\u00fang t\u00f4i ph\u00e2n ph\u1ed1i \u0111\u01b0\u1ee3c ng\u01b0\u1eddi d\u00f9ng \u1edf trong n\u01b0\u1edbc v\u00e0 n\u01b0\u1edbc ngo\u00e0i \u01b0a th\u00edch, v\u00e0 c\u0169ng \u0111\u00e3 c\u00f3 \u0111\u01b0\u1ee3c l\u1ee3i \u00edch kinh t\u1ebf v\u00e0 x\u00e3 h\u1ed9i t\u1ed1t. Ch\u00fang t\u00f4i ti\u1ebfp t\u1ee5c l\u00e0m vi\u1ec7c ch\u0103m ch\u1ec9 \u0111\u1ec3 cung c\u1ea5p cho kh\u00e1ch h\u00e0ng c\u00e1c s\u1ea3n ph\u1ea9m v\u00e0 d\u1ecbch v\u1ee5 ch\u1ea5t l\u01b0\u1ee3ng. Ch\u00fang t\u00f4i c\u0169ng l\u00e0m vi\u1ec7c ch\u1eb7t ch\u1ebd v\u1edbi kh\u00e1ch h\u00e0ng v\u00e0 nh\u00e0 cung c\u1ea5p m\u1ed9t c\u00e1ch c\u00f3 tr\u00e1ch nhi\u1ec7m \u0111\u1ec3 c\u00f9ng nhau ti\u1ebfn b\u1ed9 v\u00e0 t\u1ea1o ra m\u1ed9t t\u01b0\u01a1ng lai t\u1ed1t h\u01a1n! C\u00f4ng ty ch\u00fang t\u00f4i tu\u00e2n th\u1ee7 xu h\u01b0\u1edbng th\u1eddi trang m\u1edbi nh\u1ea5t, \u0111\u00e1p \u1ee9ng nhu c\u1ea7u t\u1ed1i \u0111a c\u1ee7a kh\u00e1ch h\u00e0ng v\u00e0 cung c\u1ea5p d\u1ecbch v\u1ee5 chuy\u00ean d\u1ee5ng nh\u1ea5t. Ch\u00fang t\u00f4i ch\u00fa \u00fd \u0111\u1ebfn chi ti\u1ebft, ch\u00fa \u00fd \u0111\u1ebfn ch\u1ea5t l\u01b0\u1ee3ng v\u00e0 c\u1ed1 g\u1eafng x\u00e2y d\u1ef1ng m\u1ed9t th\u01b0\u01a1ng hi\u1ec7u ch\u1ea5t l\u01b0\u1ee3ng cao. To\u00e0n c\u1ea7u h\u00f3a kinh t\u1ebf \u0111\u00f2i h\u1ecfi c\u00f4ng ty c\u1ee7a ch\u00fang t\u00f4i ph\u1ea3i \u0111\u1ed1i m\u1eb7t v\u1edbi th\u1ebf gi\u1edbi v\u00e0 li\u00ean t\u1ee5c nu\u00f4i d\u01b0\u1ee1ng t\u00e0i n\u0103ng qu\u1ed1c t\u1ebf v\u1edbi t\u1ea7m nh\u00ecn th\u1ebf gi\u1edbi.<\/p>\n<\/div>\n<div>\n<p><img fetchpriority=\"high\" decoding=\"async\" class=\"alignnone wp-image-1409 size-full\" src=\"http:\/\/www.zongdamining.com\/wp-content\/uploads\/2022\/12\/202005251737177cfa6404b79a4418b76a8de5ad2b504e.jpg\" alt=\"\" width=\"750\" height=\"750\" srcset=\"https:\/\/www.zongdamining.com\/wp-content\/uploads\/2022\/12\/202005251737177cfa6404b79a4418b76a8de5ad2b504e.jpg 750w, https:\/\/www.zongdamining.com\/wp-content\/uploads\/2022\/12\/202005251737177cfa6404b79a4418b76a8de5ad2b504e-300x300.jpg 300w, https:\/\/www.zongdamining.com\/wp-content\/uploads\/2022\/12\/202005251737177cfa6404b79a4418b76a8de5ad2b504e-150x150.jpg 150w, https:\/\/www.zongdamining.com\/wp-content\/uploads\/2022\/12\/202005251737177cfa6404b79a4418b76a8de5ad2b504e-600x600.jpg 600w, https:\/\/www.zongdamining.com\/wp-content\/uploads\/2022\/12\/202005251737177cfa6404b79a4418b76a8de5ad2b504e-100x100.jpg 100w\" sizes=\"(max-width: 750px) 100vw, 750px\" \/><\/p>\n<p><strong>Th\u00f4ng s\u1ed1 k\u1ef9 thu\u1eadt<\/strong><\/p>\n<p>Qu\u1ea1t th\u00f4ng gi\u00f3 \u0111\u01b0\u1eddng h\u1ea7m SDS \u0111\u01b0\u1ee3c s\u1eed d\u1ee5ng cho h\u1ec7 th\u1ed1ng th\u00f4ng gi\u00f3 \u0111\u01b0\u1eddng h\u1ea7m, qu\u1ea1t \u0111\u01b0\u1ee3c l\u1eafp \u0111\u1eb7t treo tr\u00ean m\u00e1i nh\u00e0 tr\u00ean c\u00f9ng c\u1ee7a \u0111\u01b0\u1eddng h\u1ea7m ho\u1eb7c c\u1ea3 hai b\u00ean, kh\u00f4ng \u1ea3nh h\u01b0\u1edfng \u0111\u1ebfn giao th\u00f4ng, kh\u00f4ng c\u1ea7n x\u00e2y d\u1ef1ng c\u00e1ch th\u1ea3i. T\u00f2a nh\u00e0 chi ph\u00ed th\u1ea5p, l\u00e0 qu\u1ea1t th\u00f4ng gi\u00f3 r\u1ea5t ho\u00e0n h\u1ea3o.<\/p>\n<p><strong>\u0110\u1eb7c \u0111i\u1ec3m ch\u00ednh<\/strong><\/p>\n<p>1) C\u1ea5u tr\u00fac \u0111\u01a1n gi\u1ea3n trong lo\u1ea1i tuy\u1ebfn t\u00ednh, d\u1ec5 d\u00e0ng l\u1eafp \u0111\u1eb7t v\u00e0 b\u1ea3o tr\u00ec.<\/p>\n<p>2) \u00c1p d\u1ee5ng c\u00e1c th\u00e0nh ph\u1ea7n th\u01b0\u01a1ng hi\u1ec7u n\u1ed5i ti\u1ebfng th\u1ebf gi\u1edbi ti\u00ean ti\u1ebfn trong c\u00e1c b\u1ed9 ph\u1eadn kh\u00ed n\u00e9n, b\u1ed9 ph\u1eadn \u0111i\u1ec7n v\u00e0 b\u1ed9 ph\u1eadn ho\u1ea1t \u0111\u1ed9ng.<\/p>\n<p>3) M\u00e1y quay k\u00e9p \u00e1p su\u1ea5t cao \u0111\u1ec3 ki\u1ec3m so\u00e1t vi\u1ec7c m\u1edf v\u00e0 \u0111\u00f3ng die.<\/p>\n<p>4) Ch\u1ea1y trong m\u1ed9t t\u1ef1 \u0111\u1ed9ng h\u00f3a cao v\u00e0 tr\u00ed tu\u1ec7 h\u00f3a, kh\u00f4ng \u00f4 nhi\u1ec5m<\/p>\n<p>5) \u00c1p d\u1ee5ng m\u1ed9t k\u1ebft n\u1ed1i \u0111\u1ec3 k\u1ebft n\u1ed1i v\u1edbi b\u0103ng t\u1ea3i kh\u00f4ng kh\u00ed, c\u00f3 th\u1ec3 tr\u1ef1c ti\u1ebfp inline v\u1edbi m\u00e1y l\u00e0m \u0111\u1ea7y.<\/p>\n<p><strong>C\u1ea5u tr\u00fac chung c\u1ee7a qu\u1ea1t SDS<\/strong><\/p>\n<p>Qu\u1ea1t SDS l\u00e0 s\u1ef1 k\u1ebft h\u1ee3p c\u1ee7a qu\u1ea1t d\u00f2ng ch\u1ea3y tr\u1ee5c v\u00e0 mu\u1ed9n d\u1eady b\u00ean ngo\u00e0i. Qu\u1ea1t ph\u1ea3n l\u1ef1c \u0111\u01b0\u1eddng h\u1ea7m SDS ch\u1ee7 y\u1ebfu bao g\u1ed3m m\u00e1y t\u1eaft \u0111\u1ea7u v\u00e0o, \u0111\u1ed9ng c\u01a1 ch\u00ednh, m\u00e1y t\u1eaft \u0111\u1ea7u ra v\u00e0 \u0111\u1ed9ng c\u01a1.<\/p>\n<p><img decoding=\"async\" class=\"alignnone wp-image-1408 size-full\" src=\"http:\/\/www.zongdamining.com\/wp-content\/uploads\/2022\/12\/20200525173750c36c150db78c43a292cabb6855fdf9d5.jpg\" alt=\"\" width=\"750\" height=\"750\" srcset=\"https:\/\/www.zongdamining.com\/wp-content\/uploads\/2022\/12\/20200525173750c36c150db78c43a292cabb6855fdf9d5.jpg 750w, https:\/\/www.zongdamining.com\/wp-content\/uploads\/2022\/12\/20200525173750c36c150db78c43a292cabb6855fdf9d5-300x300.jpg 300w, https:\/\/www.zongdamining.com\/wp-content\/uploads\/2022\/12\/20200525173750c36c150db78c43a292cabb6855fdf9d5-150x150.jpg 150w, https:\/\/www.zongdamining.com\/wp-content\/uploads\/2022\/12\/20200525173750c36c150db78c43a292cabb6855fdf9d5-600x600.jpg 600w, https:\/\/www.zongdamining.com\/wp-content\/uploads\/2022\/12\/20200525173750c36c150db78c43a292cabb6855fdf9d5-100x100.jpg 100w\" sizes=\"(max-width: 750px) 100vw, 750px\" \/><\/p>\n<p>Qu\u1ea1t th\u00f4ng gi\u00f3 \u0111\u01b0\u1eddng h\u1ea7m hi\u1ec7u qu\u1ea3 cao v\u00e0 ti\u1ebfng \u1ed3n th\u1ea5p c\u1ee7a lo\u1ea1t SDF bao g\u1ed3m ba ph\u1ea7n: ph\u1ea7n gi\u1ea3m \u00e2m (b\u1ed9 thu kh\u00f4ng kh\u00ed, l\u01b0\u1edbi b\u1ea3o v\u1ec7, b\u1ed9 bi\u1ebfn h\u01b0\u1edbng, l\u01b0\u1edbi s\u1eeda ch\u1eefa, b\u1ed9 gi\u1ea3m \u00e2m); ph\u1ea7n qu\u1ea1t (v\u1ecf, c\u00e1nh qu\u1ea1t (l\u01b0\u1ee1i di chuy\u1ec3n), l\u01b0\u1ee1i t\u0129nh (l\u01b0\u1ee1i h\u01b0\u1edbng d\u1eabn), \u0111\u1ed9ng c\u01a1); ph\u1ea7n t\u1eaft \u0111\u1ea7u ra (\u0111\u1ea7u ra muffler).<\/p>\n<p>1) Qu\u1ea1t (l\u01b0\u1ee1i di chuy\u1ec3n): n\u00f3 bao g\u1ed3m l\u01b0\u1ee1i v\u00e0 trung t\u00e2m. Trung t\u00e2m \u0111\u01b0\u1ee3c l\u00e0m b\u1eb1ng th\u00e9p \u0111\u00fac zg230-450. L\u01b0\u1ee1i l\u00e0 m\u1ed9t l\u01b0\u1ee1i airfoil c\u00f3 th\u1ec3 \u0111i\u1ec1u ch\u1ec9nh \u0111\u01b0\u1ee3c l\u00e0m b\u1eb1ng \u0111\u00fac ch\u00ednh x\u00e1c h\u1ee3p kim nh\u00f4m silicon ZL104. R\u1ec5 v\u00e0 \u0111u\u00f4i c\u1ee7a l\u01b0\u1ee1i \u0111\u01b0\u1ee3c thi\u1ebft k\u1ebf. Qu\u00e1 tr\u00ecnh \u0111\u00fac th\u00eam \u0111i\u1ec1u ch\u1ec9nh c\u00e2n b\u1eb1ng t\u0129nh v\u00e0 \u0111\u1ed9ng nghi\u00eam ng\u1eb7t, ki\u1ec3m tra t\u1ed1c \u0111\u1ed9 qu\u00e1, ho\u1ea1t \u0111\u1ed9ng \u1ed5n \u0111\u1ecbnh v\u00e0 \u0111\u00e1ng tin c\u1eady.<\/p>\n<p>2) Ph\u1ea7n v\u1ecf: n\u00f3 \u0111\u01b0\u1ee3c l\u00e0m b\u1eb1ng t\u1ea5m th\u00e9p th\u00f4ng th\u01b0\u1eddng b\u1eb1ng c\u00e1ch h\u00e0n, v\u00e0 xi lanh b\u00ean trong \u0111\u01b0\u1ee3c trang b\u1ecb c\u00e1nh h\u01b0\u1edbng d\u1eabn ph\u00eda sau t\u0129nh, \u0111\u01b0\u1ee3c \u0111i\u1ec1u tr\u1ecb b\u1eb1ng c\u00e1ch lo\u1ea1i b\u1ecf c\u0103ng th\u1eb3ng h\u00e0n.<\/p>\n<p><img decoding=\"async\" class=\"alignnone wp-image-1410 size-full\" src=\"http:\/\/www.zongdamining.com\/wp-content\/uploads\/2022\/12\/202005251738019b92d8b24ac94bffbff9fff5de631363.jpg\" alt=\"\" width=\"750\" height=\"750\" srcset=\"https:\/\/www.zongdamining.com\/wp-content\/uploads\/2022\/12\/202005251738019b92d8b24ac94bffbff9fff5de631363.jpg 750w, https:\/\/www.zongdamining.com\/wp-content\/uploads\/2022\/12\/202005251738019b92d8b24ac94bffbff9fff5de631363-300x300.jpg 300w, https:\/\/www.zongdamining.com\/wp-content\/uploads\/2022\/12\/202005251738019b92d8b24ac94bffbff9fff5de631363-150x150.jpg 150w, https:\/\/www.zongdamining.com\/wp-content\/uploads\/2022\/12\/202005251738019b92d8b24ac94bffbff9fff5de631363-600x600.jpg 600w, https:\/\/www.zongdamining.com\/wp-content\/uploads\/2022\/12\/202005251738019b92d8b24ac94bffbff9fff5de631363-100x100.jpg 100w\" sizes=\"(max-width: 750px) 100vw, 750px\" \/><\/p>\n<\/div>\n<div><\/div>\n<div>\n<p>Ch\u00fang t\u00f4i l\u00e0 m\u1ed9t doanh nghi\u1ec7p c\u00f4ng ngh\u1ec7 cao d\u00e0nh ri\u00eang cho ng\u00e0nh c\u00f4ng nghi\u1ec7p qu\u1ea1t \u0111\u01b0\u1eddng h\u1ea7m nh\u00e0 m\u00e1y th\u1ee7y \u0111i\u1ec7n cho h\u1ec7 th\u1ed1ng th\u00f4ng gi\u00f3 \u0111\u01b0\u1eddng h\u1ea7m v\u00e0 c\u00f3 m\u1ed9t h\u1ec7 th\u1ed1ng qu\u1ea3n l\u00fd ch\u1ea5t l\u01b0\u1ee3ng ho\u00e0n ch\u1ec9nh v\u00e0 khoa h\u1ecdc. S\u1ef1 \u0111\u1ed5i m\u1edbi l\u00e0 ngu\u1ed3n th\u00e0nh c\u00f4ng, v\u00e0 s\u1ef1 tham gia t\u00edch c\u1ef1c l\u00e0 \u0111\u1ed9ng l\u1ef1c l\u1edbn nh\u1ea5t cho ph\u00e1t tri\u1ec3n b\u1ec1n v\u1eefng. Kh\u00e1ch h\u00e0ng ch\u1ecdn c\u00f4ng ty c\u1ee7a ch\u00fang t\u00f4i l\u00e0 \u0111\u1ec3 ch\u1ecdn chuy\u00ean nghi\u1ec7p, ch\u1ecdn c\u00f4ng ty c\u1ee7a ch\u00fang t\u00f4i l\u00e0 \u0111\u1ec3 ch\u1ecdn lo l\u1eafng, m\u1ee5c \u0111\u00edch c\u1ee7a ch\u00fang t\u00f4i l\u00e0 b\u1ea1n ch\u1ec9 n\u00f3i cho ch\u00fang t\u00f4i bi\u1ebft nhu c\u1ea7u c\u1ee7a b\u1ea1n, ch\u00fang t\u00f4i s\u1ebd ch\u0103m s\u00f3c ph\u1ea7n c\u00f2n l\u1ea1i cho b\u1ea1n.<\/p>\n<\/div>","protected":false},"excerpt":{"rendered":"<p>Qu\u1ea1t th\u00f4ng gi\u00f3 \u0111\u01b0\u1eddng h\u1ea7m SDS \u0111\u01b0\u1ee3c s\u1eed d\u1ee5ng cho h\u1ec7 th\u1ed1ng th\u00f4ng gi\u00f3 \u0111\u01b0\u1eddng h\u1ea7m, qu\u1ea1t \u0111\u01b0\u1ee3c l\u1eafp \u0111\u1eb7t treo tr\u00ean m\u00e1i nh\u00e0 tr\u00ean c\u00f9ng c\u1ee7a \u0111\u01b0\u1eddng h\u1ea7m ho\u1eb7c c\u1ea3 hai b\u00ean, kh\u00f4ng \u1ea3nh h\u01b0\u1edfng \u0111\u1ebfn giao th\u00f4ng, kh\u00f4ng c\u1ea7n x\u00e2y d\u1ef1ng c\u00e1ch th\u1ea3i.<\/p>","protected":false},"featured_media":1409,"comment_status":"open","ping_status":"closed","template":"","meta":{"_acf_changed":false},"product_brand":[],"product_cat":[28],"product_tag":[],"class_list":{"0":"post-1407","1":"product","2":"type-product","3":"status-publish","4":"has-post-thumbnail","6":"product_cat-underground-ventilation-systems","8":"first","9":"instock","10":"shipping-taxable","11":"product-type-simple"},"acf":[],"_links":{"self":[{"href":"https:\/\/www.zongdamining.com\/vi\/wp-json\/wp\/v2\/product\/1407","targetHints":{"allow":["GET"]}}],"collection":[{"href":"https:\/\/www.zongdamining.com\/vi\/wp-json\/wp\/v2\/product"}],"about":[{"href":"https:\/\/www.zongdamining.com\/vi\/wp-json\/wp\/v2\/types\/product"}],"replies":[{"embeddable":true,"href":"https:\/\/www.zongdamining.com\/vi\/wp-json\/wp\/v2\/comments?post=1407"}],"wp:featuredmedia":[{"embeddable":true,"href":"https:\/\/www.zongdamining.com\/vi\/wp-json\/wp\/v2\/media\/1409"}],"wp:attachment":[{"href":"https:\/\/www.zongdamining.com\/vi\/wp-json\/wp\/v2\/media?parent=1407"}],"wp:term":[{"taxonomy":"product_brand","embeddable":true,"href":"https:\/\/www.zongdamining.com\/vi\/wp-json\/wp\/v2\/product_brand?post=1407"},{"taxonomy":"product_cat","embeddable":true,"href":"https:\/\/www.zongdamining.com\/vi\/wp-json\/wp\/v2\/product_cat?post=1407"},{"taxonomy":"product_tag","embeddable":true,"href":"https:\/\/www.zongdamining.com\/vi\/wp-json\/wp\/v2\/product_tag?post=1407"}],"curies":[{"name":"WP","href":"https:\/\/api.w.org\/{rel}","templated":true}]}}