{"id":1439,"date":"2022-12-12T14:10:59","date_gmt":"2022-12-12T06:10:59","guid":{"rendered":"http:\/\/www.zongdamining.com\/?post_type=product&#038;p=1439"},"modified":"2025-03-17T11:50:51","modified_gmt":"2025-03-17T03:50:51","slug":"underground-mining-winch-mine-hoist-equipment","status":"publish","type":"product","link":"https:\/\/www.zongdamining.com\/vi\/product\/underground-mining-winch-mine-hoist-equipment\/","title":{"rendered":"Ng\u1ea7m m\u1ecf Winch m\u1ecf Thi\u1ebft b\u1ecb n\u00e2ng"},"content":{"rendered":"<p><img fetchpriority=\"high\" decoding=\"async\" class=\"alignnone wp-image-1304 size-full\" src=\"http:\/\/www.zongdamining.com\/wp-content\/uploads\/2022\/12\/underground-mining-scraper-winch00025053060.jpg\" alt=\"\" width=\"730\" height=\"730\" srcset=\"https:\/\/www.zongdamining.com\/wp-content\/uploads\/2022\/12\/underground-mining-scraper-winch00025053060.jpg 730w, https:\/\/www.zongdamining.com\/wp-content\/uploads\/2022\/12\/underground-mining-scraper-winch00025053060-300x300.jpg 300w, https:\/\/www.zongdamining.com\/wp-content\/uploads\/2022\/12\/underground-mining-scraper-winch00025053060-150x150.jpg 150w, https:\/\/www.zongdamining.com\/wp-content\/uploads\/2022\/12\/underground-mining-scraper-winch00025053060-600x600.jpg 600w, https:\/\/www.zongdamining.com\/wp-content\/uploads\/2022\/12\/underground-mining-scraper-winch00025053060-100x100.jpg 100w\" sizes=\"(max-width: 730px) 100vw, 730px\" \/><\/p>\n<p><strong>Ng\u1ea7m m\u1ecf Winch m\u1ecf Thi\u1ebft b\u1ecb n\u00e2ng<\/strong><\/p>\n<p>M\u00e1y cu\u1ed9n m\u1ecf ch\u1ee7 y\u1ebfu \u0111\u01b0\u1ee3c s\u1eed d\u1ee5ng tr\u00ean \u0111\u01b0\u1eddng \u0111\u01b0\u1eddng nghi\u00eang v\u00e0 tr\u1ee5c m\u1ecf than, m\u1ecf kim lo\u1ea1i v\u00e0 m\u1ecf phi kim lo\u1ea1i \u0111\u1ec3 n\u00e2ng v\u00e0 gi\u1ea3m nh\u00e2n s\u1ef1 v\u00e0 v\u1eadt li\u1ec7u.<\/p>\n<p><strong>T\u00ednh n\u0103ng v\u00e0 l\u1ee3i th\u1ebf<\/strong><\/p>\n<p>1. Kh\u1edbp n\u1ed1i \u0111\u00e0n h\u1ed3i<\/p>\n<p>a\u3001T\u1ea5t c\u1ea3 c\u1ea3i thi\u1ec7n lo\u1ea1i pin thanh nylon, v\u00e0 c\u00f3 h\u1ec7 th\u1ed1ng phanh ph\u1ee5 tr\u1ee3; b) L\u1ee3i th\u1ebf<\/p>\n<p>l\u1eafp r\u00e1p v\u00e0 l\u1eafp \u0111\u1eb7t: c\u00f3 ch\u1ee9c n\u0103ng \u0111\u1ec7m \u0111\u1ec3 gi\u1ea3m t\u00e1c h\u1ea1i c\u1ee7a \u0111\u1ed9ng c\u01a1.<\/p>\n<p>c\u3001L\u00e0m vi\u1ec7c tr\u01a1n tru;<\/p>\n<p>d\u3001Ng\u0103n ch\u1eb7n t\u1eeb inertia x\u1ea3y ra, tr\u00e1nh v\u00edt m\u1ea5t v\u00e0 b\u00e1nh r\u0103ng b\u1ecb h\u1ecfng.<\/p>\n<p>2. C\u1ea3i thi\u1ec7n tr\u1ea1m th\u1ee7y l\u1ef1c:<\/p>\n<p>a\u3001 phanh hai giai \u0111o\u1ea1n lo\u1ea1i nit\u01a1 l\u1ecfng;<\/p>\n<p>b\u3001T\u1ee5 t\u1ee5 c\u00f3 s\u1eb5n cho t\u00f9y ch\u1ecdn \u0111\u1ec3 ng\u0103n ch\u1eb7n nhi\u1ec7t \u0111\u1ed9 n\u00f3ng, \u0111\u1ea3m b\u1ea3o m\u1ed9t<\/p>\n<p>\u00e1p su\u1ea5t \u1ed5n \u0111\u1ecbnh;<\/p>\n<p>c\u3001D\u1ea7u-c\u00e1ch t\u1ea5t c\u1ea3 \u00e1p d\u1ee5ng \u1ed1ng \u00e1p su\u1ea5t cao ch\u1ed1ng 20 \u00e1p su\u1ea5t;<\/p>\n<p>d\u3001\u00c1p su\u1ea5t d\u1ea7u n\u1eb1m trong ph\u1ea1m vi gi\u00e1 tr\u1ecb x\u1ebfp h\u1ea1ng;<\/p>\n<p>e\u3001D\u1ec5 d\u00e0ng v\u00e0 thu\u1eadn ti\u1ec7n \u0111\u1ec3 th\u00e1o r\u1eddi, l\u1eafp \u0111\u1eb7t v\u00e0 b\u1ea3o tr\u00ec; f\u3001M\u1ee9c d\u1ea7u<\/p>\n<p>h\u1ec7 th\u1ed1ng gi\u00e1m s\u00e1t \u0111\u01b0\u1ee3c \u00e1p d\u1ee5ng tr\u00ean tr\u1ea1m th\u1ee7y l\u1ef1c.<\/p>\n<p>3. Ki\u1ec3m so\u00e1t \u0111i\u1ec7n<\/p>\n<p>a\u3001Ho\u00e0n to\u00e0n nh\u1eadn ra ho\u1ea1t \u0111\u1ed9ng t\u1ef1 \u0111\u1ed9ng, \u0111i\u1ec3m gi\u1ea3m t\u1ed1c \u0111\u01b0\u1ee3c \u0111\u01b0a v\u00e0o hi\u1ec7u l\u1ef1c theo<\/p>\n<p>\u0111\u1ebfn t\u00ecnh tr\u1ea1ng \u0111\u01b0\u1eddng, b\u00e3i \u0111\u1eadu xe tr\u01a1n tru, kh\u00f4ng c\u00f3 phanh \u0111\u00e2m x\u1ea3y ra.<\/p>\n<p>b\u3001H\u1ec7 th\u1ed1ng \u0111i\u1ec1u khi\u1ec3n \u0111i\u1ec7n t\u1ef1 s\u1ea3n xu\u1ea5t \u0111\u1ec1u \u0111\u1ebfn t\u1eeb Trung Qu\u1ed1c ch\u1ea5t l\u01b0\u1ee3ng cao<\/p>\n<p>s\u1ea3n ph\u1ea9m, \u1edf m\u1ee9c \u0111\u1ed9 t\u1ed1i \u0111a \u0111\u1ea3m b\u1ea3o hi\u1ec7u su\u1ea5t \u1ed5n \u0111\u1ecbnh, ch\u1ed1ng t\u1ea3i v\u00e0<\/p>\n<p>ch\u1ed1ng t\u00e1c \u0111\u1ed9ng c\u00f3 m\u1ed9t c\u1ea3i thi\u1ec7n \u0111\u00e1ng k\u1ec3.<\/p>\n<p>c\u3001M\u00e0n h\u00ecnh hi\u1ec3n th\u1ecb th\u00f4ng minh v\u1edbi h\u1ec7 th\u1ed1ng hi\u1ec3n th\u1ecb h\u1ec7 th\u1ed1ng l\u1ed7i \u0111\u1eb7c bi\u1ec7t.<\/p>\n<p>d, th\u1ef1c s\u1ef1 nh\u1eadn ra h\u1ec7 th\u1ed1ng b\u1ea3o v\u1ec7 10 c\u1ee7a n\u00e2ng k\u00e9o kh\u00f4ng c\u00f3 \u1ea3nh h\u01b0\u1edfng \u0111\u1ebfn<\/p>\n<p>ho\u1ea1t \u0111\u1ed9ng th\u1ef1c t\u1ebf c\u1ee7a m\u00e1y, c\u1ea3i thi\u1ec7n \u0111\u00e1ng k\u1ec3 m\u1ee5c ti\u00eau ho\u1ea1t \u0111\u1ed9ng an to\u00e0n c\u1ee7a m\u00e1y.<\/p>\n<p>e\u3001C\u00f4ng t\u1eafc \u0111i\u1ec1u h\u00e0nh \u00e1nh s\u00e1ng \u0111\u01b0\u1ee3c \u00e1p d\u1ee5ng t\u1ea1i mi\u1ec7ng m\u1ecf, \u0111\u1ed7 xe t\u1ea1i ch\u1ed7, r\u1ea5t<\/p>\n<p>ch\u00ednh x\u00e1c;<\/p>\n<p>f, So v\u1edbi c\u00f9ng m\u1ed9t ng\u00e0nh c\u00f4ng nghi\u1ec7p, d\u00e2y chuy\u1ec1n che ch\u1eafn ti\u00ean ti\u1ebfn c\u1ee7a ch\u00fang t\u00f4i c\u00f3 m\u1ed9t<\/p>\n<p>c\u1ea3i thi\u1ec7n \u0111\u00e1ng k\u1ec3 kh\u1ea3 n\u0103ng ch\u1ed1ng r\u1ed1i lo\u1ea1n, \u0111\u1ed3ng th\u1eddi s\u1ebd kh\u00f4ng<\/p>\n<p>l\u00e0m phi\u1ec1n h\u1ec7 th\u1ed1ng gi\u00e1m s\u00e1t c\u1ee7a t\u00f4i.<\/p>\n<p>g\u3001\u0110i\u1ec1u khi\u1ec3n \u0111i\u1ec7n c\u00f3 c\u1ea3 \u1ee9ng d\u1ee5ng ho\u1ea1t \u0111\u1ed9ng t\u1ef1 \u0111\u1ed9ng v\u00e0 th\u1ee7 c\u00f4ng, \u0111\u00f4i<\/p>\n<p>\u0110i\u1ec1u khi\u1ec3n PLC;<\/p>\n<p>h\u3001M\u00e1y bi\u1ebfn \u00e1p t\u1ea7n s\u1ed1 nh\u1eadn ra 1HZ chuy\u1ec3n-t\u1eaft tr\u00f4i.<\/p>\n<p>4. T\u1ea5t c\u1ea3 c\u00e1c s\u1ea3n ph\u1ea9m k\u00e9o n\u00e2ng c\u1ee7a ch\u00fang t\u00f4i \u0111\u1ec1u c\u00f3 datum ch\u00e2n tr\u1eddi, kh\u00f4ng c\u00f3 b\u01b0\u1edbc ch\u00e2n v\u00e0 h\u1ed1.<\/p>\n<p>5. T\u1ea5t c\u1ea3 c\u00e1c d\u00e2y v\u00e0 d\u00e2y d\u1ea7u \u0111\u01b0\u1ee3c \u1ea9n v\u1edbi m\u1ed9t v\u1ebb ngo\u00e0i g\u1ecdn g\u00e0ng v\u00e0 h\u00e0o ph\u00f3ng.<\/p>\n<p>6. Ti\u1ebfng \u1ed3n c\u1ee7a b\u1ed9 gi\u1ea3m \u0111\u01b0\u1ee3c gi\u1ea3m xu\u1ed1ng kho\u1ea3ng 70dB, kho\u1ea3ng c\u00e1ch gi\u1eefa r\u0103ng v\u00e0 r\u0103ng l\u00e0<\/p>\n<p>ki\u1ec3m so\u00e1t nghi\u00eam ng\u1eb7t l\u00e0 15 ~ 20, c\u0169ng c\u1ea3i thi\u1ec7n \u0111\u00e1ng k\u1ec3 \u0111\u00e3 \u0111\u01b0\u1ee3c th\u1ef1c hi\u1ec7n tr\u00ean<\/p>\n<p>thi\u1ebft l\u1eadp kh\u1ed1i v\u00e0 che r\u0103ng n\u1ed5i, kh\u00f4ng c\u00f3 ti\u1ec1m n\u0103ng tai n\u1ea1n.<\/p>\n<p>7. phanh lo\u1ea1i \u0111\u0129a \u00e1p d\u1ee5ng thi\u1ebft k\u1ebf c\u1ee7a Luokuang v\u00e0 ch\u00fang t\u00f4i \u0111\u00e3 c\u1ea3i thi\u1ec7n<\/p>\n<p>n\u00f3, v\u1edbi lo\u1ea1i \u0111\u0129a phanh \u0111\u0129a m\u00f9a xu\u00e2n h\u1ec7 th\u1ed1ng b\u1ea3o v\u1ec7 m\u1ec7t m\u1ecfi v\u00e0 kh\u1ed1i phanh<\/p>\n<p>h\u1ec7 th\u1ed1ng b\u1ea3o v\u1ec7 m\u1eb7c. Kh\u00f4ng r\u00f2 r\u1ec9 d\u1ea7u.<\/p>\n<p>8. Ch\u1ec9 s\u1ed1 chi\u1ec1u s\u00e2u t\u1ea5t c\u1ea3 th\u00f4ng qua k\u1ebft n\u1ed1i tr\u1ef1c ti\u1ebfp, c\u1ea5u tr\u00fac nh\u1ecf g\u1ecdn, thay th\u1ebf \u1ed5 \u0111\u0129a chu\u1ed7i.<\/p>\n<p>9. M\u1ed7i v\u1ecf b\u1ea3o v\u1ec7 \u0111\u1ec1u \u00e1p d\u1ee5ng k\u1ebft n\u1ed1i t\u00e1ch, d\u1ec5 d\u00e0ng l\u1eafp \u0111\u1eb7t,<\/p>\n<p>ng\u0103n ch\u1eb7n g\u00f5.<\/p>\n<p><strong>D\u1eef li\u1ec7u k\u1ef9 thu\u1eadt<\/strong><\/p>\n<table class=\"table\" style=\"width: 100%;\" border=\"0\" width=\"100%\" cellspacing=\"0\" cellpadding=\"0\">\n<tbody>\n<tr class=\"firstRow\">\n<td style=\"width: 8.10157%;\" width=\"51\">M\u00f4 h\u00ecnh<\/td>\n<td style=\"width: 23.4583%;\" colspan=\"3\" width=\"147\">Cu\u1ed9n d\u00e2y tr\u1ed1ng<\/td>\n<td style=\"width: 38.4522%;\" colspan=\"5\" width=\"236\">C\u00e1p d\u00e2y<\/td>\n<td style=\"width: 19.4679%;\" colspan=\"2\" width=\"123\">\u0110\u1ed9ng c\u01a1<\/td>\n<td style=\"width: 10.399%;\" width=\"66\">Tr\u1ecdng l\u01b0\u1ee3ng<\/td>\n<\/tr>\n<tr>\n<td style=\"width: 8.10157%;\" width=\"51\"><\/td>\n<td style=\"width: 6.89238%;\" width=\"43\">S\u1ed1 l\u01b0\u1ee3ng<\/td>\n<td style=\"width: 7.49698%;\" width=\"47\">Dia.  (mm)<\/td>\n<td style=\"width: 9.06892%;\" width=\"57\">Chi\u1ec1u r\u1ed9ng (mm)<\/td>\n<td style=\"width: 6.16687%;\" width=\"38\">K\u00e9o (kn)<\/td>\n<td style=\"width: 7.49698%;\" width=\"47\">D\u00e2y (kn)<\/td>\n<td style=\"width: 7.49698%;\" width=\"47\">\u0110\u01b0\u1eddng k\u00ednh (mm)<\/td>\n<td style=\"width: 7.49698%;\" width=\"47\">\u0110\u01b0\u1eddng k\u00ednh (mm)<\/td>\n<td style=\"width: 9.79444%;\" width=\"57\">Tr\u1ecdng l\u01b0\u1ee3ng (m \/ s)<\/td>\n<td style=\"width: 9.06892%;\" width=\"57\">S\u1ee9c m\u1ea1nh<br \/>\n(KW)<\/td>\n<td style=\"width: 10.399%;\" width=\"66\">Quay (rpm)<\/td>\n<td style=\"width: 10.399%;\" width=\"66\">Kh\u00f4ng c\u00f3 \u0111\u1ed9ng c\u01a1 \/ \u0111i\u1ec1u khi\u1ec3n<\/td>\n<\/tr>\n<tr>\n<td style=\"width: 8.10157%;\" rowspan=\"2\" width=\"51\">ZDJT-0.8<\/td>\n<td style=\"width: 6.89238%;\" rowspan=\"2\" width=\"43\">1<\/td>\n<td style=\"width: 7.49698%;\" rowspan=\"2\" width=\"47\">800<\/td>\n<td style=\"width: 9.06892%;\" rowspan=\"2\" width=\"57\">600<\/td>\n<td style=\"width: 6.16687%;\" rowspan=\"2\" width=\"38\">15<\/td>\n<td style=\"width: 7.49698%;\" rowspan=\"2\" width=\"47\">15<\/td>\n<td style=\"width: 7.49698%;\" rowspan=\"2\" width=\"47\">16<\/td>\n<td style=\"width: 7.49698%;\" rowspan=\"2\" width=\"47\">480<\/td>\n<td style=\"width: 9.79444%;\" width=\"57\">1<\/td>\n<td style=\"width: 9.06892%;\" width=\"57\">22<\/td>\n<td style=\"width: 10.399%;\" width=\"66\">730<\/td>\n<td style=\"width: 10.399%;\" rowspan=\"2\" width=\"66\">2195 kg<\/td>\n<\/tr>\n<tr>\n<td style=\"width: 9.79444%;\" width=\"57\">1.35<\/td>\n<td style=\"width: 9.06892%;\" width=\"57\">30<\/td>\n<td style=\"width: 10.399%;\" width=\"66\">960<\/td>\n<\/tr>\n<\/tbody>\n<\/table>\n<p><img decoding=\"async\" class=\"alignnone wp-image-1302 size-full\" src=\"http:\/\/www.zongdamining.com\/wp-content\/uploads\/2022\/12\/202005260901078eb89ff0ef8543c7a88e07770de49c4f.jpg\" alt=\"\" width=\"750\" height=\"750\" srcset=\"https:\/\/www.zongdamining.com\/wp-content\/uploads\/2022\/12\/202005260901078eb89ff0ef8543c7a88e07770de49c4f.jpg 750w, https:\/\/www.zongdamining.com\/wp-content\/uploads\/2022\/12\/202005260901078eb89ff0ef8543c7a88e07770de49c4f-300x300.jpg 300w, https:\/\/www.zongdamining.com\/wp-content\/uploads\/2022\/12\/202005260901078eb89ff0ef8543c7a88e07770de49c4f-150x150.jpg 150w, https:\/\/www.zongdamining.com\/wp-content\/uploads\/2022\/12\/202005260901078eb89ff0ef8543c7a88e07770de49c4f-600x600.jpg 600w, https:\/\/www.zongdamining.com\/wp-content\/uploads\/2022\/12\/202005260901078eb89ff0ef8543c7a88e07770de49c4f-100x100.jpg 100w\" sizes=\"(max-width: 750px) 100vw, 750px\" \/><\/p>","protected":false},"excerpt":{"rendered":"<p>M\u00e1y cu\u1ed9n m\u1ecf ch\u1ee7 y\u1ebfu \u0111\u01b0\u1ee3c s\u1eed d\u1ee5ng tr\u00ean \u0111\u01b0\u1eddng \u0111\u01b0\u1eddng nghi\u00eang v\u00e0 tr\u1ee5c m\u1ecf than, m\u1ecf kim lo\u1ea1i v\u00e0 m\u1ecf phi kim lo\u1ea1i \u0111\u1ec3 n\u00e2ng v\u00e0 gi\u1ea3m nh\u00e2n s\u1ef1 v\u00e0 v\u1eadt li\u1ec7u.<\/p>","protected":false},"featured_media":1302,"comment_status":"open","ping_status":"closed","template":"","meta":{"_acf_changed":false},"product_brand":[],"product_cat":[29],"product_tag":[],"class_list":{"0":"post-1439","1":"product","2":"type-product","3":"status-publish","4":"has-post-thumbnail","6":"product_cat-underground-hoisting-system","8":"first","9":"instock","10":"shipping-taxable","11":"product-type-simple"},"acf":[],"_links":{"self":[{"href":"https:\/\/www.zongdamining.com\/vi\/wp-json\/wp\/v2\/product\/1439","targetHints":{"allow":["GET"]}}],"collection":[{"href":"https:\/\/www.zongdamining.com\/vi\/wp-json\/wp\/v2\/product"}],"about":[{"href":"https:\/\/www.zongdamining.com\/vi\/wp-json\/wp\/v2\/types\/product"}],"replies":[{"embeddable":true,"href":"https:\/\/www.zongdamining.com\/vi\/wp-json\/wp\/v2\/comments?post=1439"}],"wp:featuredmedia":[{"embeddable":true,"href":"https:\/\/www.zongdamining.com\/vi\/wp-json\/wp\/v2\/media\/1302"}],"wp:attachment":[{"href":"https:\/\/www.zongdamining.com\/vi\/wp-json\/wp\/v2\/media?parent=1439"}],"wp:term":[{"taxonomy":"product_brand","embeddable":true,"href":"https:\/\/www.zongdamining.com\/vi\/wp-json\/wp\/v2\/product_brand?post=1439"},{"taxonomy":"product_cat","embeddable":true,"href":"https:\/\/www.zongdamining.com\/vi\/wp-json\/wp\/v2\/product_cat?post=1439"},{"taxonomy":"product_tag","embeddable":true,"href":"https:\/\/www.zongdamining.com\/vi\/wp-json\/wp\/v2\/product_tag?post=1439"}],"curies":[{"name":"WP","href":"https:\/\/api.w.org\/{rel}","templated":true}]}}