{"id":1450,"date":"2022-12-12T14:16:36","date_gmt":"2022-12-12T06:16:36","guid":{"rendered":"http:\/\/www.zongdamining.com\/?post_type=product&#038;p=1450"},"modified":"2022-12-12T14:16:36","modified_gmt":"2022-12-12T06:16:36","slug":"underground-mining-truck","status":"publish","type":"product","link":"https:\/\/www.zongdamining.com\/vi\/product\/underground-mining-truck\/","title":{"rendered":"Xe t\u1ea3i khai th\u00e1c m\u1ecf ng\u1ea7m"},"content":{"rendered":"<p><img fetchpriority=\"high\" decoding=\"async\" class=\"alignnone wp-image-1452 size-full\" src=\"http:\/\/www.zongdamining.com\/wp-content\/uploads\/2022\/12\/underground-mining-truck38174625834.jpg\" alt=\"\" width=\"730\" height=\"730\" srcset=\"https:\/\/www.zongdamining.com\/wp-content\/uploads\/2022\/12\/underground-mining-truck38174625834.jpg 730w, https:\/\/www.zongdamining.com\/wp-content\/uploads\/2022\/12\/underground-mining-truck38174625834-300x300.jpg 300w, https:\/\/www.zongdamining.com\/wp-content\/uploads\/2022\/12\/underground-mining-truck38174625834-150x150.jpg 150w, https:\/\/www.zongdamining.com\/wp-content\/uploads\/2022\/12\/underground-mining-truck38174625834-600x600.jpg 600w, https:\/\/www.zongdamining.com\/wp-content\/uploads\/2022\/12\/underground-mining-truck38174625834-100x100.jpg 100w\" sizes=\"(max-width: 730px) 100vw, 730px\" \/><\/p>\n<p><strong>T\u00ednh n\u0103ng<\/strong><\/p>\n<p>T\u1ea3i tr\u1ecdng \u0111\u1ecbnh m\u1ee9c 20t, th\u00edch h\u1ee3p cho \u0111\u01b0\u1eddng h\u1ea7m \u22654.5 \u00d7 4.5m<\/p>\n<p><img decoding=\"async\" class=\"alignnone wp-image-1454 size-full\" src=\"http:\/\/www.zongdamining.com\/wp-content\/uploads\/2022\/12\/underground-mining-truck38177552547.jpg\" alt=\"\" width=\"730\" height=\"730\" srcset=\"https:\/\/www.zongdamining.com\/wp-content\/uploads\/2022\/12\/underground-mining-truck38177552547.jpg 730w, https:\/\/www.zongdamining.com\/wp-content\/uploads\/2022\/12\/underground-mining-truck38177552547-300x300.jpg 300w, https:\/\/www.zongdamining.com\/wp-content\/uploads\/2022\/12\/underground-mining-truck38177552547-150x150.jpg 150w, https:\/\/www.zongdamining.com\/wp-content\/uploads\/2022\/12\/underground-mining-truck38177552547-600x600.jpg 600w, https:\/\/www.zongdamining.com\/wp-content\/uploads\/2022\/12\/underground-mining-truck38177552547-100x100.jpg 100w\" sizes=\"(max-width: 730px) 100vw, 730px\" \/><\/p>\n<p>Ch\u1ea5p nh\u1eadn khung kh\u1edbp n\u1ed1i trung t\u00e2m<\/p>\n<p>N\u00e2ng xi lanh \u0111\u00f4i cho x\u00f4<\/p>\n<p>Xe \u00e1p d\u1ee5ng h\u1ec7 th\u1ed1ng \u0111i\u1ec1u khi\u1ec3n th\u1ee7y l\u1ef1c \u0111\u1ea7y \u0111\u1ee7, \u0111\u1ea3m b\u1ea3o an to\u00e0n, tho\u1ea3i m\u00e1i v\u00e0 b\u1ec1n c\u1ee7a \u0111i\u1ec1u khi\u1ec3n.<\/p>\n<p><strong>D\u1eef li\u1ec7u k\u1ef9 thu\u1eadt<\/strong><\/p>\n<p>&nbsp;<\/p>\n<table class=\"table\" border=\"0\" width=\"100%\" cellspacing=\"0\" cellpadding=\"0\">\n<tbody>\n<tr class=\"firstRow\">\n<td width=\"177\">K\u00edch th\u01b0\u1edbc<\/td>\n<td width=\"439\">9050\uff08\u00b1100\uff09mm\u00d72280\uff08\u00b150\uff09mm\u00d72400\uff08\u00b150\uff09mm<\/td>\n<\/tr>\n<tr>\n<td width=\"177\">\u0110\u1ed9ng c\u01a1<\/td>\n<td width=\"439\">DEUTZ F12L413FW \/ 204kW (VOLVO TAD853VE \/ 235KW t\u00f9y ch\u1ecdn)<\/td>\n<\/tr>\n<tr>\n<td width=\"177\">B\u1ed9 chuy\u1ec3n \u0111\u1ed5i m\u00f4-men xo\u1eafn<\/td>\n<td width=\"439\">\u0110i\u1ec7n \u00edch c\u1ee7a DANA C5000<\/td>\n<\/tr>\n<tr>\n<td width=\"177\">Truy\u1ec1n t\u1ea3i<\/td>\n<td width=\"439\">\u0110i\u1ec7n tho\u1ea1i DANA R36000<\/td>\n<\/tr>\n<\/tbody>\n<\/table>\n<p>&nbsp;<\/p>\n<table class=\"table\" style=\"width: 100%;\" border=\"0\" width=\"100%\" cellspacing=\"0\" cellpadding=\"0\">\n<tbody>\n<tr class=\"firstRow\">\n<td style=\"width: 27.8114%;\" width=\"168\">Tr\u1ee5c l\u00e1i xe<\/td>\n<td style=\"width: 71.9468%;\" width=\"437\">KESSLER \u0110\u1ee9c<\/td>\n<\/tr>\n<tr>\n<td style=\"width: 27.8114%;\" width=\"168\">H\u1ed9p<\/td>\n<td style=\"width: 71.9468%;\" width=\"437\">10m\u00b3<\/td>\n<\/tr>\n<tr>\n<td style=\"width: 27.8114%;\" width=\"168\">T\u1ea3i tr\u1ecdng \u0111\u1ecbnh m\u1ee9c<\/td>\n<td style=\"width: 71.9468%;\" width=\"437\">20 t\u1ea5n<\/td>\n<\/tr>\n<tr>\n<td style=\"width: 27.8114%;\" width=\"168\">T\u1ea3i tr\u1ecdng l\u01b0\u1ee3ng<\/td>\n<td style=\"width: 71.9468%;\" width=\"437\">20.8t<\/td>\n<\/tr>\n<tr>\n<td style=\"width: 27.8114%;\" width=\"168\">Kh\u1ea3 n\u0103ng leo n\u00fai<\/td>\n<td style=\"width: 71.9468%;\" width=\"437\">15\u00b0<\/td>\n<\/tr>\n<tr>\n<td style=\"width: 27.8114%;\" width=\"168\">Min.Ground thanh to\u00e1n<\/td>\n<td style=\"width: 71.9468%;\" width=\"437\">340mm<\/td>\n<\/tr>\n<tr>\n<td style=\"width: 27.8114%;\" width=\"168\">T\u1ed1c \u0111\u1ed9<\/td>\n<td style=\"width: 71.9468%;\" width=\"437\">0-30.9km\/h<\/td>\n<\/tr>\n<tr>\n<td style=\"width: 27.8114%;\" width=\"168\">Quay g\u00f3c<\/td>\n<td style=\"width: 71.9468%;\" width=\"437\">\u00b142\u00b0<\/td>\n<\/tr>\n<tr>\n<td style=\"width: 27.8114%;\" width=\"168\">G\u00f3c chung<\/td>\n<td style=\"width: 71.9468%;\" width=\"437\">\u00b18\u00b0<\/td>\n<\/tr>\n<tr>\n<td style=\"width: 27.8114%;\" rowspan=\"3\" width=\"168\">B\u00e1n k\u00ednh l\u00e1i t\u1ed1i thi\u1ec3u<\/td>\n<td style=\"width: 71.9468%;\" width=\"437\">5105 (\u00b1 50) mm (b\u00ean trong)<\/td>\n<\/tr>\n<tr>\n<td style=\"width: 71.9468%;\" colspan=\"1\" rowspan=\"2\" width=\"437\">8275 (\u00b1 50) mm (b\u00ean ngo\u00e0i)<\/td>\n<\/tr>\n<\/tbody>\n<\/table>\n<p><img decoding=\"async\" class=\"alignnone wp-image-1455 size-full\" src=\"http:\/\/www.zongdamining.com\/wp-content\/uploads\/2022\/12\/underground-mining-truck31059989942.jpg\" alt=\"\" width=\"730\" height=\"730\" srcset=\"https:\/\/www.zongdamining.com\/wp-content\/uploads\/2022\/12\/underground-mining-truck31059989942.jpg 730w, https:\/\/www.zongdamining.com\/wp-content\/uploads\/2022\/12\/underground-mining-truck31059989942-300x300.jpg 300w, https:\/\/www.zongdamining.com\/wp-content\/uploads\/2022\/12\/underground-mining-truck31059989942-150x150.jpg 150w, https:\/\/www.zongdamining.com\/wp-content\/uploads\/2022\/12\/underground-mining-truck31059989942-600x600.jpg 600w, https:\/\/www.zongdamining.com\/wp-content\/uploads\/2022\/12\/underground-mining-truck31059989942-100x100.jpg 100w\" sizes=\"(max-width: 730px) 100vw, 730px\" \/><\/p>","protected":false},"excerpt":{"rendered":"<p>Xe \u00e1p d\u1ee5ng h\u1ec7 th\u1ed1ng \u0111i\u1ec1u khi\u1ec3n th\u1ee7y l\u1ef1c \u0111\u1ea7y \u0111\u1ee7, \u0111\u1ea3m b\u1ea3o an to\u00e0n, tho\u1ea3i m\u00e1i v\u00e0 b\u1ec1n c\u1ee7a \u0111i\u1ec1u khi\u1ec3n.<\/p>","protected":false},"featured_media":1455,"comment_status":"open","ping_status":"closed","template":"","meta":{"_acf_changed":false},"product_brand":[],"product_cat":[15],"product_tag":[],"class_list":{"0":"post-1450","1":"product","2":"type-product","3":"status-publish","4":"has-post-thumbnail","6":"product_cat-trackless-mining-equipment","8":"first","9":"instock","10":"shipping-taxable","11":"product-type-simple"},"acf":[],"_links":{"self":[{"href":"https:\/\/www.zongdamining.com\/vi\/wp-json\/wp\/v2\/product\/1450","targetHints":{"allow":["GET"]}}],"collection":[{"href":"https:\/\/www.zongdamining.com\/vi\/wp-json\/wp\/v2\/product"}],"about":[{"href":"https:\/\/www.zongdamining.com\/vi\/wp-json\/wp\/v2\/types\/product"}],"replies":[{"embeddable":true,"href":"https:\/\/www.zongdamining.com\/vi\/wp-json\/wp\/v2\/comments?post=1450"}],"wp:featuredmedia":[{"embeddable":true,"href":"https:\/\/www.zongdamining.com\/vi\/wp-json\/wp\/v2\/media\/1455"}],"wp:attachment":[{"href":"https:\/\/www.zongdamining.com\/vi\/wp-json\/wp\/v2\/media?parent=1450"}],"wp:term":[{"taxonomy":"product_brand","embeddable":true,"href":"https:\/\/www.zongdamining.com\/vi\/wp-json\/wp\/v2\/product_brand?post=1450"},{"taxonomy":"product_cat","embeddable":true,"href":"https:\/\/www.zongdamining.com\/vi\/wp-json\/wp\/v2\/product_cat?post=1450"},{"taxonomy":"product_tag","embeddable":true,"href":"https:\/\/www.zongdamining.com\/vi\/wp-json\/wp\/v2\/product_tag?post=1450"}],"curies":[{"name":"WP","href":"https:\/\/api.w.org\/{rel}","templated":true}]}}