{"id":1456,"date":"2022-12-12T14:18:21","date_gmt":"2022-12-12T06:18:21","guid":{"rendered":"http:\/\/www.zongdamining.com\/?post_type=product&#038;p=1456"},"modified":"2026-01-27T09:53:53","modified_gmt":"2026-01-27T01:53:53","slug":"factory-of-underground-mining-dump-truck-with-competitive-price","status":"publish","type":"product","link":"https:\/\/www.zongdamining.com\/vi\/product\/factory-of-underground-mining-dump-truck-with-competitive-price\/","title":{"rendered":"Nh\u00e0 m\u00e1y xe t\u1ea3i m\u1ecf ng\u1ea7m v\u1edbi gi\u00e1 c\u1ea1nh tranh"},"content":{"rendered":"<div>\n<p>Ch\u00fang t\u00f4i lu\u00f4n c\u00f3 th\u1ec3 l\u00e0m h\u00e0i l\u00f2ng kh\u00e1ch h\u00e0ng \u0111\u01b0\u1ee3c t\u00f4n tr\u1ecdng c\u1ee7a ch\u00fang t\u00f4i v\u1edbi ch\u1ea5t l\u01b0\u1ee3ng t\u1ed1t, gi\u00e1 t\u1ed1t v\u00e0 d\u1ecbch v\u1ee5 t\u1ed1t c\u1ee7a ch\u00fang t\u00f4i do ch\u00fang t\u00f4i chuy\u00ean nghi\u1ec7p h\u01a1n v\u00e0 l\u00e0m vi\u1ec7c ch\u0103m ch\u1ec9 h\u01a1n v\u00e0 l\u00e0m \u0111i\u1ec1u \u0111\u00f3 theo c\u00e1ch hi\u1ec7u qu\u1ea3 v\u1ec1 chi ph\u00ed cho M\u00e1y kh\u00e1m ph\u00e1 ng\u1ea7m, Xe t\u1ea3i ng\u1ea7m, M\u00e1y t\u1ea3i khai th\u00e1c than ng\u1ea7m . M\u1ee9c \u0111\u1ed9 k\u1ef9 thu\u1eadt v\u00e0 \u0111\u1ea3m b\u1ea3o ch\u1ea5t l\u01b0\u1ee3ng c\u1ee7a ch\u00fang t\u00f4i cho ph\u00e9p s\u1ea3n ph\u1ea9m c\u1ee7a ch\u00fang t\u00f4i li\u00ean t\u1ee5c gi\u00e0nh \u0111\u01b0\u1ee3c s\u1ef1 tin t\u01b0\u1edfng v\u00e0 \u01b0u \u0111\u00e3i c\u1ee7a kh\u00e1ch h\u00e0ng n\u01b0\u1edbc ngo\u00e0i. Ch\u00fang t\u00f4i mong ch\u1edd \u0111\u1ebfn th\u0103m c\u1ee7a b\u1ea1n.<\/p>\n<\/div>\n<div>\n<p><img fetchpriority=\"high\" decoding=\"async\" class=\"alignnone wp-image-1453 size-full\" src=\"http:\/\/www.zongdamining.com\/wp-content\/uploads\/2022\/12\/underground-mining-truck38176055494.jpg\" alt=\"\" width=\"730\" height=\"730\" srcset=\"https:\/\/www.zongdamining.com\/wp-content\/uploads\/2022\/12\/underground-mining-truck38176055494.jpg 730w, https:\/\/www.zongdamining.com\/wp-content\/uploads\/2022\/12\/underground-mining-truck38176055494-300x300.jpg 300w, https:\/\/www.zongdamining.com\/wp-content\/uploads\/2022\/12\/underground-mining-truck38176055494-150x150.jpg 150w, https:\/\/www.zongdamining.com\/wp-content\/uploads\/2022\/12\/underground-mining-truck38176055494-600x600.jpg 600w, https:\/\/www.zongdamining.com\/wp-content\/uploads\/2022\/12\/underground-mining-truck38176055494-100x100.jpg 100w\" sizes=\"(max-width: 730px) 100vw, 730px\" \/><\/p>\n<p><strong>T\u00ednh n\u0103ng<\/strong><\/p>\n<p>T\u1ea3i tr\u1ecdng \u0111\u1ecbnh m\u1ee9c 20t, th\u00edch h\u1ee3p cho \u0111\u01b0\u1eddng h\u1ea7m \u22654.5 \u00d7 4.5m<\/p>\n<p><img decoding=\"async\" class=\"alignnone wp-image-1454 size-full\" src=\"http:\/\/www.zongdamining.com\/wp-content\/uploads\/2022\/12\/underground-mining-truck38177552547.jpg\" alt=\"\" width=\"730\" height=\"730\" srcset=\"https:\/\/www.zongdamining.com\/wp-content\/uploads\/2022\/12\/underground-mining-truck38177552547.jpg 730w, https:\/\/www.zongdamining.com\/wp-content\/uploads\/2022\/12\/underground-mining-truck38177552547-300x300.jpg 300w, https:\/\/www.zongdamining.com\/wp-content\/uploads\/2022\/12\/underground-mining-truck38177552547-150x150.jpg 150w, https:\/\/www.zongdamining.com\/wp-content\/uploads\/2022\/12\/underground-mining-truck38177552547-600x600.jpg 600w, https:\/\/www.zongdamining.com\/wp-content\/uploads\/2022\/12\/underground-mining-truck38177552547-100x100.jpg 100w\" sizes=\"(max-width: 730px) 100vw, 730px\" \/><\/p>\n<p>Ch\u1ea5p nh\u1eadn khung kh\u1edbp n\u1ed1i trung t\u00e2m<\/p>\n<p>N\u00e2ng xi lanh \u0111\u00f4i cho x\u00f4<\/p>\n<p>Xe \u00e1p d\u1ee5ng h\u1ec7 th\u1ed1ng \u0111i\u1ec1u khi\u1ec3n th\u1ee7y l\u1ef1c \u0111\u1ea7y \u0111\u1ee7, \u0111\u1ea3m b\u1ea3o an to\u00e0n, tho\u1ea3i m\u00e1i v\u00e0 b\u1ec1n c\u1ee7a \u0111i\u1ec1u khi\u1ec3n.<\/p>\n<p><strong>D\u1eef li\u1ec7u k\u1ef9 thu\u1eadt<\/strong><\/p>\n<p>&nbsp;<\/p>\n<table class=\"table\" border=\"0\" width=\"100%\" cellspacing=\"0\" cellpadding=\"0\">\n<tbody>\n<tr class=\"firstRow\">\n<td width=\"177\">K\u00edch th\u01b0\u1edbc<\/td>\n<td width=\"439\">9050\uff08\u00b1100\uff09mm\u00d72280\uff08\u00b150\uff09mm\u00d72400\uff08\u00b150\uff09mm<\/td>\n<\/tr>\n<tr>\n<td width=\"177\">\u0110\u1ed9ng c\u01a1<\/td>\n<td width=\"439\">DEUTZ F12L413FW \/ 204kW (VOLVO TAD853VE \/ 235KW t\u00f9y ch\u1ecdn)<\/td>\n<\/tr>\n<tr>\n<td width=\"177\">B\u1ed9 chuy\u1ec3n \u0111\u1ed5i m\u00f4-men xo\u1eafn<\/td>\n<td width=\"439\">\u0110i\u1ec7n \u00edch c\u1ee7a DANA C5000<\/td>\n<\/tr>\n<tr>\n<td width=\"177\">Truy\u1ec1n t\u1ea3i<\/td>\n<td width=\"439\">\u0110i\u1ec7n tho\u1ea1i DANA R36000<\/td>\n<\/tr>\n<\/tbody>\n<\/table>\n<p>&nbsp;<\/p>\n<table class=\"table\" border=\"0\" width=\"100%\" cellspacing=\"0\" cellpadding=\"0\">\n<tbody>\n<tr class=\"firstRow\">\n<td width=\"168\">Tr\u1ee5c l\u00e1i xe<\/td>\n<td width=\"437\">KESSLER \u0110\u1ee9c<\/td>\n<\/tr>\n<tr>\n<td width=\"168\">H\u1ed9p<\/td>\n<td width=\"437\">10m\u00b3<\/td>\n<\/tr>\n<tr>\n<td width=\"168\">T\u1ea3i tr\u1ecdng \u0111\u1ecbnh m\u1ee9c<\/td>\n<td width=\"437\">20 t\u1ea5n<\/td>\n<\/tr>\n<tr>\n<td width=\"168\">T\u1ea3i tr\u1ecdng l\u01b0\u1ee3ng<\/td>\n<td width=\"437\">20.8t<\/td>\n<\/tr>\n<tr>\n<td width=\"168\">Kh\u1ea3 n\u0103ng leo n\u00fai<\/td>\n<td width=\"437\">15\u00b0<\/td>\n<\/tr>\n<tr>\n<td width=\"168\">Min.Ground thanh to\u00e1n<\/td>\n<td width=\"437\">340mm<\/td>\n<\/tr>\n<tr>\n<td width=\"168\">T\u1ed1c \u0111\u1ed9<\/td>\n<td width=\"437\">0-30.9km\/h<\/td>\n<\/tr>\n<tr>\n<td width=\"168\">Quay g\u00f3c<\/td>\n<td width=\"437\">\u00b142\u00b0<\/td>\n<\/tr>\n<tr>\n<td width=\"168\">G\u00f3c chung<\/td>\n<td width=\"437\">\u00b18\u00b0<\/td>\n<\/tr>\n<tr>\n<td rowspan=\"3\" width=\"168\">B\u00e1n k\u00ednh l\u00e1i t\u1ed1i thi\u1ec3u<\/td>\n<td width=\"437\">5105 (\u00b1 50) mm (b\u00ean trong)<\/td>\n<\/tr>\n<tr>\n<td colspan=\"1\" rowspan=\"2\" width=\"437\">8275 (\u00b1 50) mm (b\u00ean ngo\u00e0i)<\/td>\n<\/tr>\n<\/tbody>\n<\/table>\n<p><img decoding=\"async\" class=\"alignnone wp-image-1455 size-full\" src=\"http:\/\/www.zongdamining.com\/wp-content\/uploads\/2022\/12\/underground-mining-truck31059989942.jpg\" alt=\"\" width=\"730\" height=\"730\" srcset=\"https:\/\/www.zongdamining.com\/wp-content\/uploads\/2022\/12\/underground-mining-truck31059989942.jpg 730w, https:\/\/www.zongdamining.com\/wp-content\/uploads\/2022\/12\/underground-mining-truck31059989942-300x300.jpg 300w, https:\/\/www.zongdamining.com\/wp-content\/uploads\/2022\/12\/underground-mining-truck31059989942-150x150.jpg 150w, https:\/\/www.zongdamining.com\/wp-content\/uploads\/2022\/12\/underground-mining-truck31059989942-600x600.jpg 600w, https:\/\/www.zongdamining.com\/wp-content\/uploads\/2022\/12\/underground-mining-truck31059989942-100x100.jpg 100w\" sizes=\"(max-width: 730px) 100vw, 730px\" \/><\/p>\n<\/div>\n<div><\/div>\n<div>\n<p>Ti\u1ebfn b\u1ed9 c\u1ee7a ch\u00fang t\u00f4i ph\u1ee5 thu\u1ed9c v\u00e0o c\u00e1c m\u00e1y s\u00e1ng t\u1ea1o, t\u00e0i n\u0103ng tuy\u1ec7t v\u1eddi v\u00e0 l\u1ef1c l\u01b0\u1ee3ng c\u00f4ng ngh\u1ec7 \u0111\u01b0\u1ee3c t\u0103ng c\u01b0\u1eddng li\u00ean t\u1ee5c cho Nh\u00e0 m\u00e1y Xe t\u1ea3i \u0111\u1ed5 m\u1ecf ng\u1ea7m v\u1edbi gi\u00e1 c\u1ea1nh tranh. M\u1ee5c ti\u00eau c\u1ee7a ch\u00fang t\u00f4i l\u00e0 n\u1ed7 l\u1ef1c \u0111\u1ec3 \u0111\u1ea1t \u0111\u01b0\u1ee3c c\u1ea3i thi\u1ec7n \u1ed5n \u0111\u1ecbnh ch\u1ea5t l\u01b0\u1ee3ng s\u1ea3n ph\u1ea9m v\u1edbi gi\u00e1 c\u1ea3 c\u1ea1nh tranh \u0111\u1ec3 cung c\u1ea5p n\u00f3 k\u1ecbp th\u1eddi v\u00e0 \u0111\u00e1ng tin c\u1eady \u0111\u1ea3m b\u1ea3o kh\u00e1ch h\u00e0ng&#8217; s\u1ef1 h\u00e0i l\u00f2ng v\u1edbi d\u1ecbch v\u1ee5. V\u1edbi danh ti\u1ebfng t\u1ed1t v\u00e0 d\u1ecbch v\u1ee5 chuy\u00ean d\u1ee5ng, ch\u00fang t\u00f4i \u0111\u00e3 gi\u00e0nh \u0111\u01b0\u1ee3c s\u1ef1 c\u00f4ng nh\u1eadn v\u00e0 khen ng\u1ee3i nh\u1ea5t tr\u00ed t\u1eeb ng\u01b0\u1eddi d\u00f9ng.<\/p>\n<\/div>","protected":false},"excerpt":{"rendered":"<p>Xe \u00e1p d\u1ee5ng h\u1ec7 th\u1ed1ng \u0111i\u1ec1u khi\u1ec3n th\u1ee7y l\u1ef1c \u0111\u1ea7y \u0111\u1ee7, \u0111\u1ea3m b\u1ea3o an to\u00e0n, tho\u1ea3i m\u00e1i v\u00e0 b\u1ec1n c\u1ee7a \u0111i\u1ec1u khi\u1ec3n.<\/p>","protected":false},"featured_media":1455,"comment_status":"open","ping_status":"closed","template":"","meta":{"_acf_changed":false},"product_brand":[],"product_cat":[15],"product_tag":[],"class_list":{"0":"post-1456","1":"product","2":"type-product","3":"status-publish","4":"has-post-thumbnail","6":"product_cat-trackless-mining-equipment","8":"first","9":"instock","10":"shipping-taxable","11":"product-type-simple"},"acf":[],"_links":{"self":[{"href":"https:\/\/www.zongdamining.com\/vi\/wp-json\/wp\/v2\/product\/1456","targetHints":{"allow":["GET"]}}],"collection":[{"href":"https:\/\/www.zongdamining.com\/vi\/wp-json\/wp\/v2\/product"}],"about":[{"href":"https:\/\/www.zongdamining.com\/vi\/wp-json\/wp\/v2\/types\/product"}],"replies":[{"embeddable":true,"href":"https:\/\/www.zongdamining.com\/vi\/wp-json\/wp\/v2\/comments?post=1456"}],"wp:featuredmedia":[{"embeddable":true,"href":"https:\/\/www.zongdamining.com\/vi\/wp-json\/wp\/v2\/media\/1455"}],"wp:attachment":[{"href":"https:\/\/www.zongdamining.com\/vi\/wp-json\/wp\/v2\/media?parent=1456"}],"wp:term":[{"taxonomy":"product_brand","embeddable":true,"href":"https:\/\/www.zongdamining.com\/vi\/wp-json\/wp\/v2\/product_brand?post=1456"},{"taxonomy":"product_cat","embeddable":true,"href":"https:\/\/www.zongdamining.com\/vi\/wp-json\/wp\/v2\/product_cat?post=1456"},{"taxonomy":"product_tag","embeddable":true,"href":"https:\/\/www.zongdamining.com\/vi\/wp-json\/wp\/v2\/product_tag?post=1456"}],"curies":[{"name":"WP","href":"https:\/\/api.w.org\/{rel}","templated":true}]}}