{"id":1471,"date":"2022-12-12T14:37:51","date_gmt":"2022-12-12T06:37:51","guid":{"rendered":"http:\/\/www.zongdamining.com\/?post_type=product&#038;p=1471"},"modified":"2023-01-29T16:45:12","modified_gmt":"2023-01-29T08:45:12","slug":"3t-trolley-electric-locomotive-overhead-line-mining-locomotive","status":"publish","type":"product","link":"https:\/\/www.zongdamining.com\/vi\/product\/3t-trolley-electric-locomotive-overhead-line-mining-locomotive\/","title":{"rendered":"Xe \u0111\u1ea9y 3t \u0110\u1ed9ng c\u01a1 \u0111i\u1ec7n, \u0110\u1ed9ng c\u01a1 khai th\u00e1c m\u1ecf tr\u00ean \u0111\u01b0\u1eddng"},"content":{"rendered":"<p>M\u1ee5c ti\u00eau c\u1ee7a ch\u00fang t\u00f4i l\u00e0 c\u1ee7ng c\u1ed1 v\u00e0 n\u00e2ng cao ch\u1ea5t l\u01b0\u1ee3ng v\u00e0 d\u1ecbch v\u1ee5 h\u00e0ng h\u00f3a hi\u1ec7n t\u1ea1i, trong khi \u0111\u00f3 th\u01b0\u1eddng xuy\u00ean t\u1ea1o ra c\u00e1c s\u1ea3n ph\u1ea9m m\u1edbi \u0111\u1ec3 th\u1ecfa m\u00e3n kh\u00e1ch h\u00e0ng \u0111a d\u1ea1ng &#8217; k\u00eau g\u1ecdi cho \u0110\u1ed9ng c\u01a1 m\u00e1y pin khai th\u00e1c ng\u1ecdn l\u1eeda, Loco khai th\u00e1c ng\u1ea7m ch\u1ed1ng ch\u00e1y, M\u00e1y phun b\u00ea t\u00f4ng di \u0111\u1ed9ng cho khai th\u00e1c ng\u1ea7m. Ch\u00fang t\u00f4i tu\u00e2n th\u1ee7 &#8216; tr\u00e1i tim \u0111\u1ec3 l\u00e0m, t\u1ea1o ra gi\u00e1 tr\u1ecb cho kh\u00e1ch h\u00e0ng&#8217; tri\u1ebft l\u00fd kinh doanh, v\u1edbi th\u00e1i \u0111\u1ed9 l\u00e0m vi\u1ec7c chuy\u00ean nghi\u1ec7p, ti\u00eau chu\u1ea9n h\u00f3a, t\u1ec9 m\u1ec9. B\u01b0\u1edbc v\u00e0o m\u1ed9t k\u1ef7 nguy\u00ean m\u1edbi, ch\u00fang t\u00f4i s\u1ebd nh\u1edb l\u1ea1i s\u1ee9 m\u1ec7nh ban \u0111\u1ea7u c\u1ee7a m\u00ecnh v\u00e0 b\u1eaft \u0111\u1ea7u m\u1ed9t l\u1ea7n n\u1eefa \u0111\u1ec3 nu\u00f4i d\u01b0\u1ee1ng v\u0103n h\u00f3a doanh nghi\u1ec7p \u0111\u1ed9c \u0111\u00e1o c\u1ee7a ch\u00fang t\u00f4i.<\/p>\n<p><img fetchpriority=\"high\" decoding=\"async\" class=\"alignnone wp-image-1474 size-full\" src=\"http:\/\/www.zongdamining.com\/wp-content\/uploads\/2022\/12\/trolley-electric-locomotive41076860823.jpg\" alt=\"\" width=\"730\" height=\"730\" srcset=\"https:\/\/www.zongdamining.com\/wp-content\/uploads\/2022\/12\/trolley-electric-locomotive41076860823.jpg 730w, https:\/\/www.zongdamining.com\/wp-content\/uploads\/2022\/12\/trolley-electric-locomotive41076860823-300x300.jpg 300w, https:\/\/www.zongdamining.com\/wp-content\/uploads\/2022\/12\/trolley-electric-locomotive41076860823-150x150.jpg 150w, https:\/\/www.zongdamining.com\/wp-content\/uploads\/2022\/12\/trolley-electric-locomotive41076860823-600x600.jpg 600w, https:\/\/www.zongdamining.com\/wp-content\/uploads\/2022\/12\/trolley-electric-locomotive41076860823-100x100.jpg 100w\" sizes=\"(max-width: 730px) 100vw, 730px\" \/><\/p>\n<p><strong>CJY14\/610 G250<\/strong><\/p>\n<p><strong>D\u1eef li\u1ec7u k\u1ef9 thu\u1eadt<\/strong><\/p>\n<p>Xe m\u00e1y \u0111i\u1ec7n 14t l\u00e0 c\u00e1c s\u1ea3n ph\u1ea9m m\u1edbi \u0111\u01b0\u1ee3c thi\u1ebft k\u1ebf \u0111\u1eb7c bi\u1ec7t cho c\u00e1c m\u1ecf l\u1edbn, v\u1edbi c\u00e1c t\u00ednh n\u0103ng c\u1ee7a k\u00edch th\u01b0\u1edbc nh\u1ecf g\u1ecdn, kho\u1ea3ng c\u00e1ch b\u00e1nh xe ng\u1eafn, b\u00e1n k\u00ednh xoay nh\u1ecf, t\u1ed1c \u0111\u1ed9 nhanh h\u01a1n v\u00e0 l\u1ef1c k\u00e9o l\u1edbn h\u01a1n. \u0110\u1ed9ng c\u01a1 \u0111i\u1ec1u ch\u1ec9nh t\u1ed1c \u0111\u1ed9 kh\u00f4ng b\u01b0\u1edbc IGBT l\u00e0 th\u1ebf h\u1ec7 m\u1edbi c\u1ee7a c\u00e1c s\u1ea3n ph\u1ea9m ti\u1ebft ki\u1ec7m n\u0103ng l\u01b0\u1ee3ng v\u1edbi kh\u1edfi \u0111\u1ed9ng \u1ed5n \u0111\u1ecbnh v\u00e0 s\u1ed1 ph\u1eadn th\u1ea5t b\u1ea1i th\u1ea5p.<\/p>\n<p>\u0110\u1ed9ng c\u01a1 \u00e1p d\u1ee5ng l\u00f2 xo cao su h\u00ecnh V, c\u00f3 th\u1ec3 \u0111\u1ee9ng v\u00e0 rung v\u00e0 t\u00e1c \u0111\u1ed9ng theo h\u01b0\u1edbng d\u1ecdc, ngang v\u00e0 d\u1ecdc. T\u1ea5m c\u00e1nh c\u1ee7a n\u00f3 s\u1eed d\u1ee5ng c\u00e1c t\u1ea5m c\u00e1nh \u0111\u00e0n h\u1ed3i cao su \u0111\u1ec3 \u0111\u1ea3m b\u1ea3o t\u00e1c \u0111\u1ed9ng nh\u1ecf b\u1ecb \u1ea3nh h\u01b0\u1edfng khi \u0111i qua h\u1ed1 d\u1ee1 t\u1ea3i.<\/p>\n<p><img decoding=\"async\" class=\"alignnone wp-image-1476 size-full\" src=\"http:\/\/www.zongdamining.com\/wp-content\/uploads\/2022\/12\/2020042110433239368777ab2e41c8948db8a817589603.jpg\" alt=\"\" width=\"750\" height=\"750\" srcset=\"https:\/\/www.zongdamining.com\/wp-content\/uploads\/2022\/12\/2020042110433239368777ab2e41c8948db8a817589603.jpg 750w, https:\/\/www.zongdamining.com\/wp-content\/uploads\/2022\/12\/2020042110433239368777ab2e41c8948db8a817589603-300x300.jpg 300w, https:\/\/www.zongdamining.com\/wp-content\/uploads\/2022\/12\/2020042110433239368777ab2e41c8948db8a817589603-150x150.jpg 150w, https:\/\/www.zongdamining.com\/wp-content\/uploads\/2022\/12\/2020042110433239368777ab2e41c8948db8a817589603-600x600.jpg 600w, https:\/\/www.zongdamining.com\/wp-content\/uploads\/2022\/12\/2020042110433239368777ab2e41c8948db8a817589603-100x100.jpg 100w\" sizes=\"(max-width: 750px) 100vw, 750px\" \/><\/p>\n<div class=\"table-responsive\">\n<table class=\"table\" border=\"0\" width=\"100%\" cellspacing=\"0\" cellpadding=\"0\">\n<tbody>\n<tr class=\"firstRow\">\n<td width=\"243\">Tr\u1ecdng l\u01b0\u1ee3ng keo<\/td>\n<td width=\"189\">t<\/td>\n<td width=\"217\">14<\/td>\n<\/tr>\n<tr>\n<td width=\"243\">M\u00e1y \u0111o<\/td>\n<td width=\"189\">mm<\/td>\n<td width=\"217\">610<\/td>\n<\/tr>\n<tr>\n<td width=\"243\">\u0110i\u1ec7n \u00e1p \u0111\u1ecbnh m\u1ee9c<\/td>\n<td width=\"189\">v<\/td>\n<td width=\"217\">250<\/td>\n<\/tr>\n<tr>\n<td width=\"243\">L\u1ef1c k\u00e9o \u0111\u01b0\u1ee3c \u0111\u00e1nh gi\u00e1 gi\u1edd<\/td>\n<td width=\"189\">KN<\/td>\n<td width=\"217\">26.68<\/td>\n<\/tr>\n<tr>\n<td width=\"243\">T\u1ed1c \u0111\u1ed9 \u0111\u00e1nh gi\u00e1 gi\u1edd<\/td>\n<td width=\"189\">Km \/ gi\u1edd<\/td>\n<td width=\"217\">12.9<\/td>\n<\/tr>\n<tr>\n<td width=\"243\">T\u1ed1c \u0111\u1ed9 c\u1ea5u tr\u00fac<\/td>\n<td width=\"189\">Km \/ gi\u1edd<\/td>\n<td width=\"217\">27<\/td>\n<\/tr>\n<tr>\n<td width=\"243\">\u0110\u1ed9ng c\u01a1 \u0111i\u1ec7n v\u00e0 \u0111i\u1ec7n<\/td>\n<td width=\"189\">KW<\/td>\n<td width=\"217\">2*52<\/td>\n<\/tr>\n<tr>\n<td width=\"243\">C\u01a1 s\u1edf b\u00e1nh xe<\/td>\n<td width=\"189\">mm<\/td>\n<td width=\"217\">1700<\/td>\n<\/tr>\n<tr>\n<td width=\"243\">Min. b\u00e1n k\u00ednh cong<\/td>\n<td width=\"189\">m<\/td>\n<td width=\"217\">22<\/td>\n<\/tr>\n<tr>\n<td width=\"243\">Dia. c\u1ee7a b\u00e1nh xe<\/td>\n<td width=\"189\">mm<\/td>\n<td width=\"217\">760<\/td>\n<\/tr>\n<tr>\n<td width=\"243\">L\u1eafc h\u1ea5p th\u1ee5<\/td>\n<td width=\"189\"><\/td>\n<td width=\"217\">M\u00e1y h\u1ea5p th\u1ee5 l\u1eafc t\u1ea5m<\/td>\n<\/tr>\n<tr>\n<td width=\"243\">Lo\u1ea1i \u0111i\u1ec1u khi\u1ec3n<\/td>\n<td width=\"189\"><\/td>\n<td width=\"217\">Ki\u1ec3m so\u00e1t kh\u00e1ng ho\u1eb7c Ki\u1ec3m so\u00e1t chopper<\/td>\n<\/tr>\n<tr>\n<td width=\"243\">Lo\u1ea1i phanh<\/td>\n<td width=\"189\"><\/td>\n<td width=\"217\">Phanh c\u01a1 kh\u00ed<\/td>\n<\/tr>\n<tr>\n<td width=\"243\">Lo\u1ea1i \u1ed5 \u0111\u0129a<\/td>\n<td width=\"189\"><\/td>\n<td width=\"217\">\u0110\u00f3ng hai giai \u0111o\u1ea1n Gear Drive<\/td>\n<\/tr>\n<tr>\n<td width=\"243\">Pantograph b\u1ed9 s\u01b0u t\u1eadp<\/td>\n<td width=\"189\"><\/td>\n<td width=\"217\">T\u00f9y ch\u1ec9nh<\/td>\n<\/tr>\n<tr>\n<td width=\"243\">K\u00edch th\u01b0\u1edbc b\u00ean ngo\u00e0i<\/td>\n<td width=\"189\">mm<\/td>\n<td width=\"217\">\u0110\u1ed9 d\u00e0i: 4660mm<br \/>\n\u0110\u1ed9 r\u1ed9ng: 1270mm<br \/>\nH: X\u00e1c nh\u1eadn theo Pantograpg t\u00f9y ch\u1ec9nh<\/td>\n<\/tr>\n<tr>\n<td width=\"243\">Y\u00eau c\u1ea7u v\u1ec1 Body Cover<\/td>\n<td width=\"189\"><\/td>\n<td width=\"217\">Trung t\u00e2m Bulge cho d\u00f2ng ch\u1ea3y n\u01b0\u1edbc<\/td>\n<\/tr>\n<tr>\n<td width=\"243\">S\u01a1n v\u00e0 m\u00e0u s\u1eafc<\/td>\n<td width=\"189\"><\/td>\n<td width=\"217\">N\u00e2ng cao \u0103n m\u00f2n v\u00e0 ph\u00f2ng ch\u1ed1ng r\u1ec9, s\u01a1n \u0111\u1ecf.<\/td>\n<\/tr>\n<\/tbody>\n<\/table>\n<p><img decoding=\"async\" class=\"alignnone wp-image-1475 size-full\" src=\"http:\/\/www.zongdamining.com\/wp-content\/uploads\/2022\/12\/20200421104509b0ac07d93ca34766b38a5c704709877e.jpg\" alt=\"\" width=\"750\" height=\"675\" srcset=\"https:\/\/www.zongdamining.com\/wp-content\/uploads\/2022\/12\/20200421104509b0ac07d93ca34766b38a5c704709877e.jpg 750w, https:\/\/www.zongdamining.com\/wp-content\/uploads\/2022\/12\/20200421104509b0ac07d93ca34766b38a5c704709877e-300x270.jpg 300w, https:\/\/www.zongdamining.com\/wp-content\/uploads\/2022\/12\/20200421104509b0ac07d93ca34766b38a5c704709877e-600x540.jpg 600w\" sizes=\"(max-width: 750px) 100vw, 750px\" \/><\/p>\n<p>Ch\u00fang t\u00f4i li\u00ean t\u1ee5c v\u01b0\u1ee3t qua b\u1ea3n th\u00e2n v\u00e0 cam k\u1ebft ti\u1ebfp t\u1ee5c cung c\u1ea5p cho c\u00e1c nh\u00e0 s\u1ea3n xu\u1ea5t v\u00e0 kh\u00e1ch h\u00e0ng c\u00f4ng ngh\u1ec7 h\u00e0ng \u0111\u1ea7u v\u00e0 xe l\u1eeda \u0111i\u1ec7n 3t hi\u1ec7u qu\u1ea3 v\u1ec1 chi ph\u00ed, Xe l\u1eeda khai th\u00e1c m\u1ecf tr\u00ean \u0111\u1ea7u. C\u00f4ng ty c\u1ee7a ch\u00fang t\u00f4i ti\u1ebfn b\u1ed9 v\u1edbi chi\u1ebfn l\u01b0\u1ee3c &#8216; \u0111\u1ecbnh h\u01b0\u1edbng c\u00f4ng ngh\u1ec7, ch\u1ea5t l\u01b0\u1ee3ng \u0111\u1ec3 t\u1ed3n t\u1ea1i, v\u00e0 danh ti\u1ebfng cho s\u1ef1 ph\u00e1t tri\u1ec3n&#8217;  . C\u00f4ng ty ch\u00fang t\u00f4i c\u00f3 m\u1ed9t \u0111\u1ed9i ng\u0169 qu\u1ea3ng b\u00e1 ti\u1ebfp th\u1ecb chuy\u00ean nghi\u1ec7p, t\u00edch l\u0169y ki\u1ebfn \u200b\u200bth\u1ee9c chuy\u00ean nghi\u1ec7p phong ph\u00fa v\u00e0 kinh nghi\u1ec7m h\u1ee3p t\u00e1c \u0111\u1ec3 ch\u00fang t\u00f4i c\u00f3 th\u1ec3 cung c\u1ea5p d\u1ecbch v\u1ee5 ho\u00e0n h\u1ea3o h\u01a1n cho kh\u00e1ch h\u00e0ng.<\/p>\n<\/div>","protected":false},"excerpt":{"rendered":"<p>Xe m\u00e1y \u0111i\u1ec7n 14t l\u00e0 c\u00e1c s\u1ea3n ph\u1ea9m m\u1edbi \u0111\u01b0\u1ee3c thi\u1ebft k\u1ebf \u0111\u1eb7c bi\u1ec7t cho c\u00e1c m\u1ecf l\u1edbn, v\u1edbi c\u00e1c t\u00ednh n\u0103ng c\u1ee7a k\u00edch th\u01b0\u1edbc nh\u1ecf g\u1ecdn, kho\u1ea3ng c\u00e1ch b\u00e1nh xe ng\u1eafn, b\u00e1n k\u00ednh xoay nh\u1ecf, t\u1ed1c \u0111\u1ed9 nhanh h\u01a1n v\u00e0 l\u1ef1c k\u00e9o l\u1edbn h\u01a1n.<\/p>","protected":false},"featured_media":1474,"comment_status":"open","ping_status":"closed","template":"","meta":{"_acf_changed":false},"product_brand":[],"product_cat":[27],"product_tag":[],"class_list":{"0":"post-1471","1":"product","2":"type-product","3":"status-publish","4":"has-post-thumbnail","6":"product_cat-underground-mining-locomotives","8":"first","9":"instock","10":"shipping-taxable","11":"product-type-simple"},"acf":[],"_links":{"self":[{"href":"https:\/\/www.zongdamining.com\/vi\/wp-json\/wp\/v2\/product\/1471","targetHints":{"allow":["GET"]}}],"collection":[{"href":"https:\/\/www.zongdamining.com\/vi\/wp-json\/wp\/v2\/product"}],"about":[{"href":"https:\/\/www.zongdamining.com\/vi\/wp-json\/wp\/v2\/types\/product"}],"replies":[{"embeddable":true,"href":"https:\/\/www.zongdamining.com\/vi\/wp-json\/wp\/v2\/comments?post=1471"}],"wp:featuredmedia":[{"embeddable":true,"href":"https:\/\/www.zongdamining.com\/vi\/wp-json\/wp\/v2\/media\/1474"}],"wp:attachment":[{"href":"https:\/\/www.zongdamining.com\/vi\/wp-json\/wp\/v2\/media?parent=1471"}],"wp:term":[{"taxonomy":"product_brand","embeddable":true,"href":"https:\/\/www.zongdamining.com\/vi\/wp-json\/wp\/v2\/product_brand?post=1471"},{"taxonomy":"product_cat","embeddable":true,"href":"https:\/\/www.zongdamining.com\/vi\/wp-json\/wp\/v2\/product_cat?post=1471"},{"taxonomy":"product_tag","embeddable":true,"href":"https:\/\/www.zongdamining.com\/vi\/wp-json\/wp\/v2\/product_tag?post=1471"}],"curies":[{"name":"WP","href":"https:\/\/api.w.org\/{rel}","templated":true}]}}