{"id":1520,"date":"2022-12-12T15:22:51","date_gmt":"2022-12-12T07:22:51","guid":{"rendered":"http:\/\/www.zongdamining.com\/?post_type=product&#038;p=1520"},"modified":"2026-02-12T15:21:17","modified_gmt":"2026-02-12T07:21:17","slug":"underground-scooptram-lhd-wj-3-mine-wheel-loader-price","status":"publish","type":"product","link":"https:\/\/www.zongdamining.com\/vi\/product\/underground-scooptram-lhd-wj-3-mine-wheel-loader-price\/","title":{"rendered":"M\u00e1y t\u1ea3i ng\u1ea7m ZDL307 cho qu\u1eb7ng m\u1ecf &#038; t\u1ea3i \u0111\u00e1 th\u1ea3i"},"content":{"rendered":"<p>\u0110\u1eb7c \u0111i\u1ec3m k\u1ef9 thu\u1eadt<\/p>\n<p>ZDL307 M\u00e1y t\u1ea3i d\u01b0\u1edbi l\u00f2ng \u0111\u1ea5t diesel<\/p>\n<p><strong><b>\u00a0<\/b><\/strong><\/p>\n<p><strong><b>M\u00e1y t\u1ea3i ng\u1ea7m diesel ZDL307 <\/b><\/strong><strong><b>:<\/b><\/strong><strong><b>Thi\u1ebft b\u1ecb t\u1ea3i kh\u00f4ng theo d\u00f5i v\u00e0 v\u1eadn chuy\u1ec3n kho\u1ea3ng c\u00e1ch ng\u1eafn<\/b><\/strong><\/p>\n<p><strong><b>\u00a0<\/b><\/strong><\/p>\n<p>C\u00e1c<strong><b>\u00a0<\/b><\/strong><strong><b>M\u00e1y t\u1ea3i ng\u1ea7m diesel ZDL307<\/b><\/strong>\u00a0ch\u1ee7 y\u1ebfu \u0111\u01b0\u1ee3c s\u1eed d\u1ee5ng k\u1ebft h\u1ee3p v\u1edbi xe t\u1ea3i khai th\u00e1c m\u1ecf trong khai th\u00e1c ng\u1ea7m v\u00e0 khai th\u00e1c m\u1ecf. T\u1ea3i qu\u1eb7ng v\u00e0 v\u1eadt li\u1ec7u kh\u00e1c nhau c\u00f3 th\u1ec3 c\u1ea3i thi\u1ec7n \u0111\u00e1ng k\u1ec3 hi\u1ec7u qu\u1ea3 ho\u1ea1t \u0111\u1ed9ng v\u00e0 l\u00e0 m\u1ed9t thi\u1ebft b\u1ecb quan tr\u1ecdng \u0111\u1ec3 \u0111\u1ea1t \u0111\u01b0\u1ee3c khai th\u00e1c m\u1ecf kh\u00f4ng theo d\u00f5i.<\/p>\n<ol>\n<li><b><\/b><strong><b>\u0110\u1eb7c \u0111i\u1ec3m k\u1ef9 thu\u1eadt<\/b><\/strong>:<\/li>\n<\/ol>\n<ul>\n<li><b><\/b><strong><b>H\u1ec7 th\u1ed1ng \u0111i\u1ec7n<\/b><\/strong>\u0110\u01b0\u1ee3c trang b\u1ecb \u0111\u1ed9ng c\u01a1 l\u00e0m m\u00e1t b\u1eb1ng kh\u00f4ng kh\u00ed Deutz.<\/li>\n<li><b><\/b><strong><b>Truy\u1ec1n t\u1ea3i<\/b><\/strong>S\u1eed d\u1ee5ng h\u1ed9p s\u1ed1 v\u00e0 chuy\u1ec3n \u0111\u1ed5i m\u00f4-men xo\u1eafn.<\/li>\n<li><b><\/b><strong><b>H\u1ec7 th\u1ed1ng phanh<\/b><\/strong>:\n<ul>\n<li><b><\/b><strong><b>L\u00e1i xe phanh<\/b><\/strong>: Phanh m\u00f9a xu\u00e2n \u0111a \u0111\u0129a \u01b0\u1edbt v\u1edbi gi\u1ea3i ph\u00f3ng th\u1ee7y l\u1ef1c.<\/li>\n<li><b><\/b><strong><b>Phanh \u0111\u1ed7 xe<\/b><\/strong>: phanh m\u00f9a xu\u00e2n tr\u00ean tr\u1ee5c l\u00e1i xe.<\/li>\n<\/ul>\n<\/li>\n<li><b><\/b><strong><b>Khung<\/b><\/strong>: C\u1ea5u tr\u00fac b\u1ea3n l\u1ec1 trung t\u00e2m \u0111\u1ec3 c\u1ea3i thi\u1ec7n hi\u1ec7u su\u1ea5t d\u00ednh d\u00e1ng.<\/li>\n<li><b><\/b><strong><b>l\u00e1i xe<\/b><\/strong>: H\u1ed7 tr\u1ee3 l\u00e1i th\u1ee7y l\u1ef1c v\u1edbi m\u1ed9t xi lanh l\u00e1i \u0111\u01a1n.\n<ol start=\"2\">\n<li><b><\/b><strong><b>\u0110i\u1ec3m n\u1ed5i b\u1eadt v\u1ec1 hi\u1ec7u su\u1ea5t<\/b><\/strong>:<\/li>\n<\/ol>\n<\/li>\n<li><b><\/b><strong><b>\u0110\u1ed9ng c\u01a1 diesel<\/b><\/strong>\u0110\u01b0\u1ee3c h\u1ed7 tr\u1ee3 b\u1edfi m\u1ed9t \u0111\u1ed9ng c\u01a1 diesel \u0111\u00e1ng tin c\u1eady.<\/li>\n<li><b><\/b><strong><b>\u0110\u1ed9ng c\u01a1 b\u1ed1n b\u00e1nh<\/b><\/strong>: \u0110\u1ea3m b\u1ea3o k\u00e9o v\u00e0 kh\u1ea3 n\u0103ng c\u01a1 \u0111\u1ed9ng.<\/li>\n<li><b><\/b><strong><b>L\u00e1i xe b\u00ean<\/b><\/strong>Cho ph\u00e9p linh ho\u1ea1t trong kh\u00f4ng gian ch\u1eb7t ch\u1ebd.<\/li>\n<li><b><\/b><strong><b>l\u00e1i th\u1ee7y l\u1ef1c n\u1ed1i trung t\u00e2m<\/b><\/strong>: G\u00f3c l\u00e1i l\u1edbn \u0111\u1ec3 ki\u1ec3m so\u00e1t ch\u00ednh x\u00e1c.<\/li>\n<li><b><\/b><strong><b>B\u00e1n k\u00ednh xoay nh\u1ecf<\/b><\/strong>: L\u00fd t\u01b0\u1edfng cho c\u00e1c ho\u1ea1t \u0111\u1ed9ng \u0111\u01b0\u1eddng h\u1ea7m ph\u1ea7n trung b\u00ecnh.\n<ol start=\"3\">\n<li><b><\/b><strong><b>C\u00e1c bi\u1ec7n ph\u00e1p an to\u00e0n<\/b><\/strong>:<\/li>\n<\/ol>\n<\/li>\n<li><b><\/b><strong><b>Thi\u1ebft b\u1ecb an to\u00e0n<\/b><\/strong>C\u00e1c nh\u00e0 khai th\u00e1c ph\u1ea3i \u0111eo m\u0169 b\u1ea3o hi\u1ec3m an to\u00e0n, mang theo c\u00e1c thi\u1ebft b\u1ecb t\u1ef1 c\u1ee9u v\u00e0 s\u1eed d\u1ee5ng \u0111\u00e8n khai th\u00e1c m\u1ecf khi b\u01b0\u1edbc v\u00e0o gi\u1ebfng.<\/li>\n<li><b><\/b><strong><b>B\u1ea3o tr\u00ec th\u01b0\u1eddng xuy\u00ean<\/b><\/strong>Ki\u1ec3m tra th\u01b0\u1eddng xuy\u00ean v\u00e0 gi\u1ea3i quy\u1ebft nhanh ch\u00f3ng c\u00e1c m\u1ed1i nguy hi\u1ec3m \u1ea9n.<\/li>\n<li><b><\/b><strong><b>Kh\u00f4ng b\u1ea3o tr\u00ec trong khi ho\u1ea1t \u0111\u1ed9ng<\/b><\/strong>C\u1ea5m th\u1ef1c hi\u1ec7n b\u1ea3o tr\u00ec trong khi m\u00e1y \u0111ang ch\u1ea1y.<\/li>\n<li><b><\/b><strong><b>An to\u00e0n trong qu\u00e1 tr\u00ecnh h\u00e0n \/ c\u1eaft<\/b><\/strong>X\u00e1c nh\u1eadn kh\u00f4ng c\u00f3 v\u1eadt li\u1ec7u d\u1ec5 ch\u00e1y ho\u1eb7c n\u1ed5 tr\u01b0\u1edbc khi b\u1ea3o tr\u00ec.<\/li>\n<li><b><\/b><strong><b>C\u00e1c bi\u1ec7n ph\u00e1p ph\u00f2ng ng\u1eeba \u1ed1ng th\u1ea3i<\/b><\/strong>Tr\u00e1nh ti\u1ebfp x\u00fac v\u1eadt l\u00fd v\u1edbi \u1ed1ng th\u1ea3i n\u00f3ng.<\/li>\n<li><b><\/b><strong><b>B\u1ea3o tr\u00ec h\u1ec7 th\u1ed1ng th\u1ee7y l\u1ef1c<\/b><\/strong>\u00c1p l\u1ef1c ph\u1ea3i \u0111\u01b0\u1ee3c gi\u1ea3m tr\u01b0\u1edbc khi b\u1eaft \u0111\u1ea7u s\u1eeda ch\u1eefa.<\/li>\n<\/ul>\n<p><strong><b>\u00a0<\/b><\/strong><\/p>\n<p><strong><b>\u0110i\u1ec1u ki\u1ec7n s\u1eed d\u1ee5ng cho<\/b><\/strong><strong><b>\u00a0<\/b><\/strong><strong><b>M\u00e1y t\u1ea3i ng\u1ea7m diesel ZDL307<\/b><\/strong><\/p>\n<ol>\n<li><b><\/b><strong><b>Th\u00f4ng s\u1ed1 k\u1ef9 thu\u1eadt \u0111\u01b0\u1eddng h\u1ea7m<\/b><\/strong>:<\/li>\n<\/ol>\n<ul>\n<li>Th\u00edch h\u1ee3p cho \u0111\u01b0\u1eddng h\u1ea7m v\u1edbi k\u00edch th\u01b0\u1edbc c\u1eaft ch\u00e9o c\u1ee7a <strong><b>4<\/b><\/strong><strong><b>m\u00e9t (chi\u1ec1u cao) \u00d7<\/b><\/strong><strong><b>4<\/b><\/strong><strong><b>\u00a0m\u00e9t (chi\u1ec1u r\u1ed9ng) v\u00e0 tr\u00ean<\/b><\/strong>.<\/li>\n<li>Y\u00eau c\u1ea7u a <strong><b>t\u1ea5m \u0111\u1ea7u c\u00f4ng ty<\/b><\/strong>.<\/li>\n<li>B\u00e1n k\u00ednh xoay t\u1ed1i thi\u1ec3u c\u1ee7a <strong><b>\u2265 <\/b><\/strong><strong><b>9<\/b><\/strong><strong><b>m\u00e9t<\/b><\/strong>\u00a0\u1edf b\u00ean ngo\u00e0i.<\/li>\n<li>\u0110\u01b0\u1eddng d\u1ed1c n\u00ean <strong><b>\u2264 14\u00b0<\/b><\/strong>.<\/li>\n<li>Ph\u00f9 h\u1ee3p <strong><b>th\u00f4ng gi\u00f3 v\u00e0 tho\u00e1t n\u01b0\u1edbc<\/b><\/strong>t\u1ea1i n\u01a1i l\u00e0m vi\u1ec7c.\n<ol start=\"2\">\n<li><b><\/b><strong><b>Y\u1ebfu t\u1ed1 m\u00f4i tr\u01b0\u1eddng<\/b><\/strong>:<\/li>\n<\/ol>\n<\/li>\n<li>Nhi\u1ec7t \u0111\u1ed9 m\u00f4i tr\u01b0\u1eddng trong \u0111\u01b0\u1eddng h\u1ea7m: <strong><b>-5 \u00b0 C \u0111\u1ebfn 40 \u00b0 C<\/b><\/strong>.<\/li>\n<li>\u0110\u1ed9 \u1ea9m t\u01b0\u01a1ng \u0111\u1ed1i t\u1ed1i \u0111a (\u1edf 25 \u00b0 C): <strong><b>Kh\u00f4ng qu\u00e1 85%<\/b><\/strong>.<\/li>\n<li>Chi\u1ec1u cao c\u1ee7a v\u1ecb tr\u00ed s\u1eed d\u1ee5ng: <strong><b>Kh\u00f4ng v\u01b0\u1ee3t qu\u00e1 1000 m\u00e9t<\/b><\/strong>.<\/li>\n<li>\u1ede v\u00f9ng cao (tr\u00ean 1000 m\u00e9t), <strong><b>gi\u1ea3m n\u0103ng l\u01b0\u1ee3ng<\/b><\/strong>c\u1ea7n thi\u1ebft cho ho\u1ea1t \u0111\u1ed9ng.\n<ol start=\"3\">\n<li><b><\/b><strong><b>Y\u00eau c\u1ea7u nhi\u00ean li\u1ec7u<\/b><\/strong>:<\/li>\n<\/ol>\n<\/li>\n<li>H\u00e0m l\u01b0\u1ee3ng l\u01b0u hu\u1ef3nh c\u1ee7a nhi\u00ean li\u1ec7u \u0111\u01b0\u1ee3c s\u1eed d\u1ee5ng trong m\u00e1y n\u00e0y ph\u1ea3i <strong><b>Kh\u00f4ng v\u01b0\u1ee3t qu\u00e1 0,2%<\/b><\/strong>.\n<ol start=\"4\">\n<li><b><\/b><strong><b>C\u00e1c bi\u1ec7n ph\u00e1p ph\u00f2ng ng\u1eeba an to\u00e0n<\/b><\/strong>:<\/li>\n<\/ol>\n<\/li>\n<li>Ch\u1eb7t ch\u1ebd <strong><b>c\u1ea5m<\/b><\/strong>\u1edf nh\u1eefng n\u01a1i v\u1edbi <strong><b>Kh\u00ed d\u1ec5 ch\u00e1y v\u00e0 n\u1ed5<\/b><\/strong> (nh\u01b0 kh\u00ed v\u00e0 b\u1ee5i than).<\/li>\n<\/ul>\n<p><strong><b>\u00a0Th\u00f4ng s\u1ed1 k\u1ef9 thu\u1eadt<\/b><\/strong><\/p>\n<p><strong><b>M\u00e1y t\u1ea3i ng\u1ea7m diesel ZDL307<\/b><\/strong><strong><b>:<\/b><\/strong><strong><b>Th\u00f4ng s\u1ed1 k\u1ef9 thu\u1eadt<\/b><\/strong><\/p>\n<h3><strong><b>1. Th\u00f4ng s\u1ed1 k\u1ef9 thu\u1eadt <\/b><\/strong><\/h3>\n<ul>\n<li><strong> C\u00f4ng su\u1ea5t t\u1ea3i \u0111\u1ecbnh m\u1ee9c:<\/strong>7 t (t\u1ea3i \u0111\u1ea7y \u0111\u1ee7)<\/li>\n<li><strong> Kh\u1ea3 n\u0103ng x\u00f4 (x\u1ebfp ch\u1ed3ng):<\/strong>3 m\u00b3<\/li>\n<li><strong> T\u1ed1c \u0111\u1ed9 l\u00e1i xe t\u1ed1i \u0111a <\/strong><\/li>\n<\/ul>\n<p><strong>\u00a0C\u1ea5p I:<\/strong>5,8 km\/gi\u1edd<\/p>\n<p><strong>C\u1ea5p II:<\/strong>9.7 km\/gi\u1edd<\/p>\n<p><strong>C\u1ea5p III: <\/strong>15.1 km\/gi\u1edd<\/p>\n<p><strong>C\u1ea5p IV:<\/strong>\u00a020,5 km\/gi\u1edd<\/p>\n<ul>\n<li><strong> Th\u1eddi gian l\u00e0m vi\u1ec7c:<\/strong>16 s<\/li>\n<li><strong> Kh\u1ea3 n\u0103ng leo l\u00ean t\u1ed1i \u0111a (t\u1ea3i n\u1eb7ng): \u00a0\u00a0<\/strong>25%<\/li>\n<li><strong> L\u1ef1c k\u00e9o t\u1ed1i \u0111a:<\/strong>160 kN<\/li>\n<li><strong> B\u00e1n k\u00ednh xoay: <\/strong>B\u00ean trong 2800 mm B\u00ean ngo\u00e0i 6000 mm<\/li>\n<li><strong> Chi\u1ec1u cao m\u00e1y t\u1ed1i \u0111a trong khi d\u1ee1 t\u1ea3i: <\/strong>1950 mm<\/li>\n<li><strong> G\u00f3c d\u1ee1 t\u1ea3i t\u1ed1i \u0111a: <\/strong>40\u00b0<\/li>\n<li><strong> G\u00f3c l\u00e1i: <\/strong>\u00b140\u00b0<\/li>\n<li><strong>Ground clearance:<\/strong>280 mm<\/li>\n<li><strong>K\u00edch th\u01b0\u1edbc t\u1ed5ng th\u1ec3:<\/strong>9250 mm \u00d7 2600 mm \u00d7 2250 mm<\/li>\n<li><strong> Tr\u1ecdng l\u01b0\u1ee3ng ho\u1ea1t \u0111\u1ed9ng c\u1ee7a to\u00e0n b\u1ed9 m\u00e1y:<\/strong>19.5 t<\/li>\n<\/ul>\n<p>&nbsp;<\/p>\n<h3><strong><b>2. \u0110\u1ed9ng c\u01a1<\/b><\/strong><\/h3>\n<ul>\n<li><strong> \u0110\u1ed9ng c\u01a1:<\/strong>DEUTZ BF6M1013EC \u0111\u1ed9ng c\u01a1 \u00f4 nhi\u1ec5m th\u1ea5p l\u00e0m m\u00e1t b\u1eb1ng n\u01b0\u1edbc<\/li>\n<li><strong> C\u00f4ng su\u1ea5t \u0111\u1ecbnh m\u1ee9c \/ t\u1ed1c \u0111\u1ed9 \u0111\u1ecbnh m\u1ee9c: <\/strong>165kW \/ 2200 r \/ ph\u00fat<\/li>\n<li><strong> Ph\u01b0\u01a1ng ph\u00e1p b\u1eaft \u0111\u1ea7u: <\/strong>B\u1eaft \u0111\u1ea7u \u0111i\u1ec7n<\/li>\n<li><strong> Ph\u01b0\u01a1ng ph\u00e1p thanh l\u1ecdc kh\u00ed th\u1ea3i: ph\u01b0\u01a1ng ph\u00e1p thanh l\u1ecdc x\u00fac t\u00e1c<\/strong><\/li>\n<li><strong> Ki\u1ec3m so\u00e1t gaay: B\u1ed9 \u0111i\u1ec1u khi\u1ec3n gaay \u0111i\u1ec7n t\u1eed Williams<\/strong><\/li>\n<\/ul>\n<p><strong><b>\u00a0<\/b><\/strong><\/p>\n<h3><strong><b>3. H\u1ec7 th\u1ed1ng truy\u1ec1n<\/b><\/strong><\/h3>\n<ul>\n<li><strong> M\u00f4 h\u00ecnh truy\u1ec1n: <\/strong>DANA R32000 lo\u1ea1t chuy\u1ec3n \u0111\u1ed9ng t\u1ef1 \u0111\u1ed9ng;<\/li>\n<li><strong>M\u00f4 h\u00ecnh chuy\u1ec3n \u0111\u1ed5i m\u00f4-men xo\u1eafn: <\/strong>\u0110i\u1ec7n tho\u1ea1i DANA C270<\/li>\n<li><strong>M\u00f4 h\u00ecnh tr\u1ee5c l\u00e1i: <\/strong>S\u1ea3n ph\u1ea9m DANA 16D<\/li>\n<li><strong> T\u1ef7 l\u1ec7 \u1ed5 \u0111\u0129a cu\u1ed1i c\u00f9ng: <\/strong>6<\/li>\n<li><strong> T\u1ef7 l\u1ec7 t\u1ed1c \u0111\u1ed9 c\u1ea1nh b\u00e1nh xe: <\/strong>4.46<\/li>\n<li><strong> T\u1ef7 l\u1ec7 t\u1ed1c \u0111\u1ed9 t\u1ed5ng c\u1ed9ng: <\/strong>26.77<\/li>\n<li><strong> L\u1ed1p xe: <\/strong>17.5-25R m\u1ecbn ph\u1ed3ng th\u00e9p d\u00e2y l\u1ed1p<\/li>\n<\/ul>\n<p><strong><b>\u00a0<\/b><\/strong><\/p>\n<h3><strong><b>4. H\u1ec7 th\u1ed1ng phanh<\/b><\/strong><\/h3>\n<ul>\n<li><strong>B\u01a1m phanh: <\/strong>HPT1-16<\/li>\n<li><strong>Di chuy\u1ec3n: <\/strong>16 ml \/ h<\/li>\n<li><strong>\u00c1p su\u1ea5t t\u1ed1i \u0111a c\u1ee7a h\u1ec7 th\u1ed1ng phanh: <\/strong>19 Mpa<\/li>\n<li><strong> Phanh d\u1ecbch v\u1ee5: M\u00f4 h\u00ecnh van phanh m\u00f9a xu\u00e2n \u0111a \u0111\u0129a \u01b0\u1edbt: <\/strong>MICO<\/li>\n<li><strong>Phanh \u0111\u1ed7 xe: <\/strong>phanh m\u00f9a xu\u00e2n tr\u00ean tr\u1ee5c l\u00e1i xe, phanh m\u00f9a xu\u00e2n, phanh gi\u1ea3i ph\u00f3ng th\u1ee7y l\u1ef1c<\/li>\n<li><strong>M\u00f4 h\u00ecnh van phanh \u0111\u1ed7 xe: <\/strong>RA3\/3\/2\/G-3<\/li>\n<\/ul>\n<p><strong>\u00a0<\/strong><\/p>\n<ol start=\"5\">\n<li><strong> H\u1ec7 th\u1ed1ng l\u00e1i<\/strong><\/li>\n<\/ol>\n<ul>\n<li><strong> Lo\u1ea1i: <\/strong>B\u1ea3n l\u1ec1 trung t\u00e2m, l\u00e1i th\u1ee7y l\u1ef1c<\/li>\n<li><strong>B\u01a1m l\u00e1i c\u00f4ng vi\u1ec7c: DANFOSS ERL100 (chia s\u1ebb theo c\u00f4ng vi\u1ec7c) di chuy\u1ec3n: <\/strong>100ml \/ h<\/li>\n<li><strong>\u00c1p su\u1ea5t t\u1ed1i \u0111a c\u1ee7a h\u1ec7 th\u1ed1ng l\u00e1i: <\/strong>14 Mpa<\/li>\n<li><strong> \u0110\u01b0\u1eddng k\u00ednh xi lanh l\u00e1i \/ \u0111\u01b0\u1eddng k\u00ednh thanh \u00d7 S\u1ed1 l\u01b0\u1ee3ng xi lanh: <\/strong>\u03c6 100 \/ \u03c6 55 mm \u00d7 hai<\/li>\n<li><strong>Van l\u00e1i \u0111a chi\u1ec1u: <\/strong>PVG100<\/li>\n<\/ul>\n<p>&nbsp;<\/p>\n<h3><strong><b>6. H\u1ec7 th\u1ed1ng l\u00e0m vi\u1ec7c<\/b><\/strong><\/h3>\n<ul>\n<li><strong> B\u01a1m l\u00e0m vi\u1ec7c: <\/strong>S\u1ea3n ph\u1ea9m DANFOSS ERL100<\/li>\n<li><strong> Van \u0111\u1ecbnh h\u01b0\u1edbng l\u00e0m vi\u1ec7c: <\/strong>PVG100<\/li>\n<li><strong> \u0110\u01b0\u1eddng k\u00ednh xi lanh n\u00e2ng \/ \u0111\u01b0\u1eddng k\u00ednh thanh \u00d7 S\u1ed1 l\u01b0\u1ee3ng xi lanh: <\/strong>\u03c6 140 \/ \u03c6 80 mm \u00d7 2<\/li>\n<li><strong> \u0110\u01b0\u1eddng k\u00ednh xi lanh x\u00f4 \/ \u0111\u01b0\u1eddng k\u00ednh thanh \u00d7 S\u1ed1 l\u01b0\u1ee3ng xi lanh: <\/strong>\u03c6 200 \/ \u03c6 110 mm \u00d7 1<\/li>\n<li><strong>\u00c1p su\u1ea5t t\u1ed1i \u0111a c\u1ee7a h\u1ec7 th\u1ed1ng l\u00e0m vi\u1ec7c: <\/strong>S\u1ed1 l\u01b0\u1ee3ng MPa<\/li>\n<\/ul>\n<p><strong><b>\u00a0<\/b><\/strong><\/p>\n<h3><strong><b>7. H\u1ec7 th\u1ed1ng \u0111i\u1ec7n<\/b><\/strong><\/h3>\n<ul>\n<li><strong>\u0110i\u1ec7n \u00e1p h\u1ec7 th\u1ed1ng: <\/strong>24V DC<\/li>\n<li><strong>\u0110i\u1ec7n \u00e1p \/ c\u00f4ng su\u1ea5t \u0111\u1ed9ng c\u01a1 b\u1eaft \u0111\u1ea7u: <\/strong>24V \/ 6kW<\/li>\n<li><strong>D\u00e2y d\u00e2y \u0111\u01b0\u1ee3c l\u00e0m b\u1eb1ng d\u00e2y ch\u1ed1ng nhi\u1ec7t \u0111\u1ed9 cao, v\u00e0 \u1ed1ng s\u00f3ng ch\u1ea5t l\u01b0\u1ee3ng cao \u0111\u01b0\u1ee3c s\u1eed d\u1ee5ng xung quanh d\u00e2y d\u00e2y<\/strong><\/li>\n<li><strong> \u00c1nh s\u00e1ng: <\/strong>2 \u0111\u00e8n tr\u01b0\u1edbc, 2 \u00d7 75W, 24V<\/li>\n<\/ul>\n<p><strong>2 \u0111\u00e8n tr\u01b0\u1edbc sau, 2 \u00d7 75W, 24V<\/strong><\/p>\n<p><strong>2 \u0111\u00e8n tr\u1ea7n cabin, 24 V<\/strong><\/p>\n<p><strong><b>\u00a0<\/b><\/strong><\/p>\n<h3><strong><b>8. Kh\u1ed1i l\u01b0\u1ee3ng b\u1ec3<\/b><\/strong><\/h3>\n<ul>\n<li><strong>B\u1ec3 ch\u1ee9a d\u1ea7u th\u1ee7y l\u1ef1c: <\/strong>300 L<\/li>\n<li><strong>B\u1ec3 nhi\u00ean li\u1ec7u: <\/strong>200 L<\/li>\n<li><strong>Truy\u1ec1n t\u1ea3i:<\/strong>36 L<\/li>\n<li><strong> Ph\u1ea7n truy\u1ec1n t\u1ea3i ch\u00ednh tr\u1ee5c l\u00e1i xe: <\/strong>17L \u00d7 2<\/li>\n<li><strong>Ph\u1ea7n gi\u1ea3m b\u00e1nh xe tr\u1ee5c l\u00e1i xe: <\/strong>3.5 L \u00d7 4<\/li>\n<li><strong>D\u1ea7u b\u00f4i tr\u01a1n \u0111\u1ed9ng c\u01a1:<\/strong>S\u1ed1 28L<\/li>\n<\/ul>\n<p>&nbsp;<\/p>","protected":false},"excerpt":{"rendered":"<p>M\u00e1y t\u1ea3i LHD ng\u1ea7m ZONGDA \u0111\u1eb7c bi\u1ec7t \u0111\u01b0\u1ee3c s\u1eed d\u1ee5ng trong vi\u1ec7c t\u1ea3i v\u00e0 v\u1eadn chuy\u1ec3n v\u1eadt li\u1ec7u kh\u00f4ng ph\u1ea3i than sau khi n\u1ed5 d\u01b0\u1edbi m\u1ecf. M\u00f4i tr\u01b0\u1eddng \u0111\u01b0\u1ee3c y\u00eau c\u1ea7u l\u00e0 m\u1ed9t \u0111\u01b0\u1eddng h\u1ea7m kh\u00f4ng c\u00f3 v\u1eadt li\u1ec7u n\u1ed5, v\u1eefng ch\u1eafc ph\u1eb3ng sau, th\u00f4ng gi\u00f3 \u0111\u1ea7y \u0111\u1ee7, v\u00e0 m\u00e1i nh\u00e0 v\u00e0 \u0111\u01b0\u1eddng ph\u1ed1 kh\u00f4ng c\u00f3 \u0111\u00e1 pumice.<\/p>","protected":false},"featured_media":3230,"comment_status":"open","ping_status":"closed","template":"","meta":{"_acf_changed":false},"product_brand":[],"product_cat":[15],"product_tag":[],"class_list":{"0":"post-1520","1":"product","2":"type-product","3":"status-publish","4":"has-post-thumbnail","6":"product_cat-trackless-mining-equipment","8":"first","9":"instock","10":"shipping-taxable","11":"product-type-simple"},"acf":[],"_links":{"self":[{"href":"https:\/\/www.zongdamining.com\/vi\/wp-json\/wp\/v2\/product\/1520","targetHints":{"allow":["GET"]}}],"collection":[{"href":"https:\/\/www.zongdamining.com\/vi\/wp-json\/wp\/v2\/product"}],"about":[{"href":"https:\/\/www.zongdamining.com\/vi\/wp-json\/wp\/v2\/types\/product"}],"replies":[{"embeddable":true,"href":"https:\/\/www.zongdamining.com\/vi\/wp-json\/wp\/v2\/comments?post=1520"}],"wp:featuredmedia":[{"embeddable":true,"href":"https:\/\/www.zongdamining.com\/vi\/wp-json\/wp\/v2\/media\/3230"}],"wp:attachment":[{"href":"https:\/\/www.zongdamining.com\/vi\/wp-json\/wp\/v2\/media?parent=1520"}],"wp:term":[{"taxonomy":"product_brand","embeddable":true,"href":"https:\/\/www.zongdamining.com\/vi\/wp-json\/wp\/v2\/product_brand?post=1520"},{"taxonomy":"product_cat","embeddable":true,"href":"https:\/\/www.zongdamining.com\/vi\/wp-json\/wp\/v2\/product_cat?post=1520"},{"taxonomy":"product_tag","embeddable":true,"href":"https:\/\/www.zongdamining.com\/vi\/wp-json\/wp\/v2\/product_tag?post=1520"}],"curies":[{"name":"WP","href":"https:\/\/api.w.org\/{rel}","templated":true}]}}