{"id":1532,"date":"2022-12-12T15:46:32","date_gmt":"2022-12-12T07:46:32","guid":{"rendered":"http:\/\/www.zongdamining.com\/?post_type=product&#038;p=1532"},"modified":"2023-01-29T16:43:22","modified_gmt":"2023-01-29T08:43:22","slug":"high-quality-cjy6-6-trolley-locomotive-for-mining","status":"publish","type":"product","link":"https:\/\/www.zongdamining.com\/vi\/product\/high-quality-cjy6-6-trolley-locomotive-for-mining\/","title":{"rendered":"\u0110\u1ed9ng c\u01a1 xe m\u00e1y ch\u1ea5t l\u01b0\u1ee3ng cao Cjy6 \/ 6 cho khai th\u00e1c m\u1ecf"},"content":{"rendered":"<p>C\u00f4ng ty ch\u00fang t\u00f4i s\u1eb5n s\u00e0ng s\u1ea3n xu\u1ea5t ch\u1ea5t l\u01b0\u1ee3ng cao, gi\u00e1 tr\u1ecb gia t\u0103ng cao Xe t\u1ea3i tr\u1ed9n b\u00ea t\u00f4ng ng\u1ea7m, m\u00e1y t\u1ea3i khai th\u00e1c than ng\u1ea7m, \u0110\u1ed9ng c\u01a1 \u0111i\u1ec7n pin cho khai th\u00e1c m\u1ecf cho ng\u01b0\u1eddi d\u00f9ng theo c\u00e1ch xu\u1ed1ng \u0111\u1ea5t v\u1edbi tri\u1ebft l\u00fd &#8216; trung th\u1ef1c v\u00e0 \u0111\u00e1ng tin c\u1eady, l\u1ee3i \u00edch l\u1eabn nhau v\u00e0 win-win, ti\u1ebfn b\u1ed9 c\u00f4ng ngh\u1ec7 v\u00e0 ph\u00e1t tri\u1ec3n chung&#8217;  . \u0110\u1ec3 \u0111\u1ea3m b\u1ea3o ch\u1ea5t l\u01b0\u1ee3ng v\u00e0 d\u1ecbch v\u1ee5 t\u1ed1t h\u01a1n, ch\u00fang t\u00f4i b\u00e2y gi\u1edd \u0111\u00e3 t\u1eadp trung v\u00e0o qu\u00e1 tr\u00ecnh s\u1ea3n xu\u1ea5t. V\u00ec v\u1eady, b\u1ea1n n\u00ean c\u1ea3m th\u1ea5y t\u1ef1 do li\u00ean h\u1ec7 v\u1edbi ch\u00fang t\u00f4i \u0111\u1ec3 h\u1ecfi.  &#8216; Ph\u1ea5n \u0111\u1ea5u \u0111\u1ec3 ho\u00e0n h\u1ea3o v\u00e0 \u0111\u1ed5i m\u1edbi li\u00ean t\u1ee5c&#8217; kh\u00f4ng ch\u1ec9 l\u00e0 nguy\u00ean nh\u00e2n g\u1ed1c r\u1ec5 c\u1ee7a kinh doanh b\u00f9ng n\u1ed5 v\u00e0 s\u1ef1 ph\u00e1t tri\u1ec3n li\u00ean t\u1ee5c c\u1ee7a doanh nghi\u1ec7p m\u00e0 c\u00f2n l\u00e0 truy\u1ec1n th\u1ed1ng t\u1ed1t c\u1ee7a c\u00f4ng ty ch\u00fang t\u00f4i.<\/p>\n<p><img fetchpriority=\"high\" decoding=\"async\" class=\"alignnone wp-image-1534 size-full\" src=\"http:\/\/www.zongdamining.com\/wp-content\/uploads\/2022\/12\/flameproof-mining-trolley-locomotive46072651080.jpg\" alt=\"\" width=\"730\" height=\"730\" srcset=\"https:\/\/www.zongdamining.com\/wp-content\/uploads\/2022\/12\/flameproof-mining-trolley-locomotive46072651080.jpg 730w, https:\/\/www.zongdamining.com\/wp-content\/uploads\/2022\/12\/flameproof-mining-trolley-locomotive46072651080-300x300.jpg 300w, https:\/\/www.zongdamining.com\/wp-content\/uploads\/2022\/12\/flameproof-mining-trolley-locomotive46072651080-150x150.jpg 150w, https:\/\/www.zongdamining.com\/wp-content\/uploads\/2022\/12\/flameproof-mining-trolley-locomotive46072651080-600x600.jpg 600w, https:\/\/www.zongdamining.com\/wp-content\/uploads\/2022\/12\/flameproof-mining-trolley-locomotive46072651080-100x100.jpg 100w\" sizes=\"(max-width: 730px) 100vw, 730px\" \/><\/p>\n<p><strong>M\u1eabu s\u1ed1: CJY10\/6,7,9G<\/strong><\/p>\n<p><strong>D\u1eef li\u1ec7u k\u1ef9 thu\u1eadt<\/strong><\/p>\n<p>Xe \u0111\u1ea9y khai th\u00e1c m\u1ecf ch\u1ed1ng ch\u00e1y 10t \u0110\u1ed9ng c\u01a1 \u0111\u01b0\u1ee3c chia th\u00e0nh 4 lo\u1ea1i: truy\u1ec1n m\u1ed9t b\u01b0\u1edbc th\u00f4ng th\u01b0\u1eddng, l\u00e0m d\u00e0y t\u1ea5m t\u01b0\u1eddng, truy\u1ec1n hai b\u01b0\u1edbc th\u00f4ng th\u01b0\u1eddng v\u00e0 c\u00e1c lo\u1ea1i k\u00e9o \u0111\u1ed9ng c\u01a1 k\u00e9p. \u0110i\u1ec7n \u00e1p c\u1ee7a n\u00f3 l\u00e0 250v v\u00e0 550v. C\u00e1ch \u0111i\u1ec1u ch\u1ec9nh t\u1ed1c \u0111\u1ed9 c\u00f3 kh\u00e1ng, IGBT Chopper v\u00e0 \u0111i\u1ec1u ch\u1ec9nh t\u1ed1c \u0111\u1ed9 chuy\u1ec3n \u0111\u1ed5i t\u1ea7n s\u1ed1 3 lo\u1ea1i. T\u00ednh n\u0103ng c\u1ee7a n\u00f3: Tr\u1ea1m b\u00e1nh ng\u1eafn, \u0111\u1ed9 c\u1ee9ng t\u1ed1t v\u00e0 hi\u1ec7u su\u1ea5t \u0111\u1ec7m.<\/p>\n<p><img decoding=\"async\" class=\"alignnone wp-image-1533 size-full\" src=\"http:\/\/www.zongdamining.com\/wp-content\/uploads\/2022\/12\/202004211050493dbe3698292040d7a0af94dfcb895955.jpg\" alt=\"\" width=\"750\" height=\"681\" srcset=\"https:\/\/www.zongdamining.com\/wp-content\/uploads\/2022\/12\/202004211050493dbe3698292040d7a0af94dfcb895955.jpg 750w, https:\/\/www.zongdamining.com\/wp-content\/uploads\/2022\/12\/202004211050493dbe3698292040d7a0af94dfcb895955-300x272.jpg 300w, https:\/\/www.zongdamining.com\/wp-content\/uploads\/2022\/12\/202004211050493dbe3698292040d7a0af94dfcb895955-600x545.jpg 600w\" sizes=\"(max-width: 750px) 100vw, 750px\" \/><\/p>\n<table class=\"table\" style=\"width: 100%;\" border=\"0\" width=\"100%\" cellspacing=\"0\" cellpadding=\"0\">\n<tbody>\n<tr class=\"firstRow\">\n<td style=\"width: 37.364%;\" width=\"243\">Tr\u1ecdng l\u01b0\u1ee3ng keo<\/td>\n<td style=\"width: 29.1415%;\" width=\"189\">t<\/td>\n<td style=\"width: 33.3736%;\" width=\"217\">10<\/td>\n<\/tr>\n<tr>\n<td style=\"width: 37.364%;\" width=\"243\">M\u00e1y \u0111o<\/td>\n<td style=\"width: 29.1415%;\" width=\"189\">mm<\/td>\n<td style=\"width: 33.3736%;\" width=\"217\">600\/762\/900<\/td>\n<\/tr>\n<tr>\n<td style=\"width: 37.364%;\" width=\"243\">\u0110i\u1ec7n \u00e1p \u0111\u1ecbnh m\u1ee9c<\/td>\n<td style=\"width: 29.1415%;\" width=\"189\">v<\/td>\n<td style=\"width: 33.3736%;\" width=\"217\">250\/550<\/td>\n<\/tr>\n<tr>\n<td style=\"width: 37.364%;\" width=\"243\">L\u1ef1c k\u00e9o \u0111\u01b0\u1ee3c \u0111\u00e1nh gi\u00e1 gi\u1edd<\/td>\n<td style=\"width: 29.1415%;\" width=\"189\">KN<\/td>\n<td style=\"width: 33.3736%;\" width=\"217\">13.05\/15.09\/18.93<\/td>\n<\/tr>\n<tr>\n<td style=\"width: 37.364%;\" width=\"243\">T\u1ed1c \u0111\u1ed9 \u0111\u00e1nh gi\u00e1 gi\u1edd<\/td>\n<td style=\"width: 29.1415%;\" width=\"189\">Km \/ gi\u1edd<\/td>\n<td style=\"width: 33.3736%;\" width=\"217\">10.05\/11<\/td>\n<\/tr>\n<tr>\n<td style=\"width: 37.364%;\" width=\"243\">\u0110\u1ed9ng c\u01a1 \u0111i\u1ec7n v\u00e0 \u0111i\u1ec7n<\/td>\n<td style=\"width: 29.1415%;\" width=\"189\">KW<\/td>\n<td style=\"width: 33.3736%;\" width=\"217\">2*24 \/ 2*30<\/td>\n<\/tr>\n<tr>\n<td style=\"width: 37.364%;\" width=\"243\">C\u01a1 s\u1edf b\u00e1nh xe<\/td>\n<td style=\"width: 29.1415%;\" width=\"189\">mm<\/td>\n<td style=\"width: 33.3736%;\" width=\"217\">1100\/1220\/1180<\/td>\n<\/tr>\n<tr>\n<td style=\"width: 37.364%;\" width=\"243\">Min. b\u00e1n k\u00ednh cong<\/td>\n<td style=\"width: 29.1415%;\" width=\"189\">m<\/td>\n<td style=\"width: 33.3736%;\" width=\"217\">7\/9\/10<\/td>\n<\/tr>\n<tr>\n<td style=\"width: 37.364%;\" width=\"243\">Dia. c\u1ee7a b\u00e1nh xe<\/td>\n<td style=\"width: 29.1415%;\" width=\"189\">mm<\/td>\n<td style=\"width: 33.3736%;\" width=\"217\">680<\/td>\n<\/tr>\n<tr>\n<td style=\"width: 37.364%;\" width=\"243\">Lo\u1ea1i \u0111i\u1ec1u khi\u1ec3n<\/td>\n<td style=\"width: 29.1415%;\" width=\"189\"><\/td>\n<td style=\"width: 33.3736%;\" width=\"217\">Ki\u1ec3m so\u00e1t kh\u00e1ng ho\u1eb7c Ki\u1ec3m so\u00e1t chopper<\/td>\n<\/tr>\n<tr>\n<td style=\"width: 37.364%;\" width=\"243\">Lo\u1ea1i phanh<\/td>\n<td style=\"width: 29.1415%;\" width=\"189\"><\/td>\n<td style=\"width: 33.3736%;\" width=\"217\">Phanh c\u01a1 kh\u00ed<\/td>\n<\/tr>\n<tr>\n<td style=\"width: 37.364%;\" width=\"243\">Lo\u1ea1i \u1ed5 \u0111\u0129a<\/td>\n<td style=\"width: 29.1415%;\" width=\"189\"><\/td>\n<td style=\"width: 33.3736%;\" width=\"217\">\u0110\u00f3ng hai giai \u0111o\u1ea1n Gear Drive<\/td>\n<\/tr>\n<tr>\n<td style=\"width: 37.364%;\" width=\"243\">Pantograph b\u1ed9 s\u01b0u t\u1eadp<\/td>\n<td style=\"width: 29.1415%;\" width=\"189\"><\/td>\n<td style=\"width: 33.3736%;\" width=\"217\">T\u00f9y ch\u1ec9nh<\/td>\n<\/tr>\n<tr>\n<td style=\"width: 37.364%;\" width=\"243\">K\u00edch th\u01b0\u1edbc b\u00ean ngo\u00e0i<\/td>\n<td style=\"width: 29.1415%;\" width=\"189\">mm<\/td>\n<td style=\"width: 33.3736%;\" width=\"217\">L: 4660\/4470<br \/>\nW: 1050\/1212\/1350<br \/>\nH:1550\/1660\/<\/td>\n<\/tr>\n<\/tbody>\n<\/table>\n<p><img decoding=\"async\" class=\"alignnone wp-image-1535 size-full\" src=\"http:\/\/www.zongdamining.com\/wp-content\/uploads\/2022\/12\/20200421105157f932dd49a94146bc9fe5a5c043e11cee.jpg\" alt=\"\" width=\"750\" height=\"716\" srcset=\"https:\/\/www.zongdamining.com\/wp-content\/uploads\/2022\/12\/20200421105157f932dd49a94146bc9fe5a5c043e11cee.jpg 750w, https:\/\/www.zongdamining.com\/wp-content\/uploads\/2022\/12\/20200421105157f932dd49a94146bc9fe5a5c043e11cee-300x286.jpg 300w, https:\/\/www.zongdamining.com\/wp-content\/uploads\/2022\/12\/20200421105157f932dd49a94146bc9fe5a5c043e11cee-600x573.jpg 600w\" sizes=\"(max-width: 750px) 100vw, 750px\" \/><\/p>\n<p>Ch\u00fang t\u00f4i cam k\u1ebft t\u1ea1o ra c\u00e1c s\u1ea3n ph\u1ea9m \u0111\u00e1ng tin c\u1eady v\u00e0 c\u1ea3i thi\u1ec7n ch\u1ea5t l\u01b0\u1ee3ng d\u1ecbch v\u1ee5 cho kh\u00e1ch h\u00e0ng, v\u00e0 c\u1ed1 g\u1eafng tr\u1edf th\u00e0nh m\u1ed9t nh\u00e0 s\u1ea3n xu\u1ea5t h\u00e0ng \u0111\u1ea7u cho \u0110\u1ed9ng c\u01a1 xe \u0111\u1ea9y ch\u1ea5t l\u01b0\u1ee3ng cao Cjy6 \/ 6 cho khai th\u00e1c m\u1ecf trong ng\u00e0nh c\u00f4ng nghi\u1ec7p. Ch\u00fang t\u00f4i \u0111\u00e3 thi\u1ebft l\u1eadp m\u1ed1i quan h\u1ec7 tin t\u01b0\u1edfng t\u1ed1t v\u1edbi c\u00e1c th\u01b0\u01a1ng hi\u1ec7u n\u1ed5i ti\u1ebfng th\u1ebf gi\u1edbi. C\u00f4ng ty \u0111\u00e3 theo k\u1ecbp t\u1ed1c \u0111\u1ed9 c\u1ee7a th\u1eddi \u0111\u1ea1i, nh\u1eafm \u0111\u1ebfn m\u1ee9c \u0111\u1ed9 ti\u00ean ti\u1ebfn qu\u1ed1c t\u1ebf, v\u00e0 s\u1ea3n xu\u1ea5t m\u1ed9t lo\u1ea1t c\u00e1c s\u1ea3n ph\u1ea9m \u0111\u00e1p \u1ee9ng nhu c\u1ea7u c\u1ee7a c\u00e1c th\u1ecb tr\u01b0\u1eddng qu\u1ed1c t\u1ebf kh\u00e1c nhau.<\/p>","protected":false},"excerpt":{"rendered":"<p>Xe \u0111\u1ea9y khai th\u00e1c m\u1ecf ch\u1ed1ng ch\u00e1y 10t \u0110\u1ed9ng c\u01a1 \u0111\u01b0\u1ee3c chia th\u00e0nh 4 lo\u1ea1i: truy\u1ec1n m\u1ed9t b\u01b0\u1edbc th\u00f4ng th\u01b0\u1eddng, l\u00e0m d\u00e0y t\u1ea5m t\u01b0\u1eddng, truy\u1ec1n hai b\u01b0\u1edbc th\u00f4ng th\u01b0\u1eddng v\u00e0 c\u00e1c lo\u1ea1i k\u00e9o \u0111\u1ed9ng c\u01a1 k\u00e9p. \u0110i\u1ec7n \u00e1p c\u1ee7a n\u00f3 l\u00e0 250v v\u00e0 550v.<\/p>","protected":false},"featured_media":1534,"comment_status":"open","ping_status":"closed","template":"","meta":{"_acf_changed":false},"product_brand":[],"product_cat":[27],"product_tag":[],"class_list":{"0":"post-1532","1":"product","2":"type-product","3":"status-publish","4":"has-post-thumbnail","6":"product_cat-underground-mining-locomotives","8":"first","9":"instock","10":"shipping-taxable","11":"product-type-simple"},"acf":[],"_links":{"self":[{"href":"https:\/\/www.zongdamining.com\/vi\/wp-json\/wp\/v2\/product\/1532","targetHints":{"allow":["GET"]}}],"collection":[{"href":"https:\/\/www.zongdamining.com\/vi\/wp-json\/wp\/v2\/product"}],"about":[{"href":"https:\/\/www.zongdamining.com\/vi\/wp-json\/wp\/v2\/types\/product"}],"replies":[{"embeddable":true,"href":"https:\/\/www.zongdamining.com\/vi\/wp-json\/wp\/v2\/comments?post=1532"}],"wp:featuredmedia":[{"embeddable":true,"href":"https:\/\/www.zongdamining.com\/vi\/wp-json\/wp\/v2\/media\/1534"}],"wp:attachment":[{"href":"https:\/\/www.zongdamining.com\/vi\/wp-json\/wp\/v2\/media?parent=1532"}],"wp:term":[{"taxonomy":"product_brand","embeddable":true,"href":"https:\/\/www.zongdamining.com\/vi\/wp-json\/wp\/v2\/product_brand?post=1532"},{"taxonomy":"product_cat","embeddable":true,"href":"https:\/\/www.zongdamining.com\/vi\/wp-json\/wp\/v2\/product_cat?post=1532"},{"taxonomy":"product_tag","embeddable":true,"href":"https:\/\/www.zongdamining.com\/vi\/wp-json\/wp\/v2\/product_tag?post=1532"}],"curies":[{"name":"WP","href":"https:\/\/api.w.org\/{rel}","templated":true}]}}