{"id":1548,"date":"2022-12-12T15:58:20","date_gmt":"2022-12-12T07:58:20","guid":{"rendered":"http:\/\/www.zongdamining.com\/?post_type=product&#038;p=1548"},"modified":"2023-11-16T14:55:10","modified_gmt":"2023-11-16T06:55:10","slug":"underground-miner-carrier","status":"publish","type":"product","link":"https:\/\/www.zongdamining.com\/vi\/product\/underground-miner-carrier\/","title":{"rendered":"Ng\u01b0\u1eddi khai th\u00e1c m\u1ecf ng\u1ea7m"},"content":{"rendered":"<p><img fetchpriority=\"high\" decoding=\"async\" class=\"alignnone size-medium wp-image-1810\" src=\"http:\/\/www.zongdamining.com\/wp-content\/uploads\/2022\/12\/1700115539341-300x168.png\" alt=\"\" width=\"300\" height=\"168\" srcset=\"https:\/\/www.zongdamining.com\/wp-content\/uploads\/2022\/12\/1700115539341-300x168.png 300w, https:\/\/www.zongdamining.com\/wp-content\/uploads\/2022\/12\/1700115539341.png 540w\" sizes=\"(max-width: 300px) 100vw, 300px\" \/><\/p>\n<p>V\u1eadn chuy\u1ec3n nh\u00e2n vi\u00ean lo\u1ea1i ZUPC-16 l\u00e0 m\u1ed9t m\u1ecf \u0111\u01b0\u1eddng n\u00fai kh\u00f4ng than v\u1eadn chuy\u1ec3n nh\u00e2n vi\u00ean \u0111\u01b0\u1ee3c ph\u00e1t tri\u1ec3n v\u00e0 thi\u1ebft k\u1ebf \u0111\u1ed9c l\u1eadp b\u1edfi c\u00f4ng ty ch\u00fang t\u00f4i d\u1ef1a tr\u00ean c\u00e1c ti\u00eau chu\u1ea9n v\u00e0 y\u00eau c\u1ea7u an to\u00e0n qu\u1ed1c gia m\u1edbi nh\u1ea5t, t\u00edch h\u1ee3p c\u00f4ng ngh\u1ec7 ti\u00ean ti\u1ebfn \u1edf trong n\u01b0\u1edbc v\u00e0 n\u01b0\u1edbc ngo\u00e0i. N\u00f3 \u0111\u01b0\u1ee3c \u00e1p d\u1ee5ng r\u1ed9ng r\u00e3i cho ng\u01b0\u1eddi \u0111i b\u1ed9 tr\u00ean \u0111\u01b0\u1eddng n\u00fai kh\u00f4ng m\u1ecf than.<\/p>\n<p>Thi\u1ebft k\u1ebf c\u1ea5u tr\u00fac khoa h\u1ecdc v\u00e0 h\u1ee3p l\u00fd \u0111\u00e1p \u1ee9ng c\u00e1c y\u00eau c\u1ea7u c\u1ee7a \u0111i\u1ec1u ki\u1ec7n l\u00e0m vi\u1ec7c kh\u00e1c nhau nh\u01b0 b\u00e1n k\u00ednh xoay, leo d\u1ed1c v\u00e0 \u0111\u01b0\u1eddng \u0111i tr\u00ean \u0111\u01b0\u1eddng trong c\u00e1c m\u1ecf kh\u00e1c nhau. Thi\u1ebft k\u1ebf khung xe \u0111\u1eb7c bi\u1ec7t, c\u1ea7u \u01b0\u1edbt \u0111\u01b0\u1ee3c ni\u00eam phong ho\u00e0n to\u00e0n (lo\u1ea1i b\u1ea3o v\u1ec7 m\u1ea5t \u00e1p su\u1ea5t) v\u00e0 h\u1ec7 th\u1ed1ng phanh MICO ph\u00f9 h\u1ee3p c\u1ee7a M\u1ef9 an to\u00e0n, \u1ed5n \u0111\u1ecbnh v\u00e0 \u0111\u00e1ng tin c\u1eady, d\u1eabn \u0111\u1ea7u.<\/p>\n<p>\u00c1p d\u1ee5ng qu\u00e1 tr\u00ecnh d\u1eadp th\u00e9p c\u1ea5u tr\u00fac c\u01b0\u1eddng \u0111\u1ed9 cao, qu\u00e1 tr\u00ecnh l\u00e3o h\u00f3a c\u0103ng th\u1eb3ng v\u00e0 c\u00f4ng ngh\u1ec7 h\u00e0n \u0111\u01b0\u1ee3c che ch\u1eafn b\u1eb1ng kh\u00ed, ph\u01b0\u01a1ng ti\u1ec7n&#8217; C\u00e1c th\u00e0nh ph\u1ea7n c\u1ea5u tr\u00fac c\u00f3 th\u1ec3 ch\u1ecbu \u0111\u01b0\u1ee3c t\u1ea3i m\u1ea1nh sau khi x\u00e1c minh s\u1ee9c m\u1ea1nh. Taxi v\u00e0 xe \u0111i b\u1ed9 \u0111\u00e3 v\u01b0\u1ee3t qua ch\u1ee9ng nh\u1eadn ki\u1ec3m tra ti\u00eau chu\u1ea9n FOPS v\u00e0 ROPS, cung c\u1ea5p b\u1ea3o v\u1ec7 an to\u00e0n cho t\u00e0i x\u1ebf v\u00e0 h\u00e0nh kh\u00e1ch.<\/p>\n<p>H\u1ec7 th\u1ed1ng l\u00e1i xe v\u00e0 \u0111i\u1ec1u khi\u1ec3n \u00e1p d\u1ee5ng thi\u1ebft k\u1ebf b\u1ed1 tr\u00ed ergonomic h\u1ee3p l\u00fd, cabin \u0111i\u1ec1u h\u00f2a kh\u00f4ng kh\u00ed ni\u00eam phong v\u00e0 c\u1ea5u h\u00ecnh thi\u1ebft k\u1ebf \u0111i\u1ec1u khi\u1ec3n t\u1eadp trung, l\u00e0m cho n\u00f3 d\u1ec5 v\u1eadn h\u00e0nh v\u00e0 tho\u1ea3i m\u00e1i. C\u00e1c th\u00e0nh ph\u1ea7n v\u00e0 b\u1ed9 \u0111i\u1ec1u khi\u1ec3n \u0111i\u1ec7n ch\u00ednh, c\u00e1c th\u00e0nh ph\u1ea7n th\u1ee7y l\u1ef1c v\u00e0 c\u00e1c th\u00e0nh ph\u1ea7n ch\u00ednh c\u1ee7a h\u1ec7 th\u1ed1ng truy\u1ec1n t\u1ea3i \u0111\u1ec1u \u0111\u01b0\u1ee3c s\u1ea3n xu\u1ea5t b\u1edfi c\u00e1c th\u01b0\u01a1ng hi\u1ec7u n\u1ed5i ti\u1ebfng trong n\u01b0\u1edbc v\u00e0 n\u01b0\u1edbc ngo\u00e0i, v\u1edbi hi\u1ec7u su\u1ea5t \u0111\u00e1ng tin c\u1eady.<\/p>\n<p>Sau khi b\u1eafn n\u1ed5 nghi\u00eam ng\u1eb7t v\u00e0 lo\u1ea1i b\u1ecf g\u1ec9, primer ch\u1ed1ng g\u1ec9 c\u00f3 th\u1ec3 \u0111\u00e1p \u1ee9ng c\u00e1c y\u00eau c\u1ea7u k\u1ef9 thu\u1eadt c\u1ee7a l\u1edbp m\u00e1y bay Carrier, l\u00e0m cho thi\u1ebft b\u1ecb ch\u1ed1ng g\u1ec9, \u0103n m\u00f2n v\u00e0 tu\u1ed5i th\u1ecd ho\u1ea1t \u0111\u1ed9ng kh\u00e1c nhau.<\/p>\n<ol>\n<li>K\u00edch th\u01b0\u1edbc t\u1ed5ng th\u1ec3<img decoding=\"async\" class=\"alignnone size-medium wp-image-1812\" src=\"http:\/\/www.zongdamining.com\/wp-content\/uploads\/2022\/12\/1700115652036-300x197.png\" alt=\"\" width=\"300\" height=\"197\" srcset=\"https:\/\/www.zongdamining.com\/wp-content\/uploads\/2022\/12\/1700115652036-300x197.png 300w, https:\/\/www.zongdamining.com\/wp-content\/uploads\/2022\/12\/1700115652036.png 553w\" sizes=\"(max-width: 300px) 100vw, 300px\" \/><img decoding=\"async\" class=\"alignnone size-medium wp-image-1813\" src=\"http:\/\/www.zongdamining.com\/wp-content\/uploads\/2022\/12\/1700115641056-300x210.png\" alt=\"\" width=\"300\" height=\"210\" srcset=\"https:\/\/www.zongdamining.com\/wp-content\/uploads\/2022\/12\/1700115641056-300x210.png 300w, https:\/\/www.zongdamining.com\/wp-content\/uploads\/2022\/12\/1700115641056.png 554w\" sizes=\"(max-width: 300px) 100vw, 300px\" \/><\/li>\n<li>Gi\u1edbi thi\u1ec7u v\u1ec1 th\u00e2n xe<\/li>\n<li>\u00a0M\u1ed9t m\u00e1y \u1ea3nh \u0111\u01b0\u1ee3c l\u1eafp \u0111\u1eb7t b\u00ean trong xe \u0111\u1ec3 t\u1ea1o \u0111i\u1ec1u ki\u1ec7n cho t\u00e0i x\u1ebf quan s\u00e1t t\u00ecnh h\u00ecnh b\u00ean trong xe.<img loading=\"lazy\" decoding=\"async\" class=\"alignnone size-medium wp-image-1814\" src=\"http:\/\/www.zongdamining.com\/wp-content\/uploads\/2022\/12\/1700115799136-300x169.png\" alt=\"\" width=\"300\" height=\"169\" srcset=\"https:\/\/www.zongdamining.com\/wp-content\/uploads\/2022\/12\/1700115799136-300x169.png 300w, https:\/\/www.zongdamining.com\/wp-content\/uploads\/2022\/12\/1700115799136.png 454w\" sizes=\"(max-width: 300px) 100vw, 300px\" \/><\/li>\n<li>\u00a0Cabin \u0111\u01b0\u1ee3c trang b\u1ecb m\u1ed9t m\u00e1y li\u00ean l\u1ea1c hai chi\u1ec1u \u0111\u1ec3 t\u1ea1o \u0111i\u1ec1u ki\u1ec7n cho giao ti\u1ebfp gi\u1eefa h\u00e0nh kh\u00e1ch v\u00e0 t\u00e0i x\u1ebf.<img loading=\"lazy\" decoding=\"async\" class=\"alignnone size-medium wp-image-1815\" src=\"http:\/\/www.zongdamining.com\/wp-content\/uploads\/2022\/12\/1700115956863-300x293.png\" alt=\"\" width=\"300\" height=\"293\" srcset=\"https:\/\/www.zongdamining.com\/wp-content\/uploads\/2022\/12\/1700115956863-300x293.png 300w, https:\/\/www.zongdamining.com\/wp-content\/uploads\/2022\/12\/1700115956863.png 454w\" sizes=\"(max-width: 300px) 100vw, 300px\" \/><\/li>\n<li>\u00a0Gh\u1ebf cabin v\u00e0 gh\u1ebf h\u00e0nh kh\u00e1ch \u0111\u01b0\u1ee3c trang b\u1ecb gh\u1ebf h\u1ea5p th\u1ee5 s\u1ed1c c\u01a1 h\u1ecdc \u0111\u1ec3 l\u00e0m cho h\u00e0nh kh\u00e1ch tho\u1ea3i m\u00e1i trong khi l\u00e1i xe<img loading=\"lazy\" decoding=\"async\" class=\"alignnone size-medium wp-image-1817\" src=\"http:\/\/www.zongdamining.com\/wp-content\/uploads\/2022\/12\/1700116110046-300x178.png\" alt=\"\" width=\"300\" height=\"178\" srcset=\"https:\/\/www.zongdamining.com\/wp-content\/uploads\/2022\/12\/1700116110046-300x178.png 300w, https:\/\/www.zongdamining.com\/wp-content\/uploads\/2022\/12\/1700116110046.png 470w\" sizes=\"(max-width: 300px) 100vw, 300px\" \/><\/li>\n<li>\u00a0Th\u00e2n xe \u0111\u01b0\u1ee3c trang b\u1ecb c\u1eeda h\u00e0nh kh\u00e1ch \u1edf ph\u00eda tr\u01b0\u1edbc v\u00e0 ph\u00eda sau, v\u00e0 ph\u1ea7n b\u1ea3n l\u1ec1 l\u00e0 c\u1eeda kh\u1ea9n c\u1ea5p. Trong tr\u01b0\u1eddng h\u1ee3p kh\u1ea9n c\u1ea5p, b\u1ea1n c\u00f3 th\u1ec3 tho\u00e1t kh\u1ecfi c\u1eeda kh\u1ea9n c\u1ea5p.<img loading=\"lazy\" decoding=\"async\" class=\"alignnone size-medium wp-image-1818\" src=\"http:\/\/www.zongdamining.com\/wp-content\/uploads\/2022\/12\/1700116156558-300x103.png\" alt=\"\" width=\"300\" height=\"103\" srcset=\"https:\/\/www.zongdamining.com\/wp-content\/uploads\/2022\/12\/1700116156558-300x103.png 300w, https:\/\/www.zongdamining.com\/wp-content\/uploads\/2022\/12\/1700116156558-600x206.png 600w, https:\/\/www.zongdamining.com\/wp-content\/uploads\/2022\/12\/1700116156558.png 666w\" sizes=\"(max-width: 300px) 100vw, 300px\" \/><\/li>\n<\/ol>","protected":false},"excerpt":{"rendered":"<p>C\u00e1c t\u00e0u v\u1eadn chuy\u1ec3n nh\u00e2n vi\u00ean ng\u1ea7m ZDRU-8k, ZDRU-10k v\u00e0 ZDRU-20k do ZONGDA s\u1ea3n xu\u1ea5t ch\u1ee7 y\u1ebfu \u0111\u01b0\u1ee3c s\u1eed d\u1ee5ng \u0111\u1ec3 v\u1eadn chuy\u1ec3n nh\u00e2n vi\u00ean ng\u1ea7m trong m\u1ecf. H\u1ec7 th\u1ed1ng \u0111i\u1ec7n bao g\u1ed3m \u0111\u1ed9ng c\u01a1 Cummins, Xichai v\u00e0 Weichai.<\/p>","protected":false},"featured_media":1467,"comment_status":"open","ping_status":"closed","template":"","meta":{"_acf_changed":false},"product_brand":[],"product_cat":[15],"product_tag":[],"class_list":{"0":"post-1548","1":"product","2":"type-product","3":"status-publish","4":"has-post-thumbnail","6":"product_cat-trackless-mining-equipment","8":"first","9":"instock","10":"shipping-taxable","11":"product-type-simple"},"acf":[],"_links":{"self":[{"href":"https:\/\/www.zongdamining.com\/vi\/wp-json\/wp\/v2\/product\/1548","targetHints":{"allow":["GET"]}}],"collection":[{"href":"https:\/\/www.zongdamining.com\/vi\/wp-json\/wp\/v2\/product"}],"about":[{"href":"https:\/\/www.zongdamining.com\/vi\/wp-json\/wp\/v2\/types\/product"}],"replies":[{"embeddable":true,"href":"https:\/\/www.zongdamining.com\/vi\/wp-json\/wp\/v2\/comments?post=1548"}],"wp:featuredmedia":[{"embeddable":true,"href":"https:\/\/www.zongdamining.com\/vi\/wp-json\/wp\/v2\/media\/1467"}],"wp:attachment":[{"href":"https:\/\/www.zongdamining.com\/vi\/wp-json\/wp\/v2\/media?parent=1548"}],"wp:term":[{"taxonomy":"product_brand","embeddable":true,"href":"https:\/\/www.zongdamining.com\/vi\/wp-json\/wp\/v2\/product_brand?post=1548"},{"taxonomy":"product_cat","embeddable":true,"href":"https:\/\/www.zongdamining.com\/vi\/wp-json\/wp\/v2\/product_cat?post=1548"},{"taxonomy":"product_tag","embeddable":true,"href":"https:\/\/www.zongdamining.com\/vi\/wp-json\/wp\/v2\/product_tag?post=1548"}],"curies":[{"name":"WP","href":"https:\/\/api.w.org\/{rel}","templated":true}]}}