{"id":1551,"date":"2022-12-12T16:01:09","date_gmt":"2022-12-12T08:01:09","guid":{"rendered":"http:\/\/www.zongdamining.com\/?post_type=product&#038;p=1551"},"modified":"2022-12-12T16:01:09","modified_gmt":"2022-12-12T08:01:09","slug":"underground-shotcrete-spraying-machine","status":"publish","type":"product","link":"https:\/\/www.zongdamining.com\/vi\/product\/underground-shotcrete-spraying-machine\/","title":{"rendered":"M\u00e1y phun b\u00ea t\u00f4ng ng\u1ea7m"},"content":{"rendered":"<p><img fetchpriority=\"high\" decoding=\"async\" class=\"alignnone wp-image-1547 size-full\" src=\"http:\/\/www.zongdamining.com\/wp-content\/uploads\/2022\/12\/underground-concrete-spraying-truck50382040108.jpg\" alt=\"\" width=\"730\" height=\"730\" srcset=\"https:\/\/www.zongdamining.com\/wp-content\/uploads\/2022\/12\/underground-concrete-spraying-truck50382040108.jpg 730w, https:\/\/www.zongdamining.com\/wp-content\/uploads\/2022\/12\/underground-concrete-spraying-truck50382040108-300x300.jpg 300w, https:\/\/www.zongdamining.com\/wp-content\/uploads\/2022\/12\/underground-concrete-spraying-truck50382040108-150x150.jpg 150w, https:\/\/www.zongdamining.com\/wp-content\/uploads\/2022\/12\/underground-concrete-spraying-truck50382040108-600x600.jpg 600w, https:\/\/www.zongdamining.com\/wp-content\/uploads\/2022\/12\/underground-concrete-spraying-truck50382040108-100x100.jpg 100w\" sizes=\"(max-width: 730px) 100vw, 730px\" \/><\/p>\n<p><strong>H\u1ec7 th\u1ed1ng ZDPB20T<\/strong><\/p>\n<p>M\u00e1y phun shotcrete ng\u1ea7m ZDPB20T l\u00e0 m\u1ed9t c\u00f4ng c\u1ee5 phun \u0111\u00e1ng tin c\u1eady v\u1edbi nghi\u00ean c\u1ee9u v\u00e0 ph\u00e1t tri\u1ec3n \u0111\u1eb7c bi\u1ec7t v\u1ec1 b\u1ec1 m\u1eb7t c\u1ee9ng v\u00e0 h\u00ecnh th\u00e0nh l\u1edbp h\u1ed7 tr\u1ee3 b\u00ea t\u00f4ng d\u1ef1a tr\u00ean \u0111i\u1ec1u ki\u1ec7n l\u00e0m vi\u1ec7c th\u1ef1c t\u1ebf v\u00e0 nhu c\u1ea7u c\u1ee7a ng\u1ea7m v\u00e0 kinh nghi\u1ec7m th\u00e0nh c\u00f4ng c\u1ee7a nhi\u1ec1u xe \u0111\u1ea9y shotcrete \u01b0\u1edbt trong n\u01b0\u1edbc v\u00e0 \u0111i\u1ec1u khi\u1ec3n t\u1ef1 \u0111\u1ed9ng.  (Xem h\u00ecnh b\u00ean ph\u1ea3i cho h\u00ecnh d\u1ea1ng c\u1ee7a xe \u0111\u1ea9y).<\/p>\n<p><img decoding=\"async\" class=\"alignnone wp-image-1553 size-full\" src=\"http:\/\/www.zongdamining.com\/wp-content\/uploads\/2022\/12\/20200525165700fba69be9a1bb4029834084aca6ac1166.jpg\" alt=\"\" width=\"750\" height=\"618\" srcset=\"https:\/\/www.zongdamining.com\/wp-content\/uploads\/2022\/12\/20200525165700fba69be9a1bb4029834084aca6ac1166.jpg 750w, https:\/\/www.zongdamining.com\/wp-content\/uploads\/2022\/12\/20200525165700fba69be9a1bb4029834084aca6ac1166-300x247.jpg 300w, https:\/\/www.zongdamining.com\/wp-content\/uploads\/2022\/12\/20200525165700fba69be9a1bb4029834084aca6ac1166-600x494.jpg 600w\" sizes=\"(max-width: 750px) 100vw, 750px\" \/><\/p>\n<p><strong>D\u1eef li\u1ec7u k\u1ef9 thu\u1eadt<\/strong><\/p>\n<p>&nbsp;<\/p>\n<table class=\"table\" border=\"0\" width=\"100%\" cellspacing=\"0\" cellpadding=\"0\">\n<tbody>\n<tr class=\"firstRow\">\n<td width=\"114\"><strong>Th\u1ec3 lo\u1ea1i<\/strong><\/td>\n<td width=\"114\"><strong>S.N<\/strong><\/td>\n<td width=\"153\"><strong>M\u1ee5c<\/strong><\/td>\n<td width=\"284\"><strong>H\u1ec7 th\u1ed1ng ZDPB20T<\/strong><\/td>\n<\/tr>\n<tr>\n<td rowspan=\"12\" width=\"114\">L\u1eafp r\u00e1p khung<\/td>\n<td width=\"114\">1<\/td>\n<td width=\"153\">K\u00edch th\u01b0\u1edbc<\/td>\n<td width=\"284\">7462\u00d71997\u00d72463mm<\/td>\n<\/tr>\n<tr>\n<td width=\"114\">2<\/td>\n<td width=\"153\">B\u00e1n k\u00ednh xoay<\/td>\n<td width=\"284\">B\u00ean trong 3870 \/ B\u00ean ngo\u00e0i 6133mm<\/td>\n<\/tr>\n<tr>\n<td width=\"114\">3<\/td>\n<td width=\"153\">\u0110\u1ed9ng c\u01a1<\/td>\n<td width=\"284\">\u0110\u1ed9ng c\u01a1 diesel Deutz<\/td>\n<\/tr>\n<tr>\n<td width=\"114\">4<\/td>\n<td width=\"153\">C\u00f4ng su\u1ea5t \u0111\u1ecbnh m\u1ee9c<\/td>\n<td width=\"284\">103kw<\/td>\n<\/tr>\n<tr>\n<td width=\"114\">5<\/td>\n<td width=\"153\">Ti\u00eau chu\u1ea9n ph\u00e1t th\u1ea3i<\/td>\n<td width=\"284\">Ti\u00eau chu\u1ea9n ph\u00e1t th\u1ea3i qu\u1ed1c gia III<\/td>\n<\/tr>\n<tr>\n<td width=\"114\">6<\/td>\n<td width=\"153\">H\u00ecnh d\u1ea1ng khung<\/td>\n<td width=\"284\">Chassis \u0111\u01b0\u1ee3c s\u1eed d\u1ee5ng cho m\u1ecf<\/td>\n<\/tr>\n<tr>\n<td width=\"114\">7<\/td>\n<td width=\"153\">M\u1eabu truy\u1ec1n<\/td>\n<td width=\"284\">Truy\u1ec1n t\u1ea3i c\u01a1 kh\u00ed th\u1ee7y l\u1ef1c<\/td>\n<\/tr>\n<tr>\n<td width=\"114\">8<\/td>\n<td width=\"153\">T\u1ed1c \u0111\u1ed9 l\u00e1i xe<\/td>\n<td width=\"284\">3 b\u00e1nh r\u0103ng, 0-26km \/ h<\/td>\n<\/tr>\n<tr>\n<td rowspan=\"3\" width=\"114\">9<\/td>\n<td rowspan=\"3\" width=\"153\">H\u1ec7 th\u1ed1ng phanh<\/td>\n<td width=\"284\">Phanh v\u00f2ng k\u00e9p \u01b0\u1edbt b\u1ed1n b\u00e1nh:<\/td>\n<\/tr>\n<tr>\n<td width=\"284\">Phanh \u0111\u1ed7 xe l\u00e0 phanh m\u00f9a xu\u00e2n, gi\u1ea3i ph\u00f3ng th\u1ee7y l\u1ef1c;<\/td>\n<\/tr>\n<tr>\n<td width=\"284\">Phanh d\u1ecbch v\u1ee5 l\u00e0 phanh th\u1ee7y l\u1ef1c, gi\u1ea3i ph\u00f3ng m\u00f9a xu\u00e2n.<\/td>\n<\/tr>\n<tr>\n<td width=\"114\">10<\/td>\n<td width=\"153\">\u0110\u1ed9 ph\u00e2n c\u1ea5p t\u1ed1i \u0111a<\/td>\n<td width=\"284\">15\u00b0<\/td>\n<\/tr>\n<\/tbody>\n<\/table>\n<p>&nbsp;<\/p>\n<p>&nbsp;<\/p>\n<p>&nbsp;<\/p>\n<table class=\"table\" border=\"0\" width=\"100%\" cellspacing=\"0\" cellpadding=\"0\">\n<tbody>\n<tr class=\"firstRow\">\n<td width=\"114\"><strong>Th\u1ec3 lo\u1ea1i<\/strong><\/td>\n<td width=\"114\"><strong>S.N<\/strong><\/td>\n<td width=\"153\"><strong>M\u1ee5c<\/strong><\/td>\n<td width=\"284\"><strong>S\u1ea3n ph\u1ea9m CSPB20T<\/strong><\/td>\n<\/tr>\n<tr>\n<td rowspan=\"10\" width=\"114\">H\u1ec7 th\u1ed1ng phun b\u00ea t\u00f4ng<\/td>\n<td width=\"114\">1<\/td>\n<td width=\"153\">M\u1eabu v\u1eadn chuy\u1ec3n<\/td>\n<td width=\"284\">Ki\u1ec3m so\u00e1t th\u1ee7y l\u1ef1c lo\u1ea1i piston, chuy\u1ec3n \u0111\u1ed5i t\u1ef1 \u0111\u1ed9ng c\u1ee7a van \u1ed1ng swing S<\/td>\n<\/tr>\n<tr>\n<td width=\"114\">2<\/td>\n<td width=\"153\">C\u00f4ng su\u1ea5t b\u01a1m l\u00fd thuy\u1ebft<\/td>\n<td width=\"284\">20 m\u00b3 \/ gi\u1edd<\/td>\n<\/tr>\n<tr>\n<td width=\"114\">3<\/td>\n<td width=\"153\">K\u00edch th\u01b0\u1edbc h\u1ea1t t\u1ed1i \u0111a \u0111\u01b0\u1ee3c ph\u00e9p<\/td>\n<td width=\"284\">16 mm<\/td>\n<\/tr>\n<tr>\n<td width=\"114\">4<\/td>\n<td width=\"153\">Kh\u1ed1i l\u01b0\u1ee3ng Hopper<\/td>\n<td width=\"284\">520L<\/td>\n<\/tr>\n<tr>\n<td width=\"114\">5<\/td>\n<td width=\"153\">Chi\u1ec1u cao th\u1ee9c \u0103n<\/td>\n<td width=\"284\">T\u1eeb 1200mm<\/td>\n<\/tr>\n<tr>\n<td width=\"114\">6<\/td>\n<td width=\"153\">\u0110i\u1ec1u khi\u1ec3n c\u00e1nh tay robot<\/td>\n<td width=\"284\">Th\u1ee7y l\u1ef1c \u0111\u1ea7y \u0111\u1ee7 b\u1ed1n ph\u1ea7n ba l\u1ea7n, ch\u1ebf \u0111\u1ed9 \u0111i\u1ec1u khi\u1ec3n t\u1eeb xa c\u00f3 d\u00e2y \/ kh\u00f4ng d\u00e2y<\/td>\n<\/tr>\n<tr>\n<td width=\"114\">7<\/td>\n<td width=\"153\">Chi\u1ec1u cao phun t\u1ed1i \u0111a<\/td>\n<td width=\"284\">8 m\u00e9t<\/td>\n<\/tr>\n<tr>\n<td width=\"114\">8<\/td>\n<td width=\"153\">Chi\u1ec1u r\u1ed9ng phun t\u1ed1i \u0111a<\/td>\n<td width=\"284\">16 m\u00e9t<\/td>\n<\/tr>\n<tr>\n<td width=\"114\">9<\/td>\n<td width=\"153\">Ph\u1ea1m vi phun phun<\/td>\n<td width=\"284\">V\u1edbi s\u00e1u \u0111\u1ed9 t\u1ef1 do, ph\u1ea3n l\u1ef1c ph\u1ea3n l\u1ef1c ph\u1ea1m vi h\u00ecnh c\u1ea7u 240 \u00b0 v\u00e0 \u0111\u00e1nh ch\u1ea3i t\u1ef1 \u0111\u1ed9ng<\/td>\n<\/tr>\n<tr>\n<td width=\"114\">10<\/td>\n<td width=\"153\">M\u1eabu l\u00e1i xe<\/td>\n<td width=\"284\">\u0110\u1ed9ng c\u01a1 cho l\u00e1i xe b\u00ecnh th\u01b0\u1eddng v\u00e0 \u0111\u1ed9ng c\u01a1 diesel cho l\u00e1i xe kh\u1ea9n c\u1ea5p<\/td>\n<\/tr>\n<\/tbody>\n<\/table>\n<p>&nbsp;<\/p>\n<p>&nbsp;<\/p>\n<table class=\"table\" border=\"0\" width=\"100%\" cellspacing=\"0\" cellpadding=\"0\">\n<tbody>\n<tr class=\"firstRow\">\n<td width=\"114\"><strong>Th\u1ec3 lo\u1ea1i<\/strong><\/td>\n<td width=\"114\"><strong>S.N<\/strong><\/td>\n<td width=\"153\"><strong>M\u1ee5c<\/strong><\/td>\n<td width=\"284\"><strong>H\u1ec7 th\u1ed1ng ZDPB20T<\/strong><\/td>\n<\/tr>\n<tr>\n<td rowspan=\"5\" width=\"114\">H\u1ec7 th\u1ed1ng gia t\u1ed1c<\/td>\n<td width=\"114\">1<\/td>\n<td width=\"153\">M\u1eabu<\/td>\n<td width=\"284\">\u0110\u01b0\u1ee3c \u0111i\u1ec1u khi\u1ec3n b\u1edfi \u0111\u1ed9ng c\u01a1 v\u00e0 kh\u1ed1i l\u01b0\u1ee3ng v\u1eadn chuy\u1ec3n c\u00f3 th\u1ec3 \u0111i\u1ec1u ch\u1ec9nh \u0111\u01b0\u1ee3c<\/td>\n<\/tr>\n<tr>\n<td width=\"114\">2<\/td>\n<td width=\"153\">C\u00f4ng su\u1ea5t l\u00e0m \u0111\u1ea7y<\/td>\n<td width=\"284\">50-600L\/h<\/td>\n<\/tr>\n<tr>\n<td width=\"114\">3<\/td>\n<td width=\"153\">M\u00e1y t\u0103ng t\u1ed1c<\/td>\n<td width=\"284\">M\u00e1y t\u0103ng t\u1ed1c ch\u1ea5t l\u1ecfng \u0111\u00f3ng chai<\/td>\n<\/tr>\n<tr>\n<td width=\"114\">4<\/td>\n<td width=\"153\">H\u1ec7 th\u1ed1ng \u0111i\u1ec1u khi\u1ec3n<\/td>\n<td width=\"284\">\u0110\u1ea7u ra \u0111\u1ed3ng b\u1ed9 v\u1edbi kh\u1ed1i l\u01b0\u1ee3ng b\u01a1m b\u00ea t\u00f4ng, c\u00f3 th\u1ec3 \u0111i\u1ec1u ch\u1ec9nh<\/td>\n<\/tr>\n<tr>\n<td width=\"114\">5<\/td>\n<td width=\"153\">K\u1ebft n\u1ed1i v\u1edbi v\u00f2i phun<\/td>\n<td width=\"284\">\u0110\u1ea7u v\u00e0o \u1edf c\u1ea3 hai b\u00ean<\/td>\n<\/tr>\n<tr>\n<td rowspan=\"3\" width=\"114\">H\u1ec7 th\u1ed1ng l\u00e0m s\u1ea1ch<\/td>\n<td width=\"114\">6<\/td>\n<td width=\"153\">M\u1eabu<\/td>\n<td width=\"284\">B\u01a1m p\u00edt t\u00f4ng \u0111\u01b0\u1ee3c \u0111i\u1ec1u khi\u1ec3n b\u1eb1ng th\u1ee7y l\u1ef1c v\u1edbi s\u00fang n\u01b0\u1edbc \u00e1p su\u1ea5t cao<\/td>\n<\/tr>\n<tr>\n<td width=\"114\">7<\/td>\n<td width=\"153\">Kh\u1ed1i l\u01b0\u1ee3ng b\u1ec3<\/td>\n<td width=\"284\">130L<\/td>\n<\/tr>\n<tr>\n<td width=\"114\">8<\/td>\n<td width=\"153\">C\u00f4ng su\u1ea5t \u0111\u1ea7u ra<\/td>\n<td width=\"284\">11L \/ ph\u00fat<\/td>\n<\/tr>\n<tr>\n<td rowspan=\"2\" width=\"114\">M\u00e1y n\u00e9n kh\u00ed<\/td>\n<td width=\"114\">9<\/td>\n<td width=\"153\">M\u1eabu<\/td>\n<td width=\"284\">\u0110\u1ed9ng c\u01a1, m\u00e1y n\u00e9n kh\u00ed v\u00edt<\/td>\n<\/tr>\n<tr>\n<td width=\"114\">10<\/td>\n<td width=\"153\">Cung c\u1ea5p kh\u00f4ng kh\u00ed t\u1ed1i \u0111a<\/td>\n<td width=\"284\">7,5 m\u00b3 \/ ph\u00fat<\/td>\n<\/tr>\n<\/tbody>\n<\/table>\n<p><img decoding=\"async\" class=\"alignnone wp-image-1552 size-full\" src=\"http:\/\/www.zongdamining.com\/wp-content\/uploads\/2022\/12\/20200525165703cf22348c83de4511aabfe9716cd5b33d.jpg\" alt=\"\" width=\"750\" height=\"750\" srcset=\"https:\/\/www.zongdamining.com\/wp-content\/uploads\/2022\/12\/20200525165703cf22348c83de4511aabfe9716cd5b33d.jpg 750w, https:\/\/www.zongdamining.com\/wp-content\/uploads\/2022\/12\/20200525165703cf22348c83de4511aabfe9716cd5b33d-300x300.jpg 300w, https:\/\/www.zongdamining.com\/wp-content\/uploads\/2022\/12\/20200525165703cf22348c83de4511aabfe9716cd5b33d-150x150.jpg 150w, https:\/\/www.zongdamining.com\/wp-content\/uploads\/2022\/12\/20200525165703cf22348c83de4511aabfe9716cd5b33d-600x600.jpg 600w, https:\/\/www.zongdamining.com\/wp-content\/uploads\/2022\/12\/20200525165703cf22348c83de4511aabfe9716cd5b33d-100x100.jpg 100w\" sizes=\"(max-width: 750px) 100vw, 750px\" \/><\/p>\n<p><strong>H\u1ec7 th\u1ed1ng ti\u00eam &#8211; ph\u1ea1m vi ho\u1ea1t \u0111\u1ed9ng<\/strong><\/p>\n<p><img loading=\"lazy\" decoding=\"async\" class=\"alignnone wp-image-1546 size-full\" src=\"http:\/\/www.zongdamining.com\/wp-content\/uploads\/2022\/12\/202005251652092146ead574dc4323a2b5d8640c5d8259.jpg\" alt=\"\" width=\"750\" height=\"750\" srcset=\"https:\/\/www.zongdamining.com\/wp-content\/uploads\/2022\/12\/202005251652092146ead574dc4323a2b5d8640c5d8259.jpg 750w, https:\/\/www.zongdamining.com\/wp-content\/uploads\/2022\/12\/202005251652092146ead574dc4323a2b5d8640c5d8259-300x300.jpg 300w, https:\/\/www.zongdamining.com\/wp-content\/uploads\/2022\/12\/202005251652092146ead574dc4323a2b5d8640c5d8259-150x150.jpg 150w, https:\/\/www.zongdamining.com\/wp-content\/uploads\/2022\/12\/202005251652092146ead574dc4323a2b5d8640c5d8259-600x600.jpg 600w, https:\/\/www.zongdamining.com\/wp-content\/uploads\/2022\/12\/202005251652092146ead574dc4323a2b5d8640c5d8259-100x100.jpg 100w\" sizes=\"(max-width: 750px) 100vw, 750px\" \/><\/p>","protected":false},"excerpt":{"rendered":"<p>M\u00e1y phun shotcrete ng\u1ea7m ZDPB20T l\u00e0 m\u1ed9t c\u00f4ng c\u1ee5 phun \u0111\u00e1ng tin c\u1eady v\u1edbi nghi\u00ean c\u1ee9u v\u00e0 ph\u00e1t tri\u1ec3n \u0111\u1eb7c bi\u1ec7t v\u1ec1 b\u1ec1 m\u1eb7t c\u1ee9ng v\u00e0 h\u00ecnh th\u00e0nh l\u1edbp h\u1ed7 tr\u1ee3 b\u00ea t\u00f4ng d\u1ef1a tr\u00ean \u0111i\u1ec1u ki\u1ec7n l\u00e0m vi\u1ec7c th\u1ef1c t\u1ebf v\u00e0 nhu c\u1ea7u c\u1ee7a ng\u1ea7m v\u00e0 kinh nghi\u1ec7m th\u00e0nh c\u00f4ng c\u1ee7a nhi\u1ec1u xe \u0111\u1ea9y shotcrete \u01b0\u1edbt trong n\u01b0\u1edbc v\u00e0 \u0111i\u1ec1u khi\u1ec3n t\u1ef1 \u0111\u1ed9ng.<\/p>","protected":false},"featured_media":1547,"comment_status":"open","ping_status":"closed","template":"","meta":{"_acf_changed":false},"product_brand":[],"product_cat":[15],"product_tag":[],"class_list":{"0":"post-1551","1":"product","2":"type-product","3":"status-publish","4":"has-post-thumbnail","6":"product_cat-trackless-mining-equipment","8":"first","9":"instock","10":"shipping-taxable","11":"product-type-simple"},"acf":[],"_links":{"self":[{"href":"https:\/\/www.zongdamining.com\/vi\/wp-json\/wp\/v2\/product\/1551","targetHints":{"allow":["GET"]}}],"collection":[{"href":"https:\/\/www.zongdamining.com\/vi\/wp-json\/wp\/v2\/product"}],"about":[{"href":"https:\/\/www.zongdamining.com\/vi\/wp-json\/wp\/v2\/types\/product"}],"replies":[{"embeddable":true,"href":"https:\/\/www.zongdamining.com\/vi\/wp-json\/wp\/v2\/comments?post=1551"}],"wp:featuredmedia":[{"embeddable":true,"href":"https:\/\/www.zongdamining.com\/vi\/wp-json\/wp\/v2\/media\/1547"}],"wp:attachment":[{"href":"https:\/\/www.zongdamining.com\/vi\/wp-json\/wp\/v2\/media?parent=1551"}],"wp:term":[{"taxonomy":"product_brand","embeddable":true,"href":"https:\/\/www.zongdamining.com\/vi\/wp-json\/wp\/v2\/product_brand?post=1551"},{"taxonomy":"product_cat","embeddable":true,"href":"https:\/\/www.zongdamining.com\/vi\/wp-json\/wp\/v2\/product_cat?post=1551"},{"taxonomy":"product_tag","embeddable":true,"href":"https:\/\/www.zongdamining.com\/vi\/wp-json\/wp\/v2\/product_tag?post=1551"}],"curies":[{"name":"WP","href":"https:\/\/api.w.org\/{rel}","templated":true}]}}