{"id":1567,"date":"2022-12-12T16:15:23","date_gmt":"2022-12-12T08:15:23","guid":{"rendered":"http:\/\/www.zongdamining.com\/?post_type=product&#038;p=1567"},"modified":"2022-12-16T11:07:35","modified_gmt":"2022-12-16T03:07:35","slug":"underground-lhd-loader","status":"publish","type":"product","link":"https:\/\/www.zongdamining.com\/vi\/product\/underground-lhd-loader\/","title":{"rendered":"M\u00e1y t\u1ea3i LHD d\u01b0\u1edbi l\u00f2ng \u0111\u1ea5t"},"content":{"rendered":"<p><img fetchpriority=\"high\" decoding=\"async\" class=\"alignnone wp-image-1511 size-full\" src=\"http:\/\/www.zongdamining.com\/wp-content\/uploads\/2022\/12\/underground-lhd-loader34383763888.jpg\" alt=\"\" width=\"730\" height=\"730\" srcset=\"https:\/\/www.zongdamining.com\/wp-content\/uploads\/2022\/12\/underground-lhd-loader34383763888.jpg 730w, https:\/\/www.zongdamining.com\/wp-content\/uploads\/2022\/12\/underground-lhd-loader34383763888-300x300.jpg 300w, https:\/\/www.zongdamining.com\/wp-content\/uploads\/2022\/12\/underground-lhd-loader34383763888-150x150.jpg 150w, https:\/\/www.zongdamining.com\/wp-content\/uploads\/2022\/12\/underground-lhd-loader34383763888-600x600.jpg 600w, https:\/\/www.zongdamining.com\/wp-content\/uploads\/2022\/12\/underground-lhd-loader34383763888-100x100.jpg 100w\" sizes=\"(max-width: 730px) 100vw, 730px\" \/><\/p>\n<p><strong>D\u1eef li\u1ec7u k\u1ef9 thu\u1eadt<\/strong><\/p>\n<p>M\u00e1y t\u1ea3i LHD ng\u1ea7m ZONGDA \u0111\u1eb7c bi\u1ec7t \u0111\u01b0\u1ee3c s\u1eed d\u1ee5ng trong vi\u1ec7c t\u1ea3i v\u00e0 v\u1eadn chuy\u1ec3n v\u1eadt li\u1ec7u kh\u00f4ng ph\u1ea3i than sau khi n\u1ed5 d\u01b0\u1edbi m\u1ecf. M\u00f4i tr\u01b0\u1eddng \u0111\u01b0\u1ee3c y\u00eau c\u1ea7u l\u00e0 m\u1ed9t \u0111\u01b0\u1eddng h\u1ea7m kh\u00f4ng c\u00f3 v\u1eadt li\u1ec7u n\u1ed5, v\u1eefng ch\u1eafc ph\u1eb3ng sau, th\u00f4ng gi\u00f3 \u0111\u1ea7y \u0111\u1ee7, v\u00e0 m\u00e1i nh\u00e0 v\u00e0 \u0111\u01b0\u1eddng ph\u1ed1 kh\u00f4ng c\u00f3 \u0111\u00e1 pumice.<\/p>\n<p>N\u00f3 c\u0169ng c\u00f3 th\u1ec3 \u0111\u01b0\u1ee3c s\u1eed d\u1ee5ng trong c\u00e1c d\u1ef1 \u00e1n \u0111\u01b0\u1eddng h\u1ea7m nh\u01b0 \u0111\u01b0\u1eddng s\u1eaft v\u00e0 \u0111\u01b0\u1eddng b\u1ed9, \u0111\u1eb7c bi\u1ec7t l\u00e0 nh\u1eefng \u0111i\u1ec1u ki\u1ec7n l\u00e0m vi\u1ec7c x\u1ea5u, khu v\u1ef1c l\u00e0m vi\u1ec7c h\u1eb9p, n\u1ec1n t\u1ea3ng l\u00e0m vi\u1ec7c th\u1ea5p v\u00e0 b\u1ea9n. M\u00e1y s\u1eed d\u1ee5ng \u0111\u1ed9ng c\u01a1 \u0111\u1ed1t NOx th\u1ea5p, l\u00e0m m\u00e1t b\u1eb1ng gi\u00f3 hai b\u01b0\u1edbc DEUTZ ti\u00ean ti\u1ebfn nh\u1ea5t, v\u1edbi m\u00e1y l\u1ecdc kh\u00ed th\u1ea3i kh\u00f4 b\u1ea1ch kim t\u1eeb Canada. H\u1ec7 th\u1ed1ng l\u00e1i \u0111\u1ed9ng s\u1eed d\u1ee5ng b\u1ed9 chuy\u1ec3n \u0111\u1ed5i m\u00f4-men xo\u1eafn th\u1ee7y l\u1ef1c CLARK v\u00e0 truy\u1ec1n chuy\u1ec3n \u0111\u1ed9ng n\u0103ng l\u01b0\u1ee3ng, d\u1ec5 x\u1eed l\u00fd v\u00e0 ho\u1ea1t \u0111\u1ed9ng \u1ed5n \u0111\u1ecbnh. H\u1ec7 th\u1ed1ng phanh s\u1eed d\u1ee5ng h\u1ec7 th\u1ed1ng phanh k\u00e9p th\u1ee7y l\u1ef1c, v\u1edbi phanh \u0111a \u0111\u0129a lo\u1ea1i \u01b0\u1edbt v\u00e0 kh\u00e1c bi\u1ec7t ch\u1ed1ng tr\u01b0\u1ee3t NO-SPIN c\u1ee7a Hoa K\u1ef3 \u0111\u1ec3 \u0111\u1ea3m b\u1ea3o an to\u00e0n trong m\u00f4i tr\u01b0\u1eddng l\u00e0m vi\u1ec7c x\u1ea5u. Ph\u1ee5 t\u00f9ng h\u1ec7 th\u1ed1ng th\u1ee7y l\u1ef1c s\u1eed d\u1ee5ng c\u00e1c b\u1ed9 ph\u1eadn th\u01b0\u01a1ng m\u1ea1i, t\u1ea5t c\u1ea3 c\u00e1c chuy\u1ec3n h\u01b0\u1edbng th\u1ee7y l\u1ef1c v\u00e0 \u0111i\u1ec1u khi\u1ec3n th\u1ee7 c\u00f4ng. Khung ch\u00ednh \u0111\u01b0\u1ee3c thi\u1ebft k\u1ebf t\u1ed1t v\u00e0 c\u01a1 ch\u1ebf s\u00e1u thanh \u0111\u1ea3m b\u1ea3o h\u00ecnh d\u1ea1ng t\u1ed1t v\u00e0 hi\u1ec7u qu\u1ea3 cao.<\/p>\n<p><img decoding=\"async\" class=\"alignnone wp-image-1509 size-full\" src=\"http:\/\/www.zongdamining.com\/wp-content\/uploads\/2022\/12\/202004201737327bf7e68c1c304b70a0fc9e554400624c.jpg\" alt=\"\" width=\"750\" height=\"750\" srcset=\"https:\/\/www.zongdamining.com\/wp-content\/uploads\/2022\/12\/202004201737327bf7e68c1c304b70a0fc9e554400624c.jpg 750w, https:\/\/www.zongdamining.com\/wp-content\/uploads\/2022\/12\/202004201737327bf7e68c1c304b70a0fc9e554400624c-300x300.jpg 300w, https:\/\/www.zongdamining.com\/wp-content\/uploads\/2022\/12\/202004201737327bf7e68c1c304b70a0fc9e554400624c-150x150.jpg 150w, https:\/\/www.zongdamining.com\/wp-content\/uploads\/2022\/12\/202004201737327bf7e68c1c304b70a0fc9e554400624c-600x600.jpg 600w, https:\/\/www.zongdamining.com\/wp-content\/uploads\/2022\/12\/202004201737327bf7e68c1c304b70a0fc9e554400624c-100x100.jpg 100w\" sizes=\"(max-width: 750px) 100vw, 750px\" \/><\/p>\n<p>Diesel LHD c\u00f3 c\u00f4ng su\u1ea5t 4 t\u1ea5n. N\u00f3 \u0111\u01b0\u1ee3c \u0111i\u1ec1u khi\u1ec3n b\u1edfi \u0111\u1ed9ng c\u01a1 DEUTZ BF4L914, c\u1ea3i thi\u1ec7n n\u0103ng su\u1ea5t v\u00e0 \u0111\u01b0\u1eddng h\u1ea7m d\u01b0\u1edbi l\u00f2ng \u0111\u1ea5t, v\u00e0 gi\u1ea3m \u00f4 nhi\u1ec5m m\u1ed9t c\u00e1ch hi\u1ec7u qu\u1ea3.<\/p>\n<p><strong>\u0110\u1eb7c \u0111i\u1ec3m<\/strong><\/p>\n<p>\u25c6  B\u1ed9 chuy\u1ec3n \u0111\u1ed5i m\u00f4-men xo\u1eafn th\u1ee7y l\u1ef1c Dana v\u00e0 h\u1ed9p s\u1ed1 chuy\u1ec3n \u0111\u1ed5i \u0111i\u1ec7n \u0111\u01b0\u1ee3c \u00e1p d\u1ee5ng.<\/p>\n<p>\u25c6  Phanh \u0111a \u0111\u0129a \u01b0\u1edbt \u0111\u00f3ng ho\u00e0n to\u00e0n, phanh m\u00f9a xo v\u00e0 phanh gi\u1ea3i ph\u00f3ng th\u1ee7y l\u1ef1c \u0111\u01b0\u1ee3c s\u1eed d\u1ee5ng cho phanh l\u00e0m vi\u1ec7c.<\/p>\n<p>\u25c6  Ch\u00eanh l\u1ec7ch ch\u1ed1ng tr\u01b0\u1ee3t kh\u00f4ng quay nh\u1eadp kh\u1ea9u t\u1eeb Hoa K\u1ef3 \u0111\u01b0\u1ee3c \u00e1p d\u1ee5ng cho tr\u1ee5c tr\u01b0\u1edbc.<\/p>\n<p>\u25c6  Khung dao \u0111\u1ed9ng lo\u1ea1i h\u1ed9p \u0111\u01b0\u1ee3c \u00e1p d\u1ee5ng cho dao \u0111\u1ed9ng tr\u1ee5c sau, l\u00e0m gi\u1ea3m t\u1ef7 l\u1ec7 th\u1ea5t b\u1ea1i.<\/p>\n<p>\u25c6  M\u00e1y t\u1ea3i LHD ng\u1ea7m ZONGDA \u00e1p d\u1ee5ng b\u1ea3n l\u1ec1 trung t\u00e2m, l\u00e1i h\u1ed7 tr\u1ee3 th\u1ee7y l\u1ef1c \u0111\u1ea7y \u0111\u1ee7.<\/p>\n<p><img decoding=\"async\" class=\"alignnone wp-image-1510 size-full\" src=\"http:\/\/www.zongdamining.com\/wp-content\/uploads\/2022\/12\/20200420173738999b3ef8f314439d816584608d7bc091.jpg\" alt=\"\" width=\"750\" height=\"750\" srcset=\"https:\/\/www.zongdamining.com\/wp-content\/uploads\/2022\/12\/20200420173738999b3ef8f314439d816584608d7bc091.jpg 750w, https:\/\/www.zongdamining.com\/wp-content\/uploads\/2022\/12\/20200420173738999b3ef8f314439d816584608d7bc091-300x300.jpg 300w, https:\/\/www.zongdamining.com\/wp-content\/uploads\/2022\/12\/20200420173738999b3ef8f314439d816584608d7bc091-150x150.jpg 150w, https:\/\/www.zongdamining.com\/wp-content\/uploads\/2022\/12\/20200420173738999b3ef8f314439d816584608d7bc091-600x600.jpg 600w, https:\/\/www.zongdamining.com\/wp-content\/uploads\/2022\/12\/20200420173738999b3ef8f314439d816584608d7bc091-100x100.jpg 100w\" sizes=\"(max-width: 750px) 100vw, 750px\" \/><\/p>\n<p><strong>D\u1eef li\u1ec7u k\u1ef9 thu\u1eadt<\/strong><\/p>\n<div class=\"table-responsive\">\n<table class=\"table\" border=\"0\" width=\"100%\" cellspacing=\"0\" cellpadding=\"0\">\n<tbody>\n<tr class=\"firstRow\">\n<td width=\"181\">C\u00f4ng su\u1ea5t x\u00f4 x\u1ebfp h\u1ea1ng<\/td>\n<td width=\"181\">2m\u00b3<\/td>\n<td width=\"181\">T\u1ed1c \u0111\u1ed9 ch\u1ea1y<\/td>\n<td width=\"181\">0-18 m\/h<\/td>\n<\/tr>\n<tr>\n<td width=\"181\">T\u1ea3i tr\u1ecdng \u0111\u01b0\u1ee3c x\u1ebfp h\u1ea1ng<\/td>\n<td width=\"181\">4T<\/td>\n<td width=\"181\">T\u1ed1i thi\u1ec3u thanh to\u00e1n<\/td>\n<td width=\"181\">280mm<\/td>\n<\/tr>\n<tr>\n<td width=\"181\">L\u1ef1c l\u01b0\u1ee3ng ph\u00e1 v\u1ee1 t\u1ed1i \u0111a<\/td>\n<td width=\"181\">100KN<\/td>\n<td width=\"181\">T\u1ed1i \u0111a. G\u00f3c l\u00e1i<\/td>\n<td width=\"181\">\u00b142\u00b0<\/td>\n<\/tr>\n<tr>\n<td width=\"181\">L\u1ef1c k\u00e9o t\u1ed1i \u0111a<\/td>\n<td width=\"181\">104KN<\/td>\n<td width=\"181\">G\u00f3c c\u1ee7a tr\u1ee5c sau Swing<\/td>\n<td width=\"181\">\u00b17\u00b0<\/td>\n<\/tr>\n<tr>\n<td width=\"181\">T\u1ed1i \u0111a. Chi\u1ec1u cao \u0111\u1ed5<\/td>\n<td width=\"181\">1743mm<\/td>\n<td width=\"181\">G\u00f3c kh\u1edfi h\u00e0nh<\/td>\n<td width=\"181\">16\u00b0<\/td>\n<\/tr>\n<tr>\n<td width=\"181\">T\u1ed1i \u0111a. Gradeability<\/td>\n<td width=\"181\">\u226420\u00b0<\/td>\n<td width=\"181\">Lo\u1ea1i l\u1ed1p<\/td>\n<td width=\"181\">12.00-24<\/td>\n<\/tr>\n<tr>\n<td width=\"181\">Chi\u1ec1u cao t\u1ed1i thi\u1ec3u<\/td>\n<td width=\"181\">860mm<\/td>\n<td width=\"181\">B\u00e1nh xe<\/td>\n<td width=\"181\">2540mm<\/td>\n<\/tr>\n<tr>\n<td rowspan=\"2\" width=\"181\">Min. B\u00e1n k\u00ednh xoay<\/td>\n<td width=\"181\">4980 ( Ngo\u00e0i )<\/td>\n<td rowspan=\"2\" width=\"181\">\u0110\u1ed9ng c\u01a1<\/td>\n<td width=\"181\">\u0110i\u1ec7n tho\u1ea1i Deutz BF4L914<\/td>\n<\/tr>\n<tr>\n<td width=\"181\">2500 (b\u00ean trong)<\/td>\n<td width=\"181\">BF4M1013EC c\u1ee7a Deutz<\/td>\n<\/tr>\n<tr>\n<td width=\"181\">K\u00edch th\u01b0\u1edbc b\u00ean ngo\u00e0i<\/td>\n<td width=\"181\">6900*1770*2050 mm\u00b3<\/td>\n<td width=\"181\">Tr\u1ecdng l\u01b0\u1ee3ng ho\u1ea1t \u0111\u1ed9ng<\/td>\n<td width=\"181\">12.5T<\/td>\n<\/tr>\n<\/tbody>\n<\/table>\n<\/div>\n<p><img loading=\"lazy\" decoding=\"async\" class=\"alignnone wp-image-1514 size-full\" src=\"http:\/\/www.zongdamining.com\/wp-content\/uploads\/2022\/12\/202004201738356ffa6b7706d84702a7a3b12380317ad6.jpg\" alt=\"\" width=\"750\" height=\"415\" srcset=\"https:\/\/www.zongdamining.com\/wp-content\/uploads\/2022\/12\/202004201738356ffa6b7706d84702a7a3b12380317ad6.jpg 750w, https:\/\/www.zongdamining.com\/wp-content\/uploads\/2022\/12\/202004201738356ffa6b7706d84702a7a3b12380317ad6-300x166.jpg 300w, https:\/\/www.zongdamining.com\/wp-content\/uploads\/2022\/12\/202004201738356ffa6b7706d84702a7a3b12380317ad6-600x332.jpg 600w\" sizes=\"(max-width: 750px) 100vw, 750px\" \/><\/p>\n<p><img loading=\"lazy\" decoding=\"async\" class=\"alignnone wp-image-1513 size-full\" src=\"http:\/\/www.zongdamining.com\/wp-content\/uploads\/2022\/12\/202004201738390ed35f4107b940d98b2c15ae93b2e7d8.jpg\" alt=\"\" width=\"750\" height=\"468\" srcset=\"https:\/\/www.zongdamining.com\/wp-content\/uploads\/2022\/12\/202004201738390ed35f4107b940d98b2c15ae93b2e7d8.jpg 750w, https:\/\/www.zongdamining.com\/wp-content\/uploads\/2022\/12\/202004201738390ed35f4107b940d98b2c15ae93b2e7d8-300x187.jpg 300w, https:\/\/www.zongdamining.com\/wp-content\/uploads\/2022\/12\/202004201738390ed35f4107b940d98b2c15ae93b2e7d8-600x374.jpg 600w\" sizes=\"(max-width: 750px) 100vw, 750px\" \/><\/p>","protected":false},"excerpt":{"rendered":"<p>M\u00e1y t\u1ea3i LHD ng\u1ea7m ZONGDA \u0111\u1eb7c bi\u1ec7t \u0111\u01b0\u1ee3c s\u1eed d\u1ee5ng trong vi\u1ec7c t\u1ea3i v\u00e0 v\u1eadn chuy\u1ec3n v\u1eadt li\u1ec7u kh\u00f4ng ph\u1ea3i than sau khi n\u1ed5 d\u01b0\u1edbi m\u1ecf. M\u00f4i tr\u01b0\u1eddng \u0111\u01b0\u1ee3c y\u00eau c\u1ea7u l\u00e0 m\u1ed9t \u0111\u01b0\u1eddng h\u1ea7m kh\u00f4ng c\u00f3 v\u1eadt li\u1ec7u n\u1ed5, v\u1eefng ch\u1eafc ph\u1eb3ng sau, th\u00f4ng gi\u00f3 \u0111\u1ea7y \u0111\u1ee7, v\u00e0 m\u00e1i nh\u00e0 v\u00e0 \u0111\u01b0\u1eddng ph\u1ed1 kh\u00f4ng c\u00f3 \u0111\u00e1 pumice.<\/p>","protected":false},"featured_media":1511,"comment_status":"open","ping_status":"closed","template":"","meta":{"_acf_changed":false},"product_brand":[],"product_cat":[15],"product_tag":[],"class_list":{"0":"post-1567","1":"product","2":"type-product","3":"status-publish","4":"has-post-thumbnail","6":"product_cat-trackless-mining-equipment","8":"first","9":"instock","10":"shipping-taxable","11":"product-type-simple"},"acf":[],"_links":{"self":[{"href":"https:\/\/www.zongdamining.com\/vi\/wp-json\/wp\/v2\/product\/1567","targetHints":{"allow":["GET"]}}],"collection":[{"href":"https:\/\/www.zongdamining.com\/vi\/wp-json\/wp\/v2\/product"}],"about":[{"href":"https:\/\/www.zongdamining.com\/vi\/wp-json\/wp\/v2\/types\/product"}],"replies":[{"embeddable":true,"href":"https:\/\/www.zongdamining.com\/vi\/wp-json\/wp\/v2\/comments?post=1567"}],"wp:featuredmedia":[{"embeddable":true,"href":"https:\/\/www.zongdamining.com\/vi\/wp-json\/wp\/v2\/media\/1511"}],"wp:attachment":[{"href":"https:\/\/www.zongdamining.com\/vi\/wp-json\/wp\/v2\/media?parent=1567"}],"wp:term":[{"taxonomy":"product_brand","embeddable":true,"href":"https:\/\/www.zongdamining.com\/vi\/wp-json\/wp\/v2\/product_brand?post=1567"},{"taxonomy":"product_cat","embeddable":true,"href":"https:\/\/www.zongdamining.com\/vi\/wp-json\/wp\/v2\/product_cat?post=1567"},{"taxonomy":"product_tag","embeddable":true,"href":"https:\/\/www.zongdamining.com\/vi\/wp-json\/wp\/v2\/product_tag?post=1567"}],"curies":[{"name":"WP","href":"https:\/\/api.w.org\/{rel}","templated":true}]}}