{"id":1568,"date":"2022-12-12T16:19:32","date_gmt":"2022-12-12T08:19:32","guid":{"rendered":"http:\/\/www.zongdamining.com\/?post_type=product&#038;p=1568"},"modified":"2026-01-27T09:50:53","modified_gmt":"2026-01-27T01:50:53","slug":"12ton-underground-mining-dump-truck-ku-12","status":"publish","type":"product","link":"https:\/\/www.zongdamining.com\/vi\/product\/12ton-underground-mining-dump-truck-ku-12\/","title":{"rendered":"Xe t\u1ea3i th\u1ea3i m\u1ecf ng\u1ea7m 12 t\u1ea5n (KU-12)"},"content":{"rendered":"<div>\n<p>L\u00e0 m\u1ed9t trong nh\u1eefng c\u00f4ng ty&#8217; S\u1ea3n ph\u1ea9m ch\u00ednh c\u1ee7a ch\u00fang t\u00f4i, Kh\u00f3a m\u1ecf ng\u1ea7m ch\u1ed1ng ng\u1ecdn l\u1eeda Loco, M\u00e1y phun b\u1ed1c ng\u1ea7m ch\u1ed1ng ng\u1ecdn l\u1eeda, V\u1eadt li\u1ec7u kh\u00f4ng kh\u00ed Cannons c\u00f3 l\u1ee3i th\u1ebf r\u00f5 r\u00e0ng v\u1ec1 gi\u00e1 so v\u1edbi c\u00e1c \u0111\u1ed3ng nghi\u1ec7p, v\u00e0 tr\u1ed3ng tr\u1ed3ng m\u1ed9t nh\u00f3m kh\u00e1ch h\u00e0ng c\u0169 h\u1ed7 tr\u1ee3 l\u1eabn nhau, l\u00e0m cho doanh s\u1ed1 c\u1ee7a ch\u00fang t\u00f4i ti\u1ebfp t\u1ee5c t\u0103ng v\u00e0 tr\u1edf n\u00ean \u1ed5n \u0111\u1ecbnh. B\u1ea1n c\u00f3 th\u1ec3 t\u00ecm th\u1ea5y gi\u00e1 th\u1ea5p nh\u1ea5t \u1edf \u0111\u00e2y. M\u1ea1ng l\u01b0\u1edbi d\u1ecbch v\u1ee5 b\u00e1n h\u00e0ng c\u1ee7a ch\u00fang t\u00f4i tr\u00ean to\u00e0n th\u1ebf gi\u1edbi \u0111\u1ec3 \u0111\u1ea3m b\u1ea3o r\u1eb1ng h\u00e0ng h\u00f3a \u0111\u01b0\u1ee3c giao cho kh\u00e1ch h\u00e0ng trong th\u1eddi gian ng\u1eafn nh\u1ea5t.<\/p>\n<\/div>\n<div>\n<p><img fetchpriority=\"high\" decoding=\"async\" class=\"alignnone wp-image-1571 size-full\" src=\"http:\/\/www.zongdamining.com\/wp-content\/uploads\/2022\/12\/underground-dump-truck03369135924.jpg\" alt=\"\" width=\"730\" height=\"730\" srcset=\"https:\/\/www.zongdamining.com\/wp-content\/uploads\/2022\/12\/underground-dump-truck03369135924.jpg 730w, https:\/\/www.zongdamining.com\/wp-content\/uploads\/2022\/12\/underground-dump-truck03369135924-300x300.jpg 300w, https:\/\/www.zongdamining.com\/wp-content\/uploads\/2022\/12\/underground-dump-truck03369135924-150x150.jpg 150w, https:\/\/www.zongdamining.com\/wp-content\/uploads\/2022\/12\/underground-dump-truck03369135924-600x600.jpg 600w, https:\/\/www.zongdamining.com\/wp-content\/uploads\/2022\/12\/underground-dump-truck03369135924-100x100.jpg 100w\" sizes=\"(max-width: 730px) 100vw, 730px\" \/><\/p>\n<p><strong>T\u00ednh n\u0103ng ZDDK-20<\/strong><\/p>\n<p>Xe t\u1ea3i th\u1ea3i d\u01b0\u1edbi l\u00f2ng \u0111\u1ea5t<\/p>\n<p>T\u1ea3i tr\u1ecdng \u0111\u1ecbnh m\u1ee9c 20t, th\u00edch h\u1ee3p cho \u0111\u01b0\u1eddng h\u1ea7m \u22654.5 \u00d7 4.5m<\/p>\n<p>Ch\u1ea5p nh\u1eadn khung kh\u1edbp n\u1ed1i trung t\u00e2m<\/p>\n<p>N\u00e2ng xi lanh \u0111\u00f4i cho x\u00f4<\/p>\n<p>Xe \u00e1p d\u1ee5ng h\u1ec7 th\u1ed1ng \u0111i\u1ec1u khi\u1ec3n th\u1ee7y l\u1ef1c \u0111\u1ea7y \u0111\u1ee7, \u0111\u1ea3m b\u1ea3o an to\u00e0n, tho\u1ea3i m\u00e1i v\u00e0 b\u1ec1n c\u1ee7a \u0111i\u1ec1u khi\u1ec3n.<\/p>\n<p><img decoding=\"async\" class=\"alignnone wp-image-1453 size-full\" src=\"http:\/\/www.zongdamining.com\/wp-content\/uploads\/2022\/12\/underground-mining-truck38176055494.jpg\" alt=\"\" width=\"730\" height=\"730\" srcset=\"https:\/\/www.zongdamining.com\/wp-content\/uploads\/2022\/12\/underground-mining-truck38176055494.jpg 730w, https:\/\/www.zongdamining.com\/wp-content\/uploads\/2022\/12\/underground-mining-truck38176055494-300x300.jpg 300w, https:\/\/www.zongdamining.com\/wp-content\/uploads\/2022\/12\/underground-mining-truck38176055494-150x150.jpg 150w, https:\/\/www.zongdamining.com\/wp-content\/uploads\/2022\/12\/underground-mining-truck38176055494-600x600.jpg 600w, https:\/\/www.zongdamining.com\/wp-content\/uploads\/2022\/12\/underground-mining-truck38176055494-100x100.jpg 100w\" sizes=\"(max-width: 730px) 100vw, 730px\" \/><\/p>\n<p><strong>Th\u00f4ng s\u1ed1 v\u00e0 th\u00f4ng s\u1ed1 k\u1ef9 thu\u1eadt c\u1ee7a m\u00f4 h\u00ecnh ti\u00eau chu\u1ea9n<\/strong><\/p>\n<div class=\"table-responsive\">\n<table class=\"table\" border=\"0\" width=\"100%\" cellspacing=\"0\" cellpadding=\"0\">\n<tbody>\n<tr class=\"firstRow\">\n<td width=\"176\">K\u00edch th\u01b0\u1edbc<\/td>\n<td width=\"437\">9050\uff08\u00b1100\uff09mm\u00d72280\uff08\u00b150\uff09mm\u00d72400\uff08\u00b150\uff09mm<\/td>\n<\/tr>\n<tr>\n<td width=\"176\">\u0110\u1ed9ng c\u01a1<\/td>\n<td width=\"437\">DEUTZ F12L413FW \/ 204kW (VOLVO TAD853VE \/ 235KW t\u00f9y ch\u1ecdn)<\/td>\n<\/tr>\n<tr>\n<td width=\"176\">B\u1ed9 chuy\u1ec3n \u0111\u1ed5i m\u00f4-men xo\u1eafn<\/td>\n<td width=\"437\">\u0110i\u1ec7n \u00edch c\u1ee7a DANA C5000<\/td>\n<\/tr>\n<tr>\n<td width=\"176\">Truy\u1ec1n t\u1ea3i<\/td>\n<td width=\"437\">\u0110i\u1ec7n tho\u1ea1i DANA R36000<\/td>\n<\/tr>\n<tr>\n<td width=\"168\">Tr\u1ee5c l\u00e1i xe<\/td>\n<td width=\"437\">KESSLER \u0110\u1ee9c<\/td>\n<\/tr>\n<tr>\n<td width=\"168\">H\u1ed9p<\/td>\n<td width=\"437\">10m\u00b3<\/td>\n<\/tr>\n<tr>\n<td width=\"168\">T\u1ea3i tr\u1ecdng \u0111\u1ecbnh m\u1ee9c<\/td>\n<td width=\"437\">20 t\u1ea5n<\/td>\n<\/tr>\n<tr>\n<td width=\"168\">T\u1ea3i tr\u1ecdng l\u01b0\u1ee3ng<\/td>\n<td width=\"437\">20.8t<\/td>\n<\/tr>\n<tr>\n<td width=\"168\">Kh\u1ea3 n\u0103ng leo n\u00fai<\/td>\n<td width=\"437\">15\u00b0<\/td>\n<\/tr>\n<tr>\n<td width=\"168\">Min.Ground thanh to\u00e1n<\/td>\n<td width=\"437\">340mm<\/td>\n<\/tr>\n<tr>\n<td width=\"168\">T\u1ed1c \u0111\u1ed9<\/td>\n<td width=\"437\">0-30.9km\/h<\/td>\n<\/tr>\n<tr>\n<td width=\"168\">Quay g\u00f3c<\/td>\n<td width=\"437\">\u00b142\u00b0<\/td>\n<\/tr>\n<tr>\n<td width=\"168\">G\u00f3c chung<\/td>\n<td width=\"437\">\u00b18\u00b0<\/td>\n<\/tr>\n<tr>\n<td rowspan=\"3\" width=\"168\">B\u00e1n k\u00ednh l\u00e1i t\u1ed1i thi\u1ec3u<\/td>\n<td width=\"437\">5105 (\u00b1 50) mm (b\u00ean trong)<\/td>\n<\/tr>\n<tr>\n<td colspan=\"1\" rowspan=\"2\" width=\"437\">8275 (\u00b1 50) mm (b\u00ean ngo\u00e0i)<\/td>\n<\/tr>\n<\/tbody>\n<\/table>\n<\/div>\n<p><img decoding=\"async\" class=\"alignnone wp-image-1570 size-full\" src=\"http:\/\/www.zongdamining.com\/wp-content\/uploads\/2022\/12\/202004210902414f0b47be6ec3458f8369f7f7c8193642.jpg\" alt=\"\" width=\"750\" height=\"712\" srcset=\"https:\/\/www.zongdamining.com\/wp-content\/uploads\/2022\/12\/202004210902414f0b47be6ec3458f8369f7f7c8193642.jpg 750w, https:\/\/www.zongdamining.com\/wp-content\/uploads\/2022\/12\/202004210902414f0b47be6ec3458f8369f7f7c8193642-300x285.jpg 300w, https:\/\/www.zongdamining.com\/wp-content\/uploads\/2022\/12\/202004210902414f0b47be6ec3458f8369f7f7c8193642-600x570.jpg 600w\" sizes=\"(max-width: 750px) 100vw, 750px\" \/><\/p>\n<\/div>\n<div><\/div>\n<div>\n<p>Ch\u00fang t\u00f4i theo \u0111u\u1ed5i s\u1ef1 xu\u1ea5t s\u1eafc, ph\u1ea5n \u0111\u1ea5u \u0111\u1ec3 ho\u00e0n h\u1ea3o trong m\u1ed7i s\u1ea3n ph\u1ea9m c\u1ee7a b\u1ea1n, t\u1ec9 m\u1ec9 v\u00e0 cung c\u1ea5p cho b\u1ea1n xe t\u1ea3i th\u1ea3i m\u1ecf ng\u1ea7m 12ton t\u1ed1t nh\u1ea5t (KU-12). \u0110\u1ec3 cho ph\u00e9p ng\u01b0\u1eddi d\u00f9ng t\u1eadn h\u01b0\u1edfng d\u1ecbch v\u1ee5 h\u1ed7 tr\u1ee3 ho\u00e0n ch\u1ec9nh, t\u01b0 v\u1ea5n k\u1ef9 thu\u1eadt ho\u00e0n h\u1ea3o v\u00e0 d\u1ecbch v\u1ee5 sau b\u00e1n h\u00e0ng ho\u00e0n h\u1ea3o, s\u1ea3n ph\u1ea9m v\u00e0 d\u1ecbch v\u1ee5 c\u1ee7a ch\u00fang t\u00f4i \u0111\u00e3 \u0111\u01b0\u1ee3c n\u00e2ng c\u1ea5p li\u00ean t\u1ee5c trong nhi\u1ec1u n\u0103m qua, \u0111\u00e3 nh\u1eadn \u0111\u01b0\u1ee3c s\u1ef1 khen ng\u1ee3i nh\u1ea5t tr\u00ed! L\u00e0 kh\u00e1ch h\u00e0ng trung t\u00e2m, ch\u00fang t\u00f4i \u0111\u00e3 tri\u1ec3n khai m\u1ed9t h\u1ec7 th\u1ed1ng ph\u1ea3n \u1ee9ng nhanh ch\u00f3ng, hi\u1ec7u qu\u1ea3 v\u00e0 to\u00e0n di\u1ec7n \u0111\u1ec3 ph\u1ee5c v\u1ee5 kh\u00e1ch h\u00e0ng trong v\u00f2ng 24 gi\u1edd.<\/p>\n<\/div>","protected":false},"excerpt":{"rendered":"<p>T\u1ea3i tr\u1ecdng \u0111\u1ecbnh m\u1ee9c 20t, th\u00edch h\u1ee3p cho \u0111\u01b0\u1eddng h\u1ea7m \u22654.5 \u00d7 4.5m. Ch\u1ea5p nh\u1eadn khung kh\u1edbp n\u1ed1i trung t\u00e2m<\/p>","protected":false},"featured_media":1571,"comment_status":"open","ping_status":"closed","template":"","meta":{"_acf_changed":false},"product_brand":[],"product_cat":[15],"product_tag":[],"class_list":{"0":"post-1568","1":"product","2":"type-product","3":"status-publish","4":"has-post-thumbnail","6":"product_cat-trackless-mining-equipment","8":"first","9":"instock","10":"shipping-taxable","11":"product-type-simple"},"acf":[],"_links":{"self":[{"href":"https:\/\/www.zongdamining.com\/vi\/wp-json\/wp\/v2\/product\/1568","targetHints":{"allow":["GET"]}}],"collection":[{"href":"https:\/\/www.zongdamining.com\/vi\/wp-json\/wp\/v2\/product"}],"about":[{"href":"https:\/\/www.zongdamining.com\/vi\/wp-json\/wp\/v2\/types\/product"}],"replies":[{"embeddable":true,"href":"https:\/\/www.zongdamining.com\/vi\/wp-json\/wp\/v2\/comments?post=1568"}],"wp:featuredmedia":[{"embeddable":true,"href":"https:\/\/www.zongdamining.com\/vi\/wp-json\/wp\/v2\/media\/1571"}],"wp:attachment":[{"href":"https:\/\/www.zongdamining.com\/vi\/wp-json\/wp\/v2\/media?parent=1568"}],"wp:term":[{"taxonomy":"product_brand","embeddable":true,"href":"https:\/\/www.zongdamining.com\/vi\/wp-json\/wp\/v2\/product_brand?post=1568"},{"taxonomy":"product_cat","embeddable":true,"href":"https:\/\/www.zongdamining.com\/vi\/wp-json\/wp\/v2\/product_cat?post=1568"},{"taxonomy":"product_tag","embeddable":true,"href":"https:\/\/www.zongdamining.com\/vi\/wp-json\/wp\/v2\/product_tag?post=1568"}],"curies":[{"name":"WP","href":"https:\/\/api.w.org\/{rel}","templated":true}]}}