{"id":1575,"date":"2022-12-12T16:26:57","date_gmt":"2022-12-12T08:26:57","guid":{"rendered":"http:\/\/www.zongdamining.com\/?post_type=product&#038;p=1575"},"modified":"2026-01-27T10:01:56","modified_gmt":"2026-01-27T02:01:56","slug":"underground-electric-loader","status":"publish","type":"product","link":"https:\/\/www.zongdamining.com\/vi\/product\/underground-electric-loader\/","title":{"rendered":"M\u00e1y t\u1ea3i \u0111i\u1ec7n ng\u1ea7m ZDL202EC"},"content":{"rendered":"<p><img fetchpriority=\"high\" decoding=\"async\" class=\"alignnone wp-image-1576 size-full\" src=\"http:\/\/www.zongdamining.com\/wp-content\/uploads\/2022\/12\/underground-electric-loader39386419673-1.jpg\" alt=\"\" width=\"730\" height=\"730\" srcset=\"https:\/\/www.zongdamining.com\/wp-content\/uploads\/2022\/12\/underground-electric-loader39386419673-1.jpg 730w, https:\/\/www.zongdamining.com\/wp-content\/uploads\/2022\/12\/underground-electric-loader39386419673-1-300x300.jpg 300w, https:\/\/www.zongdamining.com\/wp-content\/uploads\/2022\/12\/underground-electric-loader39386419673-1-150x150.jpg 150w, https:\/\/www.zongdamining.com\/wp-content\/uploads\/2022\/12\/underground-electric-loader39386419673-1-600x600.jpg 600w, https:\/\/www.zongdamining.com\/wp-content\/uploads\/2022\/12\/underground-electric-loader39386419673-1-100x100.jpg 100w\" sizes=\"(max-width: 730px) 100vw, 730px\" \/><\/p>\n<p><strong>D\u1eef li\u1ec7u k\u1ef9 thu\u1eadt<\/strong><\/p>\n<p>Loader \u0111i\u1ec7n ng\u1ea7m ZONGDA l\u00e0 m\u1ed9t lo\u1ea1i LHD ng\u1ea7m \u0111\u01b0\u1ee3c ph\u00e1t tri\u1ec3n c\u00f9ng v\u1edbi c\u00e1c vi\u1ec7n nghi\u00ean c\u1ee9u khoa h\u1ecdc theo t\u00ecnh h\u00ecnh c\u1ee5 th\u1ec3 c\u1ee7a thi\u1ebft b\u1ecb khai th\u00e1c m\u1ecf kh\u00f4ng theo d\u00f5i ng\u1ea7m \u1edf Trung Qu\u1ed1c v\u00e0 \u0111\u1eb7c \u0111i\u1ec3m c\u1ee7a c\u00e1c m\u00f4 h\u00ecnh t\u01b0\u01a1ng t\u1ef1 \u1edf trong n\u01b0\u1edbc v\u00e0 n\u01b0\u1edbc ngo\u00e0i. M\u00e1y n\u00e0y ph\u00f9 h\u1ee3p v\u1edbi t\u1ea5t c\u1ea3 c\u00e1c lo\u1ea1i ph\u01b0\u01a1ng ph\u00e1p khai th\u00e1c m\u1ecf trong c\u00e1c m\u1ecf nh\u1ecf v\u00e0 v\u1eeba, ch\u1eb3ng h\u1ea1n nh\u01b0 khai th\u00e1c m\u1ecf trong v\u00e0 ngo\u00e0i \u0111\u01b0\u1eddng h\u1ea7m, x\u00e2y d\u1ef1ng v\u00e0 ph\u1eb3ng c\u1ee7a \u0111\u1ecba \u0111i\u1ec3m l\u00e0m vi\u1ec7c v\u00e0 \u0111\u01b0\u1eddng b\u1ed9, v\u1eadn chuy\u1ec3n v\u1eadt li\u1ec7u v\u00e0 c\u00e1c ho\u1ea1t \u0111\u1ed9ng ph\u1ee5 tr\u1ee3 kh\u00e1c.<\/p>\n<p>LHD c\u00f3 c\u1ea5u tr\u00fac h\u1ee3p l\u00fd, ho\u1ea1t \u0111\u1ed9ng thu\u1eadn ti\u1ec7n, gi\u00e1 c\u1ea3 h\u1ee3p l\u00fd v\u00e0 h\u1ed7 tr\u1ee3 thu\u1eadn ti\u1ec7n. M\u00e1y \u00e1p d\u1ee5ng \u0111\u1ed9ng c\u01a1 AC 380V nh\u01b0 n\u0103ng l\u01b0\u1ee3ng, truy\u1ec1n c\u01a1 kh\u00ed th\u1ee7y t\u0129nh, l\u00e1i xe hai chi\u1ec1u, \u0111i\u1ec1u ch\u1ec9nh t\u1ed1c \u0111\u1ed9 kh\u00f4ng b\u01b0\u1edbc, hi\u1ec7u su\u1ea5t k\u00e9o t\u1ed1t, hi\u1ec7u qu\u1ea3 s\u1ea3n xu\u1ea5t cao, \u0111i\u1ec1u khi\u1ec3n th\u1ee7y l\u1ef1c, thu h\u1ed3i v\u00e0 gi\u1ea3i ph\u00f3ng c\u00e1p t\u1ef1 \u0111\u1ed9ng, v\u00e0 c\u00e1c th\u00f4ng s\u1ed1 hi\u1ec7u su\u1ea5t c\u1ee7a n\u00f3 \u0111\u00e3 \u0111\u1ea1t m\u1ee9c \u0111\u1ed9 c\u1ee7a c\u00e1c m\u00f4 h\u00ecnh n\u01b0\u1edbc ngo\u00e0i t\u01b0\u01a1ng t\u1ef1.<\/p>\n<p><img decoding=\"async\" class=\"alignnone wp-image-1573 size-full\" src=\"http:\/\/www.zongdamining.com\/wp-content\/uploads\/2022\/12\/2020042017423315c2cd05f8ab4f6d957007a6a676543b.jpg\" alt=\"\" width=\"750\" height=\"750\" srcset=\"https:\/\/www.zongdamining.com\/wp-content\/uploads\/2022\/12\/2020042017423315c2cd05f8ab4f6d957007a6a676543b.jpg 750w, https:\/\/www.zongdamining.com\/wp-content\/uploads\/2022\/12\/2020042017423315c2cd05f8ab4f6d957007a6a676543b-300x300.jpg 300w, https:\/\/www.zongdamining.com\/wp-content\/uploads\/2022\/12\/2020042017423315c2cd05f8ab4f6d957007a6a676543b-150x150.jpg 150w, https:\/\/www.zongdamining.com\/wp-content\/uploads\/2022\/12\/2020042017423315c2cd05f8ab4f6d957007a6a676543b-600x600.jpg 600w, https:\/\/www.zongdamining.com\/wp-content\/uploads\/2022\/12\/2020042017423315c2cd05f8ab4f6d957007a6a676543b-100x100.jpg 100w\" sizes=\"(max-width: 750px) 100vw, 750px\" \/><\/p>\n<p><strong>\u0110\u1eb7c \u0111i\u1ec3m<\/strong><\/p>\n<p>\u25c6  LHD \u0111\u01b0\u1ee3c thi\u1ebft k\u1ebf \u0111\u1ec3 xoay khung sau khi v\u00f2ng quay \u0111\u01b0\u1ee3c k\u1ebft n\u1ed1i, l\u00e0m gi\u1ea3m \u0111\u00e1ng k\u1ec3 t\u1ef7 l\u1ec7 th\u1ea5t b\u1ea1i.<\/p>\n<p>\u25c6  H\u1ec7 th\u1ed1ng \u0111i du l\u1ecbch \u00e1p d\u1ee5ng ho\u1ea1t \u0111\u1ed9ng \u0111i\u1ec1u khi\u1ec3n th\u1ee7y l\u1ef1c \u0111\u1ea7y \u0111\u1ee7, l\u00e0m cho h\u1ec7 th\u1ed1ng \u0111i du l\u1ecbch c\u1ee7a m\u00e1y t\u1ea3i linh ho\u1ea1t h\u01a1n, gi\u1ea3m t\u1ef7 l\u1ec7 th\u1ea5t b\u1ea1i hi\u1ec7u qu\u1ea3 v\u00e0 c\u1ea3i thi\u1ec7n hi\u1ec7u qu\u1ea3 l\u00e0m vi\u1ec7c.<\/p>\n<p>\u25c6  H\u1ec7 th\u1ed1ng l\u00e0m vi\u1ec7c \u00e1p d\u1ee5ng h\u1ec7 th\u1ed1ng \u0111i\u1ec1u khi\u1ec3n th\u1ee7y l\u1ef1c th\u00ed \u0111i\u1ec3m, l\u00e0m cho ho\u1ea1t \u0111\u1ed9ng \u0111\u01a1n gi\u1ea3n h\u01a1n v\u00e0 h\u1ec7 th\u1ed1ng l\u00e0m vi\u1ec7c hi\u1ec7u qu\u1ea3 h\u01a1n.<\/p>\n<p>\u25c6  \u0110\u1ed1i v\u1edbi phanh \u0111\u1ed7 xe, h\u1ed9p s\u1ed1 truy\u1ec1n t\u1ea3i v\u1edbi phanh t\u1ea5m ma s\u00e1t phanh, phanh l\u00f2 xo v\u00e0 phanh ti\u1ebfp x\u00fac th\u1ee7y l\u1ef1c \u0111\u01b0\u1ee3c s\u1eed d\u1ee5ng \u0111\u1ec3 l\u00e0m cho phanh \u0111\u1ed7 xe an to\u00e0n v\u00e0 \u0111\u00e1ng tin c\u1eady.<\/p>\n<p>\u25c6  X\u00f4 ch\u1ea5p nh\u1eadn c\u1ea5u tr\u00fac h\u00ecnh V m\u1edbi nh\u1ea5t c\u1ee7a m\u00e1y t\u1ea3i m\u1ecf ng\u1ea7m qu\u1ed1c t\u1ebf, l\u00e0m gi\u1ea3m s\u1ee9c \u0111\u1ec1 kh\u00e1ng c\u1ee7a vi\u1ec7c l\u1ea5y.<\/p>\n<p><img decoding=\"async\" class=\"alignnone wp-image-1572 size-full\" src=\"http:\/\/www.zongdamining.com\/wp-content\/uploads\/2022\/12\/20200420174238db3695239a544595a2e08952250efe07.jpg\" alt=\"\" width=\"750\" height=\"750\" srcset=\"https:\/\/www.zongdamining.com\/wp-content\/uploads\/2022\/12\/20200420174238db3695239a544595a2e08952250efe07.jpg 750w, https:\/\/www.zongdamining.com\/wp-content\/uploads\/2022\/12\/20200420174238db3695239a544595a2e08952250efe07-300x300.jpg 300w, https:\/\/www.zongdamining.com\/wp-content\/uploads\/2022\/12\/20200420174238db3695239a544595a2e08952250efe07-150x150.jpg 150w, https:\/\/www.zongdamining.com\/wp-content\/uploads\/2022\/12\/20200420174238db3695239a544595a2e08952250efe07-600x600.jpg 600w, https:\/\/www.zongdamining.com\/wp-content\/uploads\/2022\/12\/20200420174238db3695239a544595a2e08952250efe07-100x100.jpg 100w\" sizes=\"(max-width: 750px) 100vw, 750px\" \/><\/p>\n<p><strong>D\u1eef li\u1ec7u k\u1ef9 thu\u1eadt<\/strong><\/p>\n<div class=\"table-responsive\">\n<table class=\"table\" border=\"0\" width=\"100%\" cellspacing=\"0\" cellpadding=\"0\">\n<tbody>\n<tr class=\"firstRow\">\n<td width=\"181\">C\u00f4ng su\u1ea5t x\u00f4 x\u1ebfp h\u1ea1ng<\/td>\n<td width=\"181\">1 m\u00b3<\/td>\n<td width=\"181\">T\u1ed1c \u0111\u1ed9 ch\u1ea1y<\/td>\n<td width=\"181\">0-10 m\/h<\/td>\n<\/tr>\n<tr>\n<td width=\"181\">T\u1ea3i tr\u1ecdng \u0111\u01b0\u1ee3c x\u1ebfp h\u1ea1ng<\/td>\n<td width=\"181\">2T<\/td>\n<td width=\"181\">T\u1ed1i thi\u1ec3u thanh to\u00e1n<\/td>\n<td width=\"181\">200mm<\/td>\n<\/tr>\n<tr>\n<td width=\"181\">L\u1ef1c l\u01b0\u1ee3ng ph\u00e1 v\u1ee1 t\u1ed1i \u0111a<\/td>\n<td width=\"181\">45KN<\/td>\n<td width=\"181\">T\u1ed1i \u0111a. G\u00f3c l\u00e1i<\/td>\n<td width=\"181\">\u00b138\u00b0<\/td>\n<\/tr>\n<tr>\n<td width=\"181\">L\u1ef1c k\u00e9o t\u1ed1i \u0111a<\/td>\n<td width=\"181\">52KN<\/td>\n<td width=\"181\">G\u00f3c c\u1ee7a tr\u1ee5c sau Swing<\/td>\n<td width=\"181\">\u00b18\u00b0<\/td>\n<\/tr>\n<tr>\n<td width=\"181\">T\u1ed1i \u0111a. Chi\u1ec1u cao \u0111\u1ed5<\/td>\n<td width=\"181\">1080mm<\/td>\n<td width=\"181\">G\u00f3c kh\u1edfi h\u00e0nh<\/td>\n<td width=\"181\">15\u00b0<\/td>\n<\/tr>\n<tr>\n<td width=\"181\">T\u1ed1i \u0111a. Gradeability<\/td>\n<td width=\"181\">\u226420\u00b0<\/td>\n<td width=\"181\">Lo\u1ea1i l\u1ed1p<\/td>\n<td width=\"181\">10.00-20<\/td>\n<\/tr>\n<tr>\n<td width=\"181\">Chi\u1ec1u cao t\u1ed1i thi\u1ec3u<\/td>\n<td width=\"181\">860mm<\/td>\n<td width=\"181\">B\u00e1nh xe<\/td>\n<td width=\"181\">T\u1eeb 2200mm<\/td>\n<\/tr>\n<tr>\n<td rowspan=\"2\" width=\"181\">Min. B\u00e1n k\u00ednh xoay<\/td>\n<td width=\"181\">4260 (B\u00ean ngo\u00e0i)<\/td>\n<td rowspan=\"2\" width=\"181\">\u0110\u1ed9ng c\u01a1 \u0111i\u1ec7n<\/td>\n<td width=\"181\">380v<\/td>\n<\/tr>\n<tr>\n<td width=\"181\">2540 (B\u00ean trong)<\/td>\n<td width=\"181\">45kw 50hz<\/td>\n<\/tr>\n<tr>\n<td width=\"181\">K\u00edch th\u01b0\u1edbc b\u00ean ngo\u00e0i<\/td>\n<td width=\"181\">6090*1340*2000 mm\u00b3<\/td>\n<td width=\"181\">Tr\u1ecdng l\u01b0\u1ee3ng ho\u1ea1t \u0111\u1ed9ng<\/td>\n<td width=\"181\">7.2T<\/td>\n<\/tr>\n<\/tbody>\n<\/table>\n<\/div>","protected":false},"excerpt":{"rendered":"<p>Loader \u0111i\u1ec7n ng\u1ea7m ZONGDA l\u00e0 m\u1ed9t lo\u1ea1i LHD ng\u1ea7m \u0111\u01b0\u1ee3c ph\u00e1t tri\u1ec3n c\u00f9ng v\u1edbi c\u00e1c vi\u1ec7n nghi\u00ean c\u1ee9u khoa h\u1ecdc theo t\u00ecnh h\u00ecnh c\u1ee5 th\u1ec3 c\u1ee7a thi\u1ebft b\u1ecb khai th\u00e1c m\u1ecf kh\u00f4ng theo d\u00f5i ng\u1ea7m \u1edf Trung Qu\u1ed1c v\u00e0 \u0111\u1eb7c \u0111i\u1ec3m c\u1ee7a c\u00e1c m\u00f4 h\u00ecnh t\u01b0\u01a1ng t\u1ef1 \u1edf trong n\u01b0\u1edbc v\u00e0 n\u01b0\u1edbc ngo\u00e0i.<\/p>","protected":false},"featured_media":1576,"comment_status":"open","ping_status":"closed","template":"","meta":{"_acf_changed":false},"product_brand":[],"product_cat":[15],"product_tag":[],"class_list":{"0":"post-1575","1":"product","2":"type-product","3":"status-publish","4":"has-post-thumbnail","6":"product_cat-trackless-mining-equipment","8":"first","9":"instock","10":"shipping-taxable","11":"product-type-simple"},"acf":[],"_links":{"self":[{"href":"https:\/\/www.zongdamining.com\/vi\/wp-json\/wp\/v2\/product\/1575","targetHints":{"allow":["GET"]}}],"collection":[{"href":"https:\/\/www.zongdamining.com\/vi\/wp-json\/wp\/v2\/product"}],"about":[{"href":"https:\/\/www.zongdamining.com\/vi\/wp-json\/wp\/v2\/types\/product"}],"replies":[{"embeddable":true,"href":"https:\/\/www.zongdamining.com\/vi\/wp-json\/wp\/v2\/comments?post=1575"}],"wp:featuredmedia":[{"embeddable":true,"href":"https:\/\/www.zongdamining.com\/vi\/wp-json\/wp\/v2\/media\/1576"}],"wp:attachment":[{"href":"https:\/\/www.zongdamining.com\/vi\/wp-json\/wp\/v2\/media?parent=1575"}],"wp:term":[{"taxonomy":"product_brand","embeddable":true,"href":"https:\/\/www.zongdamining.com\/vi\/wp-json\/wp\/v2\/product_brand?post=1575"},{"taxonomy":"product_cat","embeddable":true,"href":"https:\/\/www.zongdamining.com\/vi\/wp-json\/wp\/v2\/product_cat?post=1575"},{"taxonomy":"product_tag","embeddable":true,"href":"https:\/\/www.zongdamining.com\/vi\/wp-json\/wp\/v2\/product_tag?post=1575"}],"curies":[{"name":"WP","href":"https:\/\/api.w.org\/{rel}","templated":true}]}}