{"id":1803,"date":"2023-08-11T14:15:27","date_gmt":"2023-08-11T06:15:27","guid":{"rendered":"https:\/\/www.zongdamining.com\/?post_type=product&#038;p=1803"},"modified":"2026-03-13T14:05:58","modified_gmt":"2026-03-13T06:05:58","slug":"underground-loader","status":"publish","type":"product","link":"https:\/\/www.zongdamining.com\/vi\/product\/underground-loader\/","title":{"rendered":"M\u00e1y t\u1ea3i m\u1ecf ng\u1ea7m ZDL215 M\u00e1y t\u1ea3i ng\u1ea7m 0,75 \/ 1 kh\u1ed1i"},"content":{"rendered":"<p><img fetchpriority=\"high\" decoding=\"async\" class=\"alignnone size-medium wp-image-1801\" src=\"http:\/\/www.zongdamining.com\/wp-content\/uploads\/2023\/08\/1691551634122-300x225.png\" alt=\"\" width=\"300\" height=\"225\" srcset=\"https:\/\/www.zongdamining.com\/wp-content\/uploads\/2023\/08\/1691551634122-300x225.png 300w, https:\/\/www.zongdamining.com\/wp-content\/uploads\/2023\/08\/1691551634122.png 504w\" sizes=\"(max-width: 300px) 100vw, 300px\" \/><\/p>\n<p><strong><u><b>F<\/b><\/u><\/strong><strong><u><b>\u0103n v\u00e0 l\u1ee3i th\u1ebf:<\/b><\/u><\/strong><\/p>\n<ol>\n<li>\u00a0H\u1ec7 th\u1ed1ng \u0111i\u1ec7n \u00e1p d\u1ee5ng Cummins ho\u1eb7c Deutz v\u1edbi kh\u00ed th\u1ea3i th\u1ea5p h\u01a1n.<\/li>\n<li>\u00a0Dao \u0111\u1ed9ng b\u1eb1ng c\u00e1ch quay khung, l\u00e1i th\u1ee7y l\u1ef1c, xoay tr\u1ee5c sau so v\u1edbi c\u00e1c h\u00ecnh th\u1ee9c truy\u1ec1n th\u1ed1ng an to\u00e0n h\u01a1n.<\/li>\n<li>H\u1ec7 th\u1ed1ng truy\u1ec1n \u0111\u1ed9ng s\u1eed d\u1ee5ng b\u1ed9 chuy\u1ec3n \u0111\u1ed5i m\u00f4-men xo\u1eafn th\u1ee7y l\u1ef1c, truy\u1ec1n t\u1ea3i chuy\u1ec3n \u0111\u1ed9ng c\u00f4ng su\u1ea5t v\u00e0 c\u1ea3i thi\u1ec7n \u0111\u1ed9 tin c\u1eady.<\/li>\n<li>H\u1ec7 \u0111i\u1ec1u h\u00e0nh \u00e1p d\u1ee5ng \u0111i\u1ec1u khi\u1ec3n phi c\u00f4ng, l\u00e0m cho ho\u1ea1t \u0111\u1ed9ng \u0111\u01a1n gi\u1ea3n h\u01a1n, l\u00e0m vi\u1ec7c hi\u1ec7u qu\u1ea3 h\u01a1n.<\/li>\n<\/ol>\n<p>5. phanh d\u1ecbch v\u1ee5 l\u00e0 m\u1ed9t m\u00f9a xu\u00e2n \u00e1p d\u1ee5ng, gi\u1ea3i ph\u00f3ng th\u1ee7y l\u1ef1c, v\u00e0 \u0111\u01b0\u1ee3c trang b\u1ecb h\u1ec7 th\u1ed1ng phanh kh\u1ea9n c\u1ea5p, phanh an to\u00e0n v\u00e0 \u0111\u00e1ng tin c\u1eady.<\/p>\n<ol start=\"6\">\n<li>H\u1ec7 th\u1ed1ng x\u1ea3 \u0111\u01b0\u1ee3c trang b\u1ecb h\u1ec7 th\u1ed1ng l\u1ecdc n\u01b0\u1edbc m\u00e1y l\u1ecdc nh\u1eadp kh\u1ea9u, gi\u1ea3m \u0111\u00e1ng k\u1ec3 \u00f4 nhi\u1ec5m kh\u00f4ng kh\u00ed.<\/li>\n<li>Ch\u1ea5p nh\u1eadn 9.75-18 l\u1ed1p cao su m\u1ecbn ch\u1ed1ng \u0111\u00e2m,<\/li>\n<li>M\u00e1y c\u00f3 th\u1ec3 \u0111\u01b0\u1ee3c x\u00fac, t\u1ea3i, v\u1eadn chuy\u1ec3n, d\u1ee1 m\u1ed9t ho\u1ea1t \u0111\u1ed9ng, c\u1ea5u tr\u00fac nh\u1ecf g\u1ecdn, ho\u1ea1t \u0111\u1ed9ng thu\u1eadn ti\u1ec7n, ho\u1ea1t \u0111\u1ed9ng hi\u1ec7u qu\u1ea3 cao \u0111\u1ec3 ph\u1ee5c h\u1ed3i c\u00e1c m\u1ecf v\u00e0 \u0111\u01b0\u1eddng h\u1ea7m b\u00f9n, v\u00e0 h\u00ecnh th\u00e0nh n\u01a1i l\u00e0m vi\u1ec7c v\u00e0 x\u00e2y d\u1ef1ng \u0111\u01b0\u1eddng, v\u1eadn chuy\u1ec3n v\u1eadt li\u1ec7u v\u00e0 c\u00e1c ho\u1ea1t \u0111\u1ed9ng ph\u1ee5 tr\u1ee3 kh\u00e1c.<\/li>\n<\/ol>\n<p>Li\u00ean k\u1ebft thanh 9.Z cho l\u1ef1c quay tr\u1edf l\u1ea1i cao h\u01a1n v\u00e0 kh\u1edbp x\u00f4 nhanh h\u01a1n.<\/p>","protected":false},"excerpt":{"rendered":"<p><strong><b>\u0110\u1eb7c \u0111i\u1ec3m k\u1ef9 thu\u1eadt<\/b><\/strong><\/p>\n<p>Loader khai th\u00e1c m\u1ecf ng\u1ea7m<\/p>\n<p><strong><b>\u00a0<\/b><\/strong><strong>ZDL215 0.75\/1<\/strong><strong>\u00a0kh\u1ed1i ng\u1ea7m Loader<\/strong><\/p>","protected":false},"featured_media":3282,"comment_status":"closed","ping_status":"closed","template":"","meta":{"_acf_changed":false},"product_brand":[],"product_cat":[15],"product_tag":[],"class_list":{"0":"post-1803","1":"product","2":"type-product","3":"status-publish","4":"has-post-thumbnail","6":"product_cat-trackless-mining-equipment","8":"first","9":"instock","10":"shipping-taxable","11":"product-type-simple"},"acf":[],"_links":{"self":[{"href":"https:\/\/www.zongdamining.com\/vi\/wp-json\/wp\/v2\/product\/1803","targetHints":{"allow":["GET"]}}],"collection":[{"href":"https:\/\/www.zongdamining.com\/vi\/wp-json\/wp\/v2\/product"}],"about":[{"href":"https:\/\/www.zongdamining.com\/vi\/wp-json\/wp\/v2\/types\/product"}],"replies":[{"embeddable":true,"href":"https:\/\/www.zongdamining.com\/vi\/wp-json\/wp\/v2\/comments?post=1803"}],"wp:featuredmedia":[{"embeddable":true,"href":"https:\/\/www.zongdamining.com\/vi\/wp-json\/wp\/v2\/media\/3282"}],"wp:attachment":[{"href":"https:\/\/www.zongdamining.com\/vi\/wp-json\/wp\/v2\/media?parent=1803"}],"wp:term":[{"taxonomy":"product_brand","embeddable":true,"href":"https:\/\/www.zongdamining.com\/vi\/wp-json\/wp\/v2\/product_brand?post=1803"},{"taxonomy":"product_cat","embeddable":true,"href":"https:\/\/www.zongdamining.com\/vi\/wp-json\/wp\/v2\/product_cat?post=1803"},{"taxonomy":"product_tag","embeddable":true,"href":"https:\/\/www.zongdamining.com\/vi\/wp-json\/wp\/v2\/product_tag?post=1803"}],"curies":[{"name":"WP","href":"https:\/\/api.w.org\/{rel}","templated":true}]}}