{"id":1823,"date":"2023-11-17T16:28:40","date_gmt":"2023-11-17T08:28:40","guid":{"rendered":"https:\/\/www.zongdamining.com\/?post_type=product&#038;p=1823"},"modified":"2026-01-22T16:48:03","modified_gmt":"2026-01-22T08:48:03","slug":"underground-mining-loader","status":"publish","type":"product","link":"https:\/\/www.zongdamining.com\/vi\/product\/underground-mining-loader\/","title":{"rendered":"M\u00e1y t\u1ea3i ng\u1ea7m nh\u1ecf g\u1ecdn ZDL202 cho qu\u1eb7ng m\u1ecf ng\u1ea7m quy m\u00f4 nh\u1ecf &#038; Ho\u1ea1t \u0111\u1ed9ng t\u1ea3i \u0111\u00e1 th\u1ea3i"},"content":{"rendered":"<p>D\u1eef li\u1ec7u k\u1ef9 thu\u1eadt<\/p>\n<p>M\u00e1y t\u1ea3i ng\u1ea7m ZDL202<\/p>\n<p>&nbsp;<\/p>\n<p>&nbsp;<\/p>\n<p><strong><b>M\u00e1y t\u1ea3i ng\u1ea7m ZDL202 <\/b><\/strong><strong><b>: Thi\u1ebft b\u1ecb t\u1ea3i dao kh\u00f4ng theo d\u00f5i v\u00e0 v\u1eadn chuy\u1ec3n kho\u1ea3ng c\u00e1ch ng\u1eafn<\/b><\/strong><\/p>\n<p><strong><b>\u00a0<\/b><\/strong><\/p>\n<p>C\u00e1c\u00a0<strong><b>M\u00e1y t\u1ea3i ng\u1ea7m ZDL202<\/b><\/strong>\u00a0ch\u1ee7 y\u1ebfu \u0111\u01b0\u1ee3c s\u1eed d\u1ee5ng k\u1ebft h\u1ee3p v\u1edbi xe t\u1ea3i khai th\u00e1c m\u1ecf trong khai th\u00e1c ng\u1ea7m v\u00e0 khai th\u00e1c m\u1ecf. T\u1ea3i qu\u1eb7ng v\u00e0 v\u1eadt li\u1ec7u kh\u00e1c nhau c\u00f3 th\u1ec3 c\u1ea3i thi\u1ec7n \u0111\u00e1ng k\u1ec3 hi\u1ec7u qu\u1ea3 ho\u1ea1t \u0111\u1ed9ng v\u00e0 l\u00e0 m\u1ed9t thi\u1ebft b\u1ecb quan tr\u1ecdng \u0111\u1ec3 \u0111\u1ea1t \u0111\u01b0\u1ee3c khai th\u00e1c m\u1ecf kh\u00f4ng theo d\u00f5i.<\/p>\n<p>&nbsp;<\/p>\n<p>M\u00f4 h\u00ecnh n\u00e0y c\u00f3 khung kh\u1edbp n\u1ed1i v\u00e0 c\u01a1 ch\u1ebf ch\u1ed1ng s\u00e1u li\u00ean k\u1ebft h\u00ecnh S cho c\u01a1 ch\u1ebf l\u00e0m vi\u1ec7c. Ng\u01b0\u1eddi l\u00e1i xe&#8217; Gh\u1ebf c\u1ee7a S n\u1eb1m tr\u00ean th\u00e2n tr\u01b0\u1edbc v\u00e0 c\u00f3 m\u1ed9t khu l\u00e1i xe b\u1ea3o v\u1ec7. Ch\u1ebf \u0111\u1ed9 swing l\u00e0 m\u1ed9t v\u00f2ng bi quay, v\u00e0 tr\u1ee5c tr\u01b0\u1edbc \u0111\u01b0\u1ee3c trang b\u1ecb kh\u00e1c bi\u1ec7t ch\u1ed1ng tr\u01b0\u1ee3t.<\/p>\n<p>&nbsp;<\/p>\n<ol>\n<li><b><\/b><strong><b>\u0110\u1eb7c \u0111i\u1ec3m k\u1ef9 thu\u1eadt<\/b><\/strong>:<\/li>\n<\/ol>\n<p>&nbsp;<\/p>\n<ul>\n<li><strong><b>H\u1ec7 th\u1ed1ng \u0111i\u1ec7n<\/b><\/strong>: H\u1ec7 th\u1ed1ng \u0111i\u1ec7n \u00e1p d\u1ee5ng \u0111\u1ed9ng c\u01a1 l\u00e0m m\u00e1t b\u1eb1ng n\u01b0\u1edbc, \u00f4 nhi\u1ec5m th\u1ea5p, t\u1ed1c \u0111\u1ed9 th\u1ea5p v\u00e0 m\u00f4-men xo\u1eafn cao t\u1eeb C\u00f4ng ty Kunming Yunnei;<\/li>\n<li><strong><b>Truy\u1ec1n t\u1ea3i<\/b><\/strong>: H\u1ec7 th\u1ed1ng truy\u1ec1n t\u1ea3i \u0111i\u1ec7n \u00e1p d\u1ee5ng h\u1ed9p s\u1ed1 v\u00e0 b\u1ed9 chuy\u1ec3n \u0111\u1ed5i m\u00f4-men xo\u1eafn, tr\u1ee5c l\u00e1i xe ph\u00f3ng th\u1ee7y l\u1ef1c phanh m\u00f9a xu\u00e2n s\u1ea3n xu\u1ea5t trong n\u01b0\u1edbc v\u00e0 l\u1ed1p kh\u00ed n\u00e9n ch\u1ed1ng c\u1eaft khai th\u00e1c m\u1ecf;<\/li>\n<li><strong><b>L\u00e1i xe phanh<\/b><\/strong>: Phanh l\u00e1i xe \u00e1p d\u1ee5ng m\u1ed9t phanh m\u00f9a xu\u00e2n \u0111a \u0111\u0129a \u01b0\u1edbt phanh gi\u1ea3i ph\u00f3ng th\u1ee7y l\u1ef1c; Van l\u00e0m \u0111\u1ea7y MICO v\u00e0 van phanh; Phanh \u0111\u1ed7 xe \u00e1p d\u1ee5ng m\u1ed9t phanh m\u00f9a xu\u00e2n tr\u00ean tr\u1ee5c l\u00e1i xe \u0111\u1ec3 phanh;<\/li>\n<li><strong><b>Khung<\/b><\/strong>Khung l\u00e0 m\u1ed9t c\u1ea5u tr\u00fac c\u00f3 b\u1ea3n l\u1ec1 trung t\u00e2m, v\u1edbi tr\u1ee5c sau xoay tr\u00e1i v\u00e0 ph\u1ea3i xung quanh trung t\u00e2m c\u1ee7a khung \u0111\u1ec3 c\u1ea3i thi\u1ec7n hi\u1ec7u su\u1ea5t b\u00e1m d\u00ednh t\u1ed5ng th\u1ec3 c\u1ee7a xe;<\/li>\n<li><strong><b>l\u00e1i xe<\/b><\/strong>: H\u1ec7 th\u1ed1ng l\u00e1i h\u1ed7 tr\u1ee3 th\u1ee7y l\u1ef1c v\u1edbi m\u1ed9t xi lanh l\u00e1i \u0111\u01a1n cho h\u1ec7 th\u1ed1ng l\u00e1i;<\/li>\n<\/ul>\n<p>&nbsp;<\/p>\n<ol start=\"2\">\n<li><b><\/b><strong><b>C\u00e1c bi\u1ec7n ph\u00e1p an to\u00e0n<\/b><\/strong>:<\/li>\n<\/ol>\n<ul>\n<li><b><\/b><strong><b>Thi\u1ebft b\u1ecb an to\u00e0n<\/b><\/strong>C\u00e1c nh\u00e0 khai th\u00e1c ph\u1ea3i \u0111eo m\u0169 b\u1ea3o hi\u1ec3m an to\u00e0n, mang theo c\u00e1c thi\u1ebft b\u1ecb t\u1ef1 c\u1ee9u v\u00e0 s\u1eed d\u1ee5ng \u0111\u00e8n khai th\u00e1c m\u1ecf khi b\u01b0\u1edbc v\u00e0o gi\u1ebfng.<\/li>\n<li><b><\/b><strong><b>B\u1ea3o tr\u00ec th\u01b0\u1eddng xuy\u00ean<\/b><\/strong>Ki\u1ec3m tra th\u01b0\u1eddng xuy\u00ean v\u00e0 gi\u1ea3i quy\u1ebft nhanh ch\u00f3ng c\u00e1c m\u1ed1i nguy hi\u1ec3m \u1ea9n.<\/li>\n<li><b><\/b><strong><b>Kh\u00f4ng b\u1ea3o tr\u00ec trong khi ho\u1ea1t \u0111\u1ed9ng<\/b><\/strong>C\u1ea5m th\u1ef1c hi\u1ec7n b\u1ea3o tr\u00ec trong khi m\u00e1y \u0111ang ch\u1ea1y.<\/li>\n<li><b><\/b><strong><b>An to\u00e0n trong qu\u00e1 tr\u00ecnh h\u00e0n \/ c\u1eaft<\/b><\/strong>X\u00e1c nh\u1eadn kh\u00f4ng c\u00f3 v\u1eadt li\u1ec7u d\u1ec5 ch\u00e1y ho\u1eb7c n\u1ed5 tr\u01b0\u1edbc khi b\u1ea3o tr\u00ec.<\/li>\n<li><b><\/b><strong><b>C\u00e1c bi\u1ec7n ph\u00e1p ph\u00f2ng ng\u1eeba \u1ed1ng th\u1ea3i<\/b><\/strong>Tr\u00e1nh ti\u1ebfp x\u00fac v\u1eadt l\u00fd v\u1edbi \u1ed1ng th\u1ea3i n\u00f3ng.<\/li>\n<li><b><\/b><strong><b>B\u1ea3o tr\u00ec h\u1ec7 th\u1ed1ng th\u1ee7y l\u1ef1c<\/b><\/strong>\u00c1p l\u1ef1c ph\u1ea3i \u0111\u01b0\u1ee3c gi\u1ea3m tr\u01b0\u1edbc khi b\u1eaft \u0111\u1ea7u s\u1eeda ch\u1eefa.<\/li>\n<\/ul>\n<p>&nbsp;<\/p>\n<p><strong><b>\u0110i\u1ec1u ki\u1ec7n s\u1eed d\u1ee5ng cho <\/b><\/strong><strong><b>M\u00e1y t\u1ea3i ng\u1ea7m ZDL202<\/b><\/strong><\/p>\n<ol>\n<li><b><\/b><strong><b>Th\u00f4ng s\u1ed1 k\u1ef9 thu\u1eadt \u0111\u01b0\u1eddng h\u1ea7m<\/b><\/strong>:<\/li>\n<\/ol>\n<ul>\n<li>Th\u00edch h\u1ee3p cho \u0111\u01b0\u1eddng h\u1ea7m v\u1edbi k\u00edch th\u01b0\u1edbc c\u1eaft ch\u00e9o c\u1ee7a <strong><b>5 m\u00e9t (chi\u1ec1u cao) \u00d7 2,5 m\u00e9t (chi\u1ec1u r\u1ed9ng) tr\u1edf l\u00ean<\/b><\/strong>.<\/li>\n<li>Y\u00eau c\u1ea7u a <strong><b>t\u1ea5m \u0111\u1ea7u c\u00f4ng ty<\/b><\/strong>.<\/li>\n<li>B\u00e1n k\u00ednh xoay t\u1ed1i thi\u1ec3u c\u1ee7a <strong><b>\u2265 4,3 m\u00e9t<\/b><\/strong>\u1edf b\u00ean ngo\u00e0i.<\/li>\n<li>\u0110\u01b0\u1eddng d\u1ed1c n\u00ean <strong><b>\u2264 14\u00b0<\/b><\/strong>.<\/li>\n<li>Ph\u00f9 h\u1ee3p <strong><b>th\u00f4ng gi\u00f3 v\u00e0 tho\u00e1t n\u01b0\u1edbc<\/b><\/strong>t\u1ea1i n\u01a1i l\u00e0m vi\u1ec7c.\n<ol start=\"2\">\n<li><b><\/b><strong><b>Y\u1ebfu t\u1ed1 m\u00f4i tr\u01b0\u1eddng<\/b><\/strong>:<\/li>\n<\/ol>\n<\/li>\n<li>Nhi\u1ec7t \u0111\u1ed9 m\u00f4i tr\u01b0\u1eddng trong \u0111\u01b0\u1eddng h\u1ea7m: <strong><b>-5 \u00b0 C \u0111\u1ebfn 40 \u00b0 C<\/b><\/strong>.<\/li>\n<li>\u0110\u1ed9 \u1ea9m t\u01b0\u01a1ng \u0111\u1ed1i t\u1ed1i \u0111a (\u1edf 25 \u00b0 C): <strong><b>Kh\u00f4ng qu\u00e1 85%<\/b><\/strong>.<\/li>\n<li>Chi\u1ec1u cao c\u1ee7a v\u1ecb tr\u00ed s\u1eed d\u1ee5ng: <strong><b>Kh\u00f4ng v\u01b0\u1ee3t qu\u00e1 1000 m\u00e9t<\/b><\/strong>.<\/li>\n<li>\u1ede v\u00f9ng cao (tr\u00ean 1000 m\u00e9t), <strong><b>gi\u1ea3m n\u0103ng l\u01b0\u1ee3ng<\/b><\/strong>c\u1ea7n thi\u1ebft cho ho\u1ea1t \u0111\u1ed9ng.\n<ol start=\"3\">\n<li><b><\/b><strong><b>Y\u00eau c\u1ea7u nhi\u00ean li\u1ec7u<\/b><\/strong>:<\/li>\n<\/ol>\n<\/li>\n<li>H\u00e0m l\u01b0\u1ee3ng l\u01b0u hu\u1ef3nh c\u1ee7a nhi\u00ean li\u1ec7u \u0111\u01b0\u1ee3c s\u1eed d\u1ee5ng trong m\u00e1y n\u00e0y ph\u1ea3i <strong><b>Kh\u00f4ng v\u01b0\u1ee3t qu\u00e1 0,2%<\/b><\/strong>.\n<ol start=\"4\">\n<li><b><\/b><strong><b>C\u00e1c bi\u1ec7n ph\u00e1p ph\u00f2ng ng\u1eeba an to\u00e0n<\/b><\/strong>:<\/li>\n<\/ol>\n<\/li>\n<li>Ch\u1eb7t ch\u1ebd <strong><b>c\u1ea5m<\/b><\/strong>\u1edf nh\u1eefng n\u01a1i v\u1edbi <strong><b>Kh\u00ed d\u1ec5 ch\u00e1y v\u00e0 n\u1ed5<\/b><\/strong>\u00a0(nh\u01b0 kh\u00ed v\u00e0 b\u1ee5i than).<\/li>\n<\/ul>\n<p>&nbsp;<\/p>\n<p>&nbsp;<\/p>\n<h3><strong><b>1, Th\u00f4ng s\u1ed1 m\u00e1y<\/b><\/strong><\/h3>\n<h3><strong><b>1.1 K\u00edch th\u01b0\u1edbc t\u1ed5ng th\u1ec3<\/b><\/strong><\/h3>\n<p><strong><b>T\u1ea3i tr\u1ecdng \u0111\u1ecbnh m\u1ee9c <\/b><\/strong><strong><b>:<\/b><\/strong>2000kg<\/p>\n<p><strong><b>Chi\u1ec1u d\u00e0i t\u1ed5ng th\u1ec3 (b\u1ed9 s\u01b0u t\u1eadp x\u00f4) <\/b><\/strong><strong><b>:<\/b><\/strong>6200mm\u00b1150<\/p>\n<p><strong><b>Chi\u1ec1u r\u1ed9ng t\u1ed5ng th\u1ec3<\/b><\/strong><strong><b>\uff1a<\/b><\/strong>\u00a01340mm\u00b150<\/p>\n<p><strong><b>Chi\u1ec1u cao t\u1ed5ng th\u1ec3 (bao g\u1ed3m c\u1ea3 ph\u1ea7n tr\u00ean c\u1ee7a cabin l\u00e1i xe)<\/b><\/strong><strong><b>:<\/b><\/strong>1950mm\u00b1100<\/p>\n<p><strong><b>C\u00f4ng su\u1ea5t x\u00f4 (x\u1ebfp ch\u1ed3ng SAE) <\/b><\/strong>:\u00a01m3<\/p>\n<p><strong><b>Chi\u1ec1u cao n\u00e2ng t\u1ed1i \u0111a <\/b><\/strong><strong><b>:<\/b><\/strong>\u00a02970mm<\/p>\n<p><strong><b>Chi\u1ec1u cao d\u1ee1 t\u1ea3i t\u1ed1i \u0111a <\/b><\/strong><strong><b>:<\/b><\/strong>\u00a01100mm<\/p>\n<p><strong><b>G\u00f3c d\u1ee1 t\u1ea3i <\/b><\/strong><strong><b>:<\/b><\/strong>\u00a040 \u00b0<\/p>\n<p><strong><b>B\u00e1nh xe<\/b><\/strong><strong><b>:<\/b><\/strong>\u00a02395mm<\/p>\n<p><strong><b>T\u1ed1i thi\u1ec3u \u0111\u1ea5t clearance<\/b><\/strong>\u00a0\u2265 205mm<\/p>\n<p><strong><b>G\u00f3c kh\u1edfi h\u00e0nh<\/b><\/strong><strong><b>:<\/b><\/strong>\u00a014 \u00b0<\/p>\n<p>&nbsp;<\/p>\n<h3><strong><b>1.2 Tr\u1ecdng l\u01b0\u1ee3ng m\u00e1y<\/b><\/strong><\/h3>\n<p><strong><b>Ho\u1ea1t \u0111\u1ed9ng <\/b><\/strong><strong><b>tr\u1ecdng l\u01b0\u1ee3ng <\/b><\/strong>:7200kg<\/p>\n<p><strong><b>Tr\u1ecdng l\u01b0\u1ee3ng t\u1ea3i \u0111\u1ea7y \u0111\u1ee7 <\/b><\/strong>: 9200kg \u00b1 300kg<\/p>\n<p>&nbsp;<\/p>\n<h3><strong><b>1.3 Kh\u1ea3 n\u0103ng ho\u1ea1t \u0111\u1ed9ng<\/b><\/strong><\/h3>\n<p><strong><b>T\u1ed1c \u0111\u1ed9 du l\u1ecbch trong b\u00e1nh r\u0103ng \u0111\u1ea7u ti\u00ean<\/b><\/strong>: 0-8km \/ gi\u1edd<\/p>\n<p><strong><b>B\u00e1nh r\u0103ng th\u1ee9 hai <\/b><\/strong>0-20km \/ gi\u1edd<\/p>\n<p><strong><b>Kh\u1ea3 n\u0103ng leo n\u00fai <\/b><\/strong><strong><b>:<\/b><\/strong>\u00a014 \u00b0<\/p>\n<p><strong><b>L\u1ef1c k\u00e9o t\u1ed1i \u0111a<\/b><\/strong>\u00a0\u2265 55 KN<\/p>\n<p><strong><b>L\u1ef1c dao t\u1ed1i \u0111a (SAE) <\/b><\/strong>\u2265 50KN<\/p>\n<p>&nbsp;<\/p>\n<h3><strong><b>1.4 B\u1ec3 nhi\u00ean li\u1ec7u<\/b><\/strong><\/h3>\n<p><strong><b>B\u1ec3 nhi\u00ean li\u1ec7u (L)<\/b><\/strong><strong><b>:<\/b><\/strong>\u00a0130<\/p>\n<p><strong><b>B\u1ec3 ch\u1ee9a d\u1ea7u th\u1ee7y l\u1ef1c (L) <\/b><\/strong><strong><b>:<\/b><\/strong>\u00a0130<\/p>\n<p>&nbsp;<\/p>\n<h3><strong><b>1.5 \u0110i\u1ec1u khi\u1ec3n<\/b><\/strong><\/h3>\n<p><strong><b>H\u1ed7 tr\u1ee3 l\u00e1i th\u1ee7y l\u1ef1c n\u1ed1i trung t\u00e2m<\/b><\/strong><\/p>\n<p><strong><b>B\u00e1n k\u00ednh xoay t\u1ed1i thi\u1ec3u b\u00ean trong<\/b><\/strong><strong><b>:<\/b><\/strong>2400 \u00b1 150mm<\/p>\n<p><strong><b>Ngo\u00e0i <\/b><\/strong>:4300 \u00b1 150mm<\/p>\n<p>&nbsp;<\/p>\n<p>2\u3001 C\u1ea5u h\u00ecnh ch\u00ednh c\u1ee7a to\u00e0n b\u1ed9 m\u00e1y<\/p>\n<h3><strong><b>2.1 \u0110\u1ed9ng c\u01a1<\/b><\/strong><\/h3>\n<p><strong><b>Th\u01b0\u01a1ng hi\u1ec7u<\/b><\/strong><strong><b>\u00a0<\/b><\/strong><strong><b>: <\/b><\/strong>Kunming Yunnei, th\u01b0\u01a1ng hi\u1ec7u h\u00e0ng \u0111\u1ea7u c\u1ee7a Trung Qu\u1ed1c<\/p>\n<p><strong><b>M\u00f4 h\u00ecnh <\/b><\/strong><strong><b>:<\/b><\/strong>\u00a0S\u1ea3n ph\u1ea9m YN4EL120-30CR<strong><b>\u00a0<\/b><\/strong><\/p>\n<p><strong><b>Ki\u1ec3u<\/b><\/strong><strong><b>: <\/b><\/strong>\u0110\u1ed9ng c\u01a1 diesel l\u00e0m m\u00e1t b\u1eb1ng n\u01b0\u1edbc<\/p>\n<p><strong><b>C\u00f4ng su\u1ea5t \u0111\u1ecbnh m\u1ee9c <\/b><\/strong><strong><b>:<\/b><\/strong>88KW \/ 2400rpm, 420Nm@1500<\/p>\n<p><strong><b>Ph\u00e1t th\u1ea3i kh\u00ed th\u1ea3i<\/b><\/strong><strong><b>:<\/b><\/strong>\u00a0DOC DPF (giai \u0111o\u1ea1n qu\u1ed1c gia Trung Qu\u1ed1c III)<\/p>\n<p><strong><b>Ph\u01b0\u01a1ng ph\u00e1p b\u1eaft \u0111\u1ea7u:<\/b><\/strong><strong><b>\u00a0<\/b><\/strong>B\u1eaft \u0111\u1ea7u \u0111i\u1ec7n<\/p>\n<p><strong><b>\u0110i\u1ec1u khi\u1ec3n gia t\u1ed1c:<\/b><\/strong><strong><b>\u00a0<\/b><\/strong>B\u1ed9 \u0111i\u1ec1u khi\u1ec3n \u0111i\u1ec7n t\u1eed<\/p>\n<p>&nbsp;<\/p>\n<p>&nbsp;<\/p>\n<h3><strong><b>2.2 B\u1ed9 chuy\u1ec3n \u0111\u1ed5i m\u00f4-men th\u1ee7y l\u1ef1c<\/b><\/strong><\/h3>\n<p><strong><b>Nh\u00e0 m\u00e1y s\u1ea3n xu\u1ea5t<\/b><\/strong><strong><b>: <\/b><\/strong>Th\u01b0\u01a1ng hi\u1ec7u h\u00e0ng \u0111\u1ea7u c\u1ee7a Trung Qu\u1ed1c cho LHD, t\u01b0\u01a1ng \u0111\u01b0\u01a1ng v\u1edbi DANA<\/p>\n<p><strong><b>M\u00f4 h\u00ecnh<\/b><\/strong><strong><b>: <\/b><\/strong>YJ280S2-1<\/p>\n<p>&nbsp;<\/p>\n<h3><strong><b>2.3 Truy\u1ec1n t\u1ea3i<\/b><\/strong><\/h3>\n<p><strong><b>Nh\u00e0 m\u00e1y s\u1ea3n xu\u1ea5t<\/b><\/strong><strong><b>:<\/b><\/strong>\u00a0Th\u01b0\u01a1ng hi\u1ec7u h\u00e0ng \u0111\u1ea7u c\u1ee7a Trung Qu\u1ed1c cho LHD, t\u01b0\u01a1ng \u0111\u01b0\u01a1ng v\u1edbi DANA<\/p>\n<p><strong><b>M\u00f4 h\u00ecnh<\/b><\/strong><strong><b>:<\/b><\/strong>\u00a0S\u1ea3n ph\u1ea9m ZL15<\/p>\n<p>&nbsp;<\/p>\n<h3><strong><b>2.4 Tr\u1ee5c l\u00e1i<\/b><\/strong><\/h3>\n<p><strong><b>Nh\u00e0 m\u00e1y s\u1ea3n xu\u1ea5t<\/b><\/strong><strong><b>: <\/b><\/strong>Tr\u1ee5c Xuzhou c\u1ee7a Trung Qu\u1ed1c, t\u01b0\u01a1ng \u0111\u01b0\u01a1ng v\u1edbi DANA<\/p>\n<p><strong><b>M\u00f4 h\u00ecnh <\/b><\/strong><strong><b>: <\/b><\/strong>Xuzhou CY20<\/p>\n<p>Tr\u1ee5c l\u00e1i h\u00e0nh tinh c\u1ee9ng v\u1edbi lo\u1ea1i NO-SPIN ch\u1ed1ng tr\u01b0\u1ee3t kh\u00e1c bi\u1ec7t,<\/p>\n<p>Phanh \u0111\u1ed7 xe: \u00c1p d\u1ee5ng m\u00f9a xu\u00e2n, Ph\u00e1t h\u00e0nh th\u1ee7y l\u1ef1c \/ SAHR<\/p>\n<p>&nbsp;<\/p>\n<h3><strong><b>2.<\/b><\/strong><strong><b>5<\/b><\/strong><strong><b>\u00a0<\/b><\/strong><strong><b>Phanh<\/b><\/strong><strong><b>\u00a0h\u1ec7 th\u1ed1ng<\/b><\/strong><\/h3>\n<p>Phanh l\u00e0m vi\u1ec7c: Phanh m\u00f9a xu\u00e2n \u0111a \u0111\u0129a \u01b0\u1edbt phanh thi\u1ebft l\u1eadp l\u1ea1i th\u1ee7y l\u1ef1c<\/p>\n<p>&nbsp;<\/p>\n<h3><strong><b>2.<\/b><\/strong><strong><b>6<\/b><\/strong><strong><b>\u00a0<\/b><\/strong><strong><b>C\u00f4ng vi\u00ean<\/b><\/strong><strong><b>\u00a0h\u1ec7 th\u1ed1ng<\/b><\/strong><\/h3>\n<p>Thi\u1ebft b\u1ecb c\u1ea1nh b\u00e1nh xe phanh m\u00f9a xu\u00e2n, k\u1ebft h\u1ee3p v\u1edbi phanh l\u00e0m vi\u1ec7c v\u00e0 phanh \u0111\u1ed7 xe<\/p>\n<p>&nbsp;<\/p>\n<h3><strong><b>2.<\/b><\/strong><strong><b>7<\/b><\/strong><strong><b>\u00a0<\/b><\/strong><strong><b>l\u00e1i xe<\/b><\/strong><strong><b>\u00a0h\u1ec7 th\u1ed1ng<\/b><\/strong><\/h3>\n<p>Lo\u1ea1i: van l\u00e1i \u0111i\u1ec1u khi\u1ec3n th\u1ee7y l\u1ef1c th\u00ed \u0111i\u1ec3m SN-31S<\/p>\n<p>M\u00f4 h\u00ecnh xi lanh l\u00e1i x S\u1ed1 l\u01b0\u1ee3ng xi lanh: D90 \/ d45E \u00d7 1,<\/p>\n<p>G\u00f3c l\u00e1i: \u00b1 40 \u00b0<\/p>\n<p>&nbsp;<\/p>\n<h3><strong><b>2.5 <\/b><\/strong><strong><b>C\u00f4ng vi\u1ec7c <\/b><\/strong><strong><b>H\u1ec7 th\u1ed1ng th\u1ee7y l\u1ef1c<\/b><\/strong><\/h3>\n<p>Phanh \u0111a \u0111\u0129a \u01b0\u1edbt v\u1edbi phanh l\u00e0m vi\u1ec7c phanh m\u00f9a xu\u00e2n v\u00e0 gi\u1ea3i ph\u00f3ng th\u1ee7y l\u1ef1c<\/p>\n<p>Lo\u1ea1i: \u0110i\u1ec1u khi\u1ec3n th\u1ee7y l\u1ef1c \u0111i\u1ec1u khi\u1ec3n phi c\u00f4ng van \u0111a h\u01b0\u1edbng<\/p>\n<p>Xi lanh n\u00e2ng x S\u1ed1 l\u01b0\u1ee3ng xi lanh: D100 \/ d55 E \u00d7 2<\/p>\n<p>xi lanh d\u1ea7u x\u00f4 x S\u1ed1 xi lanh: D125 \/ d63 E \u00d7 1<\/p>\n<p>Van \u0111a h\u01b0\u1edbng: SN-62S<\/p>\n<p><strong><b>Nh\u00e0 s\u1ea3n xu\u1ea5t&#8217; s <\/b><\/strong><strong><b>S\u1ea1c<\/b><\/strong><strong><b>\u00a0Van<\/b><\/strong><strong><b>:<\/b><\/strong>\u00a0\u00a0\u00a0\u00a0\u00a0\u00a0\u00a0\u00a0\u00a0\u00a0\u00a0\u00a0Mico, Hoa K\u1ef3<\/p>\n<p><strong><b>Thi\u1ebft b\u1ecb <\/b><\/strong><strong><b>M\u00e1y b\u01a1m<\/b><\/strong><strong><b>:<\/b><\/strong>\u00a0\u00a0\u00a0\u00a0\u00a0\u00a0\u00a0\u00a0\u00a0\u00a0\u00a0\u00a0\u00a0\u00a0\u00a0\u00a0\u00a0\u00a0\u00a0\u00a0\u00a0\u00a0\u00a0\u00a0\u00a0\u00a0PERMCO, Hoa K\u1ef3<\/p>\n<p>&nbsp;<\/p>\n<p>&nbsp;<\/p>\n<p>&nbsp;<\/p>\n<p>&nbsp;<\/p>\n<p>&nbsp;<\/p>\n<p>&nbsp;<\/p>\n<p>&nbsp;<\/p>\n<p>&nbsp;<\/p>\n<p>&nbsp;<\/p>","protected":false},"excerpt":{"rendered":"<p>M\u00e1y t\u1ea3i mini truy\u1ec1n c\u01a1 h\u1ecdc<\/p>","protected":false},"featured_media":3107,"comment_status":"closed","ping_status":"closed","template":"","meta":{"_acf_changed":false},"product_brand":[],"product_cat":[15],"product_tag":[],"class_list":{"0":"post-1823","1":"product","2":"type-product","3":"status-publish","4":"has-post-thumbnail","6":"product_cat-trackless-mining-equipment","8":"first","9":"instock","10":"shipping-taxable","11":"product-type-simple"},"acf":[],"_links":{"self":[{"href":"https:\/\/www.zongdamining.com\/vi\/wp-json\/wp\/v2\/product\/1823","targetHints":{"allow":["GET"]}}],"collection":[{"href":"https:\/\/www.zongdamining.com\/vi\/wp-json\/wp\/v2\/product"}],"about":[{"href":"https:\/\/www.zongdamining.com\/vi\/wp-json\/wp\/v2\/types\/product"}],"replies":[{"embeddable":true,"href":"https:\/\/www.zongdamining.com\/vi\/wp-json\/wp\/v2\/comments?post=1823"}],"wp:featuredmedia":[{"embeddable":true,"href":"https:\/\/www.zongdamining.com\/vi\/wp-json\/wp\/v2\/media\/3107"}],"wp:attachment":[{"href":"https:\/\/www.zongdamining.com\/vi\/wp-json\/wp\/v2\/media?parent=1823"}],"wp:term":[{"taxonomy":"product_brand","embeddable":true,"href":"https:\/\/www.zongdamining.com\/vi\/wp-json\/wp\/v2\/product_brand?post=1823"},{"taxonomy":"product_cat","embeddable":true,"href":"https:\/\/www.zongdamining.com\/vi\/wp-json\/wp\/v2\/product_cat?post=1823"},{"taxonomy":"product_tag","embeddable":true,"href":"https:\/\/www.zongdamining.com\/vi\/wp-json\/wp\/v2\/product_tag?post=1823"}],"curies":[{"name":"WP","href":"https:\/\/api.w.org\/{rel}","templated":true}]}}