{"id":1833,"date":"2024-02-20T11:01:02","date_gmt":"2024-02-20T03:01:02","guid":{"rendered":"https:\/\/www.zongdamining.com\/?post_type=product&#038;p=1833"},"modified":"2026-01-22T11:10:05","modified_gmt":"2026-01-22T03:10:05","slug":"zdt210-underground-mining-truck","status":"publish","type":"product","link":"https:\/\/www.zongdamining.com\/vi\/product\/zdt210-underground-mining-truck\/","title":{"rendered":"Xe t\u1ea3i khai th\u00e1c m\u1ecf ng\u1ea7m ZDT210 Xe t\u1ea3i th\u1ea3i ng\u1ea7m hi\u1ec7u su\u1ea5t cao"},"content":{"rendered":"<p><img fetchpriority=\"high\" decoding=\"async\" class=\"alignnone size-medium wp-image-1834\" src=\"http:\/\/www.zongdamining.com\/wp-content\/uploads\/2024\/02\/1708396827870-300x200.png\" alt=\"\" width=\"300\" height=\"200\" srcset=\"https:\/\/www.zongdamining.com\/wp-content\/uploads\/2024\/02\/1708396827870-300x200.png 300w, https:\/\/www.zongdamining.com\/wp-content\/uploads\/2024\/02\/1708396827870-768x511.png 768w, https:\/\/www.zongdamining.com\/wp-content\/uploads\/2024\/02\/1708396827870-600x400.png 600w, https:\/\/www.zongdamining.com\/wp-content\/uploads\/2024\/02\/1708396827870.png 856w\" sizes=\"(max-width: 300px) 100vw, 300px\" \/><\/p>\n<p>Xe t\u1ea3i m\u1ecf ng\u1ea7m ZDT210 l\u00e0 m\u1ed9t thi\u1ebft b\u1ecb v\u1eadn chuy\u1ec3n kh\u00f4ng theo d\u00f5i \u0111\u01b0\u1ee3c thi\u1ebft k\u1ebf v\u00e0 s\u1ea3n xu\u1ea5t \u0111\u1eb7c bi\u1ec7t cho c\u00e1c m\u1ecf ng\u1ea7m. Ch\u1ee7 y\u1ebfu \u0111\u01b0\u1ee3c s\u1eed d\u1ee5ng k\u1ebft h\u1ee3p v\u1edbi m\u00e1y c\u1ea1o trong c\u00e1c ho\u1ea1t \u0111\u1ed9ng khai qu\u1eadt ng\u1ea7m v\u00e0 khai th\u00e1c m\u1ecf. V\u1eadn chuy\u1ec3n qu\u1eb7ng v\u00e0 c\u00e1c v\u1eadt li\u1ec7u kh\u00e1c nhau c\u00f3 th\u1ec3 c\u1ea3i thi\u1ec7n \u0111\u00e1ng k\u1ec3 hi\u1ec7u qu\u1ea3 ho\u1ea1t \u0111\u1ed9ng v\u00e0 l\u00e0 m\u1ed9t thi\u1ebft b\u1ecb quan tr\u1ecdng \u0111\u1ec3 \u0111\u1ea1t \u0111\u01b0\u1ee3c khai th\u00e1c m\u1ecf kh\u00f4ng theo d\u00f5i. Xe t\u1ea3i khai th\u00e1c m\u1ecf ng\u1ea7m ZDT210 \u0111\u01b0\u1ee3c cung c\u1ea5p b\u1eb1ng \u0111\u1ed9ng c\u01a1 diesel, v\u1edbi truy\u1ec1n c\u01a1 kh\u00ed th\u1ee7y l\u1ef1c, \u1ed5 \u0111\u1ea9y b\u1ed1n b\u00e1nh, l\u00e1i xe b\u00ean, th\u00e2n xe t\u1ea3i \u0111\u1ed5 ph\u00eda sau, l\u00e1i th\u1ee7y l\u1ef1c n\u1ed1i trung t\u00e2m, g\u00f3c l\u00e1i l\u1edbn, xoay linh ho\u1ea1t v\u00e0 b\u00e1n k\u00ednh nh\u1ecf. N\u00f3 ph\u00f9 h\u1ee3p cho c\u00e1c ho\u1ea1t \u0111\u1ed9ng \u0111\u01b0\u1eddng h\u1ea7m ph\u1ea7n trung b\u00ecnh v\u00e0 c\u00f3 c\u00e1c \u0111\u1eb7c \u0111i\u1ec3m k\u1ef9 thu\u1eadt sau:<\/p>\n<p>\u25cf  H\u1ec7 th\u1ed1ng \u0111i\u1ec7n \u00e1p d\u1ee5ng m\u1ed9t \u0111\u1ed9ng c\u01a1 \u00f4 nhi\u1ec5m th\u1ea5p l\u00e0m m\u00e1t b\u1eb1ng n\u01b0\u1edbc Deutz;  \u25cf  H\u1ec7 th\u1ed1ng truy\u1ec1n \u0111i\u1ec7n \u00e1p d\u1ee5ng truy\u1ec1n b\u00e1nh r\u0103ng DANA, tr\u1ee5c truy\u1ec1n \u0111\u1ed9ng th\u1ee7y l\u1ef1c ph\u00f3ng phanh m\u00f9a xu\u00e2n v\u00e0 l\u1ed1p c\u1eaft ch\u1ed1ng khai th\u00e1c m\u1ecf;  \u25cf  Phanh l\u00e1i xe \u00e1p d\u1ee5ng m\u1ed9t phanh m\u00f9a xu\u00e2n \u0111a \u0111\u0129a \u01b0\u1edbt phanh gi\u1ea3i ph\u00f3ng th\u1ee7y l\u1ef1c; Van l\u00e0m \u0111\u1ea7y MICO v\u00e0 van phanh; Phanh \u0111\u1ed7 xe \u00e1p d\u1ee5ng m\u1ed9t phanh m\u00f9a xu\u00e2n tr\u00ean tr\u1ee5c l\u00e1i xe \u0111\u1ec3 phanh;  \u25cf  Khung th\u00f4ng qua m\u1ed9t c\u1ea5u tr\u00fac quay b\u1ea3n l\u1ec1 trung t\u00e2m \u0111\u1ec3 c\u1ea3i thi\u1ec7n hi\u1ec7u su\u1ea5t d\u00ednh d\u00e1ng c\u1ee7a to\u00e0n b\u1ed9 m\u00e1y;  \u25cf  H\u1ec7 th\u1ed1ng l\u00e1i l\u00e0 m\u1ed9t h\u1ec7 th\u1ed1ng l\u00e1i h\u1ed7 tr\u1ee3 th\u1ee7y l\u1ef1c v\u1edbi xi lanh l\u00e1i hai m\u1eb7t;  \u25cf  Xe t\u1ea3i \u0111\u1ed5 ph\u00eda sau, thu\u1eadn ti\u1ec7n cho \u0111\u1ed5 qu\u1eb7ng v\u00e0 v\u1eadt li\u1ec7u. C\u1ea3nh b\u00e1o an to\u00e0n \u25cf  Ng\u01b0\u1eddi v\u1eadn h\u00e0nh m\u00e1y n\u00e0y ph\u1ea3i \u0111eo m\u0169 b\u1ea3o hi\u1ec3m an to\u00e0n v\u00e0 mang theo thi\u1ebft b\u1ecb t\u1ef1 c\u1ee9u v\u00e0 \u0111\u00e8n khai th\u00e1c m\u1ecf khi v\u00e0o gi\u1ebfng;  \u25cf  M\u00e1y n\u00e0y ph\u1ea3i \u0111\u01b0\u1ee3c b\u1ea3o tr\u00ec v\u00e0 ki\u1ec3m tra th\u01b0\u1eddng xuy\u00ean, v\u00e0 b\u1ea5t k\u1ef3 m\u1ed1i nguy hi\u1ec3m \u1ea9n n\u00e0o n\u00ean \u0111\u01b0\u1ee3c gi\u1ea3i quy\u1ebft nhanh ch\u00f3ng;  \u25cf  C\u1ea5m th\u1ef1c hi\u1ec7n b\u1ea3o tr\u00ec trong khi m\u00e1y \u0111ang ho\u1ea1t \u0111\u1ed9ng;  \u25cf  Khi m\u00e1y \u0111ang tr\u1ea3i qua b\u1ea3o tr\u00ec, \u0111i\u1ec7n ph\u1ea3i \u0111\u01b0\u1ee3c c\u1eaft v\u00e0 c\u00e1c t\u1eeb &#8220; d\u01b0\u1edbi b\u1ea3o tr\u00ec, kh\u00f4ng b\u1eaft \u0111\u1ea7u&#8221; ph\u1ea3i treo c\u1ed5;  \u25cf  Khi th\u1ef1c hi\u1ec7n b\u1ea3o tr\u00ec d\u01b0\u1edbi th\u00e2n xe n\u00e2ng cao, th\u00e2n xe ph\u1ea3i c\u00f3 h\u1ed7 tr\u1ee3 v\u1eefng ch\u1eafc v\u00e0 \u0111\u00e1ng tin c\u1eady;  \u25cf  Khi v\u00e0o m\u00e1y \u0111\u1ec3 h\u00e0n v\u00e0 c\u1eaft, c\u00e1c bi\u1ec7n ph\u00e1p an to\u00e0n ph\u1ea3i \u0111\u01b0\u1ee3c th\u1ef1c hi\u1ec7n sau khi x\u00e1c nh\u1eadn r\u1eb1ng kh\u00f4ng c\u00f3 v\u1eadt li\u1ec7u d\u1ec5 ch\u00e1y ho\u1eb7c n\u1ed5 c\u00f3 m\u1eb7t Ch\u1ec9 v\u1edbi c\u00e1c bi\u1ec7n ph\u00e1p \u0111\u1ea7y \u0111\u1ee7 c\u00f3 th\u1ec3 th\u1ef1c hi\u1ec7n ho\u1ea1t \u0111\u1ed9ng;<\/p>\n<p>\u25cf  Khi \u0111\u1ed9ng c\u01a1 \u0111ang ch\u1ea1y v\u00e0 \u1ed1ng kh\u00ed th\u1ea3i \u0111\u00e3 kh\u00f4ng l\u00e0m m\u00e1t sau khi t\u1eaft, n\u00f3 l\u00e0 nghi\u00eam ng\u1eb7t c\u1ea5m ti\u1ebfp x\u00fac v\u1eadt l\u00fd v\u1edbi m\u00e1y b\u1ea5m \u25cf  B\u1ec1 m\u1eb7t c\u1ee7a \u1ed1ng th\u1ea3i \u0111\u1ec3 tr\u00e1nh ch\u1ea5n th\u01b0\u01a1ng nghi\u00eam tr\u1ecdng nh\u01b0 b\u1ecfng;  \u25cf  Khi s\u1eeda ch\u1eefa h\u1ec7 th\u1ed1ng th\u1ee7y l\u1ef1c c\u1ee7a m\u00e1y n\u00e0y, \u00e1p su\u1ea5t ph\u1ea3i \u0111\u01b0\u1ee3c gi\u1ea3m ho\u00e0n to\u00e0n tr\u01b0\u1edbc khi b\u1eaft \u0111\u1ea7u ho\u1ea1t \u0111\u1ed9ng. \u0110i\u1ec1u ki\u1ec7n \u1ee9ng d\u1ee5ng: 1) M\u00e1y n\u00e0y ph\u00f9 h\u1ee3p \u0111\u1ec3 s\u1eed d\u1ee5ng trong \u0111\u01b0\u1eddng h\u1ea7m v\u1edbi k\u00edch th\u01b0\u1edbc c\u1eaft ngang 3m (cao) \u00d7 Trong \u0111\u01b0\u1eddng h\u1ea7m 3,5 m\u00e9t (chi\u1ec1u r\u1ed9ng) tr\u1edf l\u00ean. N\u00f3 \u0111\u00f2i h\u1ecfi m\u1ed9t t\u1ea5m tr\u00ean v\u1eefng ch\u1eafc, b\u00e1n k\u00ednh xoay t\u1ed1i thi\u1ec3u \u2265 7,3 m \u1edf b\u00ean ngo\u00e0i, v\u00e0 m\u1ed9t d\u1ed1c \u0111\u01b0\u1eddng \u2264 14 \u00b0, th\u00f4ng gi\u00f3 t\u1ed1t v\u00e0 tho\u00e1t n\u01b0\u1edbc \u1edf n\u01a1i l\u00e0m vi\u1ec7c; 2) Nhi\u1ec7t \u0111\u1ed9 c\u1ee7a \u0111\u01b0\u1eddng h\u1ea7m l\u00e0 -5 \u2103 \u0111\u1ebfn 40 \u2103, v\u00e0 \u0111\u1ed9 \u1ea9m t\u01b0\u01a1ng \u0111\u1ed1i t\u1ed1i \u0111a kh\u00f4ng qu\u00e1 85% (nhi\u1ec7t \u0111\u1ed9 \u1edf 25 \u2103) Th\u1eddi gian); 3) \u0110\u1ed9 cao c\u1ee7a v\u1ecb tr\u00ed s\u1eed d\u1ee5ng kh\u00f4ng \u0111\u01b0\u1ee3c v\u01b0\u1ee3t qu\u00e1 1000 m\u00e9t, v\u00e0 \u1edf khu v\u1ef1c cao nguy\u00ean v\u1edbi \u0111\u1ed9 cao v\u01b0\u1ee3t qu\u00e1 1000 m\u00e9t, gi\u1ea3m c\u00f4ng su\u1ea5t l\u00e0 c\u1ea7n thi\u1ebft \u0111\u1ec3 s\u1eed d\u1ee5ng; 4) H\u00e0m l\u01b0\u1ee3ng l\u01b0u hu\u1ef3nh c\u1ee7a nhi\u00ean li\u1ec7u \u0111\u01b0\u1ee3c s\u1eed d\u1ee5ng trong m\u00e1y n\u00e0y kh\u00f4ng \u0111\u01b0\u1ee3c v\u01b0\u1ee3t qu\u00e1 0,2%; 5) M\u00e1y n\u00e0y b\u1ecb c\u1ea5m nghi\u00eam ng\u1eb7t s\u1eed d\u1ee5ng \u1edf nh\u1eefng n\u01a1i c\u00f3 kh\u00ed d\u1ec5 ch\u00e1y v\u00e0 n\u1ed5 nh\u01b0 kh\u00ed v\u00e0 b\u1ee5i than;<\/p>\n<p>2.1. Th\u00f4ng s\u1ed1 k\u1ef9 thu\u1eadt \u25cf C\u00f4ng su\u1ea5t t\u1ea3i \u0111\u1ecbnh m\u1ee9c: 10t (t\u1ea3i \u0111\u1ea7y \u0111\u1ee7) \u25cf  C\u00f4ng su\u1ea5t x\u00f4 (x\u1ebfp ch\u1ed3ng): 5 m\u00b3 \u25cf  T\u1ed1c \u0111\u1ed9 l\u00e1i xe t\u1ed1i \u0111a b\u00e1nh r\u0103ng ph\u00eda tr\u01b0\u1edbc \/ ng\u01b0\u1ee3c I: 5,00 km \/ h \u25cf B\u00e1nh r\u0103ng tr\u01b0\u1edbc\/ng\u01b0\u1ee3c II: 9,70 km\/h \u25cf B\u00e1nh r\u0103ng ph\u00eda tr\u01b0\u1edbc \/ ng\u01b0\u1ee3c III: 21.60km \/ h \u25cf Ph\u1ea7n tr\u01b0\u1edbc IV b\u00e1nh r\u0103ng: 28.90km \/ h \u25cf Th\u1eddi gian n\u00e2ng xe: 13 gi\u00e2y \u25cf Th\u1eddi gian xu\u1ed1ng h\u1ed9p xe: 10 gi\u00e2y \u25cf Kh\u1ea3 n\u0103ng leo l\u00ean t\u1ed1i \u0111a (t\u1ea3i n\u1eb7ng): 25% \u25cf L\u1ef1c k\u00e9o t\u1ed1i \u0111a: 100 kN \u25cf B\u00e1n k\u00ednh xoay: B\u00ean trong 4500 mm<\/p>\n<p>\u25cf Chi\u1ec1u cao t\u1ed1i \u0111a c\u1ee7a m\u00e1y trong khi d\u1ee1 t\u1ea3i: 3875mm \u25cf G\u00f3c d\u1ee1 t\u1ea3i t\u1ed1i \u0111a: 65 \u00b0 \u25cf G\u00f3c l\u00e1i: \u00b1 40 \u00b0 \u25cf Kho\u1ea3ng c\u00e1ch m\u1eb7t \u0111\u1ea5t t\u1ed1i thi\u1ec3u: 296 mm \u25cf K\u00edch th\u01b0\u1edbc b\u00ean ngo\u00e0i L \u00d7 W \u00d7 H: 8031 mm \u00d7 1900mm \u00d7 2230 mm (\u00b1 100) \u25cf Tr\u1ecdng l\u01b0\u1ee3ng ho\u1ea1t \u0111\u1ed9ng c\u1ee7a to\u00e0n b\u1ed9 m\u00e1y: 13,5 t\u1ea5n 2.2. \u0110\u1ed9ng c\u01a1 \u25cf \u0110\u1ed9ng c\u01a1: \u0110\u1ed9ng c\u01a1 l\u00e0m m\u00e1t b\u1eb1ng kh\u00f4ng kh\u00ed Deutz BF6L914 \u25cf C\u00f4ng su\u1ea5t \u0111\u1ecbnh m\u1ee9c \/ t\u1ed1c \u0111\u1ed9 \u0111\u1ecbnh m\u1ee9c: 112 kW \/ 2300 r \/ min \u25cf  Ph\u01b0\u01a1ng ph\u00e1p b\u1eaft \u0111\u1ea7u: B\u1eaft \u0111\u1ea7u b\u1eb1ng \u0111i\u1ec7n \u25cf  Ph\u01b0\u01a1ng ph\u00e1p thanh l\u1ecdc kh\u00ed th\u1ea3i: Ph\u01b0\u01a1ng ph\u00e1p thanh l\u1ecdc x\u00fac t\u00e1c \u25cf  Ki\u1ec3m so\u00e1t gia t\u1ed1c: B\u1ed9 \u0111i\u1ec1u khi\u1ec3n h\u01a1i t\u1ed1c th\u1ee7y l\u1ef1c 2.3. H\u1ec7 th\u1ed1ng truy\u1ec1n \u25cf M\u00f4 h\u00ecnh truy\u1ec1n: DANA R32420 \u25cf M\u00f4 h\u00ecnh chuy\u1ec3n \u0111\u1ed5i m\u00f4-men xo\u1eafn: DANA C273.7 \u25cf M\u00f4 h\u00ecnh tr\u1ee5c l\u00e1i: 15T \u25cf T\u1ef7 l\u1ec7 \u1ed5 cu\u1ed1i c\u00f9ng: 5,286 \u25cf T\u1ef7 l\u1ec7 t\u1ed1c \u0111\u1ed9 c\u1ea1nh b\u00e1nh xe: 4,94 \u25cf T\u1ef7 l\u1ec7 t\u1ed1c \u0111\u1ed9 t\u1ed5ng c\u1ed9ng: 26.11 \u25cf  L\u1ed1p xe: 14.00 l\u1ed1p xe b\u01a1m h\u01a1i 2.4. H\u1ec7 th\u1ed1ng phanh (nh\u00e0 s\u1ea3n xu\u1ea5t trong n\u01b0\u1edbc n\u1ed5i ti\u1ebfng) \u25cf B\u01a1m phanh: CBLZ632016 \u25cf Di chuy\u1ec3n: 16ml \/ r \u25cf \u00c1p su\u1ea5t t\u1ed1i \u0111a c\u1ee7a h\u1ec7 th\u1ed1ng phanh: 16 MPa \u25cf  Phanh l\u00e1i xe: Phanh m\u00f9a xu\u00e2n \u0111a \u0111\u0129a \u01b0\u1edbt \u25cf M\u00f4 h\u00ecnh van phanh: MICO<\/p>\n<p>\u25cf \u00c1p su\u1ea5t gi\u1ea3i ph\u00f3ng: 103 bar \u25cf  Phanh \u0111\u1ed7 xe: Phanh m\u00f9a xu\u00e2n tr\u00ean tr\u1ee5c l\u00e1i xe \u25cf Phanh m\u00f9a xu\u00e2n, phanh gi\u1ea3i ph\u00f3ng th\u1ee7y l\u1ef1c \u25cf M\u00f4 h\u00ecnh van phanh \u0111\u1ed7 xe: RA3 \/ 3\/2 \/ G-3 2.5. H\u1ec7 th\u1ed1ng l\u00e1i (nh\u00e0 s\u1ea3n xu\u1ea5t trong n\u01b0\u1edbc n\u1ed5i ti\u1ebfng) \u25cf  Lo\u1ea1i: B\u1ea3n l\u1ec1 quay trung t\u00e2m, l\u00e1i th\u1ee7y l\u1ef1c \u25cf B\u01a1m l\u00e1i l\u00e0m vi\u1ec7c: CBLZ632016 \u25cf Di chuy\u1ec3n: 63ml \/ r \u25cf  \u00c1p su\u1ea5t t\u1ed1i \u0111a c\u1ee7a h\u1ec7 th\u1ed1ng l\u00e1i: 14 MPa \u25cf Thi\u1ebft b\u1ecb l\u00e1i: BZZ-1000 \u25cf Van \u01b0u ti\u00ean: YXZ-F250 \u25cf  \u0110\u01b0\u1eddng k\u00ednh xi lanh l\u00e1i \/ \u0111\u01b0\u1eddng k\u00ednh thanh \u00d7 S\u1ed1 l\u01b0\u1ee3ng xi lanh: \u03c6 100 \/ \u03c6 55 mm \u00d7 hai 2,6. H\u1ec7 th\u1ed1ng l\u00e0m vi\u1ec7c \u25cf  Van \u0111\u1ecbnh h\u01b0\u1edbng l\u00e0m vi\u1ec7c: SN-6 \u25cf  \u0110\u01b0\u1eddng k\u00ednh xi lanh n\u00e2ng \/ \u0111\u01b0\u1eddng k\u00ednh thanh \u00d7 S\u1ed1 l\u01b0\u1ee3ng xi lanh: \u03c6 160 \/ \u03c6 70mm \u00d7 hai \u25cf \u00c1p su\u1ea5t t\u1ed1i \u0111a c\u1ee7a h\u1ec7 th\u1ed1ng l\u00e0m vi\u1ec7c: 16MPa 2,7. H\u1ec7 th\u1ed1ng \u0111i\u1ec7n \u25cf \u0110i\u1ec7n \u00e1p h\u1ec7 th\u1ed1ng: 24V DC \u25cf \u0110i\u1ec7n \u00e1p \/ c\u00f4ng su\u1ea5t \u0111\u1ed9ng c\u01a1 b\u1eaft \u0111\u1ea7u: 24V \/ 6kW \u25cf \u00c1nh s\u00e1ng: 6 \u0111\u00e8n tr\u01b0\u1edbc, 2 \u00d7 75W, 24V \u25cf1  \u0110\u00e8n tr\u01b0\u1edbc sau, 2 \u00d7 75W, 24V \u25cf Hai \u0111\u00e8n pha b\u00ean, hai \u00d7 75W, 24V \u25cf2  \u0110\u00e8n t\u00edn hi\u1ec7u khai th\u00e1c m\u1ecf, 24V \u25cf1  \u00c1nh s\u00e1ng tr\u1ea7n cabin, 24V 2.8. C\u00f4ng su\u1ea5t b\u1ec3 nhi\u00ean li\u1ec7u \u25cf B\u1ec3 ch\u1ee9a d\u1ea7u th\u1ee7y l\u1ef1c: 180 L \u25cf B\u1ec3 nhi\u00ean li\u1ec7u: 180 L<\/p>\n<p>\u25cf Truy\u1ec1n t\u1ea3i: 28L \u25cf  Ph\u1ea7n truy\u1ec1n t\u1ea3i tr\u1ee5c l\u00e1i xe ch\u00ednh: 17L \u00d7 hai \u25cf Ph\u1ea7n gi\u1ea3m b\u00e1nh xe tr\u1ee5c l\u00e1i xe: 3,5 L \u00d7 b\u1ed1n \u25cf D\u1ea7u b\u00f4i tr\u01a1n \u0111\u1ed9ng c\u01a1: 28L<\/p>","protected":false},"excerpt":{"rendered":"<p><img decoding=\"async\" class=\"alignnone size-medium wp-image-1835\" src=\"http:\/\/www.zongdamining.com\/wp-content\/uploads\/2024\/02\/1708396982595-300x200.png\" alt=\"\" width=\"300\" height=\"200\" srcset=\"https:\/\/www.zongdamining.com\/wp-content\/uploads\/2024\/02\/1708396982595-300x200.png 300w, https:\/\/www.zongdamining.com\/wp-content\/uploads\/2024\/02\/1708396982595.png 548w\" sizes=\"(max-width: 300px) 100vw, 300px\" \/><\/p>\n<p>Xe t\u1ea3i khai th\u00e1c m\u1ecf d\u01b0\u1edbi l\u00f2ng \u0111\u1ea5t l\u00e0 ph\u01b0\u01a1ng ti\u1ec7n c\u1ea7n thi\u1ebft trong ng\u00e0nh c\u00f4ng nghi\u1ec7p khai th\u00e1c m\u1ecf, \u0111\u01b0\u1ee3c s\u1eed d\u1ee5ng \u0111\u1ec3 v\u1eadn chuy\u1ec3n v\u1eadt li\u1ec7u v\u00e0 thi\u1ebft b\u1ecb s\u00e2u d\u01b0\u1edbi l\u00f2ng \u0111\u1ea5t.<\/p>","protected":false},"featured_media":3074,"comment_status":"closed","ping_status":"closed","template":"","meta":{"_acf_changed":false},"product_brand":[],"product_cat":[15],"product_tag":[],"class_list":{"0":"post-1833","1":"product","2":"type-product","3":"status-publish","4":"has-post-thumbnail","6":"product_cat-trackless-mining-equipment","8":"first","9":"instock","10":"shipping-taxable","11":"product-type-simple"},"acf":[],"_links":{"self":[{"href":"https:\/\/www.zongdamining.com\/vi\/wp-json\/wp\/v2\/product\/1833","targetHints":{"allow":["GET"]}}],"collection":[{"href":"https:\/\/www.zongdamining.com\/vi\/wp-json\/wp\/v2\/product"}],"about":[{"href":"https:\/\/www.zongdamining.com\/vi\/wp-json\/wp\/v2\/types\/product"}],"replies":[{"embeddable":true,"href":"https:\/\/www.zongdamining.com\/vi\/wp-json\/wp\/v2\/comments?post=1833"}],"wp:featuredmedia":[{"embeddable":true,"href":"https:\/\/www.zongdamining.com\/vi\/wp-json\/wp\/v2\/media\/3074"}],"wp:attachment":[{"href":"https:\/\/www.zongdamining.com\/vi\/wp-json\/wp\/v2\/media?parent=1833"}],"wp:term":[{"taxonomy":"product_brand","embeddable":true,"href":"https:\/\/www.zongdamining.com\/vi\/wp-json\/wp\/v2\/product_brand?post=1833"},{"taxonomy":"product_cat","embeddable":true,"href":"https:\/\/www.zongdamining.com\/vi\/wp-json\/wp\/v2\/product_cat?post=1833"},{"taxonomy":"product_tag","embeddable":true,"href":"https:\/\/www.zongdamining.com\/vi\/wp-json\/wp\/v2\/product_tag?post=1833"}],"curies":[{"name":"WP","href":"https:\/\/api.w.org\/{rel}","templated":true}]}}